{"id":5661,"date":"2024-05-03T06:40:56","date_gmt":"2024-05-03T06:40:56","guid":{"rendered":"https:\/\/elfsight.com\/pl\/?page_id=5661"},"modified":"2024-11-14T09:26:44","modified_gmt":"2024-11-14T09:26:44","slug":"drupal","status":"publish","type":"page","link":"https:\/\/elfsight.com\/pl\/logo-showcase-widget\/drupal\/","title":{"rendered":"Logo Showcase &#8211; Drupal"},"content":{"rendered":"<div class=\"application-platform-content-item-description application-platform-content-item\" id=\"description\" data-nav-section=\"description\"><h2>Opis<\/h2> <p>Prezentacja logo Elfsight to najwygodniejszy spos\u00f3b zaprezentowania najwa\u017cniejszych logo klient\u00f3w lub sponsor\u00f3w lub Twoich wzmianek w prasie na stronie internetowej. Korzystaj\u0105c z naszego widgetu udowodnisz, \u017ce Twoja firma jest godnym zaufania sojusznikiem biznesowym i podtrzymasz dobr\u0105 wizj\u0119 swojej marki. Wid\u017cet umo\u017cliwia wy\u015bwietlenie ca\u0142ej listy logo, u\u0142o\u017cenie ich w karuzel\u0119 lub siatk\u0119 oraz zmian\u0119 rozmiaru zdj\u0119\u0107. Mo\u017cna wpisa\u0107 podpisy i link do strony internetowej firmy. Za pomoc\u0105 ustawie\u0144 kolor\u00f3w i czcionek \u0142atwo jest stworzy\u0107 niepowtarzalny wygl\u0105d. <\/p><p><b>Zwi\u0119ksz zaufanie swojej firmy. <\/b><\/p><\/div> <div class=\"application-platform-content-item-features application-platform-content-item\" id=\"features\" data-nav-section=\"features\"><h2>Funkcje<\/h2> <p>Tutaj mo\u017cesz zobaczy\u0107 wszystkie funkcje Logo Showcase. S\u0105 one dost\u0119pne bezpo\u015brednio w edytorze i pomog\u0105 Ci dostosowa\u0107 wid\u017cet do Twoich potrzeb. <\/p><ul><li>Mo\u017cesz po\u0142\u0105czy\u0107 logo z dowoln\u0105 stron\u0105 internetow\u0105; <\/li><li>Elastyczny nag\u0142\u00f3wek zawieraj\u0105cy tytu\u0142 i tekst z obs\u0142ug\u0105 formatowania; <\/li><li>Przycisk CTA mo\u017cna powi\u0105za\u0107 z dowoln\u0105 stron\u0105; <\/li><li>Trzy r\u00f3\u017cne uk\u0142ady: suwak, siatka i karuzela; <\/li><li>Mo\u017cliwo\u015b\u0107 r\u00f3\u017cnicowania rozmiaru logo i parametru szeroko\u015bci wid\u017cetu; <\/li><li>Mo\u017cliwo\u015b\u0107 wyboru dowolnego koloru t\u0142a lub przes\u0142ania niestandardowego pliku. <\/li><\/ul><p><a href=\"#demo\">Zobacz, jak dzia\u0142aj\u0105 wszystkie funkcje, w naszej wersji demonstracyjnej<\/a><\/p><\/div><div class=\"application-platform-content-item-installation application-platform-content-item\" id=\"installation\" data-nav-section=\"installation\"> <h2>Jak doda\u0107 Logo Showcase do Drupala?<\/h2><p>Aby zintegrowa\u0107 widget, wykonaj kilka szybkich krok\u00f3w<\/p><ol><li><b>Zarz\u0105dzaj naszym darmowym edytorem i zacznij tworzy\u0107 sw\u00f3j unikalny modu\u0142 . <\/b><br> Okre\u015bl po\u017c\u0105dany wygl\u0105d i cechy funkcjonalne modu\u0142u oraz zapisz wszystkie poprawki. <\/li> <li><b>Skopiuj unikalny kod pokazany w polu w aplikacjach Elfsight. <\/b><br> Po zako\u0144czeniu dostosowywania modu\u0142u osobistego skopiuj ekskluzywny kod w wy\u015bwietlonym oknie i zapisz go do dalszego wykorzystania. <\/li> <li><b>Rozpocznij korzystanie z modu\u0142u na stronie Drupal. <\/b><br> Umie\u015b\u0107 zapisany wcze\u015bniej kod w swojej witrynie i zastosuj ulepszenia. <\/li> <li><b>Instalacja zosta\u0142a pomy\u015blnie uko\u0144czona. <\/b><br> Przejd\u017a na swoj\u0105 stron\u0119 i sprawd\u017a dzia\u0142anie modu\u0142u. <\/li><\/ol><p>Je\u015bli potrzebujesz pomocy lub masz problemy, mo\u017cesz skontaktowa\u0107 si\u0119 z obs\u0142ug\u0105 klienta Elfsight. Nasi specjali\u015bci pomog\u0105 w ka\u017cdej sprawie. <\/p><div class=\"faq\" data-component=\"FAQ\"><div class=\"faq-item\">\r\n\t\t\t\t\t<div class=\"faq-item-question\">\r\n\t\t\t\t\t\t<h3 class=\"faq-item-question-text\">W jaki spos\u00f3b mo\u017cna osadzi\u0107 Logo Showcase na mojej stronie g\u0142\u00f3wnej Drupala bez znajomo\u015bci kodowania?<\/h3>\r\n\r\n\t\t\t\t\t\t<div class=\"faq-item-question-icon\"><\/div>\r\n\t\t\t\t\t<\/div>\r\n\r\n\t\t\t\t\t<div class=\"faq-item-answer\">\r\n\t\t\t\t\t\t<div class=\"faq-item-answer-text\"> <p>Firma Elfsight oferuje rozwi\u0105zanie w chmurze, kt\u00f3re pozwala ludziom za\u0142o\u017cy\u0107 wtyczk\u0119 Logo Showcase sam, sprawd\u017a jakie to proste: Przejd\u017a do Demo online i zbuduj wid\u017cet Logo Showcase, kt\u00f3ry chcia\u0142by\u015b zintegrowa\u0107 na swoim Drupalu. Wybierz jeden z naszych wst\u0119pnie zaprojektowanych szablon\u00f3w i dostosuj ustawienia Logo Showcase, zmie\u0144 uk\u0142ad i kolor element\u00f3w, w tym tre\u015bci, bez do\u015bwiadczenia w kodowaniu. Kliknij, aby zapisa\u0107 Logo Showcase i skopiuj jego kod instalacyjny, kt\u00f3ry mo\u017cna doda\u0107 na dowolnej stronie g\u0142\u00f3wnej Drupala bez konieczno\u015bci zakupu p\u0142atnej subskrypcji. Pracuj\u0105c w naszym przyjaznym dla u\u017cytkownika Konfiguratorze, ka\u017cdy u\u017cytkownik sieci mo\u017ce stworzy\u0107 Logo Showcase i \u0142atwo osadzi\u0107 je na stronie Drupala. Aby wej\u015b\u0107 do Edytora nie mo\u017cna wykupi\u0107 p\u0142atnej subskrypcji ani podawa\u0107 danych karty. Je\u015bli napotkasz jakiekolwiek problemy, skontaktuj si\u0119 z naszym dzia\u0142em obs\u0142ugi klienta.<\/p> <\/div>\r\n\t\t\t\t\t<\/div>\r\n\t\t\t\t<\/div> <\/div><\/div><p><\/p><!-- \/wp:akapit -->","protected":false},"excerpt":{"rendered":"","protected":false},"author":9,"featured_media":0,"parent":2536,"menu_order":0,"comment_status":"closed","ping_status":"closed","template":"templates\/template-application-platform.php","meta":{"publish_to_discourse":"","publish_post_category":"","wpdc_auto_publish_overridden":"","wpdc_topic_tags":"","wpdc_pin_topic":"","wpdc_pin_until":"","discourse_post_id":"","discourse_permalink":"","wpdc_publishing_response":"","wpdc_publishing_error":"","footnotes":""},"class_list":["post-5661","page","type-page","status-publish","hentry"],"yoast_head":"<!-- This site is optimized with the Yoast SEO plugin v25.3.1 - https:\/\/yoast.com\/wordpress\/plugins\/seo\/ -->\n<title>Logo Carusel - Dodaj modu\u0142 Logo Carousel do strony Drupal (2026)<\/title>\n<meta name=\"description\" content=\"Stworzenie modu\u0142u Logo Showcase i dodanie go na swojej stronie Drupal jest ca\u0142kowicie proste. Obs\u0142uga klienta Elfsight jest bezp\u0142atna i szybka.\" \/>\n<meta name=\"robots\" content=\"index, follow, max-snippet:-1, max-image-preview:large, max-video-preview:-1\" \/>\n<link rel=\"canonical\" href=\"https:\/\/elfsight.com\/pl\/logo-showcase-widget\/drupal\/\" \/>\n<meta property=\"og:locale\" content=\"pl_PL\" \/>\n<meta property=\"og:type\" content=\"article\" \/>\n<meta property=\"og:title\" content=\"Logo Carusel - Dodaj modu\u0142 Logo Carousel do strony Drupal (2026)\" \/>\n<meta property=\"og:description\" content=\"Stworzenie modu\u0142u Logo Showcase i dodanie go na swojej stronie Drupal jest ca\u0142kowicie proste. Obs\u0142uga klienta Elfsight jest bezp\u0142atna i szybka.\" \/>\n<meta property=\"og:url\" content=\"https:\/\/elfsight.com\/pl\/logo-showcase-widget\/drupal\/\" \/>\n<meta property=\"og:site_name\" content=\"Elfsight PL\" \/>\n<meta property=\"article:modified_time\" content=\"2024-11-14T09:26:44+00:00\" \/>\n<meta name=\"twitter:card\" content=\"summary_large_image\" \/>\n<meta name=\"twitter:label1\" content=\"Szacowany czas czytania\" \/>\n\t<meta name=\"twitter:data1\" content=\"3 minuty\" \/>\n<!-- \/ Yoast SEO plugin. -->","yoast_head_json":{"title":"Logo Carusel - Dodaj modu\u0142 Logo Carousel do strony Drupal (2026)","description":"Stworzenie modu\u0142u Logo Showcase i dodanie go na swojej stronie Drupal jest ca\u0142kowicie proste. Obs\u0142uga klienta Elfsight jest bezp\u0142atna i szybka.","robots":{"index":"index","follow":"follow","max-snippet":"max-snippet:-1","max-image-preview":"max-image-preview:large","max-video-preview":"max-video-preview:-1"},"canonical":"https:\/\/elfsight.com\/pl\/logo-showcase-widget\/drupal\/","og_locale":"pl_PL","og_type":"article","og_title":"Logo Carusel - Dodaj modu\u0142 Logo Carousel do strony Drupal (2026)","og_description":"Stworzenie modu\u0142u Logo Showcase i dodanie go na swojej stronie Drupal jest ca\u0142kowicie proste. Obs\u0142uga klienta Elfsight jest bezp\u0142atna i szybka.","og_url":"https:\/\/elfsight.com\/pl\/logo-showcase-widget\/drupal\/","og_site_name":"Elfsight PL","article_modified_time":"2024-11-14T09:26:44+00:00","twitter_card":"summary_large_image","twitter_misc":{"Szacowany czas czytania":"3 minuty"},"schema":{"@context":"https:\/\/schema.org","@graph":[{"@type":"WebPage","@id":"https:\/\/elfsight.com\/pl\/logo-showcase-widget\/drupal\/","url":"https:\/\/elfsight.com\/pl\/logo-showcase-widget\/drupal\/","name":"Logo Carusel - Dodaj modu\u0142 Logo Carousel do strony Drupal (2026)","isPartOf":{"@id":"https:\/\/elfsight.com\/pl\/#website"},"datePublished":"2024-05-03T06:40:56+00:00","dateModified":"2024-11-14T09:26:44+00:00","description":"Stworzenie modu\u0142u Logo Showcase i dodanie go na swojej stronie Drupal jest ca\u0142kowicie proste. Obs\u0142uga klienta Elfsight jest bezp\u0142atna i szybka.","breadcrumb":{"@id":"https:\/\/elfsight.com\/pl\/logo-showcase-widget\/drupal\/#breadcrumb"},"inLanguage":"pl-PL","potentialAction":[{"@type":"ReadAction","target":["https:\/\/elfsight.com\/pl\/logo-showcase-widget\/drupal\/"]}]},{"@type":"BreadcrumbList","@id":"https:\/\/elfsight.com\/pl\/logo-showcase-widget\/drupal\/#breadcrumb","itemListElement":[{"@type":"ListItem","position":1,"name":"Home","item":"https:\/\/elfsight.com\/pl\/"},{"@type":"ListItem","position":2,"name":"Logo Showcase","item":"https:\/\/elfsight.com\/pl\/logo-showcase-widget\/"},{"@type":"ListItem","position":3,"name":"Logo Showcase &#8211; Drupal"}]},{"@type":"WebSite","@id":"https:\/\/elfsight.com\/pl\/#website","url":"https:\/\/elfsight.com\/pl\/","name":"Elfsight PL","description":"Just another Elfsight Sites site","potentialAction":[{"@type":"SearchAction","target":{"@type":"EntryPoint","urlTemplate":"https:\/\/elfsight.com\/pl\/?s={search_term_string}"},"query-input":{"@type":"PropertyValueSpecification","valueRequired":true,"valueName":"search_term_string"}}],"inLanguage":"pl-PL"}]}},"meta_box":{"industry":"","seo_heading":"","heading":"","description":"","cta_heading":"","cta_description":"","application":"2535","h1":"Prezentacja logo Drupala","h1_caption":"Wy\u015bwietlaj logo swoich partner\u00f3w, sponsor\u00f3w lub klient\u00f3w, bez wysi\u0142ku buduj\u0105c wiarygodno\u015b\u0107 i zaufanie do swojej marki na swojej stronie Drupal.","application_category":[],"applications_title":"","applications_request_title":"","applications_request_button_text":"","hero_text":"","hero_video":"","hero_video_schema_markup":"","selling_points_title":"","selling_points_caption":"","selling_points":[],"selling_points_cta_text":"","features_title":"","features":"","ed_cta_examples_text":"","ed_cta_examples_hidden":"","ed_cta_demo_text":"","ed_cta_demo_hidden":"","why_caption":"","why_editor_title":"","why_editor_text":"","why_team_title":"","why_team_text":"","why_service_title":"","why_service_text":"","template_catalog_visible":"","template_catalog_title":"","template_catalog_text":"","template_catalog_categories_visible":"","demo_title":"Utw\u00f3rz modu\u0142 prezentacji logo","demo_caption":"Skonfiguruj swoj\u0105 prezentacj\u0119 logo i dodaj j\u0105 do swojej witryny Drupal za darmo!","default_faq_hidden":"","app_template_category":[],"platform":"47","template_public_id":"","codecanyon_url":"","codecanyon_item_id":"","codecanyon_price":"","pricing_caption":"","pricing_elfsight_apps_hide_column":"","pricing_elfsight_apps_url":"","pricing_codecanyon_price_caption":"","integration_category":[],"integration_request_title":"","integration_request_cta":"","integration_platform":"","integrations":[],"platform_category":[],"video_schema_markup":"","price":"od 0 USD \/ miesi\u0105c","trial":"","benefits":[{"text":"Bezp\u0142atna us\u0142uga monta\u017cu"},{"text":"Wyj\u0105tkowe wsparcie"},{"text":"14-dniowa gwarancja zwrotu pieni\u0119dzy"}],"button_url":"#demo","button_target_blank":"","button_nofollow":"","attributes":[{"name":"Instaluje"},{"name":"Czu\u0142y"},{"name":"Kompatybilne przegl\u0105darki"}],"tags":[],"tags_disable_links":"","hide_more_platforms":"","video_object":"","demo_hide_cta":"","demo_hide_cloud_options":"","pricing_title":"","pricing":[{"pricing_icon":"platform","pricing_title":"Elfsight Apps","pricing_title_caption":"Wersja niezale\u017cna od platformy, kt\u00f3ra dzia\u0142a na ka\u017cdej stronie internetowej","pricing_price":"od 0 USD \/ miesi\u0105c","pricing_price_caption":"zacznij od bezp\u0142atnego planu","pricing_benefits":[{"text":"Nielimitowane strony internetowe"},{"text":"Szybkie wsparcie"},{"text":"Bezp\u0142atna us\u0142uga monta\u017cu"},{"text":"\u015awietna oferta na wiele aplikacji"}],"pricing_button_text":"Dodaj do witryny","pricing_button_url":"#demo"}],"related_apps_title":"","related_apps_hidden":"","author":"","image":[],"title":"","job":"","social_networks":[]},"_links":{"self":[{"href":"https:\/\/elfsight.com\/pl\/wp-json\/wp\/v2\/pages\/5661","targetHints":{"allow":["GET"]}}],"collection":[{"href":"https:\/\/elfsight.com\/pl\/wp-json\/wp\/v2\/pages"}],"about":[{"href":"https:\/\/elfsight.com\/pl\/wp-json\/wp\/v2\/types\/page"}],"author":[{"embeddable":true,"href":"https:\/\/elfsight.com\/pl\/wp-json\/wp\/v2\/users\/9"}],"replies":[{"embeddable":true,"href":"https:\/\/elfsight.com\/pl\/wp-json\/wp\/v2\/comments?post=5661"}],"version-history":[{"count":1,"href":"https:\/\/elfsight.com\/pl\/wp-json\/wp\/v2\/pages\/5661\/revisions"}],"predecessor-version":[{"id":5665,"href":"https:\/\/elfsight.com\/pl\/wp-json\/wp\/v2\/pages\/5661\/revisions\/5665"}],"up":[{"embeddable":true,"href":"https:\/\/elfsight.com\/pl\/wp-json\/wp\/v2\/pages\/2536"}],"wp:attachment":[{"href":"https:\/\/elfsight.com\/pl\/wp-json\/wp\/v2\/media?parent=5661"}],"curies":[{"name":"wp","href":"https:\/\/api.w.org\/{rel}","templated":true}]}}