{"id":5656,"date":"2024-05-03T06:40:55","date_gmt":"2024-05-03T06:40:55","guid":{"rendered":"https:\/\/elfsight.com\/pl\/?page_id=5656"},"modified":"2024-11-14T09:26:36","modified_gmt":"2024-11-14T09:26:36","slug":"weebly","status":"publish","type":"page","link":"https:\/\/elfsight.com\/pl\/logo-showcase-widget\/weebly\/","title":{"rendered":"Logo Showcase &#8211; Weebly"},"content":{"rendered":"<div class=\"application-platform-content-item-description application-platform-content-item\" id=\"description\" data-nav-section=\"description\"><h2>Opis<\/h2> <p>Prezentacja logo Elfsight to najprostsza technika prezentacji logo dowolnego klienta lub sponsora albo Twoich wzmianek w naci\u015bnij na swojej stronie internetowej. Dzi\u0119ki naszemu widgetowi przekonasz odwiedzaj\u0105cych, \u017ce jeste\u015b wiarygodnym towarzyszem i podtrzymasz pozytywny odbi\u00f3r swojej firmy. Wid\u017cet Elfsight umo\u017cliwia integracj\u0119 dowolnej liczby logo, zbudowanie ich w suwak lub siatk\u0119 oraz zmian\u0119 rozmiaru logo. Mo\u017cesz wy\u015bwietla\u0107 podpisy i linki do strony internetowej firmy. Dostosowuj\u0105c ustawienia kolor\u00f3w i czcionek, \u0142atwo jest zbudowa\u0107 spersonalizowany interfejs.<\/p><p><b>Podnie\u015b poziom sprzeda\u017cy, pokazuj\u0105c doskona\u0142\u0105 reputacj\u0119 swojej firmy, dzi\u0119ki logotypom partner\u00f3w na swojej stronie.<\/b><\/p><\/div><div class=\"application-platform-content-item-features application-platform-content-item\" id=\"features\" data-nav-section=\"features\"><h2>Funkcje<\/h2> <p>Sprawd\u017a wszystkie funkcje Logo Showcase. Mo\u017cesz ustawi\u0107 je bezpo\u015brednio w edytorze, co pomo\u017ce Ci ukszta\u0142towa\u0107 wid\u017cet dok\u0142adnie dla Twojego przypadku u\u017cycia. <\/p><ul><li>Ka\u017cdy logotyp mo\u017cesz po\u0142\u0105czy\u0107 z dowoln\u0105 stron\u0105 internetow\u0105; <\/li><li>Elastyczny nag\u0142\u00f3wek wid\u017cetu zawiera tytu\u0142 i tekst z opcjami formatowania; <\/li><li>Przycisk CTA mo\u017ce po klikni\u0119ciu prowadzi\u0107 do dowolnego adresu; <\/li><li>3 zr\u00f3wnowa\u017cone uk\u0142ady wid\u017cet\u00f3w: suwak, siatka i karuzela; <\/li><li>Mo\u017cliwo\u015b\u0107 dostosowania rozmiaru logo i parametru szeroko\u015bci wid\u017cetu; <\/li><li>Mo\u017cliwo\u015b\u0107 wybrania dowolnego koloru t\u0142a lub dodania w\u0142asnego obrazu. <\/li><\/ul><p><a href=\"#demo\">Zobacz, jak dzia\u0142aj\u0105 wszystkie funkcje, w naszej wersji demonstracyjnej<\/a><\/p><\/div><div class=\"application-platform-content-item-installation application-platform-content-item\" id=\"installation\" data-nav-section=\"installation\"> <h2>Jak zintegrowa\u0107 Logo Showcase z moj\u0105 witryn\u0105 Weebly? <\/h2><div class=\"video-container\"><iframe width=\"720\" height=\"405\" src=\"https:\/\/www.youtube.com\/embed\/H_rhFyreuvc\" frameborder=\"0\" allowfullscreen=\"\"><\/iframe><\/div><p>Aby wprowadzi\u0107 wid\u017cet, wykonaj nast\u0119puj\u0105ce szybkie kroki<\/p><ol><li><b>Wykonaj nasz darmowy konfigurator i rozpocznij tworzenie niestandardowej aplikacji. <\/b><br> Wybierz niestandardow\u0105 form\u0119 i funkcje aplikacji i zastosuj wszystkie poprawki. <\/li> <li><b>Odbierz osobisty kod, kt\u00f3ry pojawi si\u0119 w specjalnym formularzu w aplikacjach Elfsight. <\/b><br> Po zako\u0144czeniu konfiguracji aplikacji skopiuj kod w wy\u015bwietlonym oknie i zapisz go do wykorzystania w przysz\u0142o\u015bci. <\/li> <li><b>Rozpocznij stosowanie aplikacji na stronie Weebly. <\/b><br> Wstaw wcze\u015bniej zapisany kod na swoj\u0105 stron\u0119 internetow\u0105 i zapisz zmiany. <\/li> <li><b>Konfiguracja zosta\u0142a w pe\u0142ni uko\u0144czona. <\/b><br> Otw\u00f3rz swoj\u0105 stron\u0119 internetow\u0105, aby sprawdzi\u0107 dzia\u0142anie aplikacji. <\/li><\/ol><p>Nie wahaj si\u0119 skontaktowa\u0107 z naszym dzia\u0142em pomocy, je\u015bli potrzebujesz pomocy lub masz jakiekolwiek problemy. Ch\u0119tnie pomo\u017cemy w ka\u017cdej sprawie. <\/p><div class=\"faq\" data-component=\"FAQ\"><div class=\"faq-item\">\r\n\t\t\t\t\t<div class=\"faq-item-question\">\r\n\t\t\t\t\t\t<h3 class=\"faq-item-question-text\">Czy istnieje mo\u017cliwo\u015b\u0107 osadzenia Logo Showcase w mojej witrynie Weebly bez znajomo\u015bci kodowania?<\/h3>\r\n\r\n\t\t\t\t\t\t<div class=\"faq-item-question-icon\"><\/div>\r\n\t\t\t\t\t<\/div>\r\n\r\n\t\t\t\t\t<div class=\"faq-item-answer\">\r\n\t\t\t\t\t\t<div class=\"faq-item-answer-text\"> <p>Firma Elfsight oferuje rozwi\u0105zanie w chmurze, kt\u00f3re pozwala u\u017cytkownikom samodzielnie utworzy\u0107 aplikacj\u0119 Logo Showcase, sprawd\u017a, jakie to proste: Pracuj bezpo\u015brednio w wersji demonstracyjnej online, aby utworzy\u0107 wtyczk\u0119 Logo Showcase, kt\u00f3r\u0105 chcesz umie\u015bci\u0107 na swojej stronie g\u0142\u00f3wnej Weebly. Wybierz jeden z naszych wst\u0119pnie zaprojektowanych szablon\u00f3w i dostosuj ustawienia Logo Showcase, zaktualizuj tre\u015b\u0107, zmie\u0144 uk\u0142ad i schemat kolor\u00f3w bez znajomo\u015bci kodowania. Kliknij, aby zapisa\u0107 ustawienia wprowadzone w Logo Showcase i uzyska\u0107 kod instalacyjny, kt\u00f3ry mo\u017cna \u0142atwo wklei\u0107 na stronie g\u0142\u00f3wnej Weebly bez konieczno\u015bci zakupu p\u0142atnej subskrypcji. Dzi\u0119ki przyjaznemu dla u\u017cytkownika konfiguratorowi ka\u017cdy u\u017cytkownik sieci mo\u017ce stworzy\u0107 aplikacj\u0119 Logo Showcase online i bez problemu umie\u015bci\u0107 j\u0105 na stronie internetowej Weebly. Aby uzyska\u0107 dost\u0119p do Edytora Elfsight, nie jest konieczne posiadanie p\u0142atnego planu ani przesy\u0142anie danych uwierzytelniaj\u0105cych karty. Je\u015bli na kt\u00f3rymkolwiek etapie napotkasz jakiekolwiek problemy, nie wahaj si\u0119 porozmawia\u0107 z naszym personelem pomocy technicznej.<\/p> <\/div>\r\n\t\t\t\t\t<\/div>\r\n\t\t\t\t<\/div> <\/div><\/div>","protected":false},"excerpt":{"rendered":"","protected":false},"author":9,"featured_media":0,"parent":2536,"menu_order":0,"comment_status":"closed","ping_status":"closed","template":"templates\/template-application-platform.php","meta":{"publish_to_discourse":"","publish_post_category":"","wpdc_auto_publish_overridden":"","wpdc_topic_tags":"","wpdc_pin_topic":"","wpdc_pin_until":"","discourse_post_id":"","discourse_permalink":"","wpdc_publishing_response":"","wpdc_publishing_error":"","footnotes":""},"class_list":["post-5656","page","type-page","status-publish","hentry"],"yoast_head":"<!-- This site is optimized with the Yoast SEO plugin v25.3.1 - https:\/\/yoast.com\/wordpress\/plugins\/seo\/ -->\n<title>Logo Carusel \u2014 dodanie aplikacji Logo Carusel do witryny Weebly (2025)<\/title>\n<meta name=\"description\" content=\"Utworzenie aplikacji Logo Showcase i dodanie jej do witryny Weebly jest ca\u0142kowicie proste. Obs\u0142uga klienta Elfsight jest bezp\u0142atna i szybka.\" \/>\n<meta name=\"robots\" content=\"index, follow, max-snippet:-1, max-image-preview:large, max-video-preview:-1\" \/>\n<link rel=\"canonical\" href=\"https:\/\/elfsight.com\/pl\/logo-showcase-widget\/weebly\/\" \/>\n<meta property=\"og:locale\" content=\"pl_PL\" \/>\n<meta property=\"og:type\" content=\"article\" \/>\n<meta property=\"og:title\" content=\"Logo Carusel \u2014 dodanie aplikacji Logo Carusel do witryny Weebly (2025)\" \/>\n<meta property=\"og:description\" content=\"Utworzenie aplikacji Logo Showcase i dodanie jej do witryny Weebly jest ca\u0142kowicie proste. Obs\u0142uga klienta Elfsight jest bezp\u0142atna i szybka.\" \/>\n<meta property=\"og:url\" content=\"https:\/\/elfsight.com\/pl\/logo-showcase-widget\/weebly\/\" \/>\n<meta property=\"og:site_name\" content=\"Elfsight PL\" \/>\n<meta property=\"article:modified_time\" content=\"2024-11-14T09:26:36+00:00\" \/>\n<meta name=\"twitter:card\" content=\"summary_large_image\" \/>\n<meta name=\"twitter:label1\" content=\"Szacowany czas czytania\" \/>\n\t<meta name=\"twitter:data1\" content=\"3 minuty\" \/>\n<!-- \/ Yoast SEO plugin. -->","yoast_head_json":{"title":"Logo Carusel \u2014 dodanie aplikacji Logo Carusel do witryny Weebly (2025)","description":"Utworzenie aplikacji Logo Showcase i dodanie jej do witryny Weebly jest ca\u0142kowicie proste. Obs\u0142uga klienta Elfsight jest bezp\u0142atna i szybka.","robots":{"index":"index","follow":"follow","max-snippet":"max-snippet:-1","max-image-preview":"max-image-preview:large","max-video-preview":"max-video-preview:-1"},"canonical":"https:\/\/elfsight.com\/pl\/logo-showcase-widget\/weebly\/","og_locale":"pl_PL","og_type":"article","og_title":"Logo Carusel \u2014 dodanie aplikacji Logo Carusel do witryny Weebly (2025)","og_description":"Utworzenie aplikacji Logo Showcase i dodanie jej do witryny Weebly jest ca\u0142kowicie proste. Obs\u0142uga klienta Elfsight jest bezp\u0142atna i szybka.","og_url":"https:\/\/elfsight.com\/pl\/logo-showcase-widget\/weebly\/","og_site_name":"Elfsight PL","article_modified_time":"2024-11-14T09:26:36+00:00","twitter_card":"summary_large_image","twitter_misc":{"Szacowany czas czytania":"3 minuty"},"schema":{"@context":"https:\/\/schema.org","@graph":[{"@type":"WebPage","@id":"https:\/\/elfsight.com\/pl\/logo-showcase-widget\/weebly\/","url":"https:\/\/elfsight.com\/pl\/logo-showcase-widget\/weebly\/","name":"Logo Carusel \u2014 dodanie aplikacji Logo Carusel do witryny Weebly (2025)","isPartOf":{"@id":"https:\/\/elfsight.com\/pl\/#website"},"datePublished":"2024-05-03T06:40:55+00:00","dateModified":"2024-11-14T09:26:36+00:00","description":"Utworzenie aplikacji Logo Showcase i dodanie jej do witryny Weebly jest ca\u0142kowicie proste. Obs\u0142uga klienta Elfsight jest bezp\u0142atna i szybka.","breadcrumb":{"@id":"https:\/\/elfsight.com\/pl\/logo-showcase-widget\/weebly\/#breadcrumb"},"inLanguage":"pl-PL","potentialAction":[{"@type":"ReadAction","target":["https:\/\/elfsight.com\/pl\/logo-showcase-widget\/weebly\/"]}]},{"@type":"BreadcrumbList","@id":"https:\/\/elfsight.com\/pl\/logo-showcase-widget\/weebly\/#breadcrumb","itemListElement":[{"@type":"ListItem","position":1,"name":"Home","item":"https:\/\/elfsight.com\/pl\/"},{"@type":"ListItem","position":2,"name":"Logo Showcase","item":"https:\/\/elfsight.com\/pl\/logo-showcase-widget\/"},{"@type":"ListItem","position":3,"name":"Logo Showcase &#8211; Weebly"}]},{"@type":"WebSite","@id":"https:\/\/elfsight.com\/pl\/#website","url":"https:\/\/elfsight.com\/pl\/","name":"Elfsight PL","description":"Just another Elfsight Sites site","potentialAction":[{"@type":"SearchAction","target":{"@type":"EntryPoint","urlTemplate":"https:\/\/elfsight.com\/pl\/?s={search_term_string}"},"query-input":{"@type":"PropertyValueSpecification","valueRequired":true,"valueName":"search_term_string"}}],"inLanguage":"pl-PL"}]}},"meta_box":{"industry":"","seo_heading":"","heading":"","description":"","cta_heading":"","cta_description":"","application":"2535","h1":"Prezentacja logo Weebly","h1_caption":"Wy\u015bwietlaj logo swoich partner\u00f3w, sponsor\u00f3w lub klient\u00f3w, bez wysi\u0142ku buduj\u0105c wiarygodno\u015b\u0107 i zaufanie do swojej marki w swojej witrynie Weebly.","application_category":[],"applications_title":"","applications_request_title":"","applications_request_button_text":"","hero_text":"","hero_video":"","hero_video_schema_markup":"","selling_points_title":"","selling_points_caption":"","selling_points":[],"selling_points_cta_text":"","features_title":"","features":"","ed_cta_examples_text":"","ed_cta_examples_hidden":"","ed_cta_demo_text":"","ed_cta_demo_hidden":"","why_caption":"","why_editor_title":"","why_editor_text":"","why_team_title":"","why_team_text":"","why_service_title":"","why_service_text":"","template_catalog_visible":"","template_catalog_title":"","template_catalog_text":"","template_catalog_categories_visible":"","demo_title":"Utw\u00f3rz aplikacj\u0119 Logo Showcase","demo_caption":"Skonfiguruj swoj\u0105 prezentacj\u0119 logo i dodaj j\u0105 do swojej witryny Weebly za darmo!","default_faq_hidden":"","app_template_category":[],"platform":"132","template_public_id":"","codecanyon_url":"","codecanyon_item_id":"","codecanyon_price":"","pricing_caption":"","pricing_elfsight_apps_hide_column":"","pricing_elfsight_apps_url":"","pricing_codecanyon_price_caption":"","integration_category":[],"integration_request_title":"","integration_request_cta":"","integration_platform":"","integrations":[],"platform_category":[],"video_schema_markup":"","price":"od 0 USD \/ miesi\u0105c","trial":"","benefits":[{"text":"Bezp\u0142atna us\u0142uga monta\u017cu"},{"text":"Wyj\u0105tkowe wsparcie"},{"text":"14-dniowa gwarancja zwrotu pieni\u0119dzy"}],"button_url":"#demo","button_target_blank":"","button_nofollow":"","attributes":[{"name":"Instaluje"},{"name":"Czu\u0142y"},{"name":"Kompatybilne przegl\u0105darki"}],"tags":[],"tags_disable_links":"","hide_more_platforms":"","video_object":"","demo_hide_cta":"","demo_hide_cloud_options":"","pricing_title":"","pricing":[{"pricing_icon":"platform","pricing_title":"Elfsight Apps","pricing_title_caption":"Rozwi\u0105zanie wieloplatformowe","pricing_price":"od 0 USD \/ miesi\u0105c","pricing_price_caption":"zacznij od bezp\u0142atnego planu","pricing_benefits":[{"text":"Nielimitowane domeny"},{"text":"Ca\u0142odobowe i terminowe wsparcie"},{"text":"Bezp\u0142atna us\u0142uga monta\u017cu"},{"text":"W pe\u0142ni konfigurowalny"}],"pricing_button_text":"Dodaj do witryny","pricing_button_url":"#demo"}],"related_apps_title":"","related_apps_hidden":"","author":"","image":[],"title":"","job":"","social_networks":[]},"_links":{"self":[{"href":"https:\/\/elfsight.com\/pl\/wp-json\/wp\/v2\/pages\/5656","targetHints":{"allow":["GET"]}}],"collection":[{"href":"https:\/\/elfsight.com\/pl\/wp-json\/wp\/v2\/pages"}],"about":[{"href":"https:\/\/elfsight.com\/pl\/wp-json\/wp\/v2\/types\/page"}],"author":[{"embeddable":true,"href":"https:\/\/elfsight.com\/pl\/wp-json\/wp\/v2\/users\/9"}],"replies":[{"embeddable":true,"href":"https:\/\/elfsight.com\/pl\/wp-json\/wp\/v2\/comments?post=5656"}],"version-history":[{"count":2,"href":"https:\/\/elfsight.com\/pl\/wp-json\/wp\/v2\/pages\/5656\/revisions"}],"predecessor-version":[{"id":7857,"href":"https:\/\/elfsight.com\/pl\/wp-json\/wp\/v2\/pages\/5656\/revisions\/7857"}],"up":[{"embeddable":true,"href":"https:\/\/elfsight.com\/pl\/wp-json\/wp\/v2\/pages\/2536"}],"wp:attachment":[{"href":"https:\/\/elfsight.com\/pl\/wp-json\/wp\/v2\/media?parent=5656"}],"curies":[{"name":"wp","href":"https:\/\/api.w.org\/{rel}","templated":true}]}}