{"id":5655,"date":"2024-05-03T06:40:54","date_gmt":"2024-05-03T06:40:54","guid":{"rendered":"https:\/\/elfsight.com\/pl\/?page_id=5655"},"modified":"2025-06-26T15:51:31","modified_gmt":"2025-06-26T15:51:31","slug":"bigcommerce","status":"publish","type":"page","link":"https:\/\/elfsight.com\/pl\/logo-showcase-widget\/bigcommerce\/","title":{"rendered":"Logo Showcase &#8211; BigCommerce"},"content":{"rendered":"<div class=\"application-platform-content-item-description application-platform-content-item\" id=\"description\" data-nav-section=\"description\">\n<h2>Opis<\/h2>\n<p>Elfsight Logo Showcase to doskona\u0142a technika pochwalenia si\u0119 logo dowolnego klienta lub promotora lub wzmiankami prasowymi Na twojej stronie. Dzi\u0119ki wid\u017cetowi Elfsight poka\u017cesz, \u017ce jeste\u015b godnym zaufania towarzyszem i podtrzymasz dobry wizerunek swojej marki. Wid\u017cet pozwala na dodanie wielu logotyp\u00f3w, u\u0142o\u017cenie ich w karuzel\u0119 lub siatk\u0119 oraz zmian\u0119 skali obrazk\u00f3w. Mo\u017cesz doda\u0107 podpisy i linki do stron internetowych firm. Dostosowuj\u0105c ustawienia kolor\u00f3w i czcionek, \u0142atwo zaprojektowa\u0107 niepowtarzalny wygl\u0105d.<\/p>\n<p><b>Zwi\u0119ksz sprzeda\u017c, potwierdzaj\u0105c swoj\u0105 wspania\u0142\u0105 nazw\u0119 firmy, dzi\u0119ki logotypom klient\u00f3w na stronie internetowej.<\/b><\/p>\n<\/div>\n\n<div class=\"application-platform-content-item-features application-platform-content-item\" id=\"features\" data-nav-section=\"features\">\n<h2>Funkcje<\/h2>\n<p>Sprawd\u017a wszystkie funkcje Logo Showcase. Mo\u017cesz je ustawi\u0107 bezpo\u015brednio w edytorze, a one pomog\u0105 Ci skonstruowa\u0107 wid\u017cet dostosowany do Twoich potrzeb.<\/p>\n<ul>\n    <li>Ka\u017cdy logotyp mo\u017cesz po\u0142\u0105czy\u0107 z dowoln\u0105 stron\u0105 internetow\u0105;<\/li>\n    <li>Adaptacyjny nag\u0142\u00f3wek wid\u017cetu zawieraj\u0105cy tytu\u0142 i tekst z ustawieniami formatowania;<\/li>\n    <li>Przycisk wezwania do dzia\u0142ania mo\u017cna powi\u0105za\u0107 z dowoln\u0105 stron\u0105 internetow\u0105;<\/li>\n    <li>Trzy zr\u00f3wnowa\u017cone uk\u0142ady wid\u017cetu: Suwak, Siatka i Karuzela;<\/li>\n    <li>Opcja ustawienia rozmiaru logo i parametru szeroko\u015bci wid\u017cetu;<\/li>\n    <li>Opcja wyboru dowolnego koloru t\u0142a lub przes\u0142ania niestandardowego obrazu.<\/li>\n<\/ul>\n<p><a href=\"#demo\">Mo\u017cesz przetestowa\u0107 wszystkie funkcje wid\u017cetu bezpo\u015brednio w wersji demonstracyjnej<\/a><\/p>\n<\/div>\n\n<div class=\"application-platform-content-item-installation application-platform-content-item\" id=\"installation\" data-nav-section=\"installation\">\n<h2>Jak osadzi\u0107 Logo Showcase w BigCommerce?<\/h2>\n<div class=\"video-container\"><iframe width=\"720\" height=\"405\" src=\"https:\/\/www.youtube.com\/embed\/_FfFdz6NnsQ\" frameborder=\"0\" allowfullscreen><\/iframe><\/div>\n<p>Wystarczy spe\u0142ni\u0107 poni\u017csze wytyczne, aby umie\u015bci\u0107 narz\u0119dzie w BigCommerce.<\/p>\n<ol>\n    <li><b>Uruchom nasz darmowy edytor i zacznij tworzy\u0107 spersonalizowane Aplikacja do prezentacji logo. <\/b><br> Wybierz niestandardowy wygl\u0105d i cechy narz\u0119dzia i zapisz poprawki. <\/li>\n    <li><b>Zdob\u0105d\u017a indywidualny kod pojawiaj\u0105cy si\u0119 w specjalnym formularzu w aplikacjach Elfsight. <\/b><br> Po zako\u0144czeniu dostosowywania wid\u017cetu skopiuj ekskluzywny kod z wy\u015bwietlonego pola i zachowaj go do p\u00f3\u017aniejszego wykorzystania. <\/li>\n    <li><b>Zacznij u\u017cywa\u0107 wtyczki na stronie BigCommerce. <\/b><br> Umie\u015b\u0107 skopiowany wcze\u015bniej kod na swojej stronie i zastosuj modyfikacje. <\/li>\n    <li><b>Gotowe! Konfiguracja zosta\u0142a w pe\u0142ni uko\u0144czona. <\/b><br> Przejd\u017a do swojej witryny i zobacz, jak dzia\u0142a wtyczka. <\/li>\n<\/ol>\n<p>Po\u015bwi\u0119\u0107 chwil\u0119, aby skontaktowa\u0107 si\u0119 z dzia\u0142em pomocy technicznej Elfsight, je\u015bli potrzebujesz pomocy lub masz pytania. Nasi specjali\u015bci ch\u0119tnie pomog\u0105 w ka\u017cdej sprawie.<\/p>\n<div class=\"faq\" data-component=\"FAQ\">\n    <div class=\"faq-item\">\r\n\t\t\t\t\t<div class=\"faq-item-question\">\r\n\t\t\t\t\t\t<h3 class=\"faq-item-question-text\">Jak doda\u0107 prezentacj\u0119 logo do mojego BigCommerce bez kodowania?<\/h3>\r\n\r\n\t\t\t\t\t\t<div class=\"faq-item-question-icon\"><\/div>\r\n\t\t\t\t\t<\/div>\r\n\r\n\t\t\t\t\t<div class=\"faq-item-answer\">\r\n\t\t\t\t\t\t<div class=\"faq-item-answer-text\">\n    <p>Firma Elfsight zapewnia rozwi\u0105zanie w chmurze, kt\u00f3re pozwala ludziom samodzielnie utworzy\u0107 sekcj\u0119 prezentacji logo. Odkryj, jak prosty jest ten proces to: Zacznij pracowa\u0107 bezpo\u015brednio w edytorze na \u017cywo, aby zbudowa\u0107 sekcj\u0119 Prezentacji Logo, kt\u00f3r\u0105 chcesz wy\u015bwietli\u0107 na stronie BigCommerce. Wybierz jeden z gotowych szablon\u00f3w i dostosuj ustawienia Logo Showcase, zmie\u0144 uk\u0142ad i schematy kolor\u00f3w, aby uwzgl\u0119dni\u0107 Twoj\u0105 tre\u015b\u0107, bez \u017cadnego do\u015bwiadczenia w kodowaniu. Kliknij, aby zapisa\u0107 ustawienia wprowadzone w Logo Showcase i uzyska\u0107 jego kod instalacyjny, kt\u00f3ry mo\u017cna \u0142atwo doda\u0107 na stronie BigCommerce za darmo. Dzi\u0119ki naszemu intuicyjnemu konfiguratorowi ka\u017cdy u\u017cytkownik sieci mo\u017ce stworzy\u0107 prezentacj\u0119 logo online i osadzi\u0107 j\u0105 na swojej stronie internetowej BigCommerce. Nie mo\u017cesz uzyska\u0107 p\u0142atnego planu ani ujawnia\u0107 danych uwierzytelniaj\u0105cych swojej karty, aby wej\u015b\u0107 do us\u0142ugi Elfsight. Je\u015bli na kt\u00f3rymkolwiek etapie napotkasz jakiekolwiek problemy, skontaktuj si\u0119 z nasz\u0105 techniczn\u0105 obs\u0142ug\u0105 klienta.<\/p>\n    <\/div>\r\n\t\t\t\t\t<\/div>\r\n\t\t\t\t<\/div>\n<\/div>\n<\/div>","protected":false},"excerpt":{"rendered":"","protected":false},"author":9,"featured_media":0,"parent":2536,"menu_order":0,"comment_status":"closed","ping_status":"closed","template":"templates\/template-application-platform.php","meta":{"publish_to_discourse":"","publish_post_category":"","wpdc_auto_publish_overridden":"","wpdc_topic_tags":"","wpdc_pin_topic":"","wpdc_pin_until":"","discourse_post_id":"","discourse_permalink":"","wpdc_publishing_response":"","wpdc_publishing_error":"","footnotes":""},"class_list":["post-5655","page","type-page","status-publish","hentry"],"yoast_head":"<!-- This site is optimized with the Yoast SEO plugin v25.3.1 - https:\/\/yoast.com\/wordpress\/plugins\/seo\/ -->\n<title>Logo Carusel \u2014 dodaj aplikacj\u0119 Logo Carousel do witryny BigCommerce (2025)<\/title>\n<meta name=\"description\" content=\"Utworzenie aplikacji Logo Showcase i dodanie jej do swojej witryny BigCommerce jest ca\u0142kowicie proste. Obs\u0142uga klienta Elfsight jest bezp\u0142atna i szybka.\" \/>\n<meta name=\"robots\" content=\"index, follow, max-snippet:-1, max-image-preview:large, max-video-preview:-1\" \/>\n<link rel=\"canonical\" href=\"https:\/\/elfsight.com\/pl\/logo-showcase-widget\/bigcommerce\/\" \/>\n<meta property=\"og:locale\" content=\"pl_PL\" \/>\n<meta property=\"og:type\" content=\"article\" \/>\n<meta property=\"og:title\" content=\"Logo Carusel \u2014 dodaj aplikacj\u0119 Logo Carousel do witryny BigCommerce (2025)\" \/>\n<meta property=\"og:description\" content=\"Utworzenie aplikacji Logo Showcase i dodanie jej do swojej witryny BigCommerce jest ca\u0142kowicie proste. Obs\u0142uga klienta Elfsight jest bezp\u0142atna i szybka.\" \/>\n<meta property=\"og:url\" content=\"https:\/\/elfsight.com\/pl\/logo-showcase-widget\/bigcommerce\/\" \/>\n<meta property=\"og:site_name\" content=\"Elfsight PL\" \/>\n<meta property=\"article:modified_time\" content=\"2025-06-26T15:51:31+00:00\" \/>\n<meta name=\"twitter:card\" content=\"summary_large_image\" \/>\n<meta name=\"twitter:label1\" content=\"Szacowany czas czytania\" \/>\n\t<meta name=\"twitter:data1\" content=\"3 minuty\" \/>\n<!-- \/ Yoast SEO plugin. -->","yoast_head_json":{"title":"Logo Carusel \u2014 dodaj aplikacj\u0119 Logo Carousel do witryny BigCommerce (2025)","description":"Utworzenie aplikacji Logo Showcase i dodanie jej do swojej witryny BigCommerce jest ca\u0142kowicie proste. Obs\u0142uga klienta Elfsight jest bezp\u0142atna i szybka.","robots":{"index":"index","follow":"follow","max-snippet":"max-snippet:-1","max-image-preview":"max-image-preview:large","max-video-preview":"max-video-preview:-1"},"canonical":"https:\/\/elfsight.com\/pl\/logo-showcase-widget\/bigcommerce\/","og_locale":"pl_PL","og_type":"article","og_title":"Logo Carusel \u2014 dodaj aplikacj\u0119 Logo Carousel do witryny BigCommerce (2025)","og_description":"Utworzenie aplikacji Logo Showcase i dodanie jej do swojej witryny BigCommerce jest ca\u0142kowicie proste. Obs\u0142uga klienta Elfsight jest bezp\u0142atna i szybka.","og_url":"https:\/\/elfsight.com\/pl\/logo-showcase-widget\/bigcommerce\/","og_site_name":"Elfsight PL","article_modified_time":"2025-06-26T15:51:31+00:00","twitter_card":"summary_large_image","twitter_misc":{"Szacowany czas czytania":"3 minuty"},"schema":{"@context":"https:\/\/schema.org","@graph":[{"@type":"WebPage","@id":"https:\/\/elfsight.com\/pl\/logo-showcase-widget\/bigcommerce\/","url":"https:\/\/elfsight.com\/pl\/logo-showcase-widget\/bigcommerce\/","name":"Logo Carusel \u2014 dodaj aplikacj\u0119 Logo Carousel do witryny BigCommerce (2025)","isPartOf":{"@id":"https:\/\/elfsight.com\/pl\/#website"},"datePublished":"2024-05-03T06:40:54+00:00","dateModified":"2025-06-26T15:51:31+00:00","description":"Utworzenie aplikacji Logo Showcase i dodanie jej do swojej witryny BigCommerce jest ca\u0142kowicie proste. Obs\u0142uga klienta Elfsight jest bezp\u0142atna i szybka.","breadcrumb":{"@id":"https:\/\/elfsight.com\/pl\/logo-showcase-widget\/bigcommerce\/#breadcrumb"},"inLanguage":"pl-PL","potentialAction":[{"@type":"ReadAction","target":["https:\/\/elfsight.com\/pl\/logo-showcase-widget\/bigcommerce\/"]}]},{"@type":"BreadcrumbList","@id":"https:\/\/elfsight.com\/pl\/logo-showcase-widget\/bigcommerce\/#breadcrumb","itemListElement":[{"@type":"ListItem","position":1,"name":"Home","item":"https:\/\/elfsight.com\/pl\/"},{"@type":"ListItem","position":2,"name":"Logo Showcase","item":"https:\/\/elfsight.com\/pl\/logo-showcase-widget\/"},{"@type":"ListItem","position":3,"name":"Logo Showcase &#8211; BigCommerce"}]},{"@type":"WebSite","@id":"https:\/\/elfsight.com\/pl\/#website","url":"https:\/\/elfsight.com\/pl\/","name":"Elfsight PL","description":"Just another Elfsight Sites site","potentialAction":[{"@type":"SearchAction","target":{"@type":"EntryPoint","urlTemplate":"https:\/\/elfsight.com\/pl\/?s={search_term_string}"},"query-input":{"@type":"PropertyValueSpecification","valueRequired":true,"valueName":"search_term_string"}}],"inLanguage":"pl-PL"}]}},"meta_box":{"industry":"","seo_heading":"","heading":"","description":"","cta_heading":"","cta_description":"","application":"2535","h1":"Prezentacja logo BigCommerce","h1_caption":"Wy\u015bwietlaj logo swoich partner\u00f3w, sponsor\u00f3w lub klient\u00f3w, bez wysi\u0142ku buduj\u0105c wiarygodno\u015b\u0107 i zaufanie dla swojej marki w swojej witrynie BigCommerce.","application_category":[],"applications_title":"","applications_request_title":"","applications_request_button_text":"","hero_text":"","hero_video":"","hero_video_schema_markup":"","selling_points_title":"","selling_points_caption":"","selling_points":[],"selling_points_cta_text":"","features_title":"","features":"","ed_cta_examples_text":"","ed_cta_examples_hidden":"","ed_cta_demo_text":"","ed_cta_demo_hidden":"","why_caption":"","why_editor_title":"","why_editor_text":"","why_team_title":"","why_team_text":"","why_service_title":"","why_service_text":"","template_catalog_visible":"0","template_catalog_title":"","template_catalog_text":"","template_catalog_categories_visible":"","demo_title":"Utw\u00f3rz aplikacj\u0119 Logo Showcase","demo_caption":"Skonfiguruj swoj\u0105 prezentacj\u0119 logo i dodaj j\u0105 do swojej witryny BigCommerce za darmo!","default_faq_hidden":"","app_template_category":[],"platform":"41","template_public_id":"","codecanyon_url":"","codecanyon_item_id":"","codecanyon_price":"","pricing_caption":"","pricing_elfsight_apps_hide_column":"","pricing_elfsight_apps_url":"","pricing_codecanyon_price_caption":"","integration_category":[],"integration_request_title":"","integration_request_cta":"","integration_platform":"","integrations":[],"platform_category":[],"video_schema_markup":"","price":"od 0 USD \/ miesi\u0105c","trial":"","benefits":[{"text":"Bezp\u0142atna us\u0142uga monta\u017cu"},{"text":"Profesjonalna obs\u0142uga klienta"},{"text":"14-dniowa gwarancja zwrotu pieni\u0119dzy"}],"button_url":"#demo","button_target_blank":"0","button_nofollow":"0","attributes":[{"name":"Instaluje"},{"name":"Czu\u0142y"},{"name":"Kompatybilne przegl\u0105darki"}],"tags":[],"tags_disable_links":"0","hide_more_platforms":"0","video_object":"","demo_hide_cta":"0","demo_hide_cloud_options":"0","pricing_title":"","pricing":[{"pricing_icon":"platform","pricing_title":"Elfsight Apps","pricing_title_caption":"Rozwi\u0105zanie wieloplatformowe","pricing_price":"od 0 USD \/ miesi\u0105c","pricing_price_caption":"zacznij od bezp\u0142atnego planu","pricing_benefits":[{"text":"Nielimitowane domeny"},{"text":"Profesjonalna i terminowa pomoc oraz dobrze udokumentowana"},{"text":"Bezp\u0142atna pomoc w instalacji"},{"text":"W pe\u0142ni konfigurowalny"}],"pricing_button_text":"Dodaj do witryny","pricing_button_url":"#demo"}],"related_apps_title":"","related_apps_hidden":"0","author":"","image":[],"title":"","job":"","social_networks":[]},"_links":{"self":[{"href":"https:\/\/elfsight.com\/pl\/wp-json\/wp\/v2\/pages\/5655","targetHints":{"allow":["GET"]}}],"collection":[{"href":"https:\/\/elfsight.com\/pl\/wp-json\/wp\/v2\/pages"}],"about":[{"href":"https:\/\/elfsight.com\/pl\/wp-json\/wp\/v2\/types\/page"}],"author":[{"embeddable":true,"href":"https:\/\/elfsight.com\/pl\/wp-json\/wp\/v2\/users\/9"}],"replies":[{"embeddable":true,"href":"https:\/\/elfsight.com\/pl\/wp-json\/wp\/v2\/comments?post=5655"}],"version-history":[{"count":3,"href":"https:\/\/elfsight.com\/pl\/wp-json\/wp\/v2\/pages\/5655\/revisions"}],"predecessor-version":[{"id":10603,"href":"https:\/\/elfsight.com\/pl\/wp-json\/wp\/v2\/pages\/5655\/revisions\/10603"}],"up":[{"embeddable":true,"href":"https:\/\/elfsight.com\/pl\/wp-json\/wp\/v2\/pages\/2536"}],"wp:attachment":[{"href":"https:\/\/elfsight.com\/pl\/wp-json\/wp\/v2\/media?parent=5655"}],"curies":[{"name":"wp","href":"https:\/\/api.w.org\/{rel}","templated":true}]}}