{"id":5654,"date":"2024-05-03T06:40:53","date_gmt":"2024-05-03T06:40:53","guid":{"rendered":"https:\/\/elfsight.com\/pl\/?page_id=5654"},"modified":"2024-11-14T09:26:36","modified_gmt":"2024-11-14T09:26:36","slug":"joomla","status":"publish","type":"page","link":"https:\/\/elfsight.com\/pl\/logo-showcase-widget\/joomla\/","title":{"rendered":"Logo Showcase &#8211; Joomla"},"content":{"rendered":"<div class=\"application-platform-content-item-description application-platform-content-item\" id=\"description\" data-nav-section=\"description\"><h2>Opis<\/h2> <p>Elfsight Logo Showcase b\u0119dzie najbardziej nieskomplikowanym narz\u0119dziem do ujawnienia logo wielu klient\u00f3w lub sponsor\u00f3w lub Twoich wzmianek w prasie na Twojej stronie internetowej. Za pomoc\u0105 tego widgetu przekonasz odwiedzaj\u0105cych, \u017ce jeste\u015b godnym zaufania towarzyszem i wspierasz dobry odbi\u00f3r Twojej firmy. Wid\u017cet Elfsight umo\u017cliwia przesy\u0142anie niesko\u0144czonej liczby logotyp\u00f3w, organizowanie ich w suwak lub siatk\u0119 oraz zmian\u0119 rozmiaru logo. Mo\u017cesz pokaza\u0107 podpisy i link do strony internetowej firmy. Korzystaj\u0105c z funkcji kolor\u00f3w i czcionek, b\u0119dziesz m\u00f3g\u0142 skonfigurowa\u0107 niepowtarzalny wygl\u0105d. <\/p><p><b>Zwi\u0119ksz sprzeda\u017c, pokazuj\u0105c doskona\u0142\u0105 reputacj\u0119 swojej firmy, dzi\u0119ki logo klient\u00f3w w swojej witrynie.<\/b><\/p><\/div><div class=\"application-platform-content-item-features application-platform-content-item\" id=\"features\" data-nav-section=\"features\"><h2> Funkcje<\/h2> <p>Tutaj mo\u017cesz zobaczy\u0107 wszystkie cechy funkcjonalne Logo Showcase. S\u0105 one dost\u0119pne bezpo\u015brednio w edytorze i pomog\u0105 Ci skonstruowa\u0107 wid\u017cet odpowiedni do Twojego przypadku u\u017cycia. <\/p><ul><li> Po\u0142\u0105cz logo z dowoln\u0105 stron\u0105 internetow\u0105; <\/li><li>Usuwalny nag\u0142\u00f3wek wid\u017cetu zawieraj\u0105cy tytu\u0142 i tekst z mo\u017cliwo\u015bci\u0105 formatowania; <\/li><li>Przycisk wezwania do dzia\u0142ania mo\u017ce po klikni\u0119ciu prowadzi\u0107 do dowolnej strony internetowej; <\/li><li>3 r\u00f3\u017cne uk\u0142ady wid\u017cet\u00f3w: suwak, siatka i karuzela; <\/li><li>Funkcja r\u00f3\u017cnicowania rozmiaru logo i parametru szeroko\u015bci wid\u017cetu; <\/li><li>Mo\u017cliwo\u015b\u0107 wyboru dowolnego koloru t\u0142a lub u\u017cycia w\u0142asnego obrazu. <\/li><\/ul><p><a href=\"#demo\">Mo\u017cesz wypr\u00f3bowa\u0107 wszystkie funkcje widgetu bezpo\u015brednio w wersji demonstracyjnej<\/a><\/p><\/div><div class=\"application-platform-content-item-installation application-platform-content-item\" id=\"installation\" data-nav-section=\"installation\"><h2>Jak mog\u0119 zintegrowa\u0107 Logo Showcase z moj\u0105 witryn\u0105 Joomla? <\/h2><p>Wystarczy zastosowa\u0107 si\u0119 do poni\u017cszych instrukcji, aby zintegrowa\u0107 narz\u0119dzie z Joomla.<\/p> <ol><li><b>Skorzystaj z naszego bezp\u0142atnego edytora i zacznij tworzy\u0107 w\u0142asne rozszerzenie Logo Showcase. <\/b><br> Znajd\u017a niestandardowy interfejs i cechy funkcjonalne wtyczki i zapisz modyfikacje. <\/li> <li><b>Skopiuj kod osobisty pojawiaj\u0105cy si\u0119 w specjalnym formularzu w aplikacjach Elfsight. <\/b><br> Po zako\u0144czeniu dostosowywania narz\u0119dzia skopiuj ekskluzywny kod w wy\u015bwietlonym oknie i zapisz go na p\u00f3\u017aniej. <\/li> <li><b>Rozpocznij korzystanie z narz\u0119dzia w witrynie Joomla. <\/b><br> Dodaj skopiowany wcze\u015bniej kod do swojej witryny i zastosuj ulepszenia. <\/li> <li><b>Instalacja zosta\u0142a pomy\u015blnie zako\u0144czona. <\/b><br> Odwied\u017a swoj\u0105 witryn\u0119, aby sprawdzi\u0107 dzia\u0142anie narz\u0119dzia. <\/li><\/ol><p>Po\u015bwi\u0119\u0107 chwil\u0119, aby skontaktowa\u0107 si\u0119 z obs\u0142ug\u0105 klienta, je\u015bli potrzebujesz porady lub masz pytania. Przy ka\u017cdym zapytaniu pomo\u017cemy. <\/p><div class=\"faq\" data-component=\"FAQ\"><div class=\"faq-item\">\r\n\t\t\t\t\t<div class=\"faq-item-question\">\r\n\t\t\t\t\t\t<h3 class=\"faq-item-question-text\">W jaki spos\u00f3b mo\u017cna osadzi\u0107 Prezentacj\u0119 Logo w mojej Joomla bez umiej\u0119tno\u015bci kodowania?<\/h3>\r\n\r\n\t\t\t\t\t\t<div class=\"faq-item-question-icon\"><\/div>\r\n\t\t\t\t\t<\/div>\r\n\r\n\t\t\t\t\t<div class=\"faq-item-answer\">\r\n\t\t\t\t\t\t<div class=\"faq-item-answer-text\"> <p>Elfsight dostarcza rozwi\u0105zanie, kt\u00f3re pozwala u\u017cytkownikom samodzielnie utworzy\u0107 sekcj\u0119 Prezentacji Logo, odkryj jakie to nieskomplikowane: Przejd\u017a do wersji demonstracyjnej na \u017cywo, aby utworzy\u0107 sekcj\u0119 Prezentacji logo, kt\u00f3r\u0105 chcesz umie\u015bci\u0107 na stronie g\u0142\u00f3wnej Joomla. Wybierz jeden z naszych wst\u0119pnie zaprojektowanych szablon\u00f3w i zmie\u0144 ustawienia Logo Showcase, zaktualizuj tre\u015b\u0107, zmie\u0144 uk\u0142ad i kolory bez kodowania. Kliknij, aby zapisa\u0107 Logo Showcase i skopiuj kod instalacyjny wtyczki, kt\u00f3ry mo\u017cna \u0142atwo i bezp\u0142atnie umie\u015bci\u0107 na stronie Joomla. Za pomoc\u0105 naszego intuicyjnego Konfiguratora ka\u017cdy u\u017cytkownik sieci mo\u017ce stworzy\u0107 sekcj\u0119 Logo Showcase online i bez problemu doda\u0107 j\u0105 do strony Joomla. Aby wej\u015b\u0107 do us\u0142ugi, nie powiniene\u015b wykupi\u0107 p\u0142atnej subskrypcji ani ujawnia\u0107 danych logowania do swojej karty. Je\u015bli na kt\u00f3rymkolwiek etapie napotkasz jakiekolwiek problemy, nie wahaj si\u0119 skontaktowa\u0107 z naszym personelem pomocy technicznej.<\/p> <\/div>\r\n\t\t\t\t\t<\/div>\r\n\t\t\t\t<\/div> <\/div><\/div>","protected":false},"excerpt":{"rendered":"","protected":false},"author":9,"featured_media":0,"parent":2536,"menu_order":0,"comment_status":"closed","ping_status":"closed","template":"templates\/template-application-platform.php","meta":{"publish_to_discourse":"","publish_post_category":"","wpdc_auto_publish_overridden":"","wpdc_topic_tags":"","wpdc_pin_topic":"","wpdc_pin_until":"","discourse_post_id":"","discourse_permalink":"","wpdc_publishing_response":"","wpdc_publishing_error":"","footnotes":""},"class_list":["post-5654","page","type-page","status-publish","hentry"],"yoast_head":"<!-- This site is optimized with the Yoast SEO plugin v25.3.1 - https:\/\/yoast.com\/wordpress\/plugins\/seo\/ -->\n<title>Prezentacja logo \u2014 dodanie rozszerzenia Karuzela logo do witryny Joomla (2025)<\/title>\n<meta name=\"description\" content=\"Utworzenie rozszerzenia Logo Showcase i dodanie go do swojej witryny Joomla jest ca\u0142kowicie proste. Obs\u0142uga klienta Elfsight jest bezp\u0142atna i szybka.\" \/>\n<meta name=\"robots\" content=\"index, follow, max-snippet:-1, max-image-preview:large, max-video-preview:-1\" \/>\n<link rel=\"canonical\" href=\"https:\/\/elfsight.com\/pl\/logo-showcase-widget\/joomla\/\" \/>\n<meta property=\"og:locale\" content=\"pl_PL\" \/>\n<meta property=\"og:type\" content=\"article\" \/>\n<meta property=\"og:title\" content=\"Prezentacja logo \u2014 dodanie rozszerzenia Karuzela logo do witryny Joomla (2025)\" \/>\n<meta property=\"og:description\" content=\"Utworzenie rozszerzenia Logo Showcase i dodanie go do swojej witryny Joomla jest ca\u0142kowicie proste. Obs\u0142uga klienta Elfsight jest bezp\u0142atna i szybka.\" \/>\n<meta property=\"og:url\" content=\"https:\/\/elfsight.com\/pl\/logo-showcase-widget\/joomla\/\" \/>\n<meta property=\"og:site_name\" content=\"Elfsight PL\" \/>\n<meta property=\"article:modified_time\" content=\"2024-11-14T09:26:36+00:00\" \/>\n<meta name=\"twitter:card\" content=\"summary_large_image\" \/>\n<meta name=\"twitter:label1\" content=\"Szacowany czas czytania\" \/>\n\t<meta name=\"twitter:data1\" content=\"3 minuty\" \/>\n<!-- \/ Yoast SEO plugin. -->","yoast_head_json":{"title":"Prezentacja logo \u2014 dodanie rozszerzenia Karuzela logo do witryny Joomla (2025)","description":"Utworzenie rozszerzenia Logo Showcase i dodanie go do swojej witryny Joomla jest ca\u0142kowicie proste. Obs\u0142uga klienta Elfsight jest bezp\u0142atna i szybka.","robots":{"index":"index","follow":"follow","max-snippet":"max-snippet:-1","max-image-preview":"max-image-preview:large","max-video-preview":"max-video-preview:-1"},"canonical":"https:\/\/elfsight.com\/pl\/logo-showcase-widget\/joomla\/","og_locale":"pl_PL","og_type":"article","og_title":"Prezentacja logo \u2014 dodanie rozszerzenia Karuzela logo do witryny Joomla (2025)","og_description":"Utworzenie rozszerzenia Logo Showcase i dodanie go do swojej witryny Joomla jest ca\u0142kowicie proste. Obs\u0142uga klienta Elfsight jest bezp\u0142atna i szybka.","og_url":"https:\/\/elfsight.com\/pl\/logo-showcase-widget\/joomla\/","og_site_name":"Elfsight PL","article_modified_time":"2024-11-14T09:26:36+00:00","twitter_card":"summary_large_image","twitter_misc":{"Szacowany czas czytania":"3 minuty"},"schema":{"@context":"https:\/\/schema.org","@graph":[{"@type":"WebPage","@id":"https:\/\/elfsight.com\/pl\/logo-showcase-widget\/joomla\/","url":"https:\/\/elfsight.com\/pl\/logo-showcase-widget\/joomla\/","name":"Prezentacja logo \u2014 dodanie rozszerzenia Karuzela logo do witryny Joomla (2025)","isPartOf":{"@id":"https:\/\/elfsight.com\/pl\/#website"},"datePublished":"2024-05-03T06:40:53+00:00","dateModified":"2024-11-14T09:26:36+00:00","description":"Utworzenie rozszerzenia Logo Showcase i dodanie go do swojej witryny Joomla jest ca\u0142kowicie proste. Obs\u0142uga klienta Elfsight jest bezp\u0142atna i szybka.","breadcrumb":{"@id":"https:\/\/elfsight.com\/pl\/logo-showcase-widget\/joomla\/#breadcrumb"},"inLanguage":"pl-PL","potentialAction":[{"@type":"ReadAction","target":["https:\/\/elfsight.com\/pl\/logo-showcase-widget\/joomla\/"]}]},{"@type":"BreadcrumbList","@id":"https:\/\/elfsight.com\/pl\/logo-showcase-widget\/joomla\/#breadcrumb","itemListElement":[{"@type":"ListItem","position":1,"name":"Home","item":"https:\/\/elfsight.com\/pl\/"},{"@type":"ListItem","position":2,"name":"Logo Showcase","item":"https:\/\/elfsight.com\/pl\/logo-showcase-widget\/"},{"@type":"ListItem","position":3,"name":"Logo Showcase &#8211; Joomla"}]},{"@type":"WebSite","@id":"https:\/\/elfsight.com\/pl\/#website","url":"https:\/\/elfsight.com\/pl\/","name":"Elfsight PL","description":"Just another Elfsight Sites site","potentialAction":[{"@type":"SearchAction","target":{"@type":"EntryPoint","urlTemplate":"https:\/\/elfsight.com\/pl\/?s={search_term_string}"},"query-input":{"@type":"PropertyValueSpecification","valueRequired":true,"valueName":"search_term_string"}}],"inLanguage":"pl-PL"}]}},"meta_box":{"industry":"","seo_heading":"","heading":"","description":"","cta_heading":"","cta_description":"","application":"2535","h1":"Prezentacja logo Joomla","h1_caption":"Wy\u015bwietlaj logo swoich partner\u00f3w, sponsor\u00f3w lub klient\u00f3w, buduj\u0105c w swojej witrynie Joomla wiarygodno\u015b\u0107 i zaufanie dla swojej marki.","application_category":[],"applications_title":"","applications_request_title":"","applications_request_button_text":"","hero_text":"","hero_video":"","hero_video_schema_markup":"","selling_points_title":"","selling_points_caption":"","selling_points":[],"selling_points_cta_text":"","features_title":"","features":"","ed_cta_examples_text":"","ed_cta_examples_hidden":"","ed_cta_demo_text":"","ed_cta_demo_hidden":"","why_caption":"","why_editor_title":"","why_editor_text":"","why_team_title":"","why_team_text":"","why_service_title":"","why_service_text":"","template_catalog_visible":"","template_catalog_title":"","template_catalog_text":"","template_catalog_categories_visible":"","demo_title":"Utw\u00f3rz wtyczk\u0119 Logo Showcase","demo_caption":"Skonfiguruj swoj\u0105 prezentacj\u0119 logo i dodaj j\u0105 do swojej witryny Joomla za darmo!","default_faq_hidden":"","app_template_category":[],"platform":"53","template_public_id":"","codecanyon_url":"","codecanyon_item_id":"","codecanyon_price":"","pricing_caption":"","pricing_elfsight_apps_hide_column":"","pricing_elfsight_apps_url":"","pricing_codecanyon_price_caption":"","integration_category":[],"integration_request_title":"","integration_request_cta":"","integration_platform":"","integrations":[],"platform_category":[],"video_schema_markup":"","price":"od 0 USD \/ miesi\u0105c","trial":"","benefits":[{"text":"Bezp\u0142atna pomoc w monta\u017cu"},{"text":"Wsparcie premium"},{"text":"14-dniowa gwarancja zwrotu pieni\u0119dzy"}],"button_url":"#demo","button_target_blank":"","button_nofollow":"","attributes":[{"name":"Instaluje"},{"name":"Czu\u0142y"},{"name":"Kompatybilne przegl\u0105darki"}],"tags":[],"tags_disable_links":"","hide_more_platforms":"","video_object":"","demo_hide_cta":"","demo_hide_cloud_options":"","pricing_title":"","pricing":[{"pricing_icon":"platform","pricing_title":"Elfsight Apps","pricing_title_caption":"Wersja niezale\u017cna od platformy, kt\u00f3ra pasuje do ka\u017cdej witryny","pricing_price":"od 0 USD \/ miesi\u0105c","pricing_price_caption":"zacznij od bezp\u0142atnego planu","pricing_benefits":[{"text":"Nielimitowane strony internetowe"},{"text":"Ca\u0142odobowe i terminowe wsparcie"},{"text":"Bezp\u0142atna us\u0142uga monta\u017cu"},{"text":"Cena do z\u0142apania dla wielu aplikacji"}],"pricing_button_text":"Dodaj do witryny","pricing_button_url":"#demo"}],"related_apps_title":"","related_apps_hidden":"","author":"","image":[],"title":"","job":"","social_networks":[]},"_links":{"self":[{"href":"https:\/\/elfsight.com\/pl\/wp-json\/wp\/v2\/pages\/5654","targetHints":{"allow":["GET"]}}],"collection":[{"href":"https:\/\/elfsight.com\/pl\/wp-json\/wp\/v2\/pages"}],"about":[{"href":"https:\/\/elfsight.com\/pl\/wp-json\/wp\/v2\/types\/page"}],"author":[{"embeddable":true,"href":"https:\/\/elfsight.com\/pl\/wp-json\/wp\/v2\/users\/9"}],"replies":[{"embeddable":true,"href":"https:\/\/elfsight.com\/pl\/wp-json\/wp\/v2\/comments?post=5654"}],"version-history":[{"count":1,"href":"https:\/\/elfsight.com\/pl\/wp-json\/wp\/v2\/pages\/5654\/revisions"}],"predecessor-version":[{"id":5658,"href":"https:\/\/elfsight.com\/pl\/wp-json\/wp\/v2\/pages\/5654\/revisions\/5658"}],"up":[{"embeddable":true,"href":"https:\/\/elfsight.com\/pl\/wp-json\/wp\/v2\/pages\/2536"}],"wp:attachment":[{"href":"https:\/\/elfsight.com\/pl\/wp-json\/wp\/v2\/media?parent=5654"}],"curies":[{"name":"wp","href":"https:\/\/api.w.org\/{rel}","templated":true}]}}