{"id":565,"date":"2020-11-20T13:18:07","date_gmt":"2020-11-20T13:18:07","guid":{"rendered":"https:\/\/elfsight.com\/pl\/?page_id=565"},"modified":"2021-04-21T13:49:10","modified_gmt":"2021-04-21T13:49:10","slug":"cms-max-widgets","status":"publish","type":"page","link":"https:\/\/elfsight.com\/pl\/cms-max-widgets\/","title":{"rendered":"CMS Max widgets"},"content":{"rendered":"\n<h2>Najdoskonalsze wid\u017cety Elfsight dla unowocze\u015bnienia twojej strony internetowej CMS Max<\/h2>\n\n<p>Przez wiele lat nasz zesp\u00f3\u0142 deweloper\u00f3w Elfsight stwarza \u0142atwe w obs\u0142udze i konfigurowalne elementy interfejsu chmurowe dla Twojej strony internetowej. Gwarantujemy najwy\u017cszej klasy pomoc techniczn\u0105 i du\u017c\u0105 szybko\u015b\u0107 \u0142adowania. Aplikacji Elfsight wspomagaj\u0105 w\u0142a\u015bcicielom sklep\u00f3w www, edukacyjnych oraz wielu innym na ca\u0142ym \u015bwiecie zaradzi\u0107 powa\u017cnymi kwestiami bardziej wydajnie. \n<\/p>\n\n<p>Aby podnie\u015b\u0107 liczb\u0119 lead\u00f3w, pokaza\u0107 pozytywne opinie na Twoje us\u0142ugi, zwi\u0119kszy\u0107 zaufanie do swojej marki, poprzez osadzanie wid\u017cetu do swojej strony internetowej. Nasze plany subskrypcji s\u0105 w zakresie od bezp\u0142atnych do premium. Spr\u00f3buj zainstalowa\u0107 wszelkie odpowiednie dodatki korzystaj\u0105c z naszej wersji Live Demo i sprawd\u017a jak bardzo to b\u0119dzie po\u017cyteczne w kwestii rozwoju strony internetowej przedsi\u0119biorstwa. <\/p>\n\n<h2>Co czyni nasze wtyczki CMS Max s\u0105 wyj\u0105tkowymi instrumentami dla was? <\/h2>\n\n<p> Poznaj list\u0119 wa\u017cnych charakterystyk naszych rozszerze\u0144, kt\u00f3re umo\u017cliwiaj\u0105 nam wyprzedzi\u0107 konkurencj\u0119: <\/p>\n\n\n<ul>\n<li> Bezp\u0142atna i natychmiastowa obs\u0142uga przy dodaniu lub customizacji plugin\u00f3w; <\/li>\n<li> W pe\u0142ni responsywne do wszystkich rozdzielczo\u015bci witryn internetowych i przyjazne dla urz\u0105dze\u0144 mobilnych; <\/li>\n<li> Nie musisz mie\u0107 \u015brodk\u00f3w programowania lub umiej\u0119tno\u015bci; <\/li>\n<li> Bogaty wyb\u00f3r funkcji stylizacji; <\/li>\n<li> Rozwi\u0105zania w chmurze pomagaj\u0105 zwi\u0119kszy\u0107 szybko\u015b\u0107 \u0142adowania serwisu; <\/li>\n<li> Wszystkie dost\u0119pne aktualizacje s\u0105 darmowe i systematyczne; <\/li>\n<li> Uczciwe ceny; <\/li>\n<li> Sta\u0142a pomoc z problemami klient\u00f3w. <\/li>\n<\/ul>\n\n<p> Sprawd\u017a wolne wersje Lite naszych dodatk\u00f3w i zastosuj jej potencja\u0142 lub kup dowolne wymagane wtyczk\u0119 z 20% zni\u017ck\u0105. <\/p>\n\n\n<h2> W jaki spos\u00f3b wstawi\u0107 wtyczki Elfsight na Pa\u0144stwa stronie internetowej CMS Max <\/h2>\n\n<p> Mo\u017cesz zintegrowa\u0107 nasze wid\u017cety, wykonuj\u0105c wszystkie etapy z nieskomplikowanej instrukcji: <\/p>\n\n\n<ol>\n<li> Naci\u015bnij odpowiedni\u0105 wtyczk\u0119; <\/li>\n<li> Zmodyfikuj niekt\u00f3re potrzebne ustawienia; <\/li>\n<li> Nie zapomnij zapisa\u0107 zmiany; <\/li>\n<li> Kliknij generowany kod; <\/li>\n<li> Dodaj go w odpowiednim miejscu Pa\u0144stwa strony lub szablonu; <\/li>\n<li> Sko\u0144czone! Zainstalowa\u0142e\u015b widget. <\/li>\n<\/ol>\n\n<p> W razie jakichkolwiek trudno\u015bci, nie wahaj si\u0119 zwr\u00f3ci\u0107 si\u0119 do zespo\u0142u pomocy technicznej Elfsight. <\/p>\n","protected":false},"excerpt":{"rendered":"Najdoskonalsze wid\u017cety Elfsight dla unowocze\u015bnienia twojej strony internetowej CMS Max Przez wiele lat nasz zesp\u00f3\u0142 deweloper\u00f3w Elfsight stwarza \u0142atwe w obs\u0142udze i konfigurowalne elementy interfejsu chmurowe dla Twojej strony internetowej. Gwarantujemy najwy\u017cszej klasy pomoc techniczn\u0105 i du\u017c\u0105 szybko\u015b\u0107 \u0142adowania. Aplikacji Elfsight wspomagaj\u0105 w\u0142a\u015bcicielom sklep\u00f3w www, edukacyjnych oraz wielu innym na&#8230;","protected":false},"author":13,"featured_media":0,"parent":0,"menu_order":0,"comment_status":"closed","ping_status":"closed","template":"templates\/template-platform.php","meta":{"publish_to_discourse":"","publish_post_category":"","wpdc_auto_publish_overridden":"","wpdc_topic_tags":"","wpdc_pin_topic":"","wpdc_pin_until":"","discourse_post_id":"","discourse_permalink":"","wpdc_publishing_response":"","wpdc_publishing_error":"","footnotes":""},"class_list":["post-565","page","type-page","status-publish","hentry"],"yoast_head":"<!-- This site is optimized with the Yoast SEO plugin v25.3.1 - https:\/\/yoast.com\/wordpress\/plugins\/seo\/ -->\n<title>Ponad 80 najlepszych CMS Max widget\u00f3w dla strony internetowej<\/title>\n<meta name=\"description\" content=\"Zestaw doskona\u0142ych darmowych widget\u00f3w pierwszej klasy dla twojej witryny internetowej CMS Max. Pom\u00f3c z dostosowaniem i bogata funkcjonalno\u015b\u0107.\" \/>\n<meta name=\"robots\" content=\"index, follow, max-snippet:-1, max-image-preview:large, max-video-preview:-1\" \/>\n<link rel=\"canonical\" href=\"https:\/\/elfsight.com\/pl\/cms-max-widgets\/\" \/>\n<meta property=\"og:locale\" content=\"pl_PL\" \/>\n<meta property=\"og:type\" content=\"article\" \/>\n<meta property=\"og:title\" content=\"Ponad 80 najlepszych CMS Max widget\u00f3w dla strony internetowej\" \/>\n<meta property=\"og:description\" content=\"Zestaw doskona\u0142ych darmowych widget\u00f3w pierwszej klasy dla twojej witryny internetowej CMS Max. Pom\u00f3c z dostosowaniem i bogata funkcjonalno\u015b\u0107.\" \/>\n<meta property=\"og:url\" content=\"https:\/\/elfsight.com\/pl\/cms-max-widgets\/\" \/>\n<meta property=\"og:site_name\" content=\"Elfsight PL\" \/>\n<meta property=\"article:modified_time\" content=\"2021-04-21T13:49:10+00:00\" \/>\n<meta name=\"twitter:card\" content=\"summary_large_image\" \/>\n<meta name=\"twitter:label1\" content=\"Szacowany czas czytania\" \/>\n\t<meta name=\"twitter:data1\" content=\"2 minuty\" \/>\n<!-- \/ Yoast SEO plugin. -->","yoast_head_json":{"title":"Ponad 80 najlepszych CMS Max widget\u00f3w dla strony internetowej","description":"Zestaw doskona\u0142ych darmowych widget\u00f3w pierwszej klasy dla twojej witryny internetowej CMS Max. Pom\u00f3c z dostosowaniem i bogata funkcjonalno\u015b\u0107.","robots":{"index":"index","follow":"follow","max-snippet":"max-snippet:-1","max-image-preview":"max-image-preview:large","max-video-preview":"max-video-preview:-1"},"canonical":"https:\/\/elfsight.com\/pl\/cms-max-widgets\/","og_locale":"pl_PL","og_type":"article","og_title":"Ponad 80 najlepszych CMS Max widget\u00f3w dla strony internetowej","og_description":"Zestaw doskona\u0142ych darmowych widget\u00f3w pierwszej klasy dla twojej witryny internetowej CMS Max. Pom\u00f3c z dostosowaniem i bogata funkcjonalno\u015b\u0107.","og_url":"https:\/\/elfsight.com\/pl\/cms-max-widgets\/","og_site_name":"Elfsight PL","article_modified_time":"2021-04-21T13:49:10+00:00","twitter_card":"summary_large_image","twitter_misc":{"Szacowany czas czytania":"2 minuty"},"schema":{"@context":"https:\/\/schema.org","@graph":[{"@type":"WebPage","@id":"https:\/\/elfsight.com\/pl\/cms-max-widgets\/","url":"https:\/\/elfsight.com\/pl\/cms-max-widgets\/","name":"Ponad 80 najlepszych CMS Max widget\u00f3w dla strony internetowej","isPartOf":{"@id":"https:\/\/elfsight.com\/pl\/#website"},"datePublished":"2020-11-20T13:18:07+00:00","dateModified":"2021-04-21T13:49:10+00:00","description":"Zestaw doskona\u0142ych darmowych widget\u00f3w pierwszej klasy dla twojej witryny internetowej CMS Max. Pom\u00f3c z dostosowaniem i bogata funkcjonalno\u015b\u0107.","breadcrumb":{"@id":"https:\/\/elfsight.com\/pl\/cms-max-widgets\/#breadcrumb"},"inLanguage":"pl-PL","potentialAction":[{"@type":"ReadAction","target":["https:\/\/elfsight.com\/pl\/cms-max-widgets\/"]}]},{"@type":"BreadcrumbList","@id":"https:\/\/elfsight.com\/pl\/cms-max-widgets\/#breadcrumb","itemListElement":[{"@type":"ListItem","position":1,"name":"Home","item":"https:\/\/elfsight.com\/pl\/"},{"@type":"ListItem","position":2,"name":"CMS Max widgets"}]},{"@type":"WebSite","@id":"https:\/\/elfsight.com\/pl\/#website","url":"https:\/\/elfsight.com\/pl\/","name":"Elfsight PL","description":"Just another Elfsight Sites site","potentialAction":[{"@type":"SearchAction","target":{"@type":"EntryPoint","urlTemplate":"https:\/\/elfsight.com\/pl\/?s={search_term_string}"},"query-input":{"@type":"PropertyValueSpecification","valueRequired":true,"valueName":"search_term_string"}}],"inLanguage":"pl-PL"}]}},"meta_box":{"industry":"","seo_heading":"","heading":"","description":"","cta_heading":"","cta_description":"","application":"","h1":"Najlepsze widgety CMS Max","h1_caption":"Darmowy katalog rewelacyjnych widget\u00f3w pierwszej klasy z szerokim wachlarzem funkcji dla zwi\u0119kszenia zapotrzebowania u\u017cytkownika i osi\u0105gni\u0119cia wszystkich innych zada\u0144 w zakresie rozwoju komercyjnego. Prosta integracja, szeroka oferta mo\u017cliwo\u015bci dostosowywania a tak\u017ce zawodowy serwis pomocy klienta.","application_category":[],"applications_title":"Zobacz najlepsze widgety dla twojej strony internetowej w\u015br\u00f3d wszystkich wtyczek nieodp\u0142atnych w demonstracje online","applications_request_title":"Nie mo\u017cesz znale\u017a\u0107 odpowiedniego widgeta?","applications_request_button_text":"Zam\u00f3w widget","hero_text":"","hero_video":"","hero_video_schema_markup":"","selling_points_title":"","selling_points_caption":"","selling_points":[],"selling_points_cta_text":"","features_title":"","features":"","ed_cta_examples_text":"","ed_cta_examples_hidden":"","ed_cta_demo_text":"","ed_cta_demo_hidden":"","why_caption":"","why_editor_title":"","why_editor_text":"","why_team_title":"","why_team_text":"","why_service_title":"","why_service_text":"","template_catalog_visible":"","template_catalog_title":"","template_catalog_text":"","template_catalog_categories_visible":"","demo_title":"","demo_caption":"","default_faq_hidden":"","app_template_category":[],"platform":"562","template_public_id":"","codecanyon_url":"","codecanyon_item_id":"","codecanyon_price":"","pricing_caption":"","pricing_elfsight_apps_hide_column":"","pricing_elfsight_apps_url":"","pricing_codecanyon_price_caption":"","integration_category":[],"integration_request_title":"","integration_request_cta":"","integration_platform":"","integrations":[],"platform_category":[],"video_schema_markup":"","price":"","trial":"","benefits":[],"button_url":"","button_target_blank":"","button_nofollow":"","attributes":[],"tags":[],"tags_disable_links":"","hide_more_platforms":"","video_object":"","demo_hide_cta":"","demo_hide_cloud_options":"","pricing_title":"","pricing":[],"related_apps_title":"","related_apps_hidden":"","author":"","image":[],"title":"","job":"","social_networks":[]},"_links":{"self":[{"href":"https:\/\/elfsight.com\/pl\/wp-json\/wp\/v2\/pages\/565","targetHints":{"allow":["GET"]}}],"collection":[{"href":"https:\/\/elfsight.com\/pl\/wp-json\/wp\/v2\/pages"}],"about":[{"href":"https:\/\/elfsight.com\/pl\/wp-json\/wp\/v2\/types\/page"}],"author":[{"embeddable":true,"href":"https:\/\/elfsight.com\/pl\/wp-json\/wp\/v2\/users\/13"}],"replies":[{"embeddable":true,"href":"https:\/\/elfsight.com\/pl\/wp-json\/wp\/v2\/comments?post=565"}],"version-history":[{"count":2,"href":"https:\/\/elfsight.com\/pl\/wp-json\/wp\/v2\/pages\/565\/revisions"}],"predecessor-version":[{"id":567,"href":"https:\/\/elfsight.com\/pl\/wp-json\/wp\/v2\/pages\/565\/revisions\/567"}],"wp:attachment":[{"href":"https:\/\/elfsight.com\/pl\/wp-json\/wp\/v2\/media?parent=565"}],"curies":[{"name":"wp","href":"https:\/\/api.w.org\/{rel}","templated":true}]}}