{"id":5648,"date":"2024-05-03T06:40:51","date_gmt":"2024-05-03T06:40:51","guid":{"rendered":"https:\/\/elfsight.com\/pl\/?page_id=5648"},"modified":"2024-11-14T09:26:29","modified_gmt":"2024-11-14T09:26:29","slug":"opencart","status":"publish","type":"page","link":"https:\/\/elfsight.com\/pl\/logo-showcase-widget\/opencart\/","title":{"rendered":"Logo Showcase &#8211; OpenCart"},"content":{"rendered":"<div class=\"application-platform-content-item-description application-platform-content-item\" id=\"description\" data-nav-section=\"description\"><h2>Opis<\/h2> <p>Elfsight Logo Showcase to doskona\u0142e narz\u0119dzie do pokazywania wszystkich logo klient\u00f3w i promotor\u00f3w lub Twoich wzmianek w prasa na stronie. Za pomoc\u0105 widgetu poka\u017cesz, \u017ce Twoja firma jest zaufanym sojusznikiem biznesowym i utrzymasz dobry wizerunek swojej firmy. Widget umo\u017cliwia zbieranie niesko\u0144czonej liczby logo, budowanie ich w suwak lub siatk\u0119 i zmian\u0119 rozmiaru zdj\u0119\u0107. Mo\u017cesz wpisa\u0107 podpis i linki do strony internetowej firmy. R\u00f3\u017cne kolory i opcje czcionek umo\u017cliwiaj\u0105 skonfigurowanie spersonalizowanego wygl\u0105du. <\/p><p><b>Zwi\u0119ksz zaufanie swojej firmy.<\/b><\/p><\/div><div class=\"application-platform-content-item-features application-platform-content-item\" id=\"features\" data-nav-section=\"features\"><h2>Funkcje<\/h2> <p>Sprawd\u017a list\u0119 wszystkie funkcje Logo Showcase. Mo\u017cesz je dostosowa\u0107 bezpo\u015brednio w edytorze, co pomo\u017ce Ci stworzy\u0107 wid\u017cet dostosowany do Twoich potrzeb. <\/p><ul><li>Ka\u017cde logo mo\u017cesz po\u0142\u0105czy\u0107 z dowoln\u0105 stron\u0105 internetow\u0105; <\/li><li>Elastyczny nag\u0142\u00f3wek widgetu zawieraj\u0105cy tytu\u0142 i tekst z obs\u0142ug\u0105 formatowania; <\/li><li>Przycisk CTA mo\u017cna powi\u0105za\u0107 z dowoln\u0105 stron\u0105; <\/li><li>3 r\u00f3\u017cne uk\u0142ady: suwak, siatka i karuzela; <\/li><li>Opcja zmiany rozmiaru logo i parametru szeroko\u015bci wid\u017cetu; <\/li><li> Wybierz dowolny kolor t\u0142a lub u\u017cyj niestandardowego obrazu. <\/li><\/ul><p><a href=\"#demo\">Mo\u017cesz wypr\u00f3bowa\u0107 wszystkie funkcje wid\u017cetu bezpo\u015brednio w wersji demonstracyjnej<\/a><\/p><\/div><div class=\"application-platform-content-item-installation application-platform-content-item\" id=\"installation\" data-nav-section=\"installation\"> <h2>Jak osadzi\u0107 Prezentacj\u0119 Logo na mojej stronie OpenCart? <\/h2><p>Wystarczy wykona\u0107 kilka krok\u00f3w przedstawionych poni\u017cej, aby zintegrowa\u0107 narz\u0119dzie z OpenCart.<\/p> <ol><li><b>Otw\u00f3rz nasz darmowy konfigurator i zacznij tworzy\u0107 niestandardowy widget. <\/b><br> Okre\u015bl odpowiedni\u0105 form\u0119 i charakterystyk\u0119 wid\u017cetu oraz zastosuj poprawki. <\/li> <li><b>Odbierz indywidualny kod wy\u015bwietlany w specjalnym formularzu w aplikacjach Elfsight. <\/b><br> Po zako\u0144czeniu generowania osobistego rozszerzenia Logo Showcase skopiuj ekskluzywny kod z wy\u015bwietlonego pola i zachowaj go na dalsze potrzeby. <\/li> <li><b>Rozpocznij korzystanie z rozszerzenia w swojej witrynie OpenCart. <\/b><br> Wpisz kod, kt\u00f3ry ostatnio skopiowa\u0142e\u015b na swoj\u0105 stron\u0119 i zastosuj modyfikacje. <\/li> <li><b>Instalacja zosta\u0142a pomy\u015blnie uko\u0144czona. <\/b><br> Odwied\u017a swoj\u0105 witryn\u0119, aby zobaczy\u0107, jak dzia\u0142a rozszerzenie. <\/li><\/ol> <p>Je\u015bli potrzebujesz pomocy lub masz pytania, mo\u017cesz skontaktowa\u0107 si\u0119 z obs\u0142ug\u0105 klienta. Nasi specjali\u015bci ch\u0119tnie pomog\u0105 w ka\u017cdym zapytaniu. <\/p><div class=\"faq\" data-component=\"FAQ\"><div class=\"faq-item\">\r\n\t\t\t\t\t<div class=\"faq-item-question\">\r\n\t\t\t\t\t\t<h3 class=\"faq-item-question-text\">Czy istnieje mo\u017cliwo\u015b\u0107 osadzenia Logo Showcase w mojej witrynie OpenCart bez umiej\u0119tno\u015bci kodowania?<\/h3>\r\n\r\n\t\t\t\t\t\t<div class=\"faq-item-question-icon\"><\/div>\r\n\t\t\t\t\t<\/div>\r\n\r\n\t\t\t\t\t<div class=\"faq-item-answer\">\r\n\t\t\t\t\t\t<div class=\"faq-item-answer-text\"> <p>Elfsight wprowadza rozwi\u0105zanie w chmurze, kt\u00f3re umo\u017cliwia u\u017cytkownikom samodzielne tworzenie aplikacji Logo Showcase, sprawd\u017a jakie to proste: Przejd\u017a do wersji demonstracyjnej online, aby wygenerowa\u0107 sekcj\u0119 Prezentacja logo, kt\u00f3r\u0105 chcesz zintegrowa\u0107 ze stron\u0105 g\u0142\u00f3wn\u0105 OpenCart. Wybierz jeden z wst\u0119pnie zaprojektowanych szablon\u00f3w i dostosuj ustawienia Logo Showcase, zmie\u0144 uk\u0142ad i schemat kolor\u00f3w, dodaj swoj\u0105 tre\u015b\u0107 bez kodowania. Kliknij, aby zapisa\u0107 Prezentacj\u0119 Logo i skopiuj kod instalacyjny wtyczki, kt\u00f3ry mo\u017cna \u0142atwo doda\u0107 do dowolnej strony internetowej OpenCart, korzystaj\u0105c z bezp\u0142atnego planu. Pracuj\u0105c w naszym intuicyjnym Edytorze, ka\u017cdy u\u017cytkownik Internetu mo\u017ce zbudowa\u0107 wid\u017cet Logo Showcase i po prostu osadzi\u0107 go na swojej stronie internetowej OpenCart. Aby skorzysta\u0107 z us\u0142ugi Elfsight, nie trzeba p\u0142aci\u0107 ani podawa\u0107 danych uwierzytelniaj\u0105cych karty. Je\u015bli na kt\u00f3rymkolwiek etapie napotkasz jakiekolwiek problemy, skontaktuj si\u0119 z naszym dzia\u0142em obs\u0142ugi klienta.<\/p> <\/div>\r\n\t\t\t\t\t<\/div>\r\n\t\t\t\t<\/div> <\/div><\/div>","protected":false},"excerpt":{"rendered":"","protected":false},"author":9,"featured_media":0,"parent":2536,"menu_order":0,"comment_status":"closed","ping_status":"closed","template":"templates\/template-application-platform.php","meta":{"publish_to_discourse":"","publish_post_category":"","wpdc_auto_publish_overridden":"","wpdc_topic_tags":"","wpdc_pin_topic":"","wpdc_pin_until":"","discourse_post_id":"","discourse_permalink":"","wpdc_publishing_response":"","wpdc_publishing_error":"","footnotes":""},"class_list":["post-5648","page","type-page","status-publish","hentry"],"yoast_head":"<!-- This site is optimized with the Yoast SEO plugin v25.3.1 - https:\/\/yoast.com\/wordpress\/plugins\/seo\/ -->\n<title>Prezentacja logo \u2014 dodanie rozszerzenia Karuzela logo do witryny OpenCart (2025)<\/title>\n<meta name=\"description\" content=\"Utworzenie rozszerzenia Logo Showcase i dodanie go na swojej stronie OpenCart jest ca\u0142kowicie proste. Obs\u0142uga klienta Elfsight jest bezp\u0142atna i szybka.\" \/>\n<meta name=\"robots\" content=\"index, follow, max-snippet:-1, max-image-preview:large, max-video-preview:-1\" \/>\n<link rel=\"canonical\" href=\"https:\/\/elfsight.com\/pl\/logo-showcase-widget\/opencart\/\" \/>\n<meta property=\"og:locale\" content=\"pl_PL\" \/>\n<meta property=\"og:type\" content=\"article\" \/>\n<meta property=\"og:title\" content=\"Prezentacja logo \u2014 dodanie rozszerzenia Karuzela logo do witryny OpenCart (2025)\" \/>\n<meta property=\"og:description\" content=\"Utworzenie rozszerzenia Logo Showcase i dodanie go na swojej stronie OpenCart jest ca\u0142kowicie proste. Obs\u0142uga klienta Elfsight jest bezp\u0142atna i szybka.\" \/>\n<meta property=\"og:url\" content=\"https:\/\/elfsight.com\/pl\/logo-showcase-widget\/opencart\/\" \/>\n<meta property=\"og:site_name\" content=\"Elfsight PL\" \/>\n<meta property=\"article:modified_time\" content=\"2024-11-14T09:26:29+00:00\" \/>\n<meta name=\"twitter:card\" content=\"summary_large_image\" \/>\n<meta name=\"twitter:label1\" content=\"Szacowany czas czytania\" \/>\n\t<meta name=\"twitter:data1\" content=\"3 minuty\" \/>\n<!-- \/ Yoast SEO plugin. -->","yoast_head_json":{"title":"Prezentacja logo \u2014 dodanie rozszerzenia Karuzela logo do witryny OpenCart (2025)","description":"Utworzenie rozszerzenia Logo Showcase i dodanie go na swojej stronie OpenCart jest ca\u0142kowicie proste. Obs\u0142uga klienta Elfsight jest bezp\u0142atna i szybka.","robots":{"index":"index","follow":"follow","max-snippet":"max-snippet:-1","max-image-preview":"max-image-preview:large","max-video-preview":"max-video-preview:-1"},"canonical":"https:\/\/elfsight.com\/pl\/logo-showcase-widget\/opencart\/","og_locale":"pl_PL","og_type":"article","og_title":"Prezentacja logo \u2014 dodanie rozszerzenia Karuzela logo do witryny OpenCart (2025)","og_description":"Utworzenie rozszerzenia Logo Showcase i dodanie go na swojej stronie OpenCart jest ca\u0142kowicie proste. Obs\u0142uga klienta Elfsight jest bezp\u0142atna i szybka.","og_url":"https:\/\/elfsight.com\/pl\/logo-showcase-widget\/opencart\/","og_site_name":"Elfsight PL","article_modified_time":"2024-11-14T09:26:29+00:00","twitter_card":"summary_large_image","twitter_misc":{"Szacowany czas czytania":"3 minuty"},"schema":{"@context":"https:\/\/schema.org","@graph":[{"@type":"WebPage","@id":"https:\/\/elfsight.com\/pl\/logo-showcase-widget\/opencart\/","url":"https:\/\/elfsight.com\/pl\/logo-showcase-widget\/opencart\/","name":"Prezentacja logo \u2014 dodanie rozszerzenia Karuzela logo do witryny OpenCart (2025)","isPartOf":{"@id":"https:\/\/elfsight.com\/pl\/#website"},"datePublished":"2024-05-03T06:40:51+00:00","dateModified":"2024-11-14T09:26:29+00:00","description":"Utworzenie rozszerzenia Logo Showcase i dodanie go na swojej stronie OpenCart jest ca\u0142kowicie proste. Obs\u0142uga klienta Elfsight jest bezp\u0142atna i szybka.","breadcrumb":{"@id":"https:\/\/elfsight.com\/pl\/logo-showcase-widget\/opencart\/#breadcrumb"},"inLanguage":"pl-PL","potentialAction":[{"@type":"ReadAction","target":["https:\/\/elfsight.com\/pl\/logo-showcase-widget\/opencart\/"]}]},{"@type":"BreadcrumbList","@id":"https:\/\/elfsight.com\/pl\/logo-showcase-widget\/opencart\/#breadcrumb","itemListElement":[{"@type":"ListItem","position":1,"name":"Home","item":"https:\/\/elfsight.com\/pl\/"},{"@type":"ListItem","position":2,"name":"Logo Showcase","item":"https:\/\/elfsight.com\/pl\/logo-showcase-widget\/"},{"@type":"ListItem","position":3,"name":"Logo Showcase &#8211; OpenCart"}]},{"@type":"WebSite","@id":"https:\/\/elfsight.com\/pl\/#website","url":"https:\/\/elfsight.com\/pl\/","name":"Elfsight PL","description":"Just another Elfsight Sites site","potentialAction":[{"@type":"SearchAction","target":{"@type":"EntryPoint","urlTemplate":"https:\/\/elfsight.com\/pl\/?s={search_term_string}"},"query-input":{"@type":"PropertyValueSpecification","valueRequired":true,"valueName":"search_term_string"}}],"inLanguage":"pl-PL"}]}},"meta_box":{"industry":"","seo_heading":"","heading":"","description":"","cta_heading":"","cta_description":"","application":"2535","h1":"Prezentacja logo OpenCart","h1_caption":"Wy\u015bwietlaj logo swoich partner\u00f3w, sponsor\u00f3w lub klient\u00f3w, bez wysi\u0142ku buduj\u0105c wiarygodno\u015b\u0107 i zaufanie dla swojej marki na swojej stronie internetowej Opencart.","application_category":[],"applications_title":"","applications_request_title":"","applications_request_button_text":"","hero_text":"","hero_video":"","hero_video_schema_markup":"","selling_points_title":"","selling_points_caption":"","selling_points":[],"selling_points_cta_text":"","features_title":"","features":"","ed_cta_examples_text":"","ed_cta_examples_hidden":"","ed_cta_demo_text":"","ed_cta_demo_hidden":"","why_caption":"","why_editor_title":"","why_editor_text":"","why_team_title":"","why_team_text":"","why_service_title":"","why_service_text":"","template_catalog_visible":"","template_catalog_title":"","template_catalog_text":"","template_catalog_categories_visible":"","demo_title":"Utw\u00f3rz rozszerzenie Logo Showcase","demo_caption":"Skonfiguruj swoj\u0105 prezentacj\u0119 logo i dodaj j\u0105 do swojej witryny OpenCart za darmo!","default_faq_hidden":"","app_template_category":[],"platform":"107","template_public_id":"","codecanyon_url":"","codecanyon_item_id":"","codecanyon_price":"","pricing_caption":"","pricing_elfsight_apps_hide_column":"","pricing_elfsight_apps_url":"","pricing_codecanyon_price_caption":"","integration_category":[],"integration_request_title":"","integration_request_cta":"","integration_platform":"","integrations":[],"platform_category":[],"video_schema_markup":"","price":"od 0 USD \/ miesi\u0105c","trial":"","benefits":[{"text":"Bezp\u0142atna us\u0142uga monta\u017cu"},{"text":"Profesjonalna obs\u0142uga klienta"},{"text":"14-dniowa gwarancja zwrotu pieni\u0119dzy"}],"button_url":"#demo","button_target_blank":"","button_nofollow":"","attributes":[{"name":"Instaluje"},{"name":"Czu\u0142y"},{"name":"Kompatybilne przegl\u0105darki"}],"tags":[],"tags_disable_links":"","hide_more_platforms":"","video_object":"","demo_hide_cta":"","demo_hide_cloud_options":"","pricing_title":"","pricing":[{"pricing_icon":"platform","pricing_title":"Elfsight Apps","pricing_title_caption":"Oprogramowanie wieloplatformowe, kt\u00f3re pasuje do ka\u017cdej witryny internetowej","pricing_price":"od 0 USD \/ miesi\u0105c","pricing_price_caption":"zacznij od bezp\u0142atnego planu","pricing_benefits":[{"text":"Nielimitowane strony internetowe"},{"text":"Wsparcie premium i na czas"},{"text":"Bezp\u0142atna pomoc w monta\u017cu"},{"text":"100% konfigurowalny"}],"pricing_button_text":"Dodaj do witryny","pricing_button_url":"#demo"}],"related_apps_title":"","related_apps_hidden":"","author":"","image":[],"title":"","job":"","social_networks":[]},"_links":{"self":[{"href":"https:\/\/elfsight.com\/pl\/wp-json\/wp\/v2\/pages\/5648","targetHints":{"allow":["GET"]}}],"collection":[{"href":"https:\/\/elfsight.com\/pl\/wp-json\/wp\/v2\/pages"}],"about":[{"href":"https:\/\/elfsight.com\/pl\/wp-json\/wp\/v2\/types\/page"}],"author":[{"embeddable":true,"href":"https:\/\/elfsight.com\/pl\/wp-json\/wp\/v2\/users\/9"}],"replies":[{"embeddable":true,"href":"https:\/\/elfsight.com\/pl\/wp-json\/wp\/v2\/comments?post=5648"}],"version-history":[{"count":1,"href":"https:\/\/elfsight.com\/pl\/wp-json\/wp\/v2\/pages\/5648\/revisions"}],"predecessor-version":[{"id":5652,"href":"https:\/\/elfsight.com\/pl\/wp-json\/wp\/v2\/pages\/5648\/revisions\/5652"}],"up":[{"embeddable":true,"href":"https:\/\/elfsight.com\/pl\/wp-json\/wp\/v2\/pages\/2536"}],"wp:attachment":[{"href":"https:\/\/elfsight.com\/pl\/wp-json\/wp\/v2\/media?parent=5648"}],"curies":[{"name":"wp","href":"https:\/\/api.w.org\/{rel}","templated":true}]}}