{"id":5647,"date":"2024-05-03T06:40:50","date_gmt":"2024-05-03T06:40:50","guid":{"rendered":"https:\/\/elfsight.com\/pl\/?page_id=5647"},"modified":"2025-06-26T15:54:26","modified_gmt":"2025-06-26T15:54:26","slug":"shopify","status":"publish","type":"page","link":"https:\/\/elfsight.com\/pl\/logo-showcase-widget\/shopify\/","title":{"rendered":"Logo Showcase &#8211; Shopify"},"content":{"rendered":"<div class=\"application-platform-content-item-description application-platform-content-item\" id=\"description\" data-nav-section=\"description\"><h2>Osad\u017a prezentacj\u0119 logo w Shopify za pomoc\u0105 wid\u017cetu Elfsight<\/h2> <p>Prezentacja logo Elfsight to doskona\u0142e narz\u0119dzie do wy\u015bwietlania prezentacji wielu klient\u00f3w lub logo promotor\u00f3w lub wzmianki prasowe na stronie internetowej. Dzi\u0119ki widgetowi poka\u017cesz, \u017ce Twoja firma jest partnerem godnym zaufania i podtrzymasz pozytywny odbi\u00f3r Twojej firmy. Wid\u017cet Elfsight umo\u017cliwia wy\u015bwietlenie dowolnej liczby emblemat\u00f3w, u\u0142o\u017cenie ich w karuzel\u0119 lub siatk\u0119 oraz zmian\u0119 skali logo. Mo\u017cesz wpisa\u0107 podpis i link do strony internetowej firmy. Korzystaj\u0105c z funkcji kolor\u00f3w i czcionek, mo\u017cesz uzyska\u0107 niepowtarzalny wygl\u0105d logo. <\/p><p><b>Zwi\u0119ksz sprzeda\u017c, pokazuj\u0105c doskona\u0142\u0105 reputacj\u0119 swojej firmy, dzi\u0119ki logo klient\u00f3w na stronie internetowej. <\/b><\/p><\/div><div class=\"application-platform-content-item-features application-platform-content-item\" id=\"features\" data-nav-section=\"features\"><h2>G\u0142\u00f3wne funkcje wid\u017cetu Logo Showcase<\/h2> <p>Oto lista wszystkich cech funkcjonalnych Logo Showcase. Mo\u017cesz je dostosowa\u0107 bezpo\u015brednio w edytorze, co pomo\u017ce Ci ukszta\u0142towa\u0107 wid\u017cet dok\u0142adnie pod Tw\u00f3j przypadek. <\/p><ul><li>Mo\u017cliwo\u015b\u0107 po\u0142\u0105czenia ka\u017cdego logo z dowolnym adresem; <\/li><li>Usuwalny nag\u0142\u00f3wek wid\u017cetu zawieraj\u0105cy tytu\u0142 i tekst z obs\u0142ug\u0105 formatowania; <\/li><li>Przycisk wezwania do dzia\u0142ania mo\u017cna powi\u0105za\u0107 z dowoln\u0105 stron\u0105; <\/li><li>Trzy r\u00f3\u017cne uk\u0142ady wid\u017cet\u00f3w: suwak, siatka i karuzela; <\/li><li>Funkcja ustawiania rozmiaru logo i parametru szeroko\u015bci wid\u017cetu; <\/li><li> Wybierz dowolny kolor t\u0142a lub prze\u015blij niestandardowy plik. <\/li><\/ul><p><a href=\"#demo\">Sprawd\u017a, jak dzia\u0142aj\u0105 wszystkie funkcje, w naszej wersji demonstracyjnej<\/a><\/p><\/div><div class=\"application-platform-content-item-installation application-platform-content-item\" id=\"installation\" data-nav-section=\"installation\"> <h2>Jak osadzi\u0107 Prezentacj\u0119 Logo w Shopify? <\/h2><div class=\"video-container\"><iframe width=\"720\" height=\"405\" src=\"https:\/\/www.youtube.com\/embed\/83e2SlUh84I\" frameborder=\"0\" allowfullscreen=\"\"><\/iframe><\/div><p>Aby zintegrowa\u0107 widget, post\u0119puj zgodnie z poni\u017cszymi instrukcjami<\/p><ol><li><b>Wykonaj nasz darmowy konfigurator i zacznij tworzy\u0107 w\u0142asn\u0105 aplikacj\u0119. <\/b><br> Wybierz wybrany uk\u0142ad i aspekty aplikacji i zapisz wszystkie zmiany. <\/li> <li><b>Zdob\u0105d\u017a unikalny kod pokazany w oknie aplikacji Elfsight. <\/b><br> Po zako\u0144czeniu konfiguracji aplikacji osobistej skopiuj indywidualny kod z wy\u015bwietlonego okna i zachowaj go na przysz\u0142o\u015b\u0107. <\/li> <li><b>Rozpocznij korzystanie z aplikacji na swojej stronie Shopify. <\/b><br> Umie\u015b\u0107 zapisany wcze\u015bniej kod na swojej stronie internetowej i zastosuj zmiany. <\/li> <li><b>Instalacja zosta\u0142a ca\u0142kowicie zako\u0144czona. <\/b><br> Przejd\u017a do swojej witryny, aby zobaczy\u0107 dzia\u0142anie aplikacji. <\/li><\/ol><p>Je\u015bli potrzebujesz pomocy lub chcesz o co\u015b zapyta\u0107, skontaktuj si\u0119 z naszym dzia\u0142em pomocy. Ch\u0119tnie pomo\u017cemy przy ka\u017cdym zg\u0142oszeniu. <\/p><div class=\"faq\" data-component=\"FAQ\"><div class=\"faq-item\">\r\n\t\t\t\t\t<div class=\"faq-item-question\">\r\n\t\t\t\t\t\t<h3 class=\"faq-item-question-text\">W jaki spos\u00f3b mo\u017cna doda\u0107 Prezentacj\u0119 Logo do mojej witryny Shopify bez umiej\u0119tno\u015bci kodowania?<\/h3>\r\n\r\n\t\t\t\t\t\t<div class=\"faq-item-question-icon\"><\/div>\r\n\t\t\t\t\t<\/div>\r\n\r\n\t\t\t\t\t<div class=\"faq-item-answer\">\r\n\t\t\t\t\t\t<div class=\"faq-item-answer-text\"> <p>Elfsight wprowadza rozwi\u0105zanie SaaS, kt\u00f3re umo\u017cliwia u\u017cytkownikom samodzielne utworzenie sekcji Prezentacja Logo , odkryj proste instrukcje: Przejd\u017a do edytora online, aby wygenerowa\u0107 aplikacj\u0119 Logo Showcase, kt\u00f3r\u0105 chcesz osadzi\u0107 w swojej witrynie Shopify. Wybierz jeden z gotowych szablon\u00f3w i zmie\u0144 ustawienia Logo Showcase, zmie\u0144 uk\u0142ad i kolorystyk\u0119 oraz zaktualizuj tre\u015b\u0107, nie maj\u0105c do\u015bwiadczenia w kodowaniu. Zapisz ustawienia wprowadzone w Logo Showcase i uzyskaj kod instalacyjny, kt\u00f3ry mo\u017cna bez trudu wklei\u0107 na dowolnej stronie internetowej Shopify, korzystaj\u0105c z bezp\u0142atnego planu. Korzystaj\u0105c z intuicyjnego konfiguratora, ka\u017cdy u\u017cytkownik Internetu mo\u017ce zbudowa\u0107 wid\u017cet Logo Showcase online i po prostu osadzi\u0107 go na swojej stronie internetowej Shopify. Aby uzyska\u0107 dost\u0119p do Edytora, nie trzeba p\u0142aci\u0107 ani wprowadza\u0107 danych uwierzytelniaj\u0105cych karty. Je\u015bli napotkasz jakiekolwiek przeszkody, skontaktuj si\u0119 z naszym dzia\u0142em obs\u0142ugi klienta.<\/p> <\/div>\r\n\t\t\t\t\t<\/div>\r\n\t\t\t\t<\/div> <\/div><\/div>","protected":false},"excerpt":{"rendered":"","protected":false},"author":9,"featured_media":0,"parent":2536,"menu_order":0,"comment_status":"closed","ping_status":"closed","template":"templates\/template-application-platform.php","meta":{"publish_to_discourse":"","publish_post_category":"","wpdc_auto_publish_overridden":"","wpdc_topic_tags":"","wpdc_pin_topic":"","wpdc_pin_until":"","discourse_post_id":"","discourse_permalink":"","wpdc_publishing_response":"","wpdc_publishing_error":"","footnotes":""},"class_list":["post-5647","page","type-page","status-publish","hentry"],"yoast_head":"<!-- This site is optimized with the Yoast SEO plugin v25.3.1 - https:\/\/yoast.com\/wordpress\/plugins\/seo\/ -->\n<title>Prezentacja logo \u2014 dodaj aplikacj\u0119 Karuzela z logo do witryny Shopify (2025)<\/title>\n<meta name=\"description\" content=\"Utworzenie aplikacji Logo Showcase i dodanie jej do swojej witryny Shopify jest ca\u0142kowicie proste. Obs\u0142uga klienta Elfsight jest bezp\u0142atna i szybka.\" \/>\n<meta name=\"robots\" content=\"index, follow, max-snippet:-1, max-image-preview:large, max-video-preview:-1\" \/>\n<link rel=\"canonical\" href=\"https:\/\/elfsight.com\/pl\/logo-showcase-widget\/shopify\/\" \/>\n<meta property=\"og:locale\" content=\"pl_PL\" \/>\n<meta property=\"og:type\" content=\"article\" \/>\n<meta property=\"og:title\" content=\"Prezentacja logo \u2014 dodaj aplikacj\u0119 Karuzela z logo do witryny Shopify (2025)\" \/>\n<meta property=\"og:description\" content=\"Utworzenie aplikacji Logo Showcase i dodanie jej do swojej witryny Shopify jest ca\u0142kowicie proste. Obs\u0142uga klienta Elfsight jest bezp\u0142atna i szybka.\" \/>\n<meta property=\"og:url\" content=\"https:\/\/elfsight.com\/pl\/logo-showcase-widget\/shopify\/\" \/>\n<meta property=\"og:site_name\" content=\"Elfsight PL\" \/>\n<meta property=\"article:modified_time\" content=\"2025-06-26T15:54:26+00:00\" \/>\n<meta name=\"twitter:card\" content=\"summary_large_image\" \/>\n<meta name=\"twitter:label1\" content=\"Szacowany czas czytania\" \/>\n\t<meta name=\"twitter:data1\" content=\"3 minuty\" \/>\n<!-- \/ Yoast SEO plugin. -->","yoast_head_json":{"title":"Prezentacja logo \u2014 dodaj aplikacj\u0119 Karuzela z logo do witryny Shopify (2025)","description":"Utworzenie aplikacji Logo Showcase i dodanie jej do swojej witryny Shopify jest ca\u0142kowicie proste. Obs\u0142uga klienta Elfsight jest bezp\u0142atna i szybka.","robots":{"index":"index","follow":"follow","max-snippet":"max-snippet:-1","max-image-preview":"max-image-preview:large","max-video-preview":"max-video-preview:-1"},"canonical":"https:\/\/elfsight.com\/pl\/logo-showcase-widget\/shopify\/","og_locale":"pl_PL","og_type":"article","og_title":"Prezentacja logo \u2014 dodaj aplikacj\u0119 Karuzela z logo do witryny Shopify (2025)","og_description":"Utworzenie aplikacji Logo Showcase i dodanie jej do swojej witryny Shopify jest ca\u0142kowicie proste. Obs\u0142uga klienta Elfsight jest bezp\u0142atna i szybka.","og_url":"https:\/\/elfsight.com\/pl\/logo-showcase-widget\/shopify\/","og_site_name":"Elfsight PL","article_modified_time":"2025-06-26T15:54:26+00:00","twitter_card":"summary_large_image","twitter_misc":{"Szacowany czas czytania":"3 minuty"},"schema":{"@context":"https:\/\/schema.org","@graph":[{"@type":"WebPage","@id":"https:\/\/elfsight.com\/pl\/logo-showcase-widget\/shopify\/","url":"https:\/\/elfsight.com\/pl\/logo-showcase-widget\/shopify\/","name":"Prezentacja logo \u2014 dodaj aplikacj\u0119 Karuzela z logo do witryny Shopify (2025)","isPartOf":{"@id":"https:\/\/elfsight.com\/pl\/#website"},"datePublished":"2024-05-03T06:40:50+00:00","dateModified":"2025-06-26T15:54:26+00:00","description":"Utworzenie aplikacji Logo Showcase i dodanie jej do swojej witryny Shopify jest ca\u0142kowicie proste. Obs\u0142uga klienta Elfsight jest bezp\u0142atna i szybka.","breadcrumb":{"@id":"https:\/\/elfsight.com\/pl\/logo-showcase-widget\/shopify\/#breadcrumb"},"inLanguage":"pl-PL","potentialAction":[{"@type":"ReadAction","target":["https:\/\/elfsight.com\/pl\/logo-showcase-widget\/shopify\/"]}]},{"@type":"BreadcrumbList","@id":"https:\/\/elfsight.com\/pl\/logo-showcase-widget\/shopify\/#breadcrumb","itemListElement":[{"@type":"ListItem","position":1,"name":"Home","item":"https:\/\/elfsight.com\/pl\/"},{"@type":"ListItem","position":2,"name":"Logo Showcase","item":"https:\/\/elfsight.com\/pl\/logo-showcase-widget\/"},{"@type":"ListItem","position":3,"name":"Logo Showcase &#8211; Shopify"}]},{"@type":"WebSite","@id":"https:\/\/elfsight.com\/pl\/#website","url":"https:\/\/elfsight.com\/pl\/","name":"Elfsight PL","description":"Just another Elfsight Sites site","potentialAction":[{"@type":"SearchAction","target":{"@type":"EntryPoint","urlTemplate":"https:\/\/elfsight.com\/pl\/?s={search_term_string}"},"query-input":{"@type":"PropertyValueSpecification","valueRequired":true,"valueName":"search_term_string"}}],"inLanguage":"pl-PL"}]}},"meta_box":{"industry":"","seo_heading":"","heading":"","description":"","cta_heading":"","cta_description":"","application":"2535","h1":"Prezentacja logo Shopify","h1_caption":"Wy\u015bwietlaj logo swoich partner\u00f3w, sponsor\u00f3w lub klient\u00f3w, bez wysi\u0142ku buduj\u0105c wiarygodno\u015b\u0107 i zaufanie do swojej marki w swojej witrynie Shopify.","application_category":[],"applications_title":"","applications_request_title":"","applications_request_button_text":"","hero_text":"","hero_video":"","hero_video_schema_markup":"","selling_points_title":"","selling_points_caption":"","selling_points":[],"selling_points_cta_text":"","features_title":"","features":"","ed_cta_examples_text":"","ed_cta_examples_hidden":"","ed_cta_demo_text":"","ed_cta_demo_hidden":"","why_caption":"","why_editor_title":"","why_editor_text":"","why_team_title":"","why_team_text":"","why_service_title":"","why_service_text":"","template_catalog_visible":"0","template_catalog_title":"","template_catalog_text":"","template_catalog_categories_visible":"","demo_title":"Utw\u00f3rz aplikacj\u0119 Logo Showcase","demo_caption":"Skonfiguruj swoj\u0105 prezentacj\u0119 logo i dodaj j\u0105 do swojej witryny Shopify za darmo!","default_faq_hidden":"","app_template_category":[],"platform":"7580","template_public_id":"","codecanyon_url":"","codecanyon_item_id":"","codecanyon_price":"","pricing_caption":"","pricing_elfsight_apps_hide_column":"","pricing_elfsight_apps_url":"","pricing_codecanyon_price_caption":"","integration_category":[],"integration_request_title":"","integration_request_cta":"","integration_platform":"","integrations":[],"platform_category":[],"video_schema_markup":"","price":"od 0 USD \/ miesi\u0105c","trial":"","benefits":[{"text":"Bezp\u0142atna us\u0142uga monta\u017cu"},{"text":"Wsparcie premium"},{"text":"14-dniowa gwarancja zwrotu pieni\u0119dzy"}],"button_url":"#demo","button_target_blank":"0","button_nofollow":"0","attributes":[{"name":"Instaluje"},{"name":"Czu\u0142y"},{"name":"Kompatybilne przegl\u0105darki"}],"tags":[],"tags_disable_links":"0","hide_more_platforms":"0","video_object":"","demo_hide_cta":"0","demo_hide_cloud_options":"0","pricing_title":"","pricing":[{"pricing_icon":"cloud","pricing_title":"Elfsight Apps","pricing_title_caption":"Wersja wieloplatformowa, kt\u00f3ra dzia\u0142a na ka\u017cdej stronie internetowej","pricing_price":"od 0 USD \/ miesi\u0105c","pricing_price_caption":"zacznij od bezp\u0142atnego planu","pricing_benefits":[{"text":"Nielimitowane strony internetowe"},{"text":"Wsparcie premium"},{"text":"Bezp\u0142atna us\u0142uga monta\u017cu"},{"text":"Oferta specjalna na wiele aplikacji"}],"pricing_button_text":"Dodaj do witryny","pricing_button_url":"#demo"}],"related_apps_title":"","related_apps_hidden":"0","author":"","image":[],"title":"","job":"","social_networks":[]},"_links":{"self":[{"href":"https:\/\/elfsight.com\/pl\/wp-json\/wp\/v2\/pages\/5647","targetHints":{"allow":["GET"]}}],"collection":[{"href":"https:\/\/elfsight.com\/pl\/wp-json\/wp\/v2\/pages"}],"about":[{"href":"https:\/\/elfsight.com\/pl\/wp-json\/wp\/v2\/types\/page"}],"author":[{"embeddable":true,"href":"https:\/\/elfsight.com\/pl\/wp-json\/wp\/v2\/users\/9"}],"replies":[{"embeddable":true,"href":"https:\/\/elfsight.com\/pl\/wp-json\/wp\/v2\/comments?post=5647"}],"version-history":[{"count":2,"href":"https:\/\/elfsight.com\/pl\/wp-json\/wp\/v2\/pages\/5647\/revisions"}],"predecessor-version":[{"id":7855,"href":"https:\/\/elfsight.com\/pl\/wp-json\/wp\/v2\/pages\/5647\/revisions\/7855"}],"up":[{"embeddable":true,"href":"https:\/\/elfsight.com\/pl\/wp-json\/wp\/v2\/pages\/2536"}],"wp:attachment":[{"href":"https:\/\/elfsight.com\/pl\/wp-json\/wp\/v2\/media?parent=5647"}],"curies":[{"name":"wp","href":"https:\/\/api.w.org\/{rel}","templated":true}]}}