{"id":5646,"date":"2024-05-03T06:40:49","date_gmt":"2024-05-03T06:40:49","guid":{"rendered":"https:\/\/elfsight.com\/pl\/?page_id=5646"},"modified":"2024-11-14T09:26:29","modified_gmt":"2024-11-14T09:26:29","slug":"magento","status":"publish","type":"page","link":"https:\/\/elfsight.com\/pl\/logo-showcase-widget\/magento\/","title":{"rendered":"Logo Showcase &#8211; Magento"},"content":{"rendered":"<div class=\"application-platform-content-item-description application-platform-content-item\" id=\"description\" data-nav-section=\"description\"><h2>Opis<\/h2> <p>Prezentacja logo Elfsight b\u0119dzie najlepszym sposobem na pokazanie logo klient\u00f3w i sponsor\u00f3w lub Twoich wzmianek prasowych Na twojej stronie. Dzi\u0119ki naszemu widgetowi poka\u017cesz, \u017ce Twoja firma jest zaufanym towarzyszem i utrzymasz pozytywny wizerunek Twojej firmy. Wid\u017cet Elfsight umo\u017cliwia integracj\u0119 niesko\u0144czonych logo, uk\u0142adanie ich w suwak lub siatk\u0119 oraz zmian\u0119 skali obraz\u00f3w. Mo\u017cesz doda\u0107 podpisy i linki do strony internetowej firmy. R\u00f3\u017cnorodno\u015b\u0107 kolor\u00f3w i czcionek u\u0142atwia zaprojektowanie spersonalizowanego wygl\u0105du. <\/p><p><b>Podnie\u015b poziom wiarygodno\u015bci swojej firmy, pokazuj\u0105c zakres logo Twoich klient\u00f3w. <\/b><\/p><\/div><div class=\"application-platform-content-item-features application-platform-content-item\" id=\"features\" data-nav-section=\"features\"><h2>Funkcje<\/h2> <p>Zobacz wszystkie funkcje Logo Showcase. S\u0105 one dost\u0119pne bezpo\u015brednio w edytorze i pomog\u0105 Ci skonstruowa\u0107 wid\u017cet najbardziej odpowiedni dla Twojego przypadku u\u017cycia. <\/p><ul><li>Mo\u017cesz po\u0142\u0105czy\u0107 logotypy z dowolnym adresem; <\/li><li>Usuwalny nag\u0142\u00f3wek wid\u017cetu zawiera tytu\u0142 i tekst z opcjami formatowania; <\/li><li>Przycisk wezwania do dzia\u0142ania mo\u017ce po klikni\u0119ciu prowadzi\u0107 do dowolnego adresu; <\/li><li>Trzy r\u00f3\u017cne uk\u0142ady wid\u017cet\u00f3w: suwak, siatka i karuzela; <\/li><li>Funkcja r\u00f3\u017cnicowania rozmiaru logo i parametru szeroko\u015bci wid\u017cetu; <\/li><li>Mo\u017cliwo\u015b\u0107 wybrania dowolnego koloru t\u0142a lub przes\u0142ania w\u0142asnego zdj\u0119cia. <\/li><\/ul><p><a href=\"#demo\">Zobacz, jak dzia\u0142aj\u0105 wszystkie funkcje, w naszej wersji demonstracyjnej<\/a><\/p><\/div><div class=\"application-platform-content-item-installation application-platform-content-item\" id=\"installation\" data-nav-section=\"installation\"> <h2>Jak osadzi\u0107 Logo Showcase na stronie Magento?<\/h2><p>Aby doda\u0107 wid\u017cet post\u0119puj zgodnie z poni\u017cszymi wskaz\u00f3wkami<\/p><ol><li><b>Wykonaj nasz darmowy konfigurator i zacznij kszta\u0142towa\u0107 sw\u00f3j niestandardowy -wykonane rozszerzenie. <\/b><br> Znajd\u017a preferowany uk\u0142ad i opcje rozszerzenia i zastosuj wszystkie zmiany. <\/li> <li><b>Zdob\u0105d\u017a sw\u00f3j indywidualny kod pojawiaj\u0105cy si\u0119 w specjalnym formularzu w aplikacjach Elfsight. <\/b><br> Zaraz po zako\u0144czeniu dostosowywania rozszerzenia skopiuj kod osobisty z wyskakuj\u0105cego okienka i zachowaj go na p\u00f3\u017aniej. <\/li> <li><b>Rozpocznij wdra\u017canie rozszerzenia na stronie Magento. <\/b><br> Umie\u015b\u0107 zapisany wcze\u015bniej kod w swojej witrynie i zapisz poprawki. <\/li> <li><b>Instalacja zosta\u0142a pomy\u015blnie przeprowadzona. <\/b><br> Odwied\u017a swoj\u0105 witryn\u0119, aby sprawdzi\u0107, jak dzia\u0142a rozszerzenie. <\/li><\/ol><p>Je\u015bli potrzebujesz porady lub masz pytania, skontaktuj si\u0119 z naszym dzia\u0142em obs\u0142ugi klienta. Przy ka\u017cdym zapytaniu pomo\u017cemy. <\/p><div class=\"faq\" data-component=\"FAQ\"><div class=\"faq-item\">\r\n\t\t\t\t\t<div class=\"faq-item-question\">\r\n\t\t\t\t\t\t<h3 class=\"faq-item-question-text\">Czy istnieje spos\u00f3b osadzenia Prezentacji Logo na mojej stronie g\u0142\u00f3wnej Magento bez znajomo\u015bci kodowania?<\/h3>\r\n\r\n\t\t\t\t\t\t<div class=\"faq-item-question-icon\"><\/div>\r\n\t\t\t\t\t<\/div>\r\n\r\n\t\t\t\t\t<div class=\"faq-item-answer\">\r\n\t\t\t\t\t\t<div class=\"faq-item-answer-text\"> <p>Elfsight dostarcza rozwi\u0105zanie w chmurze, kt\u00f3re umo\u017cliwia w\u0142a\u015bcicielom witryn utworzenie sekcji Prezentacji Logo samodzielnie, zapoznaj si\u0119 z prostym przewodnikiem: Przejd\u017a do wersji demonstracyjnej online, aby utworzy\u0107 sekcj\u0119 Prezentacji Logo, kt\u00f3r\u0105 chcia\u0142by\u015b zobaczy\u0107 na stronie g\u0142\u00f3wnej Magento. Kliknij jeden z wielu gotowych szablon\u00f3w i zmie\u0144 ustawienia Logo Showcase, do\u0142\u0105cz swoj\u0105 tre\u015b\u0107, zmie\u0144 uk\u0142ad i kolory bez umiej\u0119tno\u015bci kodowania. Kliknij, aby zapisa\u0107 Logo Showcase i skopiuj kod wid\u017cetu do osadzenia, kt\u00f3ry mo\u017cesz \u0142atwo wklei\u0107 na stronie Magento, korzystaj\u0105c z darmowego planu. Korzystaj\u0105c z przyjaznego dla u\u017cytkownika Edytora, ka\u017cdy u\u017cytkownik sieci mo\u017ce stworzy\u0107 Prezentacj\u0119 Logo i wklei\u0107 j\u0105 na stron\u0119 Magento. Aby wej\u015b\u0107 do Edytora nie trzeba wykupi\u0107 p\u0142atnej subskrypcji ani ujawnia\u0107 danych karty. Je\u015bli napotkasz jakiekolwiek problemy, skontaktuj si\u0119 z naszym zespo\u0142em pomocy technicznej.<\/p> <\/div>\r\n\t\t\t\t\t<\/div>\r\n\t\t\t\t<\/div> <\/div><\/div>","protected":false},"excerpt":{"rendered":"","protected":false},"author":9,"featured_media":0,"parent":2536,"menu_order":0,"comment_status":"closed","ping_status":"closed","template":"templates\/template-application-platform.php","meta":{"publish_to_discourse":"","publish_post_category":"","wpdc_auto_publish_overridden":"","wpdc_topic_tags":"","wpdc_pin_topic":"","wpdc_pin_until":"","discourse_post_id":"","discourse_permalink":"","wpdc_publishing_response":"","wpdc_publishing_error":"","footnotes":""},"class_list":["post-5646","page","type-page","status-publish","hentry"],"yoast_head":"<!-- This site is optimized with the Yoast SEO plugin v25.3.1 - https:\/\/yoast.com\/wordpress\/plugins\/seo\/ -->\n<title>Logo Showcase - Dodaj rozszerzenie Logo Carousel do witryny Magento (2025)<\/title>\n<meta name=\"description\" content=\"Utworzenie rozszerzenia Logo Showcase i dodanie go na swojej stronie Magento jest ca\u0142kowicie proste. Obs\u0142uga klienta Elfsight jest bezp\u0142atna i szybka.\" \/>\n<meta name=\"robots\" content=\"index, follow, max-snippet:-1, max-image-preview:large, max-video-preview:-1\" \/>\n<link rel=\"canonical\" href=\"https:\/\/elfsight.com\/pl\/logo-showcase-widget\/magento\/\" \/>\n<meta property=\"og:locale\" content=\"pl_PL\" \/>\n<meta property=\"og:type\" content=\"article\" \/>\n<meta property=\"og:title\" content=\"Logo Showcase - Dodaj rozszerzenie Logo Carousel do witryny Magento (2025)\" \/>\n<meta property=\"og:description\" content=\"Utworzenie rozszerzenia Logo Showcase i dodanie go na swojej stronie Magento jest ca\u0142kowicie proste. Obs\u0142uga klienta Elfsight jest bezp\u0142atna i szybka.\" \/>\n<meta property=\"og:url\" content=\"https:\/\/elfsight.com\/pl\/logo-showcase-widget\/magento\/\" \/>\n<meta property=\"og:site_name\" content=\"Elfsight PL\" \/>\n<meta property=\"article:modified_time\" content=\"2024-11-14T09:26:29+00:00\" \/>\n<meta name=\"twitter:card\" content=\"summary_large_image\" \/>\n<meta name=\"twitter:label1\" content=\"Szacowany czas czytania\" \/>\n\t<meta name=\"twitter:data1\" content=\"3 minuty\" \/>\n<!-- \/ Yoast SEO plugin. -->","yoast_head_json":{"title":"Logo Showcase - Dodaj rozszerzenie Logo Carousel do witryny Magento (2025)","description":"Utworzenie rozszerzenia Logo Showcase i dodanie go na swojej stronie Magento jest ca\u0142kowicie proste. Obs\u0142uga klienta Elfsight jest bezp\u0142atna i szybka.","robots":{"index":"index","follow":"follow","max-snippet":"max-snippet:-1","max-image-preview":"max-image-preview:large","max-video-preview":"max-video-preview:-1"},"canonical":"https:\/\/elfsight.com\/pl\/logo-showcase-widget\/magento\/","og_locale":"pl_PL","og_type":"article","og_title":"Logo Showcase - Dodaj rozszerzenie Logo Carousel do witryny Magento (2025)","og_description":"Utworzenie rozszerzenia Logo Showcase i dodanie go na swojej stronie Magento jest ca\u0142kowicie proste. Obs\u0142uga klienta Elfsight jest bezp\u0142atna i szybka.","og_url":"https:\/\/elfsight.com\/pl\/logo-showcase-widget\/magento\/","og_site_name":"Elfsight PL","article_modified_time":"2024-11-14T09:26:29+00:00","twitter_card":"summary_large_image","twitter_misc":{"Szacowany czas czytania":"3 minuty"},"schema":{"@context":"https:\/\/schema.org","@graph":[{"@type":"WebPage","@id":"https:\/\/elfsight.com\/pl\/logo-showcase-widget\/magento\/","url":"https:\/\/elfsight.com\/pl\/logo-showcase-widget\/magento\/","name":"Logo Showcase - Dodaj rozszerzenie Logo Carousel do witryny Magento (2025)","isPartOf":{"@id":"https:\/\/elfsight.com\/pl\/#website"},"datePublished":"2024-05-03T06:40:49+00:00","dateModified":"2024-11-14T09:26:29+00:00","description":"Utworzenie rozszerzenia Logo Showcase i dodanie go na swojej stronie Magento jest ca\u0142kowicie proste. Obs\u0142uga klienta Elfsight jest bezp\u0142atna i szybka.","breadcrumb":{"@id":"https:\/\/elfsight.com\/pl\/logo-showcase-widget\/magento\/#breadcrumb"},"inLanguage":"pl-PL","potentialAction":[{"@type":"ReadAction","target":["https:\/\/elfsight.com\/pl\/logo-showcase-widget\/magento\/"]}]},{"@type":"BreadcrumbList","@id":"https:\/\/elfsight.com\/pl\/logo-showcase-widget\/magento\/#breadcrumb","itemListElement":[{"@type":"ListItem","position":1,"name":"Home","item":"https:\/\/elfsight.com\/pl\/"},{"@type":"ListItem","position":2,"name":"Logo Showcase","item":"https:\/\/elfsight.com\/pl\/logo-showcase-widget\/"},{"@type":"ListItem","position":3,"name":"Logo Showcase &#8211; Magento"}]},{"@type":"WebSite","@id":"https:\/\/elfsight.com\/pl\/#website","url":"https:\/\/elfsight.com\/pl\/","name":"Elfsight PL","description":"Just another Elfsight Sites site","potentialAction":[{"@type":"SearchAction","target":{"@type":"EntryPoint","urlTemplate":"https:\/\/elfsight.com\/pl\/?s={search_term_string}"},"query-input":{"@type":"PropertyValueSpecification","valueRequired":true,"valueName":"search_term_string"}}],"inLanguage":"pl-PL"}]}},"meta_box":{"industry":"","seo_heading":"","heading":"","description":"","cta_heading":"","cta_description":"","application":"2535","h1":"Prezentacja logo Magento","h1_caption":"Wy\u015bwietlaj logo swoich partner\u00f3w, sponsor\u00f3w lub klient\u00f3w, bez wysi\u0142ku buduj\u0105c wiarygodno\u015b\u0107 i zaufanie do swojej marki na swojej stronie Magento.","application_category":[],"applications_title":"","applications_request_title":"","applications_request_button_text":"","hero_text":"","hero_video":"","hero_video_schema_markup":"","selling_points_title":"","selling_points_caption":"","selling_points":[],"selling_points_cta_text":"","features_title":"","features":"","ed_cta_examples_text":"","ed_cta_examples_hidden":"","ed_cta_demo_text":"","ed_cta_demo_hidden":"","why_caption":"","why_editor_title":"","why_editor_text":"","why_team_title":"","why_team_text":"","why_service_title":"","why_service_text":"","template_catalog_visible":"","template_catalog_title":"","template_catalog_text":"","template_catalog_categories_visible":"","demo_title":"Utw\u00f3rz rozszerzenie Logo Showcase","demo_caption":"Skonfiguruj swoj\u0105 prezentacj\u0119 logo i dodaj j\u0105 do swojej witryny Magento za darmo!","default_faq_hidden":"","app_template_category":[],"platform":"92","template_public_id":"","codecanyon_url":"","codecanyon_item_id":"","codecanyon_price":"","pricing_caption":"","pricing_elfsight_apps_hide_column":"","pricing_elfsight_apps_url":"","pricing_codecanyon_price_caption":"","integration_category":[],"integration_request_title":"","integration_request_cta":"","integration_platform":"","integrations":[],"platform_category":[],"video_schema_markup":"","price":"od 0 USD \/ miesi\u0105c","trial":"","benefits":[{"text":"Bezp\u0142atna pomoc w monta\u017cu"},{"text":"Profesjonalna obs\u0142uga klienta"},{"text":"14-dniowa gwarancja zwrotu pieni\u0119dzy"}],"button_url":"#demo","button_target_blank":"","button_nofollow":"","attributes":[{"name":"Instaluje"},{"name":"Czu\u0142y"},{"name":"Kompatybilne przegl\u0105darki"}],"tags":[],"tags_disable_links":"","hide_more_platforms":"","video_object":"","demo_hide_cta":"","demo_hide_cloud_options":"","pricing_title":"","pricing":[{"pricing_icon":"platform","pricing_title":"Elfsight Apps","pricing_title_caption":"Wersja wieloplatformowa, kt\u00f3ra dzia\u0142a na ka\u017cdej stronie internetowej","pricing_price":"od 0 USD \/ miesi\u0105c","pricing_price_caption":"zacznij od bezp\u0142atnego planu","pricing_benefits":[{"text":"Nielimitowane domeny"},{"text":"Profesjonalna i terminowa pomoc oraz dobrze udokumentowana"},{"text":"Bezp\u0142atna us\u0142uga monta\u017cu"},{"text":"W pe\u0142ni konfigurowalny"}],"pricing_button_text":"Dodaj do witryny","pricing_button_url":"#demo"}],"related_apps_title":"","related_apps_hidden":"","author":"","image":[],"title":"","job":"","social_networks":[]},"_links":{"self":[{"href":"https:\/\/elfsight.com\/pl\/wp-json\/wp\/v2\/pages\/5646","targetHints":{"allow":["GET"]}}],"collection":[{"href":"https:\/\/elfsight.com\/pl\/wp-json\/wp\/v2\/pages"}],"about":[{"href":"https:\/\/elfsight.com\/pl\/wp-json\/wp\/v2\/types\/page"}],"author":[{"embeddable":true,"href":"https:\/\/elfsight.com\/pl\/wp-json\/wp\/v2\/users\/9"}],"replies":[{"embeddable":true,"href":"https:\/\/elfsight.com\/pl\/wp-json\/wp\/v2\/comments?post=5646"}],"version-history":[{"count":1,"href":"https:\/\/elfsight.com\/pl\/wp-json\/wp\/v2\/pages\/5646\/revisions"}],"predecessor-version":[{"id":5650,"href":"https:\/\/elfsight.com\/pl\/wp-json\/wp\/v2\/pages\/5646\/revisions\/5650"}],"up":[{"embeddable":true,"href":"https:\/\/elfsight.com\/pl\/wp-json\/wp\/v2\/pages\/2536"}],"wp:attachment":[{"href":"https:\/\/elfsight.com\/pl\/wp-json\/wp\/v2\/media?parent=5646"}],"curies":[{"name":"wp","href":"https:\/\/api.w.org\/{rel}","templated":true}]}}