{"id":5645,"date":"2024-05-03T06:40:48","date_gmt":"2024-05-03T06:40:48","guid":{"rendered":"https:\/\/elfsight.com\/pl\/?page_id=5645"},"modified":"2024-11-14T09:20:23","modified_gmt":"2024-11-14T09:20:23","slug":"woocommerce","status":"publish","type":"page","link":"https:\/\/elfsight.com\/pl\/logo-showcase-widget\/woocommerce\/","title":{"rendered":"Logo Showcase &#8211; WooCommerce"},"content":{"rendered":"<div class=\"application-platform-content-item-description application-platform-content-item\" id=\"description\" data-nav-section=\"description\"><h2>Opis<\/h2><p>Elfsight Logo Showcase to najlepsza technika wy\u015bwietlania wszystkich logo klient\u00f3w i sponsor\u00f3w lub Twoich wzmianek w mediach na stronie internetowej. Za pomoc\u0105 widgetu dasz kolejny dow\u00f3d na to, \u017ce jeste\u015b partnerem godnym zaufania i dbasz o dobry wizerunek swojej firmy. Widget Elfsight umo\u017cliwia dodanie dowolnej ilo\u015bci logo, zorganizowanie ich w karuzel\u0119 lub siatk\u0119 oraz zmian\u0119 skali logo. Mo\u017cesz wy\u015bwietla\u0107 podpisy i linki do stron internetowych firm. R\u00f3\u017cnorodno\u015b\u0107 kolor\u00f3w i czcionek u\u0142atwia zaprojektowanie unikalnego interfejsu.<\/p><p><b>Podnie\u015b poziom sprzeda\u017cy, pokazuj\u0105c nienagann\u0105 reputacj\u0119 swojej firmy, dzi\u0119ki logotypom partner\u00f3w na stronie internetowej.<\/b><\/p><\/div> <div class=\"application-platform-content-item-features application-platform-content-item\" id=\"features\" data-nav-section=\"features\"><h2>To tylko niekt\u00f3re z funkcji szerokiego widgetu:<\/h2><ul><li>Mo\u017cliwo\u015b\u0107 po\u0142\u0105czenia logotyp\u00f3w z dowoln\u0105 stron\u0105 internetow\u0105;<\/h2><ul><li>Mo\u017cliwo\u015b\u0107 po\u0142\u0105czenia logotyp\u00f3w z dowoln\u0105 stron\u0105 internetow\u0105;<\/h2> li&gt;<li>Prze\u0142\u0105czany nag\u0142\u00f3wek zawieraj\u0105cy tytu\u0142 i tekst z obs\u0142ug\u0105 formatowania;<\/li><li>Przycisk CTA mo\u017cna powi\u0105za\u0107 z dowolnym adresem;<\/li><li>Trzy zr\u00f3wnowa\u017cone uk\u0142ady: Suwak, Siatka i Karuzela;<\/li><li>Mo\u017cliwo\u015b\u0107 zmiany rozmiaru logo i szeroko\u015bci wid\u017cetu;<\/li><li>Mo\u017cliwo\u015b\u0107 wyboru dowolnego koloru t\u0142a lub przes\u0142ania niestandardowego obrazu.<\/li><\/ul><p><a href=\"#demo\">Sprawd\u017a wszystkie ustawienia w pe\u0142ni funkcjonalnej wersji demonstracyjnej<\/a><\/p><\/div><div class=\"application-platform-content-item-installation application-platform-content-item\" id=\"installation\" data-nav-section=\"installation\"><h2>Jak osadzi\u0107 Logo Showcase w mojej witrynie WooCommerce? <\/h2><p>Wystarczy post\u0119powa\u0107 zgodnie z poni\u017cszymi wskaz\u00f3wkami, aby osadzi\u0107 narz\u0119dzie.<\/p><ol><li><b>Stosuj\u0105c nasz darmowy edytor, zacznij tworzy\u0107 spersonalizowany wid\u017cet.<\/b><br> Okre\u015bl po\u017c\u0105dany interfejs i funkcje narz\u0119dzia oraz zastosuj poprawki.<\/li><li><b>Odbierz indywidualny kod, kt\u00f3ry pojawi si\u0119 w oknie aplikacji Elfsight.<\/b><br> Po zako\u0144czeniu tworzenia wtyczki, skopiuj osobisty kod w wy\u015bwietlonym oknie i zachowaj go na p\u00f3\u017aniej.<\/li><li><b>Rozpocznij korzystanie z wid\u017cetu na swojej stronie WooCommerce.<\/b><br> Dodaj skopiowany wcze\u015bniej kod na swojej stronie internetowej i zapisz poprawki.<\/li><li><b>Gotowe! Osadzanie zosta\u0142o pomy\u015blnie wykonane.<\/b><br> Przejd\u017a do swojej witryny, aby sprawdzi\u0107, jak dzia\u0142a widget.<\/li><\/ol><p>W przypadku napotkania zapyta\u0144 lub napotkania trudno\u015bci, skontaktuj si\u0119 z naszym pracownicy biura Obs\u0142ugi klienta. Nasi ludzie z przyjemno\u015bci\u0105 pomog\u0105 Ci we wszystkich problemach, jakie mo\u017cesz mie\u0107 z wtyczk\u0105.<\/p><div class=\"faq\" data-component=\"FAQ\"><div class=\"faq-item\">\r\n\t\t\t\t\t<div class=\"faq-item-question\">\r\n\t\t\t\t\t\t<h3 class=\"faq-item-question-text\">Czy istnieje mo\u017cliwo\u015b\u0107 osadzenia prezentacji logo na mojej stronie internetowej WooCommerce bez kodowania?<\/h3>\r\n\r\n\t\t\t\t\t\t<div class=\"faq-item-question-icon\"><\/div>\r\n\t\t\t\t\t<\/div>\r\n\r\n\t\t\t\t\t<div class=\"faq-item-answer\">\r\n\t\t\t\t\t\t<div class=\"faq-item-answer-text\"> <p>Elfsight oferuje rozwi\u0105zanie SaaS, kt\u00f3re pozwala u\u017cytkownikom samodzielnie utworzy\u0107 wid\u017cet Logo Showcase. Zobacz, jakie to proste: Rozpocznij prac\u0119 bezpo\u015brednio w wersji demonstracyjnej online, aby utworzy\u0107 wtyczk\u0119 Logo Showcase, kt\u00f3r\u0105 chcesz zintegrowa\u0107 ze stron\u0105 WooCommerce. Zdecyduj si\u0119 na jeden z gotowych szablon\u00f3w i zmodyfikuj ustawienia Logo Showcase, dodaj swoj\u0105 tre\u015b\u0107, zmie\u0144 uk\u0142ad i kolory bez umiej\u0119tno\u015bci kodowania. Kliknij, aby zapisa\u0107 prezentacj\u0119 logo i skopiuj jej kod instalacyjny, kt\u00f3ry mo\u017cna \u0142atwo i bezp\u0142atnie umie\u015bci\u0107 na stronie internetowej WooCommerce. Za pomoc\u0105 prostego w obs\u0142udze Konfiguratora ka\u017cdy internauta mo\u017ce wygenerowa\u0107 Prezentacj\u0119 Logo i \u0142atwo umie\u015bci\u0107 j\u0105 na dowolnej witrynie WooCommerce. Aby uzyska\u0107 dost\u0119p do us\u0142ugi Elfsight, nie trzeba p\u0142aci\u0107 ani wprowadza\u0107 danych uwierzytelniaj\u0105cych karty. Je\u015bli na kt\u00f3rymkolwiek etapie napotkasz jakiekolwiek problemy, nie wahaj si\u0119 porozmawia\u0107 z naszym dzia\u0142em obs\u0142ugi klienta.<\/p> <\/div>\r\n\t\t\t\t\t<\/div>\r\n\t\t\t\t<\/div> <\/div><\/div>","protected":false},"excerpt":{"rendered":"","protected":false},"author":9,"featured_media":0,"parent":2536,"menu_order":0,"comment_status":"closed","ping_status":"closed","template":"templates\/template-application-platform.php","meta":{"publish_to_discourse":"","publish_post_category":"","wpdc_auto_publish_overridden":"","wpdc_topic_tags":"","wpdc_pin_topic":"","wpdc_pin_until":"","discourse_post_id":"","discourse_permalink":"","wpdc_publishing_response":"","wpdc_publishing_error":"","footnotes":""},"class_list":["post-5645","page","type-page","status-publish","hentry"],"yoast_head":"<!-- This site is optimized with the Yoast SEO plugin v25.3.1 - https:\/\/yoast.com\/wordpress\/plugins\/seo\/ -->\n<title>Wtyczka WooCommerce Logo Showcase dla Twojej witryny (2025)<\/title>\n<meta name=\"description\" content=\"Wykorzystaj szans\u0119, aby dostosowa\u0107 wtyczk\u0119 Logo Showcase ju\u017c teraz i wprowadzi\u0107 j\u0105 na swoj\u0105 stron\u0119 WooCommerce bezpo\u015brednio poprzez wersj\u0119 demonstracyjn\u0105.\" \/>\n<meta name=\"robots\" content=\"index, follow, max-snippet:-1, max-image-preview:large, max-video-preview:-1\" \/>\n<link rel=\"canonical\" href=\"https:\/\/elfsight.com\/pl\/logo-showcase-widget\/woocommerce\/\" \/>\n<meta property=\"og:locale\" content=\"pl_PL\" \/>\n<meta property=\"og:type\" content=\"article\" \/>\n<meta property=\"og:title\" content=\"Wtyczka WooCommerce Logo Showcase dla Twojej witryny (2025)\" \/>\n<meta property=\"og:description\" content=\"Wykorzystaj szans\u0119, aby dostosowa\u0107 wtyczk\u0119 Logo Showcase ju\u017c teraz i wprowadzi\u0107 j\u0105 na swoj\u0105 stron\u0119 WooCommerce bezpo\u015brednio poprzez wersj\u0119 demonstracyjn\u0105.\" \/>\n<meta property=\"og:url\" content=\"https:\/\/elfsight.com\/pl\/logo-showcase-widget\/woocommerce\/\" \/>\n<meta property=\"og:site_name\" content=\"Elfsight PL\" \/>\n<meta property=\"article:modified_time\" content=\"2024-11-14T09:20:23+00:00\" \/>\n<meta name=\"twitter:card\" content=\"summary_large_image\" \/>\n<meta name=\"twitter:label1\" content=\"Szacowany czas czytania\" \/>\n\t<meta name=\"twitter:data1\" content=\"3 minuty\" \/>\n<!-- \/ Yoast SEO plugin. -->","yoast_head_json":{"title":"Wtyczka WooCommerce Logo Showcase dla Twojej witryny (2025)","description":"Wykorzystaj szans\u0119, aby dostosowa\u0107 wtyczk\u0119 Logo Showcase ju\u017c teraz i wprowadzi\u0107 j\u0105 na swoj\u0105 stron\u0119 WooCommerce bezpo\u015brednio poprzez wersj\u0119 demonstracyjn\u0105.","robots":{"index":"index","follow":"follow","max-snippet":"max-snippet:-1","max-image-preview":"max-image-preview:large","max-video-preview":"max-video-preview:-1"},"canonical":"https:\/\/elfsight.com\/pl\/logo-showcase-widget\/woocommerce\/","og_locale":"pl_PL","og_type":"article","og_title":"Wtyczka WooCommerce Logo Showcase dla Twojej witryny (2025)","og_description":"Wykorzystaj szans\u0119, aby dostosowa\u0107 wtyczk\u0119 Logo Showcase ju\u017c teraz i wprowadzi\u0107 j\u0105 na swoj\u0105 stron\u0119 WooCommerce bezpo\u015brednio poprzez wersj\u0119 demonstracyjn\u0105.","og_url":"https:\/\/elfsight.com\/pl\/logo-showcase-widget\/woocommerce\/","og_site_name":"Elfsight PL","article_modified_time":"2024-11-14T09:20:23+00:00","twitter_card":"summary_large_image","twitter_misc":{"Szacowany czas czytania":"3 minuty"},"schema":{"@context":"https:\/\/schema.org","@graph":[{"@type":"WebPage","@id":"https:\/\/elfsight.com\/pl\/logo-showcase-widget\/woocommerce\/","url":"https:\/\/elfsight.com\/pl\/logo-showcase-widget\/woocommerce\/","name":"Wtyczka WooCommerce Logo Showcase dla Twojej witryny (2025)","isPartOf":{"@id":"https:\/\/elfsight.com\/pl\/#website"},"datePublished":"2024-05-03T06:40:48+00:00","dateModified":"2024-11-14T09:20:23+00:00","description":"Wykorzystaj szans\u0119, aby dostosowa\u0107 wtyczk\u0119 Logo Showcase ju\u017c teraz i wprowadzi\u0107 j\u0105 na swoj\u0105 stron\u0119 WooCommerce bezpo\u015brednio poprzez wersj\u0119 demonstracyjn\u0105.","breadcrumb":{"@id":"https:\/\/elfsight.com\/pl\/logo-showcase-widget\/woocommerce\/#breadcrumb"},"inLanguage":"pl-PL","potentialAction":[{"@type":"ReadAction","target":["https:\/\/elfsight.com\/pl\/logo-showcase-widget\/woocommerce\/"]}]},{"@type":"BreadcrumbList","@id":"https:\/\/elfsight.com\/pl\/logo-showcase-widget\/woocommerce\/#breadcrumb","itemListElement":[{"@type":"ListItem","position":1,"name":"Home","item":"https:\/\/elfsight.com\/pl\/"},{"@type":"ListItem","position":2,"name":"Logo Showcase","item":"https:\/\/elfsight.com\/pl\/logo-showcase-widget\/"},{"@type":"ListItem","position":3,"name":"Logo Showcase &#8211; WooCommerce"}]},{"@type":"WebSite","@id":"https:\/\/elfsight.com\/pl\/#website","url":"https:\/\/elfsight.com\/pl\/","name":"Elfsight PL","description":"Just another Elfsight Sites site","potentialAction":[{"@type":"SearchAction","target":{"@type":"EntryPoint","urlTemplate":"https:\/\/elfsight.com\/pl\/?s={search_term_string}"},"query-input":{"@type":"PropertyValueSpecification","valueRequired":true,"valueName":"search_term_string"}}],"inLanguage":"pl-PL"}]}},"meta_box":{"industry":"","seo_heading":"","heading":"","description":"","cta_heading":"","cta_description":"","application":"2535","h1":"Wtyczka WooCommerce Logo Showcase","h1_caption":"Wy\u015bwietlaj logo swoich partner\u00f3w, sponsor\u00f3w lub klient\u00f3w, buduj\u0105c wiarygodno\u015b\u0107 i zaufanie dla swojej marki w swojej witrynie WooCommerce bez wysi\u0142ku.","application_category":[],"applications_title":"","applications_request_title":"","applications_request_button_text":"","hero_text":"","hero_video":"","hero_video_schema_markup":"","selling_points_title":"","selling_points_caption":"","selling_points":[],"selling_points_cta_text":"","features_title":"","features":"","ed_cta_examples_text":"","ed_cta_examples_hidden":"","ed_cta_demo_text":"","ed_cta_demo_hidden":"","why_caption":"","why_editor_title":"","why_editor_text":"","why_team_title":"","why_team_text":"","why_service_title":"","why_service_text":"","template_catalog_visible":"","template_catalog_title":"","template_catalog_text":"","template_catalog_categories_visible":"","demo_title":"Utw\u00f3rz aplikacj\u0119 Logo Showcase","demo_caption":"Skonfiguruj swoj\u0105 prezentacj\u0119 logo i dodaj j\u0105 do swojej witryny WooCommerce za darmo!","default_faq_hidden":"","app_template_category":[],"platform":"335","template_public_id":"","codecanyon_url":"","codecanyon_item_id":"","codecanyon_price":"","pricing_caption":"","pricing_elfsight_apps_hide_column":"","pricing_elfsight_apps_url":"","pricing_codecanyon_price_caption":"","integration_category":[],"integration_request_title":"","integration_request_cta":"","integration_platform":"","integrations":[],"platform_category":[],"video_schema_markup":"","price":"od 0 USD \/ miesi\u0105c","trial":"","benefits":[{"text":"Bezp\u0142atna pomoc w monta\u017cu"},{"text":"Wsparcie premium"},{"text":"14-dniowa gwarancja zwrotu pieni\u0119dzy"}],"button_url":"#demo","button_target_blank":"","button_nofollow":"","attributes":[{"name":"Instaluje"},{"name":"Czu\u0142y"},{"name":"Kompatybilne przegl\u0105darki"}],"tags":[],"tags_disable_links":"","hide_more_platforms":"","video_object":"","demo_hide_cta":"","demo_hide_cloud_options":"","pricing_title":"","pricing":[{"pricing_icon":"platform","pricing_title":"Elfsight Apps","pricing_title_caption":"Oprogramowanie wieloplatformowe, kt\u00f3re dzia\u0142a na dowolnej stronie internetowej","pricing_price":"od 0 USD \/ miesi\u0105c","pricing_price_caption":"zacznij od bezp\u0142atnego planu","pricing_benefits":[{"text":"Nielimitowane strony internetowe"},{"text":"Bezp\u0142atna obs\u0142uga klienta i dobrze udokumentowana"},{"text":"Bezp\u0142atna pomoc w monta\u017cu"},{"text":"100% konfigurowalny"}],"pricing_button_text":"Dodaj do witryny","pricing_button_url":"#demo"}],"related_apps_title":"","related_apps_hidden":"","author":"","image":[],"title":"","job":"","social_networks":[]},"_links":{"self":[{"href":"https:\/\/elfsight.com\/pl\/wp-json\/wp\/v2\/pages\/5645","targetHints":{"allow":["GET"]}}],"collection":[{"href":"https:\/\/elfsight.com\/pl\/wp-json\/wp\/v2\/pages"}],"about":[{"href":"https:\/\/elfsight.com\/pl\/wp-json\/wp\/v2\/types\/page"}],"author":[{"embeddable":true,"href":"https:\/\/elfsight.com\/pl\/wp-json\/wp\/v2\/users\/9"}],"replies":[{"embeddable":true,"href":"https:\/\/elfsight.com\/pl\/wp-json\/wp\/v2\/comments?post=5645"}],"version-history":[{"count":1,"href":"https:\/\/elfsight.com\/pl\/wp-json\/wp\/v2\/pages\/5645\/revisions"}],"predecessor-version":[{"id":5649,"href":"https:\/\/elfsight.com\/pl\/wp-json\/wp\/v2\/pages\/5645\/revisions\/5649"}],"up":[{"embeddable":true,"href":"https:\/\/elfsight.com\/pl\/wp-json\/wp\/v2\/pages\/2536"}],"wp:attachment":[{"href":"https:\/\/elfsight.com\/pl\/wp-json\/wp\/v2\/media?parent=5645"}],"curies":[{"name":"wp","href":"https:\/\/api.w.org\/{rel}","templated":true}]}}