{"id":5639,"date":"2024-05-03T06:40:46","date_gmt":"2024-05-03T06:40:46","guid":{"rendered":"https:\/\/elfsight.com\/pl\/?page_id=5639"},"modified":"2024-11-14T08:52:57","modified_gmt":"2024-11-14T08:52:57","slug":"google-sites","status":"publish","type":"page","link":"https:\/\/elfsight.com\/pl\/logo-showcase-widget\/google-sites\/","title":{"rendered":"Logo Showcase  &#8211; Google Sites"},"content":{"rendered":"<div class=\"application-platform-content-item-description application-platform-content-item\" id=\"description\" data-nav-section=\"description\"><h2>Osad\u017a prezentacj\u0119 logo w Witrynach Google za pomoc\u0105 wid\u017cetu Elfsight<\/h2> <p>Prezentacja logo Elfsight w Witrynach Google b\u0119dzie doskona\u0142\u0105 technik\u0105 wy\u015bwietlanie logo Twoich klient\u00f3w i promotor\u00f3w lub Twoich wzmianek w mediach na Twojej stronie. Dzi\u0119ki wid\u017cetowi przekonasz odwiedzaj\u0105cych, \u017ce Twoja firma jest godnym zaufania towarzyszem i podtrzymasz pozytywn\u0105 wizj\u0119 swojego biznesu. Wid\u017cet umo\u017cliwia dodawanie niesko\u0144czonej liczby logo, budowanie ich w karuzel\u0119 lub siatk\u0119 oraz dostosowywanie rozmiaru logo. Mo\u017cesz wy\u015bwietla\u0107 podpisy i linki do stron internetowych firm. R\u00f3\u017cne kolory i opcje czcionek pozwalaj\u0105 skonfigurowa\u0107 spersonalizowany wygl\u0105d. <\/p><p><b>Zwi\u0119ksz sprzeda\u017c, pokazuj\u0105c doskona\u0142\u0105 reputacj\u0119 swojej firmy, dzi\u0119ki logo klient\u00f3w na swojej stronie. <\/b><\/p><\/div> <div class=\"application-platform-content-item-features application-platform-content-item\" id=\"features\" data-nav-section=\"features\"><h2>G\u0142\u00f3wne cechy wid\u017cetu Logo Showcase<\/h2> <p>Tutaj mo\u017cesz zobaczy\u0107 wszystkie cechy funkcjonalne Logo Showcase. Mo\u017cesz nimi zarz\u0105dza\u0107 bezpo\u015brednio w edytorze, a one pomog\u0105 Ci stworzy\u0107 wid\u017cet najbardziej odpowiadaj\u0105cy Twoim potrzebom. <\/p><ul><li>Ka\u017cdy logotyp mo\u017cesz po\u0142\u0105czy\u0107 z dowoln\u0105 stron\u0105 internetow\u0105; <\/li><li>Usuwalny nag\u0142\u00f3wek wid\u017cetu zawieraj\u0105cy tytu\u0142 i tekst z mo\u017cliwo\u015bci\u0105 formatowania; <\/li><li>Przycisk CTA mo\u017cna powi\u0105za\u0107 z dowoln\u0105 stron\u0105 internetow\u0105; <\/li><li>Trzy r\u00f3\u017cne uk\u0142ady: suwak, siatka i karuzela; <\/li><li>Opcja zmiany rozmiaru logo i szeroko\u015bci wid\u017cetu; <\/li><li> Wybierz dowolny kolor t\u0142a lub prze\u015blij niestandardowy plik. <\/li><\/ul><p><a href=\"#demo\">Mo\u017cesz przetestowa\u0107 wszystkie funkcje wid\u017cetu bezpo\u015brednio w wersji demonstracyjnej<\/a><\/p><\/div> <div class=\"application-platform-content-item-installation application-platform-content-item\" id=\"installation\" data-nav-section=\"installation\"> <h2>Jak doda\u0107 Prezentacj\u0119 logo do Witryn Google? <\/h2><p>Aby wprowadzi\u0107 wid\u017cet, post\u0119puj zgodnie z poni\u017cszymi instrukcjami<\/p><ul><li><b>Utw\u00f3rz spersonalizowan\u0105 wtyczk\u0119 Logo Showcase<\/b><br>Zarz\u0105dzaj nasz\u0105 bezp\u0142atn\u0105 wersj\u0105 demonstracyjn\u0105, pobierz wtyczk\u0119 z niestandardow\u0105 kompozycj\u0119 i funkcjonalno\u015b\u0107. <\/li> <li><b>Zdob\u0105d\u017a indywidualny kod, aby zainstalowa\u0107 wtyczk\u0119<\/b><br>Po skonfigurowaniu wid\u017cetu otrzymasz sw\u00f3j osobisty kod z wyskakuj\u0105cego powiadomienia w aplikacjach Elfsight. Skopiuj to. <\/li> <li><b>Osad\u017a wtyczk\u0119 na swojej stronie Muse<\/b><br>Przejd\u017a do obszaru, w kt\u00f3rym chcesz umie\u015bci\u0107 wtyczk\u0119 i dodaj tam skopiowany kod. Zapisz wyniki. <\/li> <li><b>Gotowe! <\/b><br>Odwied\u017a swoj\u0105 stron\u0119 i zobacz swoj\u0105 prac\u0119. <\/li><\/ul><div class=\"tip-yellow tip\"><b>Ze wzgl\u0119du na specyfik\u0119 dzia\u0142ania Witryn Google wid\u017cet mo\u017ce wygl\u0105da\u0107 inaczej ni\u017c wersja demonstracyjna online. Przepraszamy za wszelkie niedogodno\u015bci.<\/b><\/div><p>Je\u015bli potrzebujesz pomocy lub masz pytania, mo\u017cesz zwr\u00f3ci\u0107 si\u0119 do dzia\u0142u obs\u0142ugi klienta. Nasi specjali\u015bci pomog\u0105 w ka\u017cdej sprawie. <\/p><div class=\"faq\" data-component=\"FAQ\"><div class=\"faq-item\">\r\n\t\t\t\t\t<div class=\"faq-item-question\">\r\n\t\t\t\t\t\t<h3 class=\"faq-item-question-text\">Czy istnieje spos\u00f3b osadzenia Logo Showcase w mojej witrynie Google Sites bez umiej\u0119tno\u015bci kodowania?<\/h3>\r\n\r\n\t\t\t\t\t\t<div class=\"faq-item-question-icon\"><\/div>\r\n\t\t\t\t\t<\/div>\r\n\r\n\t\t\t\t\t<div class=\"faq-item-answer\">\r\n\t\t\t\t\t\t<div class=\"faq-item-answer-text\"> <p>Elfsight dostarcza rozwi\u0105zanie, kt\u00f3re pozwala u\u017cytkownikom samodzielnie stworzy\u0107 aplikacj\u0119 Logo Showcase, obejrzyj jakie to proste: przejd\u017a do aktywnego edytora, aby utworzy\u0107 sekcj\u0119 Prezentacja logo, kt\u00f3r\u0105 chcesz umie\u015bci\u0107 w swojej witrynie Witryn Google. Wybierz jeden z wielu gotowych szablon\u00f3w i zmie\u0144 ustawienia Logo Showcase, dodaj swoj\u0105 tre\u015b\u0107, zmie\u0144 uk\u0142ad i kolor element\u00f3w bez znajomo\u015bci kodowania. Zapisz Prezentacj\u0119 logo i skopiuj kod instalacyjny, kt\u00f3ry mo\u017cna umie\u015bci\u0107 w witrynie Witryn Google bez konieczno\u015bci kupowania p\u0142atnego planu. Pracuj\u0105c w przyjaznym dla u\u017cytkownika Konfiguratorze, ka\u017cdy internauta mo\u017ce stworzy\u0107 wtyczk\u0119 Logo Showcase i po prostu wklei\u0107 j\u0105 na stron\u0119 Google Sites. Aby uzyska\u0107 dost\u0119p do naszych us\u0142ug, nie wolno p\u0142aci\u0107 ani wprowadza\u0107 danych uwierzytelniaj\u0105cych karty. Je\u015bli na kt\u00f3rymkolwiek etapie napotkasz jakiekolwiek przeszkody, porozmawiaj z naszym zespo\u0142em pomocy technicznej.<\/p> <\/div>\r\n\t\t\t\t\t<\/div>\r\n\t\t\t\t<\/div> <\/div><\/div>","protected":false},"excerpt":{"rendered":"","protected":false},"author":9,"featured_media":0,"parent":2536,"menu_order":0,"comment_status":"closed","ping_status":"closed","template":"templates\/template-application-platform.php","meta":{"publish_to_discourse":"","publish_post_category":"","wpdc_auto_publish_overridden":"","wpdc_topic_tags":"","wpdc_pin_topic":"","wpdc_pin_until":"","discourse_post_id":"","discourse_permalink":"","wpdc_publishing_response":"","wpdc_publishing_error":"","footnotes":""},"class_list":["post-5639","page","type-page","status-publish","hentry"],"yoast_head":"<!-- This site is optimized with the Yoast SEO plugin v25.3.1 - https:\/\/yoast.com\/wordpress\/plugins\/seo\/ -->\n<title>Prezentacja logo \u2013 dodanie wid\u017cetu logo do Witryn Google (2025)<\/title>\n<meta name=\"description\" content=\"Dodaj responsywne rozszerzenie Logo Showcase do swojej witryny Witryn Google i zdob\u0105d\u017a pe\u0142ne zaufanie. Skorzystaj z \u0142atwej w obs\u0142udze wersji demonstracyjnej Elfsight, aby ukszta\u0142towa\u0107 swoje unikalne narz\u0119dzie.\" \/>\n<meta name=\"robots\" content=\"index, follow, max-snippet:-1, max-image-preview:large, max-video-preview:-1\" \/>\n<link rel=\"canonical\" href=\"https:\/\/elfsight.com\/pl\/logo-showcase-widget\/google-sites\/\" \/>\n<meta property=\"og:locale\" content=\"pl_PL\" \/>\n<meta property=\"og:type\" content=\"article\" \/>\n<meta property=\"og:title\" content=\"Prezentacja logo \u2013 dodanie wid\u017cetu logo do Witryn Google (2025)\" \/>\n<meta property=\"og:description\" content=\"Dodaj responsywne rozszerzenie Logo Showcase do swojej witryny Witryn Google i zdob\u0105d\u017a pe\u0142ne zaufanie. Skorzystaj z \u0142atwej w obs\u0142udze wersji demonstracyjnej Elfsight, aby ukszta\u0142towa\u0107 swoje unikalne narz\u0119dzie.\" \/>\n<meta property=\"og:url\" content=\"https:\/\/elfsight.com\/pl\/logo-showcase-widget\/google-sites\/\" \/>\n<meta property=\"og:site_name\" content=\"Elfsight PL\" \/>\n<meta property=\"article:modified_time\" content=\"2024-11-14T08:52:57+00:00\" \/>\n<meta name=\"twitter:card\" content=\"summary_large_image\" \/>\n<meta name=\"twitter:label1\" content=\"Szacowany czas czytania\" \/>\n\t<meta name=\"twitter:data1\" content=\"3 minuty\" \/>\n<!-- \/ Yoast SEO plugin. -->","yoast_head_json":{"title":"Prezentacja logo \u2013 dodanie wid\u017cetu logo do Witryn Google (2025)","description":"Dodaj responsywne rozszerzenie Logo Showcase do swojej witryny Witryn Google i zdob\u0105d\u017a pe\u0142ne zaufanie. Skorzystaj z \u0142atwej w obs\u0142udze wersji demonstracyjnej Elfsight, aby ukszta\u0142towa\u0107 swoje unikalne narz\u0119dzie.","robots":{"index":"index","follow":"follow","max-snippet":"max-snippet:-1","max-image-preview":"max-image-preview:large","max-video-preview":"max-video-preview:-1"},"canonical":"https:\/\/elfsight.com\/pl\/logo-showcase-widget\/google-sites\/","og_locale":"pl_PL","og_type":"article","og_title":"Prezentacja logo \u2013 dodanie wid\u017cetu logo do Witryn Google (2025)","og_description":"Dodaj responsywne rozszerzenie Logo Showcase do swojej witryny Witryn Google i zdob\u0105d\u017a pe\u0142ne zaufanie. Skorzystaj z \u0142atwej w obs\u0142udze wersji demonstracyjnej Elfsight, aby ukszta\u0142towa\u0107 swoje unikalne narz\u0119dzie.","og_url":"https:\/\/elfsight.com\/pl\/logo-showcase-widget\/google-sites\/","og_site_name":"Elfsight PL","article_modified_time":"2024-11-14T08:52:57+00:00","twitter_card":"summary_large_image","twitter_misc":{"Szacowany czas czytania":"3 minuty"},"schema":{"@context":"https:\/\/schema.org","@graph":[{"@type":"WebPage","@id":"https:\/\/elfsight.com\/pl\/logo-showcase-widget\/google-sites\/","url":"https:\/\/elfsight.com\/pl\/logo-showcase-widget\/google-sites\/","name":"Prezentacja logo \u2013 dodanie wid\u017cetu logo do Witryn Google (2025)","isPartOf":{"@id":"https:\/\/elfsight.com\/pl\/#website"},"datePublished":"2024-05-03T06:40:46+00:00","dateModified":"2024-11-14T08:52:57+00:00","description":"Dodaj responsywne rozszerzenie Logo Showcase do swojej witryny Witryn Google i zdob\u0105d\u017a pe\u0142ne zaufanie. Skorzystaj z \u0142atwej w obs\u0142udze wersji demonstracyjnej Elfsight, aby ukszta\u0142towa\u0107 swoje unikalne narz\u0119dzie.","breadcrumb":{"@id":"https:\/\/elfsight.com\/pl\/logo-showcase-widget\/google-sites\/#breadcrumb"},"inLanguage":"pl-PL","potentialAction":[{"@type":"ReadAction","target":["https:\/\/elfsight.com\/pl\/logo-showcase-widget\/google-sites\/"]}]},{"@type":"BreadcrumbList","@id":"https:\/\/elfsight.com\/pl\/logo-showcase-widget\/google-sites\/#breadcrumb","itemListElement":[{"@type":"ListItem","position":1,"name":"Home","item":"https:\/\/elfsight.com\/pl\/"},{"@type":"ListItem","position":2,"name":"Logo Showcase","item":"https:\/\/elfsight.com\/pl\/logo-showcase-widget\/"},{"@type":"ListItem","position":3,"name":"Logo Showcase &#8211; Google Sites"}]},{"@type":"WebSite","@id":"https:\/\/elfsight.com\/pl\/#website","url":"https:\/\/elfsight.com\/pl\/","name":"Elfsight PL","description":"Just another Elfsight Sites site","potentialAction":[{"@type":"SearchAction","target":{"@type":"EntryPoint","urlTemplate":"https:\/\/elfsight.com\/pl\/?s={search_term_string}"},"query-input":{"@type":"PropertyValueSpecification","valueRequired":true,"valueName":"search_term_string"}}],"inLanguage":"pl-PL"}]}},"meta_box":{"industry":"","seo_heading":"","heading":"","description":"","cta_heading":"","cta_description":"","application":"2535","h1":"Widget Prezentacja logo Witryn Google","h1_caption":"Pochwal si\u0119 logotypami klient\u00f3w lub wsp\u00f3\u0142pracownik\u00f3w na swojej stronie, aby zwi\u0119kszy\u0107 wiarygodno\u015b\u0107","application_category":[],"applications_title":"","applications_request_title":"","applications_request_button_text":"","hero_text":"","hero_video":"","hero_video_schema_markup":"","selling_points_title":"","selling_points_caption":"","selling_points":[],"selling_points_cta_text":"","features_title":"","features":"","ed_cta_examples_text":"","ed_cta_examples_hidden":"","ed_cta_demo_text":"","ed_cta_demo_hidden":"","why_caption":"","why_editor_title":"","why_editor_text":"","why_team_title":"","why_team_text":"","why_service_title":"","why_service_text":"","template_catalog_visible":"","template_catalog_title":"","template_catalog_text":"","template_catalog_categories_visible":"","demo_title":"Utw\u00f3rz wid\u017cet Prezentacja logo","demo_caption":"Skonfiguruj swoj\u0105 prezentacj\u0119 logo i dodaj j\u0105 do swojej witryny Google Sites za darmo!","default_faq_hidden":"","app_template_category":[],"platform":"484","template_public_id":"","codecanyon_url":"","codecanyon_item_id":"","codecanyon_price":"","pricing_caption":"","pricing_elfsight_apps_hide_column":"","pricing_elfsight_apps_url":"","pricing_codecanyon_price_caption":"","integration_category":[],"integration_request_title":"","integration_request_cta":"","integration_platform":"","integrations":[],"platform_category":[],"video_schema_markup":"","price":"od 0 USD \/ miesi\u0105c","trial":"","benefits":[{"text":"Bezp\u0142atna pomoc w monta\u017cu"},{"text":"Skuteczna obs\u0142uga klienta"},{"text":"14-dniowa gwarancja zwrotu pieni\u0119dzy"}],"button_url":"#demo","button_target_blank":"","button_nofollow":"","attributes":[{"name":"Instaluje"},{"name":"Czu\u0142y"},{"name":"Kompatybilne przegl\u0105darki"}],"tags":[],"tags_disable_links":"","hide_more_platforms":"","video_object":"","demo_hide_cta":"","demo_hide_cloud_options":"","pricing_title":"","pricing":[{"pricing_icon":"cloud","pricing_title":"Elfsight Apps","pricing_title_caption":"Oprogramowanie wieloplatformowe","pricing_price":"od 0 USD \/ miesi\u0105c","pricing_price_caption":"zacznij od bezp\u0142atnego planu","pricing_benefits":[{"text":"Nielimitowane strony internetowe"},{"text":"Dedykowana obs\u0142uga klienta"},{"text":"Bezp\u0142atna pomoc w monta\u017cu"},{"text":"Elastyczny projekt"}],"pricing_button_text":"Dodaj do witryny","pricing_button_url":"#demo"}],"related_apps_title":"","related_apps_hidden":"","author":"","image":[],"title":"","job":"","social_networks":[]},"_links":{"self":[{"href":"https:\/\/elfsight.com\/pl\/wp-json\/wp\/v2\/pages\/5639","targetHints":{"allow":["GET"]}}],"collection":[{"href":"https:\/\/elfsight.com\/pl\/wp-json\/wp\/v2\/pages"}],"about":[{"href":"https:\/\/elfsight.com\/pl\/wp-json\/wp\/v2\/types\/page"}],"author":[{"embeddable":true,"href":"https:\/\/elfsight.com\/pl\/wp-json\/wp\/v2\/users\/9"}],"replies":[{"embeddable":true,"href":"https:\/\/elfsight.com\/pl\/wp-json\/wp\/v2\/comments?post=5639"}],"version-history":[{"count":1,"href":"https:\/\/elfsight.com\/pl\/wp-json\/wp\/v2\/pages\/5639\/revisions"}],"predecessor-version":[{"id":5643,"href":"https:\/\/elfsight.com\/pl\/wp-json\/wp\/v2\/pages\/5639\/revisions\/5643"}],"up":[{"embeddable":true,"href":"https:\/\/elfsight.com\/pl\/wp-json\/wp\/v2\/pages\/2536"}],"wp:attachment":[{"href":"https:\/\/elfsight.com\/pl\/wp-json\/wp\/v2\/media?parent=5639"}],"curies":[{"name":"wp","href":"https:\/\/api.w.org\/{rel}","templated":true}]}}