{"id":5638,"date":"2024-05-03T06:40:45","date_gmt":"2024-05-03T06:40:45","guid":{"rendered":"https:\/\/elfsight.com\/pl\/?page_id=5638"},"modified":"2024-10-24T13:15:00","modified_gmt":"2024-10-24T13:15:00","slug":"godaddy","status":"publish","type":"page","link":"https:\/\/elfsight.com\/pl\/logo-showcase-widget\/godaddy\/","title":{"rendered":"Logo Showcase &#8211; GoDaddy"},"content":{"rendered":"<div class=\"application-platform-content-item-description application-platform-content-item\" id=\"description\" data-nav-section=\"description\"> <h2>Osad\u017a prezentacj\u0119 logo w serwisie GoDaddy za pomoc\u0105 wid\u017cetu Elfsight<\/h2> <p>Prezentacja logo Elfsight b\u0119dzie doskona\u0142\u0105 technik\u0105 wy\u015bwietlania prezentacji logo Twoich klient\u00f3w i logo promotor\u00f3w lub Twoje wzmianki w mediach na Twojej stronie. Dzi\u0119ki wtyczce przekonasz odwiedzaj\u0105cych, \u017ce Twoja firma jest godnym zaufania towarzyszem i podtrzymasz pozytywn\u0105 wizj\u0119 swojego biznesu. Wtyczka umo\u017cliwia dodawanie niesko\u0144czonej liczby logo, budowanie ich w karuzeli lub siatce oraz dostosowywanie rozmiaru logo. Mo\u017cesz wy\u015bwietla\u0107 podpisy i linki do stron internetowych firm. R\u00f3\u017cne kolory i opcje czcionek pozwalaj\u0105 skonfigurowa\u0107 spersonalizowany wygl\u0105d. <\/p><p><b>Zwi\u0119ksz sprzeda\u017c, pokazuj\u0105c doskona\u0142\u0105 reputacj\u0119 swojej firmy, dzi\u0119ki logo klient\u00f3w na swojej stronie. <\/b><\/p><\/div> <div class=\"application-platform-content-item-features application-platform-content-item\" id=\"features\" data-nav-section=\"features\"><h2>G\u0142\u00f3wne cechy wid\u017cetu Logo Showcase<\/h2> <p>Tutaj mo\u017cesz zobaczy\u0107 wszystkie cechy funkcjonalne Logo Showcase. Mo\u017cesz nimi zarz\u0105dza\u0107 bezpo\u015brednio w edytorze, a one pomog\u0105 Ci stworzy\u0107 wtyczk\u0119 najbardziej odpowiadaj\u0105c\u0105 Twoim potrzebom. <\/p><ul><li>Ka\u017cdy logotyp mo\u017cesz po\u0142\u0105czy\u0107 z dowoln\u0105 stron\u0105 internetow\u0105; <\/li><li>Usuwalny nag\u0142\u00f3wek wtyczki zawieraj\u0105cy tytu\u0142 i tekst z mo\u017cliwo\u015bci\u0105 formatowania; <\/li><li>Przycisk CTA mo\u017cna powi\u0105za\u0107 z dowoln\u0105 stron\u0105 internetow\u0105; <\/li><li>Trzy r\u00f3\u017cne uk\u0142ady: suwak, siatka i karuzela; <\/li><li>Opcja zmiany rozmiaru logo i szeroko\u015bci wtyczki; <\/li><li> Wybierz dowolny kolor t\u0142a lub prze\u015blij niestandardowy plik. <\/li><\/ul><p><a href=\"#demo\">Mo\u017cesz przetestowa\u0107 wszystkie funkcje wtyczki bezpo\u015brednio w wersji demonstracyjnej<\/a><\/p><\/div> <div class=\"application-platform-content-item-installation application-platform-content-item\" id=\"installation\" data-nav-section=\"installation\"> <h2>Jak doda\u0107 Prezentacj\u0119 logo do GoDaddy? <\/h2><p>Aby wprowadzi\u0107 wtyczk\u0119, post\u0119puj zgodnie z poni\u017cszymi instrukcjami<\/p><ul><li><b>Utw\u00f3rz spersonalizowan\u0105 wtyczk\u0119 Logo Showcase<\/b><br>Zarz\u0105dzaj nasz\u0105 bezp\u0142atn\u0105 wersj\u0105 demonstracyjn\u0105, pobierz wtyczk\u0119 z niestandardow\u0105 kompozycj\u0119 i funkcjonalno\u015b\u0107. <\/li> <li><b>Zdob\u0105d\u017a indywidualny kod, aby zainstalowa\u0107 wtyczk\u0119<\/b><br>Po skonfigurowaniu wtyczki otrzymasz sw\u00f3j osobisty kod z wyskakuj\u0105cego powiadomienia w aplikacji Elfsight. Skopiuj to. <\/li> <li><b>Osad\u017a wtyczk\u0119 na swojej stronie Muse<\/b><br>Przejd\u017a do obszaru, w kt\u00f3rym chcesz umie\u015bci\u0107 wtyczk\u0119 i dodaj tam skopiowany kod. Zapisz wyniki. <\/li> <li><b>Gotowe! <\/b><br>Odwied\u017a swoj\u0105 stron\u0119 i zobacz swoj\u0105 prac\u0119. <\/li><\/ul><p>Je\u015bli potrzebujesz pomocy lub masz pytania, mo\u017cesz zwr\u00f3ci\u0107 si\u0119 do dzia\u0142u obs\u0142ugi klienta. Nasi specjali\u015bci pomog\u0105 w ka\u017cdej sprawie. <\/p><div class=\"faq\" data-component=\"FAQ\"><div class=\"faq-item\">\r\n\t\t\t\t\t<div class=\"faq-item-question\">\r\n\t\t\t\t\t\t<h3 class=\"faq-item-question-text\">Czy istnieje opcja osadzenia Logo Showcase na mojej stronie internetowej GoDaddy bez umiej\u0119tno\u015bci kodowania?<\/h3>\r\n\r\n\t\t\t\t\t\t<div class=\"faq-item-question-icon\"><\/div>\r\n\t\t\t\t\t<\/div>\r\n\r\n\t\t\t\t\t<div class=\"faq-item-answer\">\r\n\t\t\t\t\t\t<div class=\"faq-item-answer-text\"> <p>Elfsight oferuje rozwi\u0105zanie SaaS, kt\u00f3re pozwala samodzielnie zbudowa\u0107 sekcj\u0119 Logo Showcase, odkryj nieskomplikowane instrukcje: Zacznij od razu w wersji demonstracyjnej online, aby wygenerowa\u0107 sekcj\u0119 Prezentacja logo, kt\u00f3r\u0105 chcesz wy\u015bwietli\u0107 na stronie g\u0142\u00f3wnej GoDaddy. Kliknij jeden z gotowych szablon\u00f3w i dostosuj ustawienia Logo Showcase, zaktualizuj tre\u015b\u0107, zmie\u0144 uk\u0142ad i kolor element\u00f3w bez do\u015bwiadczenia w kodowaniu. Zapisz Prezentacj\u0119 logo i skopiuj kod do umieszczenia, kt\u00f3ry mo\u017cna \u0142atwo osadzi\u0107 w witrynie GoDaddy bez konieczno\u015bci kupowania p\u0142atnego planu. Dzi\u0119ki naszemu intuicyjnemu konfiguratorowi ka\u017cdy u\u017cytkownik sieci mo\u017ce utworzy\u0107 sekcj\u0119 Prezentacja logo online i po prostu doda\u0107 j\u0105 do strony g\u0142\u00f3wnej GoDaddy. Aby wej\u015b\u0107 do Edytora nie jest wymagana p\u0142atno\u015b\u0107 ani ujawnianie danych karty. Je\u015bli na kt\u00f3rymkolwiek etapie napotkasz jakiekolwiek problemy, skontaktuj si\u0119 z naszym zespo\u0142em pomocy technicznej.<\/p> <\/div>\r\n\t\t\t\t\t<\/div>\r\n\t\t\t\t<\/div> <\/div><\/div>","protected":false},"excerpt":{"rendered":"","protected":false},"author":9,"featured_media":0,"parent":2536,"menu_order":0,"comment_status":"closed","ping_status":"closed","template":"templates\/template-application-platform.php","meta":{"publish_to_discourse":"","publish_post_category":"","wpdc_auto_publish_overridden":"","wpdc_topic_tags":"","wpdc_pin_topic":"","wpdc_pin_until":"","discourse_post_id":"","discourse_permalink":"","wpdc_publishing_response":"","wpdc_publishing_error":"","footnotes":""},"class_list":["post-5638","page","type-page","status-publish","hentry"],"yoast_head":"<!-- This site is optimized with the Yoast SEO plugin v25.3.1 - https:\/\/yoast.com\/wordpress\/plugins\/seo\/ -->\n<title>Wtyczka Logo Showcase \u2014 dodaj wtyczk\u0119 Logo Showcase do witryny GoDaddy!<\/title>\n<meta name=\"description\" content=\"Udowodnij swoj\u0105 wiarygodno\u015b\u0107 dzi\u0119ki nowej wtyczce Elfsight Logo Showcase do witryny GoDaddy! W kilku krokach przenie\u015b sw\u00f3j biznes na wy\u017cszy poziom!\" \/>\n<meta name=\"robots\" content=\"index, follow, max-snippet:-1, max-image-preview:large, max-video-preview:-1\" \/>\n<link rel=\"canonical\" href=\"https:\/\/elfsight.com\/pl\/logo-showcase-widget\/godaddy\/\" \/>\n<meta property=\"og:locale\" content=\"pl_PL\" \/>\n<meta property=\"og:type\" content=\"article\" \/>\n<meta property=\"og:title\" content=\"Wtyczka Logo Showcase \u2014 dodaj wtyczk\u0119 Logo Showcase do witryny GoDaddy!\" \/>\n<meta property=\"og:description\" content=\"Udowodnij swoj\u0105 wiarygodno\u015b\u0107 dzi\u0119ki nowej wtyczce Elfsight Logo Showcase do witryny GoDaddy! W kilku krokach przenie\u015b sw\u00f3j biznes na wy\u017cszy poziom!\" \/>\n<meta property=\"og:url\" content=\"https:\/\/elfsight.com\/pl\/logo-showcase-widget\/godaddy\/\" \/>\n<meta property=\"og:site_name\" content=\"Elfsight PL\" \/>\n<meta property=\"article:modified_time\" content=\"2024-10-24T13:15:00+00:00\" \/>\n<meta name=\"twitter:card\" content=\"summary_large_image\" \/>\n<meta name=\"twitter:label1\" content=\"Szacowany czas czytania\" \/>\n\t<meta name=\"twitter:data1\" content=\"3 minuty\" \/>\n<!-- \/ Yoast SEO plugin. -->","yoast_head_json":{"title":"Wtyczka Logo Showcase \u2014 dodaj wtyczk\u0119 Logo Showcase do witryny GoDaddy!","description":"Udowodnij swoj\u0105 wiarygodno\u015b\u0107 dzi\u0119ki nowej wtyczce Elfsight Logo Showcase do witryny GoDaddy! W kilku krokach przenie\u015b sw\u00f3j biznes na wy\u017cszy poziom!","robots":{"index":"index","follow":"follow","max-snippet":"max-snippet:-1","max-image-preview":"max-image-preview:large","max-video-preview":"max-video-preview:-1"},"canonical":"https:\/\/elfsight.com\/pl\/logo-showcase-widget\/godaddy\/","og_locale":"pl_PL","og_type":"article","og_title":"Wtyczka Logo Showcase \u2014 dodaj wtyczk\u0119 Logo Showcase do witryny GoDaddy!","og_description":"Udowodnij swoj\u0105 wiarygodno\u015b\u0107 dzi\u0119ki nowej wtyczce Elfsight Logo Showcase do witryny GoDaddy! W kilku krokach przenie\u015b sw\u00f3j biznes na wy\u017cszy poziom!","og_url":"https:\/\/elfsight.com\/pl\/logo-showcase-widget\/godaddy\/","og_site_name":"Elfsight PL","article_modified_time":"2024-10-24T13:15:00+00:00","twitter_card":"summary_large_image","twitter_misc":{"Szacowany czas czytania":"3 minuty"},"schema":{"@context":"https:\/\/schema.org","@graph":[{"@type":"WebPage","@id":"https:\/\/elfsight.com\/pl\/logo-showcase-widget\/godaddy\/","url":"https:\/\/elfsight.com\/pl\/logo-showcase-widget\/godaddy\/","name":"Wtyczka Logo Showcase \u2014 dodaj wtyczk\u0119 Logo Showcase do witryny GoDaddy!","isPartOf":{"@id":"https:\/\/elfsight.com\/pl\/#website"},"datePublished":"2024-05-03T06:40:45+00:00","dateModified":"2024-10-24T13:15:00+00:00","description":"Udowodnij swoj\u0105 wiarygodno\u015b\u0107 dzi\u0119ki nowej wtyczce Elfsight Logo Showcase do witryny GoDaddy! W kilku krokach przenie\u015b sw\u00f3j biznes na wy\u017cszy poziom!","breadcrumb":{"@id":"https:\/\/elfsight.com\/pl\/logo-showcase-widget\/godaddy\/#breadcrumb"},"inLanguage":"pl-PL","potentialAction":[{"@type":"ReadAction","target":["https:\/\/elfsight.com\/pl\/logo-showcase-widget\/godaddy\/"]}]},{"@type":"BreadcrumbList","@id":"https:\/\/elfsight.com\/pl\/logo-showcase-widget\/godaddy\/#breadcrumb","itemListElement":[{"@type":"ListItem","position":1,"name":"Home","item":"https:\/\/elfsight.com\/pl\/"},{"@type":"ListItem","position":2,"name":"Logo Showcase","item":"https:\/\/elfsight.com\/pl\/logo-showcase-widget\/"},{"@type":"ListItem","position":3,"name":"Logo Showcase &#8211; GoDaddy"}]},{"@type":"WebSite","@id":"https:\/\/elfsight.com\/pl\/#website","url":"https:\/\/elfsight.com\/pl\/","name":"Elfsight PL","description":"Just another Elfsight Sites site","potentialAction":[{"@type":"SearchAction","target":{"@type":"EntryPoint","urlTemplate":"https:\/\/elfsight.com\/pl\/?s={search_term_string}"},"query-input":{"@type":"PropertyValueSpecification","valueRequired":true,"valueName":"search_term_string"}}],"inLanguage":"pl-PL"}]}},"meta_box":{"industry":"","seo_heading":"","heading":"","description":"","cta_heading":"","cta_description":"","application":"2535","h1":"Wtyczka GoDaddy Logo Showcase","h1_caption":"Wy\u015bwietlaj logo swoich partner\u00f3w, sponsor\u00f3w lub klient\u00f3w, bez wysi\u0142ku buduj\u0105c wiarygodno\u015b\u0107 i zaufanie do swojej marki w witrynie GoDaddy.","application_category":[],"applications_title":"","applications_request_title":"","applications_request_button_text":"","hero_text":"","hero_video":"","hero_video_schema_markup":"","selling_points_title":"","selling_points_caption":"","selling_points":[],"selling_points_cta_text":"","features_title":"","features":"","ed_cta_examples_text":"","ed_cta_examples_hidden":"","ed_cta_demo_text":"","ed_cta_demo_hidden":"","why_caption":"","why_editor_title":"","why_editor_text":"","why_team_title":"","why_team_text":"","why_service_title":"","why_service_text":"","template_catalog_visible":"","template_catalog_title":"","template_catalog_text":"","template_catalog_categories_visible":"","demo_title":"Stw\u00f3rz teraz w\u0142asn\u0105 wtyczk\u0119 Logo Showcase!","demo_caption":"Skorzystaj z okazji, aby spersonalizowa\u0107 wtyczk\u0119 w edytorze i wprowadzi\u0107 j\u0105 na swoj\u0105 stron\u0119 od razu w wersji demonstracyjnej.","default_faq_hidden":"","app_template_category":[],"platform":"180","template_public_id":"","codecanyon_url":"","codecanyon_item_id":"","codecanyon_price":"","pricing_caption":"","pricing_elfsight_apps_hide_column":"","pricing_elfsight_apps_url":"","pricing_codecanyon_price_caption":"","integration_category":[],"integration_request_title":"","integration_request_cta":"","integration_platform":"","integrations":[],"platform_category":[],"video_schema_markup":"","price":"od 0 USD \/ miesi\u0105c","trial":"","benefits":[{"text":"Bezp\u0142atna us\u0142uga monta\u017cu"},{"text":"Skuteczna pomoc klientom"},{"text":"14-dniowa gwarancja zwrotu pieni\u0119dzy"}],"button_url":"#demo","button_target_blank":"","button_nofollow":"","attributes":[{"name":"Instaluje"},{"name":"Czu\u0142y"},{"name":"Kompatybilne przegl\u0105darki"}],"tags":[],"tags_disable_links":"","hide_more_platforms":"","video_object":"","demo_hide_cta":"","demo_hide_cloud_options":"","pricing_title":"","pricing":[{"pricing_icon":"platform","pricing_title":"Elfsight Apps","pricing_title_caption":"Wersja wieloplatformowa","pricing_price":"od 0 USD \/ miesi\u0105c","pricing_price_caption":"zacznij od bezp\u0142atnego planu","pricing_benefits":[{"text":"Nielimitowane domeny"},{"text":"Szybka pomoc i dobrze udokumentowana"},{"text":"Bezp\u0142atna pomoc w instalacji"},{"text":"100% konfigurowalny"}],"pricing_button_text":"Dodaj do witryny","pricing_button_url":"#demo"}],"related_apps_title":"","related_apps_hidden":"","author":"","image":[],"title":"","job":"","social_networks":[]},"_links":{"self":[{"href":"https:\/\/elfsight.com\/pl\/wp-json\/wp\/v2\/pages\/5638","targetHints":{"allow":["GET"]}}],"collection":[{"href":"https:\/\/elfsight.com\/pl\/wp-json\/wp\/v2\/pages"}],"about":[{"href":"https:\/\/elfsight.com\/pl\/wp-json\/wp\/v2\/types\/page"}],"author":[{"embeddable":true,"href":"https:\/\/elfsight.com\/pl\/wp-json\/wp\/v2\/users\/9"}],"replies":[{"embeddable":true,"href":"https:\/\/elfsight.com\/pl\/wp-json\/wp\/v2\/comments?post=5638"}],"version-history":[{"count":1,"href":"https:\/\/elfsight.com\/pl\/wp-json\/wp\/v2\/pages\/5638\/revisions"}],"predecessor-version":[{"id":5642,"href":"https:\/\/elfsight.com\/pl\/wp-json\/wp\/v2\/pages\/5638\/revisions\/5642"}],"up":[{"embeddable":true,"href":"https:\/\/elfsight.com\/pl\/wp-json\/wp\/v2\/pages\/2536"}],"wp:attachment":[{"href":"https:\/\/elfsight.com\/pl\/wp-json\/wp\/v2\/media?parent=5638"}],"curies":[{"name":"wp","href":"https:\/\/api.w.org\/{rel}","templated":true}]}}