{"id":5637,"date":"2024-05-03T06:40:44","date_gmt":"2024-05-03T06:40:44","guid":{"rendered":"https:\/\/elfsight.com\/pl\/?page_id=5637"},"modified":"2024-10-24T13:14:45","modified_gmt":"2024-10-24T13:14:45","slug":"prestashop","status":"publish","type":"page","link":"https:\/\/elfsight.com\/pl\/logo-showcase-widget\/prestashop\/","title":{"rendered":"Logo Showcase &#8211; PrestaShop"},"content":{"rendered":"<div class=\"application-platform-content-item-description application-platform-content-item\" id=\"description\" data-nav-section=\"description\"> <h2>Opis<\/h2> <p>Elfsight Logo Showcase to najprostsze narz\u0119dzie umo\u017cliwiaj\u0105ce u\u017cytkownikom zobaczenie logo partner\u00f3w lub sponsor\u00f3w albo Twoich wzmianek w prasie na Twojej stronie internetowej. Wykorzystuj\u0105c wid\u017cet Elfsight przekonasz odwiedzaj\u0105cych, \u017ce jeste\u015b godnym zaufania towarzyszem i wspierasz pozytywny wizerunek swojej marki. Wid\u017cet umo\u017cliwia integracj\u0119 dowolnej liczby emblemat\u00f3w, organizowanie ich w karuzel\u0119 lub siatk\u0119 oraz dostosowywanie skali logo. Mo\u017cesz wy\u015bwietli\u0107 podpis i linki do stron internetowych firm. Za pomoc\u0105 ustawie\u0144 kolor\u00f3w i czcionek mo\u017cna \u0142atwo skonfigurowa\u0107 unikalny interfejs. <\/p><p><b>Zwi\u0119ksz sprzeda\u017c, prezentuj\u0105c wspania\u0142\u0105 nazw\u0119 swojej firmy dzi\u0119ki logotypom partner\u00f3w na swojej stronie internetowej<\/b><\/p><\/div> <div class=\"application-platform-content-item-features application-platform-content-item\" id=\"features\" data-nav-section=\"features\"> <h2>Oto podstawowe funkcje wid\u017cetu: <\/h2> <ul><li>U\u017cyj adresu URL profilu na Twitterze lub Facebooku, aby udowodni\u0107, \u017ce autor istnieje naprawd\u0119. <\/li><li>Wypr\u00f3buj 6 adaptacyjnych szablon\u00f3w referencji i znajd\u017a ten, kt\u00f3rego potrzebujesz. <\/li><li>Uk\u0142ad o pe\u0142nej szeroko\u015bci, aby nada\u0107 mu widoczny wygl\u0105d. <\/li><li>Wy\u015bwietlaj zdj\u0119cie i nazwisko autora, aby zwi\u0119kszy\u0107 zaufanie. <\/li><li>U\u017cyj podpisu dla stanowiska, nazwy i innych danych firmy. <\/li><li>Podaj link do strony internetowej autora, aby uzyska\u0107 bardziej wiarygodn\u0105 prezentacj\u0119. <\/li><li>Aby doda\u0107 wiarygodno\u015bci, poka\u017c logo firmy autora. <\/li><li>Uk\u0142ady siatki i suwaka do szerokiego zakresu zastosowa\u0144. <\/li><li>Suwak opcji paginacji i strza\u0142ek. <\/li><\/ul><p><a href=\"#demo\">Odkryj wszystkie opcje dostosowywania w pe\u0142nej wersji demonstracyjnej<\/a><\/p> <\/div> <div class=\"application-platform-content-item-installation application-platform-content-item\" id=\"installation\" data-nav-section=\"installation\"> <h2>Jak osadzi\u0107 Logo Showcase na mojej stronie PrestaShop? <\/h2> <p>Wystarczy spe\u0142ni\u0107 poni\u017csze wskaz\u00f3wki, aby wstawi\u0107 wid\u017cet. <\/p> <ol><li><b>Uruchom nasz\u0105 bezp\u0142atn\u0105 wersj\u0119 demonstracyjn\u0105 i zacznij tworzy\u0107 w\u0142asny widget. <\/b><br> Okre\u015bl niestandardowy wygl\u0105d i cechy funkcjonalne narz\u0119dzia i zastosuj poprawki. <\/li> <li><b>Skopiuj sw\u00f3j osobisty kod pojawiaj\u0105cy si\u0119 w polu aplikacji Elfsight. <\/b><br> Po wygenerowaniu narz\u0119dzia skopiuj ekskluzywny kod z wy\u015bwietlonego pola i zapisz go na dalsze potrzeby. <\/li> <li><b>Zaanga\u017cuj si\u0119 w korzystanie z wid\u017cetu na swojej stronie g\u0142\u00f3wnej PrestaShop. <\/b><br> Umie\u015b\u0107 skopiowany wcze\u015bniej kod na swojej stronie i zapisz poprawki. <\/li> <li><b>Instalacja zosta\u0142a ca\u0142kowicie uko\u0144czona. <\/b><br> Przejd\u017a do swojej witryny, aby zobaczy\u0107 dzia\u0142anie narz\u0119dzia. <\/li><\/ol> <p>Je\u015bli napotkasz jakiekolwiek komplikacje, nie b\u00f3j si\u0119 zwr\u00f3ci\u0107 do naszego personelu pomocniczego. Nasi konsultanci ch\u0119tnie rozwi\u0105\u017c\u0105 wszystkie problemy, jakie mo\u017cesz mie\u0107 z widgetem. <\/p> <div class=\"faq\" data-component=\"FAQ\"><div class=\"faq-item\">\r\n\t\t\t\t\t<div class=\"faq-item-question\">\r\n\t\t\t\t\t\t<h3 class=\"faq-item-question-text\">Czy istnieje spos\u00f3b na dodanie Prezentacji Logo do mojej strony g\u0142\u00f3wnej PrestaShop bez kodowania?<\/h3>\r\n\r\n\t\t\t\t\t\t<div class=\"faq-item-question-icon\"><\/div>\r\n\t\t\t\t\t<\/div>\r\n\r\n\t\t\t\t\t<div class=\"faq-item-answer\">\r\n\t\t\t\t\t\t<div class=\"faq-item-answer-text\"> <p>Elfsight oferuje rozwi\u0105zanie w chmurze, kt\u00f3re pozwala ludziom samodzielnie zbudowa\u0107 sekcj\u0119 Prezentacji Logo, sprawd\u017a prosty przewodnik: Pracuj bezpo\u015brednio w wersji demonstracyjnej online, aby utworzy\u0107 sekcj\u0119 Prezentacji logo, kt\u00f3r\u0105 chcesz osadzi\u0107 na swojej stronie g\u0142\u00f3wnej PrestaShop. Zdecyduj si\u0119 na jeden z wielu gotowych szablon\u00f3w i zmie\u0144 ustawienia Logo Showcase, dodaj swoj\u0105 tre\u015b\u0107, zmie\u0144 uk\u0142ad i kolory bez znajomo\u015bci kodowania. Kliknij, aby zapisa\u0107 ustawienia wprowadzone w Logo Showcase i skopiuj kod instalacyjny, kt\u00f3ry mo\u017cesz po prostu wklei\u0107 na swojej stronie PrestaShop za darmo. Korzystaj\u0105c z intuicyjnego Konfiguratora, ka\u017cdy internauta mo\u017ce stworzy\u0107 aplikacj\u0119 Logo Showcase i \u0142atwo osadzi\u0107 j\u0105 na dowolnej stronie PrestaShop. Aby skorzysta\u0107 z us\u0142ugi, nie trzeba p\u0142aci\u0107 ani ujawnia\u0107 danych uwierzytelniaj\u0105cych karty. Je\u015bli na kt\u00f3rymkolwiek etapie napotkasz jakiekolwiek problemy, skontaktuj si\u0119 z naszym dzia\u0142em obs\u0142ugi klienta.<\/p> <\/div>\r\n\t\t\t\t\t<\/div>\r\n\t\t\t\t<\/div> <\/div><\/div>","protected":false},"excerpt":{"rendered":"","protected":false},"author":9,"featured_media":0,"parent":2536,"menu_order":0,"comment_status":"closed","ping_status":"closed","template":"templates\/template-application-platform.php","meta":{"publish_to_discourse":"","publish_post_category":"","wpdc_auto_publish_overridden":"","wpdc_topic_tags":"","wpdc_pin_topic":"","wpdc_pin_until":"","discourse_post_id":"","discourse_permalink":"","wpdc_publishing_response":"","wpdc_publishing_error":"","footnotes":""},"class_list":["post-5637","page","type-page","status-publish","hentry"],"yoast_head":"<!-- This site is optimized with the Yoast SEO plugin v25.3.1 - https:\/\/yoast.com\/wordpress\/plugins\/seo\/ -->\n<title>Prezentacja logo \u2014 dodanie dodatku Karuzela z logo do witryny PrestaShop (2025)<\/title>\n<meta name=\"description\" content=\"Utworzenie dodatku Logo Showcase i dodanie go do swojej witryny PrestaShop jest ca\u0142kowicie proste. Obs\u0142uga klienta Elfsight jest bezp\u0142atna i szybka.\" \/>\n<meta name=\"robots\" content=\"index, follow, max-snippet:-1, max-image-preview:large, max-video-preview:-1\" \/>\n<link rel=\"canonical\" href=\"https:\/\/elfsight.com\/pl\/logo-showcase-widget\/prestashop\/\" \/>\n<meta property=\"og:locale\" content=\"pl_PL\" \/>\n<meta property=\"og:type\" content=\"article\" \/>\n<meta property=\"og:title\" content=\"Prezentacja logo \u2014 dodanie dodatku Karuzela z logo do witryny PrestaShop (2025)\" \/>\n<meta property=\"og:description\" content=\"Utworzenie dodatku Logo Showcase i dodanie go do swojej witryny PrestaShop jest ca\u0142kowicie proste. Obs\u0142uga klienta Elfsight jest bezp\u0142atna i szybka.\" \/>\n<meta property=\"og:url\" content=\"https:\/\/elfsight.com\/pl\/logo-showcase-widget\/prestashop\/\" \/>\n<meta property=\"og:site_name\" content=\"Elfsight PL\" \/>\n<meta property=\"article:modified_time\" content=\"2024-10-24T13:14:45+00:00\" \/>\n<meta name=\"twitter:card\" content=\"summary_large_image\" \/>\n<meta name=\"twitter:label1\" content=\"Szacowany czas czytania\" \/>\n\t<meta name=\"twitter:data1\" content=\"3 minuty\" \/>\n<!-- \/ Yoast SEO plugin. -->","yoast_head_json":{"title":"Prezentacja logo \u2014 dodanie dodatku Karuzela z logo do witryny PrestaShop (2025)","description":"Utworzenie dodatku Logo Showcase i dodanie go do swojej witryny PrestaShop jest ca\u0142kowicie proste. Obs\u0142uga klienta Elfsight jest bezp\u0142atna i szybka.","robots":{"index":"index","follow":"follow","max-snippet":"max-snippet:-1","max-image-preview":"max-image-preview:large","max-video-preview":"max-video-preview:-1"},"canonical":"https:\/\/elfsight.com\/pl\/logo-showcase-widget\/prestashop\/","og_locale":"pl_PL","og_type":"article","og_title":"Prezentacja logo \u2014 dodanie dodatku Karuzela z logo do witryny PrestaShop (2025)","og_description":"Utworzenie dodatku Logo Showcase i dodanie go do swojej witryny PrestaShop jest ca\u0142kowicie proste. Obs\u0142uga klienta Elfsight jest bezp\u0142atna i szybka.","og_url":"https:\/\/elfsight.com\/pl\/logo-showcase-widget\/prestashop\/","og_site_name":"Elfsight PL","article_modified_time":"2024-10-24T13:14:45+00:00","twitter_card":"summary_large_image","twitter_misc":{"Szacowany czas czytania":"3 minuty"},"schema":{"@context":"https:\/\/schema.org","@graph":[{"@type":"WebPage","@id":"https:\/\/elfsight.com\/pl\/logo-showcase-widget\/prestashop\/","url":"https:\/\/elfsight.com\/pl\/logo-showcase-widget\/prestashop\/","name":"Prezentacja logo \u2014 dodanie dodatku Karuzela z logo do witryny PrestaShop (2025)","isPartOf":{"@id":"https:\/\/elfsight.com\/pl\/#website"},"datePublished":"2024-05-03T06:40:44+00:00","dateModified":"2024-10-24T13:14:45+00:00","description":"Utworzenie dodatku Logo Showcase i dodanie go do swojej witryny PrestaShop jest ca\u0142kowicie proste. Obs\u0142uga klienta Elfsight jest bezp\u0142atna i szybka.","breadcrumb":{"@id":"https:\/\/elfsight.com\/pl\/logo-showcase-widget\/prestashop\/#breadcrumb"},"inLanguage":"pl-PL","potentialAction":[{"@type":"ReadAction","target":["https:\/\/elfsight.com\/pl\/logo-showcase-widget\/prestashop\/"]}]},{"@type":"BreadcrumbList","@id":"https:\/\/elfsight.com\/pl\/logo-showcase-widget\/prestashop\/#breadcrumb","itemListElement":[{"@type":"ListItem","position":1,"name":"Home","item":"https:\/\/elfsight.com\/pl\/"},{"@type":"ListItem","position":2,"name":"Logo Showcase","item":"https:\/\/elfsight.com\/pl\/logo-showcase-widget\/"},{"@type":"ListItem","position":3,"name":"Logo Showcase &#8211; PrestaShop"}]},{"@type":"WebSite","@id":"https:\/\/elfsight.com\/pl\/#website","url":"https:\/\/elfsight.com\/pl\/","name":"Elfsight PL","description":"Just another Elfsight Sites site","potentialAction":[{"@type":"SearchAction","target":{"@type":"EntryPoint","urlTemplate":"https:\/\/elfsight.com\/pl\/?s={search_term_string}"},"query-input":{"@type":"PropertyValueSpecification","valueRequired":true,"valueName":"search_term_string"}}],"inLanguage":"pl-PL"}]}},"meta_box":{"industry":"","seo_heading":"","heading":"","description":"","cta_heading":"","cta_description":"","application":"2535","h1":"Prezentacja logo PrestaShop","h1_caption":"Wy\u015bwietlaj logo swoich partner\u00f3w, sponsor\u00f3w lub klient\u00f3w, bez wysi\u0142ku buduj\u0105c wiarygodno\u015b\u0107 i zaufanie dla swojej marki na swojej stronie Prestashop.","application_category":[],"applications_title":"","applications_request_title":"","applications_request_button_text":"","hero_text":"","hero_video":"","hero_video_schema_markup":"","selling_points_title":"","selling_points_caption":"","selling_points":[],"selling_points_cta_text":"","features_title":"","features":"","ed_cta_examples_text":"","ed_cta_examples_hidden":"","ed_cta_demo_text":"","ed_cta_demo_hidden":"","why_caption":"","why_editor_title":"","why_editor_text":"","why_team_title":"","why_team_text":"","why_service_title":"","why_service_text":"","template_catalog_visible":"","template_catalog_title":"","template_catalog_text":"","template_catalog_categories_visible":"","demo_title":"\u015amia\u0142o, zbuduj niestandardow\u0105 prezentacj\u0119 logo PrestaShop w 1-2-3!","demo_caption":"Spersonalizuj go i wstaw na swoj\u0105 stron\u0119 internetow\u0105, korzystaj\u0105c z wersji demonstracyjnej na \u017cywo.","default_faq_hidden":"","app_template_category":[],"platform":"586","template_public_id":"","codecanyon_url":"","codecanyon_item_id":"","codecanyon_price":"","pricing_caption":"","pricing_elfsight_apps_hide_column":"","pricing_elfsight_apps_url":"","pricing_codecanyon_price_caption":"","integration_category":[],"integration_request_title":"","integration_request_cta":"","integration_platform":"","integrations":[],"platform_category":[],"video_schema_markup":"","price":"od 0 USD \/ miesi\u0105c","trial":"","benefits":[{"text":"Bezp\u0142atna pomoc w monta\u017cu"},{"text":"Skuteczna obs\u0142uga klienta"},{"text":"14-dniowa gwarancja zwrotu pieni\u0119dzy"}],"button_url":"#demo","button_target_blank":"","button_nofollow":"","attributes":[{"name":"Instaluje"},{"name":"Czu\u0142y"},{"name":"Kompatybilne przegl\u0105darki"}],"tags":[],"tags_disable_links":"","hide_more_platforms":"","video_object":"","demo_hide_cta":"","demo_hide_cloud_options":"","pricing_title":"","pricing":[{"pricing_icon":"platform","pricing_title":"Elfsight Apps","pricing_title_caption":"Rozwi\u0105zanie niezale\u017cne od platformy, kt\u00f3re dzia\u0142a na ka\u017cdej witrynie","pricing_price":"od 0 USD \/ miesi\u0105c","pricing_price_caption":"zacznij od bezp\u0142atnego planu","pricing_benefits":[{"text":"Nielimitowane domeny"},{"text":"Wsparcie premium i na czas"},{"text":"Bezp\u0142atna pomoc w monta\u017cu"},{"text":"100% konfigurowalny"}],"pricing_button_text":"Dodaj do witryny","pricing_button_url":"#demo"}],"related_apps_title":"","related_apps_hidden":"","author":"","image":[],"title":"","job":"","social_networks":[]},"_links":{"self":[{"href":"https:\/\/elfsight.com\/pl\/wp-json\/wp\/v2\/pages\/5637","targetHints":{"allow":["GET"]}}],"collection":[{"href":"https:\/\/elfsight.com\/pl\/wp-json\/wp\/v2\/pages"}],"about":[{"href":"https:\/\/elfsight.com\/pl\/wp-json\/wp\/v2\/types\/page"}],"author":[{"embeddable":true,"href":"https:\/\/elfsight.com\/pl\/wp-json\/wp\/v2\/users\/9"}],"replies":[{"embeddable":true,"href":"https:\/\/elfsight.com\/pl\/wp-json\/wp\/v2\/comments?post=5637"}],"version-history":[{"count":1,"href":"https:\/\/elfsight.com\/pl\/wp-json\/wp\/v2\/pages\/5637\/revisions"}],"predecessor-version":[{"id":5641,"href":"https:\/\/elfsight.com\/pl\/wp-json\/wp\/v2\/pages\/5637\/revisions\/5641"}],"up":[{"embeddable":true,"href":"https:\/\/elfsight.com\/pl\/wp-json\/wp\/v2\/pages\/2536"}],"wp:attachment":[{"href":"https:\/\/elfsight.com\/pl\/wp-json\/wp\/v2\/media?parent=5637"}],"curies":[{"name":"wp","href":"https:\/\/api.w.org\/{rel}","templated":true}]}}