{"id":5632,"date":"2024-05-03T06:40:43","date_gmt":"2024-05-03T06:40:43","guid":{"rendered":"https:\/\/elfsight.com\/pl\/?page_id=5632"},"modified":"2024-10-24T13:14:53","modified_gmt":"2024-10-24T13:14:53","slug":"jimdo","status":"publish","type":"page","link":"https:\/\/elfsight.com\/pl\/logo-showcase-widget\/jimdo\/","title":{"rendered":"Logo Showcase &#8211; Jimdo"},"content":{"rendered":"<div class=\"application-platform-content-item-description application-platform-content-item\" id=\"description\" data-nav-section=\"description\"> <h2>Opis<\/h2> <p>Prezentacja logo Elfsight b\u0119dzie najbardziej nieskomplikowan\u0105 metod\u0105 zaprezentowania logo klient\u00f3w lub promotor\u00f3w lub Twoich wzmianek w prasie na Twojej stronie internetowej. Za pomoc\u0105 tego widgetu poka\u017cesz, \u017ce jeste\u015b godnym zaufania partnerem i utrzymasz dobry wizerunek swojej firmy. Widget Logo Showcase umo\u017cliwia dodanie dowolnej liczby emblemat\u00f3w, uporz\u0105dkowanie ich w karuzel\u0119 lub siatk\u0119 oraz zmian\u0119 rozmiaru zdj\u0119\u0107. Mo\u017cesz wy\u015bwietli\u0107 podpisy i linki do stron internetowych firm. Za pomoc\u0105 opcji kolor\u00f3w i czcionek mo\u017cna \u0142atwo skonfigurowa\u0107 spersonalizowany wygl\u0105d. <\/p><p><b>Wypr\u00f3buj Logo Showcase, aby szybciej osi\u0105gn\u0105\u0107 swoje cele biznesowe! <\/b><\/p> <\/div> <div class=\"application-platform-content-item-features application-platform-content-item\" id=\"features\" data-nav-section=\"features\"> <h2>Oferta funkcji centralnego widgetu<\/h2> <ul><li>Wy\u015bwietlaj wiele logotyp\u00f3w<\/li><li>Tw\u00f3rz je w suwak lub siatk\u0119<\/li><li>Zmie\u0144 skal\u0119 logo. <\/li><li>Mo\u017cesz doda\u0107 podpisy i link do stron internetowych firmy. <\/li><li>R\u00f3\u017cne kolory i czcionki pozwalaj\u0105 \u0142atwo uzyska\u0107 spersonalizowany wygl\u0105d. <\/li><\/ul><p><a href=\"#demo\">Wypr\u00f3buj wszystkie opcje dostosowywania w pe\u0142nej wersji demonstracyjnej<\/a><\/p> <\/div> <div class=\"application-platform-content-item-installation application-platform-content-item\" id=\"installation\" data-nav-section=\"installation\"> <h2>Jak doda\u0107 Prezentacj\u0119 Logo do mojej strony internetowej Jimdo? <\/h2> <p>Wystarczy spe\u0142ni\u0107 poni\u017csze wskaz\u00f3wki, aby osadzi\u0107 wid\u017cet. <\/p> <ol><li><b>Zarz\u0105dzaj nasz\u0105 bezp\u0142atn\u0105 wersj\u0105 demonstracyjn\u0105 i zacznij tworzy\u0107 sw\u00f3j unikalny widget. <\/b><br> Okre\u015bl wybran\u0105 form\u0119 i parametry narz\u0119dzia oraz zapisz zmiany. <\/li> <li><b>Skopiuj unikalny kod ujawniony w specjalnym formularzu w aplikacjach Elfsight. <\/b><br> Zaraz po zako\u0144czeniu konfiguracji wid\u017cetu skopiuj ekskluzywny kod z wy\u015bwietlonego pola i zachowaj go do p\u00f3\u017aniejszego wykorzystania. <\/li> <li><b>Rozpocznij korzystanie z wid\u017cetu na stronie internetowej Jimdo. <\/b><br> Zintegruj ostatnio skopiowany kod ze swoj\u0105 stron\u0105 i zapisz poprawki. <\/li> <li><b>Gotowe! Osadzanie zosta\u0142o w pe\u0142ni zako\u0144czone. <\/b><br> Przejd\u017a do swojej witryny, aby zobaczy\u0107, jak dzia\u0142a widget. <\/li><\/ol> <p>Je\u015bli napotkasz jakie\u015b przeszkody, nie wahaj si\u0119 skontaktowa\u0107 z naszym zespo\u0142em obs\u0142ugi klienta. Nasi ludzie ch\u0119tnie rozwi\u0105\u017c\u0105 wszystkie problemy, jakie mo\u017cesz mie\u0107 z produktem. <\/p> <div class=\"faq\" data-component=\"FAQ\"><div class=\"faq-item\">\r\n\t\t\t\t\t<div class=\"faq-item-question\">\r\n\t\t\t\t\t\t<h3 class=\"faq-item-question-text\">Czy istnieje spos\u00f3b na osadzenie Logo Showcase na mojej stronie g\u0142\u00f3wnej Jimdo bez znajomo\u015bci kodowania?<\/h3>\r\n\r\n\t\t\t\t\t\t<div class=\"faq-item-question-icon\"><\/div>\r\n\t\t\t\t\t<\/div>\r\n\r\n\t\t\t\t\t<div class=\"faq-item-answer\">\r\n\t\t\t\t\t\t<div class=\"faq-item-answer-text\"> <p>Firma Elfsight zapewnia rozwi\u0105zanie w chmurze, kt\u00f3re umo\u017cliwia samodzielne utworzenie aplikacji Logo Showcase , poznaj nieskomplikowane instrukcje: Rozpocznij prac\u0119 bezpo\u015brednio w edytorze na \u017cywo, aby stworzy\u0107 aplikacj\u0119 Logo Showcase, kt\u00f3r\u0105 chcesz wy\u015bwietla\u0107 na Jimdo. Wybierz jeden z gotowych szablon\u00f3w i dostosuj ustawienia Logo Showcase, zmie\u0144 uk\u0142ad i schematy kolor\u00f3w, aby uwzgl\u0119dni\u0107 Twoj\u0105 tre\u015b\u0107, bez znajomo\u015bci kodowania. Kliknij, aby zapisa\u0107 ustawienia wprowadzone w Logo Showcase i uzyska\u0107 kod instalacyjny wtyczki, kt\u00f3ry mo\u017cesz po prostu osadzi\u0107 na dowolnej stronie internetowej Jimdo w ramach bezp\u0142atnego planu. Pracuj\u0105c w naszym przyjaznym dla u\u017cytkownika Konfiguratorze, ka\u017cdy internauta mo\u017ce zbudowa\u0107 Logo Showcase online i \u0142atwo wklei\u0107 je na stron\u0119 internetow\u0105 Jimdo. Aby uzyska\u0107 dost\u0119p do us\u0142ugi, nie nale\u017cy p\u0142aci\u0107 ani podawa\u0107 danych uwierzytelniaj\u0105cych karty. Je\u015bli na kt\u00f3rymkolwiek etapie napotkasz jakiekolwiek problemy, nie wahaj si\u0119 skontaktowa\u0107 z naszym dzia\u0142em obs\u0142ugi klienta.<\/p> <\/div>\r\n\t\t\t\t\t<\/div>\r\n\t\t\t\t<\/div> <\/div><\/div>","protected":false},"excerpt":{"rendered":"","protected":false},"author":9,"featured_media":0,"parent":2536,"menu_order":0,"comment_status":"closed","ping_status":"closed","template":"templates\/template-application-platform.php","meta":{"publish_to_discourse":"","publish_post_category":"","wpdc_auto_publish_overridden":"","wpdc_topic_tags":"","wpdc_pin_topic":"","wpdc_pin_until":"","discourse_post_id":"","discourse_permalink":"","wpdc_publishing_response":"","wpdc_publishing_error":"","footnotes":""},"class_list":["post-5632","page","type-page","status-publish","hentry"],"yoast_head":"<!-- This site is optimized with the Yoast SEO plugin v25.3.1 - https:\/\/yoast.com\/wordpress\/plugins\/seo\/ -->\n<title>Prezentacja logo \u2014 dodanie wid\u017cetu Karuzela z logo do witryny Jimdo (2025)<\/title>\n<meta name=\"description\" content=\"Utworzenie wid\u017cetu Prezentacja logo i dodanie go na swojej stronie internetowej Jimdo jest ca\u0142kowicie proste. Obs\u0142uga klienta Elfsight jest bezp\u0142atna i szybka.\" \/>\n<meta name=\"robots\" content=\"index, follow, max-snippet:-1, max-image-preview:large, max-video-preview:-1\" \/>\n<link rel=\"canonical\" href=\"https:\/\/elfsight.com\/pl\/logo-showcase-widget\/jimdo\/\" \/>\n<meta property=\"og:locale\" content=\"pl_PL\" \/>\n<meta property=\"og:type\" content=\"article\" \/>\n<meta property=\"og:title\" content=\"Prezentacja logo \u2014 dodanie wid\u017cetu Karuzela z logo do witryny Jimdo (2025)\" \/>\n<meta property=\"og:description\" content=\"Utworzenie wid\u017cetu Prezentacja logo i dodanie go na swojej stronie internetowej Jimdo jest ca\u0142kowicie proste. Obs\u0142uga klienta Elfsight jest bezp\u0142atna i szybka.\" \/>\n<meta property=\"og:url\" content=\"https:\/\/elfsight.com\/pl\/logo-showcase-widget\/jimdo\/\" \/>\n<meta property=\"og:site_name\" content=\"Elfsight PL\" \/>\n<meta property=\"article:modified_time\" content=\"2024-10-24T13:14:53+00:00\" \/>\n<meta name=\"twitter:card\" content=\"summary_large_image\" \/>\n<meta name=\"twitter:label1\" content=\"Szacowany czas czytania\" \/>\n\t<meta name=\"twitter:data1\" content=\"3 minuty\" \/>\n<!-- \/ Yoast SEO plugin. -->","yoast_head_json":{"title":"Prezentacja logo \u2014 dodanie wid\u017cetu Karuzela z logo do witryny Jimdo (2025)","description":"Utworzenie wid\u017cetu Prezentacja logo i dodanie go na swojej stronie internetowej Jimdo jest ca\u0142kowicie proste. Obs\u0142uga klienta Elfsight jest bezp\u0142atna i szybka.","robots":{"index":"index","follow":"follow","max-snippet":"max-snippet:-1","max-image-preview":"max-image-preview:large","max-video-preview":"max-video-preview:-1"},"canonical":"https:\/\/elfsight.com\/pl\/logo-showcase-widget\/jimdo\/","og_locale":"pl_PL","og_type":"article","og_title":"Prezentacja logo \u2014 dodanie wid\u017cetu Karuzela z logo do witryny Jimdo (2025)","og_description":"Utworzenie wid\u017cetu Prezentacja logo i dodanie go na swojej stronie internetowej Jimdo jest ca\u0142kowicie proste. Obs\u0142uga klienta Elfsight jest bezp\u0142atna i szybka.","og_url":"https:\/\/elfsight.com\/pl\/logo-showcase-widget\/jimdo\/","og_site_name":"Elfsight PL","article_modified_time":"2024-10-24T13:14:53+00:00","twitter_card":"summary_large_image","twitter_misc":{"Szacowany czas czytania":"3 minuty"},"schema":{"@context":"https:\/\/schema.org","@graph":[{"@type":"WebPage","@id":"https:\/\/elfsight.com\/pl\/logo-showcase-widget\/jimdo\/","url":"https:\/\/elfsight.com\/pl\/logo-showcase-widget\/jimdo\/","name":"Prezentacja logo \u2014 dodanie wid\u017cetu Karuzela z logo do witryny Jimdo (2025)","isPartOf":{"@id":"https:\/\/elfsight.com\/pl\/#website"},"datePublished":"2024-05-03T06:40:43+00:00","dateModified":"2024-10-24T13:14:53+00:00","description":"Utworzenie wid\u017cetu Prezentacja logo i dodanie go na swojej stronie internetowej Jimdo jest ca\u0142kowicie proste. Obs\u0142uga klienta Elfsight jest bezp\u0142atna i szybka.","breadcrumb":{"@id":"https:\/\/elfsight.com\/pl\/logo-showcase-widget\/jimdo\/#breadcrumb"},"inLanguage":"pl-PL","potentialAction":[{"@type":"ReadAction","target":["https:\/\/elfsight.com\/pl\/logo-showcase-widget\/jimdo\/"]}]},{"@type":"BreadcrumbList","@id":"https:\/\/elfsight.com\/pl\/logo-showcase-widget\/jimdo\/#breadcrumb","itemListElement":[{"@type":"ListItem","position":1,"name":"Home","item":"https:\/\/elfsight.com\/pl\/"},{"@type":"ListItem","position":2,"name":"Logo Showcase","item":"https:\/\/elfsight.com\/pl\/logo-showcase-widget\/"},{"@type":"ListItem","position":3,"name":"Logo Showcase &#8211; Jimdo"}]},{"@type":"WebSite","@id":"https:\/\/elfsight.com\/pl\/#website","url":"https:\/\/elfsight.com\/pl\/","name":"Elfsight PL","description":"Just another Elfsight Sites site","potentialAction":[{"@type":"SearchAction","target":{"@type":"EntryPoint","urlTemplate":"https:\/\/elfsight.com\/pl\/?s={search_term_string}"},"query-input":{"@type":"PropertyValueSpecification","valueRequired":true,"valueName":"search_term_string"}}],"inLanguage":"pl-PL"}]}},"meta_box":{"industry":"","seo_heading":"","heading":"","description":"","cta_heading":"","cta_description":"","application":"2535","h1":"Prezentacja logo Jimdo","h1_caption":"Wy\u015bwietlaj logo swoich partner\u00f3w, sponsor\u00f3w lub klient\u00f3w, bez wysi\u0142ku buduj\u0105c wiarygodno\u015b\u0107 i zaufanie do swojej marki na swojej stronie internetowej Jimdo.","application_category":[],"applications_title":"","applications_request_title":"","applications_request_button_text":"","hero_text":"","hero_video":"","hero_video_schema_markup":"","selling_points_title":"","selling_points_caption":"","selling_points":[],"selling_points_cta_text":"","features_title":"","features":"","ed_cta_examples_text":"","ed_cta_examples_hidden":"","ed_cta_demo_text":"","ed_cta_demo_hidden":"","why_caption":"","why_editor_title":"","why_editor_text":"","why_team_title":"","why_team_text":"","why_service_title":"","why_service_text":"","template_catalog_visible":"","template_catalog_title":"","template_catalog_text":"","template_catalog_categories_visible":"","demo_title":"Zach\u0119camy do zbudowania dostosowanej do indywidualnych potrzeb witryny z logo Jimdo w 1-2-3!","demo_caption":"Dostosuj widget i zintegruj go ze swoj\u0105 stron\u0105 internetow\u0105, korzystaj\u0105c z aktywnego demo.","default_faq_hidden":"","app_template_category":[],"platform":"193","template_public_id":"","codecanyon_url":"","codecanyon_item_id":"","codecanyon_price":"","pricing_caption":"","pricing_elfsight_apps_hide_column":"","pricing_elfsight_apps_url":"","pricing_codecanyon_price_caption":"","integration_category":[],"integration_request_title":"","integration_request_cta":"","integration_platform":"","integrations":[],"platform_category":[],"video_schema_markup":"","price":"od 0 USD \/ miesi\u0105c","trial":"","benefits":[{"text":"Bezp\u0142atna us\u0142uga monta\u017cu"},{"text":"Kompetentna obs\u0142uga klienta"},{"text":"14-dniowa gwarancja zwrotu pieni\u0119dzy"}],"button_url":"#demo","button_target_blank":"","button_nofollow":"","attributes":[{"name":"Instaluje"},{"name":"Czu\u0142y"},{"name":"Kompatybilne przegl\u0105darki"}],"tags":[],"tags_disable_links":"","hide_more_platforms":"","video_object":"","demo_hide_cta":"","demo_hide_cloud_options":"","pricing_title":"","pricing":[{"pricing_icon":"platform","pricing_title":"Elfsight Apps","pricing_title_caption":"Wieloplatformowe rozwi\u0105zanie cyfrowe, kt\u00f3re pasuje do ka\u017cdej witryny","pricing_price":"od 0 USD \/ miesi\u0105c","pricing_price_caption":"zacznij od bezp\u0142atnego planu","pricing_benefits":[{"text":"Nieograniczona liczba domen"},{"text":"Szybkie wsparcie"},{"text":"Bezp\u0142atna pomoc w monta\u017cu"},{"text":"W pe\u0142ni konfigurowalny"}],"pricing_button_text":"Dodaj do witryny","pricing_button_url":"#demo"}],"related_apps_title":"","related_apps_hidden":"","author":"","image":[],"title":"","job":"","social_networks":[]},"_links":{"self":[{"href":"https:\/\/elfsight.com\/pl\/wp-json\/wp\/v2\/pages\/5632","targetHints":{"allow":["GET"]}}],"collection":[{"href":"https:\/\/elfsight.com\/pl\/wp-json\/wp\/v2\/pages"}],"about":[{"href":"https:\/\/elfsight.com\/pl\/wp-json\/wp\/v2\/types\/page"}],"author":[{"embeddable":true,"href":"https:\/\/elfsight.com\/pl\/wp-json\/wp\/v2\/users\/9"}],"replies":[{"embeddable":true,"href":"https:\/\/elfsight.com\/pl\/wp-json\/wp\/v2\/comments?post=5632"}],"version-history":[{"count":1,"href":"https:\/\/elfsight.com\/pl\/wp-json\/wp\/v2\/pages\/5632\/revisions"}],"predecessor-version":[{"id":5636,"href":"https:\/\/elfsight.com\/pl\/wp-json\/wp\/v2\/pages\/5632\/revisions\/5636"}],"up":[{"embeddable":true,"href":"https:\/\/elfsight.com\/pl\/wp-json\/wp\/v2\/pages\/2536"}],"wp:attachment":[{"href":"https:\/\/elfsight.com\/pl\/wp-json\/wp\/v2\/media?parent=5632"}],"curies":[{"name":"wp","href":"https:\/\/api.w.org\/{rel}","templated":true}]}}