{"id":5631,"date":"2024-05-03T06:40:42","date_gmt":"2024-05-03T06:40:42","guid":{"rendered":"https:\/\/elfsight.com\/pl\/?page_id=5631"},"modified":"2025-10-22T08:48:24","modified_gmt":"2025-10-22T08:48:24","slug":"wordpress","status":"publish","type":"page","link":"https:\/\/elfsight.com\/pl\/linkedin-feed-widget\/wordpress\/","title":{"rendered":"LinkedIn Feed &#8211; WordPress"},"content":{"rendered":"<div class=\"application-platform-content-item-description application-platform-content-item\" id=\"description\" data-nav-section=\"description\"> <h2>Osad\u017a kana\u0142 LinkedIn w WordPress za darmo!<\/h2> <p>Widget Kana\u0142 LinkedIn zapewnia firmom wyj\u0105tkow\u0105 mo\u017cliwo\u015b\u0107 rozpowszechniania i reklamowania ich zawarto\u015b\u0107 LinkedIn w witrynach WordPress: wy\u015bwietlanie post\u00f3w, wizualizacji, klip\u00f3w itp. Integracja wtyczki wymaga kilku klikni\u0119\u0107 przycisku \u2014 nie jest wymagane \u017cadne kodowanie ani wiedza techniczna.<\/p> <p>Stw\u00f3rz styl pasuj\u0105cy do estetyki Twojej witryny i pod\u0105\u017caj za trendami, dopasowuj\u0105c niestandardowe atrybuty, szablony, uk\u0142ady i style post\u00f3w. Dodaj efekt wyskakuj\u0105cego okienka jako akcj\u0119 po klikni\u0119ciu, aby przyci\u0105gn\u0105\u0107 uwag\u0119 u\u017cytkownik\u00f3w. Wreszcie, ciesz si\u0119 wi\u0119kszym zaufaniem i lepszym wsp\u00f3\u0142czynnikiem zaanga\u017cowania.<\/p> <ul><li><strong>Zwi\u0119ksz zasi\u0119g swojej sieci dzi\u0119ki stronie firmowej LinkedIn.<\/strong><br>Rozpocznij \u015bwie\u017ce relacje w sferze zawodowej i zwi\u0119ksz liczb\u0119 lead\u00f3w korzystaj\u0105cych z tre\u015bci z Twojego profilu LinkedIn.<\/li><li><strong>Poszerz baz\u0119 odbiorc\u00f3w LinkedIn.<\/strong><br>Zwr\u00f3\u0107 uwag\u0119 na sw\u00f3j LinkedIn w\u015br\u00f3d spo\u0142eczno\u015bci u\u017cytkownik\u00f3w WordPressa i zwi\u0119ksz du\u017ce zainteresowanie Twoimi us\u0142ug.<\/li><li><strong>Zwi\u0119ksz autentyczno\u015b\u0107 swojej firmy.<\/strong><br>Zapewnij swojej marce dodatkow\u0105 warstw\u0119 wiarygodno\u015bci i zaufania, udost\u0119pniaj\u0105c najnowsz\u0105 aktywno\u015b\u0107 LinkedIn bezpo\u015brednio na stronie witryny. <\/li><\/ul><p><b>Dodaj bezkodow\u0105 wtyczk\u0119 LinkedIn Feed do witryny WordPress, aby budowa\u0107 zaufanie, promowa\u0107 autentyczno\u015b\u0107 i poszerza\u0107 mo\u017cliwo\u015bci nawi\u0105zywania kontakt\u00f3w dzi\u0119ki silnej weryfikacji spo\u0142eczno\u015bciowej.<\/b><\/p> <div class=\"faq\" data-component=\"FAQ\"><div class=\"faq-item\">\r\n\t\t\t\t\t<div class=\"faq-item-question\">\r\n\t\t\t\t\t\t<h3 class=\"faq-item-question-text\">Czy s\u0105 jakie\u015b inne narz\u0119dzia dla WordPressa, kt\u00f3rych mog\u0119 u\u017cywa\u0107 na mojej stronie internetowej?<\/h3>\r\n\r\n\t\t\t\t\t\t<div class=\"faq-item-question-icon\"><\/div>\r\n\t\t\t\t\t<\/div>\r\n\r\n\t\t\t\t\t<div class=\"faq-item-answer\">\r\n\t\t\t\t\t\t<div class=\"faq-item-answer-text\"><p>Tak, zdecydowanie! B\u0119d\u0105c u\u017cytkownikiem WordPress, zyskujesz szeroki wyb\u00f3r narz\u0119dzi Elfsight bez u\u017cycia kodu, w tym wtyczk\u0119 LinkedIn Feed. Bez wzgl\u0119du na rodzaj prowadzonej dzia\u0142alno\u015bci i nisz\u0119 w bran\u017cy, kt\u00f3r\u0105 zajmujesz \u2014 zawsze mo\u017cesz szuka\u0107 okazji do zaprezentowania swoich mocnych stron. Oto kilka mo\u017cliwo\u015bci:<\/p><ul><li>Aby utworzy\u0107 dowoln\u0105 inn\u0105 aplikacj\u0119 spo\u0142eczno\u015bciow\u0105 dla swojej witryny WordPress, rozwa\u017c u\u017cycie <a>Kana\u0142 Pinteresta<\/a> lub <a href=\"https:\/\/elfsight.com\/instagram-feed-instashow\/\">Kana\u0142 Instagram<\/a> obok kana\u0142u LinkedIn.<\/li><li>Wybierz opcj\u0119 w przypadku <a href=\"https:\/\/elfsight.com\/all-in-one-reviews-widget\/\">recenzji All-in-One<\/a> lub <a href=\"https:\/\/elfsight.com \/google-reviews-widget\/\">Wtyczka Recenzje Google<\/a> umo\u017cliwiaj\u0105ca wy\u015bwietlanie opinii klient\u00f3w.<\/li><li>Umie\u015b\u0107 <a href=\"https:\/\/elfsight.com\/online-form-builder\/\">Kreator formularzy<\/a>, aby zebra\u0107 odpowiedzi i u\u0142atwi\u0107 komunikacj\u0119 z u\u017cytkownikami WordPressa.<\/li> <li>Dodaj <a href=\"https:\/\/elfsight.com\/countdown-timer-widget\/\">Licznik czasu <\/a> widget, kt\u00f3ry wzbudzi oczekiwanie i wywo\u0142a u odbiorc\u00f3w poczucie pilno\u015bci.<\/li><\/ul><p>A to dopiero pocz\u0105tek d\u0142ugiej listy dodatk\u00f3w, kt\u00f3re mog\u0105 zaspokoi\u0107 potrzeby Twojej firmy. Zacznij od bezp\u0142atnej wtyczki LinkedIn Feed dla swojej witryny i przejrzyj reszt\u0119 naszego katalogu, aby doda\u0107 wi\u0119cej rozwi\u0105za\u0144 wid\u017cet\u00f3w!<\/p><\/div>\r\n\t\t\t\t\t<\/div>\r\n\t\t\t\t<\/div><div class=\"faq-item\">\r\n\t\t\t\t\t<div class=\"faq-item-question\">\r\n\t\t\t\t\t\t<h3 class=\"faq-item-question-text\">Jak bezp\u0142atnie osadzi\u0107 LinkedIn Feed w WordPress?<\/h3>\r\n\r\n\t\t\t\t\t\t<div class=\"faq-item-question-icon\"><\/div>\r\n\t\t\t\t\t<\/div>\r\n\r\n\t\t\t\t\t<div class=\"faq-item-answer\">\r\n\t\t\t\t\t\t<div class=\"faq-item-answer-text\"><p>Aby bezp\u0142atnie doda\u0107 kana\u0142 LinkedIn do swojej witryny WordPress, wykonaj poni\u017csze kroki:<\/p> <ol><li>Spersonalizuj wygl\u0105d wid\u017cetu kana\u0142u LinkedIn, aby dopasowa\u0107 go do stylu witryny.<\/p> li&gt;<li>Zaloguj si\u0119 do panelu sterowania Elfsight lub utw\u00f3rz bezp\u0142atny profil.<\/li><li>Uzyskaj unikalny kod do umieszczenia wid\u017cetu.<\/li><li>Przejd\u017a do swojej witryny WordPress.<\/li><li>Umie\u015b\u0107 kod w edytorze swojej witryny WordPress, aby doda\u0107 wid\u017cet LinkedIn Feed. Voila!<\/li><\/ol><p>Jak wida\u0107, nie ma potrzeby wyr\u00f3\u017cniania si\u0119 w pisaniu kodu, aby osadzi\u0107 wtyczk\u0119. Z \u0142atwo\u015bci\u0105 utw\u00f3rz pozbawiony kodu wid\u017cet LinkedIn Feed dla witryny WordPress i poznaj r\u00f3\u017cne korzy\u015bci towarzysz\u0105ce procesowi zwi\u0119kszania zasi\u0119gu.<\/p><\/div>\r\n\t\t\t\t\t<\/div>\r\n\t\t\t\t<\/div><div class=\"faq-item\">\r\n\t\t\t\t\t<div class=\"faq-item-question\">\r\n\t\t\t\t\t\t<h3 class=\"faq-item-question-text\">Czy musz\u0119 umie\u0107 kodowa\u0107 lub mie\u0107 umiej\u0119tno\u015bci programowania w celu osadzenia wtyczki LinkedIn Feed w witrynie WordPress?<\/h3>\r\n\r\n\t\t\t\t\t\t<div class=\"faq-item-question-icon\"><\/div>\r\n\t\t\t\t\t<\/div>\r\n\r\n\t\t\t\t\t<div class=\"faq-item-answer\">\r\n\t\t\t\t\t\t<div class=\"faq-item-answer-text\"><p>Nie. Posiadanie wiedzy z zakresu kodowania jest absolutnie niepotrzebne. Mo\u017cesz \u0142atwo zbudowa\u0107 i doda\u0107 wtyczk\u0119 LinkedIn Feed do swojej witryny WordPress, nawet bez specjalistycznego do\u015bwiadczenia lub wcze\u015bniejszej znajomo\u015bci kodu.<\/p> <\/div>\r\n\t\t\t\t\t<\/div>\r\n\t\t\t\t<\/div><\/div><\/div> <div class=\"application-platform-content-item-features application-platform-content-item\" id=\"features\" data-nav-section=\"features\"> <h2>Oto lista najpot\u0119\u017cniejszych funkcji:<\/h2> <ul><li>Udost\u0119pniaj r\u00f3\u017cnorodne typy tre\u015bci: wpisy na blogu, obrazy, klipy itp.<\/li><li>Filtruj posty wed\u0142ug s\u0142\u00f3w kluczowych, hashtag\u00f3w lub adresy URL.<\/li><li>Dodaj przyciski CTA, aby poprawi\u0107 widoczno\u015b\u0107 kana\u0142u firmowego na LinkedIn.<\/li><li>Wy\u015bwietlaj dynamiczny efekt wyskakuj\u0105cego okienka, aby przyci\u0105gn\u0105\u0107 uwag\u0119 ludzi do Twoich tre\u015bci na LinkedIn.<\/li><li>Dostosowywanie bez kodu dzi\u0119ki zaawansowanym ustawieniom projektu: wst\u0119pnie zaprojektowane szablony, generator schemat\u00f3w kolor\u00f3w, projekty uk\u0142ad\u00f3w, style post\u00f3w, niestandardowy CSS itp.<\/li><\/ul><p><a href=\"#demo\">Wypr\u00f3buj t\u0119 wersj\u0119 demonstracyjn\u0105, aby zrozumie\u0107 funkcjonalno\u015b\u0107 wid\u017cetu<\/a><\/p> <\/div> <div class=\"application-platform-content-item-installation application-platform-content-item\" id=\"installation\" data-nav-section=\"installation\"> <h2>Jak doda\u0107 kana\u0142 LinkedIn do mojej witryny WordPress?<\/h2><div class=\"video-container\">\n<iframe width=\"720\" height=\"405\" src=\"https:\/\/www.youtube.com\/embed\/Ur-GSqDEehE?si=1TTRjdw7qWxXDz_I\" frameborder=\"0\" allowfullscreen=\"\"><\/iframe>\n<\/div> <p>Je\u015bli chcesz osadzi\u0107 bezkodow\u0105 wtyczk\u0119 LinkedIn Feed w swojej witrynie WordPress, wykonaj nast\u0119puj\u0105ce kroki:<\/p> <ol><li><b>Uruchom nasz darmowy edytor i zacznij tworzy\u0107 spersonalizowan\u0105 wtyczk\u0119 LinkedIn Feed.<\/b><br> Znajd\u017a preferowan\u0105 form\u0119 i funkcjonalno\u015b\u0107 wtyczki i zapisz modyfikacje.<\/li> <li><b>Skopiuj sw\u00f3j unikalny kod, kt\u00f3ry pojawi si\u0119 w oknie aplikacji Elfsight.<\/b><br> Po skonfigurowaniu wid\u017cetu skopiuj ekskluzywny kod z wy\u015bwietlonego wyskakuj\u0105cego okienka i zachowaj go do dalszego wykorzystania.<\/li> <li><b>Dodaj kod wid\u017cetu do swojej witryny WordPress.<\/b><br> Dodaj zapisany wcze\u015bniej kod do swojej witryny i zastosuj zmiany.<\/li> <li><b>Instalacja zosta\u0142a pomy\u015blnie zako\u0144czona.<\/b><br> Przejd\u017a do swojej witryny, aby zobaczy\u0107 w dzia\u0142aniu wydajno\u015b\u0107 wid\u017cetu LinkedIn Feed.<\/li><\/ol> <p>Je\u015bli napotkasz trudno\u015bci w procesie osadzania, nie wahaj si\u0119 skontaktowa\u0107 z naszym zespo\u0142em obs\u0142ugi klienta. Nasi pracownicy z przyjemno\u015bci\u0105 odpowiedz\u0105 na wszystkie Twoje pytania, korzystaj\u0105c z bezp\u0142atnej wtyczki LinkedIn Feed dla witryn WordPress.<\/p> <\/div>","protected":false},"excerpt":{"rendered":"","protected":false},"author":9,"featured_media":0,"parent":3395,"menu_order":0,"comment_status":"closed","ping_status":"closed","template":"templates\/template-application-platform.php","meta":{"publish_to_discourse":"","publish_post_category":"","wpdc_auto_publish_overridden":"","wpdc_topic_tags":"","wpdc_pin_topic":"","wpdc_pin_until":"","discourse_post_id":"","discourse_permalink":"","wpdc_publishing_response":"","wpdc_publishing_error":"","footnotes":""},"class_list":["post-5631","page","type-page","status-publish","hentry"],"yoast_head":"<!-- This site is optimized with the Yoast SEO plugin v25.3.1 - https:\/\/yoast.com\/wordpress\/plugins\/seo\/ -->\n<title>Kana\u0142 LinkedIn \u2014 dodaj wtyczk\u0119 Feed do WordPress [za darmo!]<\/title>\n<meta name=\"description\" content=\"Umie\u015b\u0107 niewymagaj\u0105c\u0105 kodowania wtyczk\u0119 LinkedIn Feed na swojej witrynie WordPress. Zbuduj sw\u00f3j widget, korzystaj\u0105c z wersji demonstracyjnej na \u017cywo i gotowych szablon\u00f3w, aby uzyska\u0107 mocny dow\u00f3d spo\u0142eczno\u015bciowy.\" \/>\n<meta name=\"robots\" content=\"index, follow, max-snippet:-1, max-image-preview:large, max-video-preview:-1\" \/>\n<link rel=\"canonical\" href=\"https:\/\/elfsight.com\/pl\/linkedin-feed-widget\/wordpress\/\" \/>\n<meta property=\"og:locale\" content=\"pl_PL\" \/>\n<meta property=\"og:type\" content=\"article\" \/>\n<meta property=\"og:title\" content=\"Kana\u0142 LinkedIn \u2014 dodaj wtyczk\u0119 Feed do WordPress [za darmo!]\" \/>\n<meta property=\"og:description\" content=\"Umie\u015b\u0107 niewymagaj\u0105c\u0105 kodowania wtyczk\u0119 LinkedIn Feed na swojej witrynie WordPress. Zbuduj sw\u00f3j widget, korzystaj\u0105c z wersji demonstracyjnej na \u017cywo i gotowych szablon\u00f3w, aby uzyska\u0107 mocny dow\u00f3d spo\u0142eczno\u015bciowy.\" \/>\n<meta property=\"og:url\" content=\"https:\/\/elfsight.com\/pl\/linkedin-feed-widget\/wordpress\/\" \/>\n<meta property=\"og:site_name\" content=\"Elfsight PL\" \/>\n<meta property=\"article:modified_time\" content=\"2025-10-22T08:48:24+00:00\" \/>\n<meta name=\"twitter:card\" content=\"summary_large_image\" \/>\n<meta name=\"twitter:label1\" content=\"Szacowany czas czytania\" \/>\n\t<meta name=\"twitter:data1\" content=\"5 minut\" \/>\n<!-- \/ Yoast SEO plugin. -->","yoast_head_json":{"title":"Kana\u0142 LinkedIn \u2014 dodaj wtyczk\u0119 Feed do WordPress [za darmo!]","description":"Umie\u015b\u0107 niewymagaj\u0105c\u0105 kodowania wtyczk\u0119 LinkedIn Feed na swojej witrynie WordPress. Zbuduj sw\u00f3j widget, korzystaj\u0105c z wersji demonstracyjnej na \u017cywo i gotowych szablon\u00f3w, aby uzyska\u0107 mocny dow\u00f3d spo\u0142eczno\u015bciowy.","robots":{"index":"index","follow":"follow","max-snippet":"max-snippet:-1","max-image-preview":"max-image-preview:large","max-video-preview":"max-video-preview:-1"},"canonical":"https:\/\/elfsight.com\/pl\/linkedin-feed-widget\/wordpress\/","og_locale":"pl_PL","og_type":"article","og_title":"Kana\u0142 LinkedIn \u2014 dodaj wtyczk\u0119 Feed do WordPress [za darmo!]","og_description":"Umie\u015b\u0107 niewymagaj\u0105c\u0105 kodowania wtyczk\u0119 LinkedIn Feed na swojej witrynie WordPress. Zbuduj sw\u00f3j widget, korzystaj\u0105c z wersji demonstracyjnej na \u017cywo i gotowych szablon\u00f3w, aby uzyska\u0107 mocny dow\u00f3d spo\u0142eczno\u015bciowy.","og_url":"https:\/\/elfsight.com\/pl\/linkedin-feed-widget\/wordpress\/","og_site_name":"Elfsight PL","article_modified_time":"2025-10-22T08:48:24+00:00","twitter_card":"summary_large_image","twitter_misc":{"Szacowany czas czytania":"5 minut"},"schema":{"@context":"https:\/\/schema.org","@graph":[{"@type":"WebPage","@id":"https:\/\/elfsight.com\/pl\/linkedin-feed-widget\/wordpress\/","url":"https:\/\/elfsight.com\/pl\/linkedin-feed-widget\/wordpress\/","name":"Kana\u0142 LinkedIn \u2014 dodaj wtyczk\u0119 Feed do WordPress [za darmo!]","isPartOf":{"@id":"https:\/\/elfsight.com\/pl\/#website"},"datePublished":"2024-05-03T06:40:42+00:00","dateModified":"2025-10-22T08:48:24+00:00","description":"Umie\u015b\u0107 niewymagaj\u0105c\u0105 kodowania wtyczk\u0119 LinkedIn Feed na swojej witrynie WordPress. Zbuduj sw\u00f3j widget, korzystaj\u0105c z wersji demonstracyjnej na \u017cywo i gotowych szablon\u00f3w, aby uzyska\u0107 mocny dow\u00f3d spo\u0142eczno\u015bciowy.","breadcrumb":{"@id":"https:\/\/elfsight.com\/pl\/linkedin-feed-widget\/wordpress\/#breadcrumb"},"inLanguage":"pl-PL","potentialAction":[{"@type":"ReadAction","target":["https:\/\/elfsight.com\/pl\/linkedin-feed-widget\/wordpress\/"]}]},{"@type":"BreadcrumbList","@id":"https:\/\/elfsight.com\/pl\/linkedin-feed-widget\/wordpress\/#breadcrumb","itemListElement":[{"@type":"ListItem","position":1,"name":"Home","item":"https:\/\/elfsight.com\/pl\/"},{"@type":"ListItem","position":2,"name":"LinkedIn Feed","item":"https:\/\/elfsight.com\/pl\/linkedin-feed-widget\/"},{"@type":"ListItem","position":3,"name":"LinkedIn Feed &#8211; WordPress"}]},{"@type":"WebSite","@id":"https:\/\/elfsight.com\/pl\/#website","url":"https:\/\/elfsight.com\/pl\/","name":"Elfsight PL","description":"Just another Elfsight Sites site","potentialAction":[{"@type":"SearchAction","target":{"@type":"EntryPoint","urlTemplate":"https:\/\/elfsight.com\/pl\/?s={search_term_string}"},"query-input":{"@type":"PropertyValueSpecification","valueRequired":true,"valueName":"search_term_string"}}],"inLanguage":"pl-PL"}]}},"meta_box":{"industry":"","seo_heading":"","heading":"","description":"","cta_heading":"","cta_description":"","application":"3348","h1":"Jak osadzi\u0107 kana\u0142 LinkedIn na WordPress za darmo!","h1_caption":"Prezentuj aktualizacje, grafiki i klipy firmy LinkedIn na swojej stronie internetowej","application_category":[],"applications_title":"","applications_request_title":"","applications_request_button_text":"","hero_text":"","hero_video":"","hero_video_schema_markup":"","selling_points_title":"","selling_points_caption":"","selling_points":[],"selling_points_cta_text":"","features_title":"","features":"","ed_cta_examples_text":"","ed_cta_examples_hidden":"","ed_cta_demo_text":"","ed_cta_demo_hidden":"","why_caption":"","why_editor_title":"","why_editor_text":"","why_team_title":"","why_team_text":"","why_service_title":"","why_service_text":"","template_catalog_visible":"0","template_catalog_title":"","template_catalog_text":"","template_catalog_categories_visible":"","demo_title":"\u015amia\u0142o, stw\u00f3rz w\u0142asny kana\u0142 WordPress na LinkedIn","demo_caption":"Dostosuj go i umie\u015b\u0107 wid\u017cet na swojej stronie w wersji demonstracyjnej.","default_faq_hidden":"","app_template_category":[],"platform":"31","template_public_id":"","codecanyon_url":"","codecanyon_item_id":"","codecanyon_price":"","pricing_caption":"","pricing_elfsight_apps_hide_column":"","pricing_elfsight_apps_url":"","pricing_codecanyon_price_caption":"","integration_category":[],"integration_request_title":"","integration_request_cta":"","integration_platform":"","integrations":[],"platform_category":[],"video_schema_markup":"","price":"od 0 USD \/ miesi\u0105c","trial":"","benefits":[{"text":"Bezp\u0142atna pomoc w monta\u017cu"},{"text":"Profesjonalna obs\u0142uga klienta"},{"text":"14-dniowa gwarancja zwrotu pieni\u0119dzy"}],"button_url":"#demo","button_target_blank":"0","button_nofollow":"0","attributes":[{"name":"Instaluje","content":"100,000 - 500,000"},{"name":"Czu\u0142y","content":"Tak"},{"name":"Kompatybilne przegl\u0105darki","content":"IE11, Firefox, Safari, Opera, Chrome, Edge"}],"tags":[],"tags_disable_links":"0","hide_more_platforms":"0","video_object":"","demo_hide_cta":"0","demo_hide_cloud_options":"0","pricing_title":"","pricing":[{"pricing_icon":"platform","pricing_title":"Elfsight Apps","pricing_title_caption":"Wieloplatformowe rozwi\u0105zanie cyfrowe","pricing_price":"od 0 USD \/ miesi\u0105c","pricing_price_caption":"zacznij od bezp\u0142atnego planu","pricing_benefits":[{"text":"Nielimitowane domeny"},{"text":"Najwy\u017csza obs\u0142uga klienta"},{"text":"Bezp\u0142atna pomoc w monta\u017cu"},{"text":"Elastyczny projekt"}],"pricing_button_text":"Dodaj do witryny","pricing_button_url":"#demo"}],"related_apps_title":"","related_apps_hidden":"0","author":"","image":[],"title":"","job":"","social_networks":[]},"_links":{"self":[{"href":"https:\/\/elfsight.com\/pl\/wp-json\/wp\/v2\/pages\/5631","targetHints":{"allow":["GET"]}}],"collection":[{"href":"https:\/\/elfsight.com\/pl\/wp-json\/wp\/v2\/pages"}],"about":[{"href":"https:\/\/elfsight.com\/pl\/wp-json\/wp\/v2\/types\/page"}],"author":[{"embeddable":true,"href":"https:\/\/elfsight.com\/pl\/wp-json\/wp\/v2\/users\/9"}],"replies":[{"embeddable":true,"href":"https:\/\/elfsight.com\/pl\/wp-json\/wp\/v2\/comments?post=5631"}],"version-history":[{"count":3,"href":"https:\/\/elfsight.com\/pl\/wp-json\/wp\/v2\/pages\/5631\/revisions"}],"predecessor-version":[{"id":10777,"href":"https:\/\/elfsight.com\/pl\/wp-json\/wp\/v2\/pages\/5631\/revisions\/10777"}],"up":[{"embeddable":true,"href":"https:\/\/elfsight.com\/pl\/wp-json\/wp\/v2\/pages\/3395"}],"wp:attachment":[{"href":"https:\/\/elfsight.com\/pl\/wp-json\/wp\/v2\/media?parent=5631"}],"curies":[{"name":"wp","href":"https:\/\/api.w.org\/{rel}","templated":true}]}}