{"id":5630,"date":"2024-05-03T06:40:41","date_gmt":"2024-05-03T06:40:41","guid":{"rendered":"https:\/\/elfsight.com\/pl\/?page_id=5630"},"modified":"2025-06-19T14:33:29","modified_gmt":"2025-06-19T14:33:29","slug":"godaddy","status":"publish","type":"page","link":"https:\/\/elfsight.com\/pl\/linkedin-feed-widget\/godaddy\/","title":{"rendered":"LinkedIn Feed &#8211; GoDaddy"},"content":{"rendered":"<div class=\"application-platform-content-item-description application-platform-content-item\" id=\"description\" data-nav-section=\"description\">\n<h2>Umie\u015b\u0107 kana\u0142 LinkedIn w serwisie GoDaddy za darmo!<\/h2>\n<p>Wtyczka **LinkedIn Feed** to doskona\u0142e narz\u0119dzie dla firm do prezentowania i promowania ich tre\u015bci LinkedIn w witrynach GoDaddy: wy\u015bwietlaj posty, obrazy, filmy itp. Konfiguracja wid\u017cetu zajmuje kilka sekund \u2014 nie jest wymagana \u017cadna wiedza z zakresu kodowania ani programowania. <\/p>\n<p>Stw\u00f3rz wygl\u0105d odpowiadaj\u0105cy potrzebom Twojej witryny i pod\u0105\u017caj za trendami, testuj\u0105c niestandardowe elementy kana\u0142u, szablony, uk\u0142ady i style post\u00f3w. Dodaj tryb wyskakuj\u0105cego okienka jako akcj\u0119 po klikni\u0119ciu, aby przyci\u0105gn\u0105\u0107 uwag\u0119 u\u017cytkownik\u00f3w. Wreszcie, ciesz si\u0119 wzbudzonym zaufaniem i wi\u0119kszymi mo\u017cliwo\u015bciami budowania marki.<\/p>\n<ul>\n    <li><strong>Zwi\u0119ksz sw\u00f3j potencja\u0142 sieciowy dzi\u0119ki stronie firmowej LinkedIn.<\/strong><br>Zbuduj nowe kontakty w \u015bwiecie handlu i zwi\u0119ksz liczb\u0119 potencjalnych klient\u00f3w, wykorzystuj\u0105c tre\u015bci ze swojego profilu LinkedIn.<\/li>\n    <li><strong>Poszerz liczb\u0119 obserwuj\u0105cych na LinkedIn.<\/strong><br>Roz\u015bwietl swoj\u0105 obecno\u015b\u0107 na LinkedIn w\u015br\u00f3d u\u017cytkownik\u00f3w witryny GoDaddy i wywo\u0142aj \u017cywe zainteresowanie swoimi us\u0142ugami.<\/li>\n    <li><strong>Wzmocnij autentyczno\u015b\u0107 swojej firmy.<\/strong><br>Zapewnij dodatkow\u0105 warstw\u0119 wiarygodno\u015bci i wiarygodno\u015bci swojej marce oraz dodaj najnowsz\u0105 aktywno\u015b\u0107 LinkedIn bezpo\u015brednio na stronie witryny.<\/li>\n<\/ul>\n<p><b>Osad\u017a wid\u017cet LinkedIn Feed bez u\u017cycia kodu w witrynie GoDaddy, aby budowa\u0107 zaufanie, promowa\u0107 autentyczno\u015b\u0107 i poszerza\u0107 kontakty robocze dzi\u0119ki solidnemu potwierdzeniu spo\u0142ecznemu.<\/b><\/p>\n\n<div class=\"faq\" data-component=\"FAQ\">\n    <div class=\"faq-item\">\r\n\t\t\t\t\t<div class=\"faq-item-question\">\r\n\t\t\t\t\t\t<h3 class=\"faq-item-question-text\">Czy s\u0105 jakie\u015b inne narz\u0119dzia dla GoDaddy, kt\u00f3rych mog\u0119 u\u017cywa\u0107 w mojej witrynie?<\/h3>\r\n\r\n\t\t\t\t\t\t<div class=\"faq-item-question-icon\"><\/div>\r\n\t\t\t\t\t<\/div>\r\n\r\n\t\t\t\t\t<div class=\"faq-item-answer\">\r\n\t\t\t\t\t\t<div class=\"faq-item-answer-text\">\n    <p>Tak, zdecydowanie! Jako u\u017cytkownik witryny GoDaddy, Elfsight zapewnia szeroki wyb\u00f3r narz\u0119dzi niewymagaj\u0105cych kodu, a wtyczka LinkedIn Feed to tylko jedna z takich ofert. Bez wzgl\u0119du na rodzaj prowadzonej dzia\u0142alno\u015bci lub nisz\u0119, w kt\u00f3rej pracujesz, zawsze istniej\u0105 mo\u017cliwo\u015bci pokazania swoich mocnych stron i dodania punkt\u00f3w do swojej strategii marketingowej. Rozwa\u017c nast\u0119puj\u0105ce mo\u017cliwo\u015bci:<\/p>\n    <ul>\n        <li>Aby utworzy\u0107 inn\u0105 aplikacj\u0119 spo\u0142eczno\u015bciow\u0105 dla swojej witryny GoDaddy, podobn\u0105 do wtyczki LinkedIn Feed, spr\u00f3buj doda\u0107 <a href=\"https:\/\/elfsight.com\/pinterest-feed-widget\/\">Kana\u0142 Pinteresta<\/a> lub wid\u017cet <a href=\"https:\/\/elfsight.com\/instagram-feed-instashow\/\">Kana\u0142 Instagrama<\/a> w Twojej witrynie.<\/li>\n        <li>Wybierz <a href=\"https:\/\/elfsight.com\/all-in-one-reviews-widget\/\">recenzje typu \u201ewszystko w jednym\u201d<\/a> lub <a href=\"https:\/\/elfsight.com\/google-reviews-widget\/\">Wtyczka Recenzje Google<\/a> umo\u017cliwiaj\u0105ca wy\u015bwietlanie cennych opinii klient\u00f3w.<\/li>\n        <li>Umie\u015b\u0107 <a href=\"https:\/\/elfsight.com\/online-form-builder\/\">Kreator formularzy<\/a>, aby usprawni\u0107 zbieranie odpowiedzi i umo\u017cliwi\u0107 u\u017cytkownikom GoDaddy \u0142\u0105czenie si\u0119 z Tob\u0105.<\/li>\n        <li>Dodaj <a href=\"https:\/\/elfsight.com\/countdown-timer-widget\/\">Wtyczka Minutnik<\/a> zwi\u0119kszaj\u0105ca zaanga\u017cowanie i buduj\u0105ca w\u015br\u00f3d odbiorc\u00f3w poczucie pilno\u015bci.<\/li>\n    <\/ul>\n    <p>Pami\u0119taj, \u017ce to tylko kilka przyk\u0142ad\u00f3w. Zapoznaj si\u0119 z naszym obszernym katalogiem wid\u017cet\u00f3w po wdro\u017ceniu bezkodowej wtyczki LinkedIn Feed, aby odkry\u0107 jeszcze wi\u0119cej sposob\u00f3w na zaspokojenie konkretnych potrzeb biznesowych!<\/p>\n    <\/div>\r\n\t\t\t\t\t<\/div>\r\n\t\t\t\t<\/div>\n\n    <div class=\"faq-item\">\r\n\t\t\t\t\t<div class=\"faq-item-question\">\r\n\t\t\t\t\t\t<h3 class=\"faq-item-question-text\">Jak bezp\u0142atnie osadzi\u0107 LinkedIn Feed w GoDaddy?<\/h3>\r\n\r\n\t\t\t\t\t\t<div class=\"faq-item-question-icon\"><\/div>\r\n\t\t\t\t\t<\/div>\r\n\r\n\t\t\t\t\t<div class=\"faq-item-answer\">\r\n\t\t\t\t\t\t<div class=\"faq-item-answer-text\">\n    <p>Je\u015bli chcesz bezp\u0142atnie doda\u0107 wtyczk\u0119 LinkedIn Feed do swojej witryny GoDaddy, wykonaj nast\u0119puj\u0105ce czynno\u015bci:<\/p>\n    <ol>\n        <li>Dostosuj wygl\u0105d wid\u017cetu LinkedIn Feed, aby pasowa\u0142 do stylu Twojej witryny internetowej.<\/li>\n        <li>Zaloguj si\u0119 do panelu administracyjnego Elfsight lub zarejestruj bezp\u0142atne konto.<\/li>\n        <li>Odbierz automatycznie wygenerowany kod instalacyjny do umieszczenia.<\/li>\n        <li>Przejd\u017a do swojej witryny GoDaddy.<\/li>\n        <li>Wklej kod do edytora witryny GoDaddy, aby doda\u0107 wid\u017cet Kana\u0142 LinkedIn. To wszystko!<\/li>\n    <\/ol>\n    <p>Jak wida\u0107, nie trzeba wyr\u00f3\u017cnia\u0107 si\u0119 w pisaniu kodu, aby osadzi\u0107 wtyczk\u0119. Utw\u00f3rz z \u0142atwo\u015bci\u0105 pozbawiony kodu wid\u017cet LinkedIn Feed dla witryny GoDaddy i ciesz si\u0119 licznymi korzy\u015bciami towarzysz\u0105cymi procesowi poszerzania grona odbiorc\u00f3w.<\/p>\n    <\/div>\r\n\t\t\t\t\t<\/div>\r\n\t\t\t\t<\/div>\n\n    <div class=\"faq-item\">\r\n\t\t\t\t\t<div class=\"faq-item-question\">\r\n\t\t\t\t\t\t<h3 class=\"faq-item-question-text\">Czy musz\u0119 umie\u0107 kodowa\u0107 lub masz umiej\u0119tno\u015bci programowania, aby doda\u0107 kana\u0142 LinkedIn do GoDaddy?<\/h3>\r\n\r\n\t\t\t\t\t\t<div class=\"faq-item-question-icon\"><\/div>\r\n\t\t\t\t\t<\/div>\r\n\r\n\t\t\t\t\t<div class=\"faq-item-answer\">\r\n\t\t\t\t\t\t<div class=\"faq-item-answer-text\">\n    <p>Wcale nie. Umiej\u0119tno\u015b\u0107 kodowania nie jest w \u017caden spos\u00f3b konieczna. Mo\u017cesz utworzy\u0107 i doda\u0107 wid\u017cet LinkedIn Feed do swojej witryny GoDaddy niezale\u017cnie od wcze\u015bniejszej wiedzy i znajomo\u015bci kodu.<\/p>\n    <\/div>\r\n\t\t\t\t\t<\/div>\r\n\t\t\t\t<\/div>\n<\/div>\n<\/div>\n\n<div class=\"application-platform-content-item-features application-platform-content-item\" id=\"features\" data-nav-section=\"features\">\n<h2>Oferujemy praktyczne i \u0142atwe funkcje wid\u017cet\u00f3w, zobacz niekt\u00f3re z nich:<\/h2>\n<ul>\n    <li>Wy\u015bwietlaj r\u00f3\u017cne formy tre\u015bci LinkedIn: wpisy na blogu, obrazy, filmy itp.<\/li>\n    <li>Filtruj posty w kanale wed\u0142ug s\u0142\u00f3w kluczowych, hashtag\u00f3w lub adres\u00f3w URL.<\/li>\n    <li>Przyciski CTA, aby poprawi\u0107 wsp\u00f3\u0142czynnik zaanga\u017cowania w kanale firmowym LinkedIn.<\/li>\n    <li>Dodaj przyci\u0105gaj\u0105cy wzrok tryb wyskakuj\u0105cych okienek, aby zwr\u00f3ci\u0107 uwag\u0119 na tre\u015bci LinkedIn.<\/li>\n    <li>Zaawansowane dostosowywanie bez konieczno\u015bci kodowania: gotowe szablony, generator schemat\u00f3w kolor\u00f3w, pi\u0119\u0107 dost\u0119pnych uk\u0142ad\u00f3w, style post\u00f3w, niestandardowy CSS itp.<\/li>\n<\/ul>\n<p><a href=\"#demo\">Wystarczy wypr\u00f3bowa\u0107 t\u0119 wersj\u0119 demonstracyjn\u0105, aby pozna\u0107 funkcjonalno\u015b\u0107 wid\u017cetu<\/a><\/p>\n<\/div>\n\n<div class=\"application-platform-content-item-installation application-platform-content-item\" id=\"installation\" data-nav-section=\"installation\">\n<h2>Jak doda\u0107 kana\u0142 LinkedIn do mojej witryny GoDaddy?<\/h2>\n<p>Je\u015bli chcesz bez u\u017cycia kodu osadzi\u0107 kana\u0142 LinkedIn w swojej witrynie GoDaddy, post\u0119puj zgodnie z poni\u017cszymi instrukcjami:<\/p>\n<ol>\n    <li><b>Wykonaj nasz bezp\u0142atny konfigurator i zacznij tworzy\u0107 spersonalizowan\u0105 wtyczk\u0119 LinkedIn Feed.<\/b><br>Okre\u015bl preferowany wygl\u0105d i cechy funkcjonalne wtyczki i zastosuj poprawki.<\/li>\n    <li><b>Skopiuj unikalny kod widoczny w oknie aplikacji Elfsight.<\/b><br>Zaraz po utworzeniu wid\u017cetu skopiuj kod osobisty z wy\u015bwietlonego pola i zapisz go do p\u00f3\u017aniejszego wykorzystania.<\/li>\n    <li><b>Zacznij korzysta\u0107 z narz\u0119dzia w swojej witrynie GoDaddy.<\/b><br>Umie\u015b\u0107 skopiowany ostatnio kod na swojej stronie internetowej i zapisz zmiany.<\/li>\n    <li><b>Gotowe! Integracja zosta\u0142a pomy\u015blnie zako\u0144czona.<\/b><br>Odwied\u017a swoj\u0105 witryn\u0119, aby sprawdzi\u0107, jak dzia\u0142a wtyczka LinkedIn Feed.<\/li>\n<\/ol>\n<p>Pod warunkiem, \u017ce b\u0119dziesz odpowiada\u0107 na zapytania lub napotka\u0107 pewne komplikacje dotycz\u0105ce sposobu dodawania wid\u017cetu, skontaktuj si\u0119 z naszym zespo\u0142em wsparcia. Nasi pracownicy pragn\u0105 rozwi\u0105za\u0107 wszystkie problemy, jakie mo\u017cesz mie\u0107 z bezkodow\u0105 wtyczk\u0105 LinkedIn Feed do witryn GoDaddy.<\/p>\n<\/div>","protected":false},"excerpt":{"rendered":"","protected":false},"author":9,"featured_media":0,"parent":3395,"menu_order":0,"comment_status":"closed","ping_status":"closed","template":"templates\/template-application-platform.php","meta":{"publish_to_discourse":"","publish_post_category":"","wpdc_auto_publish_overridden":"","wpdc_topic_tags":"","wpdc_pin_topic":"","wpdc_pin_until":"","discourse_post_id":"","discourse_permalink":"","wpdc_publishing_response":"","wpdc_publishing_error":"","footnotes":""},"class_list":["post-5630","page","type-page","status-publish","hentry"],"yoast_head":"<!-- This site is optimized with the Yoast SEO plugin v25.3.1 - https:\/\/yoast.com\/wordpress\/plugins\/seo\/ -->\n<title>Kana\u0142 LinkedIn \u2014 dodaj wtyczk\u0119 kana\u0142u do GoDaddy [za darmo!]<\/title>\n<meta name=\"description\" content=\"Umie\u015b\u0107 niewymagaj\u0105c\u0105 kodowania wtyczk\u0119 LinkedIn Feed w swojej witrynie GoDaddy. Zbuduj swoj\u0105 wtyczk\u0119, korzystaj\u0105c z wersji demonstracyjnej na \u017cywo i gotowych szablon\u00f3w, aby uzyska\u0107 mocny dow\u00f3d spo\u0142eczno\u015bciowy.\" \/>\n<meta name=\"robots\" content=\"index, follow, max-snippet:-1, max-image-preview:large, max-video-preview:-1\" \/>\n<link rel=\"canonical\" href=\"https:\/\/elfsight.com\/pl\/linkedin-feed-widget\/godaddy\/\" \/>\n<meta property=\"og:locale\" content=\"pl_PL\" \/>\n<meta property=\"og:type\" content=\"article\" \/>\n<meta property=\"og:title\" content=\"Kana\u0142 LinkedIn \u2014 dodaj wtyczk\u0119 kana\u0142u do GoDaddy [za darmo!]\" \/>\n<meta property=\"og:description\" content=\"Umie\u015b\u0107 niewymagaj\u0105c\u0105 kodowania wtyczk\u0119 LinkedIn Feed w swojej witrynie GoDaddy. Zbuduj swoj\u0105 wtyczk\u0119, korzystaj\u0105c z wersji demonstracyjnej na \u017cywo i gotowych szablon\u00f3w, aby uzyska\u0107 mocny dow\u00f3d spo\u0142eczno\u015bciowy.\" \/>\n<meta property=\"og:url\" content=\"https:\/\/elfsight.com\/pl\/linkedin-feed-widget\/godaddy\/\" \/>\n<meta property=\"og:site_name\" content=\"Elfsight PL\" \/>\n<meta property=\"article:modified_time\" content=\"2025-06-19T14:33:29+00:00\" \/>\n<meta name=\"twitter:card\" content=\"summary_large_image\" \/>\n<meta name=\"twitter:label1\" content=\"Szacowany czas czytania\" \/>\n\t<meta name=\"twitter:data1\" content=\"5 minut\" \/>\n<!-- \/ Yoast SEO plugin. -->","yoast_head_json":{"title":"Kana\u0142 LinkedIn \u2014 dodaj wtyczk\u0119 kana\u0142u do GoDaddy [za darmo!]","description":"Umie\u015b\u0107 niewymagaj\u0105c\u0105 kodowania wtyczk\u0119 LinkedIn Feed w swojej witrynie GoDaddy. Zbuduj swoj\u0105 wtyczk\u0119, korzystaj\u0105c z wersji demonstracyjnej na \u017cywo i gotowych szablon\u00f3w, aby uzyska\u0107 mocny dow\u00f3d spo\u0142eczno\u015bciowy.","robots":{"index":"index","follow":"follow","max-snippet":"max-snippet:-1","max-image-preview":"max-image-preview:large","max-video-preview":"max-video-preview:-1"},"canonical":"https:\/\/elfsight.com\/pl\/linkedin-feed-widget\/godaddy\/","og_locale":"pl_PL","og_type":"article","og_title":"Kana\u0142 LinkedIn \u2014 dodaj wtyczk\u0119 kana\u0142u do GoDaddy [za darmo!]","og_description":"Umie\u015b\u0107 niewymagaj\u0105c\u0105 kodowania wtyczk\u0119 LinkedIn Feed w swojej witrynie GoDaddy. Zbuduj swoj\u0105 wtyczk\u0119, korzystaj\u0105c z wersji demonstracyjnej na \u017cywo i gotowych szablon\u00f3w, aby uzyska\u0107 mocny dow\u00f3d spo\u0142eczno\u015bciowy.","og_url":"https:\/\/elfsight.com\/pl\/linkedin-feed-widget\/godaddy\/","og_site_name":"Elfsight PL","article_modified_time":"2025-06-19T14:33:29+00:00","twitter_card":"summary_large_image","twitter_misc":{"Szacowany czas czytania":"5 minut"},"schema":{"@context":"https:\/\/schema.org","@graph":[{"@type":"WebPage","@id":"https:\/\/elfsight.com\/pl\/linkedin-feed-widget\/godaddy\/","url":"https:\/\/elfsight.com\/pl\/linkedin-feed-widget\/godaddy\/","name":"Kana\u0142 LinkedIn \u2014 dodaj wtyczk\u0119 kana\u0142u do GoDaddy [za darmo!]","isPartOf":{"@id":"https:\/\/elfsight.com\/pl\/#website"},"datePublished":"2024-05-03T06:40:41+00:00","dateModified":"2025-06-19T14:33:29+00:00","description":"Umie\u015b\u0107 niewymagaj\u0105c\u0105 kodowania wtyczk\u0119 LinkedIn Feed w swojej witrynie GoDaddy. Zbuduj swoj\u0105 wtyczk\u0119, korzystaj\u0105c z wersji demonstracyjnej na \u017cywo i gotowych szablon\u00f3w, aby uzyska\u0107 mocny dow\u00f3d spo\u0142eczno\u015bciowy.","breadcrumb":{"@id":"https:\/\/elfsight.com\/pl\/linkedin-feed-widget\/godaddy\/#breadcrumb"},"inLanguage":"pl-PL","potentialAction":[{"@type":"ReadAction","target":["https:\/\/elfsight.com\/pl\/linkedin-feed-widget\/godaddy\/"]}]},{"@type":"BreadcrumbList","@id":"https:\/\/elfsight.com\/pl\/linkedin-feed-widget\/godaddy\/#breadcrumb","itemListElement":[{"@type":"ListItem","position":1,"name":"Home","item":"https:\/\/elfsight.com\/pl\/"},{"@type":"ListItem","position":2,"name":"LinkedIn Feed","item":"https:\/\/elfsight.com\/pl\/linkedin-feed-widget\/"},{"@type":"ListItem","position":3,"name":"LinkedIn Feed &#8211; GoDaddy"}]},{"@type":"WebSite","@id":"https:\/\/elfsight.com\/pl\/#website","url":"https:\/\/elfsight.com\/pl\/","name":"Elfsight PL","description":"Just another Elfsight Sites site","potentialAction":[{"@type":"SearchAction","target":{"@type":"EntryPoint","urlTemplate":"https:\/\/elfsight.com\/pl\/?s={search_term_string}"},"query-input":{"@type":"PropertyValueSpecification","valueRequired":true,"valueName":"search_term_string"}}],"inLanguage":"pl-PL"}]}},"meta_box":{"industry":"","seo_heading":"","heading":"","description":"","cta_heading":"","cta_description":"","application":"3348","h1":"Jak osadzi\u0107 kana\u0142 LinkedIn na GoDaddy za darmo!","h1_caption":"Wy\u015bwietlaj posty ze swojego profilu w serwisie LinkedIn lub strony firmowej w swojej witrynie, bez wysi\u0142ku zwi\u0119kszaj\u0105c swoj\u0105 profesjonaln\u0105 obecno\u015b\u0107 w Internecie w witrynie GoDaddy.","application_category":[],"applications_title":"","applications_request_title":"","applications_request_button_text":"","hero_text":"","hero_video":"","hero_video_schema_markup":"","selling_points_title":"","selling_points_caption":"","selling_points":[],"selling_points_cta_text":"","features_title":"","features":"","ed_cta_examples_text":"","ed_cta_examples_hidden":"","ed_cta_demo_text":"","ed_cta_demo_hidden":"","why_caption":"","why_editor_title":"","why_editor_text":"","why_team_title":"","why_team_text":"","why_service_title":"","why_service_text":"","template_catalog_visible":"0","template_catalog_title":"","template_catalog_text":"","template_catalog_categories_visible":"","demo_title":"Zach\u0119camy do tworzenia spersonalizowanego kana\u0142u LinkedIn GoDaddy","demo_caption":"Dostosuj je i zintegruj narz\u0119dzie na swojej stronie internetowej, korzystaj\u0105c z aktywnego demo.","default_faq_hidden":"","app_template_category":[],"platform":"180","template_public_id":"","codecanyon_url":"","codecanyon_item_id":"","codecanyon_price":"","pricing_caption":"","pricing_elfsight_apps_hide_column":"","pricing_elfsight_apps_url":"","pricing_codecanyon_price_caption":"","integration_category":[],"integration_request_title":"","integration_request_cta":"","integration_platform":"","integrations":[],"platform_category":[],"video_schema_markup":"","price":"od 0 USD \/ miesi\u0105c","trial":"","benefits":[{"text":"Bezp\u0142atna pomoc w monta\u017cu"},{"text":"Wyj\u0105tkowe wsparcie"},{"text":"14-dniowa gwarancja zwrotu pieni\u0119dzy"}],"button_url":"#demo","button_target_blank":"0","button_nofollow":"0","attributes":[{"name":"Instaluje"},{"name":"Czu\u0142y"},{"name":"Kompatybilne przegl\u0105darki"}],"tags":[],"tags_disable_links":"0","hide_more_platforms":"0","video_object":"","demo_hide_cta":"0","demo_hide_cloud_options":"0","pricing_title":"","pricing":[{"pricing_icon":"platform","pricing_title":"Elfsight Apps","pricing_title_caption":"Niezale\u017cne od platformy rozwi\u0105zanie cyfrowe, kt\u00f3re dzia\u0142a na ka\u017cdej stronie internetowej","pricing_price":"od 0 USD \/ miesi\u0105c","pricing_price_caption":"zacznij od bezp\u0142atnego planu","pricing_benefits":[{"text":"Nielimitowane strony internetowe"},{"text":"Dedykowane wsparcie firmy i dobrze udokumentowane"},{"text":"Bezp\u0142atna us\u0142uga monta\u017cu"},{"text":"Elastyczny projekt"}],"pricing_button_text":"Dodaj do witryny","pricing_button_url":"#demo"}],"related_apps_title":"","related_apps_hidden":"0","author":"","image":[],"title":"","job":"","social_networks":[]},"_links":{"self":[{"href":"https:\/\/elfsight.com\/pl\/wp-json\/wp\/v2\/pages\/5630","targetHints":{"allow":["GET"]}}],"collection":[{"href":"https:\/\/elfsight.com\/pl\/wp-json\/wp\/v2\/pages"}],"about":[{"href":"https:\/\/elfsight.com\/pl\/wp-json\/wp\/v2\/types\/page"}],"author":[{"embeddable":true,"href":"https:\/\/elfsight.com\/pl\/wp-json\/wp\/v2\/users\/9"}],"replies":[{"embeddable":true,"href":"https:\/\/elfsight.com\/pl\/wp-json\/wp\/v2\/comments?post=5630"}],"version-history":[{"count":2,"href":"https:\/\/elfsight.com\/pl\/wp-json\/wp\/v2\/pages\/5630\/revisions"}],"predecessor-version":[{"id":10138,"href":"https:\/\/elfsight.com\/pl\/wp-json\/wp\/v2\/pages\/5630\/revisions\/10138"}],"up":[{"embeddable":true,"href":"https:\/\/elfsight.com\/pl\/wp-json\/wp\/v2\/pages\/3395"}],"wp:attachment":[{"href":"https:\/\/elfsight.com\/pl\/wp-json\/wp\/v2\/media?parent=5630"}],"curies":[{"name":"wp","href":"https:\/\/api.w.org\/{rel}","templated":true}]}}