{"id":5629,"date":"2024-05-03T06:40:40","date_gmt":"2024-05-03T06:40:40","guid":{"rendered":"https:\/\/elfsight.com\/pl\/?page_id=5629"},"modified":"2025-06-19T14:29:03","modified_gmt":"2025-06-19T14:29:03","slug":"iframe","status":"publish","type":"page","link":"https:\/\/elfsight.com\/pl\/linkedin-feed-widget\/iframe\/","title":{"rendered":"LinkedIn Feed &#8211; iFrame"},"content":{"rendered":"<div class=\"application-platform-content-item-description application-platform-content-item\" id=\"description\" data-nav-section=\"description\">\n<h2>Osad\u017a kana\u0142 LinkedIn w iFrame za darmo!<\/h2>\n<p>Bez kodu wtyczka **LinkedIn Feed** zapewnia najnowocze\u015bniejsze mo\u017cliwo\u015bci firmom prezentowanie i reklamowanie tre\u015bci LinkedIn w witrynach iFrame: wy\u015bwietlanie post\u00f3w, materia\u0142\u00f3w wizualnych, klip\u00f3w itp. Integracja wtyczki jest p\u0142ynna \u2014 nie s\u0105 wymagane \u017cadne umiej\u0119tno\u015bci kodowania ani programowania.<\/p>\n<p>Stw\u00f3rz wygl\u0105d odzwierciedlaj\u0105cy Twoje preferencje witryny i eksperymentuj, wypr\u00f3bowuj\u0105c niestandardowe elementy kana\u0142u, szablony, uk\u0142ady i style post\u00f3w. Dodaj efekt wyskakuj\u0105cego okienka jako akcj\u0119 po klikni\u0119ciu, aby przyci\u0105gn\u0105\u0107 uwag\u0119 u\u017cytkownik\u00f3w. I wreszcie, zyskaj wi\u0119ksz\u0105 wiarygodno\u015b\u0107 i wi\u0119cej mo\u017cliwo\u015bci budowania marki.<\/p>\n<ul>\n    <li><strong>Ulepsz swoje kana\u0142y sieciowe dzi\u0119ki stronie firmowej LinkedIn.<\/strong><br>Rozpocznij nowe relacje w sferze biznesowej i rozwijaj liczb\u0119 potencjalnych klient\u00f3w, wykorzystuj\u0105c zawarto\u015b\u0107 swojego profilu LinkedIn.<\/li>\n    <li><strong>Rozszerzaj baz\u0119 odbiorc\u00f3w LinkedIn.<\/strong><br>Rzu\u0107 \u015bwiat\u0142o na swoj\u0105 obecno\u015b\u0107 na LinkedIn w\u015br\u00f3d u\u017cytkownik\u00f3w witryny iFrame i zwi\u0119ksz du\u017ce zainteresowanie w swoich ofertach.<\/li>\n    <li><strong>Spraw, aby Twoja firma wydawa\u0142a si\u0119 bardziej autentyczna.<\/strong><br>Dodaj swojej marce dodatkowy wzrost wiarygodno\u015bci i wiarygodno\u015bci, prezentuj\u0105c najnowsz\u0105 aktywno\u015b\u0107 LinkedIn bezpo\u015brednio na stronie witryny.<\/li>\n<\/ul>\n<p><b>Dodaj wid\u017cet LinkedIn Feed do witryny iFrame, aby zwi\u0119kszy\u0107 zaufanie, autentyczno\u015b\u0107 i poszerzy\u0107 swoj\u0105 sie\u0107 dzi\u0119ki wykorzystaniu solidnych dowod\u00f3w spo\u0142eczno\u015bciowych.<\/b><\/p>\n\n<div class=\"faq\" data-component=\"FAQ\">\n    <div class=\"faq-item\">\r\n\t\t\t\t\t<div class=\"faq-item-question\">\r\n\t\t\t\t\t\t<h3 class=\"faq-item-question-text\">Czy s\u0105 jakie\u015b inne narz\u0119dzia dla iFrame, kt\u00f3rych mog\u0119 u\u017cywa\u0107 w mojej witrynie?<\/h3>\r\n\r\n\t\t\t\t\t\t<div class=\"faq-item-question-icon\"><\/div>\r\n\t\t\t\t\t<\/div>\r\n\r\n\t\t\t\t\t<div class=\"faq-item-answer\">\r\n\t\t\t\t\t\t<div class=\"faq-item-answer-text\">\n    <p>Tak, zdecydowanie! Bycie u\u017cytkownikiem witryny iFrame otwiera mn\u00f3stwo bezp\u0142atnych narz\u0119dzi firmy Elfsight, w tym pozbawion\u0105 kodu wtyczk\u0119 LinkedIn Feed. Niezale\u017cnie od rodzaju prowadzonej dzia\u0142alno\u015bci lub niszy w bran\u017cy, zawsze istniej\u0105 mo\u017cliwo\u015bci pokazania swoich mocnych stron. Rozwa\u017c nast\u0119puj\u0105ce mo\u017cliwo\u015bci:<\/p>\n    <ul>\n        <li>Aby utworzy\u0107 inn\u0105 aplikacj\u0119 medi\u00f3w spo\u0142eczno\u015bciowych dla swojej witryny iFrame, podobn\u0105 do wtyczki LinkedIn Feed, rozwa\u017c u\u017cycie <a href=\"https:\/\/elfsight.com\/pinterest-feed-widget\/\">Kana\u0142 Pinteresta<\/a> lub wid\u017cet <a href=\"https:\/\/elfsight.com\/instagram-feed-instashow\/\">Kana\u0142 Instagrama<\/a>.<\/li>\n        <li>Wybierz <a href=\"https:\/\/elfsight.com\/all-in-one-reviews-widget\/\">recenzje typu \u201ewszystko w jednym\u201d<\/a> lub <a href=\"https:\/\/elfsight.com\/google-reviews-widget\/\">Recenzje Google<\/a>, aby wy\u015bwietla\u0107 cenne opinie klient\u00f3w.<\/li>\n        <li>Umie\u015b\u0107 <a href=\"https:\/\/elfsight.com\/online-form-builder\/\">Wid\u017cet Kreator formularzy<\/a> do zbierania odpowiedzi i umo\u017cliwiania interakcji u\u017cytkownik\u00f3w w witrynie iFrame.<\/li>\n        <li>Dodaj <a href=\"https:\/\/elfsight.com\/countdown-timer-widget\/\">Licznik czasu<\/a>, kt\u00f3ry wywo\u0142uje emocje i tworzy poczucie niedoboru w\u015br\u00f3d odbiorc\u00f3w.<\/li>\n    <\/ul>\n    <p>Te przyk\u0142ady to tylko zarys d\u0142ugiej listy dodatk\u00f3w, kt\u00f3re mog\u0105 zaspokoi\u0107 Twoje specyficzne potrzeby biznesowe. Zacznij od LinkedIn Feed, a p\u00f3\u017aniej przejrzyj pozosta\u0142y asortyment wid\u017cet\u00f3w w naszym katalogu, aby doda\u0107 je do swojej witryny!<\/p>\n    <\/div>\r\n\t\t\t\t\t<\/div>\r\n\t\t\t\t<\/div>\n\n    <div class=\"faq-item\">\r\n\t\t\t\t\t<div class=\"faq-item-question\">\r\n\t\t\t\t\t\t<h3 class=\"faq-item-question-text\">Jak bezp\u0142atnie osadzi\u0107 LinkedIn Feed w iFrame?<\/h3>\r\n\r\n\t\t\t\t\t\t<div class=\"faq-item-question-icon\"><\/div>\r\n\t\t\t\t\t<\/div>\r\n\r\n\t\t\t\t\t<div class=\"faq-item-answer\">\r\n\t\t\t\t\t\t<div class=\"faq-item-answer-text\">\n    <p>Aby doda\u0107 bezp\u0142atnie wtyczk\u0119 LinkedIn Feed do swojej witryny iFrame, wykonaj nast\u0119puj\u0105ce czynno\u015bci:<\/p>\n    <ol>\n        <li>Dostosuj wygl\u0105d wtyczki LinkedIn Feed do swojej estetyki.<\/li>\n        <li>Zaloguj si\u0119 do swojego Panelu Elfsight lub skonfiguruj bezp\u0142atny profil u\u017cytkownika.<\/li>\n        <li>Odbierz unikalny kod do umieszczenia.<\/li>\n        <li>Uzyskaj dost\u0119p do swojej witryny iFrame.<\/li>\n        <li>Umie\u015b\u0107 kod na swojej stronie iFrame builder, aby doda\u0107 wid\u017cet LinkedIn Feed. To takie proste!<\/li>\n    <\/ol>\n    <p>Jak wida\u0107, nie ma konieczno\u015bci opanowania pisania kodu, aby osadzi\u0107 wtyczk\u0119. Utw\u00f3rz z \u0142atwo\u015bci\u0105 pozbawiony kodu wid\u017cet LinkedIn Feed dla witryny iFrame i poznaj liczne korzy\u015bci towarzysz\u0105ce procesowi zwi\u0119kszania zasi\u0119gu.<\/p>\n    <\/div>\r\n\t\t\t\t\t<\/div>\r\n\t\t\t\t<\/div>\n\n    <div class=\"faq-item\">\r\n\t\t\t\t\t<div class=\"faq-item-question\">\r\n\t\t\t\t\t\t<h3 class=\"faq-item-question-text\">Czy musz\u0119 wiedzie\u0107, jak kodowa\u0107 lub masz umiej\u0119tno\u015bci programowania, aby osadzi\u0107 wtyczk\u0119 LinkedIn Feed w iFrame?<\/h3>\r\n\r\n\t\t\t\t\t\t<div class=\"faq-item-question-icon\"><\/div>\r\n\t\t\t\t\t<\/div>\r\n\r\n\t\t\t\t\t<div class=\"faq-item-answer\">\r\n\t\t\t\t\t\t<div class=\"faq-item-answer-text\">\n    <p>Nie, nie masz. Znajomo\u015b\u0107 kodowania nie dodaje zbyt du\u017cej warto\u015bci. Mo\u017cesz \u0142atwo zbudowa\u0107 i doda\u0107 wtyczk\u0119 LinkedIn Feed do swojej witryny iFrame, niezale\u017cnie od wcze\u015bniejszej wiedzy i do\u015bwiadczenia z kodowaniem.<\/p>\n    <\/div>\r\n\t\t\t\t\t<\/div>\r\n\t\t\t\t<\/div>\n<\/div>\n<\/div>\n\n<div class=\"application-platform-content-item-features application-platform-content-item\" id=\"features\" data-nav-section=\"features\">\n<h2>To tylko kilka rozbudowanych funkcji wid\u017cetu:<\/h2>\n<ul>\n    <li>Osadzaj r\u00f3\u017cne formy tre\u015bci: wpisy na blogu, zdj\u0119cia, filmy itp.<\/li>\n    <li>Grupuj zawarto\u015b\u0107 kana\u0142u wed\u0142ug s\u0142\u00f3w kluczowych, hashtag\u00f3w lub filtr\u00f3w URL.<\/li>\n    <li>Przyciski wezwa\u0144 do dzia\u0142ania poprawiaj\u0105ce widoczno\u015b\u0107 kana\u0142u firmowego LinkedIn w witrynie.<\/li>\n    <li>Dodaj przyci\u0105gaj\u0105cy wzrok efekt wyskakuj\u0105cego okienka, aby zwr\u00f3ci\u0107 uwag\u0119 na tre\u015bci LinkedIn.<\/li>\n    <li>Zaawansowana personalizacja bez konieczno\u015bci kodowania: gotowe szablony, kreator schemat\u00f3w kolor\u00f3w, pi\u0119\u0107 projekt\u00f3w uk\u0142ad\u00f3w, style post\u00f3w, niestandardowy CSS itp.<\/li>\n<\/ul>\n<p><a href=\"#demo\">Mo\u017cesz zobaczy\u0107, co oferuje wid\u017cet, korzystaj\u0105c z wersji demonstracyjnej<\/a><\/p>\n<\/div>\n\n<div class=\"application-platform-content-item-installation application-platform-content-item\" id=\"installation\" data-nav-section=\"installation\">\n<h2>Jak doda\u0107 kana\u0142 LinkedIn do mojej witryny iFrame?<\/h2>\n<p>Aby osadzi\u0107 kana\u0142 LinkedIn w witrynie iFrame, wykonaj nast\u0119puj\u0105ce czynno\u015bci:<\/p>\n<ol>\n    <li><b>Uruchom nasz bezp\u0142atny konfigurator i zacznij tworzy\u0107 unikalny, pozbawiony kodu wid\u017cet kana\u0142u LinkedIn.<\/b><br>Znajd\u017a odpowiedni interfejs i funkcjonalno\u015b\u0107 narz\u0119dzia oraz zastosuj modyfikacje.<\/li>\n    <li><b>Skopiuj kod osobisty pokazany w oknie aplikacji Elfsight.<\/b><br>Po zako\u0144czeniu tworzenia wtyczki skopiuj osobisty kod z wyskakuj\u0105cego okienka i zachowaj go do wykorzystania w przysz\u0142o\u015bci.<\/li>\n    <li><b>Rozpocznij korzystanie z narz\u0119dzia w swojej witrynie iFrame.<\/b><br>Wklej ostatnio zapisany kod na swojej stronie internetowej i zapisz zmiany.<\/li>\n    <li><b>Gotowe! Konfiguracja zosta\u0142a pomy\u015blnie przeprowadzona.<\/b><br>Przejd\u017a do swojej witryny, aby zobaczy\u0107 w akcji dzia\u0142anie wid\u017cetu LinkedIn Feed.<\/li>\n<\/ol>\n<p>Pod warunkiem, \u017ce masz do czynienia z pytaniami lub napotykasz pewne trudno\u015bci, jak doda\u0107 wid\u017cet, bez wahania zwr\u00f3\u0107 si\u0119 o pomoc do naszego personelu pomocy technicznej. Nasi specjali\u015bci z przyjemno\u015bci\u0105 rozwi\u0105\u017c\u0105 wszystkie problemy, jakie mo\u017cesz mie\u0107 dzi\u0119ki bezkodowej wtyczce LinkedIn Feed dla witryn iFrame.<\/p>\n<\/div>","protected":false},"excerpt":{"rendered":"","protected":false},"author":9,"featured_media":0,"parent":3395,"menu_order":0,"comment_status":"closed","ping_status":"closed","template":"templates\/template-application-platform.php","meta":{"publish_to_discourse":"","publish_post_category":"","wpdc_auto_publish_overridden":"","wpdc_topic_tags":"","wpdc_pin_topic":"","wpdc_pin_until":"","discourse_post_id":"","discourse_permalink":"","wpdc_publishing_response":"","wpdc_publishing_error":"","footnotes":""},"class_list":["post-5629","page","type-page","status-publish","hentry"],"yoast_head":"<!-- This site is optimized with the Yoast SEO plugin v25.3.1 - https:\/\/yoast.com\/wordpress\/plugins\/seo\/ -->\n<title>Kana\u0142 LinkedIn \u2014 dodaj wid\u017cet kana\u0142u do iFrame [za darmo!]<\/title>\n<meta name=\"description\" content=\"Umie\u015b\u0107 wid\u017cet LinkedIn Feed bez kodowania w swojej witrynie iFrame. Zbuduj swoj\u0105 wtyczk\u0119, korzystaj\u0105c z wersji demonstracyjnej na \u017cywo i gotowych szablon\u00f3w, aby uzyska\u0107 mocny dow\u00f3d spo\u0142eczno\u015bciowy.\" \/>\n<meta name=\"robots\" content=\"index, follow, max-snippet:-1, max-image-preview:large, max-video-preview:-1\" \/>\n<link rel=\"canonical\" href=\"https:\/\/elfsight.com\/pl\/linkedin-feed-widget\/iframe\/\" \/>\n<meta property=\"og:locale\" content=\"pl_PL\" \/>\n<meta property=\"og:type\" content=\"article\" \/>\n<meta property=\"og:title\" content=\"Kana\u0142 LinkedIn \u2014 dodaj wid\u017cet kana\u0142u do iFrame [za darmo!]\" \/>\n<meta property=\"og:description\" content=\"Umie\u015b\u0107 wid\u017cet LinkedIn Feed bez kodowania w swojej witrynie iFrame. Zbuduj swoj\u0105 wtyczk\u0119, korzystaj\u0105c z wersji demonstracyjnej na \u017cywo i gotowych szablon\u00f3w, aby uzyska\u0107 mocny dow\u00f3d spo\u0142eczno\u015bciowy.\" \/>\n<meta property=\"og:url\" content=\"https:\/\/elfsight.com\/pl\/linkedin-feed-widget\/iframe\/\" \/>\n<meta property=\"og:site_name\" content=\"Elfsight PL\" \/>\n<meta property=\"article:modified_time\" content=\"2025-06-19T14:29:03+00:00\" \/>\n<meta name=\"twitter:card\" content=\"summary_large_image\" \/>\n<meta name=\"twitter:label1\" content=\"Szacowany czas czytania\" \/>\n\t<meta name=\"twitter:data1\" content=\"5 minut\" \/>\n<!-- \/ Yoast SEO plugin. -->","yoast_head_json":{"title":"Kana\u0142 LinkedIn \u2014 dodaj wid\u017cet kana\u0142u do iFrame [za darmo!]","description":"Umie\u015b\u0107 wid\u017cet LinkedIn Feed bez kodowania w swojej witrynie iFrame. Zbuduj swoj\u0105 wtyczk\u0119, korzystaj\u0105c z wersji demonstracyjnej na \u017cywo i gotowych szablon\u00f3w, aby uzyska\u0107 mocny dow\u00f3d spo\u0142eczno\u015bciowy.","robots":{"index":"index","follow":"follow","max-snippet":"max-snippet:-1","max-image-preview":"max-image-preview:large","max-video-preview":"max-video-preview:-1"},"canonical":"https:\/\/elfsight.com\/pl\/linkedin-feed-widget\/iframe\/","og_locale":"pl_PL","og_type":"article","og_title":"Kana\u0142 LinkedIn \u2014 dodaj wid\u017cet kana\u0142u do iFrame [za darmo!]","og_description":"Umie\u015b\u0107 wid\u017cet LinkedIn Feed bez kodowania w swojej witrynie iFrame. Zbuduj swoj\u0105 wtyczk\u0119, korzystaj\u0105c z wersji demonstracyjnej na \u017cywo i gotowych szablon\u00f3w, aby uzyska\u0107 mocny dow\u00f3d spo\u0142eczno\u015bciowy.","og_url":"https:\/\/elfsight.com\/pl\/linkedin-feed-widget\/iframe\/","og_site_name":"Elfsight PL","article_modified_time":"2025-06-19T14:29:03+00:00","twitter_card":"summary_large_image","twitter_misc":{"Szacowany czas czytania":"5 minut"},"schema":{"@context":"https:\/\/schema.org","@graph":[{"@type":"WebPage","@id":"https:\/\/elfsight.com\/pl\/linkedin-feed-widget\/iframe\/","url":"https:\/\/elfsight.com\/pl\/linkedin-feed-widget\/iframe\/","name":"Kana\u0142 LinkedIn \u2014 dodaj wid\u017cet kana\u0142u do iFrame [za darmo!]","isPartOf":{"@id":"https:\/\/elfsight.com\/pl\/#website"},"datePublished":"2024-05-03T06:40:40+00:00","dateModified":"2025-06-19T14:29:03+00:00","description":"Umie\u015b\u0107 wid\u017cet LinkedIn Feed bez kodowania w swojej witrynie iFrame. Zbuduj swoj\u0105 wtyczk\u0119, korzystaj\u0105c z wersji demonstracyjnej na \u017cywo i gotowych szablon\u00f3w, aby uzyska\u0107 mocny dow\u00f3d spo\u0142eczno\u015bciowy.","breadcrumb":{"@id":"https:\/\/elfsight.com\/pl\/linkedin-feed-widget\/iframe\/#breadcrumb"},"inLanguage":"pl-PL","potentialAction":[{"@type":"ReadAction","target":["https:\/\/elfsight.com\/pl\/linkedin-feed-widget\/iframe\/"]}]},{"@type":"BreadcrumbList","@id":"https:\/\/elfsight.com\/pl\/linkedin-feed-widget\/iframe\/#breadcrumb","itemListElement":[{"@type":"ListItem","position":1,"name":"Home","item":"https:\/\/elfsight.com\/pl\/"},{"@type":"ListItem","position":2,"name":"LinkedIn Feed","item":"https:\/\/elfsight.com\/pl\/linkedin-feed-widget\/"},{"@type":"ListItem","position":3,"name":"LinkedIn Feed &#8211; iFrame"}]},{"@type":"WebSite","@id":"https:\/\/elfsight.com\/pl\/#website","url":"https:\/\/elfsight.com\/pl\/","name":"Elfsight PL","description":"Just another Elfsight Sites site","potentialAction":[{"@type":"SearchAction","target":{"@type":"EntryPoint","urlTemplate":"https:\/\/elfsight.com\/pl\/?s={search_term_string}"},"query-input":{"@type":"PropertyValueSpecification","valueRequired":true,"valueName":"search_term_string"}}],"inLanguage":"pl-PL"}]}},"meta_box":{"industry":"","seo_heading":"","heading":"","description":"","cta_heading":"","cta_description":"","application":"3348","h1":"Jak osadzi\u0107 kana\u0142 LinkedIn w iFrame za darmo!","h1_caption":"Wy\u015bwietlaj posty ze swojego profilu w serwisie LinkedIn lub strony firmowej w swojej witrynie, bez wysi\u0142ku zwi\u0119kszaj\u0105c swoj\u0105 profesjonaln\u0105 obecno\u015b\u0107 w Internecie w witrynie iFrame.","application_category":[],"applications_title":"","applications_request_title":"","applications_request_button_text":"","hero_text":"","hero_video":"","hero_video_schema_markup":"","selling_points_title":"","selling_points_caption":"","selling_points":[],"selling_points_cta_text":"","features_title":"","features":"","ed_cta_examples_text":"","ed_cta_examples_hidden":"","ed_cta_demo_text":"","ed_cta_demo_hidden":"","why_caption":"","why_editor_title":"","why_editor_text":"","why_team_title":"","why_team_text":"","why_service_title":"","why_service_text":"","template_catalog_visible":"0","template_catalog_title":"","template_catalog_text":"","template_catalog_categories_visible":"","demo_title":"Pospiesz si\u0119, aby utworzy\u0107 spersonalizowany kana\u0142 LinkedIn iFrame","demo_caption":"Dostosuj go i umie\u015b\u0107 wtyczk\u0119 na swojej stronie g\u0142\u00f3wnej, korzystaj\u0105c z wersji demonstracyjnej na \u017cywo.","default_faq_hidden":"","app_template_category":[],"platform":"187","template_public_id":"","codecanyon_url":"","codecanyon_item_id":"","codecanyon_price":"","pricing_caption":"","pricing_elfsight_apps_hide_column":"","pricing_elfsight_apps_url":"","pricing_codecanyon_price_caption":"","integration_category":[],"integration_request_title":"","integration_request_cta":"","integration_platform":"","integrations":[],"platform_category":[],"video_schema_markup":"","price":"od 0 USD \/ miesi\u0105c","trial":"","benefits":[{"text":"Bezp\u0142atna pomoc w instalacji"},{"text":"Do\u015bwiadczona obs\u0142uga klienta"},{"text":"14-dniowa gwarancja zwrotu pieni\u0119dzy"}],"button_url":"#demo","button_target_blank":"0","button_nofollow":"0","attributes":[{"name":"Instaluje"},{"name":"Czu\u0142y"},{"name":"Kompatybilne przegl\u0105darki"}],"tags":[],"tags_disable_links":"0","hide_more_platforms":"0","video_object":"","demo_hide_cta":"0","demo_hide_cloud_options":"0","pricing_title":"","pricing":[{"pricing_icon":"platform","pricing_title":"Elfsight Apps","pricing_title_caption":"Wieloplatformowe rozwi\u0105zanie cyfrowe, kt\u00f3re dzia\u0142a na ka\u017cdej stronie internetowej","pricing_price":"od 0 USD \/ miesi\u0105c","pricing_price_caption":"zacznij od bezp\u0142atnego planu","pricing_benefits":[{"text":"Nielimitowane strony internetowe"},{"text":"Profesjonalne wsparcie"},{"text":"Bezp\u0142atna pomoc w monta\u017cu"},{"text":"W pe\u0142ni konfigurowalny"}],"pricing_button_text":"Dodaj do witryny","pricing_button_url":"#demo"}],"related_apps_title":"","related_apps_hidden":"0","author":"","image":[],"title":"","job":"","social_networks":[]},"_links":{"self":[{"href":"https:\/\/elfsight.com\/pl\/wp-json\/wp\/v2\/pages\/5629","targetHints":{"allow":["GET"]}}],"collection":[{"href":"https:\/\/elfsight.com\/pl\/wp-json\/wp\/v2\/pages"}],"about":[{"href":"https:\/\/elfsight.com\/pl\/wp-json\/wp\/v2\/types\/page"}],"author":[{"embeddable":true,"href":"https:\/\/elfsight.com\/pl\/wp-json\/wp\/v2\/users\/9"}],"replies":[{"embeddable":true,"href":"https:\/\/elfsight.com\/pl\/wp-json\/wp\/v2\/comments?post=5629"}],"version-history":[{"count":2,"href":"https:\/\/elfsight.com\/pl\/wp-json\/wp\/v2\/pages\/5629\/revisions"}],"predecessor-version":[{"id":10135,"href":"https:\/\/elfsight.com\/pl\/wp-json\/wp\/v2\/pages\/5629\/revisions\/10135"}],"up":[{"embeddable":true,"href":"https:\/\/elfsight.com\/pl\/wp-json\/wp\/v2\/pages\/3395"}],"wp:attachment":[{"href":"https:\/\/elfsight.com\/pl\/wp-json\/wp\/v2\/media?parent=5629"}],"curies":[{"name":"wp","href":"https:\/\/api.w.org\/{rel}","templated":true}]}}