{"id":5624,"date":"2024-05-03T06:40:39","date_gmt":"2024-05-03T06:40:39","guid":{"rendered":"https:\/\/elfsight.com\/pl\/?page_id=5624"},"modified":"2025-06-19T14:32:42","modified_gmt":"2025-06-19T14:32:42","slug":"google-sites","status":"publish","type":"page","link":"https:\/\/elfsight.com\/pl\/linkedin-feed-widget\/google-sites\/","title":{"rendered":"LinkedIn Feed &#8211; Google Sites"},"content":{"rendered":"<div class=\"application-platform-content-item-description application-platform-content-item\" id=\"description\" data-nav-section=\"description\">\n<h2>Osad\u017a kana\u0142 LinkedIn w Witrynach Google za darmo!<\/h2>\n<p>Wid\u017cet **Kana\u0142 LinkedIn** zosta\u0142 stworzony specjalnie dla firm w celu udost\u0119pniania i promowania ich zawarto\u015bci LinkedIn w witrynach Witryn Google: wy\u015bwietlanie post\u00f3w, materia\u0142\u00f3w wizualnych, film\u00f3w itp. Instalacja wid\u017cetu zajmuje kilka minut \u2014 nie s\u0105 wymagane umiej\u0119tno\u015bci kodowania ani programowania.<\/p>\n<p>Stw\u00f3rz wygl\u0105d odzwierciedlaj\u0105cy estetyk\u0119 Twojej witryny i eksperymentuj, testuj\u0105c niestandardowe elementy kana\u0142u, szablony, uk\u0142ady i style post\u00f3w. Dodaj efekt wyskakuj\u0105cego okienka jako akcj\u0119 po klikni\u0119ciu, aby przyci\u0105gn\u0105\u0107 uwag\u0119 u\u017cytkownik\u00f3w. I wreszcie, ciesz si\u0119 wi\u0119kszym zaufaniem i ugruntowan\u0105 mark\u0105 w bran\u017cy.<\/p>\n<ul>\n    <li><strong>Zwi\u0119ksz sw\u00f3j potencja\u0142 sieciowy dzi\u0119ki stronie firmowej LinkedIn.<\/strong><br>Zbuduj nowe kontakty w \u015bwiecie handlu i zwi\u0119ksz liczb\u0119 potencjalnych klient\u00f3w, wykorzystuj\u0105c tre\u015bci ze swojego profilu LinkedIn.<\/li>\n    <li><strong>Rozszerz liczb\u0119 obserwuj\u0105cych na LinkedIn.<\/strong><br>Wyr\u00f3\u017cnij swoj\u0105 obecno\u015b\u0107 na LinkedIn w spo\u0142eczno\u015bci Witryn Google i generuj du\u017ce zainteresowanie swoj\u0105 ofert\u0105.<\/li>\n    <li><strong>Wzmocnij autentyczno\u015b\u0107 swojej firmy.<\/strong><br>Dodaj swojej marce dodatkowy wzrost wiarygodno\u015bci i wiarygodno\u015bci, prezentuj\u0105c najnowsz\u0105 aktywno\u015b\u0107 LinkedIn bezpo\u015brednio na stronie witryny.<\/li>\n<\/ul>\n<p><b>Dodaj bezkodowy wid\u017cet kana\u0142u LinkedIn w witrynie Witryn Google, aby zwi\u0119kszy\u0107 niezawodno\u015b\u0107, zaprezentowa\u0107 autentyczno\u015b\u0107 i rozszerzy\u0107 swoj\u0105 sie\u0107 dzi\u0119ki solidnym dowodom spo\u0142eczno\u015bciowym.<\/b><\/p>\n\n<div class=\"faq\" data-component=\"FAQ\">\n    <div class=\"faq-item\">\r\n\t\t\t\t\t<div class=\"faq-item-question\">\r\n\t\t\t\t\t\t<h3 class=\"faq-item-question-text\">Czy s\u0105 jakie\u015b inne narz\u0119dzia do Witryn Google, kt\u00f3rych mog\u0119 u\u017cywa\u0107 w mojej witrynie?<\/h3>\r\n\r\n\t\t\t\t\t\t<div class=\"faq-item-question-icon\"><\/div>\r\n\t\t\t\t\t<\/div>\r\n\r\n\t\t\t\t\t<div class=\"faq-item-answer\">\r\n\t\t\t\t\t\t<div class=\"faq-item-answer-text\">\n    <p>Tak, oczywi\u015bcie! Jako u\u017cytkownik Witryn Google Elfsight zapewnia mn\u00f3stwo narz\u0119dzi niewymagaj\u0105cych kodu, kt\u00f3re mo\u017cna doda\u0107 do witryny internetowej, w tym wtyczk\u0119 LinkedIn Feed. Niezale\u017cnie od rodzaju prowadzonej dzia\u0142alno\u015bci lub niszy w bran\u017cy, zawsze istniej\u0105 mo\u017cliwo\u015bci pokazania swoich mocnych stron. Oto kilka mo\u017cliwo\u015bci:<\/p>\n    <ul>\n        <li>Aby utworzy\u0107 dowoln\u0105 inn\u0105 aplikacj\u0119 medi\u00f3w spo\u0142eczno\u015bciowych dla swojej witryny Witryn Google, na przyk\u0142ad wtyczk\u0119 LinkedIn Feed, rozwa\u017c u\u017cycie narz\u0119dzia <a href=\"https:\/\/elfsight.com\/pinterest-feed-widget\/\">Kana\u0142 Pinteresta<\/a> lub wid\u017cet <a href=\"https:\/\/elfsight.com\/instagram-feed-instashow\/\">Kana\u0142 Instagrama<\/a>.<\/li>\n        <li>Wybierz <a href=\"https:\/\/elfsight.com\/all-in-one-reviews-widget\/\">recenzje typu \u201ewszystko w jednym\u201d<\/a> lub <a href=\"https:\/\/elfsight.com\/google-reviews-widget\/\">Wtyczka Recenzje Google<\/a> umo\u017cliwiaj\u0105ca wy\u015bwietlanie cennych opinii klient\u00f3w.<\/li>\n        <li>Umie\u015b\u0107 <a href=\"https:\/\/elfsight.com\/online-form-builder\/\">Form Builder<\/a>, aby usprawni\u0107 zbieranie odpowiedzi i umo\u017cliwi\u0107 u\u017cytkownikom interakcj\u0119 w witrynie Google Sites.<\/li>\n        <li>Dodaj <a href=\"https:\/\/elfsight.com\/countdown-timer-widget\/\">Licznik czasu<\/a> do budowania zaanga\u017cowania i tworzenia w\u015br\u00f3d odbiorc\u00f3w poczucia niedoboru.<\/li>\n    <\/ul>\n    <p>Pami\u0119taj, \u017ce to tylko kilka przyk\u0142ad\u00f3w. Zapoznaj si\u0119 z reszt\u0105 naszego katalogu wid\u017cet\u00f3w dla witryn internetowych po wdro\u017ceniu bezkodowej wtyczki LinkedIn Feed, aby odkry\u0107 jeszcze wi\u0119cej sposob\u00f3w na zaspokojenie potrzeb biznesowych!<\/p>\n    <\/div>\r\n\t\t\t\t\t<\/div>\r\n\t\t\t\t<\/div>\n\n    <div class=\"faq-item\">\r\n\t\t\t\t\t<div class=\"faq-item-question\">\r\n\t\t\t\t\t\t<h3 class=\"faq-item-question-text\">Jak bezp\u0142atnie osadzi\u0107 LinkedIn Feed w Witrynach Google?<\/h3>\r\n\r\n\t\t\t\t\t\t<div class=\"faq-item-question-icon\"><\/div>\r\n\t\t\t\t\t<\/div>\r\n\r\n\t\t\t\t\t<div class=\"faq-item-answer\">\r\n\t\t\t\t\t\t<div class=\"faq-item-answer-text\">\n    <p>Aby bezp\u0142atnie doda\u0107 kana\u0142 LinkedIn do swojej witryny Witryn Google, wykonaj poni\u017csze czynno\u015bci:<\/p>\n    <ol>\n        <li>Dostosuj wygl\u0105d wtyczki Kana\u0142 LinkedIn do swojego stylu.<\/li>\n        <li>Zaloguj si\u0119 do panelu Elfsight lub utw\u00f3rz bezp\u0142atne konto.<\/li>\n        <li>Uzyskaj unikalny kod wid\u017cetu do umieszczenia.<\/li>\n        <li>Przejd\u017a do swojej witryny Witryn Google.<\/li>\n        <li>Umie\u015b\u0107 kod w edytorze witryn Google Sites, aby doda\u0107 wtyczk\u0119 LinkedIn Feed. Gotowe!<\/li>\n    <\/ol>\n    <p>Jak wida\u0107, nie ma konieczno\u015bci opanowania pisania kodu, aby osadzi\u0107 wtyczk\u0119. Z \u0142atwo\u015bci\u0105 utw\u00f3rz pozbawiony kodu wid\u017cet kana\u0142u LinkedIn dla witryny Google Sites i ciesz si\u0119 licznymi korzy\u015bciami, jakie p\u0142yn\u0105 z poszerzania zasi\u0119gu.<\/p>\n    <\/div>\r\n\t\t\t\t\t<\/div>\r\n\t\t\t\t<\/div>\n\n    <div class=\"faq-item\">\r\n\t\t\t\t\t<div class=\"faq-item-question\">\r\n\t\t\t\t\t\t<h3 class=\"faq-item-question-text\">Czy musz\u0119 umie\u0107 kodowa\u0107 lub masz umiej\u0119tno\u015bci programowania, aby doda\u0107 kana\u0142 LinkedIn do Witryn Google?<\/h3>\r\n\r\n\t\t\t\t\t\t<div class=\"faq-item-question-icon\"><\/div>\r\n\t\t\t\t\t<\/div>\r\n\r\n\t\t\t\t\t<div class=\"faq-item-answer\">\r\n\t\t\t\t\t\t<div class=\"faq-item-answer-text\">\n    <p>Nie, nie masz. \u017badne wcze\u015bniejsze umiej\u0119tno\u015bci kodowania nie s\u0105 w og\u00f3le wymagane. Masz pe\u0142ne mo\u017cliwo\u015bci tworzenia i dodawania wid\u017cetu LinkedIn Feed do swojej witryny Witryn Google, niezale\u017cnie od Twojej znajomo\u015bci kodu i do\u015bwiadczenia z nim.<\/p>\n    <\/div>\r\n\t\t\t\t\t<\/div>\r\n\t\t\t\t<\/div>\n<\/div>\n<\/div>\n\n<div class=\"application-platform-content-item-features application-platform-content-item\" id=\"features\" data-nav-section=\"features\">\n<h2>Zobacz list\u0119 najwa\u017cniejszych funkcji:<\/h2>\n<ul>\n    <li>Wy\u015bwietlaj w swojej witrynie wszelkiego rodzaju tre\u015bci LinkedIn: wpisy na blogu, zdj\u0119cia, filmy itp.<\/li>\n    <li>Grupuj wpisy w kana\u0142ach wed\u0142ug s\u0142\u00f3w kluczowych, hashtag\u00f3w lub filtr\u00f3w adres\u00f3w URL.<\/li>\n    <li>Dodaj przyciski wezwania do dzia\u0142ania, aby zwi\u0119kszy\u0107 liczb\u0119 os\u00f3b w swoim kanale firmowym LinkedIn.<\/li>\n    <li>Dynamiczny tryb wyskakuj\u0105cych okienek, kt\u00f3ry przyci\u0105gnie uwag\u0119 ludzi do Twoich tre\u015bci LinkedIn.<\/li>\n    <li>Dostosowywanie bez kodu dzi\u0119ki zaawansowanym ustawieniom projektu: wst\u0119pnie zaprojektowane szablony, generator schemat\u00f3w kolor\u00f3w, pi\u0119\u0107 dost\u0119pnych uk\u0142ad\u00f3w, style post\u00f3w, niestandardowy CSS i nie tylko.<\/li>\n<\/ul>\n<p><a href=\"#demo\">Mo\u017cesz sprawdzi\u0107, jak dzia\u0142a wid\u017cet, wypr\u00f3bowuj\u0105c wersj\u0119 demonstracyjn\u0105<\/a><\/p>\n<\/div>\n\n<div class=\"application-platform-content-item-installation application-platform-content-item\" id=\"installation\" data-nav-section=\"installation\">\n<h2>Jak osadzi\u0107 kana\u0142 LinkedIn w mojej witrynie Google Sites?<\/h2>\n<p>Aby osadzi\u0107 bezkodow\u0105 wtyczk\u0119 LinkedIn Feed w swojej witrynie Google Sites, wykonaj nast\u0119puj\u0105ce czynno\u015bci:<\/p>\n<ol>\n    <li><b>Otw\u00f3rz nasz bezp\u0142atny edytor i rozpocznij tworz\u0105c spersonalizowan\u0105 wtyczk\u0119 LinkedIn Feed.<\/b><br>Okre\u015bl niestandardowy projekt i parametry wid\u017cetu oraz zastosuj modyfikacje.<\/li>\n    <li><b>Uzyskaj sw\u00f3j osobisty kod, kt\u00f3ry jest wy\u015bwietlany w specjalnym formularzu na Aplikacje Elfsight.<\/b><br>Zaraz po zako\u0144czeniu konfigurowania osobistego narz\u0119dzia skopiuj osobisty kod do osadzania w wy\u015bwietlonym oknie i zapisz go na przysz\u0142e potrzeby.<\/li>\n    <li><b>Rozpocznij korzystanie z aplikacji Elfsight wtyczk\u0119 w witrynie Witryn Google.<\/b><br>Dodaj wcze\u015bniej zapisany kod do swojej witryny i zapisz zmiany.<\/li>\n    <li><b>Konfiguracja zosta\u0142a pomy\u015blnie uko\u0144czona.<\/b><br>Przejd\u017a do swojej witryny, aby sprawdzi\u0107, jak dzia\u0142a wtyczka LinkedIn Feed.<\/li>\n<\/ol>\n<p>Je\u015bli napotkasz jakiekolwiek trudno\u015bci podczas dodawania wid\u017cetu, bez wahania skontaktuj si\u0119 z naszym dzia\u0142em obs\u0142ugi klienta. Nasi konsultanci ch\u0119tnie odpowiedz\u0105 na wszystkie Twoje pytania, korzystaj\u0105c z bezp\u0142atnego wid\u017cetu LinkedIn Feed dla witryn Google Sites.<\/p>\n<\/div>","protected":false},"excerpt":{"rendered":"","protected":false},"author":9,"featured_media":0,"parent":3395,"menu_order":0,"comment_status":"closed","ping_status":"closed","template":"templates\/template-application-platform.php","meta":{"publish_to_discourse":"","publish_post_category":"","wpdc_auto_publish_overridden":"","wpdc_topic_tags":"","wpdc_pin_topic":"","wpdc_pin_until":"","discourse_post_id":"","discourse_permalink":"","wpdc_publishing_response":"","wpdc_publishing_error":"","footnotes":""},"class_list":["post-5624","page","type-page","status-publish","hentry"],"yoast_head":"<!-- This site is optimized with the Yoast SEO plugin v25.3.1 - https:\/\/yoast.com\/wordpress\/plugins\/seo\/ -->\n<title>Kana\u0142 LinkedIn \u2014 dodaj wtyczk\u0119 kana\u0142u do Witryn Google [za darmo!]<\/title>\n<meta name=\"description\" content=\"Umie\u015b\u0107 niewymagaj\u0105c\u0105 kodowania wtyczk\u0119 LinkedIn Feed w swojej witrynie Google Sites. Zbuduj sw\u00f3j widget, korzystaj\u0105c z wersji demonstracyjnej na \u017cywo i gotowych szablon\u00f3w, aby uzyska\u0107 mocny dow\u00f3d spo\u0142eczno\u015bciowy.\" \/>\n<meta name=\"robots\" content=\"index, follow, max-snippet:-1, max-image-preview:large, max-video-preview:-1\" \/>\n<link rel=\"canonical\" href=\"https:\/\/elfsight.com\/pl\/linkedin-feed-widget\/google-sites\/\" \/>\n<meta property=\"og:locale\" content=\"pl_PL\" \/>\n<meta property=\"og:type\" content=\"article\" \/>\n<meta property=\"og:title\" content=\"Kana\u0142 LinkedIn \u2014 dodaj wtyczk\u0119 kana\u0142u do Witryn Google [za darmo!]\" \/>\n<meta property=\"og:description\" content=\"Umie\u015b\u0107 niewymagaj\u0105c\u0105 kodowania wtyczk\u0119 LinkedIn Feed w swojej witrynie Google Sites. Zbuduj sw\u00f3j widget, korzystaj\u0105c z wersji demonstracyjnej na \u017cywo i gotowych szablon\u00f3w, aby uzyska\u0107 mocny dow\u00f3d spo\u0142eczno\u015bciowy.\" \/>\n<meta property=\"og:url\" content=\"https:\/\/elfsight.com\/pl\/linkedin-feed-widget\/google-sites\/\" \/>\n<meta property=\"og:site_name\" content=\"Elfsight PL\" \/>\n<meta property=\"article:modified_time\" content=\"2025-06-19T14:32:42+00:00\" \/>\n<meta name=\"twitter:card\" content=\"summary_large_image\" \/>\n<meta name=\"twitter:label1\" content=\"Szacowany czas czytania\" \/>\n\t<meta name=\"twitter:data1\" content=\"5 minut\" \/>\n<!-- \/ Yoast SEO plugin. -->","yoast_head_json":{"title":"Kana\u0142 LinkedIn \u2014 dodaj wtyczk\u0119 kana\u0142u do Witryn Google [za darmo!]","description":"Umie\u015b\u0107 niewymagaj\u0105c\u0105 kodowania wtyczk\u0119 LinkedIn Feed w swojej witrynie Google Sites. Zbuduj sw\u00f3j widget, korzystaj\u0105c z wersji demonstracyjnej na \u017cywo i gotowych szablon\u00f3w, aby uzyska\u0107 mocny dow\u00f3d spo\u0142eczno\u015bciowy.","robots":{"index":"index","follow":"follow","max-snippet":"max-snippet:-1","max-image-preview":"max-image-preview:large","max-video-preview":"max-video-preview:-1"},"canonical":"https:\/\/elfsight.com\/pl\/linkedin-feed-widget\/google-sites\/","og_locale":"pl_PL","og_type":"article","og_title":"Kana\u0142 LinkedIn \u2014 dodaj wtyczk\u0119 kana\u0142u do Witryn Google [za darmo!]","og_description":"Umie\u015b\u0107 niewymagaj\u0105c\u0105 kodowania wtyczk\u0119 LinkedIn Feed w swojej witrynie Google Sites. Zbuduj sw\u00f3j widget, korzystaj\u0105c z wersji demonstracyjnej na \u017cywo i gotowych szablon\u00f3w, aby uzyska\u0107 mocny dow\u00f3d spo\u0142eczno\u015bciowy.","og_url":"https:\/\/elfsight.com\/pl\/linkedin-feed-widget\/google-sites\/","og_site_name":"Elfsight PL","article_modified_time":"2025-06-19T14:32:42+00:00","twitter_card":"summary_large_image","twitter_misc":{"Szacowany czas czytania":"5 minut"},"schema":{"@context":"https:\/\/schema.org","@graph":[{"@type":"WebPage","@id":"https:\/\/elfsight.com\/pl\/linkedin-feed-widget\/google-sites\/","url":"https:\/\/elfsight.com\/pl\/linkedin-feed-widget\/google-sites\/","name":"Kana\u0142 LinkedIn \u2014 dodaj wtyczk\u0119 kana\u0142u do Witryn Google [za darmo!]","isPartOf":{"@id":"https:\/\/elfsight.com\/pl\/#website"},"datePublished":"2024-05-03T06:40:39+00:00","dateModified":"2025-06-19T14:32:42+00:00","description":"Umie\u015b\u0107 niewymagaj\u0105c\u0105 kodowania wtyczk\u0119 LinkedIn Feed w swojej witrynie Google Sites. Zbuduj sw\u00f3j widget, korzystaj\u0105c z wersji demonstracyjnej na \u017cywo i gotowych szablon\u00f3w, aby uzyska\u0107 mocny dow\u00f3d spo\u0142eczno\u015bciowy.","breadcrumb":{"@id":"https:\/\/elfsight.com\/pl\/linkedin-feed-widget\/google-sites\/#breadcrumb"},"inLanguage":"pl-PL","potentialAction":[{"@type":"ReadAction","target":["https:\/\/elfsight.com\/pl\/linkedin-feed-widget\/google-sites\/"]}]},{"@type":"BreadcrumbList","@id":"https:\/\/elfsight.com\/pl\/linkedin-feed-widget\/google-sites\/#breadcrumb","itemListElement":[{"@type":"ListItem","position":1,"name":"Home","item":"https:\/\/elfsight.com\/pl\/"},{"@type":"ListItem","position":2,"name":"LinkedIn Feed","item":"https:\/\/elfsight.com\/pl\/linkedin-feed-widget\/"},{"@type":"ListItem","position":3,"name":"LinkedIn Feed &#8211; Google Sites"}]},{"@type":"WebSite","@id":"https:\/\/elfsight.com\/pl\/#website","url":"https:\/\/elfsight.com\/pl\/","name":"Elfsight PL","description":"Just another Elfsight Sites site","potentialAction":[{"@type":"SearchAction","target":{"@type":"EntryPoint","urlTemplate":"https:\/\/elfsight.com\/pl\/?s={search_term_string}"},"query-input":{"@type":"PropertyValueSpecification","valueRequired":true,"valueName":"search_term_string"}}],"inLanguage":"pl-PL"}]}},"meta_box":{"industry":"","seo_heading":"","heading":"","description":"","cta_heading":"","cta_description":"","application":"3348","h1":"Jak bezp\u0142atnie osadzi\u0107 kana\u0142 LinkedIn w Witrynach Google!","h1_caption":"Wy\u015bwietlaj posty ze swojego profilu w serwisie LinkedIn lub strony firmowej w swojej witrynie, bez wysi\u0142ku zwi\u0119kszaj\u0105c swoj\u0105 profesjonaln\u0105 obecno\u015b\u0107 w Internecie w Witrynach Google.","application_category":[],"applications_title":"","applications_request_title":"","applications_request_button_text":"","hero_text":"","hero_video":"","hero_video_schema_markup":"","selling_points_title":"","selling_points_caption":"","selling_points":[],"selling_points_cta_text":"","features_title":"","features":"","ed_cta_examples_text":"","ed_cta_examples_hidden":"","ed_cta_demo_text":"","ed_cta_demo_hidden":"","why_caption":"","why_editor_title":"","why_editor_text":"","why_team_title":"","why_team_text":"","why_service_title":"","why_service_text":"","template_catalog_visible":"0","template_catalog_title":"","template_catalog_text":"","template_catalog_categories_visible":"","demo_title":"Nie wahaj si\u0119 i utw\u00f3rz dostosowany do indywidualnych potrzeb kana\u0142 LinkedIn w Witrynach Google","demo_caption":"Dostosuj go i wstaw narz\u0119dzie na swoj\u0105 stron\u0119 internetow\u0105 w wersji demonstracyjnej.","default_faq_hidden":"","app_template_category":[],"platform":"484","template_public_id":"","codecanyon_url":"","codecanyon_item_id":"","codecanyon_price":"","pricing_caption":"","pricing_elfsight_apps_hide_column":"","pricing_elfsight_apps_url":"","pricing_codecanyon_price_caption":"","integration_category":[],"integration_request_title":"","integration_request_cta":"","integration_platform":"","integrations":[],"platform_category":[],"video_schema_markup":"","price":"od 0 USD \/ miesi\u0105c","trial":"","benefits":[{"text":"Bezp\u0142atna pomoc w monta\u017cu"},{"text":"Wsparcie premium"},{"text":"14-dniowa gwarancja zwrotu pieni\u0119dzy"}],"button_url":"#demo","button_target_blank":"0","button_nofollow":"0","attributes":[{"name":"Instaluje"},{"name":"Czu\u0142y"},{"name":"Kompatybilne przegl\u0105darki"}],"tags":[],"tags_disable_links":"0","hide_more_platforms":"0","video_object":"","demo_hide_cta":"0","demo_hide_cloud_options":"0","pricing_title":"","pricing":[{"pricing_icon":"platform","pricing_title":"Elfsight Apps","pricing_title_caption":"Oprogramowanie wieloplatformowe, kt\u00f3re pasuje do ka\u017cdej witryny internetowej","pricing_price":"od 0 USD \/ miesi\u0105c","pricing_price_caption":"zacznij od bezp\u0142atnego planu","pricing_benefits":[{"text":"Nielimitowane strony internetowe"},{"text":"Wsparcie premium i na czas"},{"text":"Bezp\u0142atna pomoc w monta\u017cu"},{"text":"W pe\u0142ni konfigurowalny"}],"pricing_button_text":"Dodaj do witryny","pricing_button_url":"#demo"}],"related_apps_title":"","related_apps_hidden":"0","author":"","image":[],"title":"","job":"","social_networks":[]},"_links":{"self":[{"href":"https:\/\/elfsight.com\/pl\/wp-json\/wp\/v2\/pages\/5624","targetHints":{"allow":["GET"]}}],"collection":[{"href":"https:\/\/elfsight.com\/pl\/wp-json\/wp\/v2\/pages"}],"about":[{"href":"https:\/\/elfsight.com\/pl\/wp-json\/wp\/v2\/types\/page"}],"author":[{"embeddable":true,"href":"https:\/\/elfsight.com\/pl\/wp-json\/wp\/v2\/users\/9"}],"replies":[{"embeddable":true,"href":"https:\/\/elfsight.com\/pl\/wp-json\/wp\/v2\/comments?post=5624"}],"version-history":[{"count":2,"href":"https:\/\/elfsight.com\/pl\/wp-json\/wp\/v2\/pages\/5624\/revisions"}],"predecessor-version":[{"id":10137,"href":"https:\/\/elfsight.com\/pl\/wp-json\/wp\/v2\/pages\/5624\/revisions\/10137"}],"up":[{"embeddable":true,"href":"https:\/\/elfsight.com\/pl\/wp-json\/wp\/v2\/pages\/3395"}],"wp:attachment":[{"href":"https:\/\/elfsight.com\/pl\/wp-json\/wp\/v2\/media?parent=5624"}],"curies":[{"name":"wp","href":"https:\/\/api.w.org\/{rel}","templated":true}]}}