{"id":5623,"date":"2024-05-03T06:40:38","date_gmt":"2024-05-03T06:40:38","guid":{"rendered":"https:\/\/elfsight.com\/pl\/?page_id=5623"},"modified":"2024-10-24T13:20:11","modified_gmt":"2024-10-24T13:20:11","slug":"elementor","status":"publish","type":"page","link":"https:\/\/elfsight.com\/pl\/linkedin-feed-widget\/elementor\/","title":{"rendered":"LinkedIn Feed &#8211; Elementor"},"content":{"rendered":"\n<div class=\"application-platform-content-item-description application-platform-content-item\" id=\"description\" data-nav-section=\"description\">\n<h2>Osad\u017a kana\u0142 LinkedIn na Elementorze za darmo!<\/h2>\n<p>Wtyczka LinkedIn Feed to idealne narz\u0119dzie dla firm do rozpowszechniania i promowania ich tre\u015bci LinkedIn w witrynach Elementor: wy\u015bwietlaj posty, dodawaj zdj\u0119cia, publikuj filmy itp. Instalacja wid\u017cetu zajmuje kilka sekund \u2014 nie jest wymagane kodowanie ani umiej\u0119tno\u015bci techniczne.<\/p>\n<p>Stw\u00f3rz wygl\u0105d odzwierciedlaj\u0105cy potrzeby Twojej witryny i pod\u0105\u017caj za trendami, dopasowuj\u0105c niestandardowe atrybuty, szablony, uk\u0142ady i style post\u00f3w. Dodaj efekt wyskakuj\u0105cego okienka jako akcj\u0119 po klikni\u0119ciu, aby przyci\u0105gn\u0105\u0107 uwag\u0119 u\u017cytkownik\u00f3w. Wreszcie, zyskaj wi\u0119ksz\u0105 wiarygodno\u015b\u0107 i lepszy wsp\u00f3\u0142czynnik zaanga\u017cowania.<\/p>\n<ul>\n  <li><strong>Wzmocnij swoje kana\u0142y sieciowe dzi\u0119ki stronie firmowej LinkedIn.<\/strong><br>Rozbuduj nowe relacje w \u015bwiecie zawodowym i rozwijaj liczb\u0119 potencjalnych klient\u00f3w, korzystaj\u0105c z zawarto\u015bci swojego profilu LinkedIn.<\/li>\n  <li><strong>Rozszerzaj baz\u0119 odbiorc\u00f3w LinkedIn.<\/strong><br>Podkre\u015bl swoj\u0105 obecno\u015b\u0107 na LinkedIn w\u015br\u00f3d spo\u0142eczno\u015bci witryny Elementor i rozwijaj zainteresowanie swoj\u0105 us\u0142ug\u0105.<\/li>\n  <li><strong>Nadaj swojej firmie bardziej autentyczny wygl\u0105d.<\/strong><br>Dodaj dodatkow\u0105 warstw\u0119 wiarygodno\u015bci swojej marki, prezentuj\u0105c najnowsz\u0105 aktywno\u015b\u0107 LinkedIn bezpo\u015brednio na stronie witryny.<\/li>\n<\/ul>\n<p><b>Umie\u015b\u0107 bezkodowy wid\u017cet LinkedIn Feed na stronie internetowej Elementor, aby zwi\u0119kszy\u0107 autentyczno\u015b\u0107 i rozszerzy\u0107 swoj\u0105 sie\u0107 poprzez weryfikacj\u0119 spo\u0142eczno\u015bciow\u0105.<\/b><\/p>\n<\/div>\n\n<div class=\"faq\" data-component=\"FAQ\">\n<div class=\"faq-item\">\r\n\t\t\t\t\t<div class=\"faq-item-question\">\r\n\t\t\t\t\t\t<h3 class=\"faq-item-question-text\">Czy s\u0105 jakie\u015b inne narz\u0119dzia dla Elementora, kt\u00f3rych mog\u0119 u\u017cywa\u0107 na mojej stronie internetowej?<\/h3>\r\n\r\n\t\t\t\t\t\t<div class=\"faq-item-question-icon\"><\/div>\r\n\t\t\t\t\t<\/div>\r\n\r\n\t\t\t\t\t<div class=\"faq-item-answer\">\r\n\t\t\t\t\t\t<div class=\"faq-item-answer-text\">\n<p>Tak, oczywi\u015bcie! B\u0119d\u0105c u\u017cytkownikiem witryny Elementor, masz dost\u0119p do mn\u00f3stwa narz\u0119dzi bez u\u017cycia kodu, w tym wtyczki LinkedIn Feed. Rozwa\u017c nast\u0119puj\u0105ce mo\u017cliwo\u015bci:<\/p>\n<ul>\n  <li>U\u017cyj <a href=\"https:\/\/elfsight.com\/pinterest-feed-widget\/\">Kana\u0142u Pinteresta<\/a> lub wid\u017cetu <a href=\"https:\/\/elfsight.com\/instagram-feed-instashow\/\">Kana\u0142 Instagram<\/a> obok kana\u0142u LinkedIn.<\/li>\n  <li>Wybierz <a href=\"https:\/\/elfsight.com\/all-in-one-reviews-widget\/\">Recenzje All-in-One<\/a> lub <a href=\"https:\/\/elfsight.com\/google-reviews-widget\/\">Recenzje Google<\/a> do wy\u015bwietlania opinii klient\u00f3w.<\/li>\n  <li>Dodaj <a href=\"https:\/\/elfsight.com\/online-form-builder\/\">Widget Kreator formularzy<\/a>, aby zbiera\u0107 odpowiedzi i u\u0142atwia\u0107 komunikacj\u0119 z u\u017cytkownikami.<\/li>\n  <li>Umie\u015b\u0107 <a href=\"https:\/\/elfsight.com\/countdown-timer-widget\/\">Timer odliczania<\/a>, aby generowa\u0107 zaanga\u017cowanie i wywo\u0142ywa\u0107 poczucie pilno\u015bci.<\/li>\n<\/ul>\n<p>To tylko pocz\u0105tek szerokiej gamy narz\u0119dzi dost\u0119pnych w naszym katalogu. Zacznij od wtyczki LinkedIn Feed, a potem odkryj wi\u0119cej wid\u017cet\u00f3w Elfsight!<\/p>\n<\/div>\r\n\t\t\t\t\t<\/div>\r\n\t\t\t\t<\/div>\n\n<div class=\"faq-item\">\r\n\t\t\t\t\t<div class=\"faq-item-question\">\r\n\t\t\t\t\t\t<h3 class=\"faq-item-question-text\">Jak bezp\u0142atnie osadzi\u0107 LinkedIn Feed w Elementorze?<\/h3>\r\n\r\n\t\t\t\t\t\t<div class=\"faq-item-question-icon\"><\/div>\r\n\t\t\t\t\t<\/div>\r\n\r\n\t\t\t\t\t<div class=\"faq-item-answer\">\r\n\t\t\t\t\t\t<div class=\"faq-item-answer-text\">\n<p>Aby doda\u0107 bezkodowy wid\u017cet LinkedIn Feed do swojej witryny Elementor, wykonaj poni\u017csze kroki:<\/p>\n<ol>\n  <li>Dostosuj wygl\u0105d wid\u017cetu LinkedIn Feed zgodnie ze swoimi preferencjami.<\/li>\n  <li>Zaloguj si\u0119 do panelu Elfsight lub zarejestruj bezp\u0142atny profil.<\/li>\n  <li>Uzyskaj automatycznie wygenerowany kod do osadzenia na stronie.<\/li>\n  <li>Przejd\u017a do swojej witryny Elementor i wstaw kod w narz\u0119dziu do tworzenia witryn.<\/li>\n  <li>Gotowe!<\/li>\n<\/ol>\n<p>Nie musisz zna\u0107 si\u0119 na kodowaniu, aby doda\u0107 ten wid\u017cet do swojej strony Elementor. Ciesz si\u0119 licznymi korzy\u015bciami z jego u\u017cycia!<\/p>\n<\/div>\r\n\t\t\t\t\t<\/div>\r\n\t\t\t\t<\/div>\n\n<div class=\"faq-item\">\r\n\t\t\t\t\t<div class=\"faq-item-question\">\r\n\t\t\t\t\t\t<h3 class=\"faq-item-question-text\">Czy musz\u0119 umie\u0107 kodowa\u0107, aby doda\u0107 wtyczk\u0119 LinkedIn Feed do Elementora?<\/h3>\r\n\r\n\t\t\t\t\t\t<div class=\"faq-item-question-icon\"><\/div>\r\n\t\t\t\t\t<\/div>\r\n\r\n\t\t\t\t\t<div class=\"faq-item-answer\">\r\n\t\t\t\t\t\t<div class=\"faq-item-answer-text\">\n<p>Nie, nie musisz posiada\u0107 \u017cadnych umiej\u0119tno\u015bci programistycznych. Mo\u017cesz utworzy\u0107 i doda\u0107 wtyczk\u0119 LinkedIn Feed bez znajomo\u015bci kodu.<\/p>\n<\/div>\r\n\t\t\t\t\t<\/div>\r\n\t\t\t\t<\/div>\n<\/div>\n\n<div class=\"application-platform-content-item-features application-platform-content-item\" id=\"features\" data-nav-section=\"features\">\n<h2>Wtyczka oferuje cenne i nieskomplikowane funkcje, oto niekt\u00f3re z nich:<\/h2>\n<ul>\n  <li>Dodawaj r\u00f3\u017cne formy tre\u015bci: wpisy na blogu, zdj\u0119cia, filmy itp.<\/li>\n  <li>Sortuj posty wed\u0142ug s\u0142\u00f3w kluczowych, hashtag\u00f3w lub filtr\u00f3w URL.<\/li>\n  <li>Przyciski wezwania do dzia\u0142ania zwi\u0119kszaj\u0105ce zaanga\u017cowanie w kanale LinkedIn Twojej firmy.<\/li>\n  <li>Dynamiczny efekt wyskakuj\u0105cego okienka, kt\u00f3ry przyci\u0105ga uwag\u0119 ludzi do Twoich tre\u015bci LinkedIn.<\/li>\n  <li>Zaawansowane dostosowywanie: gotowe szablony, schematy kolor\u00f3w, uk\u0142ady, style post\u00f3w, niestandardowy CSS i wi\u0119cej.<\/li>\n<\/ul>\n<p><a href=\"#demo\">Przetestuj wszystkie funkcje w pe\u0142ni funkcjonalnej wersji demonstracyjnej<\/a><\/p>\n<\/div>\n\n<div class=\"application-platform-content-item-installation application-platform-content-item\" id=\"installation\" data-nav-section=\"installation\">\n<h2>Jak osadzi\u0107 LinkedIn Feed w mojej witrynie Elementor?<\/h2>\n<p>Aby doda\u0107 pozbawiony kodu kana\u0142 LinkedIn do swojej witryny Elementor, wykonaj nast\u0119puj\u0105ce kroki:<\/p>\n<ol>\n  <li><b>Otw\u00f3rz nasze demo i zacznij tworzy\u0107 sw\u00f3j wid\u017cet LinkedIn Feed.<\/b><br> Dostosuj interfejs i funkcjonalno\u015b\u0107 wid\u017cetu oraz zastosuj zmiany.<\/li>\n  <li><b>Uzyskaj unikalny kod.<\/b> <br> Skopiuj wygenerowany kod z wyskakuj\u0105cego okienka i zapisz go na przysz\u0142o\u015b\u0107.<\/li>\n  <li><b>Dodaj wid\u017cet na swojej stronie Elementor.<\/b> <br> Wstaw skopiowany kod i zapisz zmiany.<\/li>\n  <li><b>Instalacja zako\u0144czona.<\/b><br> Odwied\u017a swoj\u0105 witryn\u0119, aby sprawdzi\u0107, jak dzia\u0142a wid\u017cet.<\/li>\n<\/ol>\n<p>W razie pyta\u0144 lub problem\u00f3w skontaktuj si\u0119 z naszym zespo\u0142em pomocy technicznej. Z przyjemno\u015bci\u0105 pomo\u017cemy Ci we wszystkim, co zwi\u0105zane z wid\u017cetem LinkedIn Feed.<\/p>\n<\/div>\n\n","protected":false},"excerpt":{"rendered":"","protected":false},"author":9,"featured_media":0,"parent":3395,"menu_order":0,"comment_status":"closed","ping_status":"closed","template":"templates\/template-application-platform.php","meta":{"publish_to_discourse":"","publish_post_category":"","wpdc_auto_publish_overridden":"","wpdc_topic_tags":"","wpdc_pin_topic":"","wpdc_pin_until":"","discourse_post_id":"","discourse_permalink":"","wpdc_publishing_response":"","wpdc_publishing_error":"","footnotes":""},"class_list":["post-5623","page","type-page","status-publish","hentry"],"yoast_head":"<!-- This site is optimized with the Yoast SEO plugin v25.3.1 - https:\/\/yoast.com\/wordpress\/plugins\/seo\/ -->\n<title>Kana\u0142 LinkedIn \u2014 dodaj wid\u017cet kana\u0142u do Elementora [za darmo!]<\/title>\n<meta name=\"description\" content=\"Umie\u015b\u0107 wid\u017cet LinkedIn Feed bez kodowania na swojej stronie internetowej Elementor. Zbuduj swoj\u0105 wtyczk\u0119, korzystaj\u0105c z wersji demonstracyjnej na \u017cywo i gotowych szablon\u00f3w, aby uzyska\u0107 mocny dow\u00f3d spo\u0142eczno\u015bciowy.\" \/>\n<meta name=\"robots\" content=\"index, follow, max-snippet:-1, max-image-preview:large, max-video-preview:-1\" \/>\n<link rel=\"canonical\" href=\"https:\/\/elfsight.com\/pl\/linkedin-feed-widget\/elementor\/\" \/>\n<meta property=\"og:locale\" content=\"pl_PL\" \/>\n<meta property=\"og:type\" content=\"article\" \/>\n<meta property=\"og:title\" content=\"Kana\u0142 LinkedIn \u2014 dodaj wid\u017cet kana\u0142u do Elementora [za darmo!]\" \/>\n<meta property=\"og:description\" content=\"Umie\u015b\u0107 wid\u017cet LinkedIn Feed bez kodowania na swojej stronie internetowej Elementor. Zbuduj swoj\u0105 wtyczk\u0119, korzystaj\u0105c z wersji demonstracyjnej na \u017cywo i gotowych szablon\u00f3w, aby uzyska\u0107 mocny dow\u00f3d spo\u0142eczno\u015bciowy.\" \/>\n<meta property=\"og:url\" content=\"https:\/\/elfsight.com\/pl\/linkedin-feed-widget\/elementor\/\" \/>\n<meta property=\"og:site_name\" content=\"Elfsight PL\" \/>\n<meta property=\"article:modified_time\" content=\"2024-10-24T13:20:11+00:00\" \/>\n<meta name=\"twitter:card\" content=\"summary_large_image\" \/>\n<meta name=\"twitter:label1\" content=\"Szacowany czas czytania\" \/>\n\t<meta name=\"twitter:data1\" content=\"4 minuty\" \/>\n<!-- \/ Yoast SEO plugin. -->","yoast_head_json":{"title":"Kana\u0142 LinkedIn \u2014 dodaj wid\u017cet kana\u0142u do Elementora [za darmo!]","description":"Umie\u015b\u0107 wid\u017cet LinkedIn Feed bez kodowania na swojej stronie internetowej Elementor. Zbuduj swoj\u0105 wtyczk\u0119, korzystaj\u0105c z wersji demonstracyjnej na \u017cywo i gotowych szablon\u00f3w, aby uzyska\u0107 mocny dow\u00f3d spo\u0142eczno\u015bciowy.","robots":{"index":"index","follow":"follow","max-snippet":"max-snippet:-1","max-image-preview":"max-image-preview:large","max-video-preview":"max-video-preview:-1"},"canonical":"https:\/\/elfsight.com\/pl\/linkedin-feed-widget\/elementor\/","og_locale":"pl_PL","og_type":"article","og_title":"Kana\u0142 LinkedIn \u2014 dodaj wid\u017cet kana\u0142u do Elementora [za darmo!]","og_description":"Umie\u015b\u0107 wid\u017cet LinkedIn Feed bez kodowania na swojej stronie internetowej Elementor. Zbuduj swoj\u0105 wtyczk\u0119, korzystaj\u0105c z wersji demonstracyjnej na \u017cywo i gotowych szablon\u00f3w, aby uzyska\u0107 mocny dow\u00f3d spo\u0142eczno\u015bciowy.","og_url":"https:\/\/elfsight.com\/pl\/linkedin-feed-widget\/elementor\/","og_site_name":"Elfsight PL","article_modified_time":"2024-10-24T13:20:11+00:00","twitter_card":"summary_large_image","twitter_misc":{"Szacowany czas czytania":"4 minuty"},"schema":{"@context":"https:\/\/schema.org","@graph":[{"@type":"WebPage","@id":"https:\/\/elfsight.com\/pl\/linkedin-feed-widget\/elementor\/","url":"https:\/\/elfsight.com\/pl\/linkedin-feed-widget\/elementor\/","name":"Kana\u0142 LinkedIn \u2014 dodaj wid\u017cet kana\u0142u do Elementora [za darmo!]","isPartOf":{"@id":"https:\/\/elfsight.com\/pl\/#website"},"datePublished":"2024-05-03T06:40:38+00:00","dateModified":"2024-10-24T13:20:11+00:00","description":"Umie\u015b\u0107 wid\u017cet LinkedIn Feed bez kodowania na swojej stronie internetowej Elementor. Zbuduj swoj\u0105 wtyczk\u0119, korzystaj\u0105c z wersji demonstracyjnej na \u017cywo i gotowych szablon\u00f3w, aby uzyska\u0107 mocny dow\u00f3d spo\u0142eczno\u015bciowy.","breadcrumb":{"@id":"https:\/\/elfsight.com\/pl\/linkedin-feed-widget\/elementor\/#breadcrumb"},"inLanguage":"pl-PL","potentialAction":[{"@type":"ReadAction","target":["https:\/\/elfsight.com\/pl\/linkedin-feed-widget\/elementor\/"]}]},{"@type":"BreadcrumbList","@id":"https:\/\/elfsight.com\/pl\/linkedin-feed-widget\/elementor\/#breadcrumb","itemListElement":[{"@type":"ListItem","position":1,"name":"Home","item":"https:\/\/elfsight.com\/pl\/"},{"@type":"ListItem","position":2,"name":"LinkedIn Feed","item":"https:\/\/elfsight.com\/pl\/linkedin-feed-widget\/"},{"@type":"ListItem","position":3,"name":"LinkedIn Feed &#8211; Elementor"}]},{"@type":"WebSite","@id":"https:\/\/elfsight.com\/pl\/#website","url":"https:\/\/elfsight.com\/pl\/","name":"Elfsight PL","description":"Just another Elfsight Sites site","potentialAction":[{"@type":"SearchAction","target":{"@type":"EntryPoint","urlTemplate":"https:\/\/elfsight.com\/pl\/?s={search_term_string}"},"query-input":{"@type":"PropertyValueSpecification","valueRequired":true,"valueName":"search_term_string"}}],"inLanguage":"pl-PL"}]}},"meta_box":{"industry":"","seo_heading":"","heading":"","description":"","cta_heading":"","cta_description":"","application":"3348","h1":"Jak osadzi\u0107 kana\u0142 LinkedIn na Elementorze za darmo!","h1_caption":"Wy\u015bwietlaj posty ze swojego profilu w serwisie LinkedIn lub strony firmowej w swojej witrynie, bez wysi\u0142ku zwi\u0119kszaj\u0105c swoj\u0105 profesjonaln\u0105 obecno\u015b\u0107 w Internecie w witrynie Elementor.","application_category":[],"applications_title":"","applications_request_title":"","applications_request_button_text":"","hero_text":"","hero_video":"","hero_video_schema_markup":"","selling_points_title":"","selling_points_caption":"","selling_points":[],"selling_points_cta_text":"","features_title":"","features":"","ed_cta_examples_text":"","ed_cta_examples_hidden":"","ed_cta_demo_text":"","ed_cta_demo_hidden":"","why_caption":"","why_editor_title":"","why_editor_text":"","why_team_title":"","why_team_text":"","why_service_title":"","why_service_text":"","template_catalog_visible":"0","template_catalog_title":"","template_catalog_text":"","template_catalog_categories_visible":"","demo_title":"Pospiesz si\u0119, aby stworzy\u0107 niestandardowy kana\u0142 LinkedIn Elementor","demo_caption":"Dostosuj go i zaimplementuj na swojej stronie, korzystaj\u0105c z wersji demonstracyjnej.","default_faq_hidden":"","app_template_category":[],"platform":"268","template_public_id":"","codecanyon_url":"","codecanyon_item_id":"","codecanyon_price":"","pricing_caption":"","pricing_elfsight_apps_hide_column":"","pricing_elfsight_apps_url":"","pricing_codecanyon_price_caption":"","integration_category":[],"integration_request_title":"","integration_request_cta":"","integration_platform":"","integrations":[],"platform_category":[],"video_schema_markup":"","price":"od 0 USD \/ miesi\u0105c","trial":"","benefits":[{"text":"Bezp\u0142atna us\u0142uga monta\u017cu"},{"text":"Kompetentna obs\u0142uga klienta"},{"text":"14-dniowa gwarancja zwrotu pieni\u0119dzy"}],"button_url":"#demo","button_target_blank":"0","button_nofollow":"0","attributes":[{"name":"Instaluje","content":"100,000 - 500,000"},{"name":"Czu\u0142y","content":"Tak"},{"name":"Kompatybilne przegl\u0105darki","content":"IE11, Firefox, Safari, Opera, Chrome, Edge"}],"tags":[],"tags_disable_links":"0","hide_more_platforms":"","video_object":"","demo_hide_cta":"0","demo_hide_cloud_options":"0","pricing_title":"","pricing":[{"pricing_icon":"platform","pricing_title":"Elfsight Apps","pricing_title_caption":"Rozwi\u0105zanie wieloplatformowe, kt\u00f3re pasuje do ka\u017cdej witryny internetowej","pricing_price":"od 0 USD \/ miesi\u0105c","pricing_price_caption":"zacznij od bezp\u0142atnego planu","pricing_benefits":[{"text":"Nielimitowane strony internetowe"},{"text":"Szybka pomoc firmy i dobrze udokumentowana"},{"text":"Bezp\u0142atna pomoc w instalacji"},{"text":"Elastyczny projekt"}],"pricing_button_text":"Dodaj do witryny","pricing_button_url":"#demo"}],"related_apps_title":"","related_apps_hidden":"0","author":"","image":[],"title":"","job":"","social_networks":[]},"_links":{"self":[{"href":"https:\/\/elfsight.com\/pl\/wp-json\/wp\/v2\/pages\/5623","targetHints":{"allow":["GET"]}}],"collection":[{"href":"https:\/\/elfsight.com\/pl\/wp-json\/wp\/v2\/pages"}],"about":[{"href":"https:\/\/elfsight.com\/pl\/wp-json\/wp\/v2\/types\/page"}],"author":[{"embeddable":true,"href":"https:\/\/elfsight.com\/pl\/wp-json\/wp\/v2\/users\/9"}],"replies":[{"embeddable":true,"href":"https:\/\/elfsight.com\/pl\/wp-json\/wp\/v2\/comments?post=5623"}],"version-history":[{"count":2,"href":"https:\/\/elfsight.com\/pl\/wp-json\/wp\/v2\/pages\/5623\/revisions"}],"predecessor-version":[{"id":8166,"href":"https:\/\/elfsight.com\/pl\/wp-json\/wp\/v2\/pages\/5623\/revisions\/8166"}],"up":[{"embeddable":true,"href":"https:\/\/elfsight.com\/pl\/wp-json\/wp\/v2\/pages\/3395"}],"wp:attachment":[{"href":"https:\/\/elfsight.com\/pl\/wp-json\/wp\/v2\/media?parent=5623"}],"curies":[{"name":"wp","href":"https:\/\/api.w.org\/{rel}","templated":true}]}}