{"id":5622,"date":"2024-05-03T06:40:37","date_gmt":"2024-05-03T06:40:37","guid":{"rendered":"https:\/\/elfsight.com\/pl\/?page_id=5622"},"modified":"2025-10-23T14:58:16","modified_gmt":"2025-10-23T14:58:16","slug":"shopify","status":"publish","type":"page","link":"https:\/\/elfsight.com\/pl\/linkedin-feed-widget\/shopify\/","title":{"rendered":"LinkedIn Feed &#8211; Shopify"},"content":{"rendered":"<div class=\"application-platform-content-item-description application-platform-content-item\" id=\"description\" data-nav-section=\"description\"> <h2>Umie\u015b\u0107 kana\u0142 LinkedIn w Shopify za darmo!<\/h2> <p>Widget Kana\u0142 LinkedIn to idealne narz\u0119dzie dla firm do prezentowania i promowania ich tre\u015bci LinkedIn na stronach internetowych Shopify: wy\u015bwietlaj posty, zdj\u0119cia, klipy itp. Instalacja wid\u017cetu jest prosta \u2014 nie wymaga kodowania ani umiej\u0119tno\u015bci technicznych. <\/p> <p>Stw\u00f3rz wygl\u0105d odpowiadaj\u0105cy preferencjom Twojej witryny i pozosta\u0144 wierny marce, eksperymentuj\u0105c z niestandardowymi atrybutami, szablonami, uk\u0142adami i stylami post\u00f3w. Dodaj efekt wyskakuj\u0105cego okienka jako akcj\u0119 po klikni\u0119ciu, aby przyci\u0105gn\u0105\u0107 uwag\u0119 u\u017cytkownik\u00f3w. Wreszcie, mo\u017cesz cieszy\u0107 si\u0119 wi\u0119kszym zaufaniem i ugruntowan\u0105 mark\u0105 w bran\u017cy.<\/p> <ul><li><strong>Rozbuduj swoje kana\u0142y sieciowe dzi\u0119ki stronie firmowej LinkedIn.<\/strong><br>Zbuduj nowe kontakty w firmie \u015bwiecie i zwi\u0119ksz liczb\u0119 potencjalnych klient\u00f3w, wykorzystuj\u0105c tre\u015bci ze swojego profilu LinkedIn.<\/li><li><strong>Rozszerz liczb\u0119 obserwuj\u0105cych na LinkedIn.<\/strong><br>Podkre\u015bl swoj\u0105 obecno\u015b\u0107 na LinkedIn w spo\u0142eczno\u015bci u\u017cytkownik\u00f3w Shopify i wywo\u0142aj du\u017ce zainteresowanie swoj\u0105 ofert\u0119.<\/li><li><strong>Zwi\u0119ksz autentyczno\u015b\u0107 swojej firmy.<\/strong><br>Dodaj dodatkow\u0105 warstw\u0119 wiarygodno\u015bci i wiarygodno\u015bci do swojej marki, prezentuj\u0105c najnowsz\u0105 aktywno\u015b\u0107 LinkedIn bezpo\u015brednio na stronie witryny. <\/li><\/ul><p><b>Osad\u017a bezkodow\u0105 wtyczk\u0119 LinkedIn Feed w witrynie Shopify, aby zwi\u0119kszy\u0107 wiarygodno\u015b\u0107, promowa\u0107 autentyczno\u015b\u0107 i rozwija\u0107 swoj\u0105 sie\u0107 poprzez wykorzystanie silnego potwierdzenia spo\u0142eczno\u015bciowego.<\/b><\/p> <div class=\"faq\" data-component=\"FAQ\"><div class=\"faq-item\">\r\n\t\t\t\t\t<div class=\"faq-item-question\">\r\n\t\t\t\t\t\t<h3 class=\"faq-item-question-text\">Czy istniej\u0105 inne narz\u0119dzia Shopify, kt\u00f3rych mog\u0119 u\u017cywa\u0107 na mojej stronie internetowej?<\/h3>\r\n\r\n\t\t\t\t\t\t<div class=\"faq-item-question-icon\"><\/div>\r\n\t\t\t\t\t<\/div>\r\n\r\n\t\t\t\t\t<div class=\"faq-item-answer\">\r\n\t\t\t\t\t\t<div class=\"faq-item-answer-text\"><p>Tak, rzeczywi\u015bcie! Jako u\u017cytkownik Shopify Elfsight oferuje dziesi\u0105tki narz\u0119dzi bez u\u017cycia kodu, kt\u00f3re mo\u017cesz doda\u0107 do swojej witryny, w tym wtyczk\u0119 LinkedIn Feed. Bez wzgl\u0119du na rodzaj prowadzonej dzia\u0142alno\u015bci lub nisz\u0119, w kt\u00f3rej pracujesz, zawsze istniej\u0105 mo\u017cliwo\u015bci pokazania swoich mocnych stron. Oto kilka pomys\u0142\u00f3w, kt\u00f3re mo\u017cesz doda\u0107 do swojej listy:<\/p><ul><li>Aby utworzy\u0107 dowoln\u0105 inn\u0105 aplikacj\u0119 medi\u00f3w spo\u0142eczno\u015bciowych dla swojej witryny Shopify podobn\u0105 do wtyczki LinkedIn Feed, rozwa\u017c u\u017cycie <a href=\"https:\/\/ elfsight.com\/pinterest-feed-widget\/\">Kana\u0142 Pinteresta<\/a> lub wid\u017cet <a href=\"https:\/\/elfsight.com\/instagram-feed-instashow\/\">Kana\u0142 Instagrama<\/a>.<\/a> li&gt;<li>Skorzystaj z <a href=\"https:\/\/elfsight.com\/all-in-one-reviews-widget\/\">recenzji All-in-One<\/a> lub <a href=\"https:\/\/elfsight.com\/google-reviews-widget\/\">Wtyczka Recenzje Google<\/a> umo\u017cliwiaj\u0105ca wy\u015bwietlanie opinii klient\u00f3w.<\/li><li>Umie\u015b\u0107 <a href=\"https:\/\/elfsight.com\/ online-form-builder\/\">Form Builder<\/a> wid\u017cet do zbierania odpowiedzi i umo\u017cliwienia u\u017cytkownikom Shopify skontaktowania si\u0119 z Tob\u0105.<\/li> <li>Dodaj <a href=\"https:\/\/elfsight.com \/countdown-timer-widget\/\">Wtyczka licznika czasu<\/a>, kt\u00f3ra zwi\u0119ksza oczekiwanie i wywo\u0142uje u odbiorc\u00f3w poczucie niedoboru.<\/li><\/ul><p>Pami\u0119taj, \u017ce to tylko kilka przyk\u0142ad\u00f3w umieszczenia na stronie z szerokiej gamy dodatk\u00f3w, kt\u00f3re mog\u0105 zaspokoi\u0107 Twoje specyficzne wymagania biznesowe. Zacznij od bezp\u0142atnego kana\u0142u LinkedIn Feed, aby wr\u00f3ci\u0107 p\u00f3\u017aniej i pozna\u0107 szeroki wyb\u00f3r wid\u017cet\u00f3w, kt\u00f3re mo\u017cesz doda\u0107 do swojej witryny!<\/p><\/div>\r\n\t\t\t\t\t<\/div>\r\n\t\t\t\t<\/div><div class=\"faq-item\">\r\n\t\t\t\t\t<div class=\"faq-item-question\">\r\n\t\t\t\t\t\t<h3 class=\"faq-item-question-text\">Jak bezp\u0142atnie osadzi\u0107 kana\u0142 LinkedIn w Shopify?<\/h3>\r\n\r\n\t\t\t\t\t\t<div class=\"faq-item-question-icon\"><\/div>\r\n\t\t\t\t\t<\/div>\r\n\r\n\t\t\t\t\t<div class=\"faq-item-answer\">\r\n\t\t\t\t\t\t<div class=\"faq-item-answer-text\"> <p>Je\u015bli chcesz bezp\u0142atnie doda\u0107 wid\u017cet Kana\u0142 LinkedIn do swojej witryny Shopify, post\u0119puj zgodnie z poni\u017cszymi instrukcjami:<\/p> <ol><li>Spersonalizuj wygl\u0105d wid\u017cetu Kana\u0142 LinkedIn, aby pasowa\u0142 do stylu Twojej witryny. <\/li><li>Zaloguj si\u0119 do panelu Elfsight lub za\u0142\u00f3\u017c bezp\u0142atne konto.<\/li><li>Odbierz unikalny kod wid\u017cetu instalacyjnego.<\/li><li>Uzyskaj dost\u0119p do swojej witryny Shopify.<\/li> <li>Wklej kod do narz\u0119dzia do tworzenia witryn Shopify, aby doda\u0107 wtyczk\u0119 LinkedIn Feed. Gotowe!<\/li><\/ol><p>Jak wida\u0107 z kontekstu, nie ma potrzeby opanowania pisania kodu, aby osadzi\u0107 wtyczk\u0119. Z \u0142atwo\u015bci\u0105 utw\u00f3rz pozbawiony kodu wid\u017cet LinkedIn Feed dla witryny Shopify i ciesz si\u0119 wszystkimi korzy\u015bciami, jakie p\u0142yn\u0105 z poszerzania grona odbiorc\u00f3w.<\/p><\/div>\r\n\t\t\t\t\t<\/div>\r\n\t\t\t\t<\/div><div class=\"faq-item\">\r\n\t\t\t\t\t<div class=\"faq-item-question\">\r\n\t\t\t\t\t\t<h3 class=\"faq-item-question-text\">Czy musz\u0119 umie\u0107 kodowa\u0107 lub umie\u0107 programowa\u0107 umiej\u0119tno\u015bci, aby doda\u0107 kana\u0142 LinkedIn do Shopify?<\/h3>\r\n\r\n\t\t\t\t\t\t<div class=\"faq-item-question-icon\"><\/div>\r\n\t\t\t\t\t<\/div>\r\n\r\n\t\t\t\t\t<div class=\"faq-item-answer\">\r\n\t\t\t\t\t\t<div class=\"faq-item-answer-text\"><p>Nie, nie musisz. \u017badne wcze\u015bniejsze umiej\u0119tno\u015bci kodowania nie s\u0105 w og\u00f3le wymagane. Mo\u017cesz zbudowa\u0107 i doda\u0107 wtyczk\u0119 LinkedIn Feed do swojej witryny Shopify, nawet bez specjalistycznego do\u015bwiadczenia lub wcze\u015bniejszej znajomo\u015bci kodu.<\/p> <\/div>\r\n\t\t\t\t\t<\/div>\r\n\t\t\t\t<\/div><\/div><\/div> <div class=\"application-platform-content-item-features application-platform-content-item\" id=\"features\" data-nav-section=\"features\"> <h2>To tylko niekt\u00f3re z bogatych funkcji wid\u017cetu:<\/h2> <ul><li>Wy\u015bwietlaj wszystkie typy tre\u015bci LinkedIn: wpisy na blogu, zdj\u0119cia, klipy itp.<\/li><li>Filtruj wpisy w kanale wed\u0142ug s\u0142\u00f3w kluczowych, hashtagi lub adresy URL.<\/li><li>Przyciski wezwania do dzia\u0142ania poprawiaj\u0105ce wsp\u00f3\u0142czynnik zaanga\u017cowania w kanale LinkedIn Twojej firmy.<\/li><li>Tryb dynamicznego wyskakuj\u0105cego okienka, aby zwr\u00f3ci\u0107 uwag\u0119 na tre\u015bci LinkedIn.<\/li><li>Dostosowywanie bez kodu dzi\u0119ki zaawansowanym ustawieniom projektu: gotowe do u\u017cycia szablony, kreator schemat\u00f3w kolor\u00f3w, wiele projekt\u00f3w uk\u0142ad\u00f3w, style post\u00f3w, niestandardowy CSS i nie tylko.<\/li><\/ul><p><a href=\"#demo\">Wypr\u00f3buj wszystkie funkcje personalizacji w pe\u0142ni funkcjonalnej wersji demonstracyjnej<\/a><\/p> <\/div> <div class=\"application-platform-content-item-installation application-platform-content-item\" id=\"installation\" data-nav-section=\"installation\"> <h2>Jak mog\u0119 osadzi\u0107 LinkedIn Feed na mojej stronie Shopify? <\/h2><div class=\"video-container\">\n<iframe width=\"720\" height=\"405\" src=\"https:\/\/www.youtube.com\/embed\/mMCEA3jhXts?si=UQs3a3dJL5jW-2tp\" frameborder=\"0\" allowfullscreen=\"\"><\/iframe>\n<\/div> <p>Je\u015bli chcesz doda\u0107 bezkodow\u0105 wtyczk\u0119 LinkedIn Feed do swojej witryny Shopify, wykonaj nast\u0119puj\u0105ce czynno\u015bci:<\/p> <ol><li><b>Skorzystaj z naszego bezp\u0142atnego edytora i rozpocznij zbuduj sw\u00f3j w\u0142asny wid\u017cet LinkedIn Feed.<\/b><br> Okre\u015bl wybrany uk\u0142ad i charakterystyk\u0119 wtyczki oraz zapisz modyfikacje.<\/li> <li><b>Uzyskaj indywidualny kod wy\u015bwietlony w oknie aplikacji Elfsight. <\/b><br> Zaraz po zako\u0144czeniu generowania narz\u0119dzia skopiuj indywidualny kod z wy\u015bwietlonego wyskakuj\u0105cego okienka i zachowaj go do dalszego wykorzystania.<\/li> <li><b>Rozpocznij korzystanie z wid\u017cetu na swoim Witryna Shopify.<\/b><br> Dodaj zapisany wcze\u015bniej kod do swojej witryny i zastosuj poprawki.<\/li> <li><b>Instalacja zosta\u0142a pomy\u015blnie uko\u0144czona.<\/b><br> Przejd\u017a do swojej witryny, aby obserwowa\u0107 dzia\u0142anie wtyczki LinkedIn Feed.<\/li><\/ol> <p>Je\u015bli masz pytania lub napotkasz przeszkody w procesie osadzania, zwr\u00f3\u0107 si\u0119 o pomoc do naszego zespo\u0142u wsparcia. Nasi pracownicy z przyjemno\u015bci\u0105 rozwi\u0105\u017c\u0105 wszystkie problemy, jakie mo\u017cesz mie\u0107 dzi\u0119ki bezkodowej wtyczce LinkedIn Feed dla witryn Shopify.<\/p> <\/div>","protected":false},"excerpt":{"rendered":"","protected":false},"author":9,"featured_media":0,"parent":3395,"menu_order":0,"comment_status":"closed","ping_status":"closed","template":"templates\/template-application-platform.php","meta":{"publish_to_discourse":"","publish_post_category":"","wpdc_auto_publish_overridden":"","wpdc_topic_tags":"","wpdc_pin_topic":"","wpdc_pin_until":"","discourse_post_id":"","discourse_permalink":"","wpdc_publishing_response":"","wpdc_publishing_error":"","footnotes":""},"class_list":["post-5622","page","type-page","status-publish","hentry"],"yoast_head":"<!-- This site is optimized with the Yoast SEO plugin v25.3.1 - https:\/\/yoast.com\/wordpress\/plugins\/seo\/ -->\n<title>Kana\u0142 LinkedIn \u2014 dodaj aplikacj\u0119 Kana\u0142 do Shopify [za darmo!]<\/title>\n<meta name=\"description\" content=\"Umie\u015b\u0107 niewymagaj\u0105c\u0105 kodowania aplikacj\u0119 LinkedIn Feed w swojej witrynie Shopify. Zbuduj sw\u00f3j widget, korzystaj\u0105c z wersji demonstracyjnej na \u017cywo i gotowych szablon\u00f3w, aby uzyska\u0107 mocny dow\u00f3d spo\u0142eczno\u015bciowy.\" \/>\n<meta name=\"robots\" content=\"index, follow, max-snippet:-1, max-image-preview:large, max-video-preview:-1\" \/>\n<link rel=\"canonical\" href=\"https:\/\/elfsight.com\/pl\/linkedin-feed-widget\/shopify\/\" \/>\n<meta property=\"og:locale\" content=\"pl_PL\" \/>\n<meta property=\"og:type\" content=\"article\" \/>\n<meta property=\"og:title\" content=\"Kana\u0142 LinkedIn \u2014 dodaj aplikacj\u0119 Kana\u0142 do Shopify [za darmo!]\" \/>\n<meta property=\"og:description\" content=\"Umie\u015b\u0107 niewymagaj\u0105c\u0105 kodowania aplikacj\u0119 LinkedIn Feed w swojej witrynie Shopify. Zbuduj sw\u00f3j widget, korzystaj\u0105c z wersji demonstracyjnej na \u017cywo i gotowych szablon\u00f3w, aby uzyska\u0107 mocny dow\u00f3d spo\u0142eczno\u015bciowy.\" \/>\n<meta property=\"og:url\" content=\"https:\/\/elfsight.com\/pl\/linkedin-feed-widget\/shopify\/\" \/>\n<meta property=\"og:site_name\" content=\"Elfsight PL\" \/>\n<meta property=\"article:modified_time\" content=\"2025-10-23T14:58:16+00:00\" \/>\n<meta name=\"twitter:card\" content=\"summary_large_image\" \/>\n<meta name=\"twitter:label1\" content=\"Szacowany czas czytania\" \/>\n\t<meta name=\"twitter:data1\" content=\"5 minut\" \/>\n<!-- \/ Yoast SEO plugin. -->","yoast_head_json":{"title":"Kana\u0142 LinkedIn \u2014 dodaj aplikacj\u0119 Kana\u0142 do Shopify [za darmo!]","description":"Umie\u015b\u0107 niewymagaj\u0105c\u0105 kodowania aplikacj\u0119 LinkedIn Feed w swojej witrynie Shopify. Zbuduj sw\u00f3j widget, korzystaj\u0105c z wersji demonstracyjnej na \u017cywo i gotowych szablon\u00f3w, aby uzyska\u0107 mocny dow\u00f3d spo\u0142eczno\u015bciowy.","robots":{"index":"index","follow":"follow","max-snippet":"max-snippet:-1","max-image-preview":"max-image-preview:large","max-video-preview":"max-video-preview:-1"},"canonical":"https:\/\/elfsight.com\/pl\/linkedin-feed-widget\/shopify\/","og_locale":"pl_PL","og_type":"article","og_title":"Kana\u0142 LinkedIn \u2014 dodaj aplikacj\u0119 Kana\u0142 do Shopify [za darmo!]","og_description":"Umie\u015b\u0107 niewymagaj\u0105c\u0105 kodowania aplikacj\u0119 LinkedIn Feed w swojej witrynie Shopify. Zbuduj sw\u00f3j widget, korzystaj\u0105c z wersji demonstracyjnej na \u017cywo i gotowych szablon\u00f3w, aby uzyska\u0107 mocny dow\u00f3d spo\u0142eczno\u015bciowy.","og_url":"https:\/\/elfsight.com\/pl\/linkedin-feed-widget\/shopify\/","og_site_name":"Elfsight PL","article_modified_time":"2025-10-23T14:58:16+00:00","twitter_card":"summary_large_image","twitter_misc":{"Szacowany czas czytania":"5 minut"},"schema":{"@context":"https:\/\/schema.org","@graph":[{"@type":"WebPage","@id":"https:\/\/elfsight.com\/pl\/linkedin-feed-widget\/shopify\/","url":"https:\/\/elfsight.com\/pl\/linkedin-feed-widget\/shopify\/","name":"Kana\u0142 LinkedIn \u2014 dodaj aplikacj\u0119 Kana\u0142 do Shopify [za darmo!]","isPartOf":{"@id":"https:\/\/elfsight.com\/pl\/#website"},"datePublished":"2024-05-03T06:40:37+00:00","dateModified":"2025-10-23T14:58:16+00:00","description":"Umie\u015b\u0107 niewymagaj\u0105c\u0105 kodowania aplikacj\u0119 LinkedIn Feed w swojej witrynie Shopify. Zbuduj sw\u00f3j widget, korzystaj\u0105c z wersji demonstracyjnej na \u017cywo i gotowych szablon\u00f3w, aby uzyska\u0107 mocny dow\u00f3d spo\u0142eczno\u015bciowy.","breadcrumb":{"@id":"https:\/\/elfsight.com\/pl\/linkedin-feed-widget\/shopify\/#breadcrumb"},"inLanguage":"pl-PL","potentialAction":[{"@type":"ReadAction","target":["https:\/\/elfsight.com\/pl\/linkedin-feed-widget\/shopify\/"]}]},{"@type":"BreadcrumbList","@id":"https:\/\/elfsight.com\/pl\/linkedin-feed-widget\/shopify\/#breadcrumb","itemListElement":[{"@type":"ListItem","position":1,"name":"Home","item":"https:\/\/elfsight.com\/pl\/"},{"@type":"ListItem","position":2,"name":"LinkedIn Feed","item":"https:\/\/elfsight.com\/pl\/linkedin-feed-widget\/"},{"@type":"ListItem","position":3,"name":"LinkedIn Feed &#8211; Shopify"}]},{"@type":"WebSite","@id":"https:\/\/elfsight.com\/pl\/#website","url":"https:\/\/elfsight.com\/pl\/","name":"Elfsight PL","description":"Just another Elfsight Sites site","potentialAction":[{"@type":"SearchAction","target":{"@type":"EntryPoint","urlTemplate":"https:\/\/elfsight.com\/pl\/?s={search_term_string}"},"query-input":{"@type":"PropertyValueSpecification","valueRequired":true,"valueName":"search_term_string"}}],"inLanguage":"pl-PL"}]}},"meta_box":{"industry":"","seo_heading":"","heading":"","description":"","cta_heading":"","cta_description":"","application":"3348","h1":"Jak osadzi\u0107 kana\u0142 LinkedIn na Shopify za darmo!","h1_caption":"Wy\u015bwietlaj posty ze swojego profilu w serwisie LinkedIn lub strony firmowej w swojej witrynie, bez wysi\u0142ku zwi\u0119kszaj\u0105c swoj\u0105 profesjonaln\u0105 obecno\u015b\u0107 online w witrynie Shopify.","application_category":[],"applications_title":"","applications_request_title":"","applications_request_button_text":"","hero_text":"","hero_video":"","hero_video_schema_markup":"","selling_points_title":"","selling_points_caption":"","selling_points":[],"selling_points_cta_text":"","features_title":"","features":"","ed_cta_examples_text":"","ed_cta_examples_hidden":"","ed_cta_demo_text":"","ed_cta_demo_hidden":"","why_caption":"","why_editor_title":"","why_editor_text":"","why_team_title":"","why_team_text":"","why_service_title":"","why_service_text":"","template_catalog_visible":"0","template_catalog_title":"","template_catalog_text":"","template_catalog_categories_visible":"","demo_title":"Pospiesz si\u0119, aby utworzy\u0107 spersonalizowany kana\u0142 LinkedIn Shopify","demo_caption":"Spersonalizuj go i zaimplementuj na swojej stronie korzystaj\u0105c z wersji demonstracyjnej.","default_faq_hidden":"","app_template_category":[],"platform":"7580","template_public_id":"","codecanyon_url":"","codecanyon_item_id":"","codecanyon_price":"","pricing_caption":"","pricing_elfsight_apps_hide_column":"","pricing_elfsight_apps_url":"","pricing_codecanyon_price_caption":"","integration_category":[],"integration_request_title":"","integration_request_cta":"","integration_platform":"","integrations":[],"platform_category":[],"video_schema_markup":"","price":"od 0 USD \/ miesi\u0105c","trial":"","benefits":[{"text":"Bezp\u0142atna pomoc w monta\u017cu"},{"text":"Do\u015bwiadczona obs\u0142uga klienta"},{"text":"14-dniowa gwarancja zwrotu pieni\u0119dzy"}],"button_url":"#demo","button_target_blank":"0","button_nofollow":"0","attributes":[{"name":"Instaluje","content":"100,000 - 500,000"},{"name":"Czu\u0142y","content":"Tak"},{"name":"Kompatybilne przegl\u0105darki","content":"IE11, Firefox, Safari, Opera, Chrome, Edge"}],"tags":[],"tags_disable_links":"0","hide_more_platforms":"0","video_object":"","demo_hide_cta":"0","demo_hide_cloud_options":"0","pricing_title":"","pricing":[{"pricing_icon":"platform","pricing_title":"Elfsight Apps","pricing_title_caption":"Wersja niezale\u017cna od platformy, kt\u00f3ra dzia\u0142a na ka\u017cdej stronie internetowej","pricing_price":"od 0 USD \/ miesi\u0105c","pricing_price_caption":"zacznij od bezp\u0142atnego planu","pricing_benefits":[{"text":"Nielimitowane strony internetowe"},{"text":"Profesjonalna i terminowa pomoc oraz dobrze udokumentowana"},{"text":"Bezp\u0142atne wsparcie przy instalacji"},{"text":"W pe\u0142ni konfigurowalny"}],"pricing_button_text":"Dodaj do witryny","pricing_button_url":"#demo"}],"related_apps_title":"","related_apps_hidden":"0","author":"","image":[],"title":"","job":"","social_networks":[]},"_links":{"self":[{"href":"https:\/\/elfsight.com\/pl\/wp-json\/wp\/v2\/pages\/5622","targetHints":{"allow":["GET"]}}],"collection":[{"href":"https:\/\/elfsight.com\/pl\/wp-json\/wp\/v2\/pages"}],"about":[{"href":"https:\/\/elfsight.com\/pl\/wp-json\/wp\/v2\/types\/page"}],"author":[{"embeddable":true,"href":"https:\/\/elfsight.com\/pl\/wp-json\/wp\/v2\/users\/9"}],"replies":[{"embeddable":true,"href":"https:\/\/elfsight.com\/pl\/wp-json\/wp\/v2\/comments?post=5622"}],"version-history":[{"count":3,"href":"https:\/\/elfsight.com\/pl\/wp-json\/wp\/v2\/pages\/5622\/revisions"}],"predecessor-version":[{"id":10784,"href":"https:\/\/elfsight.com\/pl\/wp-json\/wp\/v2\/pages\/5622\/revisions\/10784"}],"up":[{"embeddable":true,"href":"https:\/\/elfsight.com\/pl\/wp-json\/wp\/v2\/pages\/3395"}],"wp:attachment":[{"href":"https:\/\/elfsight.com\/pl\/wp-json\/wp\/v2\/media?parent=5622"}],"curies":[{"name":"wp","href":"https:\/\/api.w.org\/{rel}","templated":true}]}}