{"id":5621,"date":"2024-05-03T06:40:36","date_gmt":"2024-05-03T06:40:36","guid":{"rendered":"https:\/\/elfsight.com\/pl\/?page_id=5621"},"modified":"2025-11-06T13:01:57","modified_gmt":"2025-11-06T13:01:57","slug":"webflow","status":"publish","type":"page","link":"https:\/\/elfsight.com\/pl\/linkedin-feed-widget\/webflow\/","title":{"rendered":"LinkedIn Feed &#8211; Webflow"},"content":{"rendered":"<div class=\"application-platform-content-item-description application-platform-content-item\" id=\"description\" data-nav-section=\"description\"> <h2>Umie\u015b\u0107 kana\u0142 LinkedIn w Webflow za darmo!<\/h2> <p>Wtyczka LinkedIn Feed to najlepsze rozwi\u0105zanie dla firm umo\u017cliwiaj\u0105ce udost\u0119pnianie i reklamowanie ich zawarto\u015b\u0107 LinkedIn w witrynach Webflow: wy\u015bwietlaj posty, obrazy, filmy itp. Instalacja wid\u017cetu zajmuje kilka sekund \u2014 bez konieczno\u015bci kodowania lub wiedzy technicznej.<\/p> <p>Stw\u00f3rz styl zgodny z preferencjami Twojej witryny i pod\u0105\u017caj za trendami wypr\u00f3bowuj\u0105c niestandardowe elementy kana\u0142u, szablony, uk\u0142ady i style post\u00f3w. Dodaj tryb wyskakuj\u0105cego okienka jako akcj\u0119 po klikni\u0119ciu, aby przyci\u0105gn\u0105\u0107 uwag\u0119 u\u017cytkownik\u00f3w. Wreszcie, ciesz si\u0119 wzbudzonym zaufaniem i ugruntowan\u0105 mark\u0105 w bran\u017cy.<\/p> <ul><li><strong>Zwi\u0119ksz zasi\u0119g swojej sieci dzi\u0119ki stronie firmowej LinkedIn.<\/strong><br>Zbuduj nowe kontakty w firmie \u015bwiecie i zwi\u0119ksz liczb\u0119 lead\u00f3w, wykorzystuj\u0105c tre\u015bci ze swojego profilu LinkedIn.<\/li><li><strong>Zwi\u0119ksz liczb\u0119 obserwuj\u0105cych na LinkedIn.<\/strong><br>Podkre\u015bl swoj\u0105 obecno\u015b\u0107 na LinkedIn w\u015br\u00f3d u\u017cytkownik\u00f3w witryny Webflow i zbuduj du\u017ce zainteresowanie w swoich us\u0142ugach.<\/li><li><strong>Podnie\u015b autentyczno\u015b\u0107 swojej firmy.<\/strong><br>Zwi\u0119ksz wiarygodno\u015b\u0107 i wiarygodno\u015b\u0107 swojej marki, prezentuj\u0105c najnowsz\u0105 aktywno\u015b\u0107 LinkedIn bezpo\u015brednio na stronie witryny. <\/li><\/ul><p><b>Dodaj bezkodowy wid\u017cet LinkedIn Feed do witryny Webflow, aby zwi\u0119kszy\u0107 niezawodno\u015b\u0107, zaprezentowa\u0107 autentyczno\u015b\u0107 i rozszerzy\u0107 swoj\u0105 sie\u0107 dzi\u0119ki przekonuj\u0105cym dowodom spo\u0142eczno\u015bciowym.<\/b><\/p> <div class=\"faq\" data-component=\"FAQ\"><div class=\"faq-item\">\r\n\t\t\t\t\t<div class=\"faq-item-question\">\r\n\t\t\t\t\t\t<h3 class=\"faq-item-question-text\">Czy s\u0105 jakie\u015b inne narz\u0119dzia do Webflow, kt\u00f3rych mog\u0119 u\u017cywa\u0107 na mojej stronie internetowej?<\/h3>\r\n\r\n\t\t\t\t\t\t<div class=\"faq-item-question-icon\"><\/div>\r\n\t\t\t\t\t<\/div>\r\n\r\n\t\t\t\t\t<div class=\"faq-item-answer\">\r\n\t\t\t\t\t\t<div class=\"faq-item-answer-text\"><p>Tak, oczywi\u015bcie! Jako u\u017cytkownik Webflow, Elfsight zapewnia mn\u00f3stwo narz\u0119dzi bez u\u017cycia kodu, kt\u00f3re mo\u017cesz doda\u0107 do swojej witryny, w tym wtyczk\u0119 LinkedIn Feed. Niezale\u017cnie od niszy biznesowej lub bran\u017cy, zawsze istniej\u0105 mo\u017cliwo\u015bci pokazania swoich mocnych stron. Na przyk\u0142ad:<\/p><ul><li>Aby utworzy\u0107 inn\u0105 aplikacj\u0119 medi\u00f3w spo\u0142eczno\u015bciowych dla swojej witryny Webflow, podobn\u0105 do wtyczki LinkedIn Feed, rozwa\u017c poeksperymentowanie z <a href=\"https:\/\/elfsight.com\/pinterest- Feed-widget\/\">Kana\u0142 Pinteresta<\/a> lub wid\u017cet <a href=\"https:\/\/elfsight.com\/instagram-feed-instashow\/\">Kana\u0142 na Instagramie<\/a>.<\/li><li>Pobierz sobie <a href=\"https:\/\/elfsight.com\/all-in-one-reviews-widget\/\">recenzje All-in-One<\/a> lub <a href=\"https:\/\/elfsight.com \/google-reviews-widget\/\">Wtyczka Recenzje Google<\/a> umo\u017cliwiaj\u0105ca wy\u015bwietlanie opinii klient\u00f3w.<\/li><li>Umie\u015b\u0107 <a href=\"https:\/\/elfsight.com\/online-form-builder\/\">Form Builder<\/a>, kt\u00f3ra usprawni zbieranie odpowiedzi i umo\u017cliwi u\u017cytkownikom Webflow kontakt z Tob\u0105.<\/li> <li>Dodaj <a href=\"https:\/\/elfsight.com\/countdown-timer-widget\/\"> Widget Minutnik<\/a> do budowania zaanga\u017cowania i tworzenia poczucia niedoboru w\u015br\u00f3d odbiorc\u00f3w.<\/li><\/ul><p>Te przyk\u0142ady umieszczenia to zaledwie zarys szerokiej gamy dodatk\u00f3w, kt\u00f3re mog\u0105 dotyczy\u0107 Twojej konkretnej dzia\u0142alno\u015bci wymagania. Zacznij od bezp\u0142atnego kana\u0142u LinkedIn Feed, a p\u00f3\u017aniej zapoznaj si\u0119 z pozosta\u0142ym asortymentem wid\u017cet\u00f3w w naszym katalogu, kt\u00f3re mo\u017cesz doda\u0107 do swojej witryny!<\/p><\/div>\r\n\t\t\t\t\t<\/div>\r\n\t\t\t\t<\/div><div class=\"faq-item\">\r\n\t\t\t\t\t<div class=\"faq-item-question\">\r\n\t\t\t\t\t\t<h3 class=\"faq-item-question-text\">Jak bezp\u0142atnie osadzi\u0107 kana\u0142 LinkedIn w Webflow?<\/h3>\r\n\r\n\t\t\t\t\t\t<div class=\"faq-item-question-icon\"><\/div>\r\n\t\t\t\t\t<\/div>\r\n\r\n\t\t\t\t\t<div class=\"faq-item-answer\">\r\n\t\t\t\t\t\t<div class=\"faq-item-answer-text\"> <p>Je\u015bli chcesz bezp\u0142atnie doda\u0107 pozbawion\u0105 kodu wtyczk\u0119 LinkedIn Feed do swojej witryny Webflow, wykonaj nast\u0119puj\u0105ce kroki:<\/p> <ol><li>Spersonalizuj wygl\u0105d wtyczki LinkedIn Feed zgodnie ze swoimi preferencjami.<\/li><li>Zaloguj si\u0119 do panelu administracyjnego Elfsight lub zarejestruj bezp\u0142atny profil u\u017cytkownika.<\/li><li>Uzyskaj automatycznie wygenerowany kod do umieszczenia na stronie.<\/li><li>Przejd\u017a do swojej witryny Webflow.<\/li><li> li&gt;<li>Wstaw kod do edytora witryny Webflow, aby doda\u0107 wid\u017cet LinkedIn Feed. Gotowe!<\/li><\/ol><p>Jak wida\u0107, nie trzeba wyr\u00f3\u017cnia\u0107 si\u0119 w pisaniu kodu, aby osadzi\u0107 wtyczk\u0119. Utw\u00f3rz z \u0142atwo\u015bci\u0105 pozbawiony kodu wid\u017cet LinkedIn Feed dla witryny Webflow i ciesz si\u0119 licznymi korzy\u015bciami towarzysz\u0105cymi procesowi zwi\u0119kszania zasi\u0119gu.<\/p><\/div>\r\n\t\t\t\t\t<\/div>\r\n\t\t\t\t<\/div><div class=\"faq-item\">\r\n\t\t\t\t\t<div class=\"faq-item-question\">\r\n\t\t\t\t\t\t<h3 class=\"faq-item-question-text\"><\/h3>\r\n\r\n\t\t\t\t\t\t<div class=\"faq-item-question-icon\"><\/div>\r\n\t\t\t\t\t<\/div>\r\n\r\n\t\t\t\t\t<div class=\"faq-item-answer\">\r\n\t\t\t\t\t\t<div class=\"faq-item-answer-text\"><p>Wcale nie. Nie jest wymagana \u017cadna umiej\u0119tno\u015b\u0107 kodowania. Mo\u017cesz zbudowa\u0107 i doda\u0107 wtyczk\u0119 LinkedIn Feed do swojej witryny Webflow, niezale\u017cnie od Twojej znajomo\u015bci i do\u015bwiadczenia w pisaniu kodu.<\/p> <\/div>\r\n\t\t\t\t\t<\/div>\r\n\t\t\t\t<\/div><\/div><\/div> <div class=\"application-platform-content-item-features application-platform-content-item\" id=\"features\" data-nav-section=\"features\"> <h2>Podstawowe funkcje wid\u017cetu obejmuj\u0105<\/h2> <ul><li>Promuj r\u00f3\u017cne formy tre\u015bci: wpisy na blogu, obrazy, filmy itp.<\/li><li>Sortuj posty w kanale wed\u0142ug s\u0142\u00f3w kluczowych, hashtag\u00f3w lub filtr\u00f3w URL. <\/li><li>Dodaj przyciski wezwania do dzia\u0142ania, aby poprawi\u0107 widoczno\u015b\u0107 kana\u0142u firmowego na LinkedIn.<\/li><li>Dynamiczny tryb wyskakuj\u0105cych okienek, kt\u00f3ry przyci\u0105ga uwag\u0119 ludzi na Twoje tre\u015bci na LinkedIn.<\/li><li>\u0141atwe opcje dostosowywania bez konieczno\u015bci pisania kodu: gotowe szablony, generator schemat\u00f3w kolor\u00f3w, projekty uk\u0142ad\u00f3w, style post\u00f3w, niestandardowy CSS i wiele wi\u0119cej.<\/li><\/ul><p><a href=\" #demo\">Mo\u017cesz sprawdzi\u0107 warto\u015b\u0107 wid\u017cetu za pomoc\u0105 wersji demonstracyjnej<\/a><\/p> <\/div> <div class=\"application-platform-content-item-installation application-platform-content-item\" id=\"installation\" data-nav-section=\"installation\"> <h2>Jak mog\u0119 osadzi\u0107 kana\u0142 LinkedIn w moim przep\u0142ywie sieciowym stron\u0119 internetow\u0105?<\/h2> <div class=\"video-container\">\n<iframe width=\"720\" height=\"405\" src=\"https:\/\/www.youtube.com\/embed\/xWzKn3AayFk?si=eebeKoEBX_fRxpJc\" frameborder=\"0\" allowfullscreen=\"\"><\/iframe>\n<\/div><p>Aby doda\u0107 wtyczk\u0119 LinkedIn Feed do swojej witryny Webflow, wykonaj poni\u017csze czynno\u015bci:<\/p> <ol><li><b>Skorzystaj z naszej bezp\u0142atnej wersji demonstracyjnej i zacznij tworzy\u0107 w\u0142asny wid\u017cet LinkedIn Feed .<\/b><br> Znajd\u017a niestandardowy uk\u0142ad i opcje narz\u0119dzia i dodaj poprawki.<\/li> <li><b>Skopiuj sw\u00f3j osobisty kod pojawiaj\u0105cy si\u0119 w specjalnym formularzu w aplikacjach Elfsight.<\/b><br> Zaraz po zako\u0144czeniu konfiguracji narz\u0119dzia skopiuj indywidualny kod z wy\u015bwietlonego okna i zachowaj go do wykorzystania w przysz\u0142o\u015bci.<\/li> <li><b>Rozpocznij korzystanie z wtyczki na swojej stronie internetowej Webflow.<\/b><br> Dodaj skopiowany ostatnio kod do swojej witryny i zastosuj zmiany.<\/li> <li><b>Instalacja zosta\u0142a zako\u0144czona.<\/b><br> Przejd\u017a do swojej witryny, aby zobaczy\u0107 dzia\u0142anie wtyczki LinkedIn Feed.<\/li><\/ol> <p>Je\u015bli masz trudno\u015bci z procesem osadzania, skontaktuj si\u0119 z naszym zespo\u0142em obs\u0142ugi klienta. Nasi konsultanci z przyjemno\u015bci\u0105 rozwi\u0105\u017c\u0105 wszystkie Twoje problemy dzi\u0119ki darmowemu wid\u017cetowi LinkedIn Feed dla witryn Webflow.<\/p> <\/div>","protected":false},"excerpt":{"rendered":"","protected":false},"author":9,"featured_media":0,"parent":3395,"menu_order":0,"comment_status":"closed","ping_status":"closed","template":"templates\/template-application-platform.php","meta":{"publish_to_discourse":"","publish_post_category":"","wpdc_auto_publish_overridden":"","wpdc_topic_tags":"","wpdc_pin_topic":"","wpdc_pin_until":"","discourse_post_id":"","discourse_permalink":"","wpdc_publishing_response":"","wpdc_publishing_error":"","footnotes":""},"class_list":["post-5621","page","type-page","status-publish","hentry"],"yoast_head":"<!-- This site is optimized with the Yoast SEO plugin v25.3.1 - https:\/\/yoast.com\/wordpress\/plugins\/seo\/ -->\n<title>Kana\u0142 LinkedIn \u2014 dodaj wid\u017cet kana\u0142u do Webflow [za darmo!]<\/title>\n<meta name=\"description\" content=\"Umie\u015b\u0107 wid\u017cet LinkedIn Feed bez kodowania w swojej witrynie Webflow. Zbuduj swoj\u0105 wtyczk\u0119, korzystaj\u0105c z wersji demonstracyjnej na \u017cywo i gotowych szablon\u00f3w, aby uzyska\u0107 mocny dow\u00f3d spo\u0142eczno\u015bciowy.\" \/>\n<meta name=\"robots\" content=\"index, follow, max-snippet:-1, max-image-preview:large, max-video-preview:-1\" \/>\n<link rel=\"canonical\" href=\"https:\/\/elfsight.com\/pl\/linkedin-feed-widget\/webflow\/\" \/>\n<meta property=\"og:locale\" content=\"pl_PL\" \/>\n<meta property=\"og:type\" content=\"article\" \/>\n<meta property=\"og:title\" content=\"Kana\u0142 LinkedIn \u2014 dodaj wid\u017cet kana\u0142u do Webflow [za darmo!]\" \/>\n<meta property=\"og:description\" content=\"Umie\u015b\u0107 wid\u017cet LinkedIn Feed bez kodowania w swojej witrynie Webflow. Zbuduj swoj\u0105 wtyczk\u0119, korzystaj\u0105c z wersji demonstracyjnej na \u017cywo i gotowych szablon\u00f3w, aby uzyska\u0107 mocny dow\u00f3d spo\u0142eczno\u015bciowy.\" \/>\n<meta property=\"og:url\" content=\"https:\/\/elfsight.com\/pl\/linkedin-feed-widget\/webflow\/\" \/>\n<meta property=\"og:site_name\" content=\"Elfsight PL\" \/>\n<meta property=\"article:modified_time\" content=\"2025-11-06T13:01:57+00:00\" \/>\n<meta name=\"twitter:card\" content=\"summary_large_image\" \/>\n<meta name=\"twitter:label1\" content=\"Szacowany czas czytania\" \/>\n\t<meta name=\"twitter:data1\" content=\"5 minut\" \/>\n<!-- \/ Yoast SEO plugin. -->","yoast_head_json":{"title":"Kana\u0142 LinkedIn \u2014 dodaj wid\u017cet kana\u0142u do Webflow [za darmo!]","description":"Umie\u015b\u0107 wid\u017cet LinkedIn Feed bez kodowania w swojej witrynie Webflow. Zbuduj swoj\u0105 wtyczk\u0119, korzystaj\u0105c z wersji demonstracyjnej na \u017cywo i gotowych szablon\u00f3w, aby uzyska\u0107 mocny dow\u00f3d spo\u0142eczno\u015bciowy.","robots":{"index":"index","follow":"follow","max-snippet":"max-snippet:-1","max-image-preview":"max-image-preview:large","max-video-preview":"max-video-preview:-1"},"canonical":"https:\/\/elfsight.com\/pl\/linkedin-feed-widget\/webflow\/","og_locale":"pl_PL","og_type":"article","og_title":"Kana\u0142 LinkedIn \u2014 dodaj wid\u017cet kana\u0142u do Webflow [za darmo!]","og_description":"Umie\u015b\u0107 wid\u017cet LinkedIn Feed bez kodowania w swojej witrynie Webflow. Zbuduj swoj\u0105 wtyczk\u0119, korzystaj\u0105c z wersji demonstracyjnej na \u017cywo i gotowych szablon\u00f3w, aby uzyska\u0107 mocny dow\u00f3d spo\u0142eczno\u015bciowy.","og_url":"https:\/\/elfsight.com\/pl\/linkedin-feed-widget\/webflow\/","og_site_name":"Elfsight PL","article_modified_time":"2025-11-06T13:01:57+00:00","twitter_card":"summary_large_image","twitter_misc":{"Szacowany czas czytania":"5 minut"},"schema":{"@context":"https:\/\/schema.org","@graph":[{"@type":"WebPage","@id":"https:\/\/elfsight.com\/pl\/linkedin-feed-widget\/webflow\/","url":"https:\/\/elfsight.com\/pl\/linkedin-feed-widget\/webflow\/","name":"Kana\u0142 LinkedIn \u2014 dodaj wid\u017cet kana\u0142u do Webflow [za darmo!]","isPartOf":{"@id":"https:\/\/elfsight.com\/pl\/#website"},"datePublished":"2024-05-03T06:40:36+00:00","dateModified":"2025-11-06T13:01:57+00:00","description":"Umie\u015b\u0107 wid\u017cet LinkedIn Feed bez kodowania w swojej witrynie Webflow. Zbuduj swoj\u0105 wtyczk\u0119, korzystaj\u0105c z wersji demonstracyjnej na \u017cywo i gotowych szablon\u00f3w, aby uzyska\u0107 mocny dow\u00f3d spo\u0142eczno\u015bciowy.","breadcrumb":{"@id":"https:\/\/elfsight.com\/pl\/linkedin-feed-widget\/webflow\/#breadcrumb"},"inLanguage":"pl-PL","potentialAction":[{"@type":"ReadAction","target":["https:\/\/elfsight.com\/pl\/linkedin-feed-widget\/webflow\/"]}]},{"@type":"BreadcrumbList","@id":"https:\/\/elfsight.com\/pl\/linkedin-feed-widget\/webflow\/#breadcrumb","itemListElement":[{"@type":"ListItem","position":1,"name":"Home","item":"https:\/\/elfsight.com\/pl\/"},{"@type":"ListItem","position":2,"name":"LinkedIn Feed","item":"https:\/\/elfsight.com\/pl\/linkedin-feed-widget\/"},{"@type":"ListItem","position":3,"name":"LinkedIn Feed &#8211; Webflow"}]},{"@type":"WebSite","@id":"https:\/\/elfsight.com\/pl\/#website","url":"https:\/\/elfsight.com\/pl\/","name":"Elfsight PL","description":"Just another Elfsight Sites site","potentialAction":[{"@type":"SearchAction","target":{"@type":"EntryPoint","urlTemplate":"https:\/\/elfsight.com\/pl\/?s={search_term_string}"},"query-input":{"@type":"PropertyValueSpecification","valueRequired":true,"valueName":"search_term_string"}}],"inLanguage":"pl-PL"}]}},"meta_box":{"industry":"","seo_heading":"","heading":"","description":"","cta_heading":"","cta_description":"","application":"3348","h1":"Jak bezp\u0142atnie osadzi\u0107 kana\u0142 LinkedIn w Webflow!","h1_caption":"Wy\u015bwietlaj posty ze swojego profilu w serwisie LinkedIn lub strony firmowej w swojej witrynie, bez wysi\u0142ku zwi\u0119kszaj\u0105c swoj\u0105 profesjonaln\u0105 obecno\u015b\u0107 w Internecie w witrynie Webflow.","application_category":[],"applications_title":"","applications_request_title":"","applications_request_button_text":"","hero_text":"","hero_video":"","hero_video_schema_markup":"","selling_points_title":"","selling_points_caption":"","selling_points":[],"selling_points_cta_text":"","features_title":"","features":"","ed_cta_examples_text":"","ed_cta_examples_hidden":"","ed_cta_demo_text":"","ed_cta_demo_hidden":"","why_caption":"","why_editor_title":"","why_editor_text":"","why_team_title":"","why_team_text":"","why_service_title":"","why_service_text":"","template_catalog_visible":"0","template_catalog_title":"","template_catalog_text":"","template_catalog_categories_visible":"","demo_title":"Mo\u017cesz swobodnie kszta\u0142towa\u0107 niestandardowy kana\u0142 LinkedIn Webflow","demo_caption":"Dostosuj i zintegruj widget ze swoj\u0105 stron\u0105 korzystaj\u0105c z aktywnego demo.","default_faq_hidden":"","app_template_category":[],"platform":"127","template_public_id":"","codecanyon_url":"","codecanyon_item_id":"","codecanyon_price":"","pricing_caption":"","pricing_elfsight_apps_hide_column":"","pricing_elfsight_apps_url":"","pricing_codecanyon_price_caption":"","integration_category":[],"integration_request_title":"","integration_request_cta":"","integration_platform":"","integrations":[],"platform_category":[],"video_schema_markup":"","price":"od 0 USD \/ miesi\u0105c","trial":"","benefits":[{"text":"Bezp\u0142atna pomoc w monta\u017cu"},{"text":"Do\u015bwiadczona obs\u0142uga klienta"},{"text":"14-dniowa gwarancja zwrotu pieni\u0119dzy"}],"button_url":"#demo","button_target_blank":"0","button_nofollow":"0","attributes":[{"name":"Instaluje","content":"100,000 - 500,000"},{"name":"Czu\u0142y","content":"Tak"},{"name":"Kompatybilne przegl\u0105darki","content":"IE11, Firefox, Safari, Opera, Chrome, Edge"}],"tags":[],"tags_disable_links":"0","hide_more_platforms":"0","video_object":"","demo_hide_cta":"0","demo_hide_cloud_options":"0","pricing_title":"","pricing":[{"pricing_icon":"platform","pricing_title":"Elfsight Apps","pricing_title_caption":"Oprogramowanie niezale\u017cne od platformy, kt\u00f3re dzia\u0142a na ka\u017cdej stronie internetowej","pricing_price":"od 0 USD \/ miesi\u0105c","pricing_price_caption":"zacznij od bezp\u0142atnego planu","pricing_benefits":[{"text":"Nielimitowane strony internetowe"},{"text":"Szybka i terminowa pomoc oraz dobrze udokumentowana"},{"text":"Bezp\u0142atna us\u0142uga monta\u017cu"},{"text":"Elastyczny projekt"}],"pricing_button_text":"Dodaj do witryny","pricing_button_url":"#demo"}],"related_apps_title":"","related_apps_hidden":"0","author":"","image":[],"title":"","job":"","social_networks":[]},"_links":{"self":[{"href":"https:\/\/elfsight.com\/pl\/wp-json\/wp\/v2\/pages\/5621","targetHints":{"allow":["GET"]}}],"collection":[{"href":"https:\/\/elfsight.com\/pl\/wp-json\/wp\/v2\/pages"}],"about":[{"href":"https:\/\/elfsight.com\/pl\/wp-json\/wp\/v2\/types\/page"}],"author":[{"embeddable":true,"href":"https:\/\/elfsight.com\/pl\/wp-json\/wp\/v2\/users\/9"}],"replies":[{"embeddable":true,"href":"https:\/\/elfsight.com\/pl\/wp-json\/wp\/v2\/comments?post=5621"}],"version-history":[{"count":2,"href":"https:\/\/elfsight.com\/pl\/wp-json\/wp\/v2\/pages\/5621\/revisions"}],"predecessor-version":[{"id":10791,"href":"https:\/\/elfsight.com\/pl\/wp-json\/wp\/v2\/pages\/5621\/revisions\/10791"}],"up":[{"embeddable":true,"href":"https:\/\/elfsight.com\/pl\/wp-json\/wp\/v2\/pages\/3395"}],"wp:attachment":[{"href":"https:\/\/elfsight.com\/pl\/wp-json\/wp\/v2\/media?parent=5621"}],"curies":[{"name":"wp","href":"https:\/\/api.w.org\/{rel}","templated":true}]}}