{"id":5615,"date":"2024-05-03T06:40:34","date_gmt":"2024-05-03T06:40:34","guid":{"rendered":"https:\/\/elfsight.com\/pl\/?page_id=5615"},"modified":"2024-10-24T13:19:45","modified_gmt":"2024-10-24T13:19:45","slug":"wix","status":"publish","type":"page","link":"https:\/\/elfsight.com\/pl\/linkedin-feed-widget\/wix\/","title":{"rendered":"LinkedIn Feed &#8211; Wix"},"content":{"rendered":"<div class=\"application-platform-content-item-description application-platform-content-item\" id=\"description\" data-nav-section=\"description\"> <h2>Umie\u015b\u0107 kana\u0142 LinkedIn na Wix za darmo!<\/h2> <p>Wtyczka LinkedIn Feed zosta\u0142a stworzona specjalnie dla firm, aby mog\u0142y prezentowa\u0107 i reklamowa\u0107 swoje Tre\u015bci LinkedIn na stronach Wix: wy\u015bwietlaj posty, zdj\u0119cia, filmy itp. Konfiguracja wtyczki jest p\u0142ynna \u2014 nie jest wymagana umiej\u0119tno\u015b\u0107 kodowania ani programowania.<\/p> <p>Stw\u00f3rz styl, kt\u00f3ry odpowiada estetyce Twojej witryny i pozostaje na niej zgodne z mark\u0105 poprzez dopasowywanie niestandardowych element\u00f3w kana\u0142u, szablon\u00f3w, uk\u0142ad\u00f3w i styl\u00f3w post\u00f3w. Dodaj efekt wyskakuj\u0105cego okienka jako akcj\u0119 po klikni\u0119ciu, aby przyci\u0105gn\u0105\u0107 uwag\u0119 u\u017cytkownik\u00f3w. I wreszcie, ciesz si\u0119 wzbudzonym zaufaniem i ugruntowan\u0105 mark\u0105 w bran\u017cy.<\/p> <ul><li><strong>Wzmocnij sw\u00f3j potencja\u0142 sieciowy dzi\u0119ki stronie firmowej LinkedIn.<\/strong><br>Rozpocznij \u015bwie\u017ce relacje w bran\u017cy \u015bwiecie handlu i zwi\u0119ksz liczb\u0119 potencjalnych klient\u00f3w, wykorzystuj\u0105c tre\u015bci ze swojego profilu LinkedIn.<\/li><li><strong>Zwi\u0119ksz grono odbiorc\u00f3w na LinkedIn.<\/strong><br>Wy\u015bwietl swoj\u0105 obecno\u015b\u0107 na LinkedIn w u\u017cytkowniku Wix spo\u0142eczno\u015bci i wzbudzi\u0107 du\u017ce zainteresowanie swoimi us\u0142ugami.<\/li><li><strong>Spraw, aby Twoja firma wydawa\u0142a si\u0119 bardziej autentyczna.<\/strong><br>Nadaj swojej marce dodatkow\u0105 warstw\u0119 wiarygodno\u015bci i wiarygodno\u015bci oraz dodaj najnowsze informacje z LinkedIn aktywno\u015bci bezpo\u015brednio na stronie witryny.<\/li><\/ul><p><b>Dodaj bezkodow\u0105 wtyczk\u0119 LinkedIn Feed do witryny Wix, aby budowa\u0107 niezawodno\u015b\u0107, wzmacnia\u0107 autentyczno\u015b\u0107 i rozszerza\u0107 sie\u0107 kontakt\u00f3w dzi\u0119ki solidnym dowodom spo\u0142eczno\u015bciowym.<\/b><\/p> <div class=\"faq\" data-component=\"FAQ\"><div class=\"faq-item\">\r\n\t\t\t\t\t<div class=\"faq-item-question\">\r\n\t\t\t\t\t\t<h3 class=\"faq-item-question-text\">Czy s\u0105 jakie\u015b inne narz\u0119dzia dla Wix, kt\u00f3rych mog\u0119 u\u017cywa\u0107 na mojej stronie internetowej?<\/h3>\r\n\r\n\t\t\t\t\t\t<div class=\"faq-item-question-icon\"><\/div>\r\n\t\t\t\t\t<\/div>\r\n\r\n\t\t\t\t\t<div class=\"faq-item-answer\">\r\n\t\t\t\t\t\t<div class=\"faq-item-answer-text\"><p>Tak, rzeczywi\u015bcie! Jako u\u017cytkownik Wix, Elfsight oferuje dziesi\u0105tki narz\u0119dzi do dodania bez u\u017cycia kodu, a wtyczka LinkedIn Feed to tylko jedna z tych ofert. Bez wzgl\u0119du na rodzaj prowadzonej dzia\u0142alno\u015bci lub nisz\u0119, w kt\u00f3rej pracujesz, zawsze istniej\u0105 mo\u017cliwo\u015bci pokazania swoich mocnych stron. Oto kilka pomys\u0142\u00f3w:<\/p><ul><li>Aby stworzy\u0107 inn\u0105 aplikacj\u0119 spo\u0142eczno\u015bciow\u0105 dla swojej witryny Wix, rozwa\u017c eksperymentowanie z <a>Kana\u0142 Pinteresta<\/a> lub <a href=\"https:\/\/elfsight.com\/instagram-feed-instashow\/\">Kana\u0142 Instagram<\/a> obok wtyczki Kana\u0142 LinkedIn.<\/li><li> Zdob\u0105d\u017a <a href=\"https:\/\/elfsight.com\/all-in-one-reviews-widget\/\">recenzj\u0119 \u201ewszystko w jednym\u201d<\/a> lub <a href=\"https:\/\/elfsight. com\/google-reviews-widget\/\">Recenzje Google<\/a>, aby wy\u015bwietli\u0107 opinie klient\u00f3w.<\/li><li>Umie\u015b\u0107 <a href=\"https:\/\/elfsight.com\/online-form-builder\/ \">Kreator formularzy<\/a>, aby usprawni\u0107 zbieranie odpowiedzi i umo\u017cliwi\u0107 interakcj\u0119 u\u017cytkownika na Twojej stronie Wix.<\/li> <li>Dodaj <a href=\"https:\/\/elfsight.com\/countdown-timer-widget\/\">Licznik czasu<\/a>, aby zwi\u0119kszy\u0107 zaanga\u017cowanie i stworzy\u0107 poczucie niedoboru w\u015br\u00f3d odbiorc\u00f3w.<\/li><\/ul><p>Pami\u0119taj, \u017ce te przyk\u0142ady umieszczenia na stronie to dopiero pocz\u0105tek d\u0142ugiej listy dodatk\u00f3w, kt\u00f3re mog\u0105 zaspokoi\u0107 potrzeby wymagania biznesowe. Zacznij od bezp\u0142atnego kana\u0142u LinkedIn Feed i zag\u0142\u0119b si\u0119 w nasz katalog, aby uzyska\u0107 wi\u0119cej rozwi\u0105za\u0144 wid\u017cet\u00f3w, kt\u00f3re mo\u017cesz doda\u0107 do swojej witryny!<\/p><\/div>\r\n\t\t\t\t\t<\/div>\r\n\t\t\t\t<\/div><div class=\"faq-item\">\r\n\t\t\t\t\t<div class=\"faq-item-question\">\r\n\t\t\t\t\t\t<h3 class=\"faq-item-question-text\">Jak bezp\u0142atnie osadzi\u0107 kana\u0142 LinkedIn na stronie Wix? <\/h3>\r\n\r\n\t\t\t\t\t\t<div class=\"faq-item-question-icon\"><\/div>\r\n\t\t\t\t\t<\/div>\r\n\r\n\t\t\t\t\t<div class=\"faq-item-answer\">\r\n\t\t\t\t\t\t<div class=\"faq-item-answer-text\"><p>Je\u015bli chcesz bezp\u0142atnie doda\u0107 wtyczk\u0119 LinkedIn Feed do swojej witryny Wix, wykonaj nast\u0119puj\u0105ce kroki:<\/p> <ol><li>Dostosuj wygl\u0105d wid\u017cetu LinkedIn Feed zgodnie ze swoimi upodobaniami.<\/li><li>Zaloguj si\u0119 do panelu administracyjnego Elfsight lub utw\u00f3rz bezp\u0142atny profil.<\/li><li>Uzyskaj automatycznie wygenerowany kod instalacyjny wid\u017cetu.<\/li><li>Wejd\u017a na swoj\u0105 stron\u0119 Wix.<\/li><li>Wstaw kod do narz\u0119dzia do tworzenia witryn Wix, aby doda\u0107 wid\u017cet LinkedIn Feed. Wszystko gotowe!<\/li><\/ol><p>Jak wida\u0107, nie jest wymagana wiedza specjalistyczna w pisaniu kodu, aby osadzi\u0107 wtyczk\u0119. Z \u0142atwo\u015bci\u0105 utw\u00f3rz pozbawiony kodu wid\u017cet LinkedIn Feed dla witryny Wix i ciesz si\u0119 licznymi korzy\u015bciami, jakie pojawi\u0105 si\u0119 na drodze do poszerzenia zasi\u0119gu.<\/p><\/div>\r\n\t\t\t\t\t<\/div>\r\n\t\t\t\t<\/div><div class=\"faq-item\">\r\n\t\t\t\t\t<div class=\"faq-item-question\">\r\n\t\t\t\t\t\t<h3 class=\"faq-item-question-text\">Czy musz\u0119 wiedzie\u0107, jak kodowa\u0107 lub masz umiej\u0119tno\u015bci programowania, aby osadzi\u0107 kana\u0142 LinkedIn na stronie Wix?<\/h3>\r\n\r\n\t\t\t\t\t\t<div class=\"faq-item-question-icon\"><\/div>\r\n\t\t\t\t\t<\/div>\r\n\r\n\t\t\t\t\t<div class=\"faq-item-answer\">\r\n\t\t\t\t\t\t<div class=\"faq-item-answer-text\"><p>Nie. Nie musisz posiada\u0107 \u017cadnych umiej\u0119tno\u015bci kodowania, aby osadzi\u0107 i wy\u015bwietli\u0107 wtyczk\u0119 LinkedIn Feed na swojej stronie Wix. Ten wid\u017cet mo\u017cna \u0142atwo doda\u0107 nawet bez specjalistycznej wiedzy i wcze\u015bniejszego do\u015bwiadczenia.<\/p> <\/div>\r\n\t\t\t\t\t<\/div>\r\n\t\t\t\t<\/div><\/div><\/div> <div class=\"application-platform-content-item-features application-platform-content-item\" id=\"features\" data-nav-section=\"features\"> <h2>To tylko kilka z r\u00f3\u017cnych funkcje wid\u017cetu:<\/h2> <ul><li>Udost\u0119pniaj r\u00f3\u017cnorodne typy tre\u015bci: wpisy na blogu, obrazy, filmy itp.<\/li><li>Grupuj zawarto\u015b\u0107 kana\u0142u wed\u0142ug s\u0142\u00f3w kluczowych, hashtag\u00f3w lub filtr\u00f3w URL.<\/li><li>Dodaj przyciski wezwania do dzia\u0142ania, aby poprawi\u0107 wsp\u00f3\u0142czynnik zaanga\u017cowania witryny w kanale LinkedIn Twojej firmy.<\/li><li>Przyci\u0105gaj\u0105cy wzrok tryb wyskakuj\u0105cego okienka, kt\u00f3ry przyci\u0105ga uwag\u0119 ludzi do tre\u015bci LinkedIn.<\/li><li>Zaawansowana personalizacja bez konieczno\u015bci kodowania: gotowe szablony, kreator schemat\u00f3w kolor\u00f3w, pi\u0119\u0107 projekt\u00f3w uk\u0142ad\u00f3w, style post\u00f3w, niestandardowy CSS itp.<\/li><\/ul><p><a href=\"#demo \">Przejrzyj wszystkie ustawienia w pe\u0142ni funkcjonalnej wersji demonstracyjnej<\/a><\/p> <\/div> <div class=\"application-platform-content-item-installation application-platform-content-item\" id=\"installation\" data-nav-section=\"installation\"> <h2>Jak osadzi\u0107 LinkedIn Feed na mojej stronie Wix?<\/h2> <p>Aby doda\u0107 bezkodow\u0105 wtyczk\u0119 LinkedIn Feed do swojej witryny Wix, wykonaj nast\u0119puj\u0105ce czynno\u015bci:<\/p> <ol><li><b>Skorzystaj z naszej bezp\u0142atnej wersji demonstracyjnej i zacznij tworzy\u0107 niestandardowy wid\u017cet LinkedIn Feed. <\/b><br> Okre\u015bl odpowiedni projekt i cechy funkcjonalne wid\u017cetu i zastosuj zmiany.<\/li> <li><b>Zdob\u0105d\u017a osobisty kod udost\u0119pniony w specjalnym formularzu w aplikacjach Elfsight.<\/b><br> Po zako\u0144czeniu generowania wid\u017cetu skopiuj osobisty kod z wyskakuj\u0105cego okienka i zapisz go do p\u00f3\u017aniejszego wykorzystania.<\/li> <li><b>Rozpocznij korzystanie z wtyczki na swojej stronie Wix.<\/b><br> Dodaj ostatnio zapisany kod do swojej witryny i zapisz zmiany.<\/li> <li><b>Gotowe! Konfiguracja zosta\u0142a pomy\u015blnie przeprowadzona.<\/b><br> Odwied\u017a swoj\u0105 witryn\u0119, aby zapozna\u0107 si\u0119 z prac\u0105 wid\u017cetu LinkedIn Feed.<\/li><\/ol> <p>Pod warunkiem skonfrontowania si\u0119 z pytaniami lub trudno\u015bci z proces osadzania, napisz do naszego zespo\u0142u wsparcia. Nasi konsultanci pragn\u0105 rozwi\u0105za\u0107 wszystkie problemy, jakie mo\u017cesz mie\u0107 z bezkodow\u0105 wtyczk\u0105 LinkedIn Feed dla witryn Wix.<\/p> <\/div>","protected":false},"excerpt":{"rendered":"","protected":false},"author":9,"featured_media":0,"parent":3395,"menu_order":0,"comment_status":"closed","ping_status":"closed","template":"templates\/template-application-platform.php","meta":{"publish_to_discourse":"","publish_post_category":"","wpdc_auto_publish_overridden":"","wpdc_topic_tags":"","wpdc_pin_topic":"","wpdc_pin_until":"","discourse_post_id":"","discourse_permalink":"","wpdc_publishing_response":"","wpdc_publishing_error":"","footnotes":""},"class_list":["post-5615","page","type-page","status-publish","hentry"],"yoast_head":"<!-- This site is optimized with the Yoast SEO plugin v25.3.1 - https:\/\/yoast.com\/wordpress\/plugins\/seo\/ -->\n<title>Kana\u0142 LinkedIn \u2014 dodaj aplikacj\u0119 Kana\u0142 do Wix [za darmo!]<\/title>\n<meta name=\"description\" content=\"Umie\u015b\u0107 niewymagaj\u0105c\u0105 kodowania aplikacj\u0119 LinkedIn Feed na swojej witrynie Wix. Zbuduj swoj\u0105 wtyczk\u0119, korzystaj\u0105c z wersji demonstracyjnej na \u017cywo i gotowych szablon\u00f3w, aby uzyska\u0107 mocny dow\u00f3d spo\u0142eczno\u015bciowy.\" \/>\n<meta name=\"robots\" content=\"index, follow, max-snippet:-1, max-image-preview:large, max-video-preview:-1\" \/>\n<link rel=\"canonical\" href=\"https:\/\/elfsight.com\/pl\/linkedin-feed-widget\/wix\/\" \/>\n<meta property=\"og:locale\" content=\"pl_PL\" \/>\n<meta property=\"og:type\" content=\"article\" \/>\n<meta property=\"og:title\" content=\"Kana\u0142 LinkedIn \u2014 dodaj aplikacj\u0119 Kana\u0142 do Wix [za darmo!]\" \/>\n<meta property=\"og:description\" content=\"Umie\u015b\u0107 niewymagaj\u0105c\u0105 kodowania aplikacj\u0119 LinkedIn Feed na swojej witrynie Wix. Zbuduj swoj\u0105 wtyczk\u0119, korzystaj\u0105c z wersji demonstracyjnej na \u017cywo i gotowych szablon\u00f3w, aby uzyska\u0107 mocny dow\u00f3d spo\u0142eczno\u015bciowy.\" \/>\n<meta property=\"og:url\" content=\"https:\/\/elfsight.com\/pl\/linkedin-feed-widget\/wix\/\" \/>\n<meta property=\"og:site_name\" content=\"Elfsight PL\" \/>\n<meta property=\"article:modified_time\" content=\"2024-10-24T13:19:45+00:00\" \/>\n<meta name=\"twitter:card\" content=\"summary_large_image\" \/>\n<meta name=\"twitter:label1\" content=\"Szacowany czas czytania\" \/>\n\t<meta name=\"twitter:data1\" content=\"5 minut\" \/>\n<!-- \/ Yoast SEO plugin. -->","yoast_head_json":{"title":"Kana\u0142 LinkedIn \u2014 dodaj aplikacj\u0119 Kana\u0142 do Wix [za darmo!]","description":"Umie\u015b\u0107 niewymagaj\u0105c\u0105 kodowania aplikacj\u0119 LinkedIn Feed na swojej witrynie Wix. Zbuduj swoj\u0105 wtyczk\u0119, korzystaj\u0105c z wersji demonstracyjnej na \u017cywo i gotowych szablon\u00f3w, aby uzyska\u0107 mocny dow\u00f3d spo\u0142eczno\u015bciowy.","robots":{"index":"index","follow":"follow","max-snippet":"max-snippet:-1","max-image-preview":"max-image-preview:large","max-video-preview":"max-video-preview:-1"},"canonical":"https:\/\/elfsight.com\/pl\/linkedin-feed-widget\/wix\/","og_locale":"pl_PL","og_type":"article","og_title":"Kana\u0142 LinkedIn \u2014 dodaj aplikacj\u0119 Kana\u0142 do Wix [za darmo!]","og_description":"Umie\u015b\u0107 niewymagaj\u0105c\u0105 kodowania aplikacj\u0119 LinkedIn Feed na swojej witrynie Wix. Zbuduj swoj\u0105 wtyczk\u0119, korzystaj\u0105c z wersji demonstracyjnej na \u017cywo i gotowych szablon\u00f3w, aby uzyska\u0107 mocny dow\u00f3d spo\u0142eczno\u015bciowy.","og_url":"https:\/\/elfsight.com\/pl\/linkedin-feed-widget\/wix\/","og_site_name":"Elfsight PL","article_modified_time":"2024-10-24T13:19:45+00:00","twitter_card":"summary_large_image","twitter_misc":{"Szacowany czas czytania":"5 minut"},"schema":{"@context":"https:\/\/schema.org","@graph":[{"@type":"WebPage","@id":"https:\/\/elfsight.com\/pl\/linkedin-feed-widget\/wix\/","url":"https:\/\/elfsight.com\/pl\/linkedin-feed-widget\/wix\/","name":"Kana\u0142 LinkedIn \u2014 dodaj aplikacj\u0119 Kana\u0142 do Wix [za darmo!]","isPartOf":{"@id":"https:\/\/elfsight.com\/pl\/#website"},"datePublished":"2024-05-03T06:40:34+00:00","dateModified":"2024-10-24T13:19:45+00:00","description":"Umie\u015b\u0107 niewymagaj\u0105c\u0105 kodowania aplikacj\u0119 LinkedIn Feed na swojej witrynie Wix. Zbuduj swoj\u0105 wtyczk\u0119, korzystaj\u0105c z wersji demonstracyjnej na \u017cywo i gotowych szablon\u00f3w, aby uzyska\u0107 mocny dow\u00f3d spo\u0142eczno\u015bciowy.","breadcrumb":{"@id":"https:\/\/elfsight.com\/pl\/linkedin-feed-widget\/wix\/#breadcrumb"},"inLanguage":"pl-PL","potentialAction":[{"@type":"ReadAction","target":["https:\/\/elfsight.com\/pl\/linkedin-feed-widget\/wix\/"]}]},{"@type":"BreadcrumbList","@id":"https:\/\/elfsight.com\/pl\/linkedin-feed-widget\/wix\/#breadcrumb","itemListElement":[{"@type":"ListItem","position":1,"name":"Home","item":"https:\/\/elfsight.com\/pl\/"},{"@type":"ListItem","position":2,"name":"LinkedIn Feed","item":"https:\/\/elfsight.com\/pl\/linkedin-feed-widget\/"},{"@type":"ListItem","position":3,"name":"LinkedIn Feed &#8211; Wix"}]},{"@type":"WebSite","@id":"https:\/\/elfsight.com\/pl\/#website","url":"https:\/\/elfsight.com\/pl\/","name":"Elfsight PL","description":"Just another Elfsight Sites site","potentialAction":[{"@type":"SearchAction","target":{"@type":"EntryPoint","urlTemplate":"https:\/\/elfsight.com\/pl\/?s={search_term_string}"},"query-input":{"@type":"PropertyValueSpecification","valueRequired":true,"valueName":"search_term_string"}}],"inLanguage":"pl-PL"}]}},"meta_box":{"industry":"","seo_heading":"","heading":"","description":"","cta_heading":"","cta_description":"","application":"3348","h1":"Jak osadzi\u0107 kana\u0142 LinkedIn na Wix za darmo!","h1_caption":"Wy\u015bwietlaj posty ze swojego profilu na LinkedIn lub strony firmowej na swojej stronie internetowej, bez wysi\u0142ku zwi\u0119kszaj\u0105c swoj\u0105 profesjonaln\u0105 obecno\u015b\u0107 online na swojej stronie Wix.","application_category":[],"applications_title":"","applications_request_title":"","applications_request_button_text":"","hero_text":"","hero_video":"","hero_video_schema_markup":"","selling_points_title":"","selling_points_caption":"","selling_points":[],"selling_points_cta_text":"","features_title":"","features":"","ed_cta_examples_text":"","ed_cta_examples_hidden":"","ed_cta_demo_text":"","ed_cta_demo_hidden":"","why_caption":"","why_editor_title":"","why_editor_text":"","why_team_title":"","why_team_text":"","why_service_title":"","why_service_text":"","template_catalog_visible":"0","template_catalog_title":"","template_catalog_text":"","template_catalog_categories_visible":"","demo_title":"Pospiesz si\u0119, aby zaprojektowa\u0107 szyty na miar\u0119 kana\u0142 LinkedIn Wix","demo_caption":"Dostosuj je i wstaw narz\u0119dzie na swoj\u0105 stron\u0119 za pomoc\u0105 wersji demonstracyjnej.","default_faq_hidden":"","app_template_category":[],"platform":"30","template_public_id":"","codecanyon_url":"","codecanyon_item_id":"","codecanyon_price":"","pricing_caption":"","pricing_elfsight_apps_hide_column":"","pricing_elfsight_apps_url":"","pricing_codecanyon_price_caption":"","integration_category":[],"integration_request_title":"","integration_request_cta":"","integration_platform":"","integrations":[],"platform_category":[],"video_schema_markup":"","price":"od 0 USD \/ miesi\u0105c","trial":"","benefits":[{"text":"Bezp\u0142atna us\u0142uga monta\u017cu"},{"text":"Wsparcie premium"},{"text":"14-dniowa gwarancja zwrotu pieni\u0119dzy"}],"button_url":"#demo","button_target_blank":"0","button_nofollow":"0","attributes":[{"name":"Instaluje","content":"100,000 - 500,000"},{"name":"Czu\u0142y","content":"Tak"},{"name":"Kompatybilne przegl\u0105darki","content":"IE11, Firefox, Safari, Opera, Chrome, Edge"}],"tags":[],"tags_disable_links":"0","hide_more_platforms":"","video_object":"","demo_hide_cta":"0","demo_hide_cloud_options":"0","pricing_title":"","pricing":[{"pricing_icon":"platform","pricing_title":"Elfsight Apps","pricing_title_caption":"Rozwi\u0105zanie wieloplatformowe, kt\u00f3re pasuje do ka\u017cdej witryny internetowej","pricing_price":"od 0 USD \/ miesi\u0105c","pricing_price_caption":"zacznij od bezp\u0142atnego planu","pricing_benefits":[{"text":"Nielimitowane strony internetowe"},{"text":"Bezp\u0142atne wsparcie i dobrze udokumentowane"},{"text":"Bezp\u0142atna pomoc w instalacji"},{"text":"W pe\u0142ni konfigurowalny"}],"pricing_button_text":"Dodaj do witryny","pricing_button_url":"#demo"}],"related_apps_title":"","related_apps_hidden":"0","author":"","image":[],"title":"","job":"","social_networks":[]},"_links":{"self":[{"href":"https:\/\/elfsight.com\/pl\/wp-json\/wp\/v2\/pages\/5615","targetHints":{"allow":["GET"]}}],"collection":[{"href":"https:\/\/elfsight.com\/pl\/wp-json\/wp\/v2\/pages"}],"about":[{"href":"https:\/\/elfsight.com\/pl\/wp-json\/wp\/v2\/types\/page"}],"author":[{"embeddable":true,"href":"https:\/\/elfsight.com\/pl\/wp-json\/wp\/v2\/users\/9"}],"replies":[{"embeddable":true,"href":"https:\/\/elfsight.com\/pl\/wp-json\/wp\/v2\/comments?post=5615"}],"version-history":[{"count":2,"href":"https:\/\/elfsight.com\/pl\/wp-json\/wp\/v2\/pages\/5615\/revisions"}],"predecessor-version":[{"id":8170,"href":"https:\/\/elfsight.com\/pl\/wp-json\/wp\/v2\/pages\/5615\/revisions\/8170"}],"up":[{"embeddable":true,"href":"https:\/\/elfsight.com\/pl\/wp-json\/wp\/v2\/pages\/3395"}],"wp:attachment":[{"href":"https:\/\/elfsight.com\/pl\/wp-json\/wp\/v2\/media?parent=5615"}],"curies":[{"name":"wp","href":"https:\/\/api.w.org\/{rel}","templated":true}]}}