{"id":5614,"date":"2024-05-03T06:40:33","date_gmt":"2024-05-03T06:40:33","guid":{"rendered":"https:\/\/elfsight.com\/pl\/?page_id=5614"},"modified":"2024-10-24T13:19:45","modified_gmt":"2024-10-24T13:19:45","slug":"squarespace","status":"publish","type":"page","link":"https:\/\/elfsight.com\/pl\/linkedin-feed-widget\/squarespace\/","title":{"rendered":"LinkedIn Feed &#8211; Squarespace"},"content":{"rendered":"<div class=\"application-platform-content-item-description application-platform-content-item\" id=\"description\" data-nav-section=\"description\"> <h2>Osad\u017a kana\u0142 LinkedIn w Squarespace za darmo!<\/h2> <p>Bez kodu wid\u017cet kana\u0142u LinkedIn daje najnowocze\u015bniejsze mo\u017cliwo\u015bci firmom udost\u0119pnianie i promowanie swoich tre\u015bci LinkedIn w witrynach Squarespace: wy\u015bwietlanie post\u00f3w, materia\u0142\u00f3w wizualnych, klip\u00f3w itp. Konfiguracja wtyczki zajmuje kilka minut \u2014 nie jest wymagane \u017cadne kodowanie ani wiedza techniczna.<\/p> <p>Stw\u00f3rz wygl\u0105d, kt\u00f3ry pasuje do Twoich potrzeb potrzeb witryny i pozosta\u0144 przy marce, bawi\u0105c si\u0119 niestandardowymi atrybutami, szablonami, uk\u0142adami i stylami post\u00f3w. Dodaj tryb wyskakuj\u0105cego okienka jako akcj\u0119 po klikni\u0119ciu, aby przyci\u0105gn\u0105\u0107 uwag\u0119 u\u017cytkownik\u00f3w. Wreszcie, do\u015bwiadcz wi\u0119kszej wiarygodno\u015bci i lepszego wska\u017anika zaanga\u017cowania.<\/p> <ul><li><strong>Wzmocnij swoje mo\u017cliwo\u015bci sieciowe dzi\u0119ki stronie firmowej LinkedIn.<\/strong><br>Tworzyj nowe po\u0142\u0105czenia w sferze korporacyjnej i rozwijaj liczb\u0119 potencjalnych klient\u00f3w, wykorzystuj\u0105c zawarto\u015b\u0107 swojego profilu LinkedIn.<\/li><li><strong>Rozszerz baz\u0119 odbiorc\u00f3w LinkedIn.<\/strong><br>Zwr\u00f3\u0107 uwag\u0119 na sw\u00f3j LinkedIn w\u015br\u00f3d u\u017cytkownik\u00f3w witryny Squarespace i wzbudzj du\u017ce zainteresowanie swoj\u0105 oferty.<\/li><li><strong>Wzmocnij autentyczno\u015b\u0107 swojej firmy.<\/strong><br>Dodaj swoj\u0105 mark\u0119, aby zwi\u0119kszy\u0107 jej wiarygodno\u015b\u0107 i wy\u015bwietlaj najnowsz\u0105 aktywno\u015b\u0107 LinkedIn bezpo\u015brednio na stronie witryny.&lt;\/li <\/ul><p><b>Dodaj wid\u017cet LinkedIn Feed do witryny Squarespace, aby ustanowi\u0107 zaufanie, transmitowa\u0107 autentyczno\u015b\u0107 i poszerza\u0107 dzia\u0142aj\u0105ce po\u0142\u0105czenia dzi\u0119ki przekonuj\u0105cemu potwierdzeniu spo\u0142ecznemu.<\/b><\/p> <div class=\"faq\" data-component=\"FAQ\"><div class=\"faq-item\">\r\n\t\t\t\t\t<div class=\"faq-item-question\">\r\n\t\t\t\t\t\t<h3 class=\"faq-item-question-text\">Czy s\u0105 jakie\u015b inne narz\u0119dzia Squarespace, kt\u00f3rych mog\u0119 u\u017cywa\u0107 w mojej witrynie?<\/h3>\r\n\r\n\t\t\t\t\t\t<div class=\"faq-item-question-icon\"><\/div>\r\n\t\t\t\t\t<\/div>\r\n\r\n\t\t\t\t\t<div class=\"faq-item-answer\">\r\n\t\t\t\t\t\t<div class=\"faq-item-answer-text\"><p>Tak, oczywi\u015bcie! Bycie u\u017cytkownikiem Squarespace otwiera dziesi\u0105tki darmowych narz\u0119dzi z Elfsight do dodania, w tym wtyczk\u0119 LinkedIn Feed. Bez wzgl\u0119du na rodzaj prowadzonej dzia\u0142alno\u015bci i nisz\u0119 w bran\u017cy, kt\u00f3r\u0105 zajmujesz \u2014 zawsze mo\u017cesz szuka\u0107 okazji do zaprezentowania swoich mocnych stron. Rozwa\u017c nast\u0119puj\u0105ce mo\u017cliwo\u015bci:<\/p><ul><li>Aby utworzy\u0107 dowoln\u0105 inn\u0105 aplikacj\u0119 spo\u0142eczno\u015bciow\u0105 bez kodu dla swojej witryny Squarespace, np. LinkedIn Feed, wypr\u00f3buj <a href=\"https:\/\/elfsight.com\/ pinterest-feed-widget\/\">Kana\u0142 Pinteresta<\/a> lub wid\u017cet <a href=\"https:\/\/elfsight.com\/instagram-feed-instashow\/\">Kana\u0142 Instagrama<\/a>.<\/li><li>Skorzystaj z <a href=\"https:\/\/elfsight.com\/all-in-one-reviews-widget\/\">kompleksowych recenzji<\/a> lub <a href=\"https:\/\/ elfsight.com\/google-reviews-widget\/\">Wtyczka Recenzje Google<\/a> umo\u017cliwiaj\u0105ca wy\u015bwietlanie cennych opinii klient\u00f3w.<\/li><li>Umie\u015b\u0107 <a href=\"https:\/\/elfsight.com\/online-form -builder\/\">Kreator formularzy<\/a>, aby zebra\u0107 odpowiedzi i u\u0142atwi\u0107 komunikacj\u0119 z u\u017cytkownikami Squarespace.<\/li> <li>Dodaj <a>Licznik czasu<\/a>, kt\u00f3ry wzbudzi emocje i wywo\u0142a w\u015br\u00f3d widz\u00f3w poczucie pilno\u015bci.<\/li><\/ul><p>Pami\u0119taj, \u017ce to tylko kilka przyk\u0142ad\u00f3w wid\u017cet\u00f3w do umieszczenia. Zapoznaj si\u0119 z naszym obszernym katalogiem wid\u017cet\u00f3w po wdro\u017ceniu wtyczki LinkedIn Feed, aby odkry\u0107 jeszcze wi\u0119cej sposob\u00f3w na zaspokojenie potrzeb biznesowych!<\/p><\/div>\r\n\t\t\t\t\t<\/div>\r\n\t\t\t\t<\/div><div class=\"faq-item\">\r\n\t\t\t\t\t<div class=\"faq-item-question\">\r\n\t\t\t\t\t\t<h3 class=\"faq-item-question-text\">Jak bezp\u0142atnie osadzi\u0107 LinkedIn Feed na stronie Squarespace?<\/h3>\r\n\r\n\t\t\t\t\t\t<div class=\"faq-item-question-icon\"><\/div>\r\n\t\t\t\t\t<\/div>\r\n\r\n\t\t\t\t\t<div class=\"faq-item-answer\">\r\n\t\t\t\t\t\t<div class=\"faq-item-answer-text\"><p>Aby bezp\u0142atnie doda\u0107 bezkodow\u0105 wtyczk\u0119 LinkedIn Feed do swojej witryny Squarespace, wykonaj nast\u0119puj\u0105ce kroki:<\/p> <ol><li>Spersonalizuj wygl\u0105d wtyczki LinkedIn Feed, aby uzupe\u0142ni\u0107 wybrany projekt swojej witryny.<\/li><li>Zaloguj si\u0119 do panelu Elfsight lub utw\u00f3rz bezp\u0142atny profil u\u017cytkownika.<\/li><li>Uzyskaj wygenerowany kod do umieszczenia na stronie.<\/li><li>Przejd\u017a do swojej witryny Squarespace .<\/li><li>Umie\u015b\u0107 kod w edytorze witryny Squarespace, aby doda\u0107 wtyczk\u0119 LinkedIn Feed. Gotowe!<\/li><\/ol><p>Jak wida\u0107 z kontekstu, nie jest wymagana bieg\u0142o\u015b\u0107 w pisaniu kodu, aby osadzi\u0107 wtyczk\u0119. Z \u0142atwo\u015bci\u0105 utw\u00f3rz wid\u017cet kana\u0142u LinkedIn dla witryny Squarespace i ciesz si\u0119 r\u00f3\u017cnymi korzy\u015bciami, kt\u00f3re towarzysz\u0105 poszerzaniu grona odbiorc\u00f3w.<\/p><\/div>\r\n\t\t\t\t\t<\/div>\r\n\t\t\t\t<\/div><div class=\"faq-item\">\r\n\t\t\t\t\t<div class=\"faq-item-question\">\r\n\t\t\t\t\t\t<h3 class=\"faq-item-question-text\">Czy musz\u0119 wiedzie\u0107, jak kodowa\u0107 lub masz umiej\u0119tno\u015bci programowania, aby osadzi\u0107 wid\u017cet LinkedIn Feed w Squarespace?<\/h3>\r\n\r\n\t\t\t\t\t\t<div class=\"faq-item-question-icon\"><\/div>\r\n\t\t\t\t\t<\/div>\r\n\r\n\t\t\t\t\t<div class=\"faq-item-answer\">\r\n\t\t\t\t\t\t<div class=\"faq-item-answer-text\"><p>Nie, nie masz. Umiej\u0119tno\u015b\u0107 kodowania jest niepotrzebna. Mo\u017cesz \u0142atwo zbudowa\u0107 i osadzi\u0107 wtyczk\u0119 LinkedIn Feed w swojej witrynie Squarespace, niezale\u017cnie od wcze\u015bniejszej wiedzy i do\u015bwiadczenia z kodowaniem.<\/p> <\/div>\r\n\t\t\t\t\t<\/div>\r\n\t\t\t\t<\/div><\/div><\/div> <div class=\"application-platform-content-item-features application-platform-content-item\" id=\"features\" data-nav-section=\"features\"> <h2>Widget zawiera przydatne i \u0142atwe w dodaniu funkcje \u2014 sprawd\u017a niekt\u00f3re z nich:<\/h2> <ul><li>Emituj r\u00f3\u017cnorodne tre\u015bci: wpisy na blogu, zdj\u0119cia, klipy itp.<\/li><li>Filtruj wid\u017cety zasilaj posty wed\u0142ug s\u0142\u00f3w kluczowych, hashtag\u00f3w lub adres\u00f3w URL.<\/li><li>Dodaj przyciski CTA, aby zwi\u0119kszy\u0107 zaanga\u017cowanie w kanale firmowym LinkedIn.<\/li><li>Dynamiczny efekt wyskakuj\u0105cego okienka, aby zwr\u00f3ci\u0107 uwag\u0119 na zawarto\u015b\u0107 LinkedIn w witrynie page.<\/li><li>Dostosowywanie bez kodu dzi\u0119ki zaawansowanym ustawieniom projektu: wst\u0119pnie zaprojektowane szablony, generator schemat\u00f3w kolor\u00f3w, pi\u0119\u0107 modnych uk\u0142ad\u00f3w, style post\u00f3w, niestandardowy CSS i nie tylko.<\/li><\/ul><p><a href=\"#demo\">Mo\u017cesz ju\u017c teraz wypr\u00f3bowa\u0107 pe\u0142n\u0105 funkcjonalno\u015b\u0107 wid\u017cetu w wersji demonstracyjnej<\/a><\/p> <\/div> <div class=\"application-platform-content-item-installation application-platform-content-item\" id=\"installation\" data-nav-section=\"installation\"> <h2>Jak doda\u0107 Kana\u0142 LinkedIn do mojej witryny Squarespace?<\/h2> <p>Je\u015bli chcesz doda\u0107 wid\u017cet Kana\u0142 LinkedIn do swojej witryny Squarespace, wykonaj nast\u0119puj\u0105ce kroki:<\/p> <ol><li><b>Wykonaj nasz bezp\u0142atny konfigurator i zacznij tworzy\u0107 bezkodow\u0105 wtyczk\u0119 LinkedIn Feed.<\/b><br> Wybierz preferowan\u0105 form\u0119 i specyfikacje narz\u0119dzia oraz zapisz poprawki.<\/li> <li><b>Wy\u015bwietl sw\u00f3j unikalny kod w oknie w aplikacjach Elfsight.<\/b><br> Po zako\u0144czeniu instalacji wtyczki skopiuj kod pojedynczego wid\u017cetu w wy\u015bwietlonym oknie i zachowaj go na przysz\u0142o\u015b\u0107.<\/li> <li><b>Rozpocznij korzystanie z narz\u0119dzia na swojej witrynie Squarespace.<\/b><br> Dodaj skopiowany wcze\u015bniej kod do swojej witryny i zastosuj modyfikacje.<\/li> <li><b>Konfiguracja zosta\u0142a zako\u0144czona.<\/b><br> Przejd\u017a do swoj\u0105 witryn\u0119, aby sprawdzi\u0107 dzia\u0142anie wid\u017cetu LinkedIn Feed.<\/li><\/ol> <p>Je\u015bli wyst\u0105pi\u0105 problemy z procesem osadzania, nie wahaj si\u0119 skontaktowa\u0107 z naszym dzia\u0142em obs\u0142ugi klienta. Nasi ludzie z przyjemno\u015bci\u0105 pomog\u0105 Ci we wszystkich trudno\u015bciach, jakie mo\u017cesz napotka\u0107 dzi\u0119ki bezkodowej wtyczce LinkedIn Feed dla witryn Squarespace.<\/p> <\/div>","protected":false},"excerpt":{"rendered":"","protected":false},"author":9,"featured_media":0,"parent":3395,"menu_order":0,"comment_status":"closed","ping_status":"closed","template":"templates\/template-application-platform.php","meta":{"publish_to_discourse":"","publish_post_category":"","wpdc_auto_publish_overridden":"","wpdc_topic_tags":"","wpdc_pin_topic":"","wpdc_pin_until":"","discourse_post_id":"","discourse_permalink":"","wpdc_publishing_response":"","wpdc_publishing_error":"","footnotes":""},"class_list":["post-5614","page","type-page","status-publish","hentry"],"yoast_head":"<!-- This site is optimized with the Yoast SEO plugin v25.3.1 - https:\/\/yoast.com\/wordpress\/plugins\/seo\/ -->\n<title>Kana\u0142 LinkedIn \u2014 dodaj wtyczk\u0119 kana\u0142u do Squarespace [za darmo!]<\/title>\n<meta name=\"description\" content=\"Umie\u015b\u0107 niekoduj\u0105c\u0105 wtyczk\u0119 LinkedIn Feed na swojej stronie internetowej Squarespace. Zbuduj sw\u00f3j widget, korzystaj\u0105c z wersji demonstracyjnej na \u017cywo i gotowych szablon\u00f3w, aby uzyska\u0107 mocny dow\u00f3d spo\u0142eczno\u015bciowy.\" \/>\n<meta name=\"robots\" content=\"index, follow, max-snippet:-1, max-image-preview:large, max-video-preview:-1\" \/>\n<link rel=\"canonical\" href=\"https:\/\/elfsight.com\/pl\/linkedin-feed-widget\/squarespace\/\" \/>\n<meta property=\"og:locale\" content=\"pl_PL\" \/>\n<meta property=\"og:type\" content=\"article\" \/>\n<meta property=\"og:title\" content=\"Kana\u0142 LinkedIn \u2014 dodaj wtyczk\u0119 kana\u0142u do Squarespace [za darmo!]\" \/>\n<meta property=\"og:description\" content=\"Umie\u015b\u0107 niekoduj\u0105c\u0105 wtyczk\u0119 LinkedIn Feed na swojej stronie internetowej Squarespace. Zbuduj sw\u00f3j widget, korzystaj\u0105c z wersji demonstracyjnej na \u017cywo i gotowych szablon\u00f3w, aby uzyska\u0107 mocny dow\u00f3d spo\u0142eczno\u015bciowy.\" \/>\n<meta property=\"og:url\" content=\"https:\/\/elfsight.com\/pl\/linkedin-feed-widget\/squarespace\/\" \/>\n<meta property=\"og:site_name\" content=\"Elfsight PL\" \/>\n<meta property=\"article:modified_time\" content=\"2024-10-24T13:19:45+00:00\" \/>\n<meta name=\"twitter:card\" content=\"summary_large_image\" \/>\n<meta name=\"twitter:label1\" content=\"Szacowany czas czytania\" \/>\n\t<meta name=\"twitter:data1\" content=\"5 minut\" \/>\n<!-- \/ Yoast SEO plugin. -->","yoast_head_json":{"title":"Kana\u0142 LinkedIn \u2014 dodaj wtyczk\u0119 kana\u0142u do Squarespace [za darmo!]","description":"Umie\u015b\u0107 niekoduj\u0105c\u0105 wtyczk\u0119 LinkedIn Feed na swojej stronie internetowej Squarespace. Zbuduj sw\u00f3j widget, korzystaj\u0105c z wersji demonstracyjnej na \u017cywo i gotowych szablon\u00f3w, aby uzyska\u0107 mocny dow\u00f3d spo\u0142eczno\u015bciowy.","robots":{"index":"index","follow":"follow","max-snippet":"max-snippet:-1","max-image-preview":"max-image-preview:large","max-video-preview":"max-video-preview:-1"},"canonical":"https:\/\/elfsight.com\/pl\/linkedin-feed-widget\/squarespace\/","og_locale":"pl_PL","og_type":"article","og_title":"Kana\u0142 LinkedIn \u2014 dodaj wtyczk\u0119 kana\u0142u do Squarespace [za darmo!]","og_description":"Umie\u015b\u0107 niekoduj\u0105c\u0105 wtyczk\u0119 LinkedIn Feed na swojej stronie internetowej Squarespace. Zbuduj sw\u00f3j widget, korzystaj\u0105c z wersji demonstracyjnej na \u017cywo i gotowych szablon\u00f3w, aby uzyska\u0107 mocny dow\u00f3d spo\u0142eczno\u015bciowy.","og_url":"https:\/\/elfsight.com\/pl\/linkedin-feed-widget\/squarespace\/","og_site_name":"Elfsight PL","article_modified_time":"2024-10-24T13:19:45+00:00","twitter_card":"summary_large_image","twitter_misc":{"Szacowany czas czytania":"5 minut"},"schema":{"@context":"https:\/\/schema.org","@graph":[{"@type":"WebPage","@id":"https:\/\/elfsight.com\/pl\/linkedin-feed-widget\/squarespace\/","url":"https:\/\/elfsight.com\/pl\/linkedin-feed-widget\/squarespace\/","name":"Kana\u0142 LinkedIn \u2014 dodaj wtyczk\u0119 kana\u0142u do Squarespace [za darmo!]","isPartOf":{"@id":"https:\/\/elfsight.com\/pl\/#website"},"datePublished":"2024-05-03T06:40:33+00:00","dateModified":"2024-10-24T13:19:45+00:00","description":"Umie\u015b\u0107 niekoduj\u0105c\u0105 wtyczk\u0119 LinkedIn Feed na swojej stronie internetowej Squarespace. Zbuduj sw\u00f3j widget, korzystaj\u0105c z wersji demonstracyjnej na \u017cywo i gotowych szablon\u00f3w, aby uzyska\u0107 mocny dow\u00f3d spo\u0142eczno\u015bciowy.","breadcrumb":{"@id":"https:\/\/elfsight.com\/pl\/linkedin-feed-widget\/squarespace\/#breadcrumb"},"inLanguage":"pl-PL","potentialAction":[{"@type":"ReadAction","target":["https:\/\/elfsight.com\/pl\/linkedin-feed-widget\/squarespace\/"]}]},{"@type":"BreadcrumbList","@id":"https:\/\/elfsight.com\/pl\/linkedin-feed-widget\/squarespace\/#breadcrumb","itemListElement":[{"@type":"ListItem","position":1,"name":"Home","item":"https:\/\/elfsight.com\/pl\/"},{"@type":"ListItem","position":2,"name":"LinkedIn Feed","item":"https:\/\/elfsight.com\/pl\/linkedin-feed-widget\/"},{"@type":"ListItem","position":3,"name":"LinkedIn Feed &#8211; Squarespace"}]},{"@type":"WebSite","@id":"https:\/\/elfsight.com\/pl\/#website","url":"https:\/\/elfsight.com\/pl\/","name":"Elfsight PL","description":"Just another Elfsight Sites site","potentialAction":[{"@type":"SearchAction","target":{"@type":"EntryPoint","urlTemplate":"https:\/\/elfsight.com\/pl\/?s={search_term_string}"},"query-input":{"@type":"PropertyValueSpecification","valueRequired":true,"valueName":"search_term_string"}}],"inLanguage":"pl-PL"}]}},"meta_box":{"industry":"","seo_heading":"","heading":"","description":"","cta_heading":"","cta_description":"","application":"3348","h1":"Jak osadzi\u0107 kana\u0142 LinkedIn w Squarespace za darmo!","h1_caption":"Wy\u015bwietlaj posty ze swojego profilu na LinkedIn lub strony firmowej w swojej witrynie, bez wysi\u0142ku zwi\u0119kszaj\u0105c swoj\u0105 profesjonaln\u0105 obecno\u015b\u0107 w Internecie w witrynie Squarespace.","application_category":[],"applications_title":"","applications_request_title":"","applications_request_button_text":"","hero_text":"","hero_video":"","hero_video_schema_markup":"","selling_points_title":"","selling_points_caption":"","selling_points":[],"selling_points_cta_text":"","features_title":"","features":"","ed_cta_examples_text":"","ed_cta_examples_hidden":"","ed_cta_demo_text":"","ed_cta_demo_hidden":"","why_caption":"","why_editor_title":"","why_editor_text":"","why_team_title":"","why_team_text":"","why_service_title":"","why_service_text":"","template_catalog_visible":"0","template_catalog_title":"","template_catalog_text":"","template_catalog_categories_visible":"","demo_title":"\u015amia\u0142o, utw\u00f3rz w\u0142asny kana\u0142 LinkedIn Squarespace","demo_caption":"Dostosuj go i zaimplementuj wtyczk\u0119 na swojej stronie g\u0142\u00f3wnej z wersji demonstracyjnej na \u017cywo.","default_faq_hidden":"","app_template_category":[],"platform":"7588","template_public_id":"","codecanyon_url":"","codecanyon_item_id":"","codecanyon_price":"","pricing_caption":"","pricing_elfsight_apps_hide_column":"","pricing_elfsight_apps_url":"","pricing_codecanyon_price_caption":"","integration_category":[],"integration_request_title":"","integration_request_cta":"","integration_platform":"","integrations":[],"platform_category":[],"video_schema_markup":"","price":"od 0 USD \/ miesi\u0105c","trial":"","benefits":[{"text":"Bezp\u0142atna pomoc w monta\u017cu"},{"text":"Wyj\u0105tkowe wsparcie"},{"text":"14-dniowa gwarancja zwrotu pieni\u0119dzy"}],"button_url":"#demo","button_target_blank":"0","button_nofollow":"0","attributes":[{"name":"Instaluje","content":"100,000 - 500,000"},{"name":"Czu\u0142y","content":"Tak"},{"name":"Kompatybilne przegl\u0105darki","content":"IE11, Firefox, Safari, Opera, Chrome, Edge"}],"tags":[],"tags_disable_links":"0","hide_more_platforms":"","video_object":"","demo_hide_cta":"0","demo_hide_cloud_options":"0","pricing_title":"","pricing":[{"pricing_icon":"platform","pricing_title":"Elfsight Apps","pricing_title_caption":"Wersja wieloplatformowa, kt\u00f3ra dzia\u0142a na ka\u017cdej stronie internetowej","pricing_price":"od 0 USD \/ miesi\u0105c","pricing_price_caption":"zacznij od bezp\u0142atnego planu","pricing_benefits":[{"text":"Nielimitowane strony internetowe"},{"text":"Dedykowana obs\u0142uga klienta"},{"text":"Bezp\u0142atna pomoc w monta\u017cu"},{"text":"Elastyczny projekt"}],"pricing_button_text":"Dodaj do witryny","pricing_button_url":"#demo"}],"related_apps_title":"","related_apps_hidden":"0","author":"","image":[],"title":"","job":"","social_networks":[]},"_links":{"self":[{"href":"https:\/\/elfsight.com\/pl\/wp-json\/wp\/v2\/pages\/5614","targetHints":{"allow":["GET"]}}],"collection":[{"href":"https:\/\/elfsight.com\/pl\/wp-json\/wp\/v2\/pages"}],"about":[{"href":"https:\/\/elfsight.com\/pl\/wp-json\/wp\/v2\/types\/page"}],"author":[{"embeddable":true,"href":"https:\/\/elfsight.com\/pl\/wp-json\/wp\/v2\/users\/9"}],"replies":[{"embeddable":true,"href":"https:\/\/elfsight.com\/pl\/wp-json\/wp\/v2\/comments?post=5614"}],"version-history":[{"count":2,"href":"https:\/\/elfsight.com\/pl\/wp-json\/wp\/v2\/pages\/5614\/revisions"}],"predecessor-version":[{"id":8169,"href":"https:\/\/elfsight.com\/pl\/wp-json\/wp\/v2\/pages\/5614\/revisions\/8169"}],"up":[{"embeddable":true,"href":"https:\/\/elfsight.com\/pl\/wp-json\/wp\/v2\/pages\/3395"}],"wp:attachment":[{"href":"https:\/\/elfsight.com\/pl\/wp-json\/wp\/v2\/media?parent=5614"}],"curies":[{"name":"wp","href":"https:\/\/api.w.org\/{rel}","templated":true}]}}