{"id":5600,"date":"2024-05-03T06:40:27","date_gmt":"2024-05-03T06:40:27","guid":{"rendered":"https:\/\/elfsight.com\/pl\/?page_id=5600"},"modified":"2024-11-05T12:25:56","modified_gmt":"2024-11-05T12:25:56","slug":"magento","status":"publish","type":"page","link":"https:\/\/elfsight.com\/pl\/linkedin-feed-widget\/magento\/","title":{"rendered":"LinkedIn Feed &#8211; Magento"},"content":{"rendered":"\n<div class=\"application-platform-content-item-description application-platform-content-item\" id=\"description\" data-nav-section=\"description\"> <h2>Osad\u017a LinkedIn Feed na Magento za darmo!<\/h2> <p>Bez kodu wtyczka LinkedIn Feed to idealne narz\u0119dzie dla firm transmituj i promuj swoje tre\u015bci LinkedIn na stronach Magento: wy\u015bwietlaj posty, obrazy, klipy itp. Instalacja wtyczki jest bezproblemowa \u2014 nie jest wymagane \u017cadne umiej\u0119tno\u015bci kodowania ani umiej\u0119tno\u015bci techniczne.<\/p> <p>Stw\u00f3rz wygl\u0105d zgodny z preferencjami Twojej witryny i pozosta\u0144 wierny marce, wypr\u00f3bowuj\u0105c niestandardowe atrybuty, szablony, uk\u0142ady i style post\u00f3w. Dodaj efekt wyskakuj\u0105cego okienka jako akcj\u0119 po klikni\u0119ciu, aby przyci\u0105gn\u0105\u0107 uwag\u0119 u\u017cytkownik\u00f3w. Wreszcie, zyskaj wi\u0119ksz\u0105 wiarygodno\u015b\u0107 i wi\u0119cej mo\u017cliwo\u015bci budowania marki. <\/p> <ul><li><strong>Ulepsz swoje kana\u0142y sieciowe dzi\u0119ki stronie firmowej LinkedIn.<\/strong><br>Zbuduj nowe kontakty w \u015bwiecie handlu i zwi\u0119ksz liczb\u0119 potencjalnych klient\u00f3w dzi\u0119ki tre\u015bciom z Twojego profilu LinkedIn. <\/li><li><strong>Poszerz baz\u0119 odbiorc\u00f3w LinkedIn.<\/strong> <br>Rzu\u0107 \u015bwiat\u0142o na swoj\u0105 obecno\u015b\u0107 na LinkedIn w spo\u0142eczno\u015bci witryn Magento i zwi\u0119ksz znaczne zainteresowanie swoimi ofertami. <\/li><li><strong>Zwi\u0119ksz autentyczno\u015b\u0107 swojej firmy.<\/strong> <br>Zwi\u0119ksz wiarygodno\u015b\u0107 swojej marki i dodaj jej wiarygodno\u015b\u0107, integruj\u0105c najnowsz\u0105 aktywno\u015b\u0107 LinkedIn bezpo\u015brednio na stronie internetowej. <\/li><\/ul><p><b>Dodaj wtyczk\u0119 LinkedIn Feed do witryny Magento, aby zwi\u0119kszy\u0107 wiarygodno\u015b\u0107, promowa\u0107 autentyczno\u015b\u0107 i poszerza\u0107 swoj\u0105 sie\u0107, wykorzystuj\u0105c przekonuj\u0105cy dow\u00f3d spo\u0142eczno\u015bciowy.<\/b><\/p> <div class=\"faq\" data-component=\"FAQ\"><div class=\"faq-item\">\r\n\t\t\t\t\t<div class=\"faq-item-question\">\r\n\t\t\t\t\t\t<h3 class=\"faq-item-question-text\">Czy s\u0105 jakie\u015b inne narz\u0119dzia dla Magento, kt\u00f3rych mog\u0119 u\u017cy\u0107 na mojej stronie internetowej? <\/h3>\r\n\r\n\t\t\t\t\t\t<div class=\"faq-item-question-icon\"><\/div>\r\n\t\t\t\t\t<\/div>\r\n\r\n\t\t\t\t\t<div class=\"faq-item-answer\">\r\n\t\t\t\t\t\t<div class=\"faq-item-answer-text\"><p>Tak, zdecydowanie! Jako u\u017cytkownik witryny Magento mo\u017cesz uzyska\u0107 dziesi\u0105tki darmowych narz\u0119dzi od Elfsight, a wtyczka LinkedIn Feed to tylko jedna z takich ofert. Niezale\u017cnie od rodzaju prowadzonej dzia\u0142alno\u015bci lub niszy w bran\u017cy, zawsze warto szuka\u0107 okazji do zaprezentowania swoich mocnych stron. Na przyk\u0142ad: <\/p><ul><li>Aby utworzy\u0107 dowoln\u0105 inn\u0105 aplikacj\u0119 medi\u00f3w spo\u0142eczno\u015bciowych dla swojej witryny Magento, na przyk\u0142ad bezkodow\u0105 wtyczk\u0119 LinkedIn Feed, rozwa\u017c poeksperymentowanie z <a href=\"https:\/\/elfsight.com\/pl\/pinterest-feed-widget\/\" target=\"_blank\" rel=\"noopener\">Kana\u0142 Pinteresta<\/a> lub wid\u017cet <a href=\"https:\/\/elfsight.com\/pl\/instagram-feed-instashow\/\" target=\"_blank\" rel=\"noopener\">Kana\u0142 Instagrama<\/a>. <\/li><li>Zdob\u0105d\u017a <a href=\"https:\/\/elfsight.com\/pl\/all-in-one-reviews-widget\/\" target=\"_blank\" rel=\"noopener\">recenzje typu \u201ewszystko w jednym\u201d<\/a> lub <a href=\"https:\/\/elfsight.com\/pl\/google-reviews-widget\/\" target=\"_blank\" rel=\"noopener\">Recenzje Google<\/a> umo\u017cliwiaj\u0105ca wy\u015bwietlanie opinii klient\u00f3w. <\/li><li>Osad\u017a wid\u017cet <a href=\"https:\/\/elfsight.com\/pl\/online-form-builder\/\" target=\"_blank\" rel=\"noopener\">Kreator formularzy<\/a>, aby zbiera\u0107 odpowiedzi i umo\u017cliwia\u0107 interakcje u\u017cytkownik\u00f3w w Twojej witrynie Magento. <\/li> <li>Dodaj <a href=\"https:\/\/elfsight.com\/pl\/countdown-timer-widget\/\" target=\"_blank\" rel=\"noopener\">minutnik<\/a>, aby wzbudzi\u0107 oczekiwanie i stworzy\u0107 w\u015br\u00f3d odbiorc\u00f3w poczucie niedoboru. <\/li><\/ul><p>Pami\u0119taj, \u017ce to tylko kilka przyk\u0142ad\u00f3w z d\u0142ugiej listy dodatk\u00f3w, kt\u00f3re mog\u0105 zaspokoi\u0107 Twoje potrzeby biznesowe. Zacznij korzysta\u0107 z LinkedIn Feed i zag\u0142\u0119b si\u0119 w nasz katalog, aby doda\u0107 wi\u0119cej rozwi\u0105za\u0144 wid\u017cet\u00f3w! <\/p><\/div>\r\n\t\t\t\t\t<\/div>\r\n\t\t\t\t<\/div><div class=\"faq-item\">\r\n\t\t\t\t\t<div class=\"faq-item-question\">\r\n\t\t\t\t\t\t<h3 class=\"faq-item-question-text\">Jak bezp\u0142atnie osadzi\u0107 LinkedIn Feed w Magento? <\/h3>\r\n\r\n\t\t\t\t\t\t<div class=\"faq-item-question-icon\"><\/div>\r\n\t\t\t\t\t<\/div>\r\n\r\n\t\t\t\t\t<div class=\"faq-item-answer\">\r\n\t\t\t\t\t\t<div class=\"faq-item-answer-text\"><p>Aby bezp\u0142atnie doda\u0107 bezkodow\u0105 wtyczk\u0119 LinkedIn Feed do swojej witryny Magento, wykonaj poni\u017csze kroki: <\/p> <ol><li>Dostosuj wygl\u0105d wid\u017cetu LinkedIn Feed wed\u0142ug w\u0142asnych upodoba\u0144. <\/li><li>Zaloguj si\u0119 do panelu administracyjnego Elfsight lub zarejestruj bezp\u0142atny profil. <\/li><li>Otrzymaj unikalny kod instalacyjny do umieszczenia. <\/li><li>Przejd\u017a do swojej witryny Magento. <\/li><li>Umie\u015b\u0107 kod w narz\u0119dziu do tworzenia witryn Magento, aby doda\u0107 wtyczk\u0119 LinkedIn Feed. Wszystko gotowe! <\/li><\/ol><p>Jak wida\u0107, aby osadzi\u0107 wtyczk\u0119, nie jest wymagana umiej\u0119tno\u015b\u0107 pisania kodu. Z \u0142atwo\u015bci\u0105 utw\u00f3rz wid\u017cet LinkedIn Feed dla witryny Magento i poznaj wszystkie korzy\u015bci, jakie pojawiaj\u0105 si\u0119 na drodze do poszerzania grona odbiorc\u00f3w. <\/p><\/div>\r\n\t\t\t\t\t<\/div>\r\n\t\t\t\t<\/div><div class=\"faq-item\">\r\n\t\t\t\t\t<div class=\"faq-item-question\">\r\n\t\t\t\t\t\t<h3 class=\"faq-item-question-text\">Czy musz\u0119 umie\u0107 kodowa\u0107 lub mie\u0107 umiej\u0119tno\u015bci programistyczne, aby doda\u0107 wid\u017cet LinkedIn Feed do witryny Magento? <\/h3>\r\n\r\n\t\t\t\t\t\t<div class=\"faq-item-question-icon\"><\/div>\r\n\t\t\t\t\t<\/div>\r\n\r\n\t\t\t\t\t<div class=\"faq-item-answer\">\r\n\t\t\t\t\t\t<div class=\"faq-item-answer-text\"><p>Wcale nie. Umiej\u0119tno\u015b\u0107 kodowania jest absolutnie niepotrzebna. Mo\u017cesz zbudowa\u0107 i doda\u0107 wtyczk\u0119 LinkedIn Feed do swojej witryny Magento, niezale\u017cnie od wcze\u015bniejszej wiedzy i znajomo\u015bci kodu. <\/p> <\/div>\r\n\t\t\t\t\t<\/div>\r\n\t\t\t\t<\/div><\/div><div class=\"application-platform-content-item-features application-platform-content-item\" id=\"features\" data-nav-section=\"features\"><\/div> <h2>Poni\u017cej znajduj\u0105 si\u0119 najwa\u017cniejsze funkcje wid\u017cetu: <\/h2> <ul><li>Wy\u015bwietlanie r\u00f3\u017cnych typ\u00f3w tre\u015bci LinkedIn: post\u00f3w na blogu , obrazy, filmy itp. <\/li><li>Filtruj posty w kanale wed\u0142ug s\u0142\u00f3w kluczowych, hashtag\u00f3w lub adres\u00f3w URL. <\/li><li>Przyciski CTA zwi\u0119kszaj\u0105ce widoczno\u015b\u0107 kana\u0142u LinkedIn Twojej firmy. <\/li><li>Dynamiczny efekt wyskakuj\u0105cego okienka, kt\u00f3ry przyci\u0105gnie uwag\u0119 ludzi do Twoich tre\u015bci LinkedIn. <\/li><li>Zaawansowane dostosowywanie bez konieczno\u015bci kodowania: gotowe szablony, generator schemat\u00f3w kolor\u00f3w, projekty uk\u0142ad\u00f3w, style post\u00f3w, niestandardowy CSS i nie tylko. <\/li><\/ul><p><a href=\"#demo\">Pe\u0142ne mo\u017cliwo\u015bci wid\u017cetu znajdziesz w wersji demonstracyjnej na tej stronie<\/a><\/p> <\/div> <div class=\"application-platform-content-item-installation application-platform-content-item\" id=\"installation\" data-nav-section=\"installation\"> <h2>Jak doda\u0107 kana\u0142 LinkedIn do mojej witryny Magento? <\/h2> <p>Aby osadzi\u0107 bezkodowy wid\u017cet LinkedIn Feed na swojej stronie Magento, wykonaj nast\u0119puj\u0105ce czynno\u015bci: <\/p> <ol><li><b>Skorzystaj z naszego darmowego edytora i zacznij tworzy\u0107 spersonalizowany wid\u017cet LinkedIn Feed . <\/b><br> Okre\u015bl niestandardowy wygl\u0105d i cechy wtyczki i zapisz poprawki. <\/li> <li><b>Odbierz osobisty kod udost\u0119pniony w specjalnym formularzu w aplikacjach Elfsight. <\/b><br> Zaraz po zako\u0144czeniu dostosowywania wtyczki skopiuj indywidualny kod w wy\u015bwietlonym oknie i zapisz go do wykorzystania w przysz\u0142o\u015bci. <\/li> <li><b>Rozpocznij korzystanie z widgetu na swojej stronie Magento. <\/b><br> Dodaj kod zapisany ostatnio na Twojej stronie i zapisz zmiany. <\/li> <li><b>Gotowe! Proces osadzania zosta\u0142 pomy\u015blnie przeprowadzony. <\/b><br> Przejd\u017a do swojej witryny, aby sprawdzi\u0107 dzia\u0142anie wid\u017cetu LinkedIn Feed. <\/li><\/ol> <p>Je\u015bli napotkasz trudno\u015bci z dodaniem wid\u017cetu, nie wahaj si\u0119 napisa\u0107 do naszego personelu pomocy technicznej. Nasi specjali\u015bci ch\u0119tnie pomog\u0105 Ci we wszystkich problemach, jakie mo\u017cesz mie\u0107 z bezkodow\u0105 wtyczk\u0105 LinkedIn Feed dla witryn Magento. <\/p> <\/div>\n","protected":false},"excerpt":{"rendered":"","protected":false},"author":9,"featured_media":0,"parent":3395,"menu_order":0,"comment_status":"closed","ping_status":"closed","template":"templates\/template-application-platform.php","meta":{"publish_to_discourse":"","publish_post_category":"","wpdc_auto_publish_overridden":"","wpdc_topic_tags":"","wpdc_pin_topic":"","wpdc_pin_until":"","discourse_post_id":"","discourse_permalink":"","wpdc_publishing_response":"","wpdc_publishing_error":"","footnotes":""},"class_list":["post-5600","page","type-page","status-publish","hentry"],"yoast_head":"<!-- This site is optimized with the Yoast SEO plugin v25.3.1 - https:\/\/yoast.com\/wordpress\/plugins\/seo\/ -->\n<title>LinkedIn Feed - Dodaj rozszerzenie Feed do Magento [za darmo!]<\/title>\n<meta name=\"description\" content=\"Umie\u015b\u0107 wolne od kodowania rozszerzenie LinkedIn Feed na swojej stronie internetowej Magento. Zbuduj sw\u00f3j widget, korzystaj\u0105c z wersji demonstracyjnej na \u017cywo i gotowych szablon\u00f3w, aby uzyska\u0107 mocny dow\u00f3d spo\u0142eczno\u015bciowy.\" \/>\n<meta name=\"robots\" content=\"index, follow, max-snippet:-1, max-image-preview:large, max-video-preview:-1\" \/>\n<link rel=\"canonical\" href=\"https:\/\/elfsight.com\/pl\/linkedin-feed-widget\/magento\/\" \/>\n<meta property=\"og:locale\" content=\"pl_PL\" \/>\n<meta property=\"og:type\" content=\"article\" \/>\n<meta property=\"og:title\" content=\"LinkedIn Feed - Dodaj rozszerzenie Feed do Magento [za darmo!]\" \/>\n<meta property=\"og:description\" content=\"Umie\u015b\u0107 wolne od kodowania rozszerzenie LinkedIn Feed na swojej stronie internetowej Magento. Zbuduj sw\u00f3j widget, korzystaj\u0105c z wersji demonstracyjnej na \u017cywo i gotowych szablon\u00f3w, aby uzyska\u0107 mocny dow\u00f3d spo\u0142eczno\u015bciowy.\" \/>\n<meta property=\"og:url\" content=\"https:\/\/elfsight.com\/pl\/linkedin-feed-widget\/magento\/\" \/>\n<meta property=\"og:site_name\" content=\"Elfsight PL\" \/>\n<meta property=\"article:modified_time\" content=\"2024-11-05T12:25:56+00:00\" \/>\n<meta name=\"twitter:card\" content=\"summary_large_image\" \/>\n<meta name=\"twitter:label1\" content=\"Szacowany czas czytania\" \/>\n\t<meta name=\"twitter:data1\" content=\"5 minut\" \/>\n<!-- \/ Yoast SEO plugin. -->","yoast_head_json":{"title":"LinkedIn Feed - Dodaj rozszerzenie Feed do Magento [za darmo!]","description":"Umie\u015b\u0107 wolne od kodowania rozszerzenie LinkedIn Feed na swojej stronie internetowej Magento. Zbuduj sw\u00f3j widget, korzystaj\u0105c z wersji demonstracyjnej na \u017cywo i gotowych szablon\u00f3w, aby uzyska\u0107 mocny dow\u00f3d spo\u0142eczno\u015bciowy.","robots":{"index":"index","follow":"follow","max-snippet":"max-snippet:-1","max-image-preview":"max-image-preview:large","max-video-preview":"max-video-preview:-1"},"canonical":"https:\/\/elfsight.com\/pl\/linkedin-feed-widget\/magento\/","og_locale":"pl_PL","og_type":"article","og_title":"LinkedIn Feed - Dodaj rozszerzenie Feed do Magento [za darmo!]","og_description":"Umie\u015b\u0107 wolne od kodowania rozszerzenie LinkedIn Feed na swojej stronie internetowej Magento. Zbuduj sw\u00f3j widget, korzystaj\u0105c z wersji demonstracyjnej na \u017cywo i gotowych szablon\u00f3w, aby uzyska\u0107 mocny dow\u00f3d spo\u0142eczno\u015bciowy.","og_url":"https:\/\/elfsight.com\/pl\/linkedin-feed-widget\/magento\/","og_site_name":"Elfsight PL","article_modified_time":"2024-11-05T12:25:56+00:00","twitter_card":"summary_large_image","twitter_misc":{"Szacowany czas czytania":"5 minut"},"schema":{"@context":"https:\/\/schema.org","@graph":[{"@type":"WebPage","@id":"https:\/\/elfsight.com\/pl\/linkedin-feed-widget\/magento\/","url":"https:\/\/elfsight.com\/pl\/linkedin-feed-widget\/magento\/","name":"LinkedIn Feed - Dodaj rozszerzenie Feed do Magento [za darmo!]","isPartOf":{"@id":"https:\/\/elfsight.com\/pl\/#website"},"datePublished":"2024-05-03T06:40:27+00:00","dateModified":"2024-11-05T12:25:56+00:00","description":"Umie\u015b\u0107 wolne od kodowania rozszerzenie LinkedIn Feed na swojej stronie internetowej Magento. Zbuduj sw\u00f3j widget, korzystaj\u0105c z wersji demonstracyjnej na \u017cywo i gotowych szablon\u00f3w, aby uzyska\u0107 mocny dow\u00f3d spo\u0142eczno\u015bciowy.","breadcrumb":{"@id":"https:\/\/elfsight.com\/pl\/linkedin-feed-widget\/magento\/#breadcrumb"},"inLanguage":"pl-PL","potentialAction":[{"@type":"ReadAction","target":["https:\/\/elfsight.com\/pl\/linkedin-feed-widget\/magento\/"]}]},{"@type":"BreadcrumbList","@id":"https:\/\/elfsight.com\/pl\/linkedin-feed-widget\/magento\/#breadcrumb","itemListElement":[{"@type":"ListItem","position":1,"name":"Home","item":"https:\/\/elfsight.com\/pl\/"},{"@type":"ListItem","position":2,"name":"LinkedIn Feed","item":"https:\/\/elfsight.com\/pl\/linkedin-feed-widget\/"},{"@type":"ListItem","position":3,"name":"LinkedIn Feed &#8211; Magento"}]},{"@type":"WebSite","@id":"https:\/\/elfsight.com\/pl\/#website","url":"https:\/\/elfsight.com\/pl\/","name":"Elfsight PL","description":"Just another Elfsight Sites site","potentialAction":[{"@type":"SearchAction","target":{"@type":"EntryPoint","urlTemplate":"https:\/\/elfsight.com\/pl\/?s={search_term_string}"},"query-input":{"@type":"PropertyValueSpecification","valueRequired":true,"valueName":"search_term_string"}}],"inLanguage":"pl-PL"}]}},"meta_box":{"industry":"","seo_heading":"","heading":"","description":"","cta_heading":"","cta_description":"","application":"3348","h1":"Jak osadzi\u0107 LinkedIn Feed na Magento za darmo!","h1_caption":"Wy\u015bwietlaj posty ze swojego profilu na LinkedIn lub strony firmowej na swojej stronie internetowej, bez wysi\u0142ku zwi\u0119kszaj\u0105c swoj\u0105 profesjonaln\u0105 obecno\u015b\u0107 w Internecie na swojej stronie Magento.","application_category":[],"applications_title":"","applications_request_title":"","applications_request_button_text":"","hero_text":"","hero_video":"","hero_video_schema_markup":"","selling_points_title":"","selling_points_caption":"","selling_points":[],"selling_points_cta_text":"","features_title":"","features":"","ed_cta_examples_text":"","ed_cta_examples_hidden":"","ed_cta_demo_text":"","ed_cta_demo_hidden":"","why_caption":"","why_editor_title":"","why_editor_text":"","why_team_title":"","why_team_text":"","why_service_title":"","why_service_text":"","template_catalog_visible":"0","template_catalog_title":"","template_catalog_text":"","template_catalog_categories_visible":"","demo_title":"Zach\u0119camy do tworzenia spersonalizowanego kana\u0142u LinkedIn Magento","demo_caption":"Dostosuj go i dodaj wid\u017cet do swojej witryny, korzystaj\u0105c z wersji demonstracyjnej na \u017cywo.","default_faq_hidden":"","app_template_category":[],"platform":"92","template_public_id":"","codecanyon_url":"","codecanyon_item_id":"","codecanyon_price":"","pricing_caption":"","pricing_elfsight_apps_hide_column":"","pricing_elfsight_apps_url":"","pricing_codecanyon_price_caption":"","integration_category":[],"integration_request_title":"","integration_request_cta":"","integration_platform":"","integrations":[],"platform_category":[],"video_schema_markup":"","price":"od 0 USD \/ miesi\u0105c","trial":"","benefits":[{"text":"Bezp\u0142atna pomoc w monta\u017cu"},{"text":"Skuteczna obs\u0142uga klienta"},{"text":"14-dniowa gwarancja zwrotu pieni\u0119dzy"}],"button_url":"#demo","button_target_blank":"0","button_nofollow":"0","attributes":[{"name":"Instaluje"},{"name":"Czu\u0142y"},{"name":"Kompatybilne przegl\u0105darki"}],"tags":[],"tags_disable_links":"0","hide_more_platforms":"","video_object":"","demo_hide_cta":"0","demo_hide_cloud_options":"0","pricing_title":"","pricing":[{"pricing_icon":"platform","pricing_title":"Elfsight Apps","pricing_title_caption":"Niezale\u017cne od platformy rozwi\u0105zanie cyfrowe, kt\u00f3re dzia\u0142a na ka\u017cdej stronie internetowej","pricing_price":"od 0 USD \/ miesi\u0105c","pricing_price_caption":"Zacznij od bezp\u0142atnego planu","pricing_benefits":[{"text":"Nielimitowane strony internetowe"},{"text":"Ca\u0142odobowa obs\u0142uga klienta"},{"text":"Bezp\u0142atna pomoc przy instalacji"},{"text":"Elastyczny projekt"}],"pricing_button_text":"Dodaj do witryny","pricing_button_url":"#demo"}],"related_apps_title":"","related_apps_hidden":"0","author":"","image":[],"title":"","job":"","social_networks":[]},"_links":{"self":[{"href":"https:\/\/elfsight.com\/pl\/wp-json\/wp\/v2\/pages\/5600","targetHints":{"allow":["GET"]}}],"collection":[{"href":"https:\/\/elfsight.com\/pl\/wp-json\/wp\/v2\/pages"}],"about":[{"href":"https:\/\/elfsight.com\/pl\/wp-json\/wp\/v2\/types\/page"}],"author":[{"embeddable":true,"href":"https:\/\/elfsight.com\/pl\/wp-json\/wp\/v2\/users\/9"}],"replies":[{"embeddable":true,"href":"https:\/\/elfsight.com\/pl\/wp-json\/wp\/v2\/comments?post=5600"}],"version-history":[{"count":2,"href":"https:\/\/elfsight.com\/pl\/wp-json\/wp\/v2\/pages\/5600\/revisions"}],"predecessor-version":[{"id":8498,"href":"https:\/\/elfsight.com\/pl\/wp-json\/wp\/v2\/pages\/5600\/revisions\/8498"}],"up":[{"embeddable":true,"href":"https:\/\/elfsight.com\/pl\/wp-json\/wp\/v2\/pages\/3395"}],"wp:attachment":[{"href":"https:\/\/elfsight.com\/pl\/wp-json\/wp\/v2\/media?parent=5600"}],"curies":[{"name":"wp","href":"https:\/\/api.w.org\/{rel}","templated":true}]}}