{"id":5599,"date":"2024-05-03T06:40:26","date_gmt":"2024-05-03T06:40:26","guid":{"rendered":"https:\/\/elfsight.com\/pl\/?page_id=5599"},"modified":"2025-06-17T08:06:04","modified_gmt":"2025-06-17T08:06:04","slug":"woocommerce","status":"publish","type":"page","link":"https:\/\/elfsight.com\/pl\/linkedin-feed-widget\/woocommerce\/","title":{"rendered":"LinkedIn Feed &#8211; WooCommerce"},"content":{"rendered":"\n<div class=\"application-platform-content-item-description application-platform-content-item\" id=\"description\" data-nav-section=\"description\">\n<h2>Umie\u015b\u0107 kana\u0142 LinkedIn w WooCommerce za darmo!<\/h2>\n<p>Widget Kana\u0142 LinkedIn zosta\u0142 stworzony specjalnie dla firm w celu prezentowania i promowania ich Tre\u015bci LinkedIn na stronach WooCommerce: wy\u015bwietlaj posty, zdj\u0119cia, klipy itp. Integracja wtyczki jest prosta \u2013 nie wymaga kodowania ani umiej\u0119tno\u015bci technicznych.<\/p>\n<p>Utw\u00f3rz styl kana\u0142u odpowiadaj\u0105cy preferencjom Twojej witryny i eksperymentuj, eksperymentuj\u0105c z niestandardowymi atrybutami, szablonami, uk\u0142adami i stylami post\u00f3w. Dodaj tryb wyskakuj\u0105cego okienka jako akcj\u0119 po klikni\u0119ciu, aby przyci\u0105gn\u0105\u0107 uwag\u0119 u\u017cytkownik\u00f3w. I wreszcie, ciesz si\u0119 wzbudzonym zaufaniem i wi\u0119kszymi mo\u017cliwo\u015bciami budowania marki.<\/p>\n<ul>\n  <li><strong>Zwi\u0119ksz zasi\u0119g swojej sieci dzi\u0119ki stronie firmowej LinkedIn.<\/strong><br>Rozbud\u017a nowe relacje w sferze zawodowej i zwi\u0119ksz generowanie potencjalnych klient\u00f3w, wykorzystuj\u0105c tre\u015bci z Twojego profilu LinkedIn.<\/li>\n  <li><strong>Rozbuduj baz\u0119 odbiorc\u00f3w LinkedIn.<\/strong><br>Przyci\u0105gnij uwag\u0119 spo\u0142eczno\u015bci u\u017cytkownik\u00f3w WooCommerce na sw\u00f3j LinkedIn i wywo\u0142aj du\u017ce zainteresowanie swoimi us\u0142ugami.<\/li>\n  <li><strong>Nadaj swojej firmie bardziej autentyczny wygl\u0105d.<\/strong><br>Zapewnij swojej marce dodatkowy wzrost wiarygodno\u015bci i wiarygodno\u015bci, integruj\u0105c najnowsze dzia\u0142ania LinkedIn bezpo\u015brednio na stronie witryny.<\/li>\n<\/ul>\n<p><b>Dodaj bezkodow\u0105 wtyczk\u0119 LinkedIn Feed do witryny WooCommerce, aby zwi\u0119kszy\u0107 niezawodno\u015b\u0107, wykaza\u0107 autentyczno\u015b\u0107 i rozszerzy\u0107 swoj\u0105 sie\u0107 dzi\u0119ki silnej weryfikacji spo\u0142eczno\u015bciowej.<\/b><\/p>\n\n<div class=\"faq\" data-component=\"FAQ\">\n<div class=\"faq-item\">\r\n\t\t\t\t\t<div class=\"faq-item-question\">\r\n\t\t\t\t\t\t<h3 class=\"faq-item-question-text\">Czy s\u0105 jakie\u015b inne narz\u0119dzia dla WooCommerce, kt\u00f3rych mog\u0119 u\u017cy\u0107 na mojej stronie internetowej?<\/h3>\r\n\r\n\t\t\t\t\t\t<div class=\"faq-item-question-icon\"><\/div>\r\n\t\t\t\t\t<\/div>\r\n\r\n\t\t\t\t\t<div class=\"faq-item-answer\">\r\n\t\t\t\t\t\t<div class=\"faq-item-answer-text\">\n<p>Tak, oczywi\u015bcie! Jako u\u017cytkownik witryny WooCommerce, Elfsight zapewnia dziesi\u0105tki narz\u0119dzi bez kodu, w tym bezkodow\u0105 wtyczk\u0119 LinkedIn Feed. Bez wzgl\u0119du na rodzaj prowadzonej dzia\u0142alno\u015bci lub nisz\u0119, w kt\u00f3rej pracujesz, zawsze warto szuka\u0107 okazji do pokazania swoich mocnych stron. Na przyk\u0142ad:<\/p>\n<ul>\n  <li>Aby utworzy\u0107 dowoln\u0105 inn\u0105 aplikacj\u0119 medi\u00f3w spo\u0142eczno\u015bciowych dla swojej witryny WooCommerce, rozwa\u017c skorzystanie z <a href=\"https:\/\/elfsight.com\/pinterest-feed-widget\/\">Pinteresta Kana\u0142<\/a> lub wid\u017cet <a href=\"https:\/\/elfsight.com\/instagram-feed-instashow\/\">Kana\u0142 na Instagramie<\/a> obok kana\u0142u LinkedIn.<\/li>\n  <li>Zdob\u0105d\u017a <a href=\"https:\/\/elfsight.com\/all-in-one-reviews-widget\/\">recenzje typu \u201ewszystko w jednym\u201d<\/a> lub <a href=\"https:\/\/elfsight.com\/google-reviews-widget\/\">Recenzje Google<\/a> umo\u017cliwiaj\u0105ce wy\u015bwietlanie opinii klient\u00f3w.<\/li>\n  <li>Umie\u015b\u0107 wid\u017cet <a href=\"https:\/\/elfsight.com\/online-form-builder\/\">Kreator formularzy<\/a>, aby zbiera\u0107 odpowiedzi i u\u0142atwia\u0107 komunikacj\u0119 z u\u017cytkownikami WooCommerce.<\/li>\n  <li>Dodaj <a href=\"https:\/\/elfsight.com\/countdown-timer-widget\/\">minutnik<\/a>, aby zwi\u0119kszy\u0107 oczekiwanie i wzbudzi\u0107 w\u015br\u00f3d widz\u00f3w poczucie pilno\u015bci.<\/li>\n<\/ul>\n<p>Pami\u0119taj, \u017ce te przyk\u0142ady to dopiero pocz\u0105tek szerokiej gamy dodatk\u00f3w do osadzania, kt\u00f3re mog\u0105 zaspokoi\u0107 Twoje specyficzne potrzeby biznesowe. Zacznij od LinkedIn Feed, a p\u00f3\u017aniej zapoznaj si\u0119 z obszern\u0105 kolekcj\u0105 wid\u017cet\u00f3w w naszym katalogu, kt\u00f3re mo\u017cesz doda\u0107 do swojej witryny!<\/p>\n<\/div>\r\n\t\t\t\t\t<\/div>\r\n\t\t\t\t<\/div>\n\n<div class=\"faq-item\">\r\n\t\t\t\t\t<div class=\"faq-item-question\">\r\n\t\t\t\t\t\t<h3 class=\"faq-item-question-text\">Jak bezp\u0142atnie osadzi\u0107 LinkedIn Feed w WooCommerce?<\/h3>\r\n\r\n\t\t\t\t\t\t<div class=\"faq-item-question-icon\"><\/div>\r\n\t\t\t\t\t<\/div>\r\n\r\n\t\t\t\t\t<div class=\"faq-item-answer\">\r\n\t\t\t\t\t\t<div class=\"faq-item-answer-text\">\n<p>Aby bezp\u0142atnie doda\u0107 pozbawiony kodu wid\u017cet LinkedIn Feed do swojej witryny WooCommerce, wykonaj nast\u0119puj\u0105ce kroki:<\/p>\n<ol>\n  <li>Spersonalizuj wygl\u0105d wtyczki LinkedIn Feed zgodnie ze swoimi upodobaniami.<\/li>\n  <li>Zaloguj si\u0119 do panelu administracyjnego Elfsight lub zarejestruj bezp\u0142atne konto.<\/li>\n  <li>Uzyskaj unikalny kod instalacyjny do osadzenia.<\/li>\n  <li>Przejd\u017a do swojej witryny WooCommerce.<\/li>\n  <li>Umie\u015b\u0107 kod w narz\u0119dziu do tworzenia witryn WooCommerce, aby doda\u0107 wtyczk\u0119 LinkedIn Feed. Wszystko gotowe!<\/li>\n<\/ol>\n<p>Jak wida\u0107, aby osadzi\u0107 wtyczk\u0119, nie trzeba biegle pisa\u0107 kodu. Z \u0142atwo\u015bci\u0105 utw\u00f3rz wid\u017cet kana\u0142u LinkedIn dla witryny WooCommerce i ciesz si\u0119 licznymi korzy\u015bciami, kt\u00f3re towarzysz\u0105 zwi\u0119kszeniu zasi\u0119gu.<\/p>\n<\/div>\r\n\t\t\t\t\t<\/div>\r\n\t\t\t\t<\/div>\n\n<div class=\"faq-item\">\r\n\t\t\t\t\t<div class=\"faq-item-question\">\r\n\t\t\t\t\t\t<h3 class=\"faq-item-question-text\">Czy musz\u0119 umie\u0107 kodowa\u0107 lub mie\u0107 umiej\u0119tno\u015bci programowania, aby osadzi\u0107 kana\u0142 LinkedIn w WooCommerce?<\/h3>\r\n\r\n\t\t\t\t\t\t<div class=\"faq-item-question-icon\"><\/div>\r\n\t\t\t\t\t<\/div>\r\n\r\n\t\t\t\t\t<div class=\"faq-item-answer\">\r\n\t\t\t\t\t\t<div class=\"faq-item-answer-text\">\n<p>Nie. Nie jest wymagana \u017cadna umiej\u0119tno\u015b\u0107 kodowania. Mo\u017cesz utworzy\u0107 i doda\u0107 wtyczk\u0119 LinkedIn Feed do swojej witryny WooCommerce bez szczeg\u00f3lnego do\u015bwiadczenia lub znajomo\u015bci kodu.<\/p>\n<\/div>\r\n\t\t\t\t\t<\/div>\r\n\t\t\t\t<\/div>\n<\/div>\n<\/div>\n\n<div class=\"application-platform-content-item-features application-platform-content-item\" id=\"features\" data-nav-section=\"features\">\n<h2>Znajd\u017a poni\u017cej podstawowe funkcje wid\u017cetu:<\/h2>\n<ul>\n  <li>Emisja r\u00f3\u017cnych form tre\u015bci: wpisy na blogu, obrazy, klipy itp.<\/li>\n  <li>Filtruj posty w kanale wed\u0142ug s\u0142\u00f3w kluczowych, hashtag\u00f3w lub adres\u00f3w URL.<\/li>\n  <li>Dodaj przyciski CTA, aby poprawi\u0107 wsp\u00f3\u0142czynnik zaanga\u017cowania na kanale LinkedIn Twojej firmy.<\/li>\n  <li>Dynamiczny tryb wyskakuj\u0105cych okienek, kt\u00f3ry przyci\u0105ga uwag\u0119 u\u017cytkownik\u00f3w witryny do tre\u015bci LinkedIn.<\/li>\n  <li>\u0141atwe opcje dostosowywania bez konieczno\u015bci pisania kodu: gotowe do u\u017cycia szablony, generator schemat\u00f3w kolor\u00f3w, pi\u0119\u0107 modnych uk\u0142ad\u00f3w, style post\u00f3w, niestandardowy CSS i nie tylko.<\/li>\n<\/ul>\n<p><a href=\"#demo\">Mo\u017cesz sprawdzi\u0107, czy widget jest dla Ciebie, korzystaj\u0105c z wersji demonstracyjnej<\/a><\/p>\n<\/div>\n\n<div class=\"application-platform-content-item-installation application-platform-content-item\" id=\"installation\" data-nav-section=\"installation\">\n<h2>Jak doda\u0107 wtyczk\u0119 LinkedIn Feed do mojej witryny WooCommerce?<\/h2>\n<p>Je\u015bli chcesz doda\u0107 bezkodowy wid\u017cet LinkedIn Feed do swojej witryny WooCommerce, wykonaj poni\u017csze kroki:<\/p>\n<ol>\n  <li><b>Skorzystaj z naszego bezp\u0142atnego konfiguratora i zacznij tworzy\u0107 sw\u00f3j niestandardowy wid\u017cet LinkedIn Feed.<\/b><br>Okre\u015bl po\u017c\u0105dan\u0105 form\u0119 i specyfikacje wid\u017cetu i zastosuj zmiany.<\/li>\n  <li><b>Odbierz unikalny kod pojawiaj\u0105cy si\u0119 w polu aplikacji Elfsight.<\/b><br>Zaraz po zako\u0144czeniu tworzenia wtyczki skopiuj indywidualny kod z pojawiaj\u0105cego si\u0119 wyskakuj\u0105cego okienka i zapisz go do p\u00f3\u017aniejszego wykorzystania.<\/li>\n  <li><b>Rozpocznij korzystanie z narz\u0119dzia na swojej stronie WooCommerce.<\/b><br>Dodaj kod zapisany wcze\u015bniej na swojej stronie i zastosuj poprawki.<\/li>\n  <li><b>Instalacja zosta\u0142a ca\u0142kowicie zako\u0144czona.<\/b><br>Przejd\u017a do swojej witryny, aby zobaczy\u0107 w akcji dzia\u0142anie wid\u017cetu LinkedIn Feed.<\/li>\n<\/ol>\n<p>W przypadku pyta\u0144 lub problem\u00f3w zwi\u0105zanych z dodawaniem wid\u017cetu prosimy o kontakt z naszym zespo\u0142em obs\u0142ugi klienta. Nasi ludzie z przyjemno\u015bci\u0105 rozwi\u0105\u017c\u0105 wszystkie problemy, jakie mo\u017cesz mie\u0107 dzi\u0119ki darmowej wtyczce LinkedIn Feed dla witryn WooCommerce.<\/p>\n<\/div>\n\n","protected":false},"excerpt":{"rendered":"","protected":false},"author":9,"featured_media":0,"parent":3395,"menu_order":0,"comment_status":"closed","ping_status":"closed","template":"templates\/template-application-platform.php","meta":{"publish_to_discourse":"","publish_post_category":"","wpdc_auto_publish_overridden":"","wpdc_topic_tags":"","wpdc_pin_topic":"","wpdc_pin_until":"","discourse_post_id":"","discourse_permalink":"","wpdc_publishing_response":"","wpdc_publishing_error":"","footnotes":""},"class_list":["post-5599","page","type-page","status-publish","hentry"],"yoast_head":"<!-- This site is optimized with the Yoast SEO plugin v25.3.1 - https:\/\/yoast.com\/wordpress\/plugins\/seo\/ -->\n<title>Kana\u0142 LinkedIn \u2014 dodaj wtyczk\u0119 Feed do WooCommerce [za darmo!]<\/title>\n<meta name=\"description\" content=\"Umie\u015b\u0107 niekoduj\u0105c\u0105 wtyczk\u0119 LinkedIn Feed na swojej stronie WooCommerce. Zbuduj sw\u00f3j widget, korzystaj\u0105c z wersji demonstracyjnej na \u017cywo i gotowych szablon\u00f3w, aby uzyska\u0107 mocny dow\u00f3d spo\u0142eczno\u015bciowy.\" \/>\n<meta name=\"robots\" content=\"index, follow, max-snippet:-1, max-image-preview:large, max-video-preview:-1\" \/>\n<link rel=\"canonical\" href=\"https:\/\/elfsight.com\/pl\/linkedin-feed-widget\/woocommerce\/\" \/>\n<meta property=\"og:locale\" content=\"pl_PL\" \/>\n<meta property=\"og:type\" content=\"article\" \/>\n<meta property=\"og:title\" content=\"Kana\u0142 LinkedIn \u2014 dodaj wtyczk\u0119 Feed do WooCommerce [za darmo!]\" \/>\n<meta property=\"og:description\" content=\"Umie\u015b\u0107 niekoduj\u0105c\u0105 wtyczk\u0119 LinkedIn Feed na swojej stronie WooCommerce. Zbuduj sw\u00f3j widget, korzystaj\u0105c z wersji demonstracyjnej na \u017cywo i gotowych szablon\u00f3w, aby uzyska\u0107 mocny dow\u00f3d spo\u0142eczno\u015bciowy.\" \/>\n<meta property=\"og:url\" content=\"https:\/\/elfsight.com\/pl\/linkedin-feed-widget\/woocommerce\/\" \/>\n<meta property=\"og:site_name\" content=\"Elfsight PL\" \/>\n<meta property=\"article:modified_time\" content=\"2025-06-17T08:06:04+00:00\" \/>\n<meta name=\"twitter:card\" content=\"summary_large_image\" \/>\n<meta name=\"twitter:label1\" content=\"Szacowany czas czytania\" \/>\n\t<meta name=\"twitter:data1\" content=\"5 minut\" \/>\n<!-- \/ Yoast SEO plugin. -->","yoast_head_json":{"title":"Kana\u0142 LinkedIn \u2014 dodaj wtyczk\u0119 Feed do WooCommerce [za darmo!]","description":"Umie\u015b\u0107 niekoduj\u0105c\u0105 wtyczk\u0119 LinkedIn Feed na swojej stronie WooCommerce. Zbuduj sw\u00f3j widget, korzystaj\u0105c z wersji demonstracyjnej na \u017cywo i gotowych szablon\u00f3w, aby uzyska\u0107 mocny dow\u00f3d spo\u0142eczno\u015bciowy.","robots":{"index":"index","follow":"follow","max-snippet":"max-snippet:-1","max-image-preview":"max-image-preview:large","max-video-preview":"max-video-preview:-1"},"canonical":"https:\/\/elfsight.com\/pl\/linkedin-feed-widget\/woocommerce\/","og_locale":"pl_PL","og_type":"article","og_title":"Kana\u0142 LinkedIn \u2014 dodaj wtyczk\u0119 Feed do WooCommerce [za darmo!]","og_description":"Umie\u015b\u0107 niekoduj\u0105c\u0105 wtyczk\u0119 LinkedIn Feed na swojej stronie WooCommerce. Zbuduj sw\u00f3j widget, korzystaj\u0105c z wersji demonstracyjnej na \u017cywo i gotowych szablon\u00f3w, aby uzyska\u0107 mocny dow\u00f3d spo\u0142eczno\u015bciowy.","og_url":"https:\/\/elfsight.com\/pl\/linkedin-feed-widget\/woocommerce\/","og_site_name":"Elfsight PL","article_modified_time":"2025-06-17T08:06:04+00:00","twitter_card":"summary_large_image","twitter_misc":{"Szacowany czas czytania":"5 minut"},"schema":{"@context":"https:\/\/schema.org","@graph":[{"@type":"WebPage","@id":"https:\/\/elfsight.com\/pl\/linkedin-feed-widget\/woocommerce\/","url":"https:\/\/elfsight.com\/pl\/linkedin-feed-widget\/woocommerce\/","name":"Kana\u0142 LinkedIn \u2014 dodaj wtyczk\u0119 Feed do WooCommerce [za darmo!]","isPartOf":{"@id":"https:\/\/elfsight.com\/pl\/#website"},"datePublished":"2024-05-03T06:40:26+00:00","dateModified":"2025-06-17T08:06:04+00:00","description":"Umie\u015b\u0107 niekoduj\u0105c\u0105 wtyczk\u0119 LinkedIn Feed na swojej stronie WooCommerce. Zbuduj sw\u00f3j widget, korzystaj\u0105c z wersji demonstracyjnej na \u017cywo i gotowych szablon\u00f3w, aby uzyska\u0107 mocny dow\u00f3d spo\u0142eczno\u015bciowy.","breadcrumb":{"@id":"https:\/\/elfsight.com\/pl\/linkedin-feed-widget\/woocommerce\/#breadcrumb"},"inLanguage":"pl-PL","potentialAction":[{"@type":"ReadAction","target":["https:\/\/elfsight.com\/pl\/linkedin-feed-widget\/woocommerce\/"]}]},{"@type":"BreadcrumbList","@id":"https:\/\/elfsight.com\/pl\/linkedin-feed-widget\/woocommerce\/#breadcrumb","itemListElement":[{"@type":"ListItem","position":1,"name":"Home","item":"https:\/\/elfsight.com\/pl\/"},{"@type":"ListItem","position":2,"name":"LinkedIn Feed","item":"https:\/\/elfsight.com\/pl\/linkedin-feed-widget\/"},{"@type":"ListItem","position":3,"name":"LinkedIn Feed &#8211; WooCommerce"}]},{"@type":"WebSite","@id":"https:\/\/elfsight.com\/pl\/#website","url":"https:\/\/elfsight.com\/pl\/","name":"Elfsight PL","description":"Just another Elfsight Sites site","potentialAction":[{"@type":"SearchAction","target":{"@type":"EntryPoint","urlTemplate":"https:\/\/elfsight.com\/pl\/?s={search_term_string}"},"query-input":{"@type":"PropertyValueSpecification","valueRequired":true,"valueName":"search_term_string"}}],"inLanguage":"pl-PL"}]}},"meta_box":{"industry":"","seo_heading":"","heading":"","description":"","cta_heading":"","cta_description":"","application":"3348","h1":"Jak osadzi\u0107 kana\u0142 LinkedIn na WooCommerce za darmo!","h1_caption":"Wy\u015bwietlaj posty ze swojego profilu na LinkedIn lub strony firmowej w swojej witrynie, bez wysi\u0142ku zwi\u0119kszaj\u0105c swoj\u0105 profesjonaln\u0105 obecno\u015b\u0107 w Internecie na swojej stronie WooCommerce.","application_category":[],"applications_title":"","applications_request_title":"","applications_request_button_text":"","hero_text":"","hero_video":"","hero_video_schema_markup":"","selling_points_title":"","selling_points_caption":"","selling_points":[],"selling_points_cta_text":"","features_title":"","features":"","ed_cta_examples_text":"","ed_cta_examples_hidden":"","ed_cta_demo_text":"","ed_cta_demo_hidden":"","why_caption":"","why_editor_title":"","why_editor_text":"","why_team_title":"","why_team_text":"","why_service_title":"","why_service_text":"","template_catalog_visible":"0","template_catalog_title":"","template_catalog_text":"","template_catalog_categories_visible":"","demo_title":"Mo\u017cesz skomponowa\u0107 niestandardowy kana\u0142 LinkedIn WooCommerce","demo_caption":"Dostosuj go i umie\u015b\u0107 wtyczk\u0119 na swojej stronie za pomoc\u0105 wersji demonstracyjnej na \u017cywo.","default_faq_hidden":"","app_template_category":[],"platform":"335","template_public_id":"","codecanyon_url":"","codecanyon_item_id":"","codecanyon_price":"","pricing_caption":"","pricing_elfsight_apps_hide_column":"","pricing_elfsight_apps_url":"","pricing_codecanyon_price_caption":"","integration_category":[],"integration_request_title":"","integration_request_cta":"","integration_platform":"","integrations":[],"platform_category":[],"video_schema_markup":"","price":"od 0 USD \/ miesi\u0105c","trial":"","benefits":[{"text":"Bezp\u0142atna pomoc w monta\u017cu"},{"text":"Profesjonalna obs\u0142uga klienta"},{"text":"14-dniowa gwarancja zwrotu pieni\u0119dzy"}],"button_url":"#demo","button_target_blank":"0","button_nofollow":"0","attributes":[{"name":"Instaluje"},{"name":"Czu\u0142y"},{"name":"Kompatybilne przegl\u0105darki"}],"tags":[],"tags_disable_links":"0","hide_more_platforms":"0","video_object":"","demo_hide_cta":"0","demo_hide_cloud_options":"0","pricing_title":"","pricing":[{"pricing_icon":"platform","pricing_title":"Elfsight Apps","pricing_title_caption":"Wersja niezale\u017cna od platformy, kt\u00f3ra dzia\u0142a na ka\u017cdej stronie internetowej","pricing_price":"od 0 USD \/ miesi\u0105c","pricing_price_caption":"Zacznij od bezp\u0142atnego planu","pricing_benefits":[{"text":"Nielimitowane strony internetowe"},{"text":"Szybkie wsparcie firmy"},{"text":"Bezp\u0142atna pomoc w monta\u017cu"},{"text":"100% konfigurowalny"}],"pricing_button_text":"Dodaj do witryny","pricing_button_url":"#demo"}],"related_apps_title":"","related_apps_hidden":"0","author":"","image":[],"title":"","job":"","social_networks":[]},"_links":{"self":[{"href":"https:\/\/elfsight.com\/pl\/wp-json\/wp\/v2\/pages\/5599","targetHints":{"allow":["GET"]}}],"collection":[{"href":"https:\/\/elfsight.com\/pl\/wp-json\/wp\/v2\/pages"}],"about":[{"href":"https:\/\/elfsight.com\/pl\/wp-json\/wp\/v2\/types\/page"}],"author":[{"embeddable":true,"href":"https:\/\/elfsight.com\/pl\/wp-json\/wp\/v2\/users\/9"}],"replies":[{"embeddable":true,"href":"https:\/\/elfsight.com\/pl\/wp-json\/wp\/v2\/comments?post=5599"}],"version-history":[{"count":2,"href":"https:\/\/elfsight.com\/pl\/wp-json\/wp\/v2\/pages\/5599\/revisions"}],"predecessor-version":[{"id":10097,"href":"https:\/\/elfsight.com\/pl\/wp-json\/wp\/v2\/pages\/5599\/revisions\/10097"}],"up":[{"embeddable":true,"href":"https:\/\/elfsight.com\/pl\/wp-json\/wp\/v2\/pages\/3395"}],"wp:attachment":[{"href":"https:\/\/elfsight.com\/pl\/wp-json\/wp\/v2\/media?parent=5599"}],"curies":[{"name":"wp","href":"https:\/\/api.w.org\/{rel}","templated":true}]}}