{"id":5598,"date":"2024-05-03T06:40:25","date_gmt":"2024-05-03T06:40:25","guid":{"rendered":"https:\/\/elfsight.com\/pl\/?page_id=5598"},"modified":"2024-10-24T13:20:19","modified_gmt":"2024-10-24T13:20:19","slug":"blogger","status":"publish","type":"page","link":"https:\/\/elfsight.com\/pl\/linkedin-feed-widget\/blogger\/","title":{"rendered":"LinkedIn Feed &#8211; Blogger"},"content":{"rendered":"<div class=\"application-platform-content-item-description application-platform-content-item\" id=\"description\" data-nav-section=\"description\"> <h2>Umie\u015b\u0107 kana\u0142 LinkedIn w Bloggerze za darmo!<\/h2> <p>Wtyczka LinkedIn Feed to najlepsze narz\u0119dzie dla firm do prezentowania i reklamowania ich tre\u015bci LinkedIn w witrynach Bloggera: wy\u015bwietlanie post\u00f3w, obraz\u00f3w, film\u00f3w itp. Instalacja wtyczki wymaga kilku klikni\u0119\u0107 przycisku \u2014 nie s\u0105 wymagane \u017cadne umiej\u0119tno\u015bci kodowania ani programowania. <\/p> <p>Stw\u00f3rz wygl\u0105d pasuj\u0105cy do estetyki Twojej witryny i pozosta\u0144 wierny marce, \u0142\u0105cz\u0105c niestandardowe elementy kana\u0142u, szablony wid\u017cet\u00f3w, uk\u0142ady i style post\u00f3w. Dodaj efekt wyskakuj\u0105cego okienka jako akcj\u0119 po klikni\u0119ciu, aby przyci\u0105gn\u0105\u0107 uwag\u0119 u\u017cytkownik\u00f3w. Wreszcie, do\u015bwiadcz wi\u0119kszej wiarygodno\u015bci i lepszego wska\u017anika zaanga\u017cowania. <\/p> <ul><li><strong>Wzmocnij swoje mo\u017cliwo\u015bci sieciowe dzi\u0119ki stronie firmowej LinkedIn.<\/strong><br>Zbuduj nowe po\u0142\u0105czenia w \u015bwiecie handlu i zwi\u0119ksz liczb\u0119 potencjalnych klient\u00f3w dzi\u0119ki tre\u015bciom z Twojego profilu LinkedIn . <\/li><li><strong>Zwi\u0119ksz liczb\u0119 obserwuj\u0105cych na LinkedIn.<\/strong> <br>Podkre\u015bl swoj\u0105 obecno\u015b\u0107 na LinkedIn w\u015br\u00f3d u\u017cytkownik\u00f3w witryny Bloggera i wzbudzj du\u017ce zainteresowanie swoj\u0105 ofert\u0105.<\/li><li><strong>Wzmocnij swoj\u0105 obecno\u015b\u0107 w serwisie LinkedIn autentyczno\u015b\u0107 Twojej firmy.<\/strong> <br>Zapewnij dodatkow\u0105 warstw\u0119 wiarygodno\u015bci i wiarygodno\u015bci swojej marce, prezentuj\u0105c najnowsz\u0105 aktywno\u015b\u0107 LinkedIn bezpo\u015brednio na stronie witryny.<\/li><\/ul><p><b>Dodaj pozbawiony kodu wid\u017cet LinkedIn Feed do witryny Bloggera, aby budowa\u0107 zaufanie, promowa\u0107 autentyczno\u015b\u0107 i poszerza\u0107 kontakty dzi\u0119ki solidnym dowodom spo\u0142eczno\u015bciowym. <\/b><\/p> <div class=\"faq\" data-component=\"FAQ\"><div class=\"faq-item\">\r\n\t\t\t\t\t<div class=\"faq-item-question\">\r\n\t\t\t\t\t\t<h3 class=\"faq-item-question-text\">Czy s\u0105 jakie\u015b inne narz\u0119dzia dla Bloggera, kt\u00f3rych mog\u0119 u\u017cywa\u0107 w mojej witrynie? <\/h3>\r\n\r\n\t\t\t\t\t\t<div class=\"faq-item-question-icon\"><\/div>\r\n\t\t\t\t\t<\/div>\r\n\r\n\t\t\t\t\t<div class=\"faq-item-answer\">\r\n\t\t\t\t\t\t<div class=\"faq-item-answer-text\"><p>Tak, oczywi\u015bcie! Bycie u\u017cytkownikiem Bloggera otwiera mn\u00f3stwo bezp\u0142atnych narz\u0119dzi Elfsight, a wtyczka LinkedIn Feed to tylko jedna z wielu dost\u0119pnych opcji. Niezale\u017cnie od niszy biznesowej lub bran\u017cy, zawsze warto szuka\u0107 okazji do pokazania swoich mocnych stron. Oto kilka mo\u017cliwo\u015bci: <\/p><ul><li>Aby utworzy\u0107 dla swojej witryny Bloggera dowoln\u0105 inn\u0105 aplikacj\u0119 medi\u00f3w spo\u0142eczno\u015bciowych podobn\u0105 do kana\u0142u LinkedIn, rozwa\u017c skorzystanie z <a href=\"https:\/\/elfsight.com\/pinterest- Feed-widget\/\">Kana\u0142 Pinteresta<\/a> lub wid\u017cet <a href=\"https:\/\/elfsight.com\/instagram-feed-instashow\/\">Kana\u0142 Instagrama<\/a>. <\/li><li>Skorzystaj z <a href=\"https:\/\/elfsight.com\/all-in-one-reviews-widget\/\">recenzji All-in-One<\/a> lub <a href=\"https:\/\/elfsight.com\/google-reviews-widget\/\">Recenzje Google<\/a>, wtyczka umo\u017cliwiaj\u0105ca wy\u015bwietlanie cennych opinii klient\u00f3w. <\/li><li>Umie\u015b\u0107 <a href=\"https:\/\/elfsight.com\/online-form-builder\/\">Kreator formularzy<\/a>, aby usprawni\u0107 zbieranie odpowiedzi i umo\u017cliwi\u0107 u\u017cytkownikom witryny Bloggera kontakt z Tob\u0105. <\/li> <li>Dodaj <a href=\"https:\/\/elfsight.com\/countdown-timer-widget\/\">minutnik<\/a>, aby wygenerowa\u0107 zaanga\u017cowanie i stworzy\u0107 poczucie niedoboru w\u015br\u00f3d odbiorc\u00f3w. <\/li><\/ul><p>Pami\u0119taj, \u017ce te sugestie to dopiero pocz\u0105tek. Zapoznaj si\u0119 z reszt\u0105 naszego katalogu wid\u017cet\u00f3w, kt\u00f3re mo\u017cesz doda\u0107 po wdro\u017ceniu wtyczki LinkedIn Feed w swojej witrynie, aby odkry\u0107 jeszcze wi\u0119cej sposob\u00f3w na zaspokojenie specyficznych wymaga\u0144 biznesowych! <\/p><\/div>\r\n\t\t\t\t\t<\/div>\r\n\t\t\t\t<\/div><div class=\"faq-item\">\r\n\t\t\t\t\t<div class=\"faq-item-question\">\r\n\t\t\t\t\t\t<h3 class=\"faq-item-question-text\">Jak bezp\u0142atnie osadzi\u0107 kana\u0142 LinkedIn w Bloggerze? <\/h3>\r\n\r\n\t\t\t\t\t\t<div class=\"faq-item-question-icon\"><\/div>\r\n\t\t\t\t\t<\/div>\r\n\r\n\t\t\t\t\t<div class=\"faq-item-answer\">\r\n\t\t\t\t\t\t<div class=\"faq-item-answer-text\"><p>Je\u015bli chcesz bezp\u0142atnie doda\u0107 wtyczk\u0119 LinkedIn Feed do swojej witryny Bloggera za darmo, wykonaj nast\u0119puj\u0105ce kroki poni\u017cej: <\/p> <ol><li>Dostosuj wygl\u0105d wid\u017cetu LinkedIn Feed, aby odzwierciedla\u0142 projekt Twojej witryny internetowej. <\/li><li>Zaloguj si\u0119 do panelu kontrolnego Elfsight lub za\u0142\u00f3\u017c bezp\u0142atny profil. <\/li><li>Otrzymaj automatycznie wygenerowany kod do umieszczenia na stronie, kt\u00f3ry mo\u017cesz doda\u0107 do swojej witryny. <\/li><li>Uzyskaj dost\u0119p do swojej witryny Bloggera. <\/li><li>Wstaw kod do edytora witryny Bloggera, aby doda\u0107 wid\u017cet Kana\u0142 LinkedIn. Jeste\u015b sko\u0144czony! <\/li><\/ol><p>Jak wida\u0107, nie ma konieczno\u015bci opanowania pisania kodu, aby osadzi\u0107 wtyczk\u0119. Z \u0142atwo\u015bci\u0105 utw\u00f3rz pozbawiony kodu wid\u017cet kana\u0142u LinkedIn dla witryny Bloggera i ciesz si\u0119 r\u00f3\u017cnymi korzy\u015bciami, jakie pojawiaj\u0105 si\u0119 na drodze do poszerzania grona odbiorc\u00f3w. <\/p><\/div>\r\n\t\t\t\t\t<\/div>\r\n\t\t\t\t<\/div><div class=\"faq-item\">\r\n\t\t\t\t\t<div class=\"faq-item-question\">\r\n\t\t\t\t\t\t<h3 class=\"faq-item-question-text\">Czy musz\u0119 umie\u0107 kodowa\u0107 lub mie\u0107 umiej\u0119tno\u015bci programowania, aby doda\u0107 wtyczk\u0119 LinkedIn Feed do Bloggera? <\/h3>\r\n\r\n\t\t\t\t\t\t<div class=\"faq-item-question-icon\"><\/div>\r\n\t\t\t\t\t<\/div>\r\n\r\n\t\t\t\t\t<div class=\"faq-item-answer\">\r\n\t\t\t\t\t\t<div class=\"faq-item-answer-text\"><p>Nie, nie masz obowi\u0105zku ich posiadania. Umiej\u0119tno\u015b\u0107 kodowania jest niepotrzebna. Masz pe\u0142ne mo\u017cliwo\u015bci tworzenia i dodawania wtyczki LinkedIn Feed do swojej witryny Bloggera, nawet bez specjalistycznej wiedzy lub wcze\u015bniejszego do\u015bwiadczenia z kodowaniem. <\/p> <\/div>\r\n\t\t\t\t\t<\/div>\r\n\t\t\t\t<\/div><\/div><div class=\"application-platform-content-item-features application-platform-content-item\" id=\"features\" data-nav-section=\"features\"><\/div> <h2>Najcenniejsze funkcje widget\u00f3w zawieraj\u0105<\/h2> <ul><li>Wy\u015bwietlaj r\u00f3\u017cnorodne tre\u015bci LinkedIn: wpisy na blogu, zdj\u0119cia , filmy itp. <\/li><li>Grupuj wpisy w kana\u0142ach wed\u0142ug s\u0142\u00f3w kluczowych, hashtag\u00f3w lub filtr\u00f3w URL. <\/li><li>Dodaj przyciski wezwania do dzia\u0142ania, aby zwi\u0119kszy\u0107 zaanga\u017cowanie w kanale firmowym LinkedIn. <\/li><li>Przyci\u0105gaj\u0105cy wzrok efekt wyskakuj\u0105cego okienka, kt\u00f3ry przyci\u0105ga uwag\u0119 do tre\u015bci LinkedIn. <\/li><li>Zaawansowane dostosowywanie bez konieczno\u015bci kodowania: gotowe szablony, kreator schemat\u00f3w kolor\u00f3w, wiele projekt\u00f3w uk\u0142ad\u00f3w, style post\u00f3w, niestandardowy CSS itp. <\/li><\/ul><p><a href=\"#demo\">Poznaj wszystkie ustawienia w pe\u0142ni funkcjonalnej wersji demonstracyjnej wid\u017cetu<\/a><\/p> <\/div> <div class=\"application-platform-content-item-installation application-platform-content-item\" id=\"installation\" data-nav-section=\"installation\"> <h2>Jak mog\u0119 osadzi\u0107 LinkedIn Feed w mojej witrynie Bloggera? <\/h2> <p>Aby doda\u0107 pozbawiony kodu kana\u0142 LinkedIn do swojej witryny Bloggera, post\u0119puj zgodnie z poni\u017cszymi instrukcjami: <\/p> <ol><li><b>Zarz\u0105dzaj nasz\u0105 bezp\u0142atn\u0105 wersj\u0105 demonstracyjn\u0105 i zacznij tworzy\u0107 sw\u00f3j unikalny wid\u017cet kana\u0142u LinkedIn. <\/b><br> Wybierz preferowany interfejs i cechy funkcjonalne wtyczki i zapisz poprawki. <\/li> <li><b>Skopiuj sw\u00f3j indywidualny kod wy\u015bwietlany w specjalnym formularzu w aplikacjach Elfsight. <\/b><br> Po zako\u0144czeniu konfiguracji osobistej wtyczki skopiuj ekskluzywny kod z wy\u015bwietlonego pola i zachowaj go na dalsze potrzeby. <\/li> <li><b>Rozpocznij korzystanie z wid\u017cetu w witrynie Bloggera. <\/b><br> Umie\u015b\u0107 skopiowany ostatnio kod na swojej stronie internetowej i zapisz poprawki. <\/li> <li><b>Gotowe! Konfiguracja zosta\u0142a pomy\u015blnie przeprowadzona. <\/b><br> Przejd\u017a do swojej witryny, aby sprawdzi\u0107, jak dzia\u0142a wtyczka LinkedIn Feed. <\/li><\/ol> <p>Je\u015bli napotkasz jakie\u015b przeszkody podczas dodawania wid\u017cetu, mo\u017cesz zwr\u00f3ci\u0107 si\u0119 o pomoc do naszego personelu pomocy technicznej. Nasi konsultanci ch\u0119tnie odpowiedz\u0105 na wszystkie pytania dotycz\u0105ce bezp\u0142atnej wtyczki LinkedIn Feed dla witryn Bloggera. <\/p> <\/div>","protected":false},"excerpt":{"rendered":"","protected":false},"author":9,"featured_media":0,"parent":3395,"menu_order":0,"comment_status":"closed","ping_status":"closed","template":"templates\/template-application-platform.php","meta":{"publish_to_discourse":"","publish_post_category":"","wpdc_auto_publish_overridden":"","wpdc_topic_tags":"","wpdc_pin_topic":"","wpdc_pin_until":"","discourse_post_id":"","discourse_permalink":"","wpdc_publishing_response":"","wpdc_publishing_error":"","footnotes":""},"class_list":["post-5598","page","type-page","status-publish","hentry"],"yoast_head":"<!-- This site is optimized with the Yoast SEO plugin v25.3.1 - https:\/\/yoast.com\/wordpress\/plugins\/seo\/ -->\n<title>Kana\u0142 LinkedIn \u2014 dodaj wid\u017cet kana\u0142u do Bloggera [za darmo!]<\/title>\n<meta name=\"description\" content=\"Umie\u015b\u0107 wid\u017cet LinkedIn Feed bez kodowania w swojej witrynie Bloggera. Zbuduj swoj\u0105 wtyczk\u0119, korzystaj\u0105c z wersji demonstracyjnej na \u017cywo i gotowych szablon\u00f3w, aby uzyska\u0107 mocny dow\u00f3d spo\u0142eczno\u015bciowy.\" \/>\n<meta name=\"robots\" content=\"index, follow, max-snippet:-1, max-image-preview:large, max-video-preview:-1\" \/>\n<link rel=\"canonical\" href=\"https:\/\/elfsight.com\/pl\/linkedin-feed-widget\/blogger\/\" \/>\n<meta property=\"og:locale\" content=\"pl_PL\" \/>\n<meta property=\"og:type\" content=\"article\" \/>\n<meta property=\"og:title\" content=\"Kana\u0142 LinkedIn \u2014 dodaj wid\u017cet kana\u0142u do Bloggera [za darmo!]\" \/>\n<meta property=\"og:description\" content=\"Umie\u015b\u0107 wid\u017cet LinkedIn Feed bez kodowania w swojej witrynie Bloggera. Zbuduj swoj\u0105 wtyczk\u0119, korzystaj\u0105c z wersji demonstracyjnej na \u017cywo i gotowych szablon\u00f3w, aby uzyska\u0107 mocny dow\u00f3d spo\u0142eczno\u015bciowy.\" \/>\n<meta property=\"og:url\" content=\"https:\/\/elfsight.com\/pl\/linkedin-feed-widget\/blogger\/\" \/>\n<meta property=\"og:site_name\" content=\"Elfsight PL\" \/>\n<meta property=\"article:modified_time\" content=\"2024-10-24T13:20:19+00:00\" \/>\n<meta name=\"twitter:card\" content=\"summary_large_image\" \/>\n<meta name=\"twitter:label1\" content=\"Szacowany czas czytania\" \/>\n\t<meta name=\"twitter:data1\" content=\"5 minut\" \/>\n<!-- \/ Yoast SEO plugin. -->","yoast_head_json":{"title":"Kana\u0142 LinkedIn \u2014 dodaj wid\u017cet kana\u0142u do Bloggera [za darmo!]","description":"Umie\u015b\u0107 wid\u017cet LinkedIn Feed bez kodowania w swojej witrynie Bloggera. Zbuduj swoj\u0105 wtyczk\u0119, korzystaj\u0105c z wersji demonstracyjnej na \u017cywo i gotowych szablon\u00f3w, aby uzyska\u0107 mocny dow\u00f3d spo\u0142eczno\u015bciowy.","robots":{"index":"index","follow":"follow","max-snippet":"max-snippet:-1","max-image-preview":"max-image-preview:large","max-video-preview":"max-video-preview:-1"},"canonical":"https:\/\/elfsight.com\/pl\/linkedin-feed-widget\/blogger\/","og_locale":"pl_PL","og_type":"article","og_title":"Kana\u0142 LinkedIn \u2014 dodaj wid\u017cet kana\u0142u do Bloggera [za darmo!]","og_description":"Umie\u015b\u0107 wid\u017cet LinkedIn Feed bez kodowania w swojej witrynie Bloggera. Zbuduj swoj\u0105 wtyczk\u0119, korzystaj\u0105c z wersji demonstracyjnej na \u017cywo i gotowych szablon\u00f3w, aby uzyska\u0107 mocny dow\u00f3d spo\u0142eczno\u015bciowy.","og_url":"https:\/\/elfsight.com\/pl\/linkedin-feed-widget\/blogger\/","og_site_name":"Elfsight PL","article_modified_time":"2024-10-24T13:20:19+00:00","twitter_card":"summary_large_image","twitter_misc":{"Szacowany czas czytania":"5 minut"},"schema":{"@context":"https:\/\/schema.org","@graph":[{"@type":"WebPage","@id":"https:\/\/elfsight.com\/pl\/linkedin-feed-widget\/blogger\/","url":"https:\/\/elfsight.com\/pl\/linkedin-feed-widget\/blogger\/","name":"Kana\u0142 LinkedIn \u2014 dodaj wid\u017cet kana\u0142u do Bloggera [za darmo!]","isPartOf":{"@id":"https:\/\/elfsight.com\/pl\/#website"},"datePublished":"2024-05-03T06:40:25+00:00","dateModified":"2024-10-24T13:20:19+00:00","description":"Umie\u015b\u0107 wid\u017cet LinkedIn Feed bez kodowania w swojej witrynie Bloggera. Zbuduj swoj\u0105 wtyczk\u0119, korzystaj\u0105c z wersji demonstracyjnej na \u017cywo i gotowych szablon\u00f3w, aby uzyska\u0107 mocny dow\u00f3d spo\u0142eczno\u015bciowy.","breadcrumb":{"@id":"https:\/\/elfsight.com\/pl\/linkedin-feed-widget\/blogger\/#breadcrumb"},"inLanguage":"pl-PL","potentialAction":[{"@type":"ReadAction","target":["https:\/\/elfsight.com\/pl\/linkedin-feed-widget\/blogger\/"]}]},{"@type":"BreadcrumbList","@id":"https:\/\/elfsight.com\/pl\/linkedin-feed-widget\/blogger\/#breadcrumb","itemListElement":[{"@type":"ListItem","position":1,"name":"Home","item":"https:\/\/elfsight.com\/pl\/"},{"@type":"ListItem","position":2,"name":"LinkedIn Feed","item":"https:\/\/elfsight.com\/pl\/linkedin-feed-widget\/"},{"@type":"ListItem","position":3,"name":"LinkedIn Feed &#8211; Blogger"}]},{"@type":"WebSite","@id":"https:\/\/elfsight.com\/pl\/#website","url":"https:\/\/elfsight.com\/pl\/","name":"Elfsight PL","description":"Just another Elfsight Sites site","potentialAction":[{"@type":"SearchAction","target":{"@type":"EntryPoint","urlTemplate":"https:\/\/elfsight.com\/pl\/?s={search_term_string}"},"query-input":{"@type":"PropertyValueSpecification","valueRequired":true,"valueName":"search_term_string"}}],"inLanguage":"pl-PL"}]}},"meta_box":{"industry":"","seo_heading":"","heading":"","description":"","cta_heading":"","cta_description":"","application":"3348","h1":"Jak osadzi\u0107 kana\u0142 LinkedIn na Bloggerze za darmo!","h1_caption":"Wy\u015bwietlaj posty ze swojego profilu w serwisie LinkedIn lub strony firmowej w swojej witrynie, bez wysi\u0142ku zwi\u0119kszaj\u0105c swoj\u0105 profesjonaln\u0105 obecno\u015b\u0107 w Internecie w witrynie Bloggera.","application_category":[],"applications_title":"","applications_request_title":"","applications_request_button_text":"","hero_text":"","hero_video":"","hero_video_schema_markup":"","selling_points_title":"","selling_points_caption":"","selling_points":[],"selling_points_cta_text":"","features_title":"","features":"","ed_cta_examples_text":"","ed_cta_examples_hidden":"","ed_cta_demo_text":"","ed_cta_demo_hidden":"","why_caption":"","why_editor_title":"","why_editor_text":"","why_team_title":"","why_team_text":"","why_service_title":"","why_service_text":"","template_catalog_visible":"","template_catalog_title":"","template_catalog_text":"","template_catalog_categories_visible":"","demo_title":"\u015amia\u0142o, utw\u00f3rz w\u0142asny kana\u0142 LinkedIn w serwisie Blogger","demo_caption":"Spersonalizuj go i zintegruj na swojej stronie poprzez aktywne demo.","default_faq_hidden":"","app_template_category":[],"platform":"44","template_public_id":"","codecanyon_url":"","codecanyon_item_id":"","codecanyon_price":"","pricing_caption":"","pricing_elfsight_apps_hide_column":"","pricing_elfsight_apps_url":"","pricing_codecanyon_price_caption":"","integration_category":[],"integration_request_title":"","integration_request_cta":"","integration_platform":"","integrations":[],"platform_category":[],"video_schema_markup":"","price":"od 0 USD \/ miesi\u0105c","trial":"","benefits":[{"text":"Bezp\u0142atna us\u0142uga monta\u017cu"},{"text":"Do\u015bwiadczona obs\u0142uga klienta"},{"text":"14-dniowa gwarancja zwrotu pieni\u0119dzy"}],"button_url":"#demo","button_target_blank":"","button_nofollow":"","attributes":[{"name":"Instaluje"},{"name":"Czu\u0142y"},{"name":"Kompatybilne przegl\u0105darki"}],"tags":[],"tags_disable_links":"","hide_more_platforms":"","video_object":"","demo_hide_cta":"","demo_hide_cloud_options":"","pricing_title":"","pricing":[{"pricing_icon":"platform","pricing_title":"Elfsight Apps","pricing_title_caption":"Wieloplatformowe rozwi\u0105zanie cyfrowe, kt\u00f3re pasuje do ka\u017cdej witryny internetowej","pricing_price":"od 0 USD \/ miesi\u0105c","pricing_price_caption":"Zacznij od bezp\u0142atnego planu","pricing_benefits":[{"text":"Nielimitowane strony internetowe"},{"text":"Profesjonalne wsparcie i dobrze udokumentowane"},{"text":"Bezp\u0142atna us\u0142uga monta\u017cu"},{"text":"Elastyczny projekt"}],"pricing_button_text":"Dodaj do witryny","pricing_button_url":"#demo"}],"related_apps_title":"","related_apps_hidden":"","author":"","image":[],"title":"","job":"","social_networks":[]},"_links":{"self":[{"href":"https:\/\/elfsight.com\/pl\/wp-json\/wp\/v2\/pages\/5598","targetHints":{"allow":["GET"]}}],"collection":[{"href":"https:\/\/elfsight.com\/pl\/wp-json\/wp\/v2\/pages"}],"about":[{"href":"https:\/\/elfsight.com\/pl\/wp-json\/wp\/v2\/types\/page"}],"author":[{"embeddable":true,"href":"https:\/\/elfsight.com\/pl\/wp-json\/wp\/v2\/users\/9"}],"replies":[{"embeddable":true,"href":"https:\/\/elfsight.com\/pl\/wp-json\/wp\/v2\/comments?post=5598"}],"version-history":[{"count":1,"href":"https:\/\/elfsight.com\/pl\/wp-json\/wp\/v2\/pages\/5598\/revisions"}],"predecessor-version":[{"id":5602,"href":"https:\/\/elfsight.com\/pl\/wp-json\/wp\/v2\/pages\/5598\/revisions\/5602"}],"up":[{"embeddable":true,"href":"https:\/\/elfsight.com\/pl\/wp-json\/wp\/v2\/pages\/3395"}],"wp:attachment":[{"href":"https:\/\/elfsight.com\/pl\/wp-json\/wp\/v2\/media?parent=5598"}],"curies":[{"name":"wp","href":"https:\/\/api.w.org\/{rel}","templated":true}]}}