{"id":5597,"date":"2024-05-03T06:40:24","date_gmt":"2024-05-03T06:40:24","guid":{"rendered":"https:\/\/elfsight.com\/pl\/?page_id=5597"},"modified":"2024-11-05T12:00:18","modified_gmt":"2024-11-05T12:00:18","slug":"bigcommerce","status":"publish","type":"page","link":"https:\/\/elfsight.com\/pl\/linkedin-feed-widget\/bigcommerce\/","title":{"rendered":"LinkedIn Feed &#8211; BigCommerce"},"content":{"rendered":"\n<div class=\"application-platform-content-item-description application-platform-content-item\" id=\"description\" data-nav-section=\"description\"> <h2>Umie\u015b\u0107 kana\u0142 LinkedIn w BigCommerce za darmo!<\/h2> <p>Wtyczka LinkedIn Feed zapewnia firmom wyj\u0105tkow\u0105 mo\u017cliwo\u015b\u0107 udost\u0119pniania i promowania ich zawarto\u015b\u0107 LinkedIn w witrynach BigCommerce: wy\u015bwietlanie post\u00f3w, wizualizacji, film\u00f3w itp. Instalacja wtyczki zajmuje kilka sekund \u2014 bez konieczno\u015bci kodowania lub umiej\u0119tno\u015bci programowania.<\/p> <p>Stw\u00f3rz wygl\u0105d odzwierciedlaj\u0105cy potrzeby Twojej witryny i pozosta\u0144 przy marce testuj\u0105c niestandardowe elementy kana\u0142u, szablony, uk\u0142ady i style post\u00f3w. Dodaj tryb wyskakuj\u0105cego okienka jako akcj\u0119 po klikni\u0119ciu, aby przyci\u0105gn\u0105\u0107 uwag\u0119 u\u017cytkownik\u00f3w. Wreszcie, mo\u017cesz cieszy\u0107 si\u0119 wi\u0119kszym zaufaniem i ugruntowan\u0105 mark\u0105 w bran\u017cy.<\/p> <ul><li><strong>Zwi\u0119ksz zasi\u0119g swojej sieci dzi\u0119ki stronie firmowej LinkedIn.<\/strong><br>Zbuduj nowe kontakty w firmie \u015bwiecie i zwi\u0119ksz liczb\u0119 potencjalnych klient\u00f3w, korzystaj\u0105c z tre\u015bci ze swojego profilu LinkedIn. <\/li><li><strong>Poszerz grono odbiorc\u00f3w LinkedIn.<\/strong> <br>Podkre\u015bl swoj\u0105 obecno\u015b\u0107 na LinkedIn w spo\u0142eczno\u015bci witryny BigCommerce i wzbudz du\u017ce zainteresowanie swoimi us\u0142ugami.<\/li><li><strong>Nadaj swojej firmie bardziej autentyczny wygl\u0105d.<\/strong> <br>Dodaj swojej marce dodatkowy wzrost wiarygodno\u015bci i wiarygodno\u015bci, prezentuj\u0105c najnowsz\u0105 aktywno\u015b\u0107 LinkedIn bezpo\u015brednio na stronie witryny.<\/li><\/ul><p><b>Dodaj pozbawiony kodu wid\u017cet LinkedIn Feed do witryny BigCommerce, aby ustanowi\u0107 wiarygodno\u015b\u0107, wzmocni\u0107 autentyczno\u015b\u0107 i poszerzy\u0107 dzia\u0142aj\u0105ce kontakty, wykorzystuj\u0105c przekonuj\u0105cy dow\u00f3d spo\u0142eczno\u015bciowy.<\/b><\/p> <div class=\"faq\" data-component=\"FAQ\"><div class=\"faq-item\">\r\n\t\t\t\t\t<div class=\"faq-item-question\">\r\n\t\t\t\t\t\t<h3 class=\"faq-item-question-text\">Czy s\u0105 jakie\u015b inne narz\u0119dzia dla BigCommerce, kt\u00f3re mog\u0119 wykorzysta\u0107 na mojej stronie internetowej? <\/h3>\r\n\r\n\t\t\t\t\t\t<div class=\"faq-item-question-icon\"><\/div>\r\n\t\t\t\t\t<\/div>\r\n\r\n\t\t\t\t\t<div class=\"faq-item-answer\">\r\n\t\t\t\t\t\t<div class=\"faq-item-answer-text\"><p>Tak, oczywi\u015bcie! Jako u\u017cytkownik witryny BigCommerce mo\u017cesz uzyska\u0107 od Elfsight dziesi\u0105tki narz\u0119dzi bez kodu, a wtyczka LinkedIn Feed jest tylko jednym z nich. Bez wzgl\u0119du na rodzaj prowadzonej dzia\u0142alno\u015bci i nisz\u0119 w bran\u017cy, kt\u00f3r\u0105 zajmujesz \u2014 zawsze mo\u017cesz szuka\u0107 okazji do zaprezentowania swoich mocnych stron. Na przyk\u0142ad: <\/p><ul><li>Aby utworzy\u0107 dowoln\u0105 inn\u0105 aplikacj\u0119 medi\u00f3w spo\u0142eczno\u015bciowych dla swojej witryny BigCommerce, rozwa\u017c eksperymentowanie z <a href=\"https:\/\/elfsight.com\/pl\/pinterest-feed-widget\/\" target=\"_blank\" rel=\"noopener\"> Kana\u0142 Pinteresta<\/a> lub wid\u017cet <a href=\"https:\/\/elfsight.com\/pl\/instagram-feed-instashow\/\" target=\"_blank\" rel=\"noopener\">Kana\u0142 Instagram<\/a> obok kana\u0142u LinkedIn. <\/li><li>Wybierz <a href=\"https:\/\/elfsight.com\/pl\/all-in-one-reviews-widget\/\" target=\"_blank\" rel=\"noopener\">recenzje typu \u201ewszystko w jednym\u201d<\/a> lub <a href=\"https:\/\/elfsight.com\/pl\/google-reviews-widget\/\" target=\"_blank\" rel=\"noopener\">Recenzje Google<\/a> umo\u017cliwiaj\u0105ca wy\u015bwietlanie opinii klient\u00f3w. <\/li><li>Osad\u017a wtyczk\u0119 <a href=\"https:\/\/elfsight.com\/pl\/online-form-builder\/\" target=\"_blank\" rel=\"noopener\">Kreator formularzy<\/a>, aby usprawni\u0107 zbieranie odpowiedzi i umo\u017cliwi\u0107 u\u017cytkownikom interakcj\u0119 w witrynie BigCommerce. <\/li> <li>Dodaj wid\u017cet <a href=\"https:\/\/elfsight.com\/pl\/countdown-timer-widget\/\" target=\"_blank\" rel=\"noopener\">Licznik czasu<\/a>, aby wzbudzi\u0107 emocje i wywo\u0142a\u0107 w\u015br\u00f3d widz\u00f3w poczucie pilno\u015bci. <\/li><\/ul><p>Pami\u0119taj, \u017ce to tylko kilka przyk\u0142ad\u00f3w. Zapoznaj si\u0119 z reszt\u0105 naszego katalogu wid\u017cet\u00f3w, kt\u00f3re mo\u017cesz doda\u0107 po wdro\u017ceniu bezkodowej wtyczki LinkedIn Feed, aby odkry\u0107 jeszcze wi\u0119cej sposob\u00f3w na zaspokojenie specyficznych wymaga\u0144 biznesowych! <\/p><\/div>\r\n\t\t\t\t\t<\/div>\r\n\t\t\t\t<\/div><div class=\"faq-item\">\r\n\t\t\t\t\t<div class=\"faq-item-question\">\r\n\t\t\t\t\t\t<h3 class=\"faq-item-question-text\">Jak bezp\u0142atnie osadzi\u0107 LinkedIn Feed w BigCommerce? <\/h3>\r\n\r\n\t\t\t\t\t\t<div class=\"faq-item-question-icon\"><\/div>\r\n\t\t\t\t\t<\/div>\r\n\r\n\t\t\t\t\t<div class=\"faq-item-answer\">\r\n\t\t\t\t\t\t<div class=\"faq-item-answer-text\"><p>Aby bezp\u0142atnie doda\u0107 wid\u017cet LinkedIn Feed do swojej witryny BigCommerce, post\u0119puj zgodnie z poni\u017cszymi instrukcjami: <\/p> <ol><li>Dostosuj wygl\u0105d wtyczki LinkedIn Feed do swoich upodoba\u0144. <\/li><li>Zaloguj si\u0119 do panelu Elfsight lub utw\u00f3rz bezp\u0142atny profil u\u017cytkownika. <\/li><li>Pobierz wygenerowany kod do umieszczenia na stronie. <\/li><li>Przejd\u017a do swojej witryny BigCommerce. <\/li><li>Wklej kod do edytora swojej witryny BigCommerce, aby doda\u0107 wtyczk\u0119 LinkedIn Feed. Voila! <\/li><\/ol><p>Jak wida\u0107, aby osadzi\u0107 wtyczk\u0119, nie jest wymagana umiej\u0119tno\u015b\u0107 pisania kodu. Z \u0142atwo\u015bci\u0105 utw\u00f3rz pozbawiony kodu wid\u017cet LinkedIn Feed dla witryny BigCommerce i ciesz si\u0119 wszystkimi korzy\u015bciami, jakie pojawi\u0105 si\u0119 na drodze do zwi\u0119kszania zasi\u0119gu. <\/p><\/div>\r\n\t\t\t\t\t<\/div>\r\n\t\t\t\t<\/div><div class=\"faq-item\">\r\n\t\t\t\t\t<div class=\"faq-item-question\">\r\n\t\t\t\t\t\t<h3 class=\"faq-item-question-text\">Czy musz\u0119 umie\u0107 kodowa\u0107 lub mie\u0107 umiej\u0119tno\u015bci programistyczne, aby doda\u0107 wid\u017cet LinkedIn Feed do witryny BigCommerce? <\/h3>\r\n\r\n\t\t\t\t\t\t<div class=\"faq-item-question-icon\"><\/div>\r\n\t\t\t\t\t<\/div>\r\n\r\n\t\t\t\t\t<div class=\"faq-item-answer\">\r\n\t\t\t\t\t\t<div class=\"faq-item-answer-text\"><p>Nie, nie musisz. Znajomo\u015b\u0107 kodowania nie jest wymogiem. Mo\u017cesz \u0142atwo utworzy\u0107 i doda\u0107 wid\u017cet LinkedIn Feed do swojej witryny BigCommerce, niezale\u017cnie od wcze\u015bniejszej wiedzy i do\u015bwiadczenia z kodowaniem. <\/p> <\/div>\r\n\t\t\t\t\t<\/div>\r\n\t\t\t\t<\/div><\/div><div class=\"application-platform-content-item-features application-platform-content-item\" id=\"features\" data-nav-section=\"features\"><\/div> <h2>Oto podstawowe cechy wid\u017cetu: <\/h2> <ul><li>Emituj r\u00f3\u017cnorodne typy tre\u015bci: wpisy na blogu , zdj\u0119cia, filmy itp. <\/li><li>Zaw\u0119\u017a zawarto\u015b\u0107 kana\u0142u wed\u0142ug s\u0142\u00f3w kluczowych, hashtag\u00f3w lub filtr\u00f3w URL. <\/li><li>Przyciski CTA zwi\u0119kszaj\u0105ce widoczno\u015b\u0107 kana\u0142u firmowego LinkedIn. <\/li><li>Dodaj dynamiczny tryb wyskakuj\u0105cych okienek, aby zwr\u00f3ci\u0107 uwag\u0119 na tre\u015b\u0107 LinkedIn. <\/li><li>Dostosowywanie bez u\u017cycia kodu dzi\u0119ki zaawansowanym ustawieniom projektu: wst\u0119pnie zaprojektowane szablony, kreator schemat\u00f3w kolor\u00f3w, projekty uk\u0142ad\u00f3w, style post\u00f3w, niestandardowe CSS itp. <\/li><\/ul><p><a href=\"#demo\">Sprawd\u017a wszystkie opcje dostosowywania w pe\u0142nej wersji demonstracyjnej<\/a><\/p> <\/div> <div class=\"application-platform-content-item-installation application-platform-content-item\" id=\"installation\" data-nav-section=\"installation\"> <h2>Jak osadzi\u0107 kana\u0142 LinkedIn na mojej witrynie BigCommerce? <\/h2> <p>Je\u015bli chcesz osadzi\u0107 bezkodowy kana\u0142 LinkedIn na swojej stronie BigCommerce, wykonaj poni\u017csze kroki: <\/p> <ol><li><b>Skorzystaj z naszego bezp\u0142atnego edytora i rozpocznij tworzenie w\u0142asn\u0105 wtyczk\u0119 LinkedIn Feed. <\/b><br> Okre\u015bl preferowany uk\u0142ad i aspekty wid\u017cetu i zapisz zmiany. <\/li> <li><b>Odbierz osobisty kod, kt\u00f3ry pojawi si\u0119 w oknie aplikacji Elfsight. <\/b><br> Zaraz po zako\u0144czeniu tworzenia wid\u017cetu skopiuj kod osobisty w wy\u015bwietlonym oknie i zapisz go do wykorzystania w przysz\u0142o\u015bci. <\/li> <li><b>Umie\u015b\u0107 wtyczk\u0119 na swojej stronie BigCommerce, u\u017cywaj\u0105c kodu. <\/b><br> Dodaj ostatnio zapisany kod do swojej witryny i zastosuj modyfikacje. <\/li> <li><b>Konfiguracja zosta\u0142a w pe\u0142ni przeprowadzona. <\/b><br> Odwied\u017a swoj\u0105 witryn\u0119, aby obserwowa\u0107 dzia\u0142anie wtyczki LinkedIn Feed. <\/li><\/ol> <p>Je\u015bli masz pytania lub napotkasz pewne komplikacje zwi\u0105zane z dodawaniem wid\u017cetu, nie wahaj si\u0119 napisa\u0107 do naszego personelu obs\u0142ugi klienta. Nasi specjali\u015bci z przyjemno\u015bci\u0105 rozwi\u0105\u017c\u0105 wszystkie problemy, jakie mo\u017cesz napotka\u0107 dzi\u0119ki bezkodowej wtyczce LinkedIn Feed dla witryn BigCommerce. <\/p> <\/div>\n","protected":false},"excerpt":{"rendered":"","protected":false},"author":9,"featured_media":0,"parent":3395,"menu_order":0,"comment_status":"closed","ping_status":"closed","template":"templates\/template-application-platform.php","meta":{"publish_to_discourse":"","publish_post_category":"","wpdc_auto_publish_overridden":"","wpdc_topic_tags":"","wpdc_pin_topic":"","wpdc_pin_until":"","discourse_post_id":"","discourse_permalink":"","wpdc_publishing_response":"","wpdc_publishing_error":"","footnotes":""},"class_list":["post-5597","page","type-page","status-publish","hentry"],"yoast_head":"<!-- This site is optimized with the Yoast SEO plugin v25.3.1 - https:\/\/yoast.com\/wordpress\/plugins\/seo\/ -->\n<title>Kana\u0142 LinkedIn \u2014 dodaj aplikacj\u0119 Kana\u0142 do BigCommerce [za darmo!]<\/title>\n<meta name=\"description\" content=\"Umie\u015b\u0107 niewymagaj\u0105c\u0105 kodowania aplikacj\u0119 LinkedIn Feed na swojej witrynie BigCommerce. Zbuduj sw\u00f3j widget, korzystaj\u0105c z wersji demonstracyjnej na \u017cywo i gotowych szablon\u00f3w, aby uzyska\u0107 mocny dow\u00f3d spo\u0142eczno\u015bciowy.\" \/>\n<meta name=\"robots\" content=\"index, follow, max-snippet:-1, max-image-preview:large, max-video-preview:-1\" \/>\n<link rel=\"canonical\" href=\"https:\/\/elfsight.com\/pl\/linkedin-feed-widget\/bigcommerce\/\" \/>\n<meta property=\"og:locale\" content=\"pl_PL\" \/>\n<meta property=\"og:type\" content=\"article\" \/>\n<meta property=\"og:title\" content=\"Kana\u0142 LinkedIn \u2014 dodaj aplikacj\u0119 Kana\u0142 do BigCommerce [za darmo!]\" \/>\n<meta property=\"og:description\" content=\"Umie\u015b\u0107 niewymagaj\u0105c\u0105 kodowania aplikacj\u0119 LinkedIn Feed na swojej witrynie BigCommerce. Zbuduj sw\u00f3j widget, korzystaj\u0105c z wersji demonstracyjnej na \u017cywo i gotowych szablon\u00f3w, aby uzyska\u0107 mocny dow\u00f3d spo\u0142eczno\u015bciowy.\" \/>\n<meta property=\"og:url\" content=\"https:\/\/elfsight.com\/pl\/linkedin-feed-widget\/bigcommerce\/\" \/>\n<meta property=\"og:site_name\" content=\"Elfsight PL\" \/>\n<meta property=\"article:modified_time\" content=\"2024-11-05T12:00:18+00:00\" \/>\n<meta name=\"twitter:card\" content=\"summary_large_image\" \/>\n<meta name=\"twitter:label1\" content=\"Szacowany czas czytania\" \/>\n\t<meta name=\"twitter:data1\" content=\"5 minut\" \/>\n<!-- \/ Yoast SEO plugin. -->","yoast_head_json":{"title":"Kana\u0142 LinkedIn \u2014 dodaj aplikacj\u0119 Kana\u0142 do BigCommerce [za darmo!]","description":"Umie\u015b\u0107 niewymagaj\u0105c\u0105 kodowania aplikacj\u0119 LinkedIn Feed na swojej witrynie BigCommerce. Zbuduj sw\u00f3j widget, korzystaj\u0105c z wersji demonstracyjnej na \u017cywo i gotowych szablon\u00f3w, aby uzyska\u0107 mocny dow\u00f3d spo\u0142eczno\u015bciowy.","robots":{"index":"index","follow":"follow","max-snippet":"max-snippet:-1","max-image-preview":"max-image-preview:large","max-video-preview":"max-video-preview:-1"},"canonical":"https:\/\/elfsight.com\/pl\/linkedin-feed-widget\/bigcommerce\/","og_locale":"pl_PL","og_type":"article","og_title":"Kana\u0142 LinkedIn \u2014 dodaj aplikacj\u0119 Kana\u0142 do BigCommerce [za darmo!]","og_description":"Umie\u015b\u0107 niewymagaj\u0105c\u0105 kodowania aplikacj\u0119 LinkedIn Feed na swojej witrynie BigCommerce. Zbuduj sw\u00f3j widget, korzystaj\u0105c z wersji demonstracyjnej na \u017cywo i gotowych szablon\u00f3w, aby uzyska\u0107 mocny dow\u00f3d spo\u0142eczno\u015bciowy.","og_url":"https:\/\/elfsight.com\/pl\/linkedin-feed-widget\/bigcommerce\/","og_site_name":"Elfsight PL","article_modified_time":"2024-11-05T12:00:18+00:00","twitter_card":"summary_large_image","twitter_misc":{"Szacowany czas czytania":"5 minut"},"schema":{"@context":"https:\/\/schema.org","@graph":[{"@type":"WebPage","@id":"https:\/\/elfsight.com\/pl\/linkedin-feed-widget\/bigcommerce\/","url":"https:\/\/elfsight.com\/pl\/linkedin-feed-widget\/bigcommerce\/","name":"Kana\u0142 LinkedIn \u2014 dodaj aplikacj\u0119 Kana\u0142 do BigCommerce [za darmo!]","isPartOf":{"@id":"https:\/\/elfsight.com\/pl\/#website"},"datePublished":"2024-05-03T06:40:24+00:00","dateModified":"2024-11-05T12:00:18+00:00","description":"Umie\u015b\u0107 niewymagaj\u0105c\u0105 kodowania aplikacj\u0119 LinkedIn Feed na swojej witrynie BigCommerce. Zbuduj sw\u00f3j widget, korzystaj\u0105c z wersji demonstracyjnej na \u017cywo i gotowych szablon\u00f3w, aby uzyska\u0107 mocny dow\u00f3d spo\u0142eczno\u015bciowy.","breadcrumb":{"@id":"https:\/\/elfsight.com\/pl\/linkedin-feed-widget\/bigcommerce\/#breadcrumb"},"inLanguage":"pl-PL","potentialAction":[{"@type":"ReadAction","target":["https:\/\/elfsight.com\/pl\/linkedin-feed-widget\/bigcommerce\/"]}]},{"@type":"BreadcrumbList","@id":"https:\/\/elfsight.com\/pl\/linkedin-feed-widget\/bigcommerce\/#breadcrumb","itemListElement":[{"@type":"ListItem","position":1,"name":"Home","item":"https:\/\/elfsight.com\/pl\/"},{"@type":"ListItem","position":2,"name":"LinkedIn Feed","item":"https:\/\/elfsight.com\/pl\/linkedin-feed-widget\/"},{"@type":"ListItem","position":3,"name":"LinkedIn Feed &#8211; BigCommerce"}]},{"@type":"WebSite","@id":"https:\/\/elfsight.com\/pl\/#website","url":"https:\/\/elfsight.com\/pl\/","name":"Elfsight PL","description":"Just another Elfsight Sites site","potentialAction":[{"@type":"SearchAction","target":{"@type":"EntryPoint","urlTemplate":"https:\/\/elfsight.com\/pl\/?s={search_term_string}"},"query-input":{"@type":"PropertyValueSpecification","valueRequired":true,"valueName":"search_term_string"}}],"inLanguage":"pl-PL"}]}},"meta_box":{"industry":"","seo_heading":"","heading":"","description":"","cta_heading":"","cta_description":"","application":"3348","h1":"Jak osadzi\u0107 kana\u0142 LinkedIn na BigCommerce za darmo!","h1_caption":"Wy\u015bwietlaj posty ze swojego profilu na LinkedIn lub strony firmowej w swojej witrynie, bez wysi\u0142ku zwi\u0119kszaj\u0105c swoj\u0105 profesjonaln\u0105 obecno\u015b\u0107 w Internecie na swojej stronie BigCommerce.","application_category":[],"applications_title":"","applications_request_title":"","applications_request_button_text":"","hero_text":"","hero_video":"","hero_video_schema_markup":"","selling_points_title":"","selling_points_caption":"","selling_points":[],"selling_points_cta_text":"","features_title":"","features":"","ed_cta_examples_text":"","ed_cta_examples_hidden":"","ed_cta_demo_text":"","ed_cta_demo_hidden":"","why_caption":"","why_editor_title":"","why_editor_text":"","why_team_title":"","why_team_text":"","why_service_title":"","why_service_text":"","template_catalog_visible":"0","template_catalog_title":"","template_catalog_text":"","template_catalog_categories_visible":"","demo_title":"Mo\u017cesz zaprojektowa\u0107 spersonalizowany kana\u0142 LinkedIn BigCommerce","demo_caption":"Dostosuj go i dodaj do swojej strony w wersji demonstracyjnej.","default_faq_hidden":"","app_template_category":[],"platform":"41","template_public_id":"","codecanyon_url":"","codecanyon_item_id":"","codecanyon_price":"","pricing_caption":"","pricing_elfsight_apps_hide_column":"","pricing_elfsight_apps_url":"","pricing_codecanyon_price_caption":"","integration_category":[],"integration_request_title":"","integration_request_cta":"","integration_platform":"","integrations":[],"platform_category":[],"video_schema_markup":"","price":"od 0 USD \/ miesi\u0105c","trial":"","benefits":[{"text":"Bezp\u0142atna pomoc w instalacji"},{"text":"Kompetentna obs\u0142uga klienta"},{"text":"14-dniowa gwarancja zwrotu pieni\u0119dzy"}],"button_url":"#demo","button_target_blank":"0","button_nofollow":"0","attributes":[{"name":"Instaluje"},{"name":"Czu\u0142y"},{"name":"Kompatybilne przegl\u0105darki"}],"tags":[],"tags_disable_links":"0","hide_more_platforms":"","video_object":"","demo_hide_cta":"0","demo_hide_cloud_options":"0","pricing_title":"","pricing":[{"pricing_icon":"platform","pricing_title":"Elfsight Apps","pricing_title_caption":"Wieloplatformowe rozwi\u0105zanie cyfrowe, kt\u00f3re pasuje do ka\u017cdej witryny internetowej","pricing_price":"od 0 USD \/ miesi\u0105c","pricing_price_caption":"Zacznij od bezp\u0142atnego planu","pricing_benefits":[{"text":"Nielimitowane strony internetowe"},{"text":"Bezp\u0142atna obs\u0142uga klienta i dobrze udokumentowana"},{"text":"Bezp\u0142atna pomoc przy instalacji"},{"text":"W pe\u0142ni konfigurowalny"}],"pricing_button_text":"Dodaj do witryny","pricing_button_url":"#demo"}],"related_apps_title":"","related_apps_hidden":"0","author":"","image":[],"title":"","job":"","social_networks":[]},"_links":{"self":[{"href":"https:\/\/elfsight.com\/pl\/wp-json\/wp\/v2\/pages\/5597","targetHints":{"allow":["GET"]}}],"collection":[{"href":"https:\/\/elfsight.com\/pl\/wp-json\/wp\/v2\/pages"}],"about":[{"href":"https:\/\/elfsight.com\/pl\/wp-json\/wp\/v2\/types\/page"}],"author":[{"embeddable":true,"href":"https:\/\/elfsight.com\/pl\/wp-json\/wp\/v2\/users\/9"}],"replies":[{"embeddable":true,"href":"https:\/\/elfsight.com\/pl\/wp-json\/wp\/v2\/comments?post=5597"}],"version-history":[{"count":3,"href":"https:\/\/elfsight.com\/pl\/wp-json\/wp\/v2\/pages\/5597\/revisions"}],"predecessor-version":[{"id":8490,"href":"https:\/\/elfsight.com\/pl\/wp-json\/wp\/v2\/pages\/5597\/revisions\/8490"}],"up":[{"embeddable":true,"href":"https:\/\/elfsight.com\/pl\/wp-json\/wp\/v2\/pages\/3395"}],"wp:attachment":[{"href":"https:\/\/elfsight.com\/pl\/wp-json\/wp\/v2\/media?parent=5597"}],"curies":[{"name":"wp","href":"https:\/\/api.w.org\/{rel}","templated":true}]}}