{"id":5592,"date":"2024-05-03T06:40:23","date_gmt":"2024-05-03T06:40:23","guid":{"rendered":"https:\/\/elfsight.com\/pl\/?page_id=5592"},"modified":"2024-11-05T12:16:46","modified_gmt":"2024-11-05T12:16:46","slug":"facebook","status":"publish","type":"page","link":"https:\/\/elfsight.com\/pl\/linkedin-feed-widget\/facebook\/","title":{"rendered":"LinkedIn Feed &#8211; Facebook Page"},"content":{"rendered":"\n<div class=\"application-platform-content-item-description application-platform-content-item\" id=\"description\" data-nav-section=\"description\"> <h2>Umie\u015b\u0107 kana\u0142 LinkedIn na stronie na Facebooku za darmo!<\/h2> <p>Bez kodu widget kana\u0142u LinkedIn to idealne rozwi\u0105zanie dla firm do prezentowania i reklamowania tre\u015bci LinkedIn na stronach Facebook Page: wy\u015bwietlanie post\u00f3w, materia\u0142\u00f3w wizualnych, klip\u00f3w itp. Konfiguracja wtyczki jest p\u0142ynna \u2014 nie jest wymagane \u017cadne umiej\u0119tno\u015bci kodowania ani umiej\u0119tno\u015bci techniczne. <\/p> <p>Utw\u00f3rz styl kana\u0142u odpowiadaj\u0105cy estetyce Twojej witryny i eksperymentuj, dopasowuj\u0105c niestandardowe atrybuty, szablony, uk\u0142ady i style post\u00f3w. Dodaj efekt wyskakuj\u0105cego okienka jako akcj\u0119 po klikni\u0119ciu, aby przyci\u0105gn\u0105\u0107 uwag\u0119 u\u017cytkownik\u00f3w. I wreszcie, ciesz si\u0119 wi\u0119kszym zaufaniem i lepszym wsp\u00f3\u0142czynnikiem zaanga\u017cowania.<\/p> <ul><li><strong>Zwi\u0119ksz swoje mo\u017cliwo\u015bci sieciowe dzi\u0119ki stronie firmowej LinkedIn.<\/strong><br>Rozbud\u017a \u015bwie\u017ce relacje w \u015bwiecie handlu i rozszerz generowanie lead\u00f3w, wykorzystuj\u0105c tre\u015bci ze swojego profilu LinkedIn. <\/li><li><strong>Zwi\u0119ksz grono odbiorc\u00f3w LinkedIn.<\/strong> <br>Wyr\u00f3\u017cnij swoj\u0105 obecno\u015b\u0107 na LinkedIn w\u015br\u00f3d spo\u0142eczno\u015bci u\u017cytkownik\u00f3w strony na Facebooku i generuj du\u017ce zainteresowanie swoimi ofertami.<\/li> <li><strong>Zwi\u0119ksz autentyczno\u015b\u0107 swojej firmy.<\/strong> <br>Nadaj swojej marce dodatkow\u0105 warstw\u0119 wiarygodno\u015bci i zaufania, udost\u0119pniaj\u0105c najnowsz\u0105 aktywno\u015b\u0107 LinkedIn bezpo\u015brednio na stronie witryny. <\/li><\/ul><p><b>Dodaj wtyczk\u0119 LinkedIn Feed do witryny strony na Facebooku, aby zwi\u0119kszy\u0107 wiarygodno\u015b\u0107, uciele\u015bni\u0107 autentyczno\u015b\u0107 i poszerzy\u0107 swoj\u0105 sie\u0107 poprzez wykorzystanie solidnej weryfikacji spo\u0142eczno\u015bciowej. <\/b><\/p> <div class=\"faq\" data-component=\"FAQ\"><div class=\"faq-item\">\r\n\t\t\t\t\t<div class=\"faq-item-question\">\r\n\t\t\t\t\t\t<h3 class=\"faq-item-question-text\">Czy s\u0105 jakie\u015b inne narz\u0119dzia dla strony na Facebooku, kt\u00f3rych mog\u0119 u\u017cy\u0107 w mojej witrynie? <\/h3>\r\n\r\n\t\t\t\t\t\t<div class=\"faq-item-question-icon\"><\/div>\r\n\t\t\t\t\t<\/div>\r\n\r\n\t\t\t\t\t<div class=\"faq-item-answer\">\r\n\t\t\t\t\t\t<div class=\"faq-item-answer-text\"><p>Tak, zdecydowanie! Jako u\u017cytkownik strony na Facebooku, Elfsight zapewnia szeroki wyb\u00f3r narz\u0119dzi niewymagaj\u0105cych u\u017cycia kodu, a wtyczka LinkedIn Feed to tylko jedna z wielu opcji dost\u0119pnych do dodania do witryny. Bez wzgl\u0119du na rodzaj prowadzonej dzia\u0142alno\u015bci lub nisz\u0119, w kt\u00f3rej pracujesz, zawsze istniej\u0105 mo\u017cliwo\u015bci pokazania swoich mocnych stron. Oto kilka pomys\u0142\u00f3w: <\/p><ul><li>Aby utworzy\u0107 dowoln\u0105 inn\u0105 aplikacj\u0119 medi\u00f3w spo\u0142eczno\u015bciowych dla swojej witryny na Facebooku, na przyk\u0142ad kana\u0142 LinkedIn, wypr\u00f3buj <a href=\"https:\/\/elfsight.com\/pl\/pinterest-feed-widget\/\" target=\"_blank\" rel=\"noopener\">Kana\u0142 Pinteresta<\/a> lub wid\u017cet <a href=\"https:\/\/elfsight.com\/pl\/instagram-feed-instashow\/\" target=\"_blank\" rel=\"noopener\">Kana\u0142 Instagrama<\/a>. <\/li><li>Wybierz <a href=\"https:\/\/elfsight.com\/pl\/all-in-one-reviews-widget\/\" target=\"_blank\" rel=\"noopener\">recenzje typu \u201ewszystko w jednym\u201d<\/a> lub <a href=\"https:\/\/elfsight.com\/pl\/google-reviews-widget\/\" target=\"_blank\" rel=\"noopener\">Recenzje Google<\/a> umo\u017cliwiaj\u0105ca wy\u015bwietlanie cennych opinii klient\u00f3w. <\/li><li>Umie\u015b\u0107 wid\u017cet <a href=\"https:\/\/elfsight.com\/pl\/online-form-builder\/\" target=\"_blank\" rel=\"noopener\">Kreator formularzy<\/a>, aby zbiera\u0107 odpowiedzi i u\u0142atwia\u0107 komunikacj\u0119 z u\u017cytkownikami strony na Facebooku. <\/li> <li>Dodaj wtyczk\u0119 <a href=\"https:\/\/elfsight.com\/pl\/countdown-timer-widget\/\" target=\"_blank\" rel=\"noopener\">Timer odliczaj\u0105cy<\/a>, aby zwi\u0119kszy\u0107 zaanga\u017cowanie i stworzy\u0107 w\u015br\u00f3d odbiorc\u00f3w poczucie niedoboru. <\/li><\/ul><p>Te przyk\u0142ady to zaledwie zarys szerokiej gamy dodatk\u00f3w, kt\u00f3re mog\u0105 zaspokoi\u0107 potrzeby Twojej firmy. Zacznij od bezp\u0142atnej wtyczki LinkedIn Feed, aby wr\u00f3ci\u0107 p\u00f3\u017aniej i zapozna\u0107 si\u0119 z pozosta\u0142ym asortymentem wid\u017cet\u00f3w w naszym katalogu, kt\u00f3re mo\u017cesz doda\u0107 do swojej strony internetowej! <\/p><\/div>\r\n\t\t\t\t\t<\/div>\r\n\t\t\t\t<\/div><div class=\"faq-item\">\r\n\t\t\t\t\t<div class=\"faq-item-question\">\r\n\t\t\t\t\t\t<h3 class=\"faq-item-question-text\">Jak bezp\u0142atnie osadzi\u0107 kana\u0142 LinkedIn na stronie na Facebooku? <\/h3>\r\n\r\n\t\t\t\t\t\t<div class=\"faq-item-question-icon\"><\/div>\r\n\t\t\t\t\t<\/div>\r\n\r\n\t\t\t\t\t<div class=\"faq-item-answer\">\r\n\t\t\t\t\t\t<div class=\"faq-item-answer-text\"><p>Je\u015bli chcesz bezp\u0142atnie doda\u0107 wtyczk\u0119 LinkedIn Feed do swojej witryny strony na Facebooku, wykonaj nast\u0119puj\u0105ce kroki: <\/p> <ol><li>Spersonalizuj wygl\u0105d wid\u017cetu LinkedIn Feed, aby dopasowa\u0107 go do stylu witryny. <\/li><li>Zaloguj si\u0119 do panelu administracyjnego Elfsight lub utw\u00f3rz bezp\u0142atny profil. <\/li><li>Uzyskaj automatycznie wygenerowany kod instalacyjny do umieszczenia. <\/li><li>Uzyskaj dost\u0119p do witryny swojej strony na Facebooku. <\/li><li>Umie\u015b\u0107 kod w narz\u0119dziu do tworzenia witryn swojej strony na Facebooku, aby doda\u0107 wid\u017cet kana\u0142u LinkedIn. Wszystko gotowe! <\/li><\/ol><p>Jak wynika z kontekstu, nie jest wymagana wiedza specjalistyczna w pisaniu kodu, aby osadzi\u0107 wtyczk\u0119. Z \u0142atwo\u015bci\u0105 utw\u00f3rz pozbawiony kodu wid\u017cet LinkedIn Feed dla swojej witryny na Facebooku i ciesz si\u0119 r\u00f3\u017cnymi korzy\u015bciami towarzysz\u0105cymi procesowi poszerzania grona odbiorc\u00f3w. <\/p><\/div>\r\n\t\t\t\t\t<\/div>\r\n\t\t\t\t<\/div><div class=\"faq-item\">\r\n\t\t\t\t\t<div class=\"faq-item-question\">\r\n\t\t\t\t\t\t<h3 class=\"faq-item-question-text\">Czy musz\u0119 umie\u0107 kodowa\u0107 lub mie\u0107 umiej\u0119tno\u015bci programowania, aby osadzi\u0107 kana\u0142 LinkedIn na stronie na Facebooku? <\/h3>\r\n\r\n\t\t\t\t\t\t<div class=\"faq-item-question-icon\"><\/div>\r\n\t\t\t\t\t<\/div>\r\n\r\n\t\t\t\t\t<div class=\"faq-item-answer\">\r\n\t\t\t\t\t\t<div class=\"faq-item-answer-text\"><p>Nie. Nie musisz posiada\u0107 \u017cadnej wiedzy na temat kodowania. Masz pe\u0142n\u0105 mo\u017cliwo\u015b\u0107 zbudowania i dodania pozbawionej kodu wtyczki LinkedIn Feed do swojej witryny internetowej na Facebooku, niezale\u017cnie od Twojej znajomo\u015bci i do\u015bwiadczenia w pisaniu kodu. <\/p> <\/div>\r\n\t\t\t\t\t<\/div>\r\n\t\t\t\t<\/div><\/div><div class=\"application-platform-content-item-features application-platform-content-item\" id=\"features\" data-nav-section=\"features\"><\/div> <h2>To tylko kilka z mn\u00f3stwa funkcji wid\u017cetu: <\/h2> <ul><li>Dodawaj r\u00f3\u017cne formy tre\u015bci: posty na blogu, obrazy, klipy itp. <\/li><li>Filtruj posty w kanale wed\u0142ug s\u0142\u00f3w kluczowych, hashtag\u00f3w lub adres\u00f3w URL. <\/li><li>Przyciski wezwa\u0144 do dzia\u0142ania zwi\u0119kszaj\u0105ce liczb\u0119 os\u00f3b w kanale LinkedIn Twojej firmy. <\/li><li>Przykuwaj\u0105cy wzrok efekt wyskakuj\u0105cego okienka, kt\u00f3ry przyci\u0105ga uwag\u0119 ludzi do tre\u015bci LinkedIn. <\/li><li>\u0141atwe opcje dostosowywania bez konieczno\u015bci pisania kodu: gotowe szablony, generator schemat\u00f3w kolor\u00f3w, pi\u0119\u0107 projekt\u00f3w uk\u0142ad\u00f3w, style post\u00f3w, niestandardowy CSS i nie tylko. <\/li><\/ul><p><a href=\"#demo\">Wystarczy sprawdzi\u0107 t\u0119 wersj\u0119 demonstracyjn\u0105, aby zobaczy\u0107, ile wart jest wid\u017cet<\/a><\/p> <\/div> <div class=\"application-platform-content-item-installation application-platform-content-item\" id=\"installation\" data-nav-section=\"installation\"> <h2>Jak mog\u0119 doda\u0107 kana\u0142 LinkedIn do mojej witryny na Facebooku? <\/h2> <p>Aby doda\u0107 wtyczk\u0119 LinkedIn Feed do swojej witryny na Facebooku, wykonaj nast\u0119puj\u0105ce kroki: <\/p> <ol><li><b>Otw\u00f3rz nasz bezp\u0142atny edytor i zacznij tworzy\u0107 spersonalizowan\u0105 wtyczk\u0119 LinkedIn Feed. <\/b><br> Wybierz niestandardowy formularz i opcje narz\u0119dzia i zastosuj zmiany. <\/li> <li><b>Skopiuj sw\u00f3j indywidualny kod wy\u015bwietlony w polu aplikacji Elfsight. <\/b><br> Po zako\u0144czeniu dostosowywania osobistej wtyczki skopiuj ekskluzywny kod z wy\u015bwietlonego okna i zachowaj go na dalsze potrzeby. <\/li> <li><b>Zainicjuj u\u017cycie wid\u017cetu w witrynie swojej strony na Facebooku. <\/b><br> Umie\u015b\u0107 skopiowany wcze\u015bniej kod na swojej stronie internetowej i zapisz zmiany. <\/li> <li><b>Gotowe! Integracja zosta\u0142a pomy\u015blnie przeprowadzona. <\/b><br> Przejd\u017a do swojej witryny, aby zobaczy\u0107, jak dzia\u0142a wid\u017cet LinkedIn Feed. <\/li><\/ol> <p>Je\u015bli masz jakiekolwiek trudno\u015bci z dodaniem wid\u017cetu, skontaktuj si\u0119 z naszym zespo\u0142em pomocy technicznej. Nasi specjali\u015bci ch\u0119tnie pomog\u0105 Ci we wszystkich problemach, jakie mo\u017cesz mie\u0107 w zwi\u0105zku z bezkodow\u0105 wtyczk\u0105 LinkedIn Feed do witryn stron na Facebooku. <\/p> <\/div>\n","protected":false},"excerpt":{"rendered":"","protected":false},"author":9,"featured_media":0,"parent":3395,"menu_order":0,"comment_status":"closed","ping_status":"closed","template":"templates\/template-application-platform.php","meta":{"publish_to_discourse":"","publish_post_category":"","wpdc_auto_publish_overridden":"","wpdc_topic_tags":"","wpdc_pin_topic":"","wpdc_pin_until":"","discourse_post_id":"","discourse_permalink":"","wpdc_publishing_response":"","wpdc_publishing_error":"","footnotes":""},"class_list":["post-5592","page","type-page","status-publish","hentry"],"yoast_head":"<!-- This site is optimized with the Yoast SEO plugin v25.3.1 - https:\/\/yoast.com\/wordpress\/plugins\/seo\/ -->\n<title>Kana\u0142 LinkedIn \u2014 dodaj wtyczk\u0119 Feed do strony na Facebooku [za darmo!]<\/title>\n<meta name=\"description\" content=\"Umie\u015b\u0107 niewymagaj\u0105c\u0105 kodowania wtyczk\u0119 LinkedIn Feed na swojej stronie internetowej na Facebooku. Zbuduj sw\u00f3j widget, korzystaj\u0105c z wersji demonstracyjnej na \u017cywo i gotowych szablon\u00f3w, aby uzyska\u0107 mocny dow\u00f3d spo\u0142eczno\u015bciowy.\" \/>\n<meta name=\"robots\" content=\"index, follow, max-snippet:-1, max-image-preview:large, max-video-preview:-1\" \/>\n<link rel=\"canonical\" href=\"https:\/\/elfsight.com\/pl\/linkedin-feed-widget\/facebook\/\" \/>\n<meta property=\"og:locale\" content=\"pl_PL\" \/>\n<meta property=\"og:type\" content=\"article\" \/>\n<meta property=\"og:title\" content=\"Kana\u0142 LinkedIn \u2014 dodaj wtyczk\u0119 Feed do strony na Facebooku [za darmo!]\" \/>\n<meta property=\"og:description\" content=\"Umie\u015b\u0107 niewymagaj\u0105c\u0105 kodowania wtyczk\u0119 LinkedIn Feed na swojej stronie internetowej na Facebooku. Zbuduj sw\u00f3j widget, korzystaj\u0105c z wersji demonstracyjnej na \u017cywo i gotowych szablon\u00f3w, aby uzyska\u0107 mocny dow\u00f3d spo\u0142eczno\u015bciowy.\" \/>\n<meta property=\"og:url\" content=\"https:\/\/elfsight.com\/pl\/linkedin-feed-widget\/facebook\/\" \/>\n<meta property=\"og:site_name\" content=\"Elfsight PL\" \/>\n<meta property=\"article:modified_time\" content=\"2024-11-05T12:16:46+00:00\" \/>\n<meta name=\"twitter:card\" content=\"summary_large_image\" \/>\n<meta name=\"twitter:label1\" content=\"Szacowany czas czytania\" \/>\n\t<meta name=\"twitter:data1\" content=\"5 minut\" \/>\n<!-- \/ Yoast SEO plugin. -->","yoast_head_json":{"title":"Kana\u0142 LinkedIn \u2014 dodaj wtyczk\u0119 Feed do strony na Facebooku [za darmo!]","description":"Umie\u015b\u0107 niewymagaj\u0105c\u0105 kodowania wtyczk\u0119 LinkedIn Feed na swojej stronie internetowej na Facebooku. Zbuduj sw\u00f3j widget, korzystaj\u0105c z wersji demonstracyjnej na \u017cywo i gotowych szablon\u00f3w, aby uzyska\u0107 mocny dow\u00f3d spo\u0142eczno\u015bciowy.","robots":{"index":"index","follow":"follow","max-snippet":"max-snippet:-1","max-image-preview":"max-image-preview:large","max-video-preview":"max-video-preview:-1"},"canonical":"https:\/\/elfsight.com\/pl\/linkedin-feed-widget\/facebook\/","og_locale":"pl_PL","og_type":"article","og_title":"Kana\u0142 LinkedIn \u2014 dodaj wtyczk\u0119 Feed do strony na Facebooku [za darmo!]","og_description":"Umie\u015b\u0107 niewymagaj\u0105c\u0105 kodowania wtyczk\u0119 LinkedIn Feed na swojej stronie internetowej na Facebooku. Zbuduj sw\u00f3j widget, korzystaj\u0105c z wersji demonstracyjnej na \u017cywo i gotowych szablon\u00f3w, aby uzyska\u0107 mocny dow\u00f3d spo\u0142eczno\u015bciowy.","og_url":"https:\/\/elfsight.com\/pl\/linkedin-feed-widget\/facebook\/","og_site_name":"Elfsight PL","article_modified_time":"2024-11-05T12:16:46+00:00","twitter_card":"summary_large_image","twitter_misc":{"Szacowany czas czytania":"5 minut"},"schema":{"@context":"https:\/\/schema.org","@graph":[{"@type":"WebPage","@id":"https:\/\/elfsight.com\/pl\/linkedin-feed-widget\/facebook\/","url":"https:\/\/elfsight.com\/pl\/linkedin-feed-widget\/facebook\/","name":"Kana\u0142 LinkedIn \u2014 dodaj wtyczk\u0119 Feed do strony na Facebooku [za darmo!]","isPartOf":{"@id":"https:\/\/elfsight.com\/pl\/#website"},"datePublished":"2024-05-03T06:40:23+00:00","dateModified":"2024-11-05T12:16:46+00:00","description":"Umie\u015b\u0107 niewymagaj\u0105c\u0105 kodowania wtyczk\u0119 LinkedIn Feed na swojej stronie internetowej na Facebooku. Zbuduj sw\u00f3j widget, korzystaj\u0105c z wersji demonstracyjnej na \u017cywo i gotowych szablon\u00f3w, aby uzyska\u0107 mocny dow\u00f3d spo\u0142eczno\u015bciowy.","breadcrumb":{"@id":"https:\/\/elfsight.com\/pl\/linkedin-feed-widget\/facebook\/#breadcrumb"},"inLanguage":"pl-PL","potentialAction":[{"@type":"ReadAction","target":["https:\/\/elfsight.com\/pl\/linkedin-feed-widget\/facebook\/"]}]},{"@type":"BreadcrumbList","@id":"https:\/\/elfsight.com\/pl\/linkedin-feed-widget\/facebook\/#breadcrumb","itemListElement":[{"@type":"ListItem","position":1,"name":"Home","item":"https:\/\/elfsight.com\/pl\/"},{"@type":"ListItem","position":2,"name":"LinkedIn Feed","item":"https:\/\/elfsight.com\/pl\/linkedin-feed-widget\/"},{"@type":"ListItem","position":3,"name":"LinkedIn Feed &#8211; Facebook Page"}]},{"@type":"WebSite","@id":"https:\/\/elfsight.com\/pl\/#website","url":"https:\/\/elfsight.com\/pl\/","name":"Elfsight PL","description":"Just another Elfsight Sites site","potentialAction":[{"@type":"SearchAction","target":{"@type":"EntryPoint","urlTemplate":"https:\/\/elfsight.com\/pl\/?s={search_term_string}"},"query-input":{"@type":"PropertyValueSpecification","valueRequired":true,"valueName":"search_term_string"}}],"inLanguage":"pl-PL"}]}},"meta_box":{"industry":"","seo_heading":"","heading":"","description":"","cta_heading":"","cta_description":"","application":"3348","h1":"Jak osadzi\u0107 kana\u0142 LinkedIn na stronie na Facebooku za darmo!","h1_caption":"Wy\u015bwietlaj posty ze swojego profilu w serwisie LinkedIn lub strony firmowej w swojej witrynie, bez wysi\u0142ku zwi\u0119kszaj\u0105c swoj\u0105 profesjonaln\u0105 obecno\u015b\u0107 w Internecie na stronie na Facebooku.","application_category":[],"applications_title":"","applications_request_title":"","applications_request_button_text":"","hero_text":"","hero_video":"","hero_video_schema_markup":"","selling_points_title":"","selling_points_caption":"","selling_points":[],"selling_points_cta_text":"","features_title":"","features":"","ed_cta_examples_text":"","ed_cta_examples_hidden":"","ed_cta_demo_text":"","ed_cta_demo_hidden":"","why_caption":"","why_editor_title":"","why_editor_text":"","why_team_title":"","why_team_text":"","why_service_title":"","why_service_text":"","template_catalog_visible":"0","template_catalog_title":"","template_catalog_text":"","template_catalog_categories_visible":"","demo_title":"Pospiesz si\u0119, aby utworzy\u0107 niestandardowy kana\u0142 LinkedIn strony na Facebooku","demo_caption":"Spersonalizuj go i umie\u015b\u0107 widget na swojej stronie internetowej, korzystaj\u0105c z wersji demonstracyjnej na \u017cywo.","default_faq_hidden":"","app_template_category":[],"platform":"319","template_public_id":"","codecanyon_url":"","codecanyon_item_id":"","codecanyon_price":"","pricing_caption":"","pricing_elfsight_apps_hide_column":"","pricing_elfsight_apps_url":"","pricing_codecanyon_price_caption":"","integration_category":[],"integration_request_title":"","integration_request_cta":"","integration_platform":"","integrations":[],"platform_category":[],"video_schema_markup":"","price":"od 0 USD \/ miesi\u0105c","trial":"","benefits":[{"text":"Bezp\u0142atna us\u0142uga monta\u017cu"},{"text":"Skuteczna obs\u0142uga klienta"},{"text":"14-dniowa gwarancja zwrotu pieni\u0119dzy"}],"button_url":"#demo","button_target_blank":"0","button_nofollow":"0","attributes":[{"name":"Instaluje"},{"name":"Czu\u0142y"},{"name":"Kompatybilne przegl\u0105darki"}],"tags":[],"tags_disable_links":"0","hide_more_platforms":"","video_object":"","demo_hide_cta":"0","demo_hide_cloud_options":"0","pricing_title":"","pricing":[{"pricing_icon":"platform","pricing_title":"Elfsight Apps","pricing_title_caption":"Rozwi\u0105zanie wieloplatformowe, kt\u00f3re dzia\u0142a na ka\u017cdej stronie internetowej","pricing_price":"od 0 USD \/ miesi\u0105c","pricing_price_caption":"Zacznij od bezp\u0142atnego planu","pricing_benefits":[{"text":"Nielimitowane strony internetowe"},{"text":"Wsparcie 24\/7"},{"text":"Bezp\u0142atna us\u0142uga monta\u017cu"},{"text":"W pe\u0142ni konfigurowalny"}],"pricing_button_text":"Dodaj do witryny","pricing_button_url":"#demo"}],"related_apps_title":"","related_apps_hidden":"0","author":"","image":[],"title":"","job":"","social_networks":[]},"_links":{"self":[{"href":"https:\/\/elfsight.com\/pl\/wp-json\/wp\/v2\/pages\/5592","targetHints":{"allow":["GET"]}}],"collection":[{"href":"https:\/\/elfsight.com\/pl\/wp-json\/wp\/v2\/pages"}],"about":[{"href":"https:\/\/elfsight.com\/pl\/wp-json\/wp\/v2\/types\/page"}],"author":[{"embeddable":true,"href":"https:\/\/elfsight.com\/pl\/wp-json\/wp\/v2\/users\/9"}],"replies":[{"embeddable":true,"href":"https:\/\/elfsight.com\/pl\/wp-json\/wp\/v2\/comments?post=5592"}],"version-history":[{"count":2,"href":"https:\/\/elfsight.com\/pl\/wp-json\/wp\/v2\/pages\/5592\/revisions"}],"predecessor-version":[{"id":8494,"href":"https:\/\/elfsight.com\/pl\/wp-json\/wp\/v2\/pages\/5592\/revisions\/8494"}],"up":[{"embeddable":true,"href":"https:\/\/elfsight.com\/pl\/wp-json\/wp\/v2\/pages\/3395"}],"wp:attachment":[{"href":"https:\/\/elfsight.com\/pl\/wp-json\/wp\/v2\/media?parent=5592"}],"curies":[{"name":"wp","href":"https:\/\/api.w.org\/{rel}","templated":true}]}}