{"id":5590,"date":"2024-05-03T06:40:21","date_gmt":"2024-05-03T06:40:21","guid":{"rendered":"https:\/\/elfsight.com\/pl\/?page_id=5590"},"modified":"2024-10-24T13:20:03","modified_gmt":"2024-10-24T13:20:03","slug":"joomla","status":"publish","type":"page","link":"https:\/\/elfsight.com\/pl\/linkedin-feed-widget\/joomla\/","title":{"rendered":"LinkedIn Feed &#8211; Joomla"},"content":{"rendered":"<div class=\"application-platform-content-item-description application-platform-content-item\" id=\"description\" data-nav-section=\"description\"> <h2>Umie\u015b\u0107 kana\u0142 LinkedIn w Joomla za darmo! <\/h2> <p>Bez kodu wid\u017cet LinkedIn Feed zosta\u0142 specjalnie zaprojektowany dla firm do rozpowszechniania i promowania swoich tre\u015bci LinkedIn w witrynach Joomla: wy\u015bwietlania post\u00f3w, obraz\u00f3w, film\u00f3w itp. Integracja wid\u017cetu zajmuje kilka minut \u2013 tam nie wymaga kodowania ani wiedzy technicznej.<\/p> <p>Stw\u00f3rz wygl\u0105d odpowiadaj\u0105cy preferencjom Twojej witryny i pod\u0105\u017caj za trendami, wypr\u00f3bowuj\u0105c niestandardowe atrybuty, szablony, uk\u0142ady i style post\u00f3w. U\u017cyj trybu wyskakuj\u0105cego jako akcji po klikni\u0119ciu, aby przyci\u0105gn\u0105\u0107 wzrok u\u017cytkownik\u00f3w. I wreszcie, zyskaj wi\u0119ksz\u0105 wiarygodno\u015b\u0107 i wi\u0119cej mo\u017cliwo\u015bci budowania marki. <\/p> <ul><li><strong>Zwi\u0119ksz sw\u00f3j potencja\u0142 sieciowy dzi\u0119ki stronie firmowej LinkedIn.<\/strong><br>Zbuduj nowe po\u0142\u0105czenia w \u015bwiecie handlu i zwi\u0119ksz liczb\u0119 potencjalnych klient\u00f3w, korzystaj\u0105c z tre\u015bci ze swojego profilu LinkedIn . <\/li><li><strong>Zwi\u0119ksz liczb\u0119 obserwuj\u0105cych na LinkedIn.<\/strong> <br>Zwr\u00f3\u0107 uwag\u0119 na sw\u00f3j LinkedIn w spo\u0142eczno\u015bci Joomla i wywo\u0142aj \u017cywe zainteresowanie swoimi ofertami. <\/li><li><strong>Podnie\u015b autentyczno\u015b\u0107 swojej firmy.<\/strong> <br>Dodaj swojej marce dodatkowy wzrost wiarygodno\u015bci i wiarygodno\u015bci, prezentuj\u0105c najnowsz\u0105 aktywno\u015b\u0107 LinkedIn bezpo\u015brednio na stronie witryny. <\/li><\/ul><p><b>Dodaj wtyczk\u0119 LinkedIn Feed do witryny Joomla, aby kultywowa\u0107 niezawodno\u015b\u0107, przekazywa\u0107 autentyczno\u015b\u0107 i poszerza\u0107 mo\u017cliwo\u015bci sieciowe dzi\u0119ki przekonuj\u0105cym dowodom spo\u0142eczno\u015bciowym. <\/b><\/p> <div class=\"faq\" data-component=\"FAQ\"><div class=\"faq-item\">\r\n\t\t\t\t\t<div class=\"faq-item-question\">\r\n\t\t\t\t\t\t<h3 class=\"faq-item-question-text\">Czy s\u0105 jakie\u015b inne narz\u0119dzia dla Joomla, kt\u00f3rych mog\u0119 u\u017cywa\u0107 w mojej witrynie? <\/h3>\r\n\r\n\t\t\t\t\t\t<div class=\"faq-item-question-icon\"><\/div>\r\n\t\t\t\t\t<\/div>\r\n\r\n\t\t\t\t\t<div class=\"faq-item-answer\">\r\n\t\t\t\t\t\t<div class=\"faq-item-answer-text\"><p>Tak, oczywi\u015bcie! Jako u\u017cytkownik witryny Joomla, Elfsight oferuje mn\u00f3stwo narz\u0119dzi bez kodu, w tym wtyczk\u0119 LinkedIn Feed. Bez wzgl\u0119du na rodzaj prowadzonej dzia\u0142alno\u015bci i nisz\u0119 w bran\u017cy, kt\u00f3r\u0105 zajmujesz \u2014 zawsze mo\u017cesz szuka\u0107 okazji do zaprezentowania swoich mocnych stron. Przyjrzyj si\u0119 opcjom: <\/p><ul><li>Aby utworzy\u0107 dowoln\u0105 inn\u0105 aplikacj\u0119 spo\u0142eczno\u015bciow\u0105 dla swojej witryny Joomla, wypr\u00f3buj <a href=\"https:\/\/elfsight.com\/pinterest-feed-widget \/\">Kana\u0142 Pinteresta<\/a> lub wid\u017cet <a href=\"https:\/\/elfsight.com\/instagram-feed-instashow\/\">Kana\u0142 Instagram<\/a> obok kana\u0142u LinkedIn. <\/li><li>Skorzystaj z <a href=\"https:\/\/elfsight.com\/all-in-one-reviews-widget\/\">recenzji All-in-One<\/a> lub <a href=\"https:\/\/elfsight.com\/google-reviews-widget\/\">Wtyczka Recenzje Google<\/a> umo\u017cliwiaj\u0105ca wy\u015bwietlanie opinii klient\u00f3w. <\/li><li>Osad\u017a wtyczk\u0119 <a href=\"https:\/\/elfsight.com\/online-form-builder\/\">Form Builder<\/a>, aby zbiera\u0107 odpowiedzi i umo\u017cliwi\u0107 u\u017cytkownikom Joomla skontaktowanie si\u0119 z Tob\u0105 . <\/li> <li>Dodaj wid\u017cet <a href=\"https:\/\/elfsight.com\/countdown-timer-widget\/\">Licznik czasu<\/a>, aby wzbudzi\u0107 emocje i wywo\u0142a\u0107 w\u015br\u00f3d widz\u00f3w poczucie pilno\u015bci. <\/li><\/ul><p>Pami\u0119taj, \u017ce to tylko kilka przyk\u0142ad\u00f3w osadzania z d\u0142ugiej listy dodatk\u00f3w, kt\u00f3re mog\u0105 spe\u0142ni\u0107 Twoje specyficzne wymagania biznesowe. Zacznij od LinkedIn Feed i zag\u0142\u0119bij si\u0119 w nasz katalog, aby uzyska\u0107 wi\u0119cej rozwi\u0105za\u0144 wid\u017cet\u00f3w, kt\u00f3re mo\u017cesz doda\u0107 do swojej witryny! <\/p><\/div>\r\n\t\t\t\t\t<\/div>\r\n\t\t\t\t<\/div><div class=\"faq-item\">\r\n\t\t\t\t\t<div class=\"faq-item-question\">\r\n\t\t\t\t\t\t<h3 class=\"faq-item-question-text\">Jak bezp\u0142atnie osadzi\u0107 LinkedIn Feed w Joomla? <\/h3>\r\n\r\n\t\t\t\t\t\t<div class=\"faq-item-question-icon\"><\/div>\r\n\t\t\t\t\t<\/div>\r\n\r\n\t\t\t\t\t<div class=\"faq-item-answer\">\r\n\t\t\t\t\t\t<div class=\"faq-item-answer-text\"><p>Je\u015bli chcesz bezp\u0142atnie doda\u0107 pozbawion\u0105 kodu wtyczk\u0119 LinkedIn Feed do swojej witryny Joomla, post\u0119puj zgodnie z instrukcjami poni\u017cej: <\/p> <ol><li>Dostosuj wygl\u0105d wid\u017cetu LinkedIn Feed do swoich upodoba\u0144. <\/li><li>Zaloguj si\u0119 do panelu Elfsight lub zarejestruj bezp\u0142atne konto. <\/li><li>Pobierz wygenerowany kod do umieszczenia na stronie. <\/li><li>Przejd\u017a do swojej witryny Joomla. <\/li><li>Wklej kod do narz\u0119dzia do tworzenia witryn Joomla, aby doda\u0107 wid\u017cet LinkedIn Feed. To takie proste! <\/li><\/ol><p>Jak wida\u0107, aby osadzi\u0107 wtyczk\u0119, nie trzeba wyr\u00f3\u017cnia\u0107 si\u0119 w pisaniu kodu. Z \u0142atwo\u015bci\u0105 utw\u00f3rz wid\u017cet LinkedIn Feed dla witryny Joomla i ciesz si\u0119 licznymi korzy\u015bciami wynikaj\u0105cymi z poszerzenia zasi\u0119gu. <\/p><\/div>\r\n\t\t\t\t\t<\/div>\r\n\t\t\t\t<\/div><div class=\"faq-item\">\r\n\t\t\t\t\t<div class=\"faq-item-question\">\r\n\t\t\t\t\t\t<h3 class=\"faq-item-question-text\">Czy musz\u0119 umie\u0107 kodowa\u0107 lub mie\u0107 umiej\u0119tno\u015bci programowania, aby doda\u0107 wtyczk\u0119 LinkedIn Feed do witryny Joomla? <\/h3>\r\n\r\n\t\t\t\t\t\t<div class=\"faq-item-question-icon\"><\/div>\r\n\t\t\t\t\t<\/div>\r\n\r\n\t\t\t\t\t<div class=\"faq-item-answer\">\r\n\t\t\t\t\t\t<div class=\"faq-item-answer-text\"><p>Nie, nie masz obowi\u0105zku ich posiadania . Posiadanie wiedzy z zakresu kodowania jest absolutnie niepotrzebne. Mo\u017cesz zbudowa\u0107 i doda\u0107 pozbawion\u0105 kodu wtyczk\u0119 LinkedIn Feed do swojej witryny Joomla, nawet bez specjalistycznego wykszta\u0142cenia lub wcze\u015bniejszego do\u015bwiadczenia z kodowaniem. <\/p> <\/div>\r\n\t\t\t\t\t<\/div>\r\n\t\t\t\t<\/div><\/div><\/div> <div class=\"application-platform-content-item-features application-platform-content-item\" id=\"features\" data-nav-section=\"features\"> <h2>Oto lista najwa\u017cniejszych funkcji: <\/h2> <ul><li>Promuj wszelkiego rodzaju tre\u015bci : wpisy na blogu, obrazy, klipy itp. <\/li><li>Sortuj zawarto\u015b\u0107 kana\u0142u wed\u0142ug s\u0142\u00f3w kluczowych, hashtag\u00f3w lub filtr\u00f3w URL. <\/li><li>Wy\u015bwietlaj przyciski wezwania do dzia\u0142ania, aby poprawi\u0107 wsp\u00f3\u0142czynnik zaanga\u017cowania w swoim kanale firmowym LinkedIn. <\/li><li>Przyci\u0105gaj\u0105cy wzrok efekt wyskakuj\u0105cego okienka, kt\u00f3ry przyci\u0105ga uwag\u0119 do tre\u015bci LinkedIn. <\/li><li>Dostosowywanie bez u\u017cycia kodu z zaawansowanymi ustawieniami projektu do dodania: gotowe do u\u017cycia szablony, kreator schemat\u00f3w kolor\u00f3w, pi\u0119\u0107 dost\u0119pnych uk\u0142ad\u00f3w, style post\u00f3w, niestandardowy CSS i nie tylko. <\/li><\/ul><p><a href=\"#demo\">Pe\u0142n\u0105 funkcjonalno\u015b\u0107 wid\u017cetu mo\u017cesz przetestowa\u0107 w wersji demonstracyjnej <\/a><\/p> <\/div> <div class=\"application-platform-content-item-installation  application-platform-content-item\" id=\"installation \" data-nav-section=\"installation \"> <h2>Jak osadzi\u0107 kana\u0142 LinkedIn w mojej witrynie Joomla? <\/h2> <p>Aby doda\u0107 bezkodow\u0105 wtyczk\u0119 LinkedIn Feed do swojej witryny Joomla, wykonaj nast\u0119puj\u0105ce kroki: <\/p> <ol><li><b>Uruchom nasz bezp\u0142atny konfigurator i zacznij tworzy\u0107 niestandardowy widget LinkedIn Feed . <\/b><br> Okre\u015bl wybrany projekt i charakterystyk\u0119 wtyczki oraz zastosuj poprawki. <\/li> <li><b>Uzyskaj unikalny kod pojawiaj\u0105cy si\u0119 w specjalnym formularzu w aplikacjach Elfsight. <\/b><br> Po wygenerowaniu osobistego wid\u017cetu skopiuj indywidualny kod w wy\u015bwietlonym polu i zapisz go na przysz\u0142e okazje. <\/li> <li><b>Rozpocznij instalowanie wtyczki na swojej stronie Joomla. <\/b><br> Dodaj zapisany wcze\u015bniej kod do swojej witryny i zastosuj ulepszenia. <\/li> <li><b>Instalacja zosta\u0142a w pe\u0142ni uko\u0144czona. <\/b><br> Przejd\u017a do swojej witryny, aby sprawdzi\u0107 dzia\u0142anie wtyczki LinkedIn Feed. <\/li><\/ol> <p>W przypadku pyta\u0144 lub problem\u00f3w zwi\u0105zanych z dodaniem wid\u017cetu nie wahaj si\u0119 skontaktowa\u0107 z naszym dzia\u0142em wsparcia. Nasi ludzie z przyjemno\u015bci\u0105 odpowiedz\u0105 na wszystkie Twoje pytania dzi\u0119ki darmowej wtyczce LinkedIn Feed dla witryn Joomla. <\/p> <\/div>","protected":false},"excerpt":{"rendered":"","protected":false},"author":9,"featured_media":0,"parent":3395,"menu_order":0,"comment_status":"closed","ping_status":"closed","template":"templates\/template-application-platform.php","meta":{"publish_to_discourse":"","publish_post_category":"","wpdc_auto_publish_overridden":"","wpdc_topic_tags":"","wpdc_pin_topic":"","wpdc_pin_until":"","discourse_post_id":"","discourse_permalink":"","wpdc_publishing_response":"","wpdc_publishing_error":"","footnotes":""},"class_list":["post-5590","page","type-page","status-publish","hentry"],"yoast_head":"<!-- This site is optimized with the Yoast SEO plugin v25.3.1 - https:\/\/yoast.com\/wordpress\/plugins\/seo\/ -->\n<title>Kana\u0142 LinkedIn \u2014 dodaj rozszerzenie kana\u0142u do Joomla [za darmo!]<\/title>\n<meta name=\"description\" content=\"Umie\u015b\u0107 wolne od kodowania rozszerzenie LinkedIn Feed na swojej witrynie Joomla. Zbuduj sw\u00f3j widget, korzystaj\u0105c z wersji demonstracyjnej na \u017cywo i gotowych szablon\u00f3w, aby uzyska\u0107 mocny dow\u00f3d spo\u0142eczno\u015bciowy.\" \/>\n<meta name=\"robots\" content=\"index, follow, max-snippet:-1, max-image-preview:large, max-video-preview:-1\" \/>\n<link rel=\"canonical\" href=\"https:\/\/elfsight.com\/pl\/linkedin-feed-widget\/joomla\/\" \/>\n<meta property=\"og:locale\" content=\"pl_PL\" \/>\n<meta property=\"og:type\" content=\"article\" \/>\n<meta property=\"og:title\" content=\"Kana\u0142 LinkedIn \u2014 dodaj rozszerzenie kana\u0142u do Joomla [za darmo!]\" \/>\n<meta property=\"og:description\" content=\"Umie\u015b\u0107 wolne od kodowania rozszerzenie LinkedIn Feed na swojej witrynie Joomla. Zbuduj sw\u00f3j widget, korzystaj\u0105c z wersji demonstracyjnej na \u017cywo i gotowych szablon\u00f3w, aby uzyska\u0107 mocny dow\u00f3d spo\u0142eczno\u015bciowy.\" \/>\n<meta property=\"og:url\" content=\"https:\/\/elfsight.com\/pl\/linkedin-feed-widget\/joomla\/\" \/>\n<meta property=\"og:site_name\" content=\"Elfsight PL\" \/>\n<meta property=\"article:modified_time\" content=\"2024-10-24T13:20:03+00:00\" \/>\n<meta name=\"twitter:card\" content=\"summary_large_image\" \/>\n<meta name=\"twitter:label1\" content=\"Szacowany czas czytania\" \/>\n\t<meta name=\"twitter:data1\" content=\"5 minut\" \/>\n<!-- \/ Yoast SEO plugin. -->","yoast_head_json":{"title":"Kana\u0142 LinkedIn \u2014 dodaj rozszerzenie kana\u0142u do Joomla [za darmo!]","description":"Umie\u015b\u0107 wolne od kodowania rozszerzenie LinkedIn Feed na swojej witrynie Joomla. Zbuduj sw\u00f3j widget, korzystaj\u0105c z wersji demonstracyjnej na \u017cywo i gotowych szablon\u00f3w, aby uzyska\u0107 mocny dow\u00f3d spo\u0142eczno\u015bciowy.","robots":{"index":"index","follow":"follow","max-snippet":"max-snippet:-1","max-image-preview":"max-image-preview:large","max-video-preview":"max-video-preview:-1"},"canonical":"https:\/\/elfsight.com\/pl\/linkedin-feed-widget\/joomla\/","og_locale":"pl_PL","og_type":"article","og_title":"Kana\u0142 LinkedIn \u2014 dodaj rozszerzenie kana\u0142u do Joomla [za darmo!]","og_description":"Umie\u015b\u0107 wolne od kodowania rozszerzenie LinkedIn Feed na swojej witrynie Joomla. Zbuduj sw\u00f3j widget, korzystaj\u0105c z wersji demonstracyjnej na \u017cywo i gotowych szablon\u00f3w, aby uzyska\u0107 mocny dow\u00f3d spo\u0142eczno\u015bciowy.","og_url":"https:\/\/elfsight.com\/pl\/linkedin-feed-widget\/joomla\/","og_site_name":"Elfsight PL","article_modified_time":"2024-10-24T13:20:03+00:00","twitter_card":"summary_large_image","twitter_misc":{"Szacowany czas czytania":"5 minut"},"schema":{"@context":"https:\/\/schema.org","@graph":[{"@type":"WebPage","@id":"https:\/\/elfsight.com\/pl\/linkedin-feed-widget\/joomla\/","url":"https:\/\/elfsight.com\/pl\/linkedin-feed-widget\/joomla\/","name":"Kana\u0142 LinkedIn \u2014 dodaj rozszerzenie kana\u0142u do Joomla [za darmo!]","isPartOf":{"@id":"https:\/\/elfsight.com\/pl\/#website"},"datePublished":"2024-05-03T06:40:21+00:00","dateModified":"2024-10-24T13:20:03+00:00","description":"Umie\u015b\u0107 wolne od kodowania rozszerzenie LinkedIn Feed na swojej witrynie Joomla. Zbuduj sw\u00f3j widget, korzystaj\u0105c z wersji demonstracyjnej na \u017cywo i gotowych szablon\u00f3w, aby uzyska\u0107 mocny dow\u00f3d spo\u0142eczno\u015bciowy.","breadcrumb":{"@id":"https:\/\/elfsight.com\/pl\/linkedin-feed-widget\/joomla\/#breadcrumb"},"inLanguage":"pl-PL","potentialAction":[{"@type":"ReadAction","target":["https:\/\/elfsight.com\/pl\/linkedin-feed-widget\/joomla\/"]}]},{"@type":"BreadcrumbList","@id":"https:\/\/elfsight.com\/pl\/linkedin-feed-widget\/joomla\/#breadcrumb","itemListElement":[{"@type":"ListItem","position":1,"name":"Home","item":"https:\/\/elfsight.com\/pl\/"},{"@type":"ListItem","position":2,"name":"LinkedIn Feed","item":"https:\/\/elfsight.com\/pl\/linkedin-feed-widget\/"},{"@type":"ListItem","position":3,"name":"LinkedIn Feed &#8211; Joomla"}]},{"@type":"WebSite","@id":"https:\/\/elfsight.com\/pl\/#website","url":"https:\/\/elfsight.com\/pl\/","name":"Elfsight PL","description":"Just another Elfsight Sites site","potentialAction":[{"@type":"SearchAction","target":{"@type":"EntryPoint","urlTemplate":"https:\/\/elfsight.com\/pl\/?s={search_term_string}"},"query-input":{"@type":"PropertyValueSpecification","valueRequired":true,"valueName":"search_term_string"}}],"inLanguage":"pl-PL"}]}},"meta_box":{"industry":"","seo_heading":"","heading":"","description":"","cta_heading":"","cta_description":"","application":"3348","h1":"Jak osadzi\u0107 kana\u0142 LinkedIn w Joomla za darmo!","h1_caption":"Wy\u015bwietlaj posty ze swojego profilu na LinkedIn lub strony firmowej na swojej stronie internetowej, bez wysi\u0142ku zwi\u0119kszaj\u0105c swoj\u0105 profesjonaln\u0105 obecno\u015b\u0107 w Internecie na swojej stronie Joomla.","application_category":[],"applications_title":"","applications_request_title":"","applications_request_button_text":"","hero_text":"","hero_video":"","hero_video_schema_markup":"","selling_points_title":"","selling_points_caption":"","selling_points":[],"selling_points_cta_text":"","features_title":"","features":"","ed_cta_examples_text":"","ed_cta_examples_hidden":"","ed_cta_demo_text":"","ed_cta_demo_hidden":"","why_caption":"","why_editor_title":"","why_editor_text":"","why_team_title":"","why_team_text":"","why_service_title":"","why_service_text":"","template_catalog_visible":"","template_catalog_title":"","template_catalog_text":"","template_catalog_categories_visible":"","demo_title":"Nie wahaj si\u0119 i utw\u00f3rz dostosowany do indywidualnych potrzeb kana\u0142 Joomla LinkedIn","demo_caption":"Dostosuj go i zaimplementuj wtyczk\u0119 na swojej stronie g\u0142\u00f3wnej, korzystaj\u0105c z wersji demonstracyjnej.","default_faq_hidden":"","app_template_category":[],"platform":"53","template_public_id":"","codecanyon_url":"","codecanyon_item_id":"","codecanyon_price":"","pricing_caption":"","pricing_elfsight_apps_hide_column":"","pricing_elfsight_apps_url":"","pricing_codecanyon_price_caption":"","integration_category":[],"integration_request_title":"","integration_request_cta":"","integration_platform":"","integrations":[],"platform_category":[],"video_schema_markup":"","price":"od 0 USD \/ miesi\u0105c","trial":"","benefits":[{"text":"Bezp\u0142atna pomoc w monta\u017cu"},{"text":"Wyj\u0105tkowe wsparcie"},{"text":"14-dniowa gwarancja zwrotu pieni\u0119dzy"}],"button_url":"#demo","button_target_blank":"","button_nofollow":"","attributes":[{"name":"Instaluje"},{"name":"Czu\u0142y"},{"name":"Kompatybilne przegl\u0105darki"}],"tags":[],"tags_disable_links":"","hide_more_platforms":"","video_object":"","demo_hide_cta":"","demo_hide_cloud_options":"","pricing_title":"","pricing":[{"pricing_icon":"platform","pricing_title":"Elfsight Apps","pricing_title_caption":"Wersja wieloplatformowa, kt\u00f3ra pasuje do ka\u017cdej witryny","pricing_price":"od 0 USD \/ miesi\u0105c","pricing_price_caption":"Zacznij od bezp\u0142atnego planu","pricing_benefits":[{"text":"Nielimitowane strony internetowe"},{"text":"Dedykowane i terminowe wsparcie oraz dobrze udokumentowane"},{"text":"Bezp\u0142atna pomoc w instalacji"},{"text":"100% konfigurowalny"}],"pricing_button_text":"Dodaj do witryny","pricing_button_url":"#demo"}],"related_apps_title":"","related_apps_hidden":"","author":"","image":[],"title":"","job":"","social_networks":[]},"_links":{"self":[{"href":"https:\/\/elfsight.com\/pl\/wp-json\/wp\/v2\/pages\/5590","targetHints":{"allow":["GET"]}}],"collection":[{"href":"https:\/\/elfsight.com\/pl\/wp-json\/wp\/v2\/pages"}],"about":[{"href":"https:\/\/elfsight.com\/pl\/wp-json\/wp\/v2\/types\/page"}],"author":[{"embeddable":true,"href":"https:\/\/elfsight.com\/pl\/wp-json\/wp\/v2\/users\/9"}],"replies":[{"embeddable":true,"href":"https:\/\/elfsight.com\/pl\/wp-json\/wp\/v2\/comments?post=5590"}],"version-history":[{"count":1,"href":"https:\/\/elfsight.com\/pl\/wp-json\/wp\/v2\/pages\/5590\/revisions"}],"predecessor-version":[{"id":5594,"href":"https:\/\/elfsight.com\/pl\/wp-json\/wp\/v2\/pages\/5590\/revisions\/5594"}],"up":[{"embeddable":true,"href":"https:\/\/elfsight.com\/pl\/wp-json\/wp\/v2\/pages\/3395"}],"wp:attachment":[{"href":"https:\/\/elfsight.com\/pl\/wp-json\/wp\/v2\/media?parent=5590"}],"curies":[{"name":"wp","href":"https:\/\/api.w.org\/{rel}","templated":true}]}}