{"id":559,"date":"2020-11-20T13:09:50","date_gmt":"2020-11-20T13:09:50","guid":{"rendered":"https:\/\/elfsight.com\/pl\/?page_id=559"},"modified":"2021-04-21T13:48:50","modified_gmt":"2021-04-21T13:48:50","slug":"zoho-apps","status":"publish","type":"page","link":"https:\/\/elfsight.com\/pl\/zoho-apps\/","title":{"rendered":"Zoho apps"},"content":{"rendered":"\n<h2>Najskuteczniejsze aplikacje Elfsight dla wszelkich zada\u0144 twojej witryny Zoho<\/h2>\n\n<p>Przez 9 lat nasza dru\u017cyna ekspert\u00f3w Elfsight wypuszcza proste i personalizowane rozszerzenia chmurowe dla Twojej witryny internetowej. Elfsight zapewnia serwis wsparcia i szybkie \u0142adowanie. Pluginy Elfsight wspomagaj\u0105 w\u0142a\u015bcicielom witryn online, edukacyjnych oraz wielu innym na \u015bwiecie upora\u0107 si\u0119 z g\u0142\u00f3wnymi zadaniami bardziej wydajnie. \n<\/p>\n\n<p>Mo\u017cesz zwi\u0119kszy\u0107 dochody, pokaza\u0107 5-gwiazdkow\u0105 ocen\u0119 na Pa\u0144stwa oferty, zwi\u0119kszy\u0107 zaufanie do swojej marki, po prostu dodaj\u0105c plugin do Pa\u0144stwa strony Web. Nasze plany abonamentowe wahaj\u0105 si\u0119 od bezp\u0142atnych do premium. Szybko wbudowa\u0107 dowolnie wybrane dodatki przy u\u017cyciu naszej wersji demonstracyjnej i spotkaj jak bardzo to b\u0119dzie po\u017cyteczne w kwestii rozwoju strony internetowej biznesu. <\/p>\n\n<h2>Co sprawia, \u017ce aplikacji Zoho s\u0105 tak wyj\u0105tkowymi narz\u0119dziami dla Ciebie? <\/h2>\n\n<p> Tu jest list\u0119 silnych jako\u015bci naszych wtyczek, kt\u00f3re pomagaj\u0105 nam by\u0107 lepszymi, ni\u017c nasi konkurenci: <\/p>\n\n\n<ul>\n<li> Darmowa i natychmiastowa wsparcie przy wbudowaniu lub dostosowywanie aplikacji; <\/li>\n<li> W pe\u0142ni responsywne do wszystkich rozdzielczo\u015bci witryn internetowych i przyjazne dla urz\u0105dze\u0144 mobilnych; <\/li>\n<li> Nie ma potrzeby uczy\u0107 si\u0119 programowa\u0107; <\/li>\n<li> Bogata gama funkcji stylizacji; <\/li>\n<li> Oparte na chmurze pluginy pomagaj\u0105 zwi\u0119kszy\u0107 szybko\u015b\u0107 \u0142adowania strony; <\/li>\n<li> Wszystkie poprawki s\u0105 bezp\u0142atne i regularne; <\/li>\n<li> Uczciwe ceny; <\/li>\n<li> Profesjonalna pomoc z problemami klient\u00f3w. <\/li>\n<\/ul>\n\n<p> Zbadaj wolne wersje Lite naszych wid\u017cet\u00f3w i zrozumiej jej potencja\u0142 lub kup dowolne wymagane aplikacje z 20% rabatem. <\/p>\n\n\n<h2> Jak zamie\u015bci\u0107 Twoje widgety Elfsight na stronie Web Zoho <\/h2>\n\n<p> Mo\u017cesz doda\u0107 dodatki, wykonuj\u0105c wszystkie czynno\u015bci z kr\u00f3tkiej instrukcji: <\/p>\n\n\n<ol>\n<li> Wybierz wymagany dodatek; <\/li>\n<li> Wprowad\u017a niekt\u00f3re wa\u017cne zmiany; <\/li>\n<li> Zastosuj zmiany; <\/li>\n<li> Kliknij generowany kod; <\/li>\n<li> Dodaj go w potrzebnym miejscu Pa\u0144stwa strony lub szablonu; <\/li>\n<li> Zrobione! Zainstalowa\u0142e\u015b widget. <\/li>\n<\/ol>\n\n<p> W przypadku jakichkolwiek pyta\u0144, zapraszamy poinformowa\u0107 o tym zespo\u0142u wspieraj\u0105cego Elfsight. <\/p>\n","protected":false},"excerpt":{"rendered":"Najskuteczniejsze aplikacje Elfsight dla wszelkich zada\u0144 twojej witryny Zoho Przez 9 lat nasza dru\u017cyna ekspert\u00f3w Elfsight wypuszcza proste i personalizowane rozszerzenia chmurowe dla Twojej witryny internetowej. Elfsight zapewnia serwis wsparcia i szybkie \u0142adowanie. Pluginy Elfsight wspomagaj\u0105 w\u0142a\u015bcicielom witryn online, edukacyjnych oraz wielu innym na \u015bwiecie upora\u0107 si\u0119 z g\u0142\u00f3wnymi zadaniami&#8230;","protected":false},"author":13,"featured_media":0,"parent":0,"menu_order":0,"comment_status":"closed","ping_status":"closed","template":"templates\/template-platform.php","meta":{"publish_to_discourse":"","publish_post_category":"","wpdc_auto_publish_overridden":"","wpdc_topic_tags":"","wpdc_pin_topic":"","wpdc_pin_until":"","discourse_post_id":"","discourse_permalink":"","wpdc_publishing_response":"","wpdc_publishing_error":"","footnotes":""},"class_list":["post-559","page","type-page","status-publish","hentry"],"yoast_head":"<!-- This site is optimized with the Yoast SEO plugin v25.3.1 - https:\/\/yoast.com\/wordpress\/plugins\/seo\/ -->\n<title>Ponad 80 najlepszych darmowych Zoho apps dla strony internetowej<\/title>\n<meta name=\"description\" content=\"Spis gratisowych aplikacji pierwszej klasy dla twojej strony internetowej Zoho. Pom\u00f3c w personalizacj\u0119 a tak\u017ce szeroka gama opcji.\" \/>\n<meta name=\"robots\" content=\"index, follow, max-snippet:-1, max-image-preview:large, max-video-preview:-1\" \/>\n<link rel=\"canonical\" href=\"https:\/\/elfsight.com\/pl\/zoho-apps\/\" \/>\n<meta property=\"og:locale\" content=\"pl_PL\" \/>\n<meta property=\"og:type\" content=\"article\" \/>\n<meta property=\"og:title\" content=\"Ponad 80 najlepszych darmowych Zoho apps dla strony internetowej\" \/>\n<meta property=\"og:description\" content=\"Spis gratisowych aplikacji pierwszej klasy dla twojej strony internetowej Zoho. Pom\u00f3c w personalizacj\u0119 a tak\u017ce szeroka gama opcji.\" \/>\n<meta property=\"og:url\" content=\"https:\/\/elfsight.com\/pl\/zoho-apps\/\" \/>\n<meta property=\"og:site_name\" content=\"Elfsight PL\" \/>\n<meta property=\"article:modified_time\" content=\"2021-04-21T13:48:50+00:00\" \/>\n<meta name=\"twitter:card\" content=\"summary_large_image\" \/>\n<meta name=\"twitter:label1\" content=\"Szacowany czas czytania\" \/>\n\t<meta name=\"twitter:data1\" content=\"1 minuta\" \/>\n<!-- \/ Yoast SEO plugin. -->","yoast_head_json":{"title":"Ponad 80 najlepszych darmowych Zoho apps dla strony internetowej","description":"Spis gratisowych aplikacji pierwszej klasy dla twojej strony internetowej Zoho. Pom\u00f3c w personalizacj\u0119 a tak\u017ce szeroka gama opcji.","robots":{"index":"index","follow":"follow","max-snippet":"max-snippet:-1","max-image-preview":"max-image-preview:large","max-video-preview":"max-video-preview:-1"},"canonical":"https:\/\/elfsight.com\/pl\/zoho-apps\/","og_locale":"pl_PL","og_type":"article","og_title":"Ponad 80 najlepszych darmowych Zoho apps dla strony internetowej","og_description":"Spis gratisowych aplikacji pierwszej klasy dla twojej strony internetowej Zoho. Pom\u00f3c w personalizacj\u0119 a tak\u017ce szeroka gama opcji.","og_url":"https:\/\/elfsight.com\/pl\/zoho-apps\/","og_site_name":"Elfsight PL","article_modified_time":"2021-04-21T13:48:50+00:00","twitter_card":"summary_large_image","twitter_misc":{"Szacowany czas czytania":"1 minuta"},"schema":{"@context":"https:\/\/schema.org","@graph":[{"@type":"WebPage","@id":"https:\/\/elfsight.com\/pl\/zoho-apps\/","url":"https:\/\/elfsight.com\/pl\/zoho-apps\/","name":"Ponad 80 najlepszych darmowych Zoho apps dla strony internetowej","isPartOf":{"@id":"https:\/\/elfsight.com\/pl\/#website"},"datePublished":"2020-11-20T13:09:50+00:00","dateModified":"2021-04-21T13:48:50+00:00","description":"Spis gratisowych aplikacji pierwszej klasy dla twojej strony internetowej Zoho. Pom\u00f3c w personalizacj\u0119 a tak\u017ce szeroka gama opcji.","breadcrumb":{"@id":"https:\/\/elfsight.com\/pl\/zoho-apps\/#breadcrumb"},"inLanguage":"pl-PL","potentialAction":[{"@type":"ReadAction","target":["https:\/\/elfsight.com\/pl\/zoho-apps\/"]}]},{"@type":"BreadcrumbList","@id":"https:\/\/elfsight.com\/pl\/zoho-apps\/#breadcrumb","itemListElement":[{"@type":"ListItem","position":1,"name":"Home","item":"https:\/\/elfsight.com\/pl\/"},{"@type":"ListItem","position":2,"name":"Zoho apps"}]},{"@type":"WebSite","@id":"https:\/\/elfsight.com\/pl\/#website","url":"https:\/\/elfsight.com\/pl\/","name":"Elfsight PL","description":"Just another Elfsight Sites site","potentialAction":[{"@type":"SearchAction","target":{"@type":"EntryPoint","urlTemplate":"https:\/\/elfsight.com\/pl\/?s={search_term_string}"},"query-input":{"@type":"PropertyValueSpecification","valueRequired":true,"valueName":"search_term_string"}}],"inLanguage":"pl-PL"}]}},"meta_box":{"industry":"","seo_heading":"","heading":"","description":"","cta_heading":"","cta_description":"","application":"","h1":"Najlepsze aplikacje Zoho","h1_caption":"Gratisowy spis rewelacyjnych aplikacji wysokiej klasy z szerok\u0105 gam\u0105 funkcji dla powi\u0119kszania zapotrzebowania u\u017cytkownika oraz dokonania wszystkich kluczowych dzia\u0142a\u0144 w zakresie rozwoju komercyjnego. Szybka instalacja, bogata oferta mo\u017cliwo\u015bci konfiguracji a tak\u017ce profesjonalny serwis pomocy klienta.","application_category":[],"applications_title":"Spotkaj najbardziej odpowiednie aplikacji dla twojej strony internetowej w\u015br\u00f3d wszystkich wtyczek gratisowych w edytorze internetowym","applications_request_title":"Nie mo\u017cesz znale\u017a\u0107 odpowiedniej aplikacji?","applications_request_button_text":"Zam\u00f3w aplikacje","hero_text":"","hero_video":"","hero_video_schema_markup":"","selling_points_title":"","selling_points_caption":"","selling_points":[],"selling_points_cta_text":"","features_title":"","features":"","ed_cta_examples_text":"","ed_cta_examples_hidden":"","ed_cta_demo_text":"","ed_cta_demo_hidden":"","why_caption":"","why_editor_title":"","why_editor_text":"","why_team_title":"","why_team_text":"","why_service_title":"","why_service_text":"","template_catalog_visible":"","template_catalog_title":"","template_catalog_text":"","template_catalog_categories_visible":"","demo_title":"","demo_caption":"","default_faq_hidden":"","app_template_category":[],"platform":"556","template_public_id":"","codecanyon_url":"","codecanyon_item_id":"","codecanyon_price":"","pricing_caption":"","pricing_elfsight_apps_hide_column":"","pricing_elfsight_apps_url":"","pricing_codecanyon_price_caption":"","integration_category":[],"integration_request_title":"","integration_request_cta":"","integration_platform":"","integrations":[],"platform_category":[],"video_schema_markup":"","price":"","trial":"","benefits":[],"button_url":"","button_target_blank":"","button_nofollow":"","attributes":[],"tags":[],"tags_disable_links":"","hide_more_platforms":"","video_object":"","demo_hide_cta":"","demo_hide_cloud_options":"","pricing_title":"","pricing":[],"related_apps_title":"","related_apps_hidden":"","author":"","image":[],"title":"","job":"","social_networks":[]},"_links":{"self":[{"href":"https:\/\/elfsight.com\/pl\/wp-json\/wp\/v2\/pages\/559","targetHints":{"allow":["GET"]}}],"collection":[{"href":"https:\/\/elfsight.com\/pl\/wp-json\/wp\/v2\/pages"}],"about":[{"href":"https:\/\/elfsight.com\/pl\/wp-json\/wp\/v2\/types\/page"}],"author":[{"embeddable":true,"href":"https:\/\/elfsight.com\/pl\/wp-json\/wp\/v2\/users\/13"}],"replies":[{"embeddable":true,"href":"https:\/\/elfsight.com\/pl\/wp-json\/wp\/v2\/comments?post=559"}],"version-history":[{"count":2,"href":"https:\/\/elfsight.com\/pl\/wp-json\/wp\/v2\/pages\/559\/revisions"}],"predecessor-version":[{"id":561,"href":"https:\/\/elfsight.com\/pl\/wp-json\/wp\/v2\/pages\/559\/revisions\/561"}],"wp:attachment":[{"href":"https:\/\/elfsight.com\/pl\/wp-json\/wp\/v2\/media?parent=559"}],"curies":[{"name":"wp","href":"https:\/\/api.w.org\/{rel}","templated":true}]}}