{"id":5589,"date":"2024-05-03T06:40:20","date_gmt":"2024-05-03T06:40:20","guid":{"rendered":"https:\/\/elfsight.com\/pl\/?page_id=5589"},"modified":"2024-10-24T11:54:03","modified_gmt":"2024-10-24T11:54:03","slug":"wordpress","status":"publish","type":"page","link":"https:\/\/elfsight.com\/pl\/line-chat-widget\/wordpress\/","title":{"rendered":"Line Chat &#8211; WordPress"},"content":{"rendered":"<div class=\"application-platform-content-item-description application-platform-content-item\" id=\"description\" data-nav-section=\"description\"><h2>Ulepsz swoj\u0105 witryn\u0119 WordPress za pomoc\u0105 wtyczki Elfsight Line Chat<\/h2><p>Elfsight Line Chat dla WordPress to najlepsze rozwi\u0105zanie, kt\u00f3re ulepszy Twoj\u0105 witryn\u0119 mo\u017cliwo\u015bci komunikacji i obs\u0142ugi klienta. Dzi\u0119ki tej pot\u0119\u017cnej wtyczce mo\u017cesz bezproblemowo osadzi\u0107 Line Chat w swojej witrynie WordPress, zapewniaj\u0105c odwiedzaj\u0105cym wygodny i bezpo\u015bredni spos\u00f3b \u0142\u0105czenia si\u0119 z Tob\u0105. Niezale\u017cnie od tego, czy prowadzisz blog, sklep internetowy, czy inny rodzaj strony internetowej, ten widget zmienia zasady gry, je\u015bli chodzi o utrzymywanie kontaktu z odbiorcami. Przyjrzyjmy si\u0119 funkcjom i procesowi instalacji, kt\u00f3re sprawiaj\u0105, \u017ce czat liniowy Elfsight jest niezb\u0119dny dla Twojej witryny WordPress.<\/p><div class=\"faq\" data-component=\"FAQ\"><div class=\"faq-item\">\r\n\t\t\t\t\t<div class=\"faq-item-question\">\r\n\t\t\t\t\t\t<h3 class=\"faq-item-question-text\"><\/h3>\r\n\r\n\t\t\t\t\t\t<div class=\"faq-item-question-icon\"><\/div>\r\n\t\t\t\t\t<\/div>\r\n\r\n\t\t\t\t\t<div class=\"faq-item-answer\">\r\n\t\t\t\t\t\t<div class=\"faq-item-answer-text\"><p>Czat liniowy Elfsight to doskona\u0142y wyb\u00f3r dla w\u0142a\u015bcicieli witryn WordPress, kt\u00f3rzy chc\u0105 oferowa\u0107 wyj\u0105tkow\u0105 obs\u0142ug\u0119 klienta. Oto kilka kluczowych powod\u00f3w, dla kt\u00f3rych warto wybra\u0107 ten widget:<\/p><ul> <li>Bezproblemowa integracja: dodanie czatu liniowego do witryny WordPress jest proste. Nie potrzebujesz \u017cadnych umiej\u0119tno\u015bci kodowania; jest to tak proste, jak kopiowanie i wklejanie.<\/li> <li>Opcje dostosowywania: Dostosuj wid\u017cet czatu liniowego tak, aby pasowa\u0142 do stylu i marki Twojej witryny. Wybieraj spo\u015br\u00f3d r\u00f3\u017cnych motyw\u00f3w, ikon i pozycji okien czatu.<\/li> <li>Komunikacja w czasie rzeczywistym: podtrzymuj rozmow\u0119, \u0142\u0105cz\u0105c go\u015bci z Tob\u0105 na czacie liniowym, zapewniaj\u0105c, \u017ce b\u0119dziesz dost\u0119pny, aby im pom\u00f3c, kiedy tylko tego potrzebuj\u0105 .<\/li> <li>Statystyki odwiedzaj\u0105cych: uzyskaj cenne informacje na temat preferencji i zachowa\u0144 odwiedzaj\u0105cych, \u015bledz\u0105c ich interakcje za pomoc\u0105 wid\u017cetu czatu liniowego.<\/li> <li>Zaanga\u017cuj wi\u0119cej odwiedzaj\u0105cych: udost\u0119pniaj\u0105c bezpo\u015bredni kana\u0142 czatu liniowego, przyci\u0105gniesz wi\u0119cej odwiedzaj\u0105cych, co doprowadzi do zwi\u0119kszenia zadowolenia klient\u00f3w i konwersji.<\/li><\/ul><p>Dzi\u0119ki Elfsight Line Chat dla WordPress mo\u017cesz znacznie poprawi\u0107 komfort korzystania ze swojej witryny, czyni\u0105c j\u0105 bardziej interaktywn\u0105 i przyjazn\u0105 dla u\u017cytkownika .<\/p><\/div>\r\n\t\t\t\t\t<\/div>\r\n\t\t\t\t<\/div><div class=\"faq-item\">\r\n\t\t\t\t\t<div class=\"faq-item-question\">\r\n\t\t\t\t\t\t<h3 class=\"faq-item-question-text\">Jak doda\u0107 czat liniowy Elfsight do swojej witryny WordPress?<\/h3>\r\n\r\n\t\t\t\t\t\t<div class=\"faq-item-question-icon\"><\/div>\r\n\t\t\t\t\t<\/div>\r\n\r\n\t\t\t\t\t<div class=\"faq-item-answer\">\r\n\t\t\t\t\t\t<div class=\"faq-item-answer-text\"><p>Integracja czatu liniowego Elfsight z witryn\u0105 WordPress jest szybkim i prostym procesem. Aby rozpocz\u0105\u0107, wykonaj nast\u0119puj\u0105ce kroki:<\/p><ol> <li><strong>Dostosowywanie wid\u017cetu:<\/strong> Zacznij od dostosowania wid\u017cetu czatu liniowego za pomoc\u0105 naszego bezp\u0142atnego konfiguratora. Mo\u017cesz wybra\u0107 preferowany uk\u0142ad, projekt i inne ustawienia.<\/li> <li><strong>Kod instalacyjny:<\/strong> po dostosowaniu wid\u017cetu otrzymasz unikalny kod instalacyjny. Skopiuj ten kod, poniewa\u017c b\u0119dzie Ci potrzebny w nast\u0119pnym kroku.<\/li> <li><strong>Integracja z witryn\u0105:<\/strong> Przejd\u017a do zaplecza swojej witryny WordPress i wklej kod instalacyjny w wymaganym miejscu. Zapisz zmiany.<\/li> <li><strong>Ciesz si\u0119 czatem liniowym:<\/strong> Tw\u00f3j wid\u017cet czatu liniowego zosta\u0142 teraz pomy\u015blnie zintegrowany z Twoj\u0105 witryn\u0105. Odwied\u017a swoj\u0105 witryn\u0119, aby zobaczy\u0107, jak to dzia\u0142a.<\/li><\/ol><p>To wszystko! Pomy\u015blnie doda\u0142e\u015b czat liniowy Elfsight do swojej witryny WordPress i jeste\u015b gotowy, aby zapewni\u0107 odwiedzaj\u0105cym najwy\u017cszej klasy wsparcie.<\/p><\/div>\r\n\t\t\t\t\t<\/div>\r\n\t\t\t\t<\/div><div class=\"faq-item\">\r\n\t\t\t\t\t<div class=\"faq-item-question\">\r\n\t\t\t\t\t\t<h3 class=\"faq-item-question-text\">Poznaj wygl\u0105d wid\u017cetu z nasz\u0105 demonstracj\u0105 na \u017cywo<\/h3>\r\n\r\n\t\t\t\t\t\t<div class=\"faq-item-question-icon\"><\/div>\r\n\t\t\t\t\t<\/div>\r\n\r\n\t\t\t\t\t<div class=\"faq-item-answer\">\r\n\t\t\t\t\t\t<div class=\"faq-item-answer-text\"><p>Zastanawiasz si\u0119, jak wid\u017cet Czat liniowy b\u0119dzie wygl\u0105da\u0142 w Twojej witrynie WordPress? Mo\u017cesz wy\u015bwietli\u0107 jego podgl\u0105d przed dodaniem go do swojej witryny. Dostosowuj\u0105c wid\u017cet w kreatorze online, po prawej stronie mo\u017cesz zobaczy\u0107 zmiany w czasie rzeczywistym. Oznacza to, \u017ce mo\u017cesz mie\u0107 pewno\u015b\u0107, \u017ce okno czatu b\u0119dzie idealnie pasowa\u0107 do stylu Twojej witryny WordPress.<\/p><p><a href=\"https:\/\/elfsight.com\/line-chat-widget\/#demo\">Wypr\u00f3buj Demo na \u017cywo ju\u017c teraz<\/a><\/p><\/div>\r\n\t\t\t\t\t<\/div>\r\n\t\t\t\t<\/div><\/div><\/div><div class=\"application-platform-content-item-features application-platform-content-item\" id=\"features\" data-nav-section=\"features\"><\/div><h2>Odkrywanie zaawansowanych funkcji czatu liniowego Elfsight dla WordPress<\/h2><p>Czat liniowy Elfsight jest wyposa\u017cony w szereg funkcji, kt\u00f3re zrewolucjonizuj\u0105 spos\u00f3b \u0142\u0105czenia si\u0119 z odbiorcami. Oto g\u0142\u00f3wne funkcje, kt\u00f3re czyni\u0105 t\u0119 wtyczk\u0119 niezb\u0119dnym narz\u0119dziem dla Twojej witryny WordPress:<\/p><ul> <li>\u0141atwa integracja: bez wysi\u0142ku osadzaj czat liniowy w swojej witrynie WordPress, poprawiaj\u0105c komunikacj\u0119 odwiedzaj\u0105cych.<\/li> <li>Wiadomo\u015bci w czasie rzeczywistym: podtrzymuj rozmow\u0119 z odbiorcami bezpo\u015brednio ze swojej strony WordPress.<\/li> <li>Opcje lokalizacji czatu: wybierz jedno z trzech ustawie\u0144 lokalizacji czatu \u2013 p\u0142ywaj\u0105cy dymek, osadzony dymek lub osadzone okno czatu \u2013 aby dopasowa\u0107 j\u0105 do uk\u0142adu Twojej witryny.<\/li> <li>Wyb\u00f3r ikon: poznaj r\u00f3\u017cnorodn\u0105 kolekcj\u0119 ikon b\u0105belk\u00f3w i wybierz t\u0119, kt\u00f3ra najlepiej pasuje do projektu Twojej witryny.<\/li> <li>Konfigurowalny tekst: Spersonalizuj tekst b\u0105belk\u00f3w, aby go utworzy\u0107 przyjazny i wci\u0105gaj\u0105cy komunikat dla odwiedzaj\u0105cych.<\/li><\/ul><p>Dzi\u0119ki tym funkcjom Elfsight Line Chat dla WordPress gwarantuje, \u017ce mo\u017cesz zaoferowa\u0107 najwy\u017cszej klasy wsparcie, zaanga\u017cowa\u0107 odwiedzaj\u0105cych i sprawi\u0107, \u017ce Twoja witryna b\u0119dzie bardziej interaktywna. <\/p><p><a href=\"https:\/\/elfsight.com\/line-chat-widget\/#demo\">Aby dok\u0142adniej pozna\u0107 te funkcje, wypr\u00f3buj nasz\u0105 demonstracj\u0119 na \u017cywo<\/a><\/p>[\/ application_platform_content_item]<div class=\"application-platform-content-item-installation application-platform-content-item\" id=\"installation\" data-nav-section=\"installation\"><\/div><h2>Instalowanie wtyczki Elfsight Line Chat w witrynie WordPress<\/h2><p>Dodanie Elfsight Line Chat do witryny WordPress to prosty proces, kt\u00f3ry nie wymaga \u017cadnej wiedzy z zakresu kodowania. Aby rozpocz\u0105\u0107, wykonaj te proste kroki:<\/p><ol> <li><b>Dostosowywanie wid\u017cetu:<\/b> Zacznij od dostosowania wid\u017cetu czatu liniowego w naszym bezp\u0142atnym konfiguratorze. Wybierz preferowany uk\u0142ad i ustawienia, a nast\u0119pnie zapisz dostosowania.<\/li> <li><b>Uzyskaj kod instalacyjny:<\/b> Po dostosowaniu wid\u017cetu otrzymasz unikalny kod instalacyjny. Skopiuj ten kod; b\u0119dziesz go potrzebowa\u0107 w nast\u0119pnym kroku.<\/li> <li><b>Integracja ze stron\u0105 internetow\u0105:<\/b> Uzyskaj dost\u0119p do zaplecza swojej witryny WordPress i wklej kod instalacyjny we wskazanej lokalizacji. Zapisz wprowadzone zmiany.<\/li> <li><b>Ciesz si\u0119 czatem liniowym:<\/b> Tw\u00f3j wid\u017cet czatu liniowego Elfsight zosta\u0142 teraz pomy\u015blnie zintegrowany z Twoj\u0105 witryn\u0105. Odwied\u017a swoj\u0105 witryn\u0119 i zobacz, jak dzia\u0142a.<\/li><\/ol><p>To wszystko! Zako\u0144czy\u0142e\u015b instalacj\u0119, a Twoja witryna WordPress jest teraz wyposa\u017cona w czat liniowy Elfsight. Mo\u017cesz nawi\u0105za\u0107 kontakt z odwiedzaj\u0105cymi i zapewni\u0107 wyj\u0105tkowe wsparcie.<\/p><p>Je\u015bli napotkasz jakiekolwiek trudno\u015bci podczas instalacji lub masz jakie\u015b pytania, nasza obs\u0142uga klienta jest na wyci\u0105gni\u0119cie r\u0119ki, gotowa pom\u00f3c Ci w razie jakichkolwiek w\u0105tpliwo\u015bci.<\/p>[\/platforma_aplikacji_content_item]<p><\/p>","protected":false},"excerpt":{"rendered":"Odkrywanie zaawansowanych funkcji czatu liniowego Elfsight dla WordPressCzat liniowy Elfsight jest wyposa\u017cony w szereg funkcji, kt\u00f3re zrewolucjonizuj\u0105 spos\u00f3b \u0142\u0105czenia si\u0119 z odbiorcami. Oto g\u0142\u00f3wne funkcje, kt\u00f3re czyni\u0105 t\u0119 wtyczk\u0119 niezb\u0119dnym narz\u0119dziem dla Twojej witryny WordPress: \u0141atwa integracja: bez wysi\u0142ku osadzaj czat liniowy w swojej witrynie WordPress, poprawiaj\u0105c komunikacj\u0119 odwiedzaj\u0105cych. Wiadomo\u015bci&#8230;","protected":false},"author":9,"featured_media":0,"parent":1010,"menu_order":0,"comment_status":"closed","ping_status":"closed","template":"templates\/template-application-platform.php","meta":{"publish_to_discourse":"","publish_post_category":"","wpdc_auto_publish_overridden":"","wpdc_topic_tags":"","wpdc_pin_topic":"","wpdc_pin_until":"","discourse_post_id":"","discourse_permalink":"","wpdc_publishing_response":"","wpdc_publishing_error":"","footnotes":""},"class_list":["post-5589","page","type-page","status-publish","hentry"],"yoast_head":"<!-- This site is optimized with the Yoast SEO plugin v25.3.1 - https:\/\/yoast.com\/wordpress\/plugins\/seo\/ -->\n<title>Ulepsz komunikacj\u0119 WordPress dzi\u0119ki wtyczce czatu Elfsight Line<\/title>\n<meta name=\"description\" content=\"Odkryj, jak Elfsight Line Chat dla WordPress mo\u017ce zrewolucjonizowa\u0107 mo\u017cliwo\u015bci komunikacji i wsparcia Twojej witryny. Bezproblemowo integruj czat liniowy, anga\u017cuj odwiedzaj\u0105cych i zapewniaj wyj\u0105tkowe wsparcie dzi\u0119ki naszej \u0142atwej w obs\u0142udze wtyczce.\" \/>\n<meta name=\"robots\" content=\"index, follow, max-snippet:-1, max-image-preview:large, max-video-preview:-1\" \/>\n<link rel=\"canonical\" href=\"https:\/\/elfsight.com\/pl\/line-chat-widget\/wordpress\/\" \/>\n<meta property=\"og:locale\" content=\"pl_PL\" \/>\n<meta property=\"og:type\" content=\"article\" \/>\n<meta property=\"og:title\" content=\"Ulepsz komunikacj\u0119 WordPress dzi\u0119ki wtyczce czatu Elfsight Line\" \/>\n<meta property=\"og:description\" content=\"Odkryj, jak Elfsight Line Chat dla WordPress mo\u017ce zrewolucjonizowa\u0107 mo\u017cliwo\u015bci komunikacji i wsparcia Twojej witryny. Bezproblemowo integruj czat liniowy, anga\u017cuj odwiedzaj\u0105cych i zapewniaj wyj\u0105tkowe wsparcie dzi\u0119ki naszej \u0142atwej w obs\u0142udze wtyczce.\" \/>\n<meta property=\"og:url\" content=\"https:\/\/elfsight.com\/pl\/line-chat-widget\/wordpress\/\" \/>\n<meta property=\"og:site_name\" content=\"Elfsight PL\" \/>\n<meta property=\"article:modified_time\" content=\"2024-10-24T11:54:03+00:00\" \/>\n<meta name=\"twitter:card\" content=\"summary_large_image\" \/>\n<meta name=\"twitter:label1\" content=\"Szacowany czas czytania\" \/>\n\t<meta name=\"twitter:data1\" content=\"5 minut\" \/>\n<!-- \/ Yoast SEO plugin. -->","yoast_head_json":{"title":"Ulepsz komunikacj\u0119 WordPress dzi\u0119ki wtyczce czatu Elfsight Line","description":"Odkryj, jak Elfsight Line Chat dla WordPress mo\u017ce zrewolucjonizowa\u0107 mo\u017cliwo\u015bci komunikacji i wsparcia Twojej witryny. Bezproblemowo integruj czat liniowy, anga\u017cuj odwiedzaj\u0105cych i zapewniaj wyj\u0105tkowe wsparcie dzi\u0119ki naszej \u0142atwej w obs\u0142udze wtyczce.","robots":{"index":"index","follow":"follow","max-snippet":"max-snippet:-1","max-image-preview":"max-image-preview:large","max-video-preview":"max-video-preview:-1"},"canonical":"https:\/\/elfsight.com\/pl\/line-chat-widget\/wordpress\/","og_locale":"pl_PL","og_type":"article","og_title":"Ulepsz komunikacj\u0119 WordPress dzi\u0119ki wtyczce czatu Elfsight Line","og_description":"Odkryj, jak Elfsight Line Chat dla WordPress mo\u017ce zrewolucjonizowa\u0107 mo\u017cliwo\u015bci komunikacji i wsparcia Twojej witryny. Bezproblemowo integruj czat liniowy, anga\u017cuj odwiedzaj\u0105cych i zapewniaj wyj\u0105tkowe wsparcie dzi\u0119ki naszej \u0142atwej w obs\u0142udze wtyczce.","og_url":"https:\/\/elfsight.com\/pl\/line-chat-widget\/wordpress\/","og_site_name":"Elfsight PL","article_modified_time":"2024-10-24T11:54:03+00:00","twitter_card":"summary_large_image","twitter_misc":{"Szacowany czas czytania":"5 minut"},"schema":{"@context":"https:\/\/schema.org","@graph":[{"@type":"WebPage","@id":"https:\/\/elfsight.com\/pl\/line-chat-widget\/wordpress\/","url":"https:\/\/elfsight.com\/pl\/line-chat-widget\/wordpress\/","name":"Ulepsz komunikacj\u0119 WordPress dzi\u0119ki wtyczce czatu Elfsight Line","isPartOf":{"@id":"https:\/\/elfsight.com\/pl\/#website"},"datePublished":"2024-05-03T06:40:20+00:00","dateModified":"2024-10-24T11:54:03+00:00","description":"Odkryj, jak Elfsight Line Chat dla WordPress mo\u017ce zrewolucjonizowa\u0107 mo\u017cliwo\u015bci komunikacji i wsparcia Twojej witryny. Bezproblemowo integruj czat liniowy, anga\u017cuj odwiedzaj\u0105cych i zapewniaj wyj\u0105tkowe wsparcie dzi\u0119ki naszej \u0142atwej w obs\u0142udze wtyczce.","breadcrumb":{"@id":"https:\/\/elfsight.com\/pl\/line-chat-widget\/wordpress\/#breadcrumb"},"inLanguage":"pl-PL","potentialAction":[{"@type":"ReadAction","target":["https:\/\/elfsight.com\/pl\/line-chat-widget\/wordpress\/"]}]},{"@type":"BreadcrumbList","@id":"https:\/\/elfsight.com\/pl\/line-chat-widget\/wordpress\/#breadcrumb","itemListElement":[{"@type":"ListItem","position":1,"name":"Home","item":"https:\/\/elfsight.com\/pl\/"},{"@type":"ListItem","position":2,"name":"Line Chat","item":"https:\/\/elfsight.com\/pl\/line-chat-widget\/"},{"@type":"ListItem","position":3,"name":"Line Chat &#8211; WordPress"}]},{"@type":"WebSite","@id":"https:\/\/elfsight.com\/pl\/#website","url":"https:\/\/elfsight.com\/pl\/","name":"Elfsight PL","description":"Just another Elfsight Sites site","potentialAction":[{"@type":"SearchAction","target":{"@type":"EntryPoint","urlTemplate":"https:\/\/elfsight.com\/pl\/?s={search_term_string}"},"query-input":{"@type":"PropertyValueSpecification","valueRequired":true,"valueName":"search_term_string"}}],"inLanguage":"pl-PL"}]}},"meta_box":{"industry":"","seo_heading":"","heading":"","description":"","cta_heading":"","cta_description":"","application":"1007","h1":"Jak osadzi\u0107 czat liniowy na stronie WordPress","h1_caption":"Pozw\u00f3l odwiedzaj\u0105cym rozmawia\u0107 z Tob\u0105 za po\u015brednictwem linii bezpo\u015brednio z Twojej witryny, zapewniaj\u0105c kolejn\u0105 wygodn\u0105 opcj\u0119 przesy\u0142ania wiadomo\u015bci do Twojej witryny WordPress bez wysi\u0142ku.","application_category":[],"applications_title":"","applications_request_title":"","applications_request_button_text":"","hero_text":"","hero_video":"","hero_video_schema_markup":"","selling_points_title":"","selling_points_caption":"","selling_points":[],"selling_points_cta_text":"","features_title":"","features":"","ed_cta_examples_text":"","ed_cta_examples_hidden":"","ed_cta_demo_text":"","ed_cta_demo_hidden":"","why_caption":"","why_editor_title":"","why_editor_text":"","why_team_title":"","why_team_text":"","why_service_title":"","why_service_text":"","template_catalog_visible":"","template_catalog_title":"","template_catalog_text":"","template_catalog_categories_visible":"","demo_title":"Skonstruuj wtyczk\u0119 czatu WordPress w 70 sekund!","demo_caption":"Bezpo\u015brednio z tej wersji demonstracyjnej wygeneruj spersonalizowany wid\u017cet Linia i wy\u015bwietl go na swojej stronie internetowej.","default_faq_hidden":"","app_template_category":[],"platform":"31","template_public_id":"","codecanyon_url":"","codecanyon_item_id":"","codecanyon_price":"","pricing_caption":"","pricing_elfsight_apps_hide_column":"","pricing_elfsight_apps_url":"","pricing_codecanyon_price_caption":"","integration_category":[],"integration_request_title":"","integration_request_cta":"","integration_platform":"","integrations":[],"platform_category":[],"video_schema_markup":"","price":"od 0 USD \/ miesi\u0105c","trial":"","benefits":[{"text":"Bezp\u0142atna pomoc w monta\u017cu"},{"text":"Profesjonalna obs\u0142uga klienta"},{"text":"14-dniowa gwarancja zwrotu pieni\u0119dzy"}],"button_url":"#demo","button_target_blank":"","button_nofollow":"","attributes":[{"name":"Instaluje"},{"name":"Czu\u0142y"},{"name":"Kompatybilne przegl\u0105darki"}],"tags":[],"tags_disable_links":"","hide_more_platforms":"","video_object":"","demo_hide_cta":"","demo_hide_cloud_options":"","pricing_title":"","pricing":[{"pricing_icon":"platform","pricing_title":"Elfsight Apps","pricing_title_caption":"Oprogramowanie wieloplatformowe","pricing_price":"od 0 USD \/ miesi\u0105c","pricing_price_caption":"zacznij od bezp\u0142atnego planu","pricing_benefits":[{"text":"Nielimitowane domeny"},{"text":"Ca\u0142odobowa obs\u0142uga klienta"},{"text":"Bezp\u0142atna us\u0142uga monta\u017cu"},{"text":"\u015awietna oferta na wiele aplikacji"}],"pricing_button_text":"Dodaj do witryny","pricing_button_url":"#demo"}],"related_apps_title":"","related_apps_hidden":"","author":"","image":[],"title":"","job":"","social_networks":[]},"_links":{"self":[{"href":"https:\/\/elfsight.com\/pl\/wp-json\/wp\/v2\/pages\/5589","targetHints":{"allow":["GET"]}}],"collection":[{"href":"https:\/\/elfsight.com\/pl\/wp-json\/wp\/v2\/pages"}],"about":[{"href":"https:\/\/elfsight.com\/pl\/wp-json\/wp\/v2\/types\/page"}],"author":[{"embeddable":true,"href":"https:\/\/elfsight.com\/pl\/wp-json\/wp\/v2\/users\/9"}],"replies":[{"embeddable":true,"href":"https:\/\/elfsight.com\/pl\/wp-json\/wp\/v2\/comments?post=5589"}],"version-history":[{"count":1,"href":"https:\/\/elfsight.com\/pl\/wp-json\/wp\/v2\/pages\/5589\/revisions"}],"predecessor-version":[{"id":5593,"href":"https:\/\/elfsight.com\/pl\/wp-json\/wp\/v2\/pages\/5589\/revisions\/5593"}],"up":[{"embeddable":true,"href":"https:\/\/elfsight.com\/pl\/wp-json\/wp\/v2\/pages\/1010"}],"wp:attachment":[{"href":"https:\/\/elfsight.com\/pl\/wp-json\/wp\/v2\/media?parent=5589"}],"curies":[{"name":"wp","href":"https:\/\/api.w.org\/{rel}","templated":true}]}}