{"id":5583,"date":"2024-05-03T06:40:18","date_gmt":"2024-05-03T06:40:18","guid":{"rendered":"https:\/\/elfsight.com\/pl\/?page_id=5583"},"modified":"2024-10-24T13:27:20","modified_gmt":"2024-10-24T13:27:20","slug":"bigcommerce","status":"publish","type":"page","link":"https:\/\/elfsight.com\/pl\/job-board-widget\/bigcommerce\/","title":{"rendered":"Job Board &#8211; BigCommerce"},"content":{"rendered":"<div class=\"application-platform-content-item-description application-platform-content-item\" id=\"description\" data-nav-section=\"description\"> <h2>Opis<\/h2> <p>Nasza tablica og\u0142osze\u0144 dla BigCommerce to niezwyk\u0142a aplikacja, kt\u00f3ra umo\u017cliwia publikowanie ofert pracy i otrzymywanie CV od kandydat\u00f3w bezpo\u015brednio na Twojej stronie internetowej w najbardziej przyst\u0119pny spos\u00f3b. Stosuj\u0105c nasz nowy widget, b\u0119dziesz m\u00f3g\u0142 ujawnia\u0107 informacje o swojej firmie, publikowa\u0107 informacje o wolnych stanowiskach pracy i otrzymywa\u0107 CV. Wid\u017cet umo\u017cliwia utworzenie karty pracy wraz ze szczeg\u00f3\u0142owym opisem i przyciskiem Aplikuj. Korzystanie z Portalu Pracy Elfsight pozwala upro\u015bci\u0107 proces rekrutacji i wyci\u0105ga\u0107 odpowiedzi na og\u0142oszenia o prac\u0119 w 1-2-3! <\/p> <p><b>Szybko tw\u00f3rz najbardziej atrakcyjne opisy stanowisk i wezwania do dzia\u0142ania, aby zmotywowa\u0107 wi\u0119ksz\u0105 liczb\u0119 potencjalnych pracownik\u00f3w do wsp\u00f3\u0142pracy z Tob\u0105<\/b><\/p> <\/div> <div class=\"application-platform-content-item-features  application-platform-content-item\" id=\"features \" data-nav-section=\"features \"> <h2>Podstawowe funkcje aplikacji obejmuj\u0105<\/h2> <ul><li>Utw\u00f3rz link Aplikuj, aby skierowa\u0107 potencjalnych pracownik\u00f3w do strony z CV<\/li><li>Pokazuj otwarte oferty pracy w najbardziej fascynuj\u0105cy spos\u00f3b<\/li><li>Liczba kart pracy, kt\u00f3re mo\u017cesz utworzy\u0107, jest nieograniczona<\/li><li>Dodaj liczne szczeg\u00f3\u0142y dotycz\u0105ce stanowiska: wymagane umiej\u0119tno\u015bci, stanowisko i wynagrodzenie<\/li><li>Podaj informacje o swojej firmie: jego nazwa, lokalizacja i dzia\u0142<\/li><\/ul><p><a href=\"#demo\">Wystarczy wypr\u00f3bowa\u0107 t\u0119 wersj\u0119 demonstracyjn\u0105, aby uzyska\u0107 pe\u0142ny obraz<\/a><\/p> <\/div> <div class=\"application-platform-content-item-installation application-platform-content-item\" id=\"installation\" data-nav-section=\"installation\"> <h2>Jak mog\u0119 doda\u0107 tablic\u0119 og\u0142osze\u0144 na mojej stronie BigCommerce? <\/h2> <p>Wystarczy post\u0119powa\u0107 zgodnie z poni\u017cszymi instrukcjami, aby doda\u0107 narz\u0119dzie. <\/p> <ol><li><b>Uruchom nasze bezp\u0142atne demo i zacznij tworzy\u0107 sw\u00f3j unikalny instrument. <\/b><br> Okre\u015bl niestandardow\u0105 form\u0119 i funkcje narz\u0119dzia oraz zapisz zmiany. <\/li> <li><b>Odbierz sw\u00f3j osobisty kod, kt\u00f3ry pojawi si\u0119 w oknie aplikacji Elfsight. <\/b><br> Zaraz po zako\u0144czeniu generowania wid\u017cetu skopiuj kod osobisty w wy\u015bwietlonym oknie i zachowaj go do wykorzystania w przysz\u0142o\u015bci. <\/li> <li><b>Zaanga\u017cuj si\u0119 w korzystanie z narz\u0119dzia na stronie BigCommerce. <\/b><br> Zaimplementuj ostatnio zapisany kod w swojej witrynie i zastosuj zmiany. <\/li> <li><b>Instalacja zosta\u0142a ca\u0142kowicie zako\u0144czona. <\/b><br> Odwied\u017a swoj\u0105 stron\u0119 internetow\u0105, aby sprawdzi\u0107 dzia\u0142anie narz\u0119dzia. <\/li><\/ol> <p>W przypadku pyta\u0144 lub napotkania przeszk\u00f3d prosimy o kontakt z naszym zespo\u0142em wsparcia. Nasi specjali\u015bci z przyjemno\u015bci\u0105 rozwi\u0105\u017c\u0105 wszystkie problemy, jakie mo\u017cesz mie\u0107 z wid\u017cetem. <\/p> <div class=\"faq\" data-component=\"FAQ\"><div class=\"faq-item\">\r\n\t\t\t\t\t<div class=\"faq-item-question\">\r\n\t\t\t\t\t\t<h3 class=\"faq-item-question-text\">Czy istnieje spos\u00f3b na osadzenie tablicy og\u0142osze\u0144 na mojej stronie g\u0142\u00f3wnej BigCommerce bez kodowania?<\/h3>\r\n\r\n\t\t\t\t\t\t<div class=\"faq-item-question-icon\"><\/div>\r\n\t\t\t\t\t<\/div>\r\n\r\n\t\t\t\t\t<div class=\"faq-item-answer\">\r\n\t\t\t\t\t\t<div class=\"faq-item-answer-text\"> <p>EElfsight oferuje rozwi\u0105zanie SaaS, kt\u00f3re pozwala u\u017cytkownikom samodzielnie utworzy\u0107 wtyczk\u0119 tablicy og\u0142osze\u0144, dowiedz si\u0119 proste kroki: Rozpocznij prac\u0119 w edytorze online, aby utworzy\u0107 sekcj\u0119 Tablicy og\u0142osze\u0144, kt\u00f3r\u0105 chcesz umie\u015bci\u0107 w witrynie BigCommerce. Kliknij jeden z naszych wst\u0119pnie zaprojektowanych szablon\u00f3w i zmie\u0144 ustawienia tablicy og\u0142osze\u0144, do\u0142\u0105cz swoj\u0105 tre\u015b\u0107, zmie\u0144 uk\u0142ad i kolory bez umiej\u0119tno\u015bci kodowania. Zapisz Tablic\u0119 og\u0142osze\u0144 i skopiuj jej kod instalacyjny, kt\u00f3ry mo\u017cesz umie\u015bci\u0107 na stronie g\u0142\u00f3wnej BigCommerce bez konieczno\u015bci kupowania wersji p\u0142atnej. Dzi\u0119ki naszemu prostemu konfiguratorowi ka\u017cdy u\u017cytkownik sieci mo\u017ce wygenerowa\u0107 sekcj\u0119 Tablica og\u0142osze\u0144 i po prostu doda\u0107 j\u0105 do witryny BigCommerce. Aby wej\u015b\u0107 do us\u0142ugi, nie powiniene\u015b otrzymywa\u0107 p\u0142atnego planu ani podawa\u0107 danych swojej karty. Je\u015bli napotkasz jakiekolwiek problemy, skontaktuj si\u0119 z naszym personelem pomocy technicznej.<\/p> <\/div>\r\n\t\t\t\t\t<\/div>\r\n\t\t\t\t<\/div> <\/div><\/div>","protected":false},"excerpt":{"rendered":"","protected":false},"author":9,"featured_media":0,"parent":3397,"menu_order":0,"comment_status":"closed","ping_status":"closed","template":"templates\/template-application-platform.php","meta":{"publish_to_discourse":"","publish_post_category":"","wpdc_auto_publish_overridden":"","wpdc_topic_tags":"","wpdc_pin_topic":"","wpdc_pin_until":"","discourse_post_id":"","discourse_permalink":"","wpdc_publishing_response":"","wpdc_publishing_error":"","footnotes":""},"class_list":["post-5583","page","type-page","status-publish","hentry"],"yoast_head":"<!-- This site is optimized with the Yoast SEO plugin v25.3.1 - https:\/\/yoast.com\/wordpress\/plugins\/seo\/ -->\n<title>Aplikacja Job Board - dodawaj oferty pracy do BigCommerce (2025)<\/title>\n<meta name=\"description\" content=\"Umie\u015b\u0107 responsywn\u0105 aplikacj\u0119 Job Board na swojej stronie BigCommerce i pozw\u00f3l swoim potencjalnym pracownikom przegl\u0105da\u0107 otwarte oferty pracy!\" \/>\n<meta name=\"robots\" content=\"index, follow, max-snippet:-1, max-image-preview:large, max-video-preview:-1\" \/>\n<link rel=\"canonical\" href=\"https:\/\/elfsight.com\/pl\/job-board-widget\/bigcommerce\/\" \/>\n<meta property=\"og:locale\" content=\"pl_PL\" \/>\n<meta property=\"og:type\" content=\"article\" \/>\n<meta property=\"og:title\" content=\"Aplikacja Job Board - dodawaj oferty pracy do BigCommerce (2025)\" \/>\n<meta property=\"og:description\" content=\"Umie\u015b\u0107 responsywn\u0105 aplikacj\u0119 Job Board na swojej stronie BigCommerce i pozw\u00f3l swoim potencjalnym pracownikom przegl\u0105da\u0107 otwarte oferty pracy!\" \/>\n<meta property=\"og:url\" content=\"https:\/\/elfsight.com\/pl\/job-board-widget\/bigcommerce\/\" \/>\n<meta property=\"og:site_name\" content=\"Elfsight PL\" \/>\n<meta property=\"article:modified_time\" content=\"2024-10-24T13:27:20+00:00\" \/>\n<meta name=\"twitter:card\" content=\"summary_large_image\" \/>\n<meta name=\"twitter:label1\" content=\"Szacowany czas czytania\" \/>\n\t<meta name=\"twitter:data1\" content=\"3 minuty\" \/>\n<!-- \/ Yoast SEO plugin. -->","yoast_head_json":{"title":"Aplikacja Job Board - dodawaj oferty pracy do BigCommerce (2025)","description":"Umie\u015b\u0107 responsywn\u0105 aplikacj\u0119 Job Board na swojej stronie BigCommerce i pozw\u00f3l swoim potencjalnym pracownikom przegl\u0105da\u0107 otwarte oferty pracy!","robots":{"index":"index","follow":"follow","max-snippet":"max-snippet:-1","max-image-preview":"max-image-preview:large","max-video-preview":"max-video-preview:-1"},"canonical":"https:\/\/elfsight.com\/pl\/job-board-widget\/bigcommerce\/","og_locale":"pl_PL","og_type":"article","og_title":"Aplikacja Job Board - dodawaj oferty pracy do BigCommerce (2025)","og_description":"Umie\u015b\u0107 responsywn\u0105 aplikacj\u0119 Job Board na swojej stronie BigCommerce i pozw\u00f3l swoim potencjalnym pracownikom przegl\u0105da\u0107 otwarte oferty pracy!","og_url":"https:\/\/elfsight.com\/pl\/job-board-widget\/bigcommerce\/","og_site_name":"Elfsight PL","article_modified_time":"2024-10-24T13:27:20+00:00","twitter_card":"summary_large_image","twitter_misc":{"Szacowany czas czytania":"3 minuty"},"schema":{"@context":"https:\/\/schema.org","@graph":[{"@type":"WebPage","@id":"https:\/\/elfsight.com\/pl\/job-board-widget\/bigcommerce\/","url":"https:\/\/elfsight.com\/pl\/job-board-widget\/bigcommerce\/","name":"Aplikacja Job Board - dodawaj oferty pracy do BigCommerce (2025)","isPartOf":{"@id":"https:\/\/elfsight.com\/pl\/#website"},"datePublished":"2024-05-03T06:40:18+00:00","dateModified":"2024-10-24T13:27:20+00:00","description":"Umie\u015b\u0107 responsywn\u0105 aplikacj\u0119 Job Board na swojej stronie BigCommerce i pozw\u00f3l swoim potencjalnym pracownikom przegl\u0105da\u0107 otwarte oferty pracy!","breadcrumb":{"@id":"https:\/\/elfsight.com\/pl\/job-board-widget\/bigcommerce\/#breadcrumb"},"inLanguage":"pl-PL","potentialAction":[{"@type":"ReadAction","target":["https:\/\/elfsight.com\/pl\/job-board-widget\/bigcommerce\/"]}]},{"@type":"BreadcrumbList","@id":"https:\/\/elfsight.com\/pl\/job-board-widget\/bigcommerce\/#breadcrumb","itemListElement":[{"@type":"ListItem","position":1,"name":"Home","item":"https:\/\/elfsight.com\/pl\/"},{"@type":"ListItem","position":2,"name":"Job Board","item":"https:\/\/elfsight.com\/pl\/job-board-widget\/"},{"@type":"ListItem","position":3,"name":"Job Board &#8211; BigCommerce"}]},{"@type":"WebSite","@id":"https:\/\/elfsight.com\/pl\/#website","url":"https:\/\/elfsight.com\/pl\/","name":"Elfsight PL","description":"Just another Elfsight Sites site","potentialAction":[{"@type":"SearchAction","target":{"@type":"EntryPoint","urlTemplate":"https:\/\/elfsight.com\/pl\/?s={search_term_string}"},"query-input":{"@type":"PropertyValueSpecification","valueRequired":true,"valueName":"search_term_string"}}],"inLanguage":"pl-PL"}]}},"meta_box":{"industry":"","seo_heading":"","heading":"","description":"","cta_heading":"","cta_description":"","application":"3355","h1":"Aplikacja z tablic\u0105 og\u0142osze\u0144 BigCommerce","h1_caption":"Utw\u00f3rz tablic\u0119 og\u0142osze\u0144, w kt\u00f3rej mo\u017cesz umieszcza\u0107 og\u0142oszenia o wolnych stanowiskach w swojej witrynie i bez wysi\u0142ku przyci\u0105gaj potencjalnych kandydat\u00f3w do swojej witryny BigCommerce.","application_category":[],"applications_title":"","applications_request_title":"","applications_request_button_text":"","hero_text":"","hero_video":"","hero_video_schema_markup":"","selling_points_title":"","selling_points_caption":"","selling_points":[],"selling_points_cta_text":"","features_title":"","features":"","ed_cta_examples_text":"","ed_cta_examples_hidden":"","ed_cta_demo_text":"","ed_cta_demo_hidden":"","why_caption":"","why_editor_title":"","why_editor_text":"","why_team_title":"","why_team_text":"","why_service_title":"","why_service_text":"","template_catalog_visible":"","template_catalog_title":"","template_catalog_text":"","template_catalog_categories_visible":"","demo_title":"Zach\u0119camy do zaprojektowania niestandardowej tablicy og\u0142osze\u0144 BigCommerce","demo_caption":"Dostosuj i zintegruj aplikacj\u0119 ze swoj\u0105 stron\u0105 g\u0142\u00f3wn\u0105 za pomoc\u0105 aktywnego demo.","default_faq_hidden":"","app_template_category":[],"platform":"41","template_public_id":"","codecanyon_url":"","codecanyon_item_id":"","codecanyon_price":"","pricing_caption":"","pricing_elfsight_apps_hide_column":"","pricing_elfsight_apps_url":"","pricing_codecanyon_price_caption":"","integration_category":[],"integration_request_title":"","integration_request_cta":"","integration_platform":"","integrations":[],"platform_category":[],"video_schema_markup":"","price":"od 0 USD \/ miesi\u0105c","trial":"","benefits":[{"text":"Bezp\u0142atna pomoc w monta\u017cu"},{"text":"Profesjonalna obs\u0142uga klienta"},{"text":"14-dniowa gwarancja zwrotu pieni\u0119dzy"}],"button_url":"#demo","button_target_blank":"","button_nofollow":"","attributes":[{"name":"Instaluje"},{"name":"Czu\u0142y"},{"name":"Kompatybilne przegl\u0105darki"}],"tags":[],"tags_disable_links":"","hide_more_platforms":"","video_object":"","demo_hide_cta":"","demo_hide_cloud_options":"","pricing_title":"","pricing":[{"pricing_icon":"platform","pricing_title":"Elfsight Apps","pricing_title_caption":"Wersja niezale\u017cna od platformy, kt\u00f3ra dzia\u0142a na ka\u017cdej stronie internetowej","pricing_price":"od 0 USD \/ miesi\u0105c","pricing_price_caption":"zacznij od bezp\u0142atnego planu","pricing_benefits":[{"text":"Nielimitowane domeny"},{"text":"Ca\u0142odobowa obs\u0142uga klienta, dobrze udokumentowana"},{"text":"Bezp\u0142atna pomoc w monta\u017cu"},{"text":"100% konfigurowalny"}],"pricing_button_text":"Dodaj do witryny","pricing_button_url":"#demo"}],"related_apps_title":"","related_apps_hidden":"","author":"","image":[],"title":"","job":"","social_networks":[]},"_links":{"self":[{"href":"https:\/\/elfsight.com\/pl\/wp-json\/wp\/v2\/pages\/5583","targetHints":{"allow":["GET"]}}],"collection":[{"href":"https:\/\/elfsight.com\/pl\/wp-json\/wp\/v2\/pages"}],"about":[{"href":"https:\/\/elfsight.com\/pl\/wp-json\/wp\/v2\/types\/page"}],"author":[{"embeddable":true,"href":"https:\/\/elfsight.com\/pl\/wp-json\/wp\/v2\/users\/9"}],"replies":[{"embeddable":true,"href":"https:\/\/elfsight.com\/pl\/wp-json\/wp\/v2\/comments?post=5583"}],"version-history":[{"count":1,"href":"https:\/\/elfsight.com\/pl\/wp-json\/wp\/v2\/pages\/5583\/revisions"}],"predecessor-version":[{"id":5587,"href":"https:\/\/elfsight.com\/pl\/wp-json\/wp\/v2\/pages\/5583\/revisions\/5587"}],"up":[{"embeddable":true,"href":"https:\/\/elfsight.com\/pl\/wp-json\/wp\/v2\/pages\/3397"}],"wp:attachment":[{"href":"https:\/\/elfsight.com\/pl\/wp-json\/wp\/v2\/media?parent=5583"}],"curies":[{"name":"wp","href":"https:\/\/api.w.org\/{rel}","templated":true}]}}