{"id":5576,"date":"2024-05-03T06:40:15","date_gmt":"2024-05-03T06:40:15","guid":{"rendered":"https:\/\/elfsight.com\/pl\/?page_id=5576"},"modified":"2024-10-24T13:27:13","modified_gmt":"2024-10-24T13:27:13","slug":"facebook","status":"publish","type":"page","link":"https:\/\/elfsight.com\/pl\/job-board-widget\/facebook\/","title":{"rendered":"Job Board &#8211; Facebook Page"},"content":{"rendered":"<div class=\"application-platform-content-item-description application-platform-content-item\" id=\"description\" data-nav-section=\"description\"> <h2>Opis<\/h2> <p>Tablica ofert pracy Elfsight na Facebooku to zauwa\u017calny widget, kt\u00f3ry umo\u017cliwia wy\u015bwietlanie wolnych stanowisk pracy i otrzymywanie CV od kandydat\u00f3w w Twojej witrynie w najprostszy spos\u00f3b. Dzi\u0119ki naszemu nowemu wid\u017cetowi b\u0119dziesz m\u00f3g\u0142 ujawnia\u0107 informacje o swojej firmie, publikowa\u0107 informacje o ofertach pracy i zbiera\u0107 CV. Wid\u017cet umo\u017cliwia utworzenie karty pracy wraz z dok\u0142adnym opisem i przyciskiem Aplikuj. Korzystanie z Portalu Prac Elfsight pozwala usprawni\u0107 proces rekrutacji i uzyska\u0107 odpowiedzi na oferty pracy jednym klikni\u0119ciem. <\/p> <p><b>Z \u0142atwo\u015bci\u0105 tw\u00f3rz najbardziej kusz\u0105ce opisy stanowisk i przyciski CTA, aby zainspirowa\u0107 wi\u0119cej potencjalnych pracownik\u00f3w do wsp\u00f3\u0142pracy z Tob\u0105<\/b><\/p> <\/div> <div class=\"application-platform-content-item-features application-platform-content-item\" id=\"features\" data-nav-section=\"features\"> <h2>Poni\u017cej znajduj\u0105 si\u0119 g\u0142\u00f3wne funkcje wid\u017cetu: <\/h2> <ul><li>Zintegruj link Aplikuj, aby kierowa\u0107 potencjalnych pracownik\u00f3w na stron\u0119 zawieraj\u0105c\u0105 CV<\/li><li>Zaprezentuj oferty pracy w najbardziej szczeg\u00f3\u0142owy spos\u00f3b<\/li><li>Dodaj dowoln\u0105 liczb\u0119 ofert pracy<\/li><li>Dok\u0142adnie opisz ofert\u0119 pracy i podaj nast\u0119puj\u0105ce informacje: wynagrodzenie, wymagane umiej\u0119tno\u015bci i stanowisko<\/li><li>Pozostaw dane kontaktowe: dzia\u0142, stanowisko nazwa Twojej firmy nazwa i lokalizacja<\/li><\/ul><p><a href=\"#demo\">Wystarczy wypr\u00f3bowa\u0107 t\u0119 wersj\u0119 demonstracyjn\u0105, aby uzyska\u0107 pe\u0142ny obraz<\/a><\/p> <\/div> <div class=\"application-platform-content-item-installation application-platform-content-item\" id=\"installation\" data-nav-section=\"installation\"> <h2>Jak umie\u015bci\u0107 tablic\u0119 og\u0142osze\u0144 na mojej stronie na Facebooku? <\/h2> <p>Wystarczy wykona\u0107 kilka krok\u00f3w przedstawionych poni\u017cej, aby wstawi\u0107 wid\u017cet. <\/p> <ol><li><b>Uruchom nasz darmowy konfigurator i zacznij kszta\u0142towa\u0107 sw\u00f3j niestandardowy instrument. <\/b><br> Okre\u015bl po\u017c\u0105dany uk\u0142ad i cechy funkcjonalne wid\u017cetu i zapisz zmiany. <\/li> <li><b>Zdob\u0105d\u017a unikalny kod pokazany w specjalnym formularzu w aplikacjach Elfsight. <\/b><br> Zaraz po zako\u0144czeniu dostosowywania wid\u017cetu skopiuj indywidualny kod z wy\u015bwietlonego pola i zapisz go do wykorzystania w przysz\u0142o\u015bci. <\/li> <li><b>Rozpocznij korzystanie z wid\u017cetu w swojej witrynie na Facebooku. <\/b><br> Zintegruj zapisany wcze\u015bniej kod ze swoj\u0105 stron\u0105 internetow\u0105 i zapisz zmiany. <\/li> <li><b>Konfiguracja zosta\u0142a pomy\u015blnie przeprowadzona. <\/b><br> Odwied\u017a swoj\u0105 stron\u0119 internetow\u0105, aby sprawdzi\u0107 dzia\u0142anie widgetu. <\/li><\/ol> <p>Je\u015bli napotkasz jakie\u015b problemy, nie b\u00f3j si\u0119 szuka\u0107 pomocy u naszego personelu pomocy technicznej. Nasi ludzie ch\u0119tnie odpowiedz\u0105 na wszystkie pytania dotycz\u0105ce tego narz\u0119dzia. <\/p><div class=\"faq\" data-component=\"FAQ\"><div class=\"faq-item\">\r\n\t\t\t\t\t<div class=\"faq-item-question\">\r\n\t\t\t\t\t\t<h3 class=\"faq-item-question-text\">W jaki spos\u00f3b mo\u017cna doda\u0107 tablic\u0119 og\u0142osze\u0144 do mojej strony na Facebooku bez znajomo\u015bci kodowania?<\/h3>\r\n\r\n\t\t\t\t\t\t<div class=\"faq-item-question-icon\"><\/div>\r\n\t\t\t\t\t<\/div>\r\n\r\n\t\t\t\t\t<div class=\"faq-item-answer\">\r\n\t\t\t\t\t\t<div class=\"faq-item-answer-text\"> <p>Firma Elfsight oferuje rozwi\u0105zanie SaaS, kt\u00f3re pozwala utworzy\u0107 tablic\u0119 og\u0142osze\u0144 sekcj\u0119, przekonaj si\u0119, jakie to proste: Przejd\u017a do aktywnego edytora, aby utworzy\u0107 aplikacj\u0119 Tablica og\u0142osze\u0144, kt\u00f3r\u0105 chcesz umie\u015bci\u0107 na stronie internetowej strony na Facebooku. Zdecyduj si\u0119 na jeden z gotowych szablon\u00f3w i zmie\u0144 ustawienia tablicy og\u0142osze\u0144, zmie\u0144 uk\u0142ad i kolory, dodaj swoj\u0105 tre\u015b\u0107 bez umiej\u0119tno\u015bci kodowania. Kliknij, aby zapisa\u0107 wprowadzone ustawienia w Portalu ofert pracy i uzyska\u0107 kod wtyczki do instalacji, kt\u00f3ry mo\u017cesz \u0142atwo umie\u015bci\u0107 na stronie Facebook Page bez konieczno\u015bci zakupu p\u0142atnego planu. Pracuj\u0105c w naszym przyjaznym dla u\u017cytkownika edytorze, ka\u017cdy u\u017cytkownik sieci mo\u017ce stworzy\u0107 tablic\u0119 og\u0142osze\u0144 online i po prostu wklei\u0107 j\u0105 na swojej stronie na Facebooku. Aby wej\u015b\u0107 do naszego serwisu, nie powiniene\u015b wykupi\u0107 p\u0142atnej subskrypcji ani podawa\u0107 danych logowania do swojej karty. Je\u015bli na kt\u00f3rymkolwiek etapie napotkasz jakiekolwiek problemy, skontaktuj si\u0119 z naszym technicznym dzia\u0142em obs\u0142ugi klienta.<\/p> <\/div>\r\n\t\t\t\t\t<\/div>\r\n\t\t\t\t<\/div> <\/div> <\/div>","protected":false},"excerpt":{"rendered":"","protected":false},"author":9,"featured_media":0,"parent":3397,"menu_order":0,"comment_status":"closed","ping_status":"closed","template":"templates\/template-application-platform.php","meta":{"publish_to_discourse":"","publish_post_category":"","wpdc_auto_publish_overridden":"","wpdc_topic_tags":"","wpdc_pin_topic":"","wpdc_pin_until":"","discourse_post_id":"","discourse_permalink":"","wpdc_publishing_response":"","wpdc_publishing_error":"","footnotes":""},"class_list":["post-5576","page","type-page","status-publish","hentry"],"yoast_head":"<!-- This site is optimized with the Yoast SEO plugin v25.3.1 - https:\/\/yoast.com\/wordpress\/plugins\/seo\/ -->\n<title>Widget Facebook Job Board - Dodaj oferty pracy do Facebooka (2026)<\/title>\n<meta name=\"description\" content=\"Zintegruj responsywny widget Portalu Pracy ze swoj\u0105 stron\u0105 na Facebooku i pozw\u00f3l potencjalnym pracownikom przegl\u0105da\u0107 oferty pracy!\" \/>\n<meta name=\"robots\" content=\"index, follow, max-snippet:-1, max-image-preview:large, max-video-preview:-1\" \/>\n<link rel=\"canonical\" href=\"https:\/\/elfsight.com\/pl\/job-board-widget\/facebook\/\" \/>\n<meta property=\"og:locale\" content=\"pl_PL\" \/>\n<meta property=\"og:type\" content=\"article\" \/>\n<meta property=\"og:title\" content=\"Widget Facebook Job Board - Dodaj oferty pracy do Facebooka (2026)\" \/>\n<meta property=\"og:description\" content=\"Zintegruj responsywny widget Portalu Pracy ze swoj\u0105 stron\u0105 na Facebooku i pozw\u00f3l potencjalnym pracownikom przegl\u0105da\u0107 oferty pracy!\" \/>\n<meta property=\"og:url\" content=\"https:\/\/elfsight.com\/pl\/job-board-widget\/facebook\/\" \/>\n<meta property=\"og:site_name\" content=\"Elfsight PL\" \/>\n<meta property=\"article:modified_time\" content=\"2024-10-24T13:27:13+00:00\" \/>\n<meta name=\"twitter:card\" content=\"summary_large_image\" \/>\n<meta name=\"twitter:label1\" content=\"Szacowany czas czytania\" \/>\n\t<meta name=\"twitter:data1\" content=\"3 minuty\" \/>\n<!-- \/ Yoast SEO plugin. -->","yoast_head_json":{"title":"Widget Facebook Job Board - Dodaj oferty pracy do Facebooka (2026)","description":"Zintegruj responsywny widget Portalu Pracy ze swoj\u0105 stron\u0105 na Facebooku i pozw\u00f3l potencjalnym pracownikom przegl\u0105da\u0107 oferty pracy!","robots":{"index":"index","follow":"follow","max-snippet":"max-snippet:-1","max-image-preview":"max-image-preview:large","max-video-preview":"max-video-preview:-1"},"canonical":"https:\/\/elfsight.com\/pl\/job-board-widget\/facebook\/","og_locale":"pl_PL","og_type":"article","og_title":"Widget Facebook Job Board - Dodaj oferty pracy do Facebooka (2026)","og_description":"Zintegruj responsywny widget Portalu Pracy ze swoj\u0105 stron\u0105 na Facebooku i pozw\u00f3l potencjalnym pracownikom przegl\u0105da\u0107 oferty pracy!","og_url":"https:\/\/elfsight.com\/pl\/job-board-widget\/facebook\/","og_site_name":"Elfsight PL","article_modified_time":"2024-10-24T13:27:13+00:00","twitter_card":"summary_large_image","twitter_misc":{"Szacowany czas czytania":"3 minuty"},"schema":{"@context":"https:\/\/schema.org","@graph":[{"@type":"WebPage","@id":"https:\/\/elfsight.com\/pl\/job-board-widget\/facebook\/","url":"https:\/\/elfsight.com\/pl\/job-board-widget\/facebook\/","name":"Widget Facebook Job Board - Dodaj oferty pracy do Facebooka (2026)","isPartOf":{"@id":"https:\/\/elfsight.com\/pl\/#website"},"datePublished":"2024-05-03T06:40:15+00:00","dateModified":"2024-10-24T13:27:13+00:00","description":"Zintegruj responsywny widget Portalu Pracy ze swoj\u0105 stron\u0105 na Facebooku i pozw\u00f3l potencjalnym pracownikom przegl\u0105da\u0107 oferty pracy!","breadcrumb":{"@id":"https:\/\/elfsight.com\/pl\/job-board-widget\/facebook\/#breadcrumb"},"inLanguage":"pl-PL","potentialAction":[{"@type":"ReadAction","target":["https:\/\/elfsight.com\/pl\/job-board-widget\/facebook\/"]}]},{"@type":"BreadcrumbList","@id":"https:\/\/elfsight.com\/pl\/job-board-widget\/facebook\/#breadcrumb","itemListElement":[{"@type":"ListItem","position":1,"name":"Home","item":"https:\/\/elfsight.com\/pl\/"},{"@type":"ListItem","position":2,"name":"Job Board","item":"https:\/\/elfsight.com\/pl\/job-board-widget\/"},{"@type":"ListItem","position":3,"name":"Job Board &#8211; Facebook Page"}]},{"@type":"WebSite","@id":"https:\/\/elfsight.com\/pl\/#website","url":"https:\/\/elfsight.com\/pl\/","name":"Elfsight PL","description":"Just another Elfsight Sites site","potentialAction":[{"@type":"SearchAction","target":{"@type":"EntryPoint","urlTemplate":"https:\/\/elfsight.com\/pl\/?s={search_term_string}"},"query-input":{"@type":"PropertyValueSpecification","valueRequired":true,"valueName":"search_term_string"}}],"inLanguage":"pl-PL"}]}},"meta_box":{"industry":"","seo_heading":"","heading":"","description":"","cta_heading":"","cta_description":"","application":"3355","h1":"Widget Tablica og\u0142osze\u0144 na Facebooku","h1_caption":"Utw\u00f3rz tablic\u0119 og\u0142osze\u0144, w kt\u00f3rej mo\u017cesz umieszcza\u0107 og\u0142oszenia o wolnych stanowiskach w swojej witrynie i z \u0142atwo\u015bci\u0105 przyci\u0105gaj potencjalnych kandydat\u00f3w do swojej strony na Facebooku.","application_category":[],"applications_title":"","applications_request_title":"","applications_request_button_text":"","hero_text":"","hero_video":"","hero_video_schema_markup":"","selling_points_title":"","selling_points_caption":"","selling_points":[],"selling_points_cta_text":"","features_title":"","features":"","ed_cta_examples_text":"","ed_cta_examples_hidden":"","ed_cta_demo_text":"","ed_cta_demo_hidden":"","why_caption":"","why_editor_title":"","why_editor_text":"","why_team_title":"","why_team_text":"","why_service_title":"","why_service_text":"","template_catalog_visible":"","template_catalog_title":"","template_catalog_text":"","template_catalog_categories_visible":"","demo_title":"\u015amia\u0142o zaprojektuj niestandardow\u0105 tablic\u0119 og\u0142osze\u0144 na Facebooku","demo_caption":"Dostosuj go i zintegruj widget ze swoj\u0105 stron\u0105 g\u0142\u00f3wn\u0105, korzystaj\u0105c z aktywnego demo.","default_faq_hidden":"","app_template_category":[],"platform":"319","template_public_id":"","codecanyon_url":"","codecanyon_item_id":"","codecanyon_price":"","pricing_caption":"","pricing_elfsight_apps_hide_column":"","pricing_elfsight_apps_url":"","pricing_codecanyon_price_caption":"","integration_category":[],"integration_request_title":"","integration_request_cta":"","integration_platform":"","integrations":[],"platform_category":[],"video_schema_markup":"","price":"od 0 USD \/ miesi\u0105c","trial":"","benefits":[{"text":"Bezp\u0142atna pomoc w monta\u017cu"},{"text":"Profesjonalna obs\u0142uga klienta"},{"text":"14-dniowa gwarancja zwrotu pieni\u0119dzy"}],"button_url":"#demo","button_target_blank":"","button_nofollow":"","attributes":[{"name":"Instaluje"},{"name":"Czu\u0142y"},{"name":"Kompatybilne przegl\u0105darki"}],"tags":[],"tags_disable_links":"","hide_more_platforms":"","video_object":"","demo_hide_cta":"","demo_hide_cloud_options":"","pricing_title":"","pricing":[{"pricing_icon":"platform","pricing_title":"Elfsight Apps","pricing_title_caption":"Rozwi\u0105zanie niezale\u017cne od platformy","pricing_price":"od 0 USD \/ miesi\u0105c","pricing_price_caption":"zacznij od bezp\u0142atnego planu","pricing_benefits":[{"text":"Nielimitowane strony internetowe"},{"text":"Obs\u0142uga klienta premium i dobrze udokumentowana"},{"text":"Bezp\u0142atna us\u0142uga monta\u017cu"},{"text":"100% konfigurowalny"}],"pricing_button_text":"Dodaj do witryny","pricing_button_url":"#demo"}],"related_apps_title":"","related_apps_hidden":"","author":"","image":[],"title":"","job":"","social_networks":[]},"_links":{"self":[{"href":"https:\/\/elfsight.com\/pl\/wp-json\/wp\/v2\/pages\/5576","targetHints":{"allow":["GET"]}}],"collection":[{"href":"https:\/\/elfsight.com\/pl\/wp-json\/wp\/v2\/pages"}],"about":[{"href":"https:\/\/elfsight.com\/pl\/wp-json\/wp\/v2\/types\/page"}],"author":[{"embeddable":true,"href":"https:\/\/elfsight.com\/pl\/wp-json\/wp\/v2\/users\/9"}],"replies":[{"embeddable":true,"href":"https:\/\/elfsight.com\/pl\/wp-json\/wp\/v2\/comments?post=5576"}],"version-history":[{"count":1,"href":"https:\/\/elfsight.com\/pl\/wp-json\/wp\/v2\/pages\/5576\/revisions"}],"predecessor-version":[{"id":5580,"href":"https:\/\/elfsight.com\/pl\/wp-json\/wp\/v2\/pages\/5576\/revisions\/5580"}],"up":[{"embeddable":true,"href":"https:\/\/elfsight.com\/pl\/wp-json\/wp\/v2\/pages\/3397"}],"wp:attachment":[{"href":"https:\/\/elfsight.com\/pl\/wp-json\/wp\/v2\/media?parent=5576"}],"curies":[{"name":"wp","href":"https:\/\/api.w.org\/{rel}","templated":true}]}}