{"id":5574,"date":"2024-05-03T06:40:13","date_gmt":"2024-05-03T06:40:13","guid":{"rendered":"https:\/\/elfsight.com\/pl\/?page_id=5574"},"modified":"2024-10-24T13:26:54","modified_gmt":"2024-10-24T13:26:54","slug":"joomla","status":"publish","type":"page","link":"https:\/\/elfsight.com\/pl\/job-board-widget\/joomla\/","title":{"rendered":"Job Board &#8211; Joomla"},"content":{"rendered":"<div class=\"application-platform-content-item-description application-platform-content-item\" id=\"description\" data-nav-section=\"description\"> <h2>Opis<\/h2> <p>Tablica ofert pracy dla Joomla to wyj\u0105tkowe rozszerzenie umo\u017cliwiaj\u0105ce udost\u0119pnianie ofert pracy i zbieranie CV od kandydat\u00f3w na stronie swoj\u0105 witryn\u0119 internetow\u0105 w najprostszy spos\u00f3b. Dzi\u0119ki naszemu nowemu narz\u0119dziu mo\u017cesz ujawnia\u0107 informacje o swojej firmie, publikowa\u0107 informacje o wolnych stanowiskach pracy i zbiera\u0107 CV. Widget umo\u017cliwia zbudowanie karty pracy z dok\u0142adnym opisem i przyciskiem Aplikuj. Korzystanie z Portalu Prac Elfsight pozwala jednym klikni\u0119ciem usprawni\u0107 proces rekrutacji i uzyska\u0107 odpowiedzi na og\u0142oszenia o prac\u0119. <\/p> <p><b>Z \u0142atwo\u015bci\u0105 tw\u00f3rz najbardziej atrakcyjne opisy stanowisk i przyciski CTA, aby zainspirowa\u0107 wi\u0119cej potencjalnych pracownik\u00f3w do wsp\u00f3\u0142pracy z Tob\u0105<\/b><\/p> <\/div> <div class=\"application-platform-content-item-features application-platform-content-item\" id=\"features\" data-nav-section=\"features\"> <h2>Znajd\u017a poni\u017cej podstawowe funkcje rozszerzenia: <\/h2> <ul><li>Utw\u00f3rz link Zastosuj, aby kierowa\u0107 u\u017cytkownik\u00f3w witryny do strony z CV<\/li><li>Wy\u015bwietlaj oferty pracy w jak najbardziej atrakcyjny spos\u00f3b<\/li><li>Liczba ofert pracy, kt\u00f3re mo\u017cesz otworzy\u0107, jest nieograniczona<\/li><li>Opisz szczeg\u00f3\u0142owo ofert\u0119 pracy i podaj: wynagrodzenie, stanowisko i wymagane umiej\u0119tno\u015bci<\/li><li>Pozostaw dane kontaktowe: dzia\u0142 , nazwa Twojej firmy i lokalizacja<\/li><\/ul><p><a href=\"#demo\">Wypr\u00f3buj wszystkie ustawienia w pe\u0142nej wersji demonstracyjnej<\/a><\/p> <\/div> <div class=\"application-platform-content-item-installation application-platform-content-item\" id=\"installation\" data-nav-section=\"installation\"> <h2>Jak osadzi\u0107 tablic\u0119 og\u0142osze\u0144 na mojej stronie internetowej Joomla? <\/h2> <p>Wystarczy zastosowa\u0107 si\u0119 do poni\u017cszych instrukcji, aby rozpocz\u0105\u0107 korzystanie z narz\u0119dzia. <\/p> <ol><li><b>Uruchom nasz darmowy edytor i zacznij tworzy\u0107 spersonalizowane rozszerzenie. <\/b><br> Znajd\u017a po\u017c\u0105dany wygl\u0105d i funkcje wtyczki i zapisz poprawki. <\/li> <li><b>Zdob\u0105d\u017a osobisty kod pokazany w oknie aplikacji Elfsight. <\/b><br> Po utworzeniu osobistego wid\u017cetu skopiuj indywidualny kod z wy\u015bwietlonego okna i zapisz go na przysz\u0142e okazje. <\/li> <li><b>Rozpocznij korzystanie z narz\u0119dzia na swojej stronie Joomla. <\/b><br> Wklej ostatnio skopiowany kod na swoj\u0105 witryn\u0119 i zastosuj zmiany. <\/li> <li><b>Gotowe! Konfiguracja zosta\u0142a w pe\u0142ni uko\u0144czona. <\/b><br> Przejd\u017a do swojej witryny, aby sprawdzi\u0107 dzia\u0142anie rozszerzenia. <\/li><\/ol> <p>Je\u015bli masz do czynienia z zapytaniami lub napotykasz trudno\u015bci, bez wahania zwr\u00f3\u0107 si\u0119 do naszego personelu obs\u0142ugi klienta. Nasi konsultanci pragn\u0105 rozwi\u0105za\u0107 wszystkie problemy, jakie mo\u017cesz napotka\u0107 w zwi\u0105zku z tym narz\u0119dziem. <\/p> <div class=\"faq\" data-component=\"FAQ\"><div class=\"faq-item\">\r\n\t\t\t\t\t<div class=\"faq-item-question\">\r\n\t\t\t\t\t\t<h3 class=\"faq-item-question-text\">Czy istnieje metoda dodania tablicy og\u0142osze\u0144 do mojej witryny Joomla bez znajomo\u015bci kodowania?<\/h3>\r\n\r\n\t\t\t\t\t\t<div class=\"faq-item-question-icon\"><\/div>\r\n\t\t\t\t\t<\/div>\r\n\r\n\t\t\t\t\t<div class=\"faq-item-answer\">\r\n\t\t\t\t\t\t<div class=\"faq-item-answer-text\"> <p>Elfsight dostarcza rozwi\u0105zanie SaaS, kt\u00f3re umo\u017cliwia u\u017cytkownikom samodzielne korzystanie z wid\u017cetu tablicy og\u0142osze\u0144, obejrzyj proste kroki: Przejd\u017a do aktywnego edytora, aby wygenerowa\u0107 sekcj\u0119 Tablicy og\u0142osze\u0144, kt\u00f3r\u0105 chcesz doda\u0107 na swojej stronie internetowej Joomla. Wybierz jeden z wst\u0119pnie zaprojektowanych szablon\u00f3w i dostosuj ustawienia tablicy og\u0142osze\u0144, zmie\u0144 uk\u0142ad i schematy kolor\u00f3w, aby uwzgl\u0119dni\u0107 Twoj\u0105 tre\u015b\u0107, bez do\u015bwiadczenia w kodowaniu. Zapisz dokonane ustawienia w Tablicy og\u0142osze\u0144 i uzyskaj kod instalacyjny, kt\u00f3ry mo\u017cesz bezp\u0142atnie umie\u015bci\u0107 na stronie g\u0142\u00f3wnej Joomla. Korzystaj\u0105c z intuicyjnego edytora, ka\u017cdy u\u017cytkownik sieci mo\u017ce stworzy\u0107 sekcj\u0119 Tablica og\u0142osze\u0144 i po prostu doda\u0107 j\u0105 do dowolnej witryny Joomla. Aby skorzysta\u0107 z us\u0142ugi, nie wolno p\u0142aci\u0107 ani podawa\u0107 danych karty. Je\u015bli napotkasz jakiekolwiek przeszkody, skontaktuj si\u0119 z nasz\u0105 techniczn\u0105 obs\u0142ug\u0105 klienta.<\/p> <\/div>\r\n\t\t\t\t\t<\/div>\r\n\t\t\t\t<\/div> <\/div><\/div>","protected":false},"excerpt":{"rendered":"","protected":false},"author":9,"featured_media":0,"parent":3397,"menu_order":0,"comment_status":"closed","ping_status":"closed","template":"templates\/template-application-platform.php","meta":{"publish_to_discourse":"","publish_post_category":"","wpdc_auto_publish_overridden":"","wpdc_topic_tags":"","wpdc_pin_topic":"","wpdc_pin_until":"","discourse_post_id":"","discourse_permalink":"","wpdc_publishing_response":"","wpdc_publishing_error":"","footnotes":""},"class_list":["post-5574","page","type-page","status-publish","hentry"],"yoast_head":"<!-- This site is optimized with the Yoast SEO plugin v25.3.1 - https:\/\/yoast.com\/wordpress\/plugins\/seo\/ -->\n<title>Rozszerzenie Joomla Job Board - Dodaj oferty pracy do Joomla (2025)<\/title>\n<meta name=\"description\" content=\"Umie\u015b\u0107 responsywne rozszerzenie Job Board na swojej stronie Joomla i pozw\u00f3l potencjalnym pracownikom przegl\u0105da\u0107 wolne miejsca pracy!\" \/>\n<meta name=\"robots\" content=\"index, follow, max-snippet:-1, max-image-preview:large, max-video-preview:-1\" \/>\n<link rel=\"canonical\" href=\"https:\/\/elfsight.com\/pl\/job-board-widget\/joomla\/\" \/>\n<meta property=\"og:locale\" content=\"pl_PL\" \/>\n<meta property=\"og:type\" content=\"article\" \/>\n<meta property=\"og:title\" content=\"Rozszerzenie Joomla Job Board - Dodaj oferty pracy do Joomla (2025)\" \/>\n<meta property=\"og:description\" content=\"Umie\u015b\u0107 responsywne rozszerzenie Job Board na swojej stronie Joomla i pozw\u00f3l potencjalnym pracownikom przegl\u0105da\u0107 wolne miejsca pracy!\" \/>\n<meta property=\"og:url\" content=\"https:\/\/elfsight.com\/pl\/job-board-widget\/joomla\/\" \/>\n<meta property=\"og:site_name\" content=\"Elfsight PL\" \/>\n<meta property=\"article:modified_time\" content=\"2024-10-24T13:26:54+00:00\" \/>\n<meta name=\"twitter:card\" content=\"summary_large_image\" \/>\n<meta name=\"twitter:label1\" content=\"Szacowany czas czytania\" \/>\n\t<meta name=\"twitter:data1\" content=\"3 minuty\" \/>\n<!-- \/ Yoast SEO plugin. -->","yoast_head_json":{"title":"Rozszerzenie Joomla Job Board - Dodaj oferty pracy do Joomla (2025)","description":"Umie\u015b\u0107 responsywne rozszerzenie Job Board na swojej stronie Joomla i pozw\u00f3l potencjalnym pracownikom przegl\u0105da\u0107 wolne miejsca pracy!","robots":{"index":"index","follow":"follow","max-snippet":"max-snippet:-1","max-image-preview":"max-image-preview:large","max-video-preview":"max-video-preview:-1"},"canonical":"https:\/\/elfsight.com\/pl\/job-board-widget\/joomla\/","og_locale":"pl_PL","og_type":"article","og_title":"Rozszerzenie Joomla Job Board - Dodaj oferty pracy do Joomla (2025)","og_description":"Umie\u015b\u0107 responsywne rozszerzenie Job Board na swojej stronie Joomla i pozw\u00f3l potencjalnym pracownikom przegl\u0105da\u0107 wolne miejsca pracy!","og_url":"https:\/\/elfsight.com\/pl\/job-board-widget\/joomla\/","og_site_name":"Elfsight PL","article_modified_time":"2024-10-24T13:26:54+00:00","twitter_card":"summary_large_image","twitter_misc":{"Szacowany czas czytania":"3 minuty"},"schema":{"@context":"https:\/\/schema.org","@graph":[{"@type":"WebPage","@id":"https:\/\/elfsight.com\/pl\/job-board-widget\/joomla\/","url":"https:\/\/elfsight.com\/pl\/job-board-widget\/joomla\/","name":"Rozszerzenie Joomla Job Board - Dodaj oferty pracy do Joomla (2025)","isPartOf":{"@id":"https:\/\/elfsight.com\/pl\/#website"},"datePublished":"2024-05-03T06:40:13+00:00","dateModified":"2024-10-24T13:26:54+00:00","description":"Umie\u015b\u0107 responsywne rozszerzenie Job Board na swojej stronie Joomla i pozw\u00f3l potencjalnym pracownikom przegl\u0105da\u0107 wolne miejsca pracy!","breadcrumb":{"@id":"https:\/\/elfsight.com\/pl\/job-board-widget\/joomla\/#breadcrumb"},"inLanguage":"pl-PL","potentialAction":[{"@type":"ReadAction","target":["https:\/\/elfsight.com\/pl\/job-board-widget\/joomla\/"]}]},{"@type":"BreadcrumbList","@id":"https:\/\/elfsight.com\/pl\/job-board-widget\/joomla\/#breadcrumb","itemListElement":[{"@type":"ListItem","position":1,"name":"Home","item":"https:\/\/elfsight.com\/pl\/"},{"@type":"ListItem","position":2,"name":"Job Board","item":"https:\/\/elfsight.com\/pl\/job-board-widget\/"},{"@type":"ListItem","position":3,"name":"Job Board &#8211; Joomla"}]},{"@type":"WebSite","@id":"https:\/\/elfsight.com\/pl\/#website","url":"https:\/\/elfsight.com\/pl\/","name":"Elfsight PL","description":"Just another Elfsight Sites site","potentialAction":[{"@type":"SearchAction","target":{"@type":"EntryPoint","urlTemplate":"https:\/\/elfsight.com\/pl\/?s={search_term_string}"},"query-input":{"@type":"PropertyValueSpecification","valueRequired":true,"valueName":"search_term_string"}}],"inLanguage":"pl-PL"}]}},"meta_box":{"industry":"","seo_heading":"","heading":"","description":"","cta_heading":"","cta_description":"","application":"3355","h1":"Rozszerzenie Joomla Job Board","h1_caption":"Utw\u00f3rz tablic\u0119 og\u0142osze\u0144, w kt\u00f3rej mo\u017cesz umieszcza\u0107 og\u0142oszenia o wolnych stanowiskach w swojej witrynie i bez wysi\u0142ku przyci\u0105gaj potencjalnych kandydat\u00f3w do swojej witryny Joomla.","application_category":[],"applications_title":"","applications_request_title":"","applications_request_button_text":"","hero_text":"","hero_video":"","hero_video_schema_markup":"","selling_points_title":"","selling_points_caption":"","selling_points":[],"selling_points_cta_text":"","features_title":"","features":"","ed_cta_examples_text":"","ed_cta_examples_hidden":"","ed_cta_demo_text":"","ed_cta_demo_hidden":"","why_caption":"","why_editor_title":"","why_editor_text":"","why_team_title":"","why_team_text":"","why_service_title":"","why_service_text":"","template_catalog_visible":"","template_catalog_title":"","template_catalog_text":"","template_catalog_categories_visible":"","demo_title":"Zach\u0119camy do zaprojektowania niestandardowej tablicy og\u0142osze\u0144 Joomla","demo_caption":"Dostosuj go i wstaw rozszerzenie na swoj\u0105 stron\u0119 poprzez aktywne demo.","default_faq_hidden":"","app_template_category":[],"platform":"53","template_public_id":"","codecanyon_url":"","codecanyon_item_id":"","codecanyon_price":"","pricing_caption":"","pricing_elfsight_apps_hide_column":"","pricing_elfsight_apps_url":"","pricing_codecanyon_price_caption":"","integration_category":[],"integration_request_title":"","integration_request_cta":"","integration_platform":"","integrations":[],"platform_category":[],"video_schema_markup":"","price":"od 0 USD \/ miesi\u0105c","trial":"","benefits":[{"text":"Bezp\u0142atna us\u0142uga monta\u017cu"},{"text":"Profesjonalna obs\u0142uga klienta"},{"text":"14-dniowa gwarancja zwrotu pieni\u0119dzy"}],"button_url":"#demo","button_target_blank":"","button_nofollow":"","attributes":[{"name":"Instaluje"},{"name":"Czu\u0142y"},{"name":"Kompatybilne przegl\u0105darki"}],"tags":[],"tags_disable_links":"","hide_more_platforms":"","video_object":"","demo_hide_cta":"","demo_hide_cloud_options":"","pricing_title":"","pricing":[{"pricing_icon":"platform","pricing_title":"Elfsight Apps","pricing_title_caption":"Rozwi\u0105zanie wieloplatformowe, kt\u00f3re pasuje do ka\u017cdej witryny","pricing_price":"od 0 USD \/ miesi\u0105c","pricing_price_caption":"zacznij od bezp\u0142atnego planu","pricing_benefits":[{"text":"Nielimitowane domeny"},{"text":"Bezp\u0142atne wsparcie firmy"},{"text":"Bezp\u0142atne wsparcie instalacyjne"},{"text":"100% konfigurowalny"}],"pricing_button_text":"Dodaj do witryny","pricing_button_url":"#demo"}],"related_apps_title":"","related_apps_hidden":"","author":"","image":[],"title":"","job":"","social_networks":[]},"_links":{"self":[{"href":"https:\/\/elfsight.com\/pl\/wp-json\/wp\/v2\/pages\/5574","targetHints":{"allow":["GET"]}}],"collection":[{"href":"https:\/\/elfsight.com\/pl\/wp-json\/wp\/v2\/pages"}],"about":[{"href":"https:\/\/elfsight.com\/pl\/wp-json\/wp\/v2\/types\/page"}],"author":[{"embeddable":true,"href":"https:\/\/elfsight.com\/pl\/wp-json\/wp\/v2\/users\/9"}],"replies":[{"embeddable":true,"href":"https:\/\/elfsight.com\/pl\/wp-json\/wp\/v2\/comments?post=5574"}],"version-history":[{"count":1,"href":"https:\/\/elfsight.com\/pl\/wp-json\/wp\/v2\/pages\/5574\/revisions"}],"predecessor-version":[{"id":5578,"href":"https:\/\/elfsight.com\/pl\/wp-json\/wp\/v2\/pages\/5574\/revisions\/5578"}],"up":[{"embeddable":true,"href":"https:\/\/elfsight.com\/pl\/wp-json\/wp\/v2\/pages\/3397"}],"wp:attachment":[{"href":"https:\/\/elfsight.com\/pl\/wp-json\/wp\/v2\/media?parent=5574"}],"curies":[{"name":"wp","href":"https:\/\/api.w.org\/{rel}","templated":true}]}}