{"id":5573,"date":"2024-05-03T06:40:12","date_gmt":"2024-05-03T06:40:12","guid":{"rendered":"https:\/\/elfsight.com\/pl\/?page_id=5573"},"modified":"2024-10-24T13:26:54","modified_gmt":"2024-10-24T13:26:54","slug":"jquery","status":"publish","type":"page","link":"https:\/\/elfsight.com\/pl\/job-board-widget\/jquery\/","title":{"rendered":"Job Board &#8211; jQuery"},"content":{"rendered":"<div class=\"application-platform-content-item-description application-platform-content-item\" id=\"description\" data-nav-section=\"description\"> <h2>Opis<\/h2> <p>Nasza tablica og\u0142osze\u0144 dla jQuery to niezwyk\u0142a wtyczka, dzi\u0119ki kt\u00f3rej mo\u017cesz publikowa\u0107 otwarte oferty pracy i zbiera\u0107 CV od kandydat\u00f3w bezpo\u015brednio na Twojej stronie w najbardziej przyst\u0119pny spos\u00f3b. Dzi\u0119ki naszemu nowemu wid\u017cetowi b\u0119dziesz m\u00f3g\u0142 przedstawi\u0107 swoj\u0105 firm\u0119, rozpowszechnia\u0107 informacje o wolnych stanowiskach pracy i otrzymywa\u0107 CV. Widget umo\u017cliwia zbudowanie karty pracy wraz z dok\u0142adnym opisem i przyciskiem Aplikuj. Korzystanie z Portalu Prac Elfsight pozwala upro\u015bci\u0107 proces rekrutacji i uzyska\u0107 odpowiedzi na oferty pracy jednym klikni\u0119ciem. <\/p> <p><b>Szybko tw\u00f3rz najbardziej atrakcyjne oferty pracy i wezwania do dzia\u0142ania, aby zmotywowa\u0107 wi\u0119ksz\u0105 liczb\u0119 potencjalnych pracownik\u00f3w do wsp\u00f3\u0142pracy z Tob\u0105<\/b><\/p> <\/div> <div class=\"application-platform-content-item-features  application-platform-content-item\" id=\"features \" data-nav-section=\"features \"> <h2>Oferujemy przydatne i nieskomplikowane funkcje, zobacz niekt\u00f3re z nich: <\/h2> <ul><li>Utw\u00f3rz link Aplikuj, aby skierowa\u0107 potencjalnych pracownik\u00f3w do strony z CV<\/li><li>Przedstaw oferty pracy w najbardziej fascynuj\u0105cy spos\u00f3b<\/li><li>Liczba stanowisk pracy, kt\u00f3re mo\u017cesz doda\u0107, jest nieograniczona<\/li><li>Dodaj liczne szczeg\u00f3\u0142y dotycz\u0105ce stanowiska: wymagane umiej\u0119tno\u015bci, wynagrodzenie i stanowisko<\/li><li> Zostaw dane kontaktowe: dzia\u0142, nazw\u0119 firmy, nazw\u0119 i lokalizacj\u0119<\/li><\/ul><p><a href=\"#demo\">Mo\u017cesz sprawdzi\u0107, czy wtyczka jest dla Ciebie, korzystaj\u0105c z wersji demonstracyjnej<\/a> <\/p> <\/div> <div class=\"application-platform-content-item-installation application-platform-content-item\" id=\"installation\" data-nav-section=\"installation\"> <h2>Jak osadzi\u0107 tablic\u0119 og\u0142osze\u0144 w mojej witrynie jQuery? <\/h2> <p>Wystarczy zastosowa\u0107 si\u0119 do poni\u017cszych instrukcji, aby rozpocz\u0105\u0107 prac\u0119 z narz\u0119dziem. <\/p> <ol><li><b>Skorzystaj z naszej bezp\u0142atnej wersji demonstracyjnej i zacznij tworzy\u0107 w\u0142asn\u0105 wtyczk\u0119. <\/b><br> Ustal wybrany uk\u0142ad i opcje wtyczki oraz zapisz poprawki. <\/li> <li><b>Skopiuj sw\u00f3j indywidualny kod pojawiaj\u0105cy si\u0119 w specjalnym formularzu w aplikacjach Elfsight. <\/b><br> Po zako\u0144czeniu tworzenia osobistego wid\u017cetu skopiuj osobisty kod z wy\u015bwietlonego pola i zapisz go do wykorzystania w przysz\u0142o\u015bci. <\/li> <li><b>Rozpocznij korzystanie z wtyczki na swojej stronie internetowej jQuery. <\/b><br> Zintegruj skopiowany wcze\u015bniej kod ze swoj\u0105 stron\u0105 g\u0142\u00f3wn\u0105 i zastosuj zmiany. <\/li> <li><b>Instalacja zosta\u0142a pomy\u015blnie uko\u0144czona. <\/b><br> Przejd\u017a na swoj\u0105 stron\u0119 i sprawd\u017a dzia\u0142anie widgetu. <\/li><\/ol> <p>W przypadku napotkania jakichkolwiek przeszk\u00f3d mo\u017cesz zwr\u00f3ci\u0107 si\u0119 do naszego personelu pomocy technicznej. Nasi konsultanci ch\u0119tnie pomog\u0105 Ci we wszystkich problemach, jakie mo\u017cesz mie\u0107 z wtyczk\u0105. <\/p> <div class=\"faq\" data-component=\"FAQ\"><div class=\"faq-item\">\r\n\t\t\t\t\t<div class=\"faq-item-question\">\r\n\t\t\t\t\t\t<h3 class=\"faq-item-question-text\">Jak doda\u0107 tablic\u0119 og\u0142osze\u0144 do mojej witryny jQuery bez umiej\u0119tno\u015bci kodowania?<\/h3>\r\n\r\n\t\t\t\t\t\t<div class=\"faq-item-question-icon\"><\/div>\r\n\t\t\t\t\t<\/div>\r\n\r\n\t\t\t\t\t<div class=\"faq-item-answer\">\r\n\t\t\t\t\t\t<div class=\"faq-item-answer-text\"> <p>Elfsight zapewnia rozwi\u0105zanie SaaS, kt\u00f3re pozwala samodzielnie utworzy\u0107 wid\u017cet tablicy og\u0142osze\u0144. Zobacz, jak \u0142atwo Proces jest nast\u0119puj\u0105cy: Pracuj bezpo\u015brednio w edytorze online, aby utworzy\u0107 wid\u017cet Tablicy og\u0142osze\u0144, kt\u00f3ry chcia\u0142by\u015b zobaczy\u0107 na swojej stronie internetowej jQuery. Wybierz jeden z gotowych szablon\u00f3w i dostosuj ustawienia tablicy og\u0142osze\u0144, dodaj tre\u015b\u0107, zmie\u0144 uk\u0142ad i kolory bez umiej\u0119tno\u015bci kodowania. Zapisz Job Board i skopiuj jego kod instalacyjny, dzi\u0119ki czemu b\u0119dziesz m\u00f3g\u0142 \u0142atwo doda\u0107 swoj\u0105 witryn\u0119 jQuery bez konieczno\u015bci kupowania p\u0142atnej subskrypcji. Dzi\u0119ki naszemu intuicyjnemu Edytorowi ka\u017cdy u\u017cytkownik Internetu mo\u017ce stworzy\u0107 wid\u017cet Tablicy Pracy online i \u0142atwo osadzi\u0107 go na swojej stronie internetowej jQuery. Aby uzyska\u0107 dost\u0119p do us\u0142ugi, nie trzeba p\u0142aci\u0107 ani wprowadza\u0107 danych uwierzytelniaj\u0105cych karty. Je\u015bli na kt\u00f3rymkolwiek etapie napotkasz jakiekolwiek problemy, skontaktuj si\u0119 z naszym zespo\u0142em pomocy technicznej.<\/p> <\/div>\r\n\t\t\t\t\t<\/div>\r\n\t\t\t\t<\/div> <\/div><\/div>","protected":false},"excerpt":{"rendered":"","protected":false},"author":9,"featured_media":0,"parent":3397,"menu_order":0,"comment_status":"closed","ping_status":"closed","template":"templates\/template-application-platform.php","meta":{"publish_to_discourse":"","publish_post_category":"","wpdc_auto_publish_overridden":"","wpdc_topic_tags":"","wpdc_pin_topic":"","wpdc_pin_until":"","discourse_post_id":"","discourse_permalink":"","wpdc_publishing_response":"","wpdc_publishing_error":"","footnotes":""},"class_list":["post-5573","page","type-page","status-publish","hentry"],"yoast_head":"<!-- This site is optimized with the Yoast SEO plugin v25.3.1 - https:\/\/yoast.com\/wordpress\/plugins\/seo\/ -->\n<title>Wtyczka jQuery Job Board - Dodaj oferty pracy do jQuery (2025)<\/title>\n<meta name=\"description\" content=\"Zintegruj responsywn\u0105 wtyczk\u0119 Job Board ze swoj\u0105 witryn\u0105 jQuery i pozw\u00f3l potencjalnym pracownikom przegl\u0105da\u0107 wolne miejsca pracy!\" \/>\n<meta name=\"robots\" content=\"index, follow, max-snippet:-1, max-image-preview:large, max-video-preview:-1\" \/>\n<link rel=\"canonical\" href=\"https:\/\/elfsight.com\/pl\/job-board-widget\/jquery\/\" \/>\n<meta property=\"og:locale\" content=\"pl_PL\" \/>\n<meta property=\"og:type\" content=\"article\" \/>\n<meta property=\"og:title\" content=\"Wtyczka jQuery Job Board - Dodaj oferty pracy do jQuery (2025)\" \/>\n<meta property=\"og:description\" content=\"Zintegruj responsywn\u0105 wtyczk\u0119 Job Board ze swoj\u0105 witryn\u0105 jQuery i pozw\u00f3l potencjalnym pracownikom przegl\u0105da\u0107 wolne miejsca pracy!\" \/>\n<meta property=\"og:url\" content=\"https:\/\/elfsight.com\/pl\/job-board-widget\/jquery\/\" \/>\n<meta property=\"og:site_name\" content=\"Elfsight PL\" \/>\n<meta property=\"article:modified_time\" content=\"2024-10-24T13:26:54+00:00\" \/>\n<meta name=\"twitter:card\" content=\"summary_large_image\" \/>\n<meta name=\"twitter:label1\" content=\"Szacowany czas czytania\" \/>\n\t<meta name=\"twitter:data1\" content=\"3 minuty\" \/>\n<!-- \/ Yoast SEO plugin. -->","yoast_head_json":{"title":"Wtyczka jQuery Job Board - Dodaj oferty pracy do jQuery (2025)","description":"Zintegruj responsywn\u0105 wtyczk\u0119 Job Board ze swoj\u0105 witryn\u0105 jQuery i pozw\u00f3l potencjalnym pracownikom przegl\u0105da\u0107 wolne miejsca pracy!","robots":{"index":"index","follow":"follow","max-snippet":"max-snippet:-1","max-image-preview":"max-image-preview:large","max-video-preview":"max-video-preview:-1"},"canonical":"https:\/\/elfsight.com\/pl\/job-board-widget\/jquery\/","og_locale":"pl_PL","og_type":"article","og_title":"Wtyczka jQuery Job Board - Dodaj oferty pracy do jQuery (2025)","og_description":"Zintegruj responsywn\u0105 wtyczk\u0119 Job Board ze swoj\u0105 witryn\u0105 jQuery i pozw\u00f3l potencjalnym pracownikom przegl\u0105da\u0107 wolne miejsca pracy!","og_url":"https:\/\/elfsight.com\/pl\/job-board-widget\/jquery\/","og_site_name":"Elfsight PL","article_modified_time":"2024-10-24T13:26:54+00:00","twitter_card":"summary_large_image","twitter_misc":{"Szacowany czas czytania":"3 minuty"},"schema":{"@context":"https:\/\/schema.org","@graph":[{"@type":"WebPage","@id":"https:\/\/elfsight.com\/pl\/job-board-widget\/jquery\/","url":"https:\/\/elfsight.com\/pl\/job-board-widget\/jquery\/","name":"Wtyczka jQuery Job Board - Dodaj oferty pracy do jQuery (2025)","isPartOf":{"@id":"https:\/\/elfsight.com\/pl\/#website"},"datePublished":"2024-05-03T06:40:12+00:00","dateModified":"2024-10-24T13:26:54+00:00","description":"Zintegruj responsywn\u0105 wtyczk\u0119 Job Board ze swoj\u0105 witryn\u0105 jQuery i pozw\u00f3l potencjalnym pracownikom przegl\u0105da\u0107 wolne miejsca pracy!","breadcrumb":{"@id":"https:\/\/elfsight.com\/pl\/job-board-widget\/jquery\/#breadcrumb"},"inLanguage":"pl-PL","potentialAction":[{"@type":"ReadAction","target":["https:\/\/elfsight.com\/pl\/job-board-widget\/jquery\/"]}]},{"@type":"BreadcrumbList","@id":"https:\/\/elfsight.com\/pl\/job-board-widget\/jquery\/#breadcrumb","itemListElement":[{"@type":"ListItem","position":1,"name":"Home","item":"https:\/\/elfsight.com\/pl\/"},{"@type":"ListItem","position":2,"name":"Job Board","item":"https:\/\/elfsight.com\/pl\/job-board-widget\/"},{"@type":"ListItem","position":3,"name":"Job Board &#8211; jQuery"}]},{"@type":"WebSite","@id":"https:\/\/elfsight.com\/pl\/#website","url":"https:\/\/elfsight.com\/pl\/","name":"Elfsight PL","description":"Just another Elfsight Sites site","potentialAction":[{"@type":"SearchAction","target":{"@type":"EntryPoint","urlTemplate":"https:\/\/elfsight.com\/pl\/?s={search_term_string}"},"query-input":{"@type":"PropertyValueSpecification","valueRequired":true,"valueName":"search_term_string"}}],"inLanguage":"pl-PL"}]}},"meta_box":{"industry":"","seo_heading":"","heading":"","description":"","cta_heading":"","cta_description":"","application":"3355","h1":"Wtyczka jQuery Job Board","h1_caption":"Utw\u00f3rz tablic\u0119 og\u0142osze\u0144, w kt\u00f3rej mo\u017cesz umieszcza\u0107 og\u0142oszenia o wolnych stanowiskach w swojej witrynie i z \u0142atwo\u015bci\u0105 przyci\u0105gaj potencjalnych kandydat\u00f3w do swojej witryny jQuery.","application_category":[],"applications_title":"","applications_request_title":"","applications_request_button_text":"","hero_text":"","hero_video":"","hero_video_schema_markup":"","selling_points_title":"","selling_points_caption":"","selling_points":[],"selling_points_cta_text":"","features_title":"","features":"","ed_cta_examples_text":"","ed_cta_examples_hidden":"","ed_cta_demo_text":"","ed_cta_demo_hidden":"","why_caption":"","why_editor_title":"","why_editor_text":"","why_team_title":"","why_team_text":"","why_service_title":"","why_service_text":"","template_catalog_visible":"","template_catalog_title":"","template_catalog_text":"","template_catalog_categories_visible":"","demo_title":"Nie wahaj si\u0119 i utw\u00f3rz w\u0142asn\u0105 tablic\u0119 og\u0142osze\u0144 jQuery","demo_caption":"Spersonalizuj go i zintegruj wtyczk\u0119 na swojej stronie, korzystaj\u0105c z aktywnego demo.","default_faq_hidden":"","app_template_category":[],"platform":"56","template_public_id":"","codecanyon_url":"","codecanyon_item_id":"","codecanyon_price":"","pricing_caption":"","pricing_elfsight_apps_hide_column":"","pricing_elfsight_apps_url":"","pricing_codecanyon_price_caption":"","integration_category":[],"integration_request_title":"","integration_request_cta":"","integration_platform":"","integrations":[],"platform_category":[],"video_schema_markup":"","price":"od 0 USD \/ miesi\u0105c","trial":"","benefits":[{"text":"Bezp\u0142atna pomoc w instalacji"},{"text":"Do\u015bwiadczona obs\u0142uga klienta"},{"text":"14-dniowa gwarancja zwrotu pieni\u0119dzy"}],"button_url":"#demo","button_target_blank":"","button_nofollow":"","attributes":[{"name":"Instaluje"},{"name":"Czu\u0142y"},{"name":"Kompatybilne przegl\u0105darki"}],"tags":[],"tags_disable_links":"","hide_more_platforms":"","video_object":"","demo_hide_cta":"","demo_hide_cloud_options":"","pricing_title":"","pricing":[{"pricing_icon":"platform","pricing_title":"Elfsight Apps","pricing_title_caption":"Wersja niezale\u017cna od platformy","pricing_price":"od 0 USD \/ miesi\u0105c","pricing_price_caption":"zacznij od bezp\u0142atnego planu","pricing_benefits":[{"text":"Nielimitowane strony internetowe"},{"text":"Szybka obs\u0142uga klienta i dobrze udokumentowana"},{"text":"Bezp\u0142atna pomoc w monta\u017cu"},{"text":"Elastyczny projekt"}],"pricing_button_text":"Dodaj do witryny","pricing_button_url":"#demo"}],"related_apps_title":"","related_apps_hidden":"","author":"","image":[],"title":"","job":"","social_networks":[]},"_links":{"self":[{"href":"https:\/\/elfsight.com\/pl\/wp-json\/wp\/v2\/pages\/5573","targetHints":{"allow":["GET"]}}],"collection":[{"href":"https:\/\/elfsight.com\/pl\/wp-json\/wp\/v2\/pages"}],"about":[{"href":"https:\/\/elfsight.com\/pl\/wp-json\/wp\/v2\/types\/page"}],"author":[{"embeddable":true,"href":"https:\/\/elfsight.com\/pl\/wp-json\/wp\/v2\/users\/9"}],"replies":[{"embeddable":true,"href":"https:\/\/elfsight.com\/pl\/wp-json\/wp\/v2\/comments?post=5573"}],"version-history":[{"count":1,"href":"https:\/\/elfsight.com\/pl\/wp-json\/wp\/v2\/pages\/5573\/revisions"}],"predecessor-version":[{"id":5577,"href":"https:\/\/elfsight.com\/pl\/wp-json\/wp\/v2\/pages\/5573\/revisions\/5577"}],"up":[{"embeddable":true,"href":"https:\/\/elfsight.com\/pl\/wp-json\/wp\/v2\/pages\/3397"}],"wp:attachment":[{"href":"https:\/\/elfsight.com\/pl\/wp-json\/wp\/v2\/media?parent=5573"}],"curies":[{"name":"wp","href":"https:\/\/api.w.org\/{rel}","templated":true}]}}