{"id":5567,"date":"2024-05-03T06:40:10","date_gmt":"2024-05-03T06:40:10","guid":{"rendered":"https:\/\/elfsight.com\/pl\/?page_id=5567"},"modified":"2024-10-24T13:27:04","modified_gmt":"2024-10-24T13:27:04","slug":"iframe","status":"publish","type":"page","link":"https:\/\/elfsight.com\/pl\/job-board-widget\/iframe\/","title":{"rendered":"Job Board &#8211; iFrame"},"content":{"rendered":"<div class=\"application-platform-content-item-description application-platform-content-item\" id=\"description\" data-nav-section=\"description\"> <h2>Osad\u017a tablic\u0119 og\u0142osze\u0144 w iFrame za pomoc\u0105 wid\u017cetu Elfsight<\/h2> <p>Tablica ofert pracy dla iFrame to efektowny wid\u017cet umo\u017cliwiaj\u0105cy publikowanie otwieraj oferty pracy i zbieraj CV od kandydat\u00f3w bezpo\u015brednio na swojej stronie internetowej w najbardziej przyst\u0119pny spos\u00f3b. Dzi\u0119ki naszemu nowemu widgetowi b\u0119dziesz m\u00f3g\u0142 opowiedzie\u0107 o swojej firmie, publikowa\u0107 informacje o ofertach pracy i zbiera\u0107 CV. Wid\u017cet umo\u017cliwia utworzenie karty pracy wraz z dok\u0142adnym przedstawieniem i przyciskiem Aplikuj. Korzystanie z Portalu Og\u0142osze\u0144 pozwala upro\u015bci\u0107 proces rekrutacji i jednym klikni\u0119ciem uzyska\u0107 odpowiedzi na oferty pracy. <\/p> <p><b>Z \u0142atwo\u015bci\u0105 tw\u00f3rz najbardziej atrakcyjne opisy stanowisk i wezwania do dzia\u0142ania, aby zach\u0119ci\u0107 wi\u0119cej potencjalnych pracownik\u00f3w do wsp\u00f3\u0142pracy z Tob\u0105<\/b><\/p> <\/div> <div class=\"application-platform-content-item-features  application-platform-content-item\" id=\"features \" data-nav-section=\"features \"> <h2>Sprawd\u017a list\u0119 najwa\u017cniejszych funkcji: <\/h2> <ul><li>Dodaj link Zastosuj, aby kierowa\u0107 u\u017cytkownik\u00f3w witryny do strony z CV<\/li><li>Prezentuj oferty pracy w najbardziej szczeg\u00f3\u0142owy spos\u00f3b spos\u00f3b<\/li><li>Liczba stanowisk, kt\u00f3re mo\u017cesz doda\u0107, jest nieograniczona<\/li><li>Dodaj liczne szczeg\u00f3\u0142y dotycz\u0105ce stanowiska: wynagrodzenie, wymagane umiej\u0119tno\u015bci i stanowisko<\/li><li>Pozostaw dane kontaktowe: lokalizacja, dzia\u0142 i nazwa nazwy Twojej firmy<\/li><\/ul><p><a href=\"#demo\">Pe\u0142ne mo\u017cliwo\u015bci wid\u017cetu mo\u017cesz sprawdzi\u0107 w wersji demonstracyjnej na tej stronie<\/a><\/p> <\/div> <div class=\"application-platform-content-item-installation application-platform-content-item\" id=\"installation\" data-nav-section=\"installation\"> <h2>Jak mog\u0119 osadzi\u0107 tablic\u0119 og\u0142osze\u0144 w mojej witrynie iFrame? <\/h2> <p>Wystarczy post\u0119powa\u0107 zgodnie z poni\u017cszymi wskaz\u00f3wkami, aby osadzi\u0107 wid\u017cet. <\/p> <ol><li><b>Uruchom nasz darmowy konfigurator i rozpocznij budowanie w\u0142asnego instrumentu. <\/b><br> Wybierz niestandardowy projekt i aspekty wtyczki, a nast\u0119pnie zastosuj zmiany. <\/li> <li><b>Zdob\u0105d\u017a sw\u00f3j osobisty kod widoczny w oknie aplikacji Elfsight. <\/b><br> Zaraz po zako\u0144czeniu dostosowywania wid\u017cetu skopiuj ekskluzywny kod z wy\u015bwietlonego pola i zachowaj go do dalszego wykorzystania. <\/li> <li><b>Zacznij korzysta\u0107 z narz\u0119dzia na stronie internetowej iFrame. <\/b><br> Wprowad\u017a skopiowany wcze\u015bniej kod na swojej stronie i zastosuj zmiany. <\/li> <li><b>Gotowe! Osadzanie zosta\u0142o pomy\u015blnie zako\u0144czone. <\/b><br> Przejd\u017a na swoj\u0105 stron\u0119 i zobacz w akcji jak dzia\u0142a widget. <\/li><\/ol> <p>Je\u015bli napotkasz jakiekolwiek trudno\u015bci, zwr\u00f3\u0107 si\u0119 do naszego personelu obs\u0142ugi klienta. Nasi konsultanci z przyjemno\u015bci\u0105 odpowiedz\u0105 na wszystkie pytania dotycz\u0105ce produktu. <\/p> <div class=\"faq\" data-component=\"FAQ\"><div class=\"faq-item\">\r\n\t\t\t\t\t<div class=\"faq-item-question\">\r\n\t\t\t\t\t\t<h3 class=\"faq-item-question-text\">Czy istnieje metoda osadzenia tablicy og\u0142osze\u0144 w mojej witrynie iFrame bez kodowania?<\/h3>\r\n\r\n\t\t\t\t\t\t<div class=\"faq-item-question-icon\"><\/div>\r\n\t\t\t\t\t<\/div>\r\n\r\n\t\t\t\t\t<div class=\"faq-item-answer\">\r\n\t\t\t\t\t\t<div class=\"faq-item-answer-text\"> <p>Elfsight oferuje rozwi\u0105zanie SaaS, kt\u00f3re pozwala w\u0142a\u015bcicielom witryn samodzielnie zbudowa\u0107 wtyczk\u0119 tablicy og\u0142osze\u0144, poznaj proste kroki: Przejd\u017a do wersji demonstracyjnej online, aby utworzy\u0107 wid\u017cet Tablicy og\u0142osze\u0144, kt\u00f3ry chcesz osadzi\u0107 na stronie g\u0142\u00f3wnej iFrame. Wybierz jeden z naszych gotowych szablon\u00f3w i zmie\u0144 ustawienia tablicy og\u0142osze\u0144, zmie\u0144 uk\u0142ad i schematy kolor\u00f3w, uwzgl\u0119dniaj\u0105c tre\u015b\u0107, bez \u017cadnego do\u015bwiadczenia w kodowaniu. Zapisz Tablic\u0119 og\u0142osze\u0144 i skopiuj kod instalacyjny wid\u017cetu, kt\u00f3ry mo\u017cesz bez problemu i bezp\u0142atnie umie\u015bci\u0107 na swojej stronie g\u0142\u00f3wnej iFrame. Za pomoc\u0105 \u0142atwego w obs\u0142udze konfiguratora ka\u017cdy u\u017cytkownik sieci mo\u017ce stworzy\u0107 wid\u017cet Tablicy og\u0142osze\u0144 i bez problemu doda\u0107 go do witryny iFrame. Nie powiniene\u015b otrzymywa\u0107 p\u0142atnego planu ani podawa\u0107 danych uwierzytelniaj\u0105cych karty, aby wej\u015b\u0107 do us\u0142ugi Elfsight. Je\u015bli na kt\u00f3rymkolwiek etapie napotkasz jakiekolwiek problemy, nie wahaj si\u0119 skontaktowa\u0107 z naszym zespo\u0142em pomocy.<\/p> <\/div>\r\n\t\t\t\t\t<\/div>\r\n\t\t\t\t<\/div> <\/div><\/div>","protected":false},"excerpt":{"rendered":"","protected":false},"author":9,"featured_media":0,"parent":3397,"menu_order":0,"comment_status":"closed","ping_status":"closed","template":"templates\/template-application-platform.php","meta":{"publish_to_discourse":"","publish_post_category":"","wpdc_auto_publish_overridden":"","wpdc_topic_tags":"","wpdc_pin_topic":"","wpdc_pin_until":"","discourse_post_id":"","discourse_permalink":"","wpdc_publishing_response":"","wpdc_publishing_error":"","footnotes":""},"class_list":["post-5567","page","type-page","status-publish","hentry"],"yoast_head":"<!-- This site is optimized with the Yoast SEO plugin v25.3.1 - https:\/\/yoast.com\/wordpress\/plugins\/seo\/ -->\n<title>Wid\u017cet Tablica og\u0142osze\u0144 iFrame - Dodaj oferty pracy do iFrame (2025)<\/title>\n<meta name=\"description\" content=\"Dodaj responsywny wid\u017cet Tablicy og\u0142osze\u0144 do swojej witryny iFrame i pozw\u00f3l swoim potencjalnym pracownikom przegl\u0105da\u0107 otwarte oferty pracy!\" \/>\n<meta name=\"robots\" content=\"index, follow, max-snippet:-1, max-image-preview:large, max-video-preview:-1\" \/>\n<link rel=\"canonical\" href=\"https:\/\/elfsight.com\/pl\/job-board-widget\/iframe\/\" \/>\n<meta property=\"og:locale\" content=\"pl_PL\" \/>\n<meta property=\"og:type\" content=\"article\" \/>\n<meta property=\"og:title\" content=\"Wid\u017cet Tablica og\u0142osze\u0144 iFrame - Dodaj oferty pracy do iFrame (2025)\" \/>\n<meta property=\"og:description\" content=\"Dodaj responsywny wid\u017cet Tablicy og\u0142osze\u0144 do swojej witryny iFrame i pozw\u00f3l swoim potencjalnym pracownikom przegl\u0105da\u0107 otwarte oferty pracy!\" \/>\n<meta property=\"og:url\" content=\"https:\/\/elfsight.com\/pl\/job-board-widget\/iframe\/\" \/>\n<meta property=\"og:site_name\" content=\"Elfsight PL\" \/>\n<meta property=\"article:modified_time\" content=\"2024-10-24T13:27:04+00:00\" \/>\n<meta name=\"twitter:card\" content=\"summary_large_image\" \/>\n<meta name=\"twitter:label1\" content=\"Szacowany czas czytania\" \/>\n\t<meta name=\"twitter:data1\" content=\"3 minuty\" \/>\n<!-- \/ Yoast SEO plugin. -->","yoast_head_json":{"title":"Wid\u017cet Tablica og\u0142osze\u0144 iFrame - Dodaj oferty pracy do iFrame (2025)","description":"Dodaj responsywny wid\u017cet Tablicy og\u0142osze\u0144 do swojej witryny iFrame i pozw\u00f3l swoim potencjalnym pracownikom przegl\u0105da\u0107 otwarte oferty pracy!","robots":{"index":"index","follow":"follow","max-snippet":"max-snippet:-1","max-image-preview":"max-image-preview:large","max-video-preview":"max-video-preview:-1"},"canonical":"https:\/\/elfsight.com\/pl\/job-board-widget\/iframe\/","og_locale":"pl_PL","og_type":"article","og_title":"Wid\u017cet Tablica og\u0142osze\u0144 iFrame - Dodaj oferty pracy do iFrame (2025)","og_description":"Dodaj responsywny wid\u017cet Tablicy og\u0142osze\u0144 do swojej witryny iFrame i pozw\u00f3l swoim potencjalnym pracownikom przegl\u0105da\u0107 otwarte oferty pracy!","og_url":"https:\/\/elfsight.com\/pl\/job-board-widget\/iframe\/","og_site_name":"Elfsight PL","article_modified_time":"2024-10-24T13:27:04+00:00","twitter_card":"summary_large_image","twitter_misc":{"Szacowany czas czytania":"3 minuty"},"schema":{"@context":"https:\/\/schema.org","@graph":[{"@type":"WebPage","@id":"https:\/\/elfsight.com\/pl\/job-board-widget\/iframe\/","url":"https:\/\/elfsight.com\/pl\/job-board-widget\/iframe\/","name":"Wid\u017cet Tablica og\u0142osze\u0144 iFrame - Dodaj oferty pracy do iFrame (2025)","isPartOf":{"@id":"https:\/\/elfsight.com\/pl\/#website"},"datePublished":"2024-05-03T06:40:10+00:00","dateModified":"2024-10-24T13:27:04+00:00","description":"Dodaj responsywny wid\u017cet Tablicy og\u0142osze\u0144 do swojej witryny iFrame i pozw\u00f3l swoim potencjalnym pracownikom przegl\u0105da\u0107 otwarte oferty pracy!","breadcrumb":{"@id":"https:\/\/elfsight.com\/pl\/job-board-widget\/iframe\/#breadcrumb"},"inLanguage":"pl-PL","potentialAction":[{"@type":"ReadAction","target":["https:\/\/elfsight.com\/pl\/job-board-widget\/iframe\/"]}]},{"@type":"BreadcrumbList","@id":"https:\/\/elfsight.com\/pl\/job-board-widget\/iframe\/#breadcrumb","itemListElement":[{"@type":"ListItem","position":1,"name":"Home","item":"https:\/\/elfsight.com\/pl\/"},{"@type":"ListItem","position":2,"name":"Job Board","item":"https:\/\/elfsight.com\/pl\/job-board-widget\/"},{"@type":"ListItem","position":3,"name":"Job Board &#8211; iFrame"}]},{"@type":"WebSite","@id":"https:\/\/elfsight.com\/pl\/#website","url":"https:\/\/elfsight.com\/pl\/","name":"Elfsight PL","description":"Just another Elfsight Sites site","potentialAction":[{"@type":"SearchAction","target":{"@type":"EntryPoint","urlTemplate":"https:\/\/elfsight.com\/pl\/?s={search_term_string}"},"query-input":{"@type":"PropertyValueSpecification","valueRequired":true,"valueName":"search_term_string"}}],"inLanguage":"pl-PL"}]}},"meta_box":{"industry":"","seo_heading":"","heading":"","description":"","cta_heading":"","cta_description":"","application":"3355","h1":"Wid\u017cet tablicy og\u0142osze\u0144 iFrame","h1_caption":"Utw\u00f3rz tablic\u0119 og\u0142osze\u0144, w kt\u00f3rej mo\u017cesz umieszcza\u0107 og\u0142oszenia o wolnych stanowiskach w swojej witrynie i z \u0142atwo\u015bci\u0105 przyci\u0105gaj potencjalnych kandydat\u00f3w do swojej witryny iFrame.","application_category":[],"applications_title":"","applications_request_title":"","applications_request_button_text":"","hero_text":"","hero_video":"","hero_video_schema_markup":"","selling_points_title":"","selling_points_caption":"","selling_points":[],"selling_points_cta_text":"","features_title":"","features":"","ed_cta_examples_text":"","ed_cta_examples_hidden":"","ed_cta_demo_text":"","ed_cta_demo_hidden":"","why_caption":"","why_editor_title":"","why_editor_text":"","why_team_title":"","why_team_text":"","why_service_title":"","why_service_text":"","template_catalog_visible":"","template_catalog_title":"","template_catalog_text":"","template_catalog_categories_visible":"","demo_title":"\u015amia\u0142o, utw\u00f3rz dostosowan\u0105 do indywidualnych potrzeb tablic\u0119 og\u0142osze\u0144 iFrame","demo_caption":"Dostosuj go i dodaj na swojej stronie, korzystaj\u0105c z wersji demonstracyjnej.","default_faq_hidden":"","app_template_category":[],"platform":"187","template_public_id":"","codecanyon_url":"","codecanyon_item_id":"","codecanyon_price":"","pricing_caption":"","pricing_elfsight_apps_hide_column":"","pricing_elfsight_apps_url":"","pricing_codecanyon_price_caption":"","integration_category":[],"integration_request_title":"","integration_request_cta":"","integration_platform":"","integrations":[],"platform_category":[],"video_schema_markup":"","price":"od 0 USD \/ miesi\u0105c","trial":"","benefits":[{"text":"Bezp\u0142atna pomoc w monta\u017cu"},{"text":"Wsparcie premium"},{"text":"14-dniowa gwarancja zwrotu pieni\u0119dzy"}],"button_url":"#demo","button_target_blank":"","button_nofollow":"","attributes":[{"name":"Instaluje"},{"name":"Czu\u0142y"},{"name":"Kompatybilne przegl\u0105darki"}],"tags":[],"tags_disable_links":"","hide_more_platforms":"","video_object":"","demo_hide_cta":"","demo_hide_cloud_options":"","pricing_title":"","pricing":[{"pricing_icon":"platform","pricing_title":"Elfsight Apps","pricing_title_caption":"Wersja wieloplatformowa, kt\u00f3ra pasuje do ka\u017cdej witryny","pricing_price":"od 0 USD \/ miesi\u0105c","pricing_price_caption":"zacznij od bezp\u0142atnego planu","pricing_benefits":[{"text":"Nielimitowane domeny"},{"text":"Najwy\u017csza obs\u0142uga klienta"},{"text":"Bezp\u0142atne wsparcie przy instalacji"},{"text":"W pe\u0142ni konfigurowalny"}],"pricing_button_text":"Dodaj do witryny","pricing_button_url":"#demo"}],"related_apps_title":"","related_apps_hidden":"","author":"","image":[],"title":"","job":"","social_networks":[]},"_links":{"self":[{"href":"https:\/\/elfsight.com\/pl\/wp-json\/wp\/v2\/pages\/5567","targetHints":{"allow":["GET"]}}],"collection":[{"href":"https:\/\/elfsight.com\/pl\/wp-json\/wp\/v2\/pages"}],"about":[{"href":"https:\/\/elfsight.com\/pl\/wp-json\/wp\/v2\/types\/page"}],"author":[{"embeddable":true,"href":"https:\/\/elfsight.com\/pl\/wp-json\/wp\/v2\/users\/9"}],"replies":[{"embeddable":true,"href":"https:\/\/elfsight.com\/pl\/wp-json\/wp\/v2\/comments?post=5567"}],"version-history":[{"count":1,"href":"https:\/\/elfsight.com\/pl\/wp-json\/wp\/v2\/pages\/5567\/revisions"}],"predecessor-version":[{"id":5571,"href":"https:\/\/elfsight.com\/pl\/wp-json\/wp\/v2\/pages\/5567\/revisions\/5571"}],"up":[{"embeddable":true,"href":"https:\/\/elfsight.com\/pl\/wp-json\/wp\/v2\/pages\/3397"}],"wp:attachment":[{"href":"https:\/\/elfsight.com\/pl\/wp-json\/wp\/v2\/media?parent=5567"}],"curies":[{"name":"wp","href":"https:\/\/api.w.org\/{rel}","templated":true}]}}