{"id":5565,"date":"2024-05-03T06:40:08","date_gmt":"2024-05-03T06:40:08","guid":{"rendered":"https:\/\/elfsight.com\/pl\/?page_id=5565"},"modified":"2025-06-26T15:43:14","modified_gmt":"2025-06-26T15:43:14","slug":"html","status":"publish","type":"page","link":"https:\/\/elfsight.com\/pl\/job-board-widget\/html\/","title":{"rendered":"Job Board &#8211; HTML"},"content":{"rendered":"<div class=\"application-platform-content-item-description application-platform-content-item\" id=\"description\" data-nav-section=\"description\"> <h2>Opis<\/h2> <p>Nasza tablica og\u0142osze\u0144 w formacie HTML to niezwyk\u0142y widget, kt\u00f3ry umo\u017cliwia publikowanie wolnych stanowisk pracy i otrzymywanie CV od kandydat\u00f3w na Twojej stronie w najbardziej przyst\u0119pny spos\u00f3b. Dzi\u0119ki naszemu nowemu narz\u0119dziu b\u0119dziesz m\u00f3g\u0142 ujawnia\u0107 informacje o swojej firmie, publikowa\u0107 informacje o ofertach pracy i zbiera\u0107 CV. Wid\u017cet umo\u017cliwia utworzenie karty pracy ze szczeg\u00f3\u0142owym opisem i przyciskiem Aplikuj. Korzystanie z Portalu Prac Elfsight pozwala usprawni\u0107 proces rekrutacji i uzyska\u0107 odpowiedzi na og\u0142oszenia o prac\u0119 w 1-2-3!. <\/p> <p><b>Szybko tw\u00f3rz najatrakcyjniejsze opisy stanowisk i przyciski CTA, aby zainspirowa\u0107 wi\u0119cej potencjalnych pracownik\u00f3w do wsp\u00f3\u0142pracy z Tob\u0105<\/b><\/p> <\/div> <div class=\"application-platform-content-item-features application-platform-content-item\" id=\"features\" data-nav-section=\"features\"> <h2>Przeanalizuj list\u0119 najwa\u017cniejszych funkcji: <\/h2> <ul><li>Utw\u00f3rz link Aplikuj, aby kierowa\u0107 u\u017cytkownik\u00f3w witryny do strony zawieraj\u0105cej CV<\/li><li>Zaprezentuj oferty pracy w najbardziej atrakcyjny spos\u00f3b<\/li><li>Liczba kart pracy, kt\u00f3re mo\u017cesz doda\u0107, jest nieograniczona<\/li><li>Dodaj liczne szczeg\u00f3\u0142y dotycz\u0105ce stanowiska: wynagrodzenie, wymagane umiej\u0119tno\u015bci i stanowisko<\/li><li>Pozostaw dane kontaktowe: nazwa Twojej firmy nazwa, lokalizacja i dzia\u0142<\/li><\/ul><p><a href=\"#demo\">Odkryj wszystkie funkcje personalizacji w pe\u0142nej wersji demonstracyjnej<\/a><\/p> <\/div> <div class=\"application-platform-content-item-installation application-platform-content-item\" id=\"installation\" data-nav-section=\"installation\"> <h2>Jak mog\u0119 doda\u0107 tablic\u0119 og\u0142osze\u0144 do mojej witryny HTML? <\/h2> <p>Wystarczy wykona\u0107 kroki opisane poni\u017cej, aby zintegrowa\u0107 narz\u0119dzie. <\/p> <ol><li><b>Uruchom nasz darmowy konfigurator i zacznij tworzy\u0107 spersonalizowany widget. <\/b><br> Okre\u015bl preferowany wygl\u0105d i cechy funkcjonalne narz\u0119dzia i zastosuj zmiany. <\/li> <li><b>Odbierz sw\u00f3j osobisty kod ujawniony w specjalnym formularzu w aplikacjach Elfsight. <\/b><br> Zaraz po skonfigurowaniu osobistego narz\u0119dzia skopiuj kod osobisty w wy\u015bwietlonym polu i zapisz go do p\u00f3\u017aniejszego wykorzystania. <\/li> <li><b>Rozpocznij korzystanie z wid\u017cetu w swojej witrynie HTML. <\/b><br> Zintegruj zapisany wcze\u015bniej kod na swojej stronie g\u0142\u00f3wnej i zastosuj modyfikacje. <\/li> <li><b>Gotowe! Osadzanie zosta\u0142o pomy\u015blnie zako\u0144czone. <\/b><br> Wejd\u017a na swoj\u0105 stron\u0119 i sprawd\u017a dzia\u0142anie wtyczki. <\/li><\/ol> <p>W przypadku pyta\u0144 lub problem\u00f3w nie wahaj si\u0119 zwr\u00f3ci\u0107 do naszego personelu obs\u0142ugi klienta. Nasi specjali\u015bci z przyjemno\u015bci\u0105 odpowiedz\u0105 na wszystkie pytania dotycz\u0105ce produktu. <\/p> <div class=\"faq\" data-component=\"FAQ\"><div class=\"faq-item\">\r\n\t\t\t\t\t<div class=\"faq-item-question\">\r\n\t\t\t\t\t\t<h3 class=\"faq-item-question-text\">Czy istnieje spos\u00f3b na dodanie Tablicy Og\u0142osze\u0144 do mojej strony HTML bez umiej\u0119tno\u015bci kodowania?<\/h3>\r\n\r\n\t\t\t\t\t\t<div class=\"faq-item-question-icon\"><\/div>\r\n\t\t\t\t\t<\/div>\r\n\r\n\t\t\t\t\t<div class=\"faq-item-answer\">\r\n\t\t\t\t\t\t<div class=\"faq-item-answer-text\"> <p>Elfsight oferuje rozwi\u0105zanie w chmurze, kt\u00f3re umo\u017cliwia u\u017cytkownikom z sekcji Tablic Og\u0142osze\u0144 samodzielne, dowiedz si\u0119, jak prosty jest ten proces: Rozpocznij prac\u0119 bezpo\u015brednio w wersji demonstracyjnej na \u017cywo, aby utworzy\u0107 wtyczk\u0119 Job Board, kt\u00f3r\u0105 chcesz osadzi\u0107 na swojej stronie internetowej HTML. Wybierz jeden z naszych gotowych szablon\u00f3w i dostosuj ustawienia Tablicy og\u0142oszeniowej, zmie\u0144 uk\u0142ad i kolor element\u00f3w oraz zaktualizuj tre\u015b\u0107 bez kodowania. Zapisz Tablic\u0119 og\u0142osze\u0144 i pobierz kod instalacyjny wtyczki, kt\u00f3ry mo\u017cesz bezp\u0142atnie umie\u015bci\u0107 na stronie HTML. Pracuj\u0105c w naszym intuicyjnym Edytorze, ka\u017cdy u\u017cytkownik Internetu mo\u017ce zbudowa\u0107 sekcj\u0119 Tablica og\u0142osze\u0144 i po prostu wklei\u0107 j\u0105 na stron\u0119 g\u0142\u00f3wn\u0105 HTML. Nie wolno p\u0142aci\u0107 ani wprowadza\u0107 danych uwierzytelniaj\u0105cych karty, aby m\u00f3c skorzysta\u0107 z us\u0142ugi Elfsight. Je\u015bli napotkasz jakiekolwiek problemy, nie wahaj si\u0119 skontaktowa\u0107 z naszym zespo\u0142em pomocy technicznej.<\/p> <\/div>\r\n\t\t\t\t\t<\/div>\r\n\t\t\t\t<\/div> <\/div><\/div><!-- \/wp:html - &gt; \/wp:html -->","protected":false},"excerpt":{"rendered":"","protected":false},"author":9,"featured_media":0,"parent":3397,"menu_order":0,"comment_status":"closed","ping_status":"closed","template":"templates\/template-application-platform.php","meta":{"publish_to_discourse":"","publish_post_category":"","wpdc_auto_publish_overridden":"","wpdc_topic_tags":"","wpdc_pin_topic":"","wpdc_pin_until":"","discourse_post_id":"","discourse_permalink":"","wpdc_publishing_response":"","wpdc_publishing_error":"","footnotes":""},"class_list":["post-5565","page","type-page","status-publish","hentry"],"yoast_head":"<!-- This site is optimized with the Yoast SEO plugin v25.3.1 - https:\/\/yoast.com\/wordpress\/plugins\/seo\/ -->\n<title>Widget HTML Job Board - Dodaj oferty pracy do HTML (2026)<\/title>\n<meta name=\"description\" content=\"Dodaj responsywny wid\u017cet Portalu Pracy na swojej stronie HTML i pozw\u00f3l swoim potencjalnym pracownikom przegl\u0105da\u0107 wolne miejsca pracy!\" \/>\n<meta name=\"robots\" content=\"index, follow, max-snippet:-1, max-image-preview:large, max-video-preview:-1\" \/>\n<link rel=\"canonical\" href=\"https:\/\/elfsight.com\/pl\/job-board-widget\/html\/\" \/>\n<meta property=\"og:locale\" content=\"pl_PL\" \/>\n<meta property=\"og:type\" content=\"article\" \/>\n<meta property=\"og:title\" content=\"Widget HTML Job Board - Dodaj oferty pracy do HTML (2026)\" \/>\n<meta property=\"og:description\" content=\"Dodaj responsywny wid\u017cet Portalu Pracy na swojej stronie HTML i pozw\u00f3l swoim potencjalnym pracownikom przegl\u0105da\u0107 wolne miejsca pracy!\" \/>\n<meta property=\"og:url\" content=\"https:\/\/elfsight.com\/pl\/job-board-widget\/html\/\" \/>\n<meta property=\"og:site_name\" content=\"Elfsight PL\" \/>\n<meta property=\"article:modified_time\" content=\"2025-06-26T15:43:14+00:00\" \/>\n<meta name=\"twitter:card\" content=\"summary_large_image\" \/>\n<meta name=\"twitter:label1\" content=\"Szacowany czas czytania\" \/>\n\t<meta name=\"twitter:data1\" content=\"3 minuty\" \/>\n<!-- \/ Yoast SEO plugin. -->","yoast_head_json":{"title":"Widget HTML Job Board - Dodaj oferty pracy do HTML (2026)","description":"Dodaj responsywny wid\u017cet Portalu Pracy na swojej stronie HTML i pozw\u00f3l swoim potencjalnym pracownikom przegl\u0105da\u0107 wolne miejsca pracy!","robots":{"index":"index","follow":"follow","max-snippet":"max-snippet:-1","max-image-preview":"max-image-preview:large","max-video-preview":"max-video-preview:-1"},"canonical":"https:\/\/elfsight.com\/pl\/job-board-widget\/html\/","og_locale":"pl_PL","og_type":"article","og_title":"Widget HTML Job Board - Dodaj oferty pracy do HTML (2026)","og_description":"Dodaj responsywny wid\u017cet Portalu Pracy na swojej stronie HTML i pozw\u00f3l swoim potencjalnym pracownikom przegl\u0105da\u0107 wolne miejsca pracy!","og_url":"https:\/\/elfsight.com\/pl\/job-board-widget\/html\/","og_site_name":"Elfsight PL","article_modified_time":"2025-06-26T15:43:14+00:00","twitter_card":"summary_large_image","twitter_misc":{"Szacowany czas czytania":"3 minuty"},"schema":{"@context":"https:\/\/schema.org","@graph":[{"@type":"WebPage","@id":"https:\/\/elfsight.com\/pl\/job-board-widget\/html\/","url":"https:\/\/elfsight.com\/pl\/job-board-widget\/html\/","name":"Widget HTML Job Board - Dodaj oferty pracy do HTML (2026)","isPartOf":{"@id":"https:\/\/elfsight.com\/pl\/#website"},"datePublished":"2024-05-03T06:40:08+00:00","dateModified":"2025-06-26T15:43:14+00:00","description":"Dodaj responsywny wid\u017cet Portalu Pracy na swojej stronie HTML i pozw\u00f3l swoim potencjalnym pracownikom przegl\u0105da\u0107 wolne miejsca pracy!","breadcrumb":{"@id":"https:\/\/elfsight.com\/pl\/job-board-widget\/html\/#breadcrumb"},"inLanguage":"pl-PL","potentialAction":[{"@type":"ReadAction","target":["https:\/\/elfsight.com\/pl\/job-board-widget\/html\/"]}]},{"@type":"BreadcrumbList","@id":"https:\/\/elfsight.com\/pl\/job-board-widget\/html\/#breadcrumb","itemListElement":[{"@type":"ListItem","position":1,"name":"Home","item":"https:\/\/elfsight.com\/pl\/"},{"@type":"ListItem","position":2,"name":"Job Board","item":"https:\/\/elfsight.com\/pl\/job-board-widget\/"},{"@type":"ListItem","position":3,"name":"Job Board &#8211; HTML"}]},{"@type":"WebSite","@id":"https:\/\/elfsight.com\/pl\/#website","url":"https:\/\/elfsight.com\/pl\/","name":"Elfsight PL","description":"Just another Elfsight Sites site","potentialAction":[{"@type":"SearchAction","target":{"@type":"EntryPoint","urlTemplate":"https:\/\/elfsight.com\/pl\/?s={search_term_string}"},"query-input":{"@type":"PropertyValueSpecification","valueRequired":true,"valueName":"search_term_string"}}],"inLanguage":"pl-PL"}]}},"meta_box":{"industry":"","seo_heading":"","heading":"","description":"","cta_heading":"","cta_description":"","application":"3355","h1":"Widget HTML Tablica og\u0142osze\u0144","h1_caption":"Utw\u00f3rz tablic\u0119 og\u0142osze\u0144, w kt\u00f3rej mo\u017cesz umieszcza\u0107 og\u0142oszenia o wolnych stanowiskach w swojej witrynie i z \u0142atwo\u015bci\u0105 przyci\u0105gaj potencjalnych kandydat\u00f3w do swojej witryny HTML.","application_category":[],"applications_title":"","applications_request_title":"","applications_request_button_text":"","hero_text":"","hero_video":"","hero_video_schema_markup":"","selling_points_title":"","selling_points_caption":"","selling_points":[],"selling_points_cta_text":"","features_title":"","features":"","ed_cta_examples_text":"","ed_cta_examples_hidden":"","ed_cta_demo_text":"","ed_cta_demo_hidden":"","why_caption":"","why_editor_title":"","why_editor_text":"","why_team_title":"","why_team_text":"","why_service_title":"","why_service_text":"","template_catalog_visible":"0","template_catalog_title":"","template_catalog_text":"","template_catalog_categories_visible":"","demo_title":"Nie wahaj si\u0119 i utw\u00f3rz szyt\u0105 na miar\u0119 tablic\u0119 og\u0142osze\u0144 w formacie HTML","demo_caption":"Spersonalizuj go i zintegruj widget ze swoj\u0105 stron\u0105 g\u0142\u00f3wn\u0105 za pomoc\u0105 demonstracji na \u017cywo.","default_faq_hidden":"","app_template_category":[],"platform":"50","template_public_id":"","codecanyon_url":"","codecanyon_item_id":"","codecanyon_price":"","pricing_caption":"","pricing_elfsight_apps_hide_column":"","pricing_elfsight_apps_url":"","pricing_codecanyon_price_caption":"","integration_category":[],"integration_request_title":"","integration_request_cta":"","integration_platform":"","integrations":[],"platform_category":[],"video_schema_markup":"","price":"od 0 USD \/ miesi\u0105c","trial":"","benefits":[{"text":"Bezp\u0142atna pomoc w instalacji"},{"text":"Do\u015bwiadczona obs\u0142uga klienta"},{"text":"14-dniowa gwarancja zwrotu pieni\u0119dzy"}],"button_url":"#demo","button_target_blank":"0","button_nofollow":"0","attributes":[{"name":"Instaluje"},{"name":"Czu\u0142y"},{"name":"Kompatybilne przegl\u0105darki"}],"tags":[],"tags_disable_links":"0","hide_more_platforms":"0","video_object":"","demo_hide_cta":"0","demo_hide_cloud_options":"0","pricing_title":"","pricing":[{"pricing_icon":"platform","pricing_title":"Elfsight Apps","pricing_title_caption":"Rozwi\u0105zanie wieloplatformowe, kt\u00f3re pasuje do ka\u017cdej witryny internetowej","pricing_price":"od 0 USD \/ miesi\u0105c","pricing_price_caption":"zacznij od bezp\u0142atnego planu","pricing_benefits":[{"text":"Nielimitowane strony internetowe"},{"text":"Wsparcie premium, terminowe i dobrze udokumentowane"},{"text":"Bezp\u0142atna us\u0142uga monta\u017cu"},{"text":"Elastyczny projekt"}],"pricing_button_text":"Dodaj do witryny","pricing_button_url":"#demo"}],"related_apps_title":"","related_apps_hidden":"0","author":"","image":[],"title":"","job":"","social_networks":[]},"_links":{"self":[{"href":"https:\/\/elfsight.com\/pl\/wp-json\/wp\/v2\/pages\/5565","targetHints":{"allow":["GET"]}}],"collection":[{"href":"https:\/\/elfsight.com\/pl\/wp-json\/wp\/v2\/pages"}],"about":[{"href":"https:\/\/elfsight.com\/pl\/wp-json\/wp\/v2\/types\/page"}],"author":[{"embeddable":true,"href":"https:\/\/elfsight.com\/pl\/wp-json\/wp\/v2\/users\/9"}],"replies":[{"embeddable":true,"href":"https:\/\/elfsight.com\/pl\/wp-json\/wp\/v2\/comments?post=5565"}],"version-history":[{"count":2,"href":"https:\/\/elfsight.com\/pl\/wp-json\/wp\/v2\/pages\/5565\/revisions"}],"predecessor-version":[{"id":10599,"href":"https:\/\/elfsight.com\/pl\/wp-json\/wp\/v2\/pages\/5565\/revisions\/10599"}],"up":[{"embeddable":true,"href":"https:\/\/elfsight.com\/pl\/wp-json\/wp\/v2\/pages\/3397"}],"wp:attachment":[{"href":"https:\/\/elfsight.com\/pl\/wp-json\/wp\/v2\/media?parent=5565"}],"curies":[{"name":"wp","href":"https:\/\/api.w.org\/{rel}","templated":true}]}}