{"id":5558,"date":"2024-05-03T06:40:05","date_gmt":"2024-05-03T06:40:05","guid":{"rendered":"https:\/\/elfsight.com\/pl\/?page_id=5558"},"modified":"2025-06-26T15:44:52","modified_gmt":"2025-06-26T15:44:52","slug":"shopify","status":"publish","type":"page","link":"https:\/\/elfsight.com\/pl\/job-board-widget\/shopify\/","title":{"rendered":"Job Board &#8211; Shopify"},"content":{"rendered":"<div class=\"application-platform-content-item-description application-platform-content-item\" id=\"description\" data-nav-section=\"description\">\n<h2>Osad\u017a tablic\u0119 og\u0142osze\u0144 w Shopify za pomoc\u0105 wid\u017cetu Elfsight<\/h2>\n<p>Tablica ofert pracy Elfsight dla Shopify to niezwyk\u0142e narz\u0119dzie daj\u0105ce Ci mo\u017cliwo\u015bci aby w najprostszy spos\u00f3b publikowa\u0107 oferty pracy i zbiera\u0107 CV od kandydat\u00f3w na swojej stronie internetowej. Dzi\u0119ki naszemu nowemu wid\u017cetowi b\u0119dziesz m\u00f3g\u0142 ujawni\u0107 swoj\u0105 firm\u0119, opublikowa\u0107 informacje o wolnych stanowiskach pracy i otrzyma\u0107 CV. Widget umo\u017cliwia utworzenie karty pracy wraz ze szczeg\u00f3\u0142owym opisem i przyciskiem Aplikuj. Korzystanie z Portalu Prac Elfsight pozwala jednym klikni\u0119ciem usprawni\u0107 proces rekrutacji i uzyska\u0107 odpowiedzi na oferty pracy.<\/p>\n<p><b>Szybko tw\u00f3rz najbardziej atrakcyjne oferty pracy i wezwania do dzia\u0142ania, aby zmotywowa\u0107 wi\u0119cej potencjalnych pracownik\u00f3w do wsp\u00f3\u0142pracy z Tob\u0105.<\/b><\/p>\n<\/div>\n\n<div class=\"application-platform-content-item-features application-platform-content-item\" id=\"features\" data-nav-section=\"features\">\n<h2>Oto podstawowe funkcje aplikacji:<\/h2>\n<ul>\n    <li>Wstaw link Aplikuj, aby skierowa\u0107 potencjalnych kandydat\u00f3w na stron\u0119 zawieraj\u0105c\u0105 CV<\/li>\n    <li>Zaprezentuj oferty pracy w najbardziej fascynuj\u0105cych miejscach spos\u00f3b<\/li>\n    <li>Dodaj dowoln\u0105 liczb\u0119 ofert pracy<\/li>\n    <li>Dodaj informacje o stanowisku: wymagane umiej\u0119tno\u015bci, wynagrodzenie i stanowisko<\/li>\n    <li>Podaj informacje o swojej firmie: lokalizacj\u0119, dzia\u0142 i jego nazw\u0119<\/li>\n<\/ul>\n<p><a href=\"#demo\">Pe\u0142n\u0105 funkcjonalno\u015b\u0107 aplikacji mo\u017cesz sprawdzi\u0107 w wersji demonstracyjnej<\/a><\/p>\n<\/div>\n\n<div class=\"application-platform-content-item-installation application-platform-content-item\" id=\"installation\" data-nav-section=\"installation\">\n<h2>Jak mog\u0119 osadzi\u0107 tablic\u0119 og\u0142osze\u0144 w mojej witrynie Shopify?<\/h2>\n<p>Wystarczy wykona\u0107 kilka krok\u00f3w przedstawionych poni\u017cej, aby rozpocz\u0105\u0107 prac\u0119 z aplikacj\u0105.<\/p>\n<ol>\n    <li><b>Skorzystaj z naszej bezp\u0142atnej wersji demonstracyjnej i zacznij tworzy\u0107 w\u0142asn\u0105 aplikacj\u0119. <\/b><br> Okre\u015bl wybrany wygl\u0105d i aspekty wtyczki oraz zastosuj zmiany. <\/li>\n    <li><b>Odbierz unikalny kod wy\u015bwietlony w oknie aplikacji Elfsight. <\/b><br> Zaraz po zako\u0144czeniu tworzenia osobistego wid\u017cetu skopiuj ekskluzywny kod w wy\u015bwietlonym oknie i zapisz go do wykorzystania w przysz\u0142o\u015bci. <\/li>\n    <li><b>Wejd\u017a do korzystania z aplikacji na swojej stronie Shopify. <\/b><br> Zaimplementuj skopiowany wcze\u015bniej kod na swojej stronie internetowej i zapisz zmiany. <\/li>\n    <li><b>Instalacja zosta\u0142a pomy\u015blnie uko\u0144czona. <\/b><br> Przejd\u017a na swoj\u0105 stron\u0119, aby zobaczy\u0107 dzia\u0142anie aplikacji. <\/li>\n<\/ol>\n<p>Je\u015bli napotkasz przeszkody, skontaktuj si\u0119 z naszym personelem pomocniczym. Nasi specjali\u015bci ch\u0119tnie pomog\u0105 Ci we wszystkich problemach, jakie mo\u017cesz mie\u0107 z narz\u0119dziem.<\/p>\n<div class=\"faq\" data-component=\"FAQ\">\n    <div class=\"faq-item\">\r\n\t\t\t\t\t<div class=\"faq-item-question\">\r\n\t\t\t\t\t\t<h3 class=\"faq-item-question-text\">Jak mog\u0119 doda\u0107 tablic\u0119 og\u0142osze\u0144 do mojej witryny Shopify bez umiej\u0119tno\u015bci kodowania?<\/h3>\r\n\r\n\t\t\t\t\t\t<div class=\"faq-item-question-icon\"><\/div>\r\n\t\t\t\t\t<\/div>\r\n\r\n\t\t\t\t\t<div class=\"faq-item-answer\">\r\n\t\t\t\t\t\t<div class=\"faq-item-answer-text\">\n    <p>Elfsight zapewnia rozwi\u0105zanie SaaS, kt\u00f3re pozwala samodzielnie utworzy\u0107 wid\u017cet tablicy og\u0142osze\u0144. Zobacz, jakie to proste proces jest nast\u0119puj\u0105cy: Pracuj bezpo\u015brednio w edytorze online, aby utworzy\u0107 wid\u017cet tablicy og\u0142osze\u0144, kt\u00f3ry chcesz zobaczy\u0107 w swojej witrynie Shopify. Wybierz jeden z gotowych szablon\u00f3w i dostosuj ustawienia tablicy og\u0142osze\u0144, dodaj tre\u015b\u0107, zmie\u0144 uk\u0142ad i kolory bez umiej\u0119tno\u015bci kodowania. Zapisz Tablic\u0119 ofert pracy i skopiuj jej kod instalacyjny, kt\u00f3ry mo\u017cesz po prostu wklei\u0107 na swojej stronie Shopify bez konieczno\u015bci kupowania p\u0142atnego planu. Dzi\u0119ki naszemu intuicyjnemu edytorowi ka\u017cdy u\u017cytkownik Internetu mo\u017ce utworzy\u0107 wid\u017cet Tablica og\u0142osze\u0144 online i \u0142atwo osadzi\u0107 go na swojej stronie internetowej Shopify. Aby uzyska\u0107 dost\u0119p do us\u0142ugi, nie trzeba p\u0142aci\u0107 ani wprowadza\u0107 danych uwierzytelniaj\u0105cych karty. Je\u015bli na kt\u00f3rymkolwiek etapie napotkasz jakiekolwiek problemy, skontaktuj si\u0119 z naszym zespo\u0142em pomocy technicznej.<\/p>\n    <\/div>\r\n\t\t\t\t\t<\/div>\r\n\t\t\t\t<\/div>\n<\/div>\n<\/div>","protected":false},"excerpt":{"rendered":"","protected":false},"author":9,"featured_media":0,"parent":3397,"menu_order":0,"comment_status":"closed","ping_status":"closed","template":"templates\/template-application-platform.php","meta":{"publish_to_discourse":"","publish_post_category":"","wpdc_auto_publish_overridden":"","wpdc_topic_tags":"","wpdc_pin_topic":"","wpdc_pin_until":"","discourse_post_id":"","discourse_permalink":"","wpdc_publishing_response":"","wpdc_publishing_error":"","footnotes":""},"class_list":["post-5558","page","type-page","status-publish","hentry"],"yoast_head":"<!-- This site is optimized with the Yoast SEO plugin v25.3.1 - https:\/\/yoast.com\/wordpress\/plugins\/seo\/ -->\n<title>Aplikacja Shopify Job Board \u2014 dodawaj oferty pracy do Shopify (2025)<\/title>\n<meta name=\"description\" content=\"Umie\u015b\u0107 responsywn\u0105 aplikacj\u0119 Tablica og\u0142osze\u0144 na swojej stronie Shopify i pozw\u00f3l swoim potencjalnym pracownikom zobaczy\u0107 otwarte oferty pracy!\" \/>\n<meta name=\"robots\" content=\"index, follow, max-snippet:-1, max-image-preview:large, max-video-preview:-1\" \/>\n<link rel=\"canonical\" href=\"https:\/\/elfsight.com\/pl\/job-board-widget\/shopify\/\" \/>\n<meta property=\"og:locale\" content=\"pl_PL\" \/>\n<meta property=\"og:type\" content=\"article\" \/>\n<meta property=\"og:title\" content=\"Aplikacja Shopify Job Board \u2014 dodawaj oferty pracy do Shopify (2025)\" \/>\n<meta property=\"og:description\" content=\"Umie\u015b\u0107 responsywn\u0105 aplikacj\u0119 Tablica og\u0142osze\u0144 na swojej stronie Shopify i pozw\u00f3l swoim potencjalnym pracownikom zobaczy\u0107 otwarte oferty pracy!\" \/>\n<meta property=\"og:url\" content=\"https:\/\/elfsight.com\/pl\/job-board-widget\/shopify\/\" \/>\n<meta property=\"og:site_name\" content=\"Elfsight PL\" \/>\n<meta property=\"article:modified_time\" content=\"2025-06-26T15:44:52+00:00\" \/>\n<meta name=\"twitter:card\" content=\"summary_large_image\" \/>\n<meta name=\"twitter:label1\" content=\"Szacowany czas czytania\" \/>\n\t<meta name=\"twitter:data1\" content=\"3 minuty\" \/>\n<!-- \/ Yoast SEO plugin. -->","yoast_head_json":{"title":"Aplikacja Shopify Job Board \u2014 dodawaj oferty pracy do Shopify (2025)","description":"Umie\u015b\u0107 responsywn\u0105 aplikacj\u0119 Tablica og\u0142osze\u0144 na swojej stronie Shopify i pozw\u00f3l swoim potencjalnym pracownikom zobaczy\u0107 otwarte oferty pracy!","robots":{"index":"index","follow":"follow","max-snippet":"max-snippet:-1","max-image-preview":"max-image-preview:large","max-video-preview":"max-video-preview:-1"},"canonical":"https:\/\/elfsight.com\/pl\/job-board-widget\/shopify\/","og_locale":"pl_PL","og_type":"article","og_title":"Aplikacja Shopify Job Board \u2014 dodawaj oferty pracy do Shopify (2025)","og_description":"Umie\u015b\u0107 responsywn\u0105 aplikacj\u0119 Tablica og\u0142osze\u0144 na swojej stronie Shopify i pozw\u00f3l swoim potencjalnym pracownikom zobaczy\u0107 otwarte oferty pracy!","og_url":"https:\/\/elfsight.com\/pl\/job-board-widget\/shopify\/","og_site_name":"Elfsight PL","article_modified_time":"2025-06-26T15:44:52+00:00","twitter_card":"summary_large_image","twitter_misc":{"Szacowany czas czytania":"3 minuty"},"schema":{"@context":"https:\/\/schema.org","@graph":[{"@type":"WebPage","@id":"https:\/\/elfsight.com\/pl\/job-board-widget\/shopify\/","url":"https:\/\/elfsight.com\/pl\/job-board-widget\/shopify\/","name":"Aplikacja Shopify Job Board \u2014 dodawaj oferty pracy do Shopify (2025)","isPartOf":{"@id":"https:\/\/elfsight.com\/pl\/#website"},"datePublished":"2024-05-03T06:40:05+00:00","dateModified":"2025-06-26T15:44:52+00:00","description":"Umie\u015b\u0107 responsywn\u0105 aplikacj\u0119 Tablica og\u0142osze\u0144 na swojej stronie Shopify i pozw\u00f3l swoim potencjalnym pracownikom zobaczy\u0107 otwarte oferty pracy!","breadcrumb":{"@id":"https:\/\/elfsight.com\/pl\/job-board-widget\/shopify\/#breadcrumb"},"inLanguage":"pl-PL","potentialAction":[{"@type":"ReadAction","target":["https:\/\/elfsight.com\/pl\/job-board-widget\/shopify\/"]}]},{"@type":"BreadcrumbList","@id":"https:\/\/elfsight.com\/pl\/job-board-widget\/shopify\/#breadcrumb","itemListElement":[{"@type":"ListItem","position":1,"name":"Home","item":"https:\/\/elfsight.com\/pl\/"},{"@type":"ListItem","position":2,"name":"Job Board","item":"https:\/\/elfsight.com\/pl\/job-board-widget\/"},{"@type":"ListItem","position":3,"name":"Job Board &#8211; Shopify"}]},{"@type":"WebSite","@id":"https:\/\/elfsight.com\/pl\/#website","url":"https:\/\/elfsight.com\/pl\/","name":"Elfsight PL","description":"Just another Elfsight Sites site","potentialAction":[{"@type":"SearchAction","target":{"@type":"EntryPoint","urlTemplate":"https:\/\/elfsight.com\/pl\/?s={search_term_string}"},"query-input":{"@type":"PropertyValueSpecification","valueRequired":true,"valueName":"search_term_string"}}],"inLanguage":"pl-PL"}]}},"meta_box":{"industry":"","seo_heading":"","heading":"","description":"","cta_heading":"","cta_description":"","application":"3355","h1":"Aplikacja Shopify Tablica og\u0142osze\u0144","h1_caption":"Utw\u00f3rz tablic\u0119 og\u0142osze\u0144, w kt\u00f3rej mo\u017cesz umieszcza\u0107 og\u0142oszenia o wolnych stanowiskach w swojej witrynie i z \u0142atwo\u015bci\u0105 przyci\u0105gaj potencjalnych kandydat\u00f3w do swojej witryny Shopify.","application_category":[],"applications_title":"","applications_request_title":"","applications_request_button_text":"","hero_text":"","hero_video":"","hero_video_schema_markup":"","selling_points_title":"","selling_points_caption":"","selling_points":[],"selling_points_cta_text":"","features_title":"","features":"","ed_cta_examples_text":"","ed_cta_examples_hidden":"","ed_cta_demo_text":"","ed_cta_demo_hidden":"","why_caption":"","why_editor_title":"","why_editor_text":"","why_team_title":"","why_team_text":"","why_service_title":"","why_service_text":"","template_catalog_visible":"0","template_catalog_title":"","template_catalog_text":"","template_catalog_categories_visible":"","demo_title":"Nie wahaj si\u0119 i utw\u00f3rz w\u0142asn\u0105 tablic\u0119 og\u0142osze\u0144 Shopify","demo_caption":"Spersonalizuj go i zintegruj aplikacj\u0119 ze swoj\u0105 stron\u0105 za pomoc\u0105 wersji demonstracyjnej.","default_faq_hidden":"","app_template_category":[],"platform":"7580","template_public_id":"","codecanyon_url":"","codecanyon_item_id":"","codecanyon_price":"","pricing_caption":"","pricing_elfsight_apps_hide_column":"","pricing_elfsight_apps_url":"","pricing_codecanyon_price_caption":"","integration_category":[],"integration_request_title":"","integration_request_cta":"","integration_platform":"","integrations":[],"platform_category":[],"video_schema_markup":"","price":"od 0 USD \/ miesi\u0105c","trial":"","benefits":[{"text":"Bezp\u0142atna pomoc w instalacji"},{"text":"Do\u015bwiadczona obs\u0142uga klienta"},{"text":"14-dniowa gwarancja zwrotu pieni\u0119dzy"}],"button_url":"#demo","button_target_blank":"0","button_nofollow":"0","attributes":[{"name":"Instaluje"},{"name":"Czu\u0142y"},{"name":"Kompatybilne przegl\u0105darki"}],"tags":[],"tags_disable_links":"0","hide_more_platforms":"0","video_object":"","demo_hide_cta":"0","demo_hide_cloud_options":"0","pricing_title":"","pricing":[{"pricing_icon":"platform","pricing_title":"Elfsight Apps","pricing_title_caption":"Wersja wieloplatformowa","pricing_price":"od 0 USD \/ miesi\u0105c","pricing_price_caption":"zacznij od bezp\u0142atnego planu","pricing_benefits":[{"text":"Nielimitowane strony internetowe"},{"text":"Szybka i terminowa pomoc oraz dobrze udokumentowana"},{"text":"Bezp\u0142atna us\u0142uga monta\u017cu"},{"text":"Elastyczny projekt"}],"pricing_button_text":"Dodaj do witryny","pricing_button_url":"#demo"}],"related_apps_title":"","related_apps_hidden":"0","author":"","image":[],"title":"","job":"","social_networks":[]},"_links":{"self":[{"href":"https:\/\/elfsight.com\/pl\/wp-json\/wp\/v2\/pages\/5558","targetHints":{"allow":["GET"]}}],"collection":[{"href":"https:\/\/elfsight.com\/pl\/wp-json\/wp\/v2\/pages"}],"about":[{"href":"https:\/\/elfsight.com\/pl\/wp-json\/wp\/v2\/types\/page"}],"author":[{"embeddable":true,"href":"https:\/\/elfsight.com\/pl\/wp-json\/wp\/v2\/users\/9"}],"replies":[{"embeddable":true,"href":"https:\/\/elfsight.com\/pl\/wp-json\/wp\/v2\/comments?post=5558"}],"version-history":[{"count":2,"href":"https:\/\/elfsight.com\/pl\/wp-json\/wp\/v2\/pages\/5558\/revisions"}],"predecessor-version":[{"id":10600,"href":"https:\/\/elfsight.com\/pl\/wp-json\/wp\/v2\/pages\/5558\/revisions\/10600"}],"up":[{"embeddable":true,"href":"https:\/\/elfsight.com\/pl\/wp-json\/wp\/v2\/pages\/3397"}],"wp:attachment":[{"href":"https:\/\/elfsight.com\/pl\/wp-json\/wp\/v2\/media?parent=5558"}],"curies":[{"name":"wp","href":"https:\/\/api.w.org\/{rel}","templated":true}]}}