{"id":5557,"date":"2024-05-03T06:40:04","date_gmt":"2024-05-03T06:40:04","guid":{"rendered":"https:\/\/elfsight.com\/pl\/?page_id=5557"},"modified":"2025-06-26T15:45:40","modified_gmt":"2025-06-26T15:45:40","slug":"squarespace","status":"publish","type":"page","link":"https:\/\/elfsight.com\/pl\/job-board-widget\/squarespace\/","title":{"rendered":"Job Board &#8211; Squarespace"},"content":{"rendered":"<div class=\"application-platform-content-item-description application-platform-content-item\" id=\"description\" data-nav-section=\"description\">\n<h2>Osad\u017a tablic\u0119 og\u0142osze\u0144 w Squarespace za pomoc\u0105 wid\u017cetu Elfsight<\/h2>\n<p>Tablica ofert pracy Elfsight dla Squarespace to imponuj\u0105ca wtyczka umo\u017cliwiaj\u0105ca ujawnianie otwieraj oferty pracy i otrzymuj CV od kandydat\u00f3w na swojej stronie internetowej w najprostszy spos\u00f3b. Dzi\u0119ki naszemu nowemu narz\u0119dziu b\u0119dziesz m\u00f3g\u0142 ujawni\u0107 informacje o swojej firmie, opublikowa\u0107 informacje o ofertach pracy i otrzyma\u0107 CV. Wid\u017cet umo\u017cliwia utworzenie karty pracy ze szczeg\u00f3\u0142owym opisem i przyciskiem Aplikuj. Korzystanie z Portalu Prac Elfsight pozwala upro\u015bci\u0107 proces rekrutacji i uzyska\u0107 odpowiedzi na og\u0142oszenia o prac\u0119 jednym klikni\u0119ciem.<\/p>\n<p><b>Szybko tw\u00f3rz najbardziej atrakcyjne oferty pracy i przyciski CTA, aby zainspirowa\u0107 wi\u0119cej potencjalnych pracownik\u00f3w do wsp\u00f3\u0142pracy z Tob\u0105.<\/b><\/p>\n<\/div>\n\n<div class=\"application-platform-content-item-features application-platform-content-item\" id=\"features\" data-nav-section=\"features\">\n<h2>Widget oferuje praktyczne i nieskomplikowane funkcje, sprawd\u017a niekt\u00f3re z nich:<\/h2>\n<ul>\n    <li>Utw\u00f3rz link Aplikuj, kt\u00f3ry przekieruje u\u017cytkownik\u00f3w serwisu do strony zbieraj\u0105cej CV<\/li>\n    <li>Prezentuj oferty pracy w najbardziej szczeg\u00f3\u0142owy spos\u00f3b<\/li>\n    <li>Dodaj dowoln\u0105 liczb\u0119 stanowisk<\/li>\n    <li>Dodaj informacje o stanowisku: wynagrodzenie, stanowisko i wymagane umiej\u0119tno\u015bci<\/li>\n    <li>Podaj informacje o swoim firma: dzia\u0142, jego nazwa i lokalizacja<\/li>\n<\/ul>\n<p><a href=\"#demo\">Wystarczy sprawdzi\u0107 t\u0119 wersj\u0119 demonstracyjn\u0105, aby zrozumie\u0107 funkcjonalno\u015b\u0107 wtyczki<\/a><\/p>\n<\/div>\n\n<div class=\"application-platform-content-item-installation application-platform-content-item\" id=\"installation\" data-nav-section=\"installation\">\n<h2>Jak doda\u0107 tablic\u0119 og\u0142osze\u0144 do mojej strony internetowej Squarespace?<\/h2>\n<p>Wystarczy wykona\u0107 poni\u017csze kroki, aby rozpocz\u0105\u0107 korzystanie z wtyczki.<\/p>\n<ol>\n    <li><b>Skorzystaj z naszego bezp\u0142atnego konfiguratora i zacznij tworzy\u0107 swoj\u0105 spersonalizowan\u0105 wtyczk\u0119. <\/b><br> Okre\u015bl wybrany wygl\u0105d i cechy funkcjonalne narz\u0119dzia oraz zastosuj modyfikacje. <\/li>\n    <li><b>Zdob\u0105d\u017a indywidualny kod widoczny w oknie aplikacji Elfsight. <\/b><br> Zaraz po zako\u0144czeniu konfiguracji wid\u017cetu skopiuj ekskluzywny kod z wy\u015bwietlonego pola i zachowaj go na p\u00f3\u017aniej. <\/li>\n    <li><b>Rozpocznij stosowanie narz\u0119dzia w swojej witrynie Squarespace. <\/b><br> Wstaw zapisany wcze\u015bniej kod na swoj\u0105 stron\u0119 internetow\u0105 i zapisz zmiany. <\/li>\n    <li><b>Gotowe! Konfiguracja zosta\u0142a pomy\u015blnie przeprowadzona. <\/b><br> Przejd\u017a na swoj\u0105 stron\u0119 i sprawd\u017a dzia\u0142anie wtyczki. <\/li>\n<\/ol>\n<p>Je\u015bli masz do czynienia z zapytaniami lub napotykasz trudno\u015bci, nie wahaj si\u0119 skontaktowa\u0107 z naszym zespo\u0142em obs\u0142ugi klienta. Nasi ludzie ch\u0119tnie pomog\u0105 Ci we wszystkich trudno\u015bciach, jakie mo\u017cesz mie\u0107 z wtyczk\u0105.<\/p>\n<div class=\"faq\" data-component=\"FAQ\">\n    <div class=\"faq-item\">\r\n\t\t\t\t\t<div class=\"faq-item-question\">\r\n\t\t\t\t\t\t<h3 class=\"faq-item-question-text\">Jak mog\u0119 doda\u0107 tablic\u0119 og\u0142osze\u0144 do mojej witryny Squarespace bez umiej\u0119tno\u015bci kodowania?<\/h3>\r\n\r\n\t\t\t\t\t\t<div class=\"faq-item-question-icon\"><\/div>\r\n\t\t\t\t\t<\/div>\r\n\r\n\t\t\t\t\t<div class=\"faq-item-answer\">\r\n\t\t\t\t\t\t<div class=\"faq-item-answer-text\">\n    <p>Elfsight zapewnia rozwi\u0105zanie SaaS, kt\u00f3re pozwala samodzielnie utworzy\u0107 wid\u017cet tablicy og\u0142osze\u0144. Zobacz, jakie to proste proces jest nast\u0119puj\u0105cy: Pracuj bezpo\u015brednio w edytorze online, aby utworzy\u0107 wid\u017cet tablicy og\u0142osze\u0144, kt\u00f3ry chcesz zobaczy\u0107 na swojej stronie internetowej Squarespace. Wybierz jeden z gotowych szablon\u00f3w i dostosuj ustawienia tablicy og\u0142osze\u0144, dodaj tre\u015b\u0107, zmie\u0144 uk\u0142ad i kolory bez umiej\u0119tno\u015bci kodowania. Zapisz tablic\u0119 og\u0142osze\u0144 i skopiuj jej kod instalacyjny, kt\u00f3ry mo\u017cesz bez problemu umie\u015bci\u0107 na swojej stronie Squarespace bez konieczno\u015bci kupowania p\u0142atnego planu. Dzi\u0119ki naszemu intuicyjnemu edytorowi ka\u017cdy u\u017cytkownik Internetu mo\u017ce utworzy\u0107 wid\u017cet Tablicy og\u0142osze\u0144 online i \u0142atwo osadzi\u0107 go na swojej stronie internetowej Squarespace. Aby uzyska\u0107 dost\u0119p do us\u0142ugi, nie trzeba p\u0142aci\u0107 ani wprowadza\u0107 danych uwierzytelniaj\u0105cych karty. Je\u015bli na kt\u00f3rymkolwiek etapie napotkasz jakiekolwiek problemy, skontaktuj si\u0119 z naszym zespo\u0142em pomocy technicznej.<\/p>\n    <\/div>\r\n\t\t\t\t\t<\/div>\r\n\t\t\t\t<\/div>\n<\/div>\n<\/div>","protected":false},"excerpt":{"rendered":"","protected":false},"author":9,"featured_media":0,"parent":3397,"menu_order":0,"comment_status":"closed","ping_status":"closed","template":"templates\/template-application-platform.php","meta":{"publish_to_discourse":"","publish_post_category":"","wpdc_auto_publish_overridden":"","wpdc_topic_tags":"","wpdc_pin_topic":"","wpdc_pin_until":"","discourse_post_id":"","discourse_permalink":"","wpdc_publishing_response":"","wpdc_publishing_error":"","footnotes":""},"class_list":["post-5557","page","type-page","status-publish","hentry"],"yoast_head":"<!-- This site is optimized with the Yoast SEO plugin v25.3.1 - https:\/\/yoast.com\/wordpress\/plugins\/seo\/ -->\n<title>Squarespace Job Board - Dodaj oferty pracy do Squarespace (2025)<\/title>\n<meta name=\"description\" content=\"Dodaj responsywn\u0105 wtyczk\u0119 Job Board na swojej stronie Squarespace i pozw\u00f3l swoim potencjalnym pracownikom przegl\u0105da\u0107 otwarte oferty pracy!\" \/>\n<meta name=\"robots\" content=\"index, follow, max-snippet:-1, max-image-preview:large, max-video-preview:-1\" \/>\n<link rel=\"canonical\" href=\"https:\/\/elfsight.com\/pl\/job-board-widget\/squarespace\/\" \/>\n<meta property=\"og:locale\" content=\"pl_PL\" \/>\n<meta property=\"og:type\" content=\"article\" \/>\n<meta property=\"og:title\" content=\"Squarespace Job Board - Dodaj oferty pracy do Squarespace (2025)\" \/>\n<meta property=\"og:description\" content=\"Dodaj responsywn\u0105 wtyczk\u0119 Job Board na swojej stronie Squarespace i pozw\u00f3l swoim potencjalnym pracownikom przegl\u0105da\u0107 otwarte oferty pracy!\" \/>\n<meta property=\"og:url\" content=\"https:\/\/elfsight.com\/pl\/job-board-widget\/squarespace\/\" \/>\n<meta property=\"og:site_name\" content=\"Elfsight PL\" \/>\n<meta property=\"article:modified_time\" content=\"2025-06-26T15:45:40+00:00\" \/>\n<meta name=\"twitter:card\" content=\"summary_large_image\" \/>\n<meta name=\"twitter:label1\" content=\"Szacowany czas czytania\" \/>\n\t<meta name=\"twitter:data1\" content=\"3 minuty\" \/>\n<!-- \/ Yoast SEO plugin. -->","yoast_head_json":{"title":"Squarespace Job Board - Dodaj oferty pracy do Squarespace (2025)","description":"Dodaj responsywn\u0105 wtyczk\u0119 Job Board na swojej stronie Squarespace i pozw\u00f3l swoim potencjalnym pracownikom przegl\u0105da\u0107 otwarte oferty pracy!","robots":{"index":"index","follow":"follow","max-snippet":"max-snippet:-1","max-image-preview":"max-image-preview:large","max-video-preview":"max-video-preview:-1"},"canonical":"https:\/\/elfsight.com\/pl\/job-board-widget\/squarespace\/","og_locale":"pl_PL","og_type":"article","og_title":"Squarespace Job Board - Dodaj oferty pracy do Squarespace (2025)","og_description":"Dodaj responsywn\u0105 wtyczk\u0119 Job Board na swojej stronie Squarespace i pozw\u00f3l swoim potencjalnym pracownikom przegl\u0105da\u0107 otwarte oferty pracy!","og_url":"https:\/\/elfsight.com\/pl\/job-board-widget\/squarespace\/","og_site_name":"Elfsight PL","article_modified_time":"2025-06-26T15:45:40+00:00","twitter_card":"summary_large_image","twitter_misc":{"Szacowany czas czytania":"3 minuty"},"schema":{"@context":"https:\/\/schema.org","@graph":[{"@type":"WebPage","@id":"https:\/\/elfsight.com\/pl\/job-board-widget\/squarespace\/","url":"https:\/\/elfsight.com\/pl\/job-board-widget\/squarespace\/","name":"Squarespace Job Board - Dodaj oferty pracy do Squarespace (2025)","isPartOf":{"@id":"https:\/\/elfsight.com\/pl\/#website"},"datePublished":"2024-05-03T06:40:04+00:00","dateModified":"2025-06-26T15:45:40+00:00","description":"Dodaj responsywn\u0105 wtyczk\u0119 Job Board na swojej stronie Squarespace i pozw\u00f3l swoim potencjalnym pracownikom przegl\u0105da\u0107 otwarte oferty pracy!","breadcrumb":{"@id":"https:\/\/elfsight.com\/pl\/job-board-widget\/squarespace\/#breadcrumb"},"inLanguage":"pl-PL","potentialAction":[{"@type":"ReadAction","target":["https:\/\/elfsight.com\/pl\/job-board-widget\/squarespace\/"]}]},{"@type":"BreadcrumbList","@id":"https:\/\/elfsight.com\/pl\/job-board-widget\/squarespace\/#breadcrumb","itemListElement":[{"@type":"ListItem","position":1,"name":"Home","item":"https:\/\/elfsight.com\/pl\/"},{"@type":"ListItem","position":2,"name":"Job Board","item":"https:\/\/elfsight.com\/pl\/job-board-widget\/"},{"@type":"ListItem","position":3,"name":"Job Board &#8211; Squarespace"}]},{"@type":"WebSite","@id":"https:\/\/elfsight.com\/pl\/#website","url":"https:\/\/elfsight.com\/pl\/","name":"Elfsight PL","description":"Just another Elfsight Sites site","potentialAction":[{"@type":"SearchAction","target":{"@type":"EntryPoint","urlTemplate":"https:\/\/elfsight.com\/pl\/?s={search_term_string}"},"query-input":{"@type":"PropertyValueSpecification","valueRequired":true,"valueName":"search_term_string"}}],"inLanguage":"pl-PL"}]}},"meta_box":{"industry":"","seo_heading":"","heading":"","description":"","cta_heading":"","cta_description":"","application":"3355","h1":"Wtyczka Squarespace Job Board","h1_caption":"Utw\u00f3rz tablic\u0119 og\u0142osze\u0144, w kt\u00f3rej mo\u017cesz umieszcza\u0107 og\u0142oszenia o wolnych stanowiskach w swojej witrynie i z \u0142atwo\u015bci\u0105 przyci\u0105gaj potencjalnych kandydat\u00f3w do swojej witryny Squarespace.","application_category":[],"applications_title":"","applications_request_title":"","applications_request_button_text":"","hero_text":"","hero_video":"","hero_video_schema_markup":"","selling_points_title":"","selling_points_caption":"","selling_points":[],"selling_points_cta_text":"","features_title":"","features":"","ed_cta_examples_text":"","ed_cta_examples_hidden":"","ed_cta_demo_text":"","ed_cta_demo_hidden":"","why_caption":"","why_editor_title":"","why_editor_text":"","why_team_title":"","why_team_text":"","why_service_title":"","why_service_text":"","template_catalog_visible":"0","template_catalog_title":"","template_catalog_text":"","template_catalog_categories_visible":"","demo_title":"\u015amia\u0142o, utw\u00f3rz spersonalizowan\u0105 tablic\u0119 og\u0142osze\u0144 Squarespace","demo_caption":"Dostosuj go i dodaj wtyczk\u0119 na swojej stronie za pomoc\u0105 wersji demonstracyjnej na \u017cywo.","default_faq_hidden":"","app_template_category":[],"platform":"7588","template_public_id":"","codecanyon_url":"","codecanyon_item_id":"","codecanyon_price":"","pricing_caption":"","pricing_elfsight_apps_hide_column":"","pricing_elfsight_apps_url":"","pricing_codecanyon_price_caption":"","integration_category":[],"integration_request_title":"","integration_request_cta":"","integration_platform":"","integrations":[],"platform_category":[],"video_schema_markup":"","price":"od 0 USD \/ miesi\u0105c","trial":"","benefits":[{"text":"Bezp\u0142atna pomoc w monta\u017cu"},{"text":"Profesjonalna obs\u0142uga klienta"},{"text":"14-dniowa gwarancja zwrotu pieni\u0119dzy"}],"button_url":"#demo","button_target_blank":"0","button_nofollow":"0","attributes":[{"name":"Instaluje"},{"name":"Czu\u0142y"},{"name":"Kompatybilne przegl\u0105darki"}],"tags":[],"tags_disable_links":"0","hide_more_platforms":"0","video_object":"","demo_hide_cta":"0","demo_hide_cloud_options":"0","pricing_title":"","pricing":[{"pricing_icon":"platform","pricing_title":"Elfsight Apps","pricing_title_caption":"Oprogramowanie wieloplatformowe, kt\u00f3re pasuje do ka\u017cdej witryny internetowej","pricing_price":"od 0 USD \/ miesi\u0105c","pricing_price_caption":"zacznij od bezp\u0142atnego planu","pricing_benefits":[{"text":"Nielimitowane strony internetowe"},{"text":"Profesjonalna i terminowa pomoc oraz dobrze udokumentowana"},{"text":"Bezp\u0142atna pomoc w monta\u017cu"},{"text":"Elastyczny projekt"}],"pricing_button_text":"Dodaj do witryny","pricing_button_url":"#demo"}],"related_apps_title":"","related_apps_hidden":"0","author":"","image":[],"title":"","job":"","social_networks":[]},"_links":{"self":[{"href":"https:\/\/elfsight.com\/pl\/wp-json\/wp\/v2\/pages\/5557","targetHints":{"allow":["GET"]}}],"collection":[{"href":"https:\/\/elfsight.com\/pl\/wp-json\/wp\/v2\/pages"}],"about":[{"href":"https:\/\/elfsight.com\/pl\/wp-json\/wp\/v2\/types\/page"}],"author":[{"embeddable":true,"href":"https:\/\/elfsight.com\/pl\/wp-json\/wp\/v2\/users\/9"}],"replies":[{"embeddable":true,"href":"https:\/\/elfsight.com\/pl\/wp-json\/wp\/v2\/comments?post=5557"}],"version-history":[{"count":2,"href":"https:\/\/elfsight.com\/pl\/wp-json\/wp\/v2\/pages\/5557\/revisions"}],"predecessor-version":[{"id":10601,"href":"https:\/\/elfsight.com\/pl\/wp-json\/wp\/v2\/pages\/5557\/revisions\/10601"}],"up":[{"embeddable":true,"href":"https:\/\/elfsight.com\/pl\/wp-json\/wp\/v2\/pages\/3397"}],"wp:attachment":[{"href":"https:\/\/elfsight.com\/pl\/wp-json\/wp\/v2\/media?parent=5557"}],"curies":[{"name":"wp","href":"https:\/\/api.w.org\/{rel}","templated":true}]}}