{"id":5552,"date":"2024-05-03T06:40:03","date_gmt":"2024-05-03T06:40:03","guid":{"rendered":"https:\/\/elfsight.com\/pl\/?page_id=5552"},"modified":"2024-10-24T13:26:38","modified_gmt":"2024-10-24T13:26:38","slug":"webflow","status":"publish","type":"page","link":"https:\/\/elfsight.com\/pl\/job-board-widget\/webflow\/","title":{"rendered":"Job Board &#8211; Webflow"},"content":{"rendered":"<div class=\"application-platform-content-item-description application-platform-content-item\" id=\"description\" data-nav-section=\"description\"> <h2>Osad\u017a tablic\u0119 og\u0142osze\u0144 w Webflow za pomoc\u0105 wid\u017cetu Elfsight<\/h2> <p>Tablica ofert pracy dla Webflow to zauwa\u017calny wid\u017cet umo\u017cliwiaj\u0105cy publikowanie post\u00f3w otwieraj oferty pracy i zbieraj CV od kandydat\u00f3w na swojej stronie w najbardziej przyst\u0119pny spos\u00f3b. Dzi\u0119ki naszemu nowemu narz\u0119dziu b\u0119dziesz m\u00f3g\u0142 opowiedzie\u0107 o swojej firmie, publikowa\u0107 informacje o wolnych stanowiskach pracy i otrzymywa\u0107 CV. Widget umo\u017cliwia utworzenie karty pracy z dok\u0142adnym opisem i przyciskiem Aplikuj. Korzystanie z Portalu Pracy Elfsight pozwala upro\u015bci\u0107 proces rekrutacji i uzyska\u0107 odpowiedzi na oferty pracy za pomoc\u0105 kilku klikni\u0119\u0107. <\/p> <p><b>Szybko tw\u00f3rz najbardziej atrakcyjne oferty pracy i przyciski CTA, aby przyci\u0105gn\u0105\u0107 wi\u0119cej potencjalnych pracownik\u00f3w do wsp\u00f3\u0142pracy<\/b><\/p> <\/div> <div class=\"application-platform-content-item-features application-platform-content-item\" id=\"features\" data-nav-section=\"features\"> <h2>To tylko kilka z wielu funkcji widgetu: <\/h2> <ul><li>Wstaw link Zastosuj, aby skierowa\u0107 u\u017cytkownik\u00f3w witryny do strony zawieraj\u0105cej CV<\/li><li>Wy\u015bwietlaj otwarte oferty pracy w najbardziej fascynuj\u0105cych spos\u00f3b<\/li><li>Liczba ofert pracy, kt\u00f3re mo\u017cesz otworzy\u0107, jest nieograniczona<\/li><li>Opisz szczeg\u00f3\u0142owo ofert\u0119 pracy i opowiedz o: potrzebnych umiej\u0119tno\u015bciach, stanowisku i wynagrodzeniu<\/li><li>Zostaw kontakt informacje: nazwa Twojej firmy, nazwa dzia\u0142u i lokalizacja<\/li><\/ul><p><a href=\"#demo\">Mo\u017cesz sprawdzi\u0107, jak dzia\u0142a widget, korzystaj\u0105c z wersji demonstracyjnej<\/a><\/p> <\/div> <div class=\"application-platform-content-item-installation application-platform-content-item\" id=\"installation\" data-nav-section=\"installation\"> <h2>Jak doda\u0107 tablic\u0119 og\u0142osze\u0144 do mojej witryny internetowej Webflow? <\/h2> <p>Wystarczy post\u0119powa\u0107 zgodnie z poni\u017cszymi instrukcjami, aby zintegrowa\u0107 widget. <\/p> <ol><li><b>Zarz\u0105dzaj naszym bezp\u0142atnym konfiguratorem i zacznij tworzy\u0107 w\u0142asny widget. <\/b><br> Okre\u015bl niestandardowy projekt i specyfikacje wtyczki i zastosuj modyfikacje. <\/li> <li><b>Skopiuj sw\u00f3j unikalny kod pojawiaj\u0105cy si\u0119 w oknie aplikacji Elfsight. <\/b><br> Zaraz po zako\u0144czeniu generowania widgetu skopiuj indywidualny kod z wy\u015bwietlonego popupu i zachowaj go do p\u00f3\u017aniejszego wykorzystania. <\/li> <li><b>Rozpocznij korzystanie z narz\u0119dzia na swojej stronie internetowej Webflow. <\/b><br> Wpisz skopiowany wcze\u015bniej kod na swojej stronie g\u0142\u00f3wnej i zastosuj zmiany. <\/li> <li><b>Gotowe! Osadzanie zosta\u0142o pomy\u015blnie zako\u0144czone. <\/b><br> Odwied\u017a swoj\u0105 stron\u0119 internetow\u0105, aby sprawdzi\u0107 dzia\u0142anie narz\u0119dzia. <\/li><\/ol> <p>Je\u015bli napotkasz jakie\u015b komplikacje, bez wahania zwr\u00f3\u0107 si\u0119 do naszego zespo\u0142u wsparcia. Nasi ludzie ch\u0119tnie odpowiedz\u0105 na wszystkie pytania dotycz\u0105ce widgetu. <\/p> <div class=\"faq\" data-component=\"FAQ\"><div class=\"faq-item\">\r\n\t\t\t\t\t<div class=\"faq-item-question\">\r\n\t\t\t\t\t\t<h3 class=\"faq-item-question-text\">Jak mog\u0119 doda\u0107 tablic\u0119 og\u0142osze\u0144 do mojej witryny Webflow bez umiej\u0119tno\u015bci kodowania?<\/h3>\r\n\r\n\t\t\t\t\t\t<div class=\"faq-item-question-icon\"><\/div>\r\n\t\t\t\t\t<\/div>\r\n\r\n\t\t\t\t\t<div class=\"faq-item-answer\">\r\n\t\t\t\t\t\t<div class=\"faq-item-answer-text\"> <p>Elfsight zapewnia rozwi\u0105zanie SaaS, kt\u00f3re pozwala samodzielnie utworzy\u0107 wid\u017cet tablicy og\u0142osze\u0144. Zobacz, jakie to proste proces jest nast\u0119puj\u0105cy: Pracuj bezpo\u015brednio w edytorze online, aby utworzy\u0107 wid\u017cet Tablicy og\u0142osze\u0144, kt\u00f3ry chcesz zobaczy\u0107 na swojej stronie internetowej Webflow. Wybierz jeden z gotowych szablon\u00f3w i dostosuj ustawienia tablicy og\u0142osze\u0144, dodaj tre\u015b\u0107, zmie\u0144 uk\u0142ad i kolory bez umiej\u0119tno\u015bci kodowania. Zapisz Tablic\u0119 og\u0142osze\u0144 i skopiuj jej kod instalacyjny, dzi\u0119ki czemu b\u0119dziesz m\u00f3g\u0142 bez problemu doda\u0107 swoj\u0105 witryn\u0119 Webflow bez konieczno\u015bci kupowania p\u0142atnej subskrypcji. Dzi\u0119ki naszemu intuicyjnemu Edytorowi ka\u017cdy u\u017cytkownik Internetu mo\u017ce stworzy\u0107 wid\u017cet Tablicy Pracy online i \u0142atwo osadzi\u0107 go na swojej stronie internetowej Webflow. Aby uzyska\u0107 dost\u0119p do us\u0142ugi, nie trzeba p\u0142aci\u0107 ani wprowadza\u0107 danych uwierzytelniaj\u0105cych karty. Je\u015bli na kt\u00f3rymkolwiek etapie napotkasz jakiekolwiek problemy, skontaktuj si\u0119 z naszym zespo\u0142em pomocy technicznej.<\/p> <\/div>\r\n\t\t\t\t\t<\/div>\r\n\t\t\t\t<\/div> <\/div><\/div>","protected":false},"excerpt":{"rendered":"","protected":false},"author":9,"featured_media":0,"parent":3397,"menu_order":0,"comment_status":"closed","ping_status":"closed","template":"templates\/template-application-platform.php","meta":{"publish_to_discourse":"","publish_post_category":"","wpdc_auto_publish_overridden":"","wpdc_topic_tags":"","wpdc_pin_topic":"","wpdc_pin_until":"","discourse_post_id":"","discourse_permalink":"","wpdc_publishing_response":"","wpdc_publishing_error":"","footnotes":""},"class_list":["post-5552","page","type-page","status-publish","hentry"],"yoast_head":"<!-- This site is optimized with the Yoast SEO plugin v25.3.1 - https:\/\/yoast.com\/wordpress\/plugins\/seo\/ -->\n<title>Wid\u017cet Tablica og\u0142osze\u0144 Webflow - Dodaj oferty pracy do BigCommerce (2025)<\/title>\n<meta name=\"description\" content=\"Umie\u015b\u0107 responsywny widget Portalu Pracy na swojej stronie internetowej Webflow i pozw\u00f3l potencjalnym pracownikom przegl\u0105da\u0107 wolne miejsca pracy!\" \/>\n<meta name=\"robots\" content=\"index, follow, max-snippet:-1, max-image-preview:large, max-video-preview:-1\" \/>\n<link rel=\"canonical\" href=\"https:\/\/elfsight.com\/pl\/job-board-widget\/webflow\/\" \/>\n<meta property=\"og:locale\" content=\"pl_PL\" \/>\n<meta property=\"og:type\" content=\"article\" \/>\n<meta property=\"og:title\" content=\"Wid\u017cet Tablica og\u0142osze\u0144 Webflow - Dodaj oferty pracy do BigCommerce (2025)\" \/>\n<meta property=\"og:description\" content=\"Umie\u015b\u0107 responsywny widget Portalu Pracy na swojej stronie internetowej Webflow i pozw\u00f3l potencjalnym pracownikom przegl\u0105da\u0107 wolne miejsca pracy!\" \/>\n<meta property=\"og:url\" content=\"https:\/\/elfsight.com\/pl\/job-board-widget\/webflow\/\" \/>\n<meta property=\"og:site_name\" content=\"Elfsight PL\" \/>\n<meta property=\"article:modified_time\" content=\"2024-10-24T13:26:38+00:00\" \/>\n<meta name=\"twitter:card\" content=\"summary_large_image\" \/>\n<meta name=\"twitter:label1\" content=\"Szacowany czas czytania\" \/>\n\t<meta name=\"twitter:data1\" content=\"3 minuty\" \/>\n<!-- \/ Yoast SEO plugin. -->","yoast_head_json":{"title":"Wid\u017cet Tablica og\u0142osze\u0144 Webflow - Dodaj oferty pracy do BigCommerce (2025)","description":"Umie\u015b\u0107 responsywny widget Portalu Pracy na swojej stronie internetowej Webflow i pozw\u00f3l potencjalnym pracownikom przegl\u0105da\u0107 wolne miejsca pracy!","robots":{"index":"index","follow":"follow","max-snippet":"max-snippet:-1","max-image-preview":"max-image-preview:large","max-video-preview":"max-video-preview:-1"},"canonical":"https:\/\/elfsight.com\/pl\/job-board-widget\/webflow\/","og_locale":"pl_PL","og_type":"article","og_title":"Wid\u017cet Tablica og\u0142osze\u0144 Webflow - Dodaj oferty pracy do BigCommerce (2025)","og_description":"Umie\u015b\u0107 responsywny widget Portalu Pracy na swojej stronie internetowej Webflow i pozw\u00f3l potencjalnym pracownikom przegl\u0105da\u0107 wolne miejsca pracy!","og_url":"https:\/\/elfsight.com\/pl\/job-board-widget\/webflow\/","og_site_name":"Elfsight PL","article_modified_time":"2024-10-24T13:26:38+00:00","twitter_card":"summary_large_image","twitter_misc":{"Szacowany czas czytania":"3 minuty"},"schema":{"@context":"https:\/\/schema.org","@graph":[{"@type":"WebPage","@id":"https:\/\/elfsight.com\/pl\/job-board-widget\/webflow\/","url":"https:\/\/elfsight.com\/pl\/job-board-widget\/webflow\/","name":"Wid\u017cet Tablica og\u0142osze\u0144 Webflow - Dodaj oferty pracy do BigCommerce (2025)","isPartOf":{"@id":"https:\/\/elfsight.com\/pl\/#website"},"datePublished":"2024-05-03T06:40:03+00:00","dateModified":"2024-10-24T13:26:38+00:00","description":"Umie\u015b\u0107 responsywny widget Portalu Pracy na swojej stronie internetowej Webflow i pozw\u00f3l potencjalnym pracownikom przegl\u0105da\u0107 wolne miejsca pracy!","breadcrumb":{"@id":"https:\/\/elfsight.com\/pl\/job-board-widget\/webflow\/#breadcrumb"},"inLanguage":"pl-PL","potentialAction":[{"@type":"ReadAction","target":["https:\/\/elfsight.com\/pl\/job-board-widget\/webflow\/"]}]},{"@type":"BreadcrumbList","@id":"https:\/\/elfsight.com\/pl\/job-board-widget\/webflow\/#breadcrumb","itemListElement":[{"@type":"ListItem","position":1,"name":"Home","item":"https:\/\/elfsight.com\/pl\/"},{"@type":"ListItem","position":2,"name":"Job Board","item":"https:\/\/elfsight.com\/pl\/job-board-widget\/"},{"@type":"ListItem","position":3,"name":"Job Board &#8211; Webflow"}]},{"@type":"WebSite","@id":"https:\/\/elfsight.com\/pl\/#website","url":"https:\/\/elfsight.com\/pl\/","name":"Elfsight PL","description":"Just another Elfsight Sites site","potentialAction":[{"@type":"SearchAction","target":{"@type":"EntryPoint","urlTemplate":"https:\/\/elfsight.com\/pl\/?s={search_term_string}"},"query-input":{"@type":"PropertyValueSpecification","valueRequired":true,"valueName":"search_term_string"}}],"inLanguage":"pl-PL"}]}},"meta_box":{"industry":"","seo_heading":"","heading":"","description":"","cta_heading":"","cta_description":"","application":"3355","h1":"Wid\u017cet tablicy og\u0142osze\u0144 Webflow","h1_caption":"Utw\u00f3rz tablic\u0119 og\u0142osze\u0144 z og\u0142oszeniami o wolnych stanowiskach w swojej witrynie i z \u0142atwo\u015bci\u0105 przyci\u0105gnij potencjalnych kandydat\u00f3w do swojej witryny Webflow.","application_category":[],"applications_title":"","applications_request_title":"","applications_request_button_text":"","hero_text":"","hero_video":"","hero_video_schema_markup":"","selling_points_title":"","selling_points_caption":"","selling_points":[],"selling_points_cta_text":"","features_title":"","features":"","ed_cta_examples_text":"","ed_cta_examples_hidden":"","ed_cta_demo_text":"","ed_cta_demo_hidden":"","why_caption":"","why_editor_title":"","why_editor_text":"","why_team_title":"","why_team_text":"","why_service_title":"","why_service_text":"","template_catalog_visible":"","template_catalog_title":"","template_catalog_text":"","template_catalog_categories_visible":"","demo_title":"Po\u015bpiesz si\u0119 i utw\u00f3rz w\u0142asn\u0105 tablic\u0119 og\u0142osze\u0144 Webflow","demo_caption":"Dostosuj go i umie\u015b\u0107 na swojej stronie internetowej z aktywnej wersji demonstracyjnej.","default_faq_hidden":"","app_template_category":[],"platform":"127","template_public_id":"","codecanyon_url":"","codecanyon_item_id":"","codecanyon_price":"","pricing_caption":"","pricing_elfsight_apps_hide_column":"","pricing_elfsight_apps_url":"","pricing_codecanyon_price_caption":"","integration_category":[],"integration_request_title":"","integration_request_cta":"","integration_platform":"","integrations":[],"platform_category":[],"video_schema_markup":"","price":"od 0 USD \/ miesi\u0105c","trial":"","benefits":[{"text":"Bezp\u0142atna us\u0142uga monta\u017cu"},{"text":"Kompetentna obs\u0142uga klienta"},{"text":"14-dniowa gwarancja zwrotu pieni\u0119dzy"}],"button_url":"#demo","button_target_blank":"","button_nofollow":"","attributes":[{"name":"Instaluje"},{"name":"Czu\u0142y"},{"name":"Kompatybilne przegl\u0105darki"}],"tags":[],"tags_disable_links":"","hide_more_platforms":"","video_object":"","demo_hide_cta":"","demo_hide_cloud_options":"","pricing_title":"","pricing":[{"pricing_icon":"platform","pricing_title":"Elfsight Apps","pricing_title_caption":"Wersja niezale\u017cna od platformy, kt\u00f3ra pasuje do ka\u017cdej witryny","pricing_price":"od 0 USD \/ miesi\u0105c","pricing_price_caption":"zacznij od bezp\u0142atnego planu","pricing_benefits":[{"text":"Nielimitowane strony internetowe"},{"text":"Obs\u0142uga klienta premium i dobrze udokumentowana"},{"text":"Bezp\u0142atna pomoc w monta\u017cu"},{"text":"100% konfigurowalny"}],"pricing_button_text":"Dodaj do witryny","pricing_button_url":"#demo"}],"related_apps_title":"","related_apps_hidden":"","author":"","image":[],"title":"","job":"","social_networks":[]},"_links":{"self":[{"href":"https:\/\/elfsight.com\/pl\/wp-json\/wp\/v2\/pages\/5552","targetHints":{"allow":["GET"]}}],"collection":[{"href":"https:\/\/elfsight.com\/pl\/wp-json\/wp\/v2\/pages"}],"about":[{"href":"https:\/\/elfsight.com\/pl\/wp-json\/wp\/v2\/types\/page"}],"author":[{"embeddable":true,"href":"https:\/\/elfsight.com\/pl\/wp-json\/wp\/v2\/users\/9"}],"replies":[{"embeddable":true,"href":"https:\/\/elfsight.com\/pl\/wp-json\/wp\/v2\/comments?post=5552"}],"version-history":[{"count":1,"href":"https:\/\/elfsight.com\/pl\/wp-json\/wp\/v2\/pages\/5552\/revisions"}],"predecessor-version":[{"id":5556,"href":"https:\/\/elfsight.com\/pl\/wp-json\/wp\/v2\/pages\/5552\/revisions\/5556"}],"up":[{"embeddable":true,"href":"https:\/\/elfsight.com\/pl\/wp-json\/wp\/v2\/pages\/3397"}],"wp:attachment":[{"href":"https:\/\/elfsight.com\/pl\/wp-json\/wp\/v2\/media?parent=5552"}],"curies":[{"name":"wp","href":"https:\/\/api.w.org\/{rel}","templated":true}]}}