{"id":5544,"date":"2024-05-03T06:39:59","date_gmt":"2024-05-03T06:39:59","guid":{"rendered":"https:\/\/elfsight.com\/pl\/?page_id=5544"},"modified":"2024-10-24T13:26:29","modified_gmt":"2024-10-24T13:26:29","slug":"wordpress","status":"publish","type":"page","link":"https:\/\/elfsight.com\/pl\/job-board-widget\/wordpress\/","title":{"rendered":"Job Board &#8211; WordPress"},"content":{"rendered":"<div class=\"application-platform-content-item-description application-platform-content-item\" id=\"description\" data-nav-section=\"description\"> <h2>Osad\u017a tablic\u0119 og\u0142osze\u0144 w WordPress za pomoc\u0105 wid\u017cetu Elfsight<\/h2> <p>Nasza tablica og\u0142osze\u0144 dla WordPress to wyj\u0105tkowa wtyczka umo\u017cliwiaj\u0105ca ujawnianie otwieraj oferty pracy i otrzymuj CV od kandydat\u00f3w bezpo\u015brednio na swojej stronie internetowej w najbardziej przyst\u0119pny spos\u00f3b. Dzi\u0119ki naszemu nowemu narz\u0119dziu b\u0119dziesz m\u00f3g\u0142 ujawni\u0107 swoj\u0105 firm\u0119, rozpowszechni\u0107 informacje o ofertach pracy i otrzyma\u0107 CV. Wid\u017cet umo\u017cliwia utworzenie karty pracy ze szczeg\u00f3\u0142owym opisem i przyciskiem Aplikuj. Korzystanie z Portalu Pracy Elfsight pozwala jednym klikni\u0119ciem u\u0142atwi\u0107 proces rekrutacji i pozyska\u0107 odpowiedzi na oferty pracy. <\/p> <p><b>Z \u0142atwo\u015bci\u0105 tw\u00f3rz najbardziej kusz\u0105ce oferty pracy i wezwania do dzia\u0142ania, aby zainspirowa\u0107 wi\u0119cej potencjalnych pracownik\u00f3w do wsp\u00f3\u0142pracy z Tob\u0105<\/b><\/p> <\/div> <div class=\"application-platform-content-item-features  application-platform-content-item\" id=\"features \" data-nav-section=\"features \"> <h2>Poznaj list\u0119 najbardziej przydatnych funkcji: <\/h2> <ul><li>Utw\u00f3rz link Aplikuj, kt\u00f3ry przekieruje u\u017cytkownik\u00f3w serwisu do strony zbieraj\u0105cej CV<\/li><li>Poka\u017c oferty pracy w najbardziej szczeg\u00f3\u0142owy spos\u00f3b<\/li><li>Dodaj dowoln\u0105 liczb\u0119 stanowisk<\/li><li>Dok\u0142adnie opisz stanowisko i opisz: wynagrodzenie, potrzebne umiej\u0119tno\u015bci oraz nazw\u0119 stanowiska<\/li><li>Podaj informacje o firmie: lokalizacja, dzia\u0142 i jej nazwa<\/li><\/ul><p><a href=\"#demo\">Kt\u00f3r\u0105 wtyczk\u0119 warto wypr\u00f3bowa\u0107 w wersji demo<\/a><\/p> <\/div> <div class=\"application-platform-content-item-installation application-platform-content-item\" id=\"installation\" data-nav-section=\"installation\"> <h2>Jak osadzi\u0107 tablic\u0119 og\u0142osze\u0144 na mojej stronie internetowej WordPress? <\/h2> <p>Wystarczy zastosowa\u0107 si\u0119 do poni\u017cszych instrukcji, aby zintegrowa\u0107 narz\u0119dzie. <\/p> <ol><li><b>Skorzystaj z naszej bezp\u0142atnej wersji demonstracyjnej i zacznij tworzy\u0107 w\u0142asn\u0105 wtyczk\u0119. <\/b><br> Okre\u015bl wybrany uk\u0142ad i funkcje narz\u0119dzia i zapisz zmiany. <\/li> <li><b>Skopiuj unikalny kod pojawiaj\u0105cy si\u0119 w oknie aplikacji Elfsight. <\/b><br> Po wygenerowaniu narz\u0119dzia skopiuj kod osobisty w wy\u015bwietlonym polu i zachowaj go do p\u00f3\u017aniejszego wykorzystania. <\/li> <li><b>Rozpocznij korzystanie z narz\u0119dzia w swojej witrynie WordPress. <\/b><br> Umie\u015b\u0107 ostatnio skopiowany kod na swojej stronie g\u0142\u00f3wnej i zastosuj ulepszenia. <\/li> <li><b>Gotowe! Osadzanie zosta\u0142o pomy\u015blnie zako\u0144czone. <\/b><br> Przejd\u017a do swojej strony internetowej, aby sprawdzi\u0107 dzia\u0142anie narz\u0119dzia. <\/li><\/ol> <p>Je\u015bli napotkasz jakiekolwiek trudno\u015bci, nie wahaj si\u0119 zwr\u00f3ci\u0107 do naszego zespo\u0142u obs\u0142ugi klienta. Nasi konsultanci pragn\u0105 rozwi\u0105za\u0107 wszystkie problemy, jakie mo\u017cesz mie\u0107 z widgetem. <\/p> <div class=\"faq\" data-component=\"FAQ\"><div class=\"faq-item\">\r\n\t\t\t\t\t<div class=\"faq-item-question\">\r\n\t\t\t\t\t\t<h3 class=\"faq-item-question-text\">W jaki spos\u00f3b mog\u0119 doda\u0107 tablic\u0119 og\u0142osze\u0144 do mojej witryny WordPress bez umiej\u0119tno\u015bci kodowania?<\/h3>\r\n\r\n\t\t\t\t\t\t<div class=\"faq-item-question-icon\"><\/div>\r\n\t\t\t\t\t<\/div>\r\n\r\n\t\t\t\t\t<div class=\"faq-item-answer\">\r\n\t\t\t\t\t\t<div class=\"faq-item-answer-text\"> <p>Elfsight oferuje rozwi\u0105zanie, kt\u00f3re umo\u017cliwia szerokiemu gronu odbiorc\u00f3w wygenerowanie sekcji tablicy og\u0142osze\u0144 samodzielnie, zapoznaj si\u0119 z prostymi instrukcjami: Pracuj bezpo\u015brednio w edytorze online, aby utworzy\u0107 wid\u017cet Tablicy og\u0142osze\u0144, kt\u00f3ry chcia\u0142by\u015b zobaczy\u0107 na swojej stronie g\u0142\u00f3wnej WordPress. Wybierz jeden z gotowych szablon\u00f3w i dostosuj ustawienia Job Board, zmieniaj uk\u0142ad i kolor element\u00f3w zawieraj\u0105cych Twoj\u0105 tre\u015b\u0107, bez \u017cadnego do\u015bwiadczenia w kodowaniu. Zapisz wprowadzone ustawienia w Tablicy og\u0142osze\u0144 i uzyskaj kod wtyczki do osadzenia, kt\u00f3ry mo\u017cesz \u0142atwo i bezp\u0142atnie doda\u0107 do swojej strony internetowej WordPress. Pracuj\u0105c w prostym Konfiguratorze, ka\u017cdy u\u017cytkownik Internetu mo\u017ce zbudowa\u0107 wtyczk\u0119 Job Board online i \u0142atwo wklei\u0107 j\u0105 na dowoln\u0105 witryn\u0119 WordPress. Aby wej\u015b\u0107 do naszego Edytora nie trzeba posiada\u0107 planu p\u0142atnego ani podawa\u0107 danych karty. Je\u015bli na kt\u00f3rymkolwiek etapie napotkasz jakiekolwiek problemy, skontaktuj si\u0119 z naszym personelem pomocy technicznej.<\/p> <\/div>\r\n\t\t\t\t\t<\/div>\r\n\t\t\t\t<\/div> <\/div><\/div>","protected":false},"excerpt":{"rendered":"","protected":false},"author":9,"featured_media":0,"parent":3397,"menu_order":0,"comment_status":"closed","ping_status":"closed","template":"templates\/template-application-platform.php","meta":{"publish_to_discourse":"","publish_post_category":"","wpdc_auto_publish_overridden":"","wpdc_topic_tags":"","wpdc_pin_topic":"","wpdc_pin_until":"","discourse_post_id":"","discourse_permalink":"","wpdc_publishing_response":"","wpdc_publishing_error":"","footnotes":""},"class_list":["post-5544","page","type-page","status-publish","hentry"],"yoast_head":"<!-- This site is optimized with the Yoast SEO plugin v25.3.1 - https:\/\/yoast.com\/wordpress\/plugins\/seo\/ -->\n<title>Wtyczka WordPress Job Board - Dodaj oferty pracy do WordPress (2025)<\/title>\n<meta name=\"description\" content=\"Umie\u015b\u0107 responsywn\u0105 wtyczk\u0119 Job Board na swojej stronie WordPress i pozw\u00f3l potencjalnym pracownikom przegl\u0105da\u0107 oferty pracy!\" \/>\n<meta name=\"robots\" content=\"index, follow, max-snippet:-1, max-image-preview:large, max-video-preview:-1\" \/>\n<link rel=\"canonical\" href=\"https:\/\/elfsight.com\/pl\/job-board-widget\/wordpress\/\" \/>\n<meta property=\"og:locale\" content=\"pl_PL\" \/>\n<meta property=\"og:type\" content=\"article\" \/>\n<meta property=\"og:title\" content=\"Wtyczka WordPress Job Board - Dodaj oferty pracy do WordPress (2025)\" \/>\n<meta property=\"og:description\" content=\"Umie\u015b\u0107 responsywn\u0105 wtyczk\u0119 Job Board na swojej stronie WordPress i pozw\u00f3l potencjalnym pracownikom przegl\u0105da\u0107 oferty pracy!\" \/>\n<meta property=\"og:url\" content=\"https:\/\/elfsight.com\/pl\/job-board-widget\/wordpress\/\" \/>\n<meta property=\"og:site_name\" content=\"Elfsight PL\" \/>\n<meta property=\"article:modified_time\" content=\"2024-10-24T13:26:29+00:00\" \/>\n<meta name=\"twitter:card\" content=\"summary_large_image\" \/>\n<meta name=\"twitter:label1\" content=\"Szacowany czas czytania\" \/>\n\t<meta name=\"twitter:data1\" content=\"3 minuty\" \/>\n<!-- \/ Yoast SEO plugin. -->","yoast_head_json":{"title":"Wtyczka WordPress Job Board - Dodaj oferty pracy do WordPress (2025)","description":"Umie\u015b\u0107 responsywn\u0105 wtyczk\u0119 Job Board na swojej stronie WordPress i pozw\u00f3l potencjalnym pracownikom przegl\u0105da\u0107 oferty pracy!","robots":{"index":"index","follow":"follow","max-snippet":"max-snippet:-1","max-image-preview":"max-image-preview:large","max-video-preview":"max-video-preview:-1"},"canonical":"https:\/\/elfsight.com\/pl\/job-board-widget\/wordpress\/","og_locale":"pl_PL","og_type":"article","og_title":"Wtyczka WordPress Job Board - Dodaj oferty pracy do WordPress (2025)","og_description":"Umie\u015b\u0107 responsywn\u0105 wtyczk\u0119 Job Board na swojej stronie WordPress i pozw\u00f3l potencjalnym pracownikom przegl\u0105da\u0107 oferty pracy!","og_url":"https:\/\/elfsight.com\/pl\/job-board-widget\/wordpress\/","og_site_name":"Elfsight PL","article_modified_time":"2024-10-24T13:26:29+00:00","twitter_card":"summary_large_image","twitter_misc":{"Szacowany czas czytania":"3 minuty"},"schema":{"@context":"https:\/\/schema.org","@graph":[{"@type":"WebPage","@id":"https:\/\/elfsight.com\/pl\/job-board-widget\/wordpress\/","url":"https:\/\/elfsight.com\/pl\/job-board-widget\/wordpress\/","name":"Wtyczka WordPress Job Board - Dodaj oferty pracy do WordPress (2025)","isPartOf":{"@id":"https:\/\/elfsight.com\/pl\/#website"},"datePublished":"2024-05-03T06:39:59+00:00","dateModified":"2024-10-24T13:26:29+00:00","description":"Umie\u015b\u0107 responsywn\u0105 wtyczk\u0119 Job Board na swojej stronie WordPress i pozw\u00f3l potencjalnym pracownikom przegl\u0105da\u0107 oferty pracy!","breadcrumb":{"@id":"https:\/\/elfsight.com\/pl\/job-board-widget\/wordpress\/#breadcrumb"},"inLanguage":"pl-PL","potentialAction":[{"@type":"ReadAction","target":["https:\/\/elfsight.com\/pl\/job-board-widget\/wordpress\/"]}]},{"@type":"BreadcrumbList","@id":"https:\/\/elfsight.com\/pl\/job-board-widget\/wordpress\/#breadcrumb","itemListElement":[{"@type":"ListItem","position":1,"name":"Home","item":"https:\/\/elfsight.com\/pl\/"},{"@type":"ListItem","position":2,"name":"Job Board","item":"https:\/\/elfsight.com\/pl\/job-board-widget\/"},{"@type":"ListItem","position":3,"name":"Job Board &#8211; WordPress"}]},{"@type":"WebSite","@id":"https:\/\/elfsight.com\/pl\/#website","url":"https:\/\/elfsight.com\/pl\/","name":"Elfsight PL","description":"Just another Elfsight Sites site","potentialAction":[{"@type":"SearchAction","target":{"@type":"EntryPoint","urlTemplate":"https:\/\/elfsight.com\/pl\/?s={search_term_string}"},"query-input":{"@type":"PropertyValueSpecification","valueRequired":true,"valueName":"search_term_string"}}],"inLanguage":"pl-PL"}]}},"meta_box":{"industry":"","seo_heading":"","heading":"","description":"","cta_heading":"","cta_description":"","application":"3355","h1":"Wtyczka WordPress Job Board","h1_caption":"Utw\u00f3rz tablic\u0119 og\u0142osze\u0144, w kt\u00f3rej mo\u017cesz umieszcza\u0107 og\u0142oszenia o wolnych stanowiskach w swojej witrynie i z \u0142atwo\u015bci\u0105 przyci\u0105gaj potencjalnych kandydat\u00f3w do swojej witryny WordPress.","application_category":[],"applications_title":"","applications_request_title":"","applications_request_button_text":"","hero_text":"","hero_video":"","hero_video_schema_markup":"","selling_points_title":"","selling_points_caption":"","selling_points":[],"selling_points_cta_text":"","features_title":"","features":"","ed_cta_examples_text":"","ed_cta_examples_hidden":"","ed_cta_demo_text":"","ed_cta_demo_hidden":"","why_caption":"","why_editor_title":"","why_editor_text":"","why_team_title":"","why_team_text":"","why_service_title":"","why_service_text":"","template_catalog_visible":"","template_catalog_title":"","template_catalog_text":"","template_catalog_categories_visible":"","demo_title":"Pospiesz si\u0119, aby utworzy\u0107 dostosowan\u0105 do indywidualnych potrzeb tablic\u0119 og\u0142osze\u0144 WordPress","demo_caption":"Dostosuj go i dodaj do swojej strony internetowej, korzystaj\u0105c z wersji demonstracyjnej.","default_faq_hidden":"","app_template_category":[],"platform":"31","template_public_id":"","codecanyon_url":"","codecanyon_item_id":"","codecanyon_price":"","pricing_caption":"","pricing_elfsight_apps_hide_column":"","pricing_elfsight_apps_url":"","pricing_codecanyon_price_caption":"","integration_category":[],"integration_request_title":"","integration_request_cta":"","integration_platform":"","integrations":[],"platform_category":[],"video_schema_markup":"","price":"od 0 USD \/ miesi\u0105c","trial":"","benefits":[{"text":"Bezp\u0142atna pomoc w monta\u017cu"},{"text":"Kompetentna obs\u0142uga klienta"},{"text":"14-dniowa gwarancja zwrotu pieni\u0119dzy"}],"button_url":"#demo","button_target_blank":"","button_nofollow":"","attributes":[{"name":"Instaluje"},{"name":"Czu\u0142y"},{"name":"Kompatybilne przegl\u0105darki"}],"tags":[],"tags_disable_links":"","hide_more_platforms":"","video_object":"","demo_hide_cta":"","demo_hide_cloud_options":"","pricing_title":"","pricing":[{"pricing_icon":"platform","pricing_title":"Elfsight Apps","pricing_title_caption":"Wersja wieloplatformowa","pricing_price":"od 0 USD \/ miesi\u0105c","pricing_price_caption":"zacznij od bezp\u0142atnego planu","pricing_benefits":[{"text":"Nielimitowane strony internetowe"},{"text":"Szybkie wsparcie"},{"text":"Bezp\u0142atna us\u0142uga monta\u017cu"},{"text":"W pe\u0142ni konfigurowalny"}],"pricing_button_text":"Dodaj do witryny","pricing_button_url":"#demo"}],"related_apps_title":"","related_apps_hidden":"","author":"","image":[],"title":"","job":"","social_networks":[]},"_links":{"self":[{"href":"https:\/\/elfsight.com\/pl\/wp-json\/wp\/v2\/pages\/5544","targetHints":{"allow":["GET"]}}],"collection":[{"href":"https:\/\/elfsight.com\/pl\/wp-json\/wp\/v2\/pages"}],"about":[{"href":"https:\/\/elfsight.com\/pl\/wp-json\/wp\/v2\/types\/page"}],"author":[{"embeddable":true,"href":"https:\/\/elfsight.com\/pl\/wp-json\/wp\/v2\/users\/9"}],"replies":[{"embeddable":true,"href":"https:\/\/elfsight.com\/pl\/wp-json\/wp\/v2\/comments?post=5544"}],"version-history":[{"count":1,"href":"https:\/\/elfsight.com\/pl\/wp-json\/wp\/v2\/pages\/5544\/revisions"}],"predecessor-version":[{"id":5548,"href":"https:\/\/elfsight.com\/pl\/wp-json\/wp\/v2\/pages\/5544\/revisions\/5548"}],"up":[{"embeddable":true,"href":"https:\/\/elfsight.com\/pl\/wp-json\/wp\/v2\/pages\/3397"}],"wp:attachment":[{"href":"https:\/\/elfsight.com\/pl\/wp-json\/wp\/v2\/media?parent=5544"}],"curies":[{"name":"wp","href":"https:\/\/api.w.org\/{rel}","templated":true}]}}