{"id":5541,"date":"2024-05-03T06:39:56","date_gmt":"2024-05-03T06:39:56","guid":{"rendered":"https:\/\/elfsight.com\/pl\/?page_id=5541"},"modified":"2024-10-24T13:27:13","modified_gmt":"2024-10-24T13:27:13","slug":"godaddy","status":"publish","type":"page","link":"https:\/\/elfsight.com\/pl\/job-board-widget\/godaddy\/","title":{"rendered":"Job Board &#8211; GoDaddy"},"content":{"rendered":"<div class=\"application-platform-content-item-description application-platform-content-item\" id=\"description\" data-nav-section=\"description\"> <h2>Umie\u015b\u0107 tablic\u0119 og\u0142osze\u0144 w serwisie GoDaddy za pomoc\u0105 wid\u017cetu Elfsight<\/h2> <p>Tablica ofert pracy to imponuj\u0105ce narz\u0119dzie, kt\u00f3re zapewnia mo\u017cliwo\u015b\u0107 publikuj otwarte oferty pracy i zbieraj CV od kandydat\u00f3w na swojej stronie internetowej w najprostszy spos\u00f3b. Stosuj\u0105c nasz\u0105 now\u0105 wtyczk\u0119, b\u0119dziesz m\u00f3g\u0142 opowiada\u0107 o swojej firmie, rozpowszechnia\u0107 informacje o ofertach pracy i otrzymywa\u0107 CV. Wtyczka umo\u017cliwia utworzenie karty pracy ze szczeg\u00f3\u0142owym opisem i przyciskiem Aplikuj. Aplikuj\u0105c Elfsight Job Board, mo\u017cesz u\u0142atwi\u0107 proces rekrutacji i uzyska\u0107 odpowiedzi na oferty pracy w 1-2-3!. <\/p> <p><b>Szybko tw\u00f3rz najatrakcyjniejsze opisy stanowisk i przyciski CTA, aby zainspirowa\u0107 wi\u0119cej potencjalnych pracownik\u00f3w do wsp\u00f3\u0142pracy z Tob\u0105<\/b><\/p> <\/div> <div class=\"application-platform-content-item-features application-platform-content-item\" id=\"features\" data-nav-section=\"features\"> <h2>Oto podstawowe funkcje wtyczki: <\/h2> <ul><li>Dodaj link Aplikuj, aby skierowa\u0107 potencjalnych kandydat\u00f3w na stron\u0119 zbieraj\u0105c\u0105 CV<\/li><li>Wy\u015bwietlaj oferty pracy w najbardziej fascynuj\u0105cy spos\u00f3b<\/li><li>Dodaj dowoln\u0105 liczb\u0119 stanowisk<\/li><li>Dok\u0142adnie opisz stanowisko i podaj nast\u0119puj\u0105ce informacje: wynagrodzenie, wymagane umiej\u0119tno\u015bci i stanowisko<\/li><li>Podaj informacje o swojej firmie: jej nazwa, lokalizacja i dzia\u0142<\/li><\/ul><p><a href=\"#demo\">Pe\u0142n\u0105 funkcjonalno\u015b\u0107 wtyczki znajdziesz w wersji demonstracyjnej <\/a><\/p> <\/div> <div class=\"application-platform-content-item-installation application-platform-content-item\" id=\"installation\" data-nav-section=\"installation\"> <h2>Jak osadzi\u0107 tablic\u0119 og\u0142osze\u0144 na mojej stronie internetowej GoDaddy? <\/h2> <p>Wystarczy zastosowa\u0107 si\u0119 do poni\u017cszych instrukcji, aby rozpocz\u0105\u0107 prac\u0119 z wtyczk\u0105. <\/p> <ol><li><b>Wykonaj nasze bezp\u0142atne demo i zacznij tworzy\u0107 sw\u00f3j spersonalizowany instrument. <\/b><br> Okre\u015bl preferowany uk\u0142ad i specyfikacje wtyczki i zapisz zmiany. <\/li> <li><b>Odbierz osobisty kod pokazany w oknie aplikacji Elfsight. <\/b><br> Zaraz po zako\u0144czeniu dostosowywania wtyczki skopiuj ekskluzywny kod z wy\u015bwietlonego okna i zapisz go do p\u00f3\u017aniejszego wykorzystania. <\/li> <li><b>Rozpocznij korzystanie z wtyczki na stronie internetowej GoDaddy. <\/b><br> Wpisz kod, kt\u00f3ry zapisa\u0142e\u015b wcze\u015bniej na swojej stronie i zapisz zmiany. <\/li> <li><b>Instalacja zosta\u0142a pomy\u015blnie zako\u0144czona. <\/b><br> Wejd\u017a na swoj\u0105 stron\u0119 i sprawd\u017a jak dzia\u0142a wtyczka. <\/li><\/ol> <p>Je\u015bli napotkasz jakie\u015b trudno\u015bci, skontaktuj si\u0119 z naszym zespo\u0142em pomocy. Nasi konsultanci ch\u0119tnie pomog\u0105 Ci we wszystkich problemach, jakie mo\u017cesz mie\u0107 z tym narz\u0119dziem. <\/p> <div class=\"faq\" data-component=\"FAQ\"><div class=\"faq-item\">\r\n\t\t\t\t\t<div class=\"faq-item-question\">\r\n\t\t\t\t\t\t<h3 class=\"faq-item-question-text\">W jaki spos\u00f3b mog\u0119 doda\u0107 Tablic\u0119 og\u0142osze\u0144 do mojej witryny GoDaddy bez do\u015bwiadczenia w programowaniu?<\/h3>\r\n\r\n\t\t\t\t\t\t<div class=\"faq-item-question-icon\"><\/div>\r\n\t\t\t\t\t<\/div>\r\n\r\n\t\t\t\t\t<div class=\"faq-item-answer\">\r\n\t\t\t\t\t\t<div class=\"faq-item-answer-text\"> <p>Firma Elfsight oferuje rozwi\u0105zanie SaaS, kt\u00f3re umo\u017cliwia samodzielne utworzenie sekcji Tablica og\u0142osze\u0144, zobacz proste instrukcje: Rozpocznij prac\u0119 bezpo\u015brednio w edytorze online, aby wygenerowa\u0107 sekcj\u0119 Tablicy og\u0142osze\u0144, kt\u00f3r\u0105 chcesz doda\u0107 w swojej witrynie GoDaddy. Kliknij jeden z gotowych szablon\u00f3w i dostosuj ustawienia tablicy og\u0142osze\u0144, zmie\u0144 uk\u0142ad i schemat kolor\u00f3w oraz zaktualizuj tre\u015b\u0107 bez umiej\u0119tno\u015bci kodowania. Kliknij, aby zapisa\u0107 Tablic\u0119 og\u0142osze\u0144 i uzyska\u0107 kod do osadzenia, kt\u00f3ry mo\u017cesz po prostu umie\u015bci\u0107 na dowolnej stronie internetowej GoDaddy, bez konieczno\u015bci kupowania p\u0142atnej subskrypcji. Za pomoc\u0105 przyjaznego dla u\u017cytkownika Edytora ka\u017cdy u\u017cytkownik Internetu mo\u017ce utworzy\u0107 aplikacj\u0119 Tablica og\u0142osze\u0144 i \u0142atwo wklei\u0107 j\u0105 na stron\u0119 g\u0142\u00f3wn\u0105 GoDaddy. Aby uzyska\u0107 dost\u0119p do Edytora Elfsight, nie jest wymagane posiadanie p\u0142atnej subskrypcji ani wprowadzanie danych karty. Je\u015bli na kt\u00f3rymkolwiek etapie napotkasz jakiekolwiek problemy, skontaktuj si\u0119 z naszym personelem pomocy technicznej.<\/p> <\/div>\r\n\t\t\t\t\t<\/div>\r\n\t\t\t\t<\/div> <\/div><\/div>","protected":false},"excerpt":{"rendered":"","protected":false},"author":9,"featured_media":0,"parent":3397,"menu_order":0,"comment_status":"closed","ping_status":"closed","template":"templates\/template-application-platform.php","meta":{"publish_to_discourse":"","publish_post_category":"","wpdc_auto_publish_overridden":"","wpdc_topic_tags":"","wpdc_pin_topic":"","wpdc_pin_until":"","discourse_post_id":"","discourse_permalink":"","wpdc_publishing_response":"","wpdc_publishing_error":"","footnotes":""},"class_list":["post-5541","page","type-page","status-publish","hentry"],"yoast_head":"<!-- This site is optimized with the Yoast SEO plugin v25.3.1 - https:\/\/yoast.com\/wordpress\/plugins\/seo\/ -->\n<title>Wtyczka Job Board \u2014 dodaj wtyczk\u0119 Job Board do witryny GoDaddy!<\/title>\n<meta name=\"description\" content=\"Umie\u015b\u0107 responsywn\u0105 wtyczk\u0119 Job Board na swojej stronie GoDaddy i pozw\u00f3l potencjalnym pracownikom przegl\u0105da\u0107 oferty pracy!\" \/>\n<meta name=\"robots\" content=\"index, follow, max-snippet:-1, max-image-preview:large, max-video-preview:-1\" \/>\n<link rel=\"canonical\" href=\"https:\/\/elfsight.com\/pl\/job-board-widget\/godaddy\/\" \/>\n<meta property=\"og:locale\" content=\"pl_PL\" \/>\n<meta property=\"og:type\" content=\"article\" \/>\n<meta property=\"og:title\" content=\"Wtyczka Job Board \u2014 dodaj wtyczk\u0119 Job Board do witryny GoDaddy!\" \/>\n<meta property=\"og:description\" content=\"Umie\u015b\u0107 responsywn\u0105 wtyczk\u0119 Job Board na swojej stronie GoDaddy i pozw\u00f3l potencjalnym pracownikom przegl\u0105da\u0107 oferty pracy!\" \/>\n<meta property=\"og:url\" content=\"https:\/\/elfsight.com\/pl\/job-board-widget\/godaddy\/\" \/>\n<meta property=\"og:site_name\" content=\"Elfsight PL\" \/>\n<meta property=\"article:modified_time\" content=\"2024-10-24T13:27:13+00:00\" \/>\n<meta name=\"twitter:card\" content=\"summary_large_image\" \/>\n<meta name=\"twitter:label1\" content=\"Szacowany czas czytania\" \/>\n\t<meta name=\"twitter:data1\" content=\"3 minuty\" \/>\n<!-- \/ Yoast SEO plugin. -->","yoast_head_json":{"title":"Wtyczka Job Board \u2014 dodaj wtyczk\u0119 Job Board do witryny GoDaddy!","description":"Umie\u015b\u0107 responsywn\u0105 wtyczk\u0119 Job Board na swojej stronie GoDaddy i pozw\u00f3l potencjalnym pracownikom przegl\u0105da\u0107 oferty pracy!","robots":{"index":"index","follow":"follow","max-snippet":"max-snippet:-1","max-image-preview":"max-image-preview:large","max-video-preview":"max-video-preview:-1"},"canonical":"https:\/\/elfsight.com\/pl\/job-board-widget\/godaddy\/","og_locale":"pl_PL","og_type":"article","og_title":"Wtyczka Job Board \u2014 dodaj wtyczk\u0119 Job Board do witryny GoDaddy!","og_description":"Umie\u015b\u0107 responsywn\u0105 wtyczk\u0119 Job Board na swojej stronie GoDaddy i pozw\u00f3l potencjalnym pracownikom przegl\u0105da\u0107 oferty pracy!","og_url":"https:\/\/elfsight.com\/pl\/job-board-widget\/godaddy\/","og_site_name":"Elfsight PL","article_modified_time":"2024-10-24T13:27:13+00:00","twitter_card":"summary_large_image","twitter_misc":{"Szacowany czas czytania":"3 minuty"},"schema":{"@context":"https:\/\/schema.org","@graph":[{"@type":"WebPage","@id":"https:\/\/elfsight.com\/pl\/job-board-widget\/godaddy\/","url":"https:\/\/elfsight.com\/pl\/job-board-widget\/godaddy\/","name":"Wtyczka Job Board \u2014 dodaj wtyczk\u0119 Job Board do witryny GoDaddy!","isPartOf":{"@id":"https:\/\/elfsight.com\/pl\/#website"},"datePublished":"2024-05-03T06:39:56+00:00","dateModified":"2024-10-24T13:27:13+00:00","description":"Umie\u015b\u0107 responsywn\u0105 wtyczk\u0119 Job Board na swojej stronie GoDaddy i pozw\u00f3l potencjalnym pracownikom przegl\u0105da\u0107 oferty pracy!","breadcrumb":{"@id":"https:\/\/elfsight.com\/pl\/job-board-widget\/godaddy\/#breadcrumb"},"inLanguage":"pl-PL","potentialAction":[{"@type":"ReadAction","target":["https:\/\/elfsight.com\/pl\/job-board-widget\/godaddy\/"]}]},{"@type":"BreadcrumbList","@id":"https:\/\/elfsight.com\/pl\/job-board-widget\/godaddy\/#breadcrumb","itemListElement":[{"@type":"ListItem","position":1,"name":"Home","item":"https:\/\/elfsight.com\/pl\/"},{"@type":"ListItem","position":2,"name":"Job Board","item":"https:\/\/elfsight.com\/pl\/job-board-widget\/"},{"@type":"ListItem","position":3,"name":"Job Board &#8211; GoDaddy"}]},{"@type":"WebSite","@id":"https:\/\/elfsight.com\/pl\/#website","url":"https:\/\/elfsight.com\/pl\/","name":"Elfsight PL","description":"Just another Elfsight Sites site","potentialAction":[{"@type":"SearchAction","target":{"@type":"EntryPoint","urlTemplate":"https:\/\/elfsight.com\/pl\/?s={search_term_string}"},"query-input":{"@type":"PropertyValueSpecification","valueRequired":true,"valueName":"search_term_string"}}],"inLanguage":"pl-PL"}]}},"meta_box":{"industry":"","seo_heading":"","heading":"","description":"","cta_heading":"","cta_description":"","application":"3355","h1":"Wtyczka GoDaddy Job Board","h1_caption":"Utw\u00f3rz tablic\u0119 og\u0142osze\u0144, w kt\u00f3rej mo\u017cesz umieszcza\u0107 og\u0142oszenia o wolnych stanowiskach w swojej witrynie i z \u0142atwo\u015bci\u0105 przyci\u0105gaj potencjalnych kandydat\u00f3w do swojej witryny GoDaddy.","application_category":[],"applications_title":"","applications_request_title":"","applications_request_button_text":"","hero_text":"","hero_video":"","hero_video_schema_markup":"","selling_points_title":"","selling_points_caption":"","selling_points":[],"selling_points_cta_text":"","features_title":"","features":"","ed_cta_examples_text":"","ed_cta_examples_hidden":"","ed_cta_demo_text":"","ed_cta_demo_hidden":"","why_caption":"","why_editor_title":"","why_editor_text":"","why_team_title":"","why_team_text":"","why_service_title":"","why_service_text":"","template_catalog_visible":"","template_catalog_title":"","template_catalog_text":"","template_catalog_categories_visible":"","demo_title":"Nie wahaj si\u0119 i utw\u00f3rz niestandardow\u0105 tablic\u0119 og\u0142osze\u0144 GoDaddy","demo_caption":"Dostosuj je i zintegruj narz\u0119dzie na swojej stronie internetowej, korzystaj\u0105c z aktywnego demo.","default_faq_hidden":"","app_template_category":[],"platform":"180","template_public_id":"","codecanyon_url":"","codecanyon_item_id":"","codecanyon_price":"","pricing_caption":"","pricing_elfsight_apps_hide_column":"","pricing_elfsight_apps_url":"","pricing_codecanyon_price_caption":"","integration_category":[],"integration_request_title":"","integration_request_cta":"","integration_platform":"","integrations":[],"platform_category":[],"video_schema_markup":"","price":"od 0 USD \/ miesi\u0105c","trial":"","benefits":[{"text":"Bezp\u0142atna us\u0142uga monta\u017cu"},{"text":"Wyj\u0105tkowe wsparcie"},{"text":"14-dniowa gwarancja zwrotu pieni\u0119dzy"}],"button_url":"#demo","button_target_blank":"","button_nofollow":"","attributes":[{"name":"Instaluje"},{"name":"Czu\u0142y"},{"name":"Kompatybilne przegl\u0105darki"}],"tags":[],"tags_disable_links":"","hide_more_platforms":"","video_object":"","demo_hide_cta":"","demo_hide_cloud_options":"","pricing_title":"","pricing":[{"pricing_icon":"platform","pricing_title":"Elfsight Apps","pricing_title_caption":"Oprogramowanie niezale\u017cne od platformy, kt\u00f3re pasuje do ka\u017cdej witryny internetowej","pricing_price":"od 0 USD \/ miesi\u0105c","pricing_price_caption":"zacznij od bezp\u0142atnego planu","pricing_benefits":[{"text":"Nielimitowane strony internetowe"},{"text":"Profesjonalne i terminowe wsparcie"},{"text":"Bezp\u0142atna us\u0142uga monta\u017cu"},{"text":"W pe\u0142ni konfigurowalny"}],"pricing_button_text":"Dodaj do witryny","pricing_button_url":"#demo"}],"related_apps_title":"","related_apps_hidden":"","author":"","image":[],"title":"","job":"","social_networks":[]},"_links":{"self":[{"href":"https:\/\/elfsight.com\/pl\/wp-json\/wp\/v2\/pages\/5541","targetHints":{"allow":["GET"]}}],"collection":[{"href":"https:\/\/elfsight.com\/pl\/wp-json\/wp\/v2\/pages"}],"about":[{"href":"https:\/\/elfsight.com\/pl\/wp-json\/wp\/v2\/types\/page"}],"author":[{"embeddable":true,"href":"https:\/\/elfsight.com\/pl\/wp-json\/wp\/v2\/users\/9"}],"replies":[{"embeddable":true,"href":"https:\/\/elfsight.com\/pl\/wp-json\/wp\/v2\/comments?post=5541"}],"version-history":[{"count":1,"href":"https:\/\/elfsight.com\/pl\/wp-json\/wp\/v2\/pages\/5541\/revisions"}],"predecessor-version":[{"id":5545,"href":"https:\/\/elfsight.com\/pl\/wp-json\/wp\/v2\/pages\/5541\/revisions\/5545"}],"up":[{"embeddable":true,"href":"https:\/\/elfsight.com\/pl\/wp-json\/wp\/v2\/pages\/3397"}],"wp:attachment":[{"href":"https:\/\/elfsight.com\/pl\/wp-json\/wp\/v2\/media?parent=5541"}],"curies":[{"name":"wp","href":"https:\/\/api.w.org\/{rel}","templated":true}]}}