{"id":5535,"date":"2024-05-03T06:39:54","date_gmt":"2024-05-03T06:39:54","guid":{"rendered":"https:\/\/elfsight.com\/pl\/?page_id=5535"},"modified":"2025-06-26T15:46:54","modified_gmt":"2025-06-26T15:46:54","slug":"jimdo","status":"publish","type":"page","link":"https:\/\/elfsight.com\/pl\/job-board-widget\/jimdo\/","title":{"rendered":"Job Board &#8211; Jimdo"},"content":{"rendered":"<div class=\"application-platform-content-item-description application-platform-content-item\" id=\"description\" data-nav-section=\"description\">\n<h2>Opis<\/h2>\n<p>Tablica ofert pracy Elfsight to atrakcyjne narz\u0119dzie umo\u017cliwiaj\u0105ce publikowanie ofert pracy i pobieranie CV od kandydat\u00f3w bezpo\u015brednio na Twoim koncie stron\u0119 internetow\u0105 w najprostszy spos\u00f3b. Dzi\u0119ki naszemu nowemu wid\u017cetowi b\u0119dziesz m\u00f3g\u0142 ujawni\u0107 swoj\u0105 firm\u0119, publikowa\u0107 informacje o wolnych stanowiskach pracy i otrzymywa\u0107 CV. Widget umo\u017cliwia utworzenie karty pracy wraz ze szczeg\u00f3\u0142owym opisem i przyciskiem Aplikuj. Korzystanie z Portalu Pracy pozwala na uproszczenie procesu rekrutacji i uzyskanie odpowiedzi na og\u0142oszenia o prac\u0119 za pomoc\u0105 kilku klikni\u0119\u0107.<\/p>\n<p><b>\u0141atwiej zatrudniaj ludzi dzi\u0119ki Portalowi ofert pracy.<\/b><\/p>\n<\/div>\n\n<div class=\"application-platform-content-item-features application-platform-content-item\" id=\"features\" data-nav-section=\"features\">\n<h2>To tylko kilka z wielu funkcji widgetu:<\/h2>\n<ul>\n    <li>Dodaj dowoln\u0105 liczb\u0119 ofert pracy<\/li>\n    <li>Opisz szczeg\u00f3\u0142owo ofert\u0119 pracy i podaj: wynagrodzenie, stanowisko i wymagane umiej\u0119tno\u015bci<\/li>\n    <li>Zostaw kontakt szczeg\u00f3\u0142y: dzia\u0142, lokalizacja i nazwa Twojej firmy<\/li>\n    <li>Wstaw przycisk Dowiedz si\u0119 wi\u0119cej, Aplikuj teraz lub jedno i drugie<\/li>\n    <li>Prze\u0142\u0105czane konfiguracje wyskakuj\u0105cych okienek<\/li>\n    <li>Spraw, aby Twoje karty pracy pojawia\u0142y si\u0119 w tryb wyskakuj\u0105cego<\/li>\n<\/ul>\n<p><a href=\"#demo\">Mo\u017cesz sprawdzi\u0107, czy wid\u017cet jest dla Ciebie, korzystaj\u0105c z wersji demonstracyjnej<\/a><\/p>\n<\/div>\n\n<div class=\"application-platform-content-item-installation application-platform-content-item\" id=\"installation\" data-nav-section=\"installation\">\n<h2>Jak doda\u0107 Tablic\u0119 og\u0142osze\u0144 do mojej witryny Jimdo?<\/h2>\n<p>Wystarczy wykona\u0107 poni\u017csze wskaz\u00f3wki, aby doda\u0107 narz\u0119dzie.<\/p>\n<ol>\n    <li><b>Uruchom nasz darmowy konfigurator i zacznij tworzy\u0107 sw\u00f3j w\u0142asny instrument. <\/b><br> Okre\u015bl wybrany wygl\u0105d i funkcje narz\u0119dzia oraz zastosuj poprawki. <\/li>\n    <li><b>Zdob\u0105d\u017a sw\u00f3j unikalny kod widoczny w pude\u0142ku w aplikacjach Elfsight. <\/b><br> Po zako\u0144czeniu generowania Twojego osobistego narz\u0119dzia skopiuj ekskluzywny kod z pude\u0142ka i zachowaj go do wykorzystania w przysz\u0142o\u015bci. <\/li>\n    <li><b>Rozpocznij korzystanie z widgetu na stronie Jimdo. <\/b><br> Wklej ostatnio skopiowany kod na swoj\u0105 stron\u0119 g\u0142\u00f3wn\u0105 i zapisz ulepszenia. <\/li>\n    <li><b>Gotowe! Integracja zosta\u0142a pomy\u015blnie przeprowadzona. <\/b><br> Odwied\u017a swoj\u0105 stron\u0119, aby zapozna\u0107 si\u0119 z dzia\u0142aniem narz\u0119dzia. <\/li>\n<\/ol>\n<p>Je\u015bli masz jakiekolwiek problemy, skontaktuj si\u0119 z naszym zespo\u0142em pomocy technicznej. Nasi ludzie z przyjemno\u015bci\u0105 odpowiedz\u0105 na wszystkie pytania, jakie mo\u017cesz mie\u0107 w zwi\u0105zku z tym narz\u0119dziem.<\/p>\n<div class=\"faq\" data-component=\"FAQ\">\n    <div class=\"faq-item\">\r\n\t\t\t\t\t<div class=\"faq-item-question\">\r\n\t\t\t\t\t\t<h3 class=\"faq-item-question-text\">Czy istnieje spos\u00f3b osadzenia tablicy og\u0142osze\u0144 na mojej stronie g\u0142\u00f3wnej Jimdo bez do\u015bwiadczenia w programowaniu?<\/h3>\r\n\r\n\t\t\t\t\t\t<div class=\"faq-item-question-icon\"><\/div>\r\n\t\t\t\t\t<\/div>\r\n\r\n\t\t\t\t\t<div class=\"faq-item-answer\">\r\n\t\t\t\t\t\t<div class=\"faq-item-answer-text\">\n    <p>Elfsight wprowadza rozwi\u0105zanie w chmurze, kt\u00f3re umo\u017cliwia samodzielne wygenerowanie wtyczki tablicy og\u0142osze\u0144 , odkryj, jak prosty jest ten proces: Przejd\u017a do wersji demonstracyjnej na \u017cywo, aby stworzy\u0107 aplikacj\u0119 Tablica og\u0142osze\u0144, kt\u00f3r\u0105 chcesz doda\u0107 na stronie internetowej Jimdo. Wybierz jeden z wielu gotowych szablon\u00f3w i zmie\u0144 ustawienia Tablicy og\u0142oszeniowej, dodaj swoj\u0105 tre\u015b\u0107, zmie\u0144 uk\u0142ad i kolorystyk\u0119 bez umiej\u0119tno\u015bci kodowania. Kliknij, aby zapisa\u0107 dokonane ustawienia w Tablicy og\u0142osze\u0144 i otrzyma\u0107 kod instalacyjny, kt\u00f3ry mo\u017cesz bez problemu wklei\u0107 na swojej stronie internetowej Jimdo i bezp\u0142atnie. Za pomoc\u0105 prostego edytora ka\u017cdy internauta mo\u017ce za\u0142o\u017cy\u0107 sekcj\u0119 Tablica og\u0142osze\u0144 online i \u0142atwo wklei\u0107 j\u0105 na stron\u0119 Jimdo. Aby skorzysta\u0107 z naszego serwisu, nie trzeba p\u0142aci\u0107 ani wprowadza\u0107 danych karty. Je\u015bli napotkasz jakiekolwiek problemy, skontaktuj si\u0119 z naszym zespo\u0142em pomocy technicznej.<\/p>\n    <\/div>\r\n\t\t\t\t\t<\/div>\r\n\t\t\t\t<\/div>\n<\/div>\n<\/div>","protected":false},"excerpt":{"rendered":"","protected":false},"author":9,"featured_media":0,"parent":3397,"menu_order":0,"comment_status":"closed","ping_status":"closed","template":"templates\/template-application-platform.php","meta":{"publish_to_discourse":"","publish_post_category":"","wpdc_auto_publish_overridden":"","wpdc_topic_tags":"","wpdc_pin_topic":"","wpdc_pin_until":"","discourse_post_id":"","discourse_permalink":"","wpdc_publishing_response":"","wpdc_publishing_error":"","footnotes":""},"class_list":["post-5535","page","type-page","status-publish","hentry"],"yoast_head":"<!-- This site is optimized with the Yoast SEO plugin v25.3.1 - https:\/\/yoast.com\/wordpress\/plugins\/seo\/ -->\n<title>Jimdo Job Board - Dodaj oferty pracy do Jimdo (2025)<\/title>\n<meta name=\"description\" content=\"Dodaj responsywny wid\u017cet Portalu Pracy na swojej stronie Jimdo i pozw\u00f3l swoim potencjalnym pracownikom przegl\u0105da\u0107 wolne miejsca pracy!\" \/>\n<meta name=\"robots\" content=\"index, follow, max-snippet:-1, max-image-preview:large, max-video-preview:-1\" \/>\n<link rel=\"canonical\" href=\"https:\/\/elfsight.com\/pl\/job-board-widget\/jimdo\/\" \/>\n<meta property=\"og:locale\" content=\"pl_PL\" \/>\n<meta property=\"og:type\" content=\"article\" \/>\n<meta property=\"og:title\" content=\"Jimdo Job Board - Dodaj oferty pracy do Jimdo (2025)\" \/>\n<meta property=\"og:description\" content=\"Dodaj responsywny wid\u017cet Portalu Pracy na swojej stronie Jimdo i pozw\u00f3l swoim potencjalnym pracownikom przegl\u0105da\u0107 wolne miejsca pracy!\" \/>\n<meta property=\"og:url\" content=\"https:\/\/elfsight.com\/pl\/job-board-widget\/jimdo\/\" \/>\n<meta property=\"og:site_name\" content=\"Elfsight PL\" \/>\n<meta property=\"article:modified_time\" content=\"2025-06-26T15:46:54+00:00\" \/>\n<meta name=\"twitter:card\" content=\"summary_large_image\" \/>\n<meta name=\"twitter:label1\" content=\"Szacowany czas czytania\" \/>\n\t<meta name=\"twitter:data1\" content=\"3 minuty\" \/>\n<!-- \/ Yoast SEO plugin. -->","yoast_head_json":{"title":"Jimdo Job Board - Dodaj oferty pracy do Jimdo (2025)","description":"Dodaj responsywny wid\u017cet Portalu Pracy na swojej stronie Jimdo i pozw\u00f3l swoim potencjalnym pracownikom przegl\u0105da\u0107 wolne miejsca pracy!","robots":{"index":"index","follow":"follow","max-snippet":"max-snippet:-1","max-image-preview":"max-image-preview:large","max-video-preview":"max-video-preview:-1"},"canonical":"https:\/\/elfsight.com\/pl\/job-board-widget\/jimdo\/","og_locale":"pl_PL","og_type":"article","og_title":"Jimdo Job Board - Dodaj oferty pracy do Jimdo (2025)","og_description":"Dodaj responsywny wid\u017cet Portalu Pracy na swojej stronie Jimdo i pozw\u00f3l swoim potencjalnym pracownikom przegl\u0105da\u0107 wolne miejsca pracy!","og_url":"https:\/\/elfsight.com\/pl\/job-board-widget\/jimdo\/","og_site_name":"Elfsight PL","article_modified_time":"2025-06-26T15:46:54+00:00","twitter_card":"summary_large_image","twitter_misc":{"Szacowany czas czytania":"3 minuty"},"schema":{"@context":"https:\/\/schema.org","@graph":[{"@type":"WebPage","@id":"https:\/\/elfsight.com\/pl\/job-board-widget\/jimdo\/","url":"https:\/\/elfsight.com\/pl\/job-board-widget\/jimdo\/","name":"Jimdo Job Board - Dodaj oferty pracy do Jimdo (2025)","isPartOf":{"@id":"https:\/\/elfsight.com\/pl\/#website"},"datePublished":"2024-05-03T06:39:54+00:00","dateModified":"2025-06-26T15:46:54+00:00","description":"Dodaj responsywny wid\u017cet Portalu Pracy na swojej stronie Jimdo i pozw\u00f3l swoim potencjalnym pracownikom przegl\u0105da\u0107 wolne miejsca pracy!","breadcrumb":{"@id":"https:\/\/elfsight.com\/pl\/job-board-widget\/jimdo\/#breadcrumb"},"inLanguage":"pl-PL","potentialAction":[{"@type":"ReadAction","target":["https:\/\/elfsight.com\/pl\/job-board-widget\/jimdo\/"]}]},{"@type":"BreadcrumbList","@id":"https:\/\/elfsight.com\/pl\/job-board-widget\/jimdo\/#breadcrumb","itemListElement":[{"@type":"ListItem","position":1,"name":"Home","item":"https:\/\/elfsight.com\/pl\/"},{"@type":"ListItem","position":2,"name":"Job Board","item":"https:\/\/elfsight.com\/pl\/job-board-widget\/"},{"@type":"ListItem","position":3,"name":"Job Board &#8211; Jimdo"}]},{"@type":"WebSite","@id":"https:\/\/elfsight.com\/pl\/#website","url":"https:\/\/elfsight.com\/pl\/","name":"Elfsight PL","description":"Just another Elfsight Sites site","potentialAction":[{"@type":"SearchAction","target":{"@type":"EntryPoint","urlTemplate":"https:\/\/elfsight.com\/pl\/?s={search_term_string}"},"query-input":{"@type":"PropertyValueSpecification","valueRequired":true,"valueName":"search_term_string"}}],"inLanguage":"pl-PL"}]}},"meta_box":{"industry":"","seo_heading":"","heading":"","description":"","cta_heading":"","cta_description":"","application":"3355","h1":"Wid\u017cet tablicy og\u0142osze\u0144 Jimdo","h1_caption":"Utw\u00f3rz tablic\u0119 og\u0142osze\u0144 z og\u0142oszeniami o wolnych stanowiskach na swojej stronie internetowej i z \u0142atwo\u015bci\u0105 przyci\u0105gnij potencjalnych kandydat\u00f3w do swojej witryny Jimdo.","application_category":[],"applications_title":"","applications_request_title":"","applications_request_button_text":"","hero_text":"","hero_video":"","hero_video_schema_markup":"","selling_points_title":"","selling_points_caption":"","selling_points":[],"selling_points_cta_text":"","features_title":"","features":"","ed_cta_examples_text":"","ed_cta_examples_hidden":"","ed_cta_demo_text":"","ed_cta_demo_hidden":"","why_caption":"","why_editor_title":"","why_editor_text":"","why_team_title":"","why_team_text":"","why_service_title":"","why_service_text":"","template_catalog_visible":"0","template_catalog_title":"","template_catalog_text":"","template_catalog_categories_visible":"","demo_title":"Pospiesz si\u0119, aby stworzy\u0107 spersonalizowan\u0105 tablic\u0119 og\u0142osze\u0144 Jimdo","demo_caption":"Dostosuj widget i zaimplementuj go na swojej stronie, korzystaj\u0105c z wersji demonstracyjnej.","default_faq_hidden":"","app_template_category":[],"platform":"193","template_public_id":"","codecanyon_url":"","codecanyon_item_id":"","codecanyon_price":"","pricing_caption":"","pricing_elfsight_apps_hide_column":"","pricing_elfsight_apps_url":"","pricing_codecanyon_price_caption":"","integration_category":[],"integration_request_title":"","integration_request_cta":"","integration_platform":"","integrations":[],"platform_category":[],"video_schema_markup":"","price":"od 0 USD \/ miesi\u0105c","trial":"","benefits":[{"text":"Bezp\u0142atna pomoc w monta\u017cu"},{"text":"Do\u015bwiadczona obs\u0142uga klienta"},{"text":"14-dniowa gwarancja zwrotu pieni\u0119dzy"}],"button_url":"#demo","button_target_blank":"0","button_nofollow":"0","attributes":[{"name":"Instaluje"},{"name":"Czu\u0142y"},{"name":"Kompatybilne przegl\u0105darki"}],"tags":[],"tags_disable_links":"0","hide_more_platforms":"0","video_object":"","demo_hide_cta":"0","demo_hide_cloud_options":"0","pricing_title":"","pricing":[{"pricing_icon":"platform","pricing_title":"Elfsight Apps","pricing_title_caption":"Oprogramowanie wieloplatformowe","pricing_price":"od 0 USD \/ miesi\u0105c","pricing_price_caption":"zacznij od bezp\u0142atnego planu","pricing_benefits":[{"text":"Nieograniczona liczba stron internetowych"},{"text":"Szybka obs\u0142uga klienta"},{"text":"Bezp\u0142atna us\u0142uga monta\u017cu"},{"text":"100% konfigurowalny"}],"pricing_button_text":"Dodaj do witryny","pricing_button_url":"#demo"}],"related_apps_title":"","related_apps_hidden":"0","author":"","image":[],"title":"","job":"","social_networks":[]},"_links":{"self":[{"href":"https:\/\/elfsight.com\/pl\/wp-json\/wp\/v2\/pages\/5535","targetHints":{"allow":["GET"]}}],"collection":[{"href":"https:\/\/elfsight.com\/pl\/wp-json\/wp\/v2\/pages"}],"about":[{"href":"https:\/\/elfsight.com\/pl\/wp-json\/wp\/v2\/types\/page"}],"author":[{"embeddable":true,"href":"https:\/\/elfsight.com\/pl\/wp-json\/wp\/v2\/users\/9"}],"replies":[{"embeddable":true,"href":"https:\/\/elfsight.com\/pl\/wp-json\/wp\/v2\/comments?post=5535"}],"version-history":[{"count":2,"href":"https:\/\/elfsight.com\/pl\/wp-json\/wp\/v2\/pages\/5535\/revisions"}],"predecessor-version":[{"id":10602,"href":"https:\/\/elfsight.com\/pl\/wp-json\/wp\/v2\/pages\/5535\/revisions\/10602"}],"up":[{"embeddable":true,"href":"https:\/\/elfsight.com\/pl\/wp-json\/wp\/v2\/pages\/3397"}],"wp:attachment":[{"href":"https:\/\/elfsight.com\/pl\/wp-json\/wp\/v2\/media?parent=5535"}],"curies":[{"name":"wp","href":"https:\/\/api.w.org\/{rel}","templated":true}]}}