{"id":553,"date":"2020-11-20T12:41:04","date_gmt":"2020-11-20T12:41:04","guid":{"rendered":"https:\/\/elfsight.com\/pl\/?page_id=553"},"modified":"2021-04-21T13:48:36","modified_gmt":"2021-04-21T13:48:36","slug":"ghost-cms-plugins","status":"publish","type":"page","link":"https:\/\/elfsight.com\/pl\/ghost-cms-plugins\/","title":{"rendered":"Ghost plugins"},"content":{"rendered":"\n<h2>Najskuteczniejsze pluginy Elfsight dla aktualizacji twojej strony www Ghost<\/h2>\n\n<p>Na przestrzeni dziewi\u0119ciu lat nasz team programist\u00f3w Elfsight projektuje przyjazne dla u\u017cytkownika i konfigurowalne wid\u017cety chmurowe dla Twojej firmy. Nasz zesp\u00f3\u0142 gwarantuj\u0105 obs\u0142ug\u0119 techniczn\u0105 oraz szybko\u015b\u0107 wczytywania. Wtyczki Elfsight wspomagaj\u0105 w\u0142a\u015bcicielom serwis\u00f3w e-commerce, niekomercyjnych oraz wielu innym z r\u00f3\u017cnych kraj\u00f3w \u015bwiata poradzi\u0107 sobie z r\u00f3\u017cnymi problemami wydajniej. \n<\/p>\n\n<p>A\u017ceby podnie\u015b\u0107 poziom sprzeda\u017cy, zademonstrowa\u0107 pozytywne odzewy na Pa\u0144stwa produkty, zwi\u0119kszy\u0107 zaufanie do swojej marki przez zainstalowanie wtyczki do swojego serwisu www. Nasze plany subskrypcji s\u0105 w zakresie od bezp\u0142atnych do premium. Szybko dodaj wszelkie odpowiednie wtyczki przy u\u017cyciu naszej wersji Live Demo i sprawd\u017a jak bardzo to b\u0119dzie korzystne w kwestii rozwoju witryny Twojego przedsi\u0119biorstwa. <\/p>\n\n<h2>Czemu nasze widgety Elfsight s\u0105 wyj\u0105tkowymi narz\u0119dziami dla Twojej witryny? <\/h2>\n\n<p> Zobacz spis podstawowych charakterystyk naszych aplikacji, kt\u00f3re umo\u017cliwiaj\u0105 nam wyprzedzi\u0107 konkurencj\u0119: <\/p>\n\n\n<ul>\n<li> Bezp\u0142atna i szybka obs\u0142uga przy instalacje lub customizacji plugin\u00f3w; <\/li>\n<li> Adaptacja do wszystkich rozdzielczo\u015bci stron internetowych i przyjazne dla urz\u0105dze\u0144 mobilnych; <\/li>\n<li> Nie musisz mie\u0107 \u015brodk\u00f3w programowania lub umiej\u0119tno\u015bci; <\/li>\n<li> Bogaty wyb\u00f3r ustawie\u0144 dostosowywania; <\/li>\n<li> Oparte na chmurze widgety pomagaj\u0105 zwi\u0119kszy\u0107 pr\u0119dko\u015b\u0107 serwisu; <\/li>\n<li> Wszystkie przysz\u0142e aktualizacje s\u0105 bezp\u0142atne i regularnie publikowane; <\/li>\n<li> Rozs\u0105dny zakres cen; <\/li>\n<li> Szybka pomoc z problemami klient\u00f3w. <\/li>\n<\/ul>\n\n<p> Poznaj bezp\u0142atne opcje naszych aplikacji i wykorzystaj jej potencja\u0142 lub kup dowolne wymagane wtyczk\u0119 z 20% zni\u017ck\u0105. <\/p>\n\n\n<h2> W jaki spos\u00f3b do\u0142\u0105czy\u0107 wtyczki Elfsight na Pa\u0144stwa witrynie Ghost <\/h2>\n\n<p> A\u017ceby do\u0142\u0105czy\u0107 nasze rozszerzenia, wykonaj nast\u0119pnie kroki z \u0142atwej wskaz\u00f3wki: <\/p>\n\n\n<ol>\n<li> Wybierz przydatn\u0105 wtyczk\u0119; <\/li>\n<li> Zmie\u0144 potrzebne konfiguracji; <\/li>\n<li> Kliknij przycisk &#8222;Zapisz Zmiany&#8221;; <\/li>\n<li> Kliknij generowany kod; <\/li>\n<li> Zainstaluj ten kod w przydatnym miejscu Twojej witryny lub szablonu; <\/li>\n<li> Gotowe! Z powodzeniem doda\u0142e\u015b plugin. <\/li>\n<\/ol>\n\n<p> Je\u015bli potrzebujesz porady, zapraszamy poinformowa\u0107 o tym zespo\u0142 wsparcia Elfsight. <\/p>\n","protected":false},"excerpt":{"rendered":"Najskuteczniejsze pluginy Elfsight dla aktualizacji twojej strony www Ghost Na przestrzeni dziewi\u0119ciu lat nasz team programist\u00f3w Elfsight projektuje przyjazne dla u\u017cytkownika i konfigurowalne wid\u017cety chmurowe dla Twojej firmy. Nasz zesp\u00f3\u0142 gwarantuj\u0105 obs\u0142ug\u0119 techniczn\u0105 oraz szybko\u015b\u0107 wczytywania. Wtyczki Elfsight wspomagaj\u0105 w\u0142a\u015bcicielom serwis\u00f3w e-commerce, niekomercyjnych oraz wielu innym z r\u00f3\u017cnych kraj\u00f3w \u015bwiata&#8230;","protected":false},"author":13,"featured_media":0,"parent":0,"menu_order":0,"comment_status":"closed","ping_status":"closed","template":"templates\/template-platform.php","meta":{"publish_to_discourse":"","publish_post_category":"","wpdc_auto_publish_overridden":"","wpdc_topic_tags":"","wpdc_pin_topic":"","wpdc_pin_until":"","discourse_post_id":"","discourse_permalink":"","wpdc_publishing_response":"","wpdc_publishing_error":"","footnotes":""},"class_list":["post-553","page","type-page","status-publish","hentry"],"yoast_head":"<!-- This site is optimized with the Yoast SEO plugin v25.3.1 - https:\/\/yoast.com\/wordpress\/plugins\/seo\/ -->\n<title>Ponad 80 najlepszych darmowych Ghost plugin\u00f3w dla strony internetowej<\/title>\n<meta name=\"description\" content=\"Pakiet doskona\u0142ych darmowych plugin\u00f3w pierwszej klasy dla twojej strony www Ghost. Pom\u00f3c w dostosowanie i szeroka gama opcji.\" \/>\n<meta name=\"robots\" content=\"index, follow, max-snippet:-1, max-image-preview:large, max-video-preview:-1\" \/>\n<link rel=\"canonical\" href=\"https:\/\/elfsight.com\/pl\/ghost-cms-plugins\/\" \/>\n<meta property=\"og:locale\" content=\"pl_PL\" \/>\n<meta property=\"og:type\" content=\"article\" \/>\n<meta property=\"og:title\" content=\"Ponad 80 najlepszych darmowych Ghost plugin\u00f3w dla strony internetowej\" \/>\n<meta property=\"og:description\" content=\"Pakiet doskona\u0142ych darmowych plugin\u00f3w pierwszej klasy dla twojej strony www Ghost. Pom\u00f3c w dostosowanie i szeroka gama opcji.\" \/>\n<meta property=\"og:url\" content=\"https:\/\/elfsight.com\/pl\/ghost-cms-plugins\/\" \/>\n<meta property=\"og:site_name\" content=\"Elfsight PL\" \/>\n<meta property=\"article:modified_time\" content=\"2021-04-21T13:48:36+00:00\" \/>\n<meta name=\"twitter:card\" content=\"summary_large_image\" \/>\n<meta name=\"twitter:label1\" content=\"Szacowany czas czytania\" \/>\n\t<meta name=\"twitter:data1\" content=\"2 minuty\" \/>\n<!-- \/ Yoast SEO plugin. -->","yoast_head_json":{"title":"Ponad 80 najlepszych darmowych Ghost plugin\u00f3w dla strony internetowej","description":"Pakiet doskona\u0142ych darmowych plugin\u00f3w pierwszej klasy dla twojej strony www Ghost. Pom\u00f3c w dostosowanie i szeroka gama opcji.","robots":{"index":"index","follow":"follow","max-snippet":"max-snippet:-1","max-image-preview":"max-image-preview:large","max-video-preview":"max-video-preview:-1"},"canonical":"https:\/\/elfsight.com\/pl\/ghost-cms-plugins\/","og_locale":"pl_PL","og_type":"article","og_title":"Ponad 80 najlepszych darmowych Ghost plugin\u00f3w dla strony internetowej","og_description":"Pakiet doskona\u0142ych darmowych plugin\u00f3w pierwszej klasy dla twojej strony www Ghost. Pom\u00f3c w dostosowanie i szeroka gama opcji.","og_url":"https:\/\/elfsight.com\/pl\/ghost-cms-plugins\/","og_site_name":"Elfsight PL","article_modified_time":"2021-04-21T13:48:36+00:00","twitter_card":"summary_large_image","twitter_misc":{"Szacowany czas czytania":"2 minuty"},"schema":{"@context":"https:\/\/schema.org","@graph":[{"@type":"WebPage","@id":"https:\/\/elfsight.com\/pl\/ghost-cms-plugins\/","url":"https:\/\/elfsight.com\/pl\/ghost-cms-plugins\/","name":"Ponad 80 najlepszych darmowych Ghost plugin\u00f3w dla strony internetowej","isPartOf":{"@id":"https:\/\/elfsight.com\/pl\/#website"},"datePublished":"2020-11-20T12:41:04+00:00","dateModified":"2021-04-21T13:48:36+00:00","description":"Pakiet doskona\u0142ych darmowych plugin\u00f3w pierwszej klasy dla twojej strony www Ghost. Pom\u00f3c w dostosowanie i szeroka gama opcji.","breadcrumb":{"@id":"https:\/\/elfsight.com\/pl\/ghost-cms-plugins\/#breadcrumb"},"inLanguage":"pl-PL","potentialAction":[{"@type":"ReadAction","target":["https:\/\/elfsight.com\/pl\/ghost-cms-plugins\/"]}]},{"@type":"BreadcrumbList","@id":"https:\/\/elfsight.com\/pl\/ghost-cms-plugins\/#breadcrumb","itemListElement":[{"@type":"ListItem","position":1,"name":"Home","item":"https:\/\/elfsight.com\/pl\/"},{"@type":"ListItem","position":2,"name":"Ghost plugins"}]},{"@type":"WebSite","@id":"https:\/\/elfsight.com\/pl\/#website","url":"https:\/\/elfsight.com\/pl\/","name":"Elfsight PL","description":"Just another Elfsight Sites site","potentialAction":[{"@type":"SearchAction","target":{"@type":"EntryPoint","urlTemplate":"https:\/\/elfsight.com\/pl\/?s={search_term_string}"},"query-input":{"@type":"PropertyValueSpecification","valueRequired":true,"valueName":"search_term_string"}}],"inLanguage":"pl-PL"}]}},"meta_box":{"industry":"","seo_heading":"","heading":"","description":"","cta_heading":"","cta_description":"","application":"","h1":"Najlepsze pluginy Ghost","h1_caption":"Darmowy katalog rewelacyjnych wtyczek pierwszej klasy z szerok\u0105 gam\u0105 funkcjonalno\u015bci dla zwi\u0119kszenia aktywno\u015bci u\u017cytkownik\u00f3w oraz wykonania wszystkich kluczowych cel\u00f3w w zakresie rozwoju komercyjnego. Nieskomplikowana instalacja, szeroki wyb\u00f3r opcji dostosowywania i do\u017cywotni serwis pomocy klienta.","application_category":[],"applications_title":"Obczaj najodpowiedniejsze pluginy dla twojej witryny sieci Web w\u015br\u00f3d wszystkich rozszerze\u0144 gratisowych w wersji demonstracyjnej","applications_request_title":"Nie mo\u017cesz znale\u017a\u0107 odpowiedniego plugina","applications_request_button_text":"Zam\u00f3w plugin","hero_text":"","hero_video":"","hero_video_schema_markup":"","selling_points_title":"","selling_points_caption":"","selling_points":[],"selling_points_cta_text":"","features_title":"","features":"","ed_cta_examples_text":"","ed_cta_examples_hidden":"","ed_cta_demo_text":"","ed_cta_demo_hidden":"","why_caption":"","why_editor_title":"","why_editor_text":"","why_team_title":"","why_team_text":"","why_service_title":"","why_service_text":"","template_catalog_visible":"","template_catalog_title":"","template_catalog_text":"","template_catalog_categories_visible":"","demo_title":"","demo_caption":"","default_faq_hidden":"","app_template_category":[],"platform":"550","template_public_id":"","codecanyon_url":"","codecanyon_item_id":"","codecanyon_price":"","pricing_caption":"","pricing_elfsight_apps_hide_column":"","pricing_elfsight_apps_url":"","pricing_codecanyon_price_caption":"","integration_category":[],"integration_request_title":"","integration_request_cta":"","integration_platform":"","integrations":[],"platform_category":[],"video_schema_markup":"","price":"","trial":"","benefits":[],"button_url":"","button_target_blank":"","button_nofollow":"","attributes":[],"tags":[],"tags_disable_links":"","hide_more_platforms":"","video_object":"","demo_hide_cta":"","demo_hide_cloud_options":"","pricing_title":"","pricing":[],"related_apps_title":"","related_apps_hidden":"","author":"","image":[],"title":"","job":"","social_networks":[]},"_links":{"self":[{"href":"https:\/\/elfsight.com\/pl\/wp-json\/wp\/v2\/pages\/553","targetHints":{"allow":["GET"]}}],"collection":[{"href":"https:\/\/elfsight.com\/pl\/wp-json\/wp\/v2\/pages"}],"about":[{"href":"https:\/\/elfsight.com\/pl\/wp-json\/wp\/v2\/types\/page"}],"author":[{"embeddable":true,"href":"https:\/\/elfsight.com\/pl\/wp-json\/wp\/v2\/users\/13"}],"replies":[{"embeddable":true,"href":"https:\/\/elfsight.com\/pl\/wp-json\/wp\/v2\/comments?post=553"}],"version-history":[{"count":2,"href":"https:\/\/elfsight.com\/pl\/wp-json\/wp\/v2\/pages\/553\/revisions"}],"predecessor-version":[{"id":555,"href":"https:\/\/elfsight.com\/pl\/wp-json\/wp\/v2\/pages\/553\/revisions\/555"}],"wp:attachment":[{"href":"https:\/\/elfsight.com\/pl\/wp-json\/wp\/v2\/media?parent=553"}],"curies":[{"name":"wp","href":"https:\/\/api.w.org\/{rel}","templated":true}]}}