{"id":5527,"date":"2024-05-03T06:39:50","date_gmt":"2024-05-03T06:39:50","guid":{"rendered":"https:\/\/elfsight.com\/pl\/?page_id=5527"},"modified":"2024-11-14T12:51:53","modified_gmt":"2024-11-14T12:51:53","slug":"wordpress","status":"publish","type":"page","link":"https:\/\/elfsight.com\/pl\/instagram-feed-instashow\/wordpress\/","title":{"rendered":"Instagram Feed &#8211; WordPress"},"content":{"rendered":"\n<div class=\"application-platform-content-item-description application-platform-content-item\" id=\"description\" data-nav-section=\"description\">\n<h2>Osad\u017a kana\u0142 Instagram na WordPress za pomoc\u0105 wtyczki Elfsight<\/h2>\n<p>Ponad 60 zmiennych parametr\u00f3w niesamowitego kana\u0142u InstaShow Instagram Feed dla WordPress z pewno\u015bci\u0105 pomo\u017ce pokaza\u0107 swoim odbiorcom to, co najlepsze. Prezentuj zdj\u0119cia ze swojego profilu lub zmieniaj kolory element\u00f3w wtyczki, dostosowuj interfejs u\u017cytkownika i struktur\u0119 wtyczki \u2013 urzeczywistniaj wszelkie tw\u00f3rcze pragnienia. Znajd\u017a najbardziej odpowiedni wygl\u0105d zdj\u0119\u0107 ze swojego profilu i w ci\u0105gu kilku sekund dodaj Instagram do WordPress!<\/p>\n<p><b>Korzystaj z najbardziej elastycznych schemat\u00f3w kolor\u00f3w, ponad 60 regulowanych parametr\u00f3w i niesamowitych przypadk\u00f3w u\u017cycia na WordPress!<\/b><\/p>\n<\/div>\n\n<div class=\"faq\" data-component=\"FAQ\">\n<div class=\"faq-item\">\r\n\t\t\t\t\t<div class=\"faq-item-question\">\r\n\t\t\t\t\t\t<h3 class=\"faq-item-question-text\">Jakie inne wtyczki do WordPressa posiadasz?<\/h3>\r\n\r\n\t\t\t\t\t\t<div class=\"faq-item-question-icon\"><\/div>\r\n\t\t\t\t\t<\/div>\r\n\r\n\t\t\t\t\t<div class=\"faq-item-answer\">\r\n\t\t\t\t\t\t<div class=\"faq-item-answer-text\">\n<p>Mo\u017cesz przetestowa\u0107 mn\u00f3stwo wtyczek do dowolnych cel\u00f3w na swojej stronie, niezale\u017cnie od bran\u017cy. Przekonaj si\u0119 sam: <a href=\"https:\/\/elfsight.com\/whatsapp-chat-widget\/wordpress\/\">Czat WhatsApp<\/a>, <a href=\"https:\/\/elfsight.com\/facebook-chat-widget\/wordpress\/\">Czat na Facebooku<\/a>, <a href=\"https:\/\/elfsight.com\/google-reviews-widget\/wordpress\/\">Opinie Google<\/a>, <a href=\"https:\/\/elfsight.com\/testimonials-slider-widget\/wordpress\/\">Suwak opinii<\/a>, <a href=\"https:\/\/elfsight.com\/youtube-channel-plugin-yottie\/wordpress\/\">YouTube Galeria<\/a>.<\/p>\n<\/div>\r\n\t\t\t\t\t<\/div>\r\n\t\t\t\t<\/div>\n\n<div class=\"faq-item\">\r\n\t\t\t\t\t<div class=\"faq-item-question\">\r\n\t\t\t\t\t\t<h3 class=\"faq-item-question-text\">Jak bezp\u0142atnie osadzi\u0107 kana\u0142 Instagram na WordPress?<\/h3>\r\n\r\n\t\t\t\t\t\t<div class=\"faq-item-question-icon\"><\/div>\r\n\t\t\t\t\t<\/div>\r\n\r\n\t\t\t\t\t<div class=\"faq-item-answer\">\r\n\t\t\t\t\t\t<div class=\"faq-item-answer-text\">\n<p>Dodanie <a href=\"https:\/\/elfsight.com\/blog\/how-to-embed-instagram-feed-on-website\/\">kana\u0142u Instagram<\/a> do Twojej witryny zwi\u0119ksza jej atrakcyjno\u015b\u0107 wizualn\u0105 i promuje interakcj\u0119 u\u017cytkownik\u00f3w.<\/p>\n<ol>\n  <li>Aby osadzi\u0107 kana\u0142 Elfsight Instagram Feed za darmo w WordPress, odwied\u017a witryn\u0119 Elfsight i zarejestruj si\u0119 za darmo.<\/li>\n  <li>Wykorzystaj bezp\u0142atn\u0105 wtyczk\u0119 Instagram, personalizuj\u0105c jej wygl\u0105d i ustawienia, aby harmonizowa\u0142y z designem Twojej witryny WordPress.<\/li>\n  <li>Po darmowym dostosowaniu kana\u0142u na Instagramie skopiuj charakterystyczny kod do umieszczenia na stronie i wstaw go do kodu HTML swojej witryny WordPress w \u017c\u0105danym miejscu.<\/li>\n<\/ol>\n<p>Integruj\u0105c kana\u0142 Instagram ze swoj\u0105 witryn\u0105 WordPress, zwi\u0119kszysz jej atrakcyjno\u015b\u0107 wizualn\u0105 i u\u0142atwisz ci\u0105g\u0142\u0105 interakcj\u0119 u\u017cytkownika. Korzystaj z zalet wtyczki Elfsight do Instagrama, nie wydaj\u0105c ani grosza!<\/p>\n<\/div>\r\n\t\t\t\t\t<\/div>\r\n\t\t\t\t<\/div>\n\n<div class=\"faq-item\">\r\n\t\t\t\t\t<div class=\"faq-item-question\">\r\n\t\t\t\t\t\t<h3 class=\"faq-item-question-text\">Czy mog\u0119 przetestowa\u0107 Tw\u00f3j kana\u0142 na Instagramie w dzia\u0142aniu?<\/h3>\r\n\r\n\t\t\t\t\t\t<div class=\"faq-item-question-icon\"><\/div>\r\n\t\t\t\t\t<\/div>\r\n\r\n\t\t\t\t\t<div class=\"faq-item-answer\">\r\n\t\t\t\t\t\t<div class=\"faq-item-answer-text\">\n<p>Tak, oczywi\u015bcie. Zapraszamy do skorzystania z naszego <a href=\"https:\/\/elfsight.com\/instagram-feed-instashow\/#demo\">demo na \u017cywo<\/a>, aby zobaczy\u0107 wtyczk\u0119 na \u017cywo i doda\u0107 Instagram Feed do swojej witryny WordPress.<\/p>\n<\/div>\r\n\t\t\t\t\t<\/div>\r\n\t\t\t\t<\/div>\n<\/div>\n\n<div class=\"application-platform-content-item-features application-platform-content-item\" id=\"features\" data-nav-section=\"features\">\n<h2>G\u0142\u00f3wne cechy kana\u0142u Instagram firmy Elfsight<\/h2>\n<p>Umie\u015b\u0107 kana\u0142 Instagram na WordPress w kilka sekund za pomoc\u0105 naszej wtyczki. Utworzenie zajmuje zaledwie kilka chwil i nie wymaga znajomo\u015bci programowania.<\/p>\n<ul>\n  <li><b>Konto osobiste lub firmowe na Instagramie<\/b>.<br>Wy\u015bwietlaj tre\u015bci wideo i zdj\u0119cia ze swojego konta osobistego lub biznesowego.<\/li>\n  <li><b>Filtry kana\u0142\u00f3w<\/b>.<br>Filtry z opcjami \u201ez wyj\u0105tkiem\u201d do moderowania kana\u0142u i \u201etylko\u201d do pokazywania okre\u015blonych zdj\u0119\u0107.<\/li>\n  <li><b>Responsywny dla urz\u0105dze\u0144 mobilnych<\/b>.<br>Automatyczne dostosowanie do dowolnej rozdzielczo\u015bci ekranu.<\/li>\n  <li><b>Predefiniowane uk\u0142ady<\/b>.<br>Suwaki lub siatki oraz 8 predefiniowanych szablon\u00f3w post\u00f3w.<\/li>\n  <li><b>Zwi\u0119kszenie zaanga\u017cowania u\u017cytkownik\u00f3w<\/b>.<br>Przyci\u0105gnij wi\u0119cej uwagi, pokazuj\u0105c interaktywne i atrakcyjne posty na stronie.<\/li>\n  <li><b>Nie wymaga znajomo\u015bci API Instagrama<\/b>.<br>Bez konieczno\u015bci studiowania API, prosty w instalacji widget.<\/li>\n  <li><b>Upi\u0119kszenie strony<\/b>.<br>Umieszczaj\u0105c Instagram na WordPress, zwi\u0119kszasz wizualn\u0105 atrakcyjno\u015b\u0107 i wzrost sprzeda\u017cy.<\/li>\n<\/ul>\n<p><a href=\"#demo\">Sprawd\u017a nasz\u0105 wersj\u0119 demonstracyjn\u0105, aby zobaczy\u0107 dzia\u0142anie wtyczki<\/a><\/p>\n<\/div>\n\n<div class=\"application-platform-content-item-installation application-platform-content-item\" id=\"installation\" data-nav-section=\"installation\">\n<h2>Jak osadzi\u0107 kana\u0142 Instagram na mojej stronie WordPress?<\/h2>\n<div class=\"video-container\">\n  <iframe width=\"720\" height=\"405\" src=\"https:\/\/www.youtube.com\/embed\/HIGFce-qXhE\" frameborder=\"0\" allowfullscreen=\"\"><\/iframe>\n<\/div>\n<p>Wystarczy wykona\u0107 kilka prostych krok\u00f3w, aby osadzi\u0107 kod Instagrama:<\/p>\n<ol>\n  <li><b>Uruchom darmowy edytor i zacznij tworzy\u0107 swoj\u0105 wtyczk\u0119<\/b>.<br>Wybierz wygl\u0105d i funkcjonalno\u015b\u0107 wtyczki i zastosuj zmiany.<\/li>\n  <li><b>Uzyskaj indywidualny kod<\/b>.<br>Skopiuj wygenerowany kod i zapisz go na przysz\u0142o\u015b\u0107.<\/li>\n  <li><b>Umie\u015b\u0107 wtyczk\u0119 na swojej stronie WordPress<\/b>.<br>Wklej skopiowany kod wtyczki na swojej stronie i zapisz zmiany.<\/li>\n  <li><b>Konfiguracja zako\u0144czona<\/b>.<br>Wejd\u017a na swoj\u0105 stron\u0119 i obserwuj dzia\u0142anie wtyczki Instagram Feed.<\/li>\n<\/ol>\n<p>Je\u015bli masz pytania dotycz\u0105ce instalacji wtyczki Instagram do WordPress, skontaktuj si\u0119 z naszym zespo\u0142em wsparcia. Z przyjemno\u015bci\u0105 pomo\u017cemy!<\/p>\n<\/div>\n\n","protected":false},"excerpt":{"rendered":"","protected":false},"author":9,"featured_media":0,"parent":614,"menu_order":0,"comment_status":"closed","ping_status":"closed","template":"templates\/template-application-platform.php","meta":{"publish_to_discourse":"","publish_post_category":"","wpdc_auto_publish_overridden":"","wpdc_topic_tags":"","wpdc_pin_topic":"","wpdc_pin_until":"","discourse_post_id":"","discourse_permalink":"","wpdc_publishing_response":"","wpdc_publishing_error":"","footnotes":""},"class_list":["post-5527","page","type-page","status-publish","hentry"],"yoast_head":"<!-- This site is optimized with the Yoast SEO plugin v25.3.1 - https:\/\/yoast.com\/wordpress\/plugins\/seo\/ -->\n<title>Wtyczka WordPress Instagram Feed - Dodaj Instagram do Wordpress [2025]<\/title>\n<meta name=\"description\" content=\"Zupe\u0142nie nowa wtyczka WordPress do Instagrama - InstaShow! Szerokie mo\u017cliwo\u015bci dostosowywania umo\u017cliwiaj\u0105 osadzanie kana\u0142u Instagram na stronie WordPress!\" \/>\n<meta name=\"robots\" content=\"index, follow, max-snippet:-1, max-image-preview:large, max-video-preview:-1\" \/>\n<link rel=\"canonical\" href=\"https:\/\/elfsight.com\/pl\/instagram-feed-instashow\/wordpress\/\" \/>\n<meta property=\"og:locale\" content=\"pl_PL\" \/>\n<meta property=\"og:type\" content=\"article\" \/>\n<meta property=\"og:title\" content=\"Wtyczka WordPress Instagram Feed - Dodaj Instagram do Wordpress [2025]\" \/>\n<meta property=\"og:description\" content=\"Zupe\u0142nie nowa wtyczka WordPress do Instagrama - InstaShow! Szerokie mo\u017cliwo\u015bci dostosowywania umo\u017cliwiaj\u0105 osadzanie kana\u0142u Instagram na stronie WordPress!\" \/>\n<meta property=\"og:url\" content=\"https:\/\/elfsight.com\/pl\/instagram-feed-instashow\/wordpress\/\" \/>\n<meta property=\"og:site_name\" content=\"Elfsight PL\" \/>\n<meta property=\"article:modified_time\" content=\"2024-11-14T12:51:53+00:00\" \/>\n<meta name=\"twitter:card\" content=\"summary_large_image\" \/>\n<meta name=\"twitter:label1\" content=\"Szacowany czas czytania\" \/>\n\t<meta name=\"twitter:data1\" content=\"3 minuty\" \/>\n<!-- \/ Yoast SEO plugin. -->","yoast_head_json":{"title":"Wtyczka WordPress Instagram Feed - Dodaj Instagram do Wordpress [2025]","description":"Zupe\u0142nie nowa wtyczka WordPress do Instagrama - InstaShow! Szerokie mo\u017cliwo\u015bci dostosowywania umo\u017cliwiaj\u0105 osadzanie kana\u0142u Instagram na stronie WordPress!","robots":{"index":"index","follow":"follow","max-snippet":"max-snippet:-1","max-image-preview":"max-image-preview:large","max-video-preview":"max-video-preview:-1"},"canonical":"https:\/\/elfsight.com\/pl\/instagram-feed-instashow\/wordpress\/","og_locale":"pl_PL","og_type":"article","og_title":"Wtyczka WordPress Instagram Feed - Dodaj Instagram do Wordpress [2025]","og_description":"Zupe\u0142nie nowa wtyczka WordPress do Instagrama - InstaShow! Szerokie mo\u017cliwo\u015bci dostosowywania umo\u017cliwiaj\u0105 osadzanie kana\u0142u Instagram na stronie WordPress!","og_url":"https:\/\/elfsight.com\/pl\/instagram-feed-instashow\/wordpress\/","og_site_name":"Elfsight PL","article_modified_time":"2024-11-14T12:51:53+00:00","twitter_card":"summary_large_image","twitter_misc":{"Szacowany czas czytania":"3 minuty"},"schema":{"@context":"https:\/\/schema.org","@graph":[{"@type":"WebPage","@id":"https:\/\/elfsight.com\/pl\/instagram-feed-instashow\/wordpress\/","url":"https:\/\/elfsight.com\/pl\/instagram-feed-instashow\/wordpress\/","name":"Wtyczka WordPress Instagram Feed - Dodaj Instagram do Wordpress [2025]","isPartOf":{"@id":"https:\/\/elfsight.com\/pl\/#website"},"datePublished":"2024-05-03T06:39:50+00:00","dateModified":"2024-11-14T12:51:53+00:00","description":"Zupe\u0142nie nowa wtyczka WordPress do Instagrama - InstaShow! Szerokie mo\u017cliwo\u015bci dostosowywania umo\u017cliwiaj\u0105 osadzanie kana\u0142u Instagram na stronie WordPress!","breadcrumb":{"@id":"https:\/\/elfsight.com\/pl\/instagram-feed-instashow\/wordpress\/#breadcrumb"},"inLanguage":"pl-PL","potentialAction":[{"@type":"ReadAction","target":["https:\/\/elfsight.com\/pl\/instagram-feed-instashow\/wordpress\/"]}]},{"@type":"BreadcrumbList","@id":"https:\/\/elfsight.com\/pl\/instagram-feed-instashow\/wordpress\/#breadcrumb","itemListElement":[{"@type":"ListItem","position":1,"name":"Home","item":"https:\/\/elfsight.com\/pl\/"},{"@type":"ListItem","position":2,"name":"Instagram Feed","item":"https:\/\/elfsight.com\/pl\/instagram-feed-instashow\/"},{"@type":"ListItem","position":3,"name":"Instagram Feed &#8211; WordPress"}]},{"@type":"WebSite","@id":"https:\/\/elfsight.com\/pl\/#website","url":"https:\/\/elfsight.com\/pl\/","name":"Elfsight PL","description":"Just another Elfsight Sites site","potentialAction":[{"@type":"SearchAction","target":{"@type":"EntryPoint","urlTemplate":"https:\/\/elfsight.com\/pl\/?s={search_term_string}"},"query-input":{"@type":"PropertyValueSpecification","valueRequired":true,"valueName":"search_term_string"}}],"inLanguage":"pl-PL"}]}},"meta_box":{"industry":"","seo_heading":"","heading":"","description":"","cta_heading":"","cta_description":"","application":"594","h1":"Wtyczka WordPress na Instagramie","h1_caption":"Dodawaj posty ze swojego konta na Instagramie lub za pomoc\u0105 hashtagu, zapewniaj\u0105c najlepszy spos\u00f3b na \u0142atwe zaprezentowanie dynamicznego kana\u0142u Instagram w Twojej witrynie w witrynie WordPress.","application_category":[],"applications_title":"","applications_request_title":"","applications_request_button_text":"","hero_text":"","hero_video":"","hero_video_schema_markup":"","selling_points_title":"","selling_points_caption":"","selling_points":[],"selling_points_cta_text":"","features_title":"","features":"","ed_cta_examples_text":"","ed_cta_examples_hidden":"","ed_cta_demo_text":"","ed_cta_demo_hidden":"","why_caption":"","why_editor_title":"","why_editor_text":"","why_team_title":"","why_team_text":"","why_service_title":"","why_service_text":"","template_catalog_visible":"0","template_catalog_title":"","template_catalog_text":"","template_catalog_categories_visible":"","demo_title":"Utw\u00f3rz wtyczk\u0119 kana\u0142u Instagram","demo_caption":"Skonfiguruj sw\u00f3j kana\u0142 na Instagramie i dodaj go do swojej witryny WordPress za darmo!","default_faq_hidden":"","app_template_category":[],"platform":"31","template_public_id":"","codecanyon_url":"","codecanyon_item_id":"","codecanyon_price":"","pricing_caption":"","pricing_elfsight_apps_hide_column":"","pricing_elfsight_apps_url":"","pricing_codecanyon_price_caption":"","integration_category":[],"integration_request_title":"","integration_request_cta":"","integration_platform":"","integrations":[],"platform_category":[],"video_schema_markup":"","price":"od 0 USD \/ miesi\u0105c","trial":"","benefits":[{"text":"Bezp\u0142atna pomoc w instalacji"},{"text":"Wyj\u0105tkowe wsparcie"},{"text":"14-dniowa gwarancja zwrotu pieni\u0119dzy"}],"button_url":"#demo","button_target_blank":"0","button_nofollow":"0","attributes":[{"name":"Instaluje","content":"100,000 - 500,000"},{"name":"Czu\u0142y","content":"Tak"},{"name":"Kompatybilne przegl\u0105darki","content":"IE11, Firefox, Safari, Opera, Chrome, Edge"}],"tags":[],"tags_disable_links":"0","hide_more_platforms":"","video_object":"","demo_hide_cta":"0","demo_hide_cloud_options":"0","pricing_title":"","pricing":[{"pricing_icon":"platform","pricing_title":"Elfsight Apps","pricing_title_caption":"Wieloplatformowe rozwi\u0105zanie cyfrowe, kt\u00f3re dzia\u0142a w dowolnej witrynie","pricing_price":"od 0 USD \/ miesi\u0105c","pricing_price_caption":"zacznij od bezp\u0142atnego planu","pricing_benefits":[{"text":"Nielimitowane strony internetowe"},{"text":"Profesjonalne wsparcie"},{"text":"Bezp\u0142atna us\u0142uga monta\u017cu"},{"text":"100% konfigurowalny"}],"pricing_button_text":"Dodaj do witryny","pricing_button_url":"#demo"}],"related_apps_title":"","related_apps_hidden":"0","author":"","image":[],"title":"","job":"","social_networks":[]},"_links":{"self":[{"href":"https:\/\/elfsight.com\/pl\/wp-json\/wp\/v2\/pages\/5527","targetHints":{"allow":["GET"]}}],"collection":[{"href":"https:\/\/elfsight.com\/pl\/wp-json\/wp\/v2\/pages"}],"about":[{"href":"https:\/\/elfsight.com\/pl\/wp-json\/wp\/v2\/types\/page"}],"author":[{"embeddable":true,"href":"https:\/\/elfsight.com\/pl\/wp-json\/wp\/v2\/users\/9"}],"replies":[{"embeddable":true,"href":"https:\/\/elfsight.com\/pl\/wp-json\/wp\/v2\/comments?post=5527"}],"version-history":[{"count":3,"href":"https:\/\/elfsight.com\/pl\/wp-json\/wp\/v2\/pages\/5527\/revisions"}],"predecessor-version":[{"id":8165,"href":"https:\/\/elfsight.com\/pl\/wp-json\/wp\/v2\/pages\/5527\/revisions\/8165"}],"up":[{"embeddable":true,"href":"https:\/\/elfsight.com\/pl\/wp-json\/wp\/v2\/pages\/614"}],"wp:attachment":[{"href":"https:\/\/elfsight.com\/pl\/wp-json\/wp\/v2\/media?parent=5527"}],"curies":[{"name":"wp","href":"https:\/\/api.w.org\/{rel}","templated":true}]}}