{"id":5526,"date":"2024-05-03T06:39:49","date_gmt":"2024-05-03T06:39:49","guid":{"rendered":"https:\/\/elfsight.com\/pl\/?page_id=5526"},"modified":"2024-11-14T12:51:53","modified_gmt":"2024-11-14T12:51:53","slug":"jquery","status":"publish","type":"page","link":"https:\/\/elfsight.com\/pl\/instagram-feed-instashow\/jquery\/","title":{"rendered":"Instagram Feed &#8211; jQuery"},"content":{"rendered":"<div class=\"application-platform-content-item-description application-platform-content-item\" id=\"description\" data-nav-section=\"description\"> <h2>Osad\u017a Instagram w jQuery za pomoc\u0105 wtyczki Elfsight<\/h2> <p>InstaShow to silna wtyczka do Instagrama, kt\u00f3ra pozwala projektowa\u0107 wspania\u0142e portfolio z Zdj\u0119cia i filmy na Instagramie. Du\u017ca ilo\u015b\u0107 wariant\u00f3w personalizacji Twojego profilu: wszystkie rodzaje \u017ar\u00f3de\u0142, filtry kana\u0142\u00f3w, ponad 70 konfigurowalnych funkcji i 10 schemat\u00f3w projektowania oraz 100% przymiotnik dla wszystkich urz\u0105dze\u0144.<\/p><p><b>U\u017cyj w pe\u0142ni responsywna i u\u017cyteczna wtyczka, kt\u00f3ra od razu przyci\u0105gnie uwag\u0119 czytelnik\u00f3w Twojej witryny.<\/b><\/p><ul><li><b>Ulepsz indeks transakcji<\/b><br>Poka\u017c swoje towary lub us\u0142ugi poprzez zdj\u0119cia z Instagrama za pomoc\u0105 hashtag\u00f3w, lokalizacji, strony lub okre\u015blonego adresu URL, aby podwoi\u0107 przychody swojej witryny.<\/li><li><b>Wi\u0119cej subskrybent\u00f3w na Instagramie<\/b><br>Utw\u00f3rz specjalne przyciski z po\u0142\u0105czeniem zasubskrybowa\u0107 i zwi\u0119kszy\u0107 liczb\u0119 fan\u00f3w swojego profilu na Instagramie.<\/li><li><b>Wi\u0119ksze zaanga\u017cowanie czytelnik\u00f3w<\/b><br>Przyci\u0105gaj odwiedzaj\u0105cych i wzbudzaj maksymalne wra\u017cenia u\u017cytkownik\u00f3w, wykorzystuj\u0105c zdj\u0119cia z Instagrama, aby mie\u0107 silne zaanga\u017cowanie.<\/li><\/ul><div class=\"faq\" data-component=\"FAQ\"><div class=\"faq-item\">\r\n\t\t\t\t\t<div class=\"faq-item-question\">\r\n\t\t\t\t\t\t<h3 class=\"faq-item-question-text\">Czy mog\u0119 przetestowa\u0107 wid\u017cet Aktualno\u015bci na Instagramie w dzia\u0142aniu?<\/h3>\r\n\r\n\t\t\t\t\t\t<div class=\"faq-item-question-icon\"><\/div>\r\n\t\t\t\t\t<\/div>\r\n\r\n\t\t\t\t\t<div class=\"faq-item-answer\">\r\n\t\t\t\t\t\t<div class=\"faq-item-answer-text\"> <p>Tak, mo\u017cesz bez wysi\u0142ku wypr\u00f3bowa\u0107 wszystkie fantastyczne zalety wid\u017cetu w bezp\u0142atne <a href=\"#demo\">demo<\/a> online. Jest wizualny i nie wymaga \u017cadnych umiej\u0119tno\u015bci programowania. Co wi\u0119cej, nie ma nawet potrzeby rejestrowania si\u0119 w naszym serwisie.<\/p><\/div>\r\n\t\t\t\t\t<\/div>\r\n\t\t\t\t<\/div><div class=\"faq-item\">\r\n\t\t\t\t\t<div class=\"faq-item-question\">\r\n\t\t\t\t\t\t<h3 class=\"faq-item-question-text\">Jak za darmo osadzi\u0107 kana\u0142 Elfsight Instagram Feed w jQuery?<\/h3>\r\n\r\n\t\t\t\t\t\t<div class=\"faq-item-question-icon\"><\/div>\r\n\t\t\t\t\t<\/div>\r\n\r\n\t\t\t\t\t<div class=\"faq-item-answer\">\r\n\t\t\t\t\t\t<div class=\"faq-item-answer-text\"><ol><p>Wdro\u017cenie kana\u0142u Instagram w projekcie jQuery to doskona\u0142a technika wy\u015bwietlania najnowszych post\u00f3w i zwi\u0119kszenia zaanga\u017cowania u\u017cytkownik\u00f3w.<\/p><ol><li>Aby bezp\u0142atnie osadzi\u0107 kana\u0142 Elfsight na Instagramie w jQuery, wejd\u017a na stron\u0119 Elfsight i zarejestruj si\u0119 za\u0142\u00f3\u017c konto o zerowych kosztach.<\/li><li>Wykorzystaj w pe\u0142ni darmowy widget Instagrama, personalizuj\u0105c jego wygl\u0105d i ustawienia tak, aby pasowa\u0142y do \u200b\u200bwymaga\u0144 projektowych Twojego projektu jQuery.<\/li><li>Po optymalizacji kana\u0142u Instagram pod k\u0105tem bezp\u0142atnie, skopiuj ekskluzywny kod do osadzenia i wklej go do swojego kodu jQuery w miejscu, w kt\u00f3rym chcesz prezentowa\u0107 kana\u0142.<\/li><\/ol><p>W\u0142\u0105czaj\u0105c sw\u00f3j kana\u0142 Instagram do swojego projektu jQuery, wzbogacisz jego wygl\u0105d przyci\u0105ga\u0107 uwag\u0119 i utrzymywa\u0107 aktywne zaanga\u017cowanie u\u017cytkownik\u00f3w. Odkryj zalety wid\u017cetu Elfsight Instagram bez \u017cadnych zobowi\u0105za\u0144 finansowych!<\/p><\/ol><\/div>\r\n\t\t\t\t\t<\/div>\r\n\t\t\t\t<\/div><\/div><\/div><div class=\"application-platform-content-item-features application-platform-content-item\" id=\"features\" data-nav-section=\"features\"> <h2>G\u0142\u00f3wne funkcje kana\u0142u Instagram widget<\/h2> <p>Podstawowe cechy naszej wtyczki, kt\u00f3re czyni\u0105 j\u0105 najlepszym narz\u0119dziem jQuery do wstawiania Instagrama:<\/p> <ul><li>Ponad 60 regulowanych parametr\u00f3w;<\/li><li> Nieograniczone kombinacje \u017ar\u00f3de\u0142 Instagram<\/li><li>10 schemat\u00f3w kolor\u00f3w;<\/li><li>Projekt gotowy na siatk\u00f3wk\u0119.<\/li><\/ul><p><a href=\"#demo\">Wi\u0119cej opcji w nasze demo<\/a><\/p><p><a href=\"https:\/\/elfsight.com\/blog\/how-to-embed-instagram-feed-on-website\/\">Witryna Instagram<\/a> Wtyczka jQuery mo\u017ce pom\u00f3c Ci osi\u0105gn\u0105\u0107 najbardziej ambitne cele. Mo\u017cesz na przyk\u0142ad <strong>wyd\u0142u\u017cy\u0107 czas, jaki ludzie sp\u0119dzaj\u0105<\/strong> w Twojej witrynie, poniewa\u017c ch\u0119tnie zatrzymaj\u0105 si\u0119 na Twoim wid\u017cecie na Instagramie, b\u0119d\u0105 przewija\u0107 i klika\u0107 elementy steruj\u0105ce. Mo\u017cesz tak\u017ce <strong>poszerzy\u0107 baz\u0119 obserwuj\u0105cych<\/strong> za pomoc\u0105 wezwania do dzia\u0142ania.<\/p> <\/div><div class=\"application-platform-content-item-installation application-platform-content-item\" id=\"installation\" data-nav-section=\"installation\"> <h2>Jak mog\u0119 doda\u0107 kana\u0142 Instagram do mojej witryny jQuery? <\/h2><p>Wystarczy wykona\u0107 poni\u017csze wskaz\u00f3wki, aby aktywowa\u0107 wtyczk\u0119.<\/p><ol><li><b>Skorzystaj z naszego bezp\u0142atnego konfiguratora i zacznij tworzy\u0107 w\u0142asn\u0105 wtyczk\u0119.<\/b><br> Okre\u015bl niestandardowy projekt i specyfikacje wid\u017cetu oraz zapisz modyfikacje.<\/li> <li><b>Odbierz unikalny kod pojawiaj\u0105cy si\u0119 w polu aplikacji Elfsight. <\/b><br> Po zako\u0144czeniu tworzenia osobistego wid\u017cetu skopiuj ekskluzywny kod z wy\u015bwietlonego okna i zapisz go do wykorzystania w przysz\u0142o\u015bci.<\/li> <li><b>Zatwierd\u017a korzystanie z wtyczki w swoim jQuery stron\u0119.<\/b><br> Umie\u015b\u0107 ostatnio zapisany kod na swojej stronie i zapisz zmiany.<\/li> <li><b>Konfiguracja zosta\u0142a pomy\u015blnie uko\u0144czona.<\/b><br> Przejd\u017a na swoj\u0105 stron\u0119 internetow\u0105 obserwuj, jak dzia\u0142a wtyczka.<\/li><\/ol> <p>Je\u015bli napotkasz jakie\u015b przeszkody, zwr\u00f3\u0107 si\u0119 do naszego zespo\u0142u obs\u0142ugi klienta. Nasi ludzie ch\u0119tnie pomog\u0105 Ci we wszystkich problemach, jakie mo\u017cesz mie\u0107 z wtyczk\u0105.<\/p><\/div>","protected":false},"excerpt":{"rendered":"","protected":false},"author":9,"featured_media":0,"parent":614,"menu_order":0,"comment_status":"closed","ping_status":"closed","template":"templates\/template-application-platform.php","meta":{"publish_to_discourse":"","publish_post_category":"","wpdc_auto_publish_overridden":"","wpdc_topic_tags":"","wpdc_pin_topic":"","wpdc_pin_until":"","discourse_post_id":"","discourse_permalink":"","wpdc_publishing_response":"","wpdc_publishing_error":"","footnotes":""},"class_list":["post-5526","page","type-page","status-publish","hentry"],"yoast_head":"<!-- This site is optimized with the Yoast SEO plugin v25.3.1 - https:\/\/yoast.com\/wordpress\/plugins\/seo\/ -->\n<title>Osad\u017a kana\u0142 Instagram za pomoc\u0105 jquery - dodaj Instagram do strony internetowej w 2 minuty!<\/title>\n<meta name=\"description\" content=\"Wypr\u00f3buj za darmo najlepsz\u0105 stron\u0119 Instagram Feed dla jQuery! Skonstruuj responsywn\u0105 wtyczk\u0119 InstaShow Instagram na Elfsight tylko w 1 minut\u0119.\" \/>\n<meta name=\"robots\" content=\"index, follow, max-snippet:-1, max-image-preview:large, max-video-preview:-1\" \/>\n<link rel=\"canonical\" href=\"https:\/\/elfsight.com\/pl\/instagram-feed-instashow\/jquery\/\" \/>\n<meta property=\"og:locale\" content=\"pl_PL\" \/>\n<meta property=\"og:type\" content=\"article\" \/>\n<meta property=\"og:title\" content=\"Osad\u017a kana\u0142 Instagram za pomoc\u0105 jquery - dodaj Instagram do strony internetowej w 2 minuty!\" \/>\n<meta property=\"og:description\" content=\"Wypr\u00f3buj za darmo najlepsz\u0105 stron\u0119 Instagram Feed dla jQuery! Skonstruuj responsywn\u0105 wtyczk\u0119 InstaShow Instagram na Elfsight tylko w 1 minut\u0119.\" \/>\n<meta property=\"og:url\" content=\"https:\/\/elfsight.com\/pl\/instagram-feed-instashow\/jquery\/\" \/>\n<meta property=\"og:site_name\" content=\"Elfsight PL\" \/>\n<meta property=\"article:modified_time\" content=\"2024-11-14T12:51:53+00:00\" \/>\n<meta name=\"twitter:card\" content=\"summary_large_image\" \/>\n<meta name=\"twitter:label1\" content=\"Szacowany czas czytania\" \/>\n\t<meta name=\"twitter:data1\" content=\"3 minuty\" \/>\n<!-- \/ Yoast SEO plugin. -->","yoast_head_json":{"title":"Osad\u017a kana\u0142 Instagram za pomoc\u0105 jquery - dodaj Instagram do strony internetowej w 2 minuty!","description":"Wypr\u00f3buj za darmo najlepsz\u0105 stron\u0119 Instagram Feed dla jQuery! Skonstruuj responsywn\u0105 wtyczk\u0119 InstaShow Instagram na Elfsight tylko w 1 minut\u0119.","robots":{"index":"index","follow":"follow","max-snippet":"max-snippet:-1","max-image-preview":"max-image-preview:large","max-video-preview":"max-video-preview:-1"},"canonical":"https:\/\/elfsight.com\/pl\/instagram-feed-instashow\/jquery\/","og_locale":"pl_PL","og_type":"article","og_title":"Osad\u017a kana\u0142 Instagram za pomoc\u0105 jquery - dodaj Instagram do strony internetowej w 2 minuty!","og_description":"Wypr\u00f3buj za darmo najlepsz\u0105 stron\u0119 Instagram Feed dla jQuery! Skonstruuj responsywn\u0105 wtyczk\u0119 InstaShow Instagram na Elfsight tylko w 1 minut\u0119.","og_url":"https:\/\/elfsight.com\/pl\/instagram-feed-instashow\/jquery\/","og_site_name":"Elfsight PL","article_modified_time":"2024-11-14T12:51:53+00:00","twitter_card":"summary_large_image","twitter_misc":{"Szacowany czas czytania":"3 minuty"},"schema":{"@context":"https:\/\/schema.org","@graph":[{"@type":"WebPage","@id":"https:\/\/elfsight.com\/pl\/instagram-feed-instashow\/jquery\/","url":"https:\/\/elfsight.com\/pl\/instagram-feed-instashow\/jquery\/","name":"Osad\u017a kana\u0142 Instagram za pomoc\u0105 jquery - dodaj Instagram do strony internetowej w 2 minuty!","isPartOf":{"@id":"https:\/\/elfsight.com\/pl\/#website"},"datePublished":"2024-05-03T06:39:49+00:00","dateModified":"2024-11-14T12:51:53+00:00","description":"Wypr\u00f3buj za darmo najlepsz\u0105 stron\u0119 Instagram Feed dla jQuery! Skonstruuj responsywn\u0105 wtyczk\u0119 InstaShow Instagram na Elfsight tylko w 1 minut\u0119.","breadcrumb":{"@id":"https:\/\/elfsight.com\/pl\/instagram-feed-instashow\/jquery\/#breadcrumb"},"inLanguage":"pl-PL","potentialAction":[{"@type":"ReadAction","target":["https:\/\/elfsight.com\/pl\/instagram-feed-instashow\/jquery\/"]}]},{"@type":"BreadcrumbList","@id":"https:\/\/elfsight.com\/pl\/instagram-feed-instashow\/jquery\/#breadcrumb","itemListElement":[{"@type":"ListItem","position":1,"name":"Home","item":"https:\/\/elfsight.com\/pl\/"},{"@type":"ListItem","position":2,"name":"Instagram Feed","item":"https:\/\/elfsight.com\/pl\/instagram-feed-instashow\/"},{"@type":"ListItem","position":3,"name":"Instagram Feed &#8211; jQuery"}]},{"@type":"WebSite","@id":"https:\/\/elfsight.com\/pl\/#website","url":"https:\/\/elfsight.com\/pl\/","name":"Elfsight PL","description":"Just another Elfsight Sites site","potentialAction":[{"@type":"SearchAction","target":{"@type":"EntryPoint","urlTemplate":"https:\/\/elfsight.com\/pl\/?s={search_term_string}"},"query-input":{"@type":"PropertyValueSpecification","valueRequired":true,"valueName":"search_term_string"}}],"inLanguage":"pl-PL"}]}},"meta_box":{"industry":"","seo_heading":"","heading":"","description":"","cta_heading":"","cta_description":"","application":"594","h1":"Wtyczka jQuery Instagram Feed","h1_caption":"Dodawaj posty ze swojego konta na Instagramie lub za pomoc\u0105 hashtagu, zapewniaj\u0105c najlepszy spos\u00f3b na bezproblemowe zaprezentowanie dynamicznego kana\u0142u Instagram na swojej stronie internetowej w witrynie jQuery.","application_category":[],"applications_title":"","applications_request_title":"","applications_request_button_text":"","hero_text":"","hero_video":"","hero_video_schema_markup":"","selling_points_title":"","selling_points_caption":"","selling_points":[],"selling_points_cta_text":"","features_title":"","features":"","ed_cta_examples_text":"","ed_cta_examples_hidden":"","ed_cta_demo_text":"","ed_cta_demo_hidden":"","why_caption":"","why_editor_title":"","why_editor_text":"","why_team_title":"","why_team_text":"","why_service_title":"","why_service_text":"","template_catalog_visible":"","template_catalog_title":"","template_catalog_text":"","template_catalog_categories_visible":"","demo_title":"Utw\u00f3rz wtyczk\u0119 kana\u0142u Instagram","demo_caption":"Skonfiguruj sw\u00f3j kana\u0142 na Instagramie i dodaj go do swojej witryny jQuery za darmo!","default_faq_hidden":"","app_template_category":[],"platform":"56","template_public_id":"","codecanyon_url":"","codecanyon_item_id":"","codecanyon_price":"","pricing_caption":"","pricing_elfsight_apps_hide_column":"","pricing_elfsight_apps_url":"","pricing_codecanyon_price_caption":"","integration_category":[],"integration_request_title":"","integration_request_cta":"","integration_platform":"","integrations":[],"platform_category":[],"video_schema_markup":"","price":"od 0 USD \/ miesi\u0105c","trial":"","benefits":[{"text":"Bezp\u0142atna us\u0142uga monta\u017cu"},{"text":"Skuteczna obs\u0142uga klienta"},{"text":"14-dniowa gwarancja zwrotu pieni\u0119dzy"}],"button_url":"#demo","button_target_blank":"","button_nofollow":"","attributes":[{"name":"Instaluje"},{"name":"Czu\u0142y"},{"name":"Kompatybilne przegl\u0105darki"}],"tags":[],"tags_disable_links":"","hide_more_platforms":"","video_object":"","demo_hide_cta":"","demo_hide_cloud_options":"","pricing_title":"","pricing":[{"pricing_icon":"platform","pricing_title":"Elfsight Apps","pricing_title_caption":"Oprogramowanie niezale\u017cne od platformy","pricing_price":"od 0 USD \/ miesi\u0105c","pricing_price_caption":"zacznij od bezp\u0142atnego planu","pricing_benefits":[{"text":"Nielimitowane strony internetowe"},{"text":"Ca\u0142odobowe wsparcie firmy"},{"text":"Bezp\u0142atna pomoc w monta\u017cu"},{"text":"W pe\u0142ni konfigurowalny"}],"pricing_button_text":"Dodaj do witryny","pricing_button_url":"#demo"}],"related_apps_title":"","related_apps_hidden":"","author":"","image":[],"title":"","job":"","social_networks":[]},"_links":{"self":[{"href":"https:\/\/elfsight.com\/pl\/wp-json\/wp\/v2\/pages\/5526","targetHints":{"allow":["GET"]}}],"collection":[{"href":"https:\/\/elfsight.com\/pl\/wp-json\/wp\/v2\/pages"}],"about":[{"href":"https:\/\/elfsight.com\/pl\/wp-json\/wp\/v2\/types\/page"}],"author":[{"embeddable":true,"href":"https:\/\/elfsight.com\/pl\/wp-json\/wp\/v2\/users\/9"}],"replies":[{"embeddable":true,"href":"https:\/\/elfsight.com\/pl\/wp-json\/wp\/v2\/comments?post=5526"}],"version-history":[{"count":1,"href":"https:\/\/elfsight.com\/pl\/wp-json\/wp\/v2\/pages\/5526\/revisions"}],"predecessor-version":[{"id":5530,"href":"https:\/\/elfsight.com\/pl\/wp-json\/wp\/v2\/pages\/5526\/revisions\/5530"}],"up":[{"embeddable":true,"href":"https:\/\/elfsight.com\/pl\/wp-json\/wp\/v2\/pages\/614"}],"wp:attachment":[{"href":"https:\/\/elfsight.com\/pl\/wp-json\/wp\/v2\/media?parent=5526"}],"curies":[{"name":"wp","href":"https:\/\/api.w.org\/{rel}","templated":true}]}}