{"id":5525,"date":"2024-05-03T06:39:48","date_gmt":"2024-05-03T06:39:48","guid":{"rendered":"https:\/\/elfsight.com\/pl\/?page_id=5525"},"modified":"2026-01-28T12:47:20","modified_gmt":"2026-01-28T12:47:20","slug":"shopify","status":"publish","type":"page","link":"https:\/\/elfsight.com\/pl\/instagram-feed-instashow\/shopify\/","title":{"rendered":"Instagram Feed &#8211; Shopify"},"content":{"rendered":"\n<div class=\"application-platform-content-item-description application-platform-content-item\" id=\"description\" data-nav-section=\"description\">\n<h2>Dodaj Instagram do Shopify za pomoc\u0105 wtyczki Elfsight<\/h2>\n<p>InstaShow to doskona\u0142a aplikacja na Instagram, kt\u00f3ra pomaga tworzy\u0107 wspania\u0142e galerie ze zdj\u0119\u0107 i film\u00f3w na Instagramie. Istnieje niesko\u0144czona liczba wariant\u00f3w personalizacji: wszystkie typy \u017ar\u00f3de\u0142, wst\u0119pna moderacja kana\u0142u, ponad 70 regulowanych ustawie\u0144 i 10 schemat\u00f3w wygl\u0105du, a ponadto jest ca\u0142kowicie dostosowuj\u0105ca si\u0119 do r\u00f3\u017cnych urz\u0105dze\u0144.<\/p>\n<p><b>Zastosuj w pe\u0142ni responsywn\u0105 i wydajn\u0105 wtyczk\u0119, kt\u00f3ra b\u0142yskawicznie przyci\u0105gnie widz\u00f3w Twojej witryny.<\/b><\/p>\n<\/div>\n\n<div class=\"faq\" data-component=\"FAQ\">\n<div class=\"faq-item\">\r\n\t\t\t\t\t<div class=\"faq-item-question\">\r\n\t\t\t\t\t\t<h3 class=\"faq-item-question-text\">Jak za darmo osadzi\u0107 kana\u0142 Instagram w Shopify?<\/h3>\r\n\r\n\t\t\t\t\t\t<div class=\"faq-item-question-icon\"><\/div>\r\n\t\t\t\t\t<\/div>\r\n\r\n\t\t\t\t\t<div class=\"faq-item-answer\">\r\n\t\t\t\t\t\t<div class=\"faq-item-answer-text\">\n<p>Dodanie kana\u0142u Instagram do sklepu Shopify to fantastyczny spos\u00f3b na wyr\u00f3\u017cnienie najnowszych post\u00f3w i zwi\u0119kszenie interakcji z klientami.<\/p>\n<ol>\n  <li>Aby <a href=\"https:\/\/elfsight.com\/blog\/how-to-embed-instagram-feed-on-website\/\">umie\u015bci\u0107 kana\u0142 Instagram<\/a> bezp\u0142atnie w Shopify, przejd\u017a do witryny Elfsight i utw\u00f3rz konto o zerowych kosztach.<\/li>\n  <li>Skorzystaj z darmowego wid\u017cetu Instagram, modyfikuj\u0105c jego wygl\u0105d i ustawienia, aby pasowa\u0142y do stylu Twojego sklepu Shopify.<\/li>\n  <li>Po spersonalizowaniu kana\u0142u na Instagramie skopiuj unikalny kod do umieszczenia i wklej go do kodu HTML swojego sklepu Shopify w miejscu, gdzie chcesz wy\u015bwietli\u0107 kana\u0142.<\/li>\n<\/ol>\n<p>Umieszczaj\u0105c sw\u00f3j kana\u0142 Instagram w swoim sklepie Shopify, wzmocnisz jego wizualny urok i zach\u0119cisz klient\u00f3w do konsekwentnego zaanga\u017cowania. Odkryj zalety wid\u017cetu Elfsight Instagram bez \u017cadnych zobowi\u0105za\u0144 finansowych!<\/p>\n<\/div>\r\n\t\t\t\t\t<\/div>\r\n\t\t\t\t<\/div>\n\n<div class=\"faq-item\">\r\n\t\t\t\t\t<div class=\"faq-item-question\">\r\n\t\t\t\t\t\t<h3 class=\"faq-item-question-text\">Jakie dok\u0142adnie inne narz\u0119dzia Shopify mo\u017cna doda\u0107 do mojej witryny?<\/h3>\r\n\r\n\t\t\t\t\t\t<div class=\"faq-item-question-icon\"><\/div>\r\n\t\t\t\t\t<\/div>\r\n\r\n\t\t\t\t\t<div class=\"faq-item-answer\">\r\n\t\t\t\t\t\t<div class=\"faq-item-answer-text\">\n<p>Mo\u017cesz korzysta\u0107 z mn\u00f3stwa aplikacji do dowolnego celu w swojej witrynie, niezale\u017cnie od rodzaju prowadzonej dzia\u0142alno\u015bci. Wybierz narz\u0119dzie: <a href=\"https:\/\/elfsight.com\/slider-widget\/shopify\/\">Slider<\/a>, <a href=\"https:\/\/elfsight.com\/google-reviews-widget\/shopify\/\">Recenzje Google<\/a>, <a href=\"https:\/\/elfsight.com\/instagram-feed-instashow\/shopify\/\">Kana\u0142 na Instagramie<\/a>, <a href=\"https:\/\/elfsight.com\/pdf-embed-widget\/shopify\/\">Kana\u0142 PDF<\/a>, <a href=\"https:\/\/elfsight.com\/logo-showcase-widget\/shopify\/\">Prezentacja logo<\/a>.<\/p>\n<\/div>\r\n\t\t\t\t\t<\/div>\r\n\t\t\t\t<\/div>\n<\/div>\n\n<div class=\"application-platform-content-item-features application-platform-content-item\" id=\"features\" data-nav-section=\"features\">\n<h2>G\u0142\u00f3wne funkcje aplikacji Instagram Feed<\/h2>\n<p>Wyj\u0105tkowe cechy naszej wtyczki, kt\u00f3re czyni\u0105 j\u0105 najlepszym narz\u0119dziem Shopify do wstawiania Instagrama:<\/p>\n<ul>\n  <li>Ogl\u0105danie film\u00f3w bezpo\u015brednio na stronie;<\/li>\n  <li>2 szablony post\u00f3w: Tile i Classic;<\/li>\n  <li>7 prze\u0142\u0105czalnych element\u00f3w post\u00f3w do pokazania lub ukrycia;<\/li>\n  <li>Dostosowywane kolory t\u0142a, tekstu, przycisk\u00f3w i innych element\u00f3w;<\/li>\n  <li>Integracja z Instagramem zajmuje kilka sekund;<\/li>\n  <li>Mo\u017cliwo\u015b\u0107 dostosowania szybko\u015bci prze\u0142\u0105cznika suwakowego;<\/li>\n  <li>Uk\u0142ady siatki lub suwak\u00f3w do wy\u015bwietlania kana\u0142u Instagram na Shopify;<\/li>\n  <li>Prze\u0142\u0105czana nazwa u\u017cytkownika, data publikacji, liczba polubie\u0144 i komentarzy;<\/li>\n  <li>Ponad 10 gotowych schemat\u00f3w kolor\u00f3w;<\/li>\n  <li>Mo\u017cliwo\u015b\u0107 personalizacji przycisku \u201eZa\u0142aduj wi\u0119cej\u201d.<\/li>\n<\/ul>\n<p>Wszystkie te opcje pomog\u0105 Ci zwi\u0119kszy\u0107 zaanga\u017cowanie na stronach internetowych i wyd\u0142u\u017cy\u0107 czas sp\u0119dzony na nich. Mo\u017cesz tak\u017ce kierowa\u0107 nowych obserwuj\u0105cych ze strony internetowej bezpo\u015brednio do swojego profilu na Instagramie za pomoc\u0105 przycisku CTA.<\/p>\n<p><a href=\"#demo\">Wi\u0119cej funkcji w naszej wersji demonstracyjnej<\/a><\/p>\n<\/div>\n\n<div class=\"application-platform-content-item-installation application-platform-content-item\" id=\"installation\" data-nav-section=\"installation\">\n<h2>Jak doda\u0107 kana\u0142 Instagram do witryny Shopify<\/h2>\n<div class=\"video-container\">\n  <iframe allowfullscreen=\"\" frameborder=\"0\" height=\"405\" src=\"https:\/\/www.youtube.com\/embed\/RTeznn3AdRs?si=zp64ckFbSyOv35tf\" width=\"720\"><\/iframe>\n<\/div>\n<p>Sprawd\u017a nasz szybki przewodnik na temat integracji i kszta\u0142towania aplikacji. Instalacja zajmie tylko oko\u0142o 90 sekund, poza tym nie potrzebujesz wiedzy z zakresu programowania WWW.<\/p>\n<ol>\n  <li><b>Zarz\u0105dzaj nasz\u0105 bezp\u0142atn\u0105 wersj\u0105 demonstracyjn\u0105 i zacznij tworzy\u0107 spersonalizowan\u0105 aplikacj\u0119.<\/b><br> Ustal wybrany uk\u0142ad i specyfikacj\u0119 wtyczki oraz zapisz wszystkie zmiany.<\/li>\n  <li><b>Wy\u015bwietl sw\u00f3j osobisty kod w oknie aplikacji Elfsight.<\/b><br> Po zako\u0144czeniu dostosowywania wtyczki skopiuj indywidualny kod z wy\u015bwietlonego wyskakuj\u0105cego okienka i zapisz go na przysz\u0142o\u015b\u0107.<\/li>\n  <li><b>Rozpocznij korzystanie z aplikacji na swojej stronie Shopify.<\/b><br> Osad\u017a ostatnio skopiowany kod na swojej stronie internetowej i zapisz zmiany.<\/li>\n  <li><b>Instalacja zosta\u0142a zako\u0144czona!<\/b><br> Otw\u00f3rz swoj\u0105 stron\u0119, aby zobaczy\u0107 w akcji, jak dzia\u0142a aplikacja.<\/li>\n<\/ol>\n<p>Masz problemy z instalacj\u0105 aplikacji lub konfiguracj\u0105 kana\u0142u na Instagramie? Wy\u015blij wiadomo\u015b\u0107 do naszego wsparcia.<\/p>\n<\/div>\n\n","protected":false},"excerpt":{"rendered":"","protected":false},"author":9,"featured_media":0,"parent":614,"menu_order":0,"comment_status":"closed","ping_status":"closed","template":"templates\/template-application-platform.php","meta":{"publish_to_discourse":"","publish_post_category":"","wpdc_auto_publish_overridden":"","wpdc_topic_tags":"","wpdc_pin_topic":"","wpdc_pin_until":"","discourse_post_id":"","discourse_permalink":"","wpdc_publishing_response":"","wpdc_publishing_error":"","footnotes":""},"class_list":["post-5525","page","type-page","status-publish","hentry"],"yoast_head":"<!-- This site is optimized with the Yoast SEO plugin v25.3.1 - https:\/\/yoast.com\/wordpress\/plugins\/seo\/ -->\n<title>Dodaj kana\u0142 Instagram do witryny Shopify za darmo \u2014 aplikacja Instagram<\/title>\n<meta name=\"description\" content=\"Dowiedz si\u0119, jak bezp\u0142atnie doda\u0107 kana\u0142 Instagram do Shopify. U\u017cyj najlepszej aplikacji Instagram Shopify, aby zapewni\u0107 p\u0142ynn\u0105 integracj\u0119 zdj\u0119\u0107 i film\u00f3w.\" \/>\n<meta name=\"robots\" content=\"index, follow, max-snippet:-1, max-image-preview:large, max-video-preview:-1\" \/>\n<link rel=\"canonical\" href=\"https:\/\/elfsight.com\/pl\/instagram-feed-instashow\/shopify\/\" \/>\n<meta property=\"og:locale\" content=\"pl_PL\" \/>\n<meta property=\"og:type\" content=\"article\" \/>\n<meta property=\"og:title\" content=\"Dodaj kana\u0142 Instagram do witryny Shopify za darmo \u2014 aplikacja Instagram\" \/>\n<meta property=\"og:description\" content=\"Dowiedz si\u0119, jak bezp\u0142atnie doda\u0107 kana\u0142 Instagram do Shopify. U\u017cyj najlepszej aplikacji Instagram Shopify, aby zapewni\u0107 p\u0142ynn\u0105 integracj\u0119 zdj\u0119\u0107 i film\u00f3w.\" \/>\n<meta property=\"og:url\" content=\"https:\/\/elfsight.com\/pl\/instagram-feed-instashow\/shopify\/\" \/>\n<meta property=\"og:site_name\" content=\"Elfsight PL\" \/>\n<meta property=\"article:modified_time\" content=\"2026-01-28T12:47:20+00:00\" \/>\n<meta name=\"twitter:card\" content=\"summary_large_image\" \/>\n<meta name=\"twitter:label1\" content=\"Szacowany czas czytania\" \/>\n\t<meta name=\"twitter:data1\" content=\"3 minuty\" \/>\n<!-- \/ Yoast SEO plugin. -->","yoast_head_json":{"title":"Dodaj kana\u0142 Instagram do witryny Shopify za darmo \u2014 aplikacja Instagram","description":"Dowiedz si\u0119, jak bezp\u0142atnie doda\u0107 kana\u0142 Instagram do Shopify. U\u017cyj najlepszej aplikacji Instagram Shopify, aby zapewni\u0107 p\u0142ynn\u0105 integracj\u0119 zdj\u0119\u0107 i film\u00f3w.","robots":{"index":"index","follow":"follow","max-snippet":"max-snippet:-1","max-image-preview":"max-image-preview:large","max-video-preview":"max-video-preview:-1"},"canonical":"https:\/\/elfsight.com\/pl\/instagram-feed-instashow\/shopify\/","og_locale":"pl_PL","og_type":"article","og_title":"Dodaj kana\u0142 Instagram do witryny Shopify za darmo \u2014 aplikacja Instagram","og_description":"Dowiedz si\u0119, jak bezp\u0142atnie doda\u0107 kana\u0142 Instagram do Shopify. U\u017cyj najlepszej aplikacji Instagram Shopify, aby zapewni\u0107 p\u0142ynn\u0105 integracj\u0119 zdj\u0119\u0107 i film\u00f3w.","og_url":"https:\/\/elfsight.com\/pl\/instagram-feed-instashow\/shopify\/","og_site_name":"Elfsight PL","article_modified_time":"2026-01-28T12:47:20+00:00","twitter_card":"summary_large_image","twitter_misc":{"Szacowany czas czytania":"3 minuty"},"schema":{"@context":"https:\/\/schema.org","@graph":[{"@type":"WebPage","@id":"https:\/\/elfsight.com\/pl\/instagram-feed-instashow\/shopify\/","url":"https:\/\/elfsight.com\/pl\/instagram-feed-instashow\/shopify\/","name":"Dodaj kana\u0142 Instagram do witryny Shopify za darmo \u2014 aplikacja Instagram","isPartOf":{"@id":"https:\/\/elfsight.com\/pl\/#website"},"datePublished":"2024-05-03T06:39:48+00:00","dateModified":"2026-01-28T12:47:20+00:00","description":"Dowiedz si\u0119, jak bezp\u0142atnie doda\u0107 kana\u0142 Instagram do Shopify. U\u017cyj najlepszej aplikacji Instagram Shopify, aby zapewni\u0107 p\u0142ynn\u0105 integracj\u0119 zdj\u0119\u0107 i film\u00f3w.","breadcrumb":{"@id":"https:\/\/elfsight.com\/pl\/instagram-feed-instashow\/shopify\/#breadcrumb"},"inLanguage":"pl-PL","potentialAction":[{"@type":"ReadAction","target":["https:\/\/elfsight.com\/pl\/instagram-feed-instashow\/shopify\/"]}]},{"@type":"BreadcrumbList","@id":"https:\/\/elfsight.com\/pl\/instagram-feed-instashow\/shopify\/#breadcrumb","itemListElement":[{"@type":"ListItem","position":1,"name":"Home","item":"https:\/\/elfsight.com\/pl\/"},{"@type":"ListItem","position":2,"name":"Instagram Feed","item":"https:\/\/elfsight.com\/pl\/instagram-feed-instashow\/"},{"@type":"ListItem","position":3,"name":"Instagram Feed &#8211; Shopify"}]},{"@type":"WebSite","@id":"https:\/\/elfsight.com\/pl\/#website","url":"https:\/\/elfsight.com\/pl\/","name":"Elfsight PL","description":"Just another Elfsight Sites site","potentialAction":[{"@type":"SearchAction","target":{"@type":"EntryPoint","urlTemplate":"https:\/\/elfsight.com\/pl\/?s={search_term_string}"},"query-input":{"@type":"PropertyValueSpecification","valueRequired":true,"valueName":"search_term_string"}}],"inLanguage":"pl-PL"}]}},"meta_box":{"industry":"","seo_heading":"","heading":"","description":"","cta_heading":"","cta_description":"","application":"594","h1":"Aplikacja Shopify na Instagramie","h1_caption":"Dodawaj posty ze swojego konta na Instagramie lub za pomoc\u0105 hashtagu, zapewniaj\u0105c najlepszy spos\u00f3b na bezproblemowe zaprezentowanie dynamicznego kana\u0142u Instagram w swojej witrynie w witrynie Shopify.","application_category":[],"applications_title":"","applications_request_title":"","applications_request_button_text":"","hero_text":"","hero_video":"","hero_video_schema_markup":"","selling_points_title":"","selling_points_caption":"","selling_points":[],"selling_points_cta_text":"","features_title":"","features":"","ed_cta_examples_text":"","ed_cta_examples_hidden":"","ed_cta_demo_text":"","ed_cta_demo_hidden":"","why_caption":"","why_editor_title":"","why_editor_text":"","why_team_title":"","why_team_text":"","why_service_title":"","why_service_text":"","template_catalog_visible":"0","template_catalog_title":"","template_catalog_text":"","template_catalog_categories_visible":"","demo_title":"Utw\u00f3rz aplikacj\u0119 do obs\u0142ugi kana\u0142\u00f3w na Instagramie","demo_caption":"Skonfiguruj sw\u00f3j kana\u0142 na Instagramie i dodaj go do swojej witryny Shopify za darmo!","default_faq_hidden":"","app_template_category":[],"platform":"7580","template_public_id":"","codecanyon_url":"","codecanyon_item_id":"","codecanyon_price":"","pricing_caption":"","pricing_elfsight_apps_hide_column":"","pricing_elfsight_apps_url":"","pricing_codecanyon_price_caption":"","integration_category":[],"integration_request_title":"","integration_request_cta":"","integration_platform":"","integrations":[],"platform_category":[],"video_schema_markup":"","price":"od 0 USD \/ miesi\u0105c","trial":"","benefits":[{"text":"Bezp\u0142atna us\u0142uga monta\u017cu"},{"text":"Wsparcie premium"},{"text":"14-dniowa gwarancja zwrotu pieni\u0119dzy"}],"button_url":"#demo","button_target_blank":"0","button_nofollow":"0","attributes":[{"name":"Instaluje","content":"100,000 - 500,000"},{"name":"Czu\u0142y","content":"Tak"},{"name":"Kompatybilne przegl\u0105darki","content":"IE11, Firefox, Safari, Opera, Chrome, Edge"}],"tags":[],"tags_disable_links":"0","hide_more_platforms":"0","video_object":"","demo_hide_cta":"0","demo_hide_cloud_options":"0","pricing_title":"","pricing":[{"pricing_icon":"cloud","pricing_title":"Elfsight Apps","pricing_title_caption":"Wersja wieloplatformowa, kt\u00f3ra dzia\u0142a na ka\u017cdej stronie internetowej","pricing_price":"od 0 USD \/ miesi\u0105c","pricing_price_caption":"zacznij od bezp\u0142atnego planu","pricing_benefits":[{"text":"Nielimitowane strony internetowe"},{"text":"Wsparcie premium"},{"text":"Bezp\u0142atna us\u0142uga monta\u017cu"},{"text":"Oferta specjalna na wiele aplikacji"}],"pricing_button_text":"Dodaj do witryny","pricing_button_url":"#demo"}],"related_apps_title":"","related_apps_hidden":"0","author":"","image":[],"title":"","job":"","social_networks":[]},"_links":{"self":[{"href":"https:\/\/elfsight.com\/pl\/wp-json\/wp\/v2\/pages\/5525","targetHints":{"allow":["GET"]}}],"collection":[{"href":"https:\/\/elfsight.com\/pl\/wp-json\/wp\/v2\/pages"}],"about":[{"href":"https:\/\/elfsight.com\/pl\/wp-json\/wp\/v2\/types\/page"}],"author":[{"embeddable":true,"href":"https:\/\/elfsight.com\/pl\/wp-json\/wp\/v2\/users\/9"}],"replies":[{"embeddable":true,"href":"https:\/\/elfsight.com\/pl\/wp-json\/wp\/v2\/comments?post=5525"}],"version-history":[{"count":4,"href":"https:\/\/elfsight.com\/pl\/wp-json\/wp\/v2\/pages\/5525\/revisions"}],"predecessor-version":[{"id":10852,"href":"https:\/\/elfsight.com\/pl\/wp-json\/wp\/v2\/pages\/5525\/revisions\/10852"}],"up":[{"embeddable":true,"href":"https:\/\/elfsight.com\/pl\/wp-json\/wp\/v2\/pages\/614"}],"wp:attachment":[{"href":"https:\/\/elfsight.com\/pl\/wp-json\/wp\/v2\/media?parent=5525"}],"curies":[{"name":"wp","href":"https:\/\/api.w.org\/{rel}","templated":true}]}}