{"id":5520,"date":"2024-05-03T06:39:47","date_gmt":"2024-05-03T06:39:47","guid":{"rendered":"https:\/\/elfsight.com\/pl\/?page_id=5520"},"modified":"2024-11-14T12:51:45","modified_gmt":"2024-11-14T12:51:45","slug":"cornerstone","status":"publish","type":"page","link":"https:\/\/elfsight.com\/pl\/instagram-feed-instashow\/cornerstone\/","title":{"rendered":"InstaShow Cornerstone"},"content":{"rendered":"<div class=\"application-platform-content-item-description application-platform-content-item\" id=\"description\" data-nav-section=\"description\"> <h2>Opis<\/h2><p>InstaShow to pot\u0119\u017cna wtyczka do Instagrama, kt\u00f3ra umo\u017cliwia projektowanie wspania\u0142ych kolekcji ze zdj\u0119\u0107 i film\u00f3w na Instagramie . Nieograniczona ilo\u015b\u0107 wariant\u00f3w personalizacji Twojej osobistej strony: wszystkie typy \u017ar\u00f3de\u0142, filtry kana\u0142\u00f3w, ponad 70 elastycznych preferencji i 10 schemat\u00f3w kolor\u00f3w oraz 100% adaptacji do r\u00f3\u017cnych rozdzielczo\u015bci. Zastosuj ca\u0142kowicie responsywn\u0105 i wydajn\u0105 wtyczk\u0119, aby w mgnieniu oka wzbudzi\u0107 zainteresowanie u\u017cytkownik\u00f3w Twoj\u0105 witryn\u0105. <\/p><ul><li><b>Podnie\u015b wska\u017anik konwersji<\/b><br>Opowiadaj o swoich produktach lub us\u0142ugach za pomoc\u0105 zdj\u0119\u0107 z Instagrama za pomoc\u0105 hashtag\u00f3w, lokalizacji, konta lub potrzebnego adresu URL, aby poprawi\u0107 wydajno\u015b\u0107 swojej witryny. <\/li> <li><b>Reklamuj sw\u00f3j profil na Instagramie<\/b><br>Rozszerzaj sw\u00f3j profil na Instagramie za po\u015brednictwem witryny internetowej, niech wi\u0119cej czytelnik\u00f3w Ci\u0119 pozna i stanie si\u0119 Twoimi fanami.<\/li> <li> <b>Wi\u0119ksze zaanga\u017cowanie odwiedzaj\u0105cych<\/b><br>Zaimponuj odwiedzaj\u0105cym i wywo\u0142aj g\u0142\u0119bokie emocje u\u017cytkownik\u00f3w za pomoc\u0105 zdj\u0119\u0107 z Instagrama, aby osi\u0105gn\u0105\u0107 silniejsze zaanga\u017cowanie. <\/li><\/ul><\/div><div class=\"application-platform-content-item-features application-platform-content-item\" id=\"features\" data-nav-section=\"features\"><h2>Funkcje<\/h2><p>Podstawowe cechy naszego rozszerzenia, kt\u00f3re sprawiaj\u0105, \u017ce jest to najlepsza podstawowa metoda dodawania Instagrama: <\/p><ul><li>Dodawaj tre\u015b\u0107 wed\u0142ug adresu URL, hashtag\u00f3w i nazw u\u017cytkownik\u00f3w;<\/li><li>2 gotowe do u\u017cycia uk\u0142ady kana\u0142\u00f3w: suwak i siatka;<\/li><li>Duplikuj i zmieniaj kolejno\u015b\u0107 po\u0142\u0105cze\u0144 -przyciski akcji;<\/li><li>11 element\u00f3w do malowania;<\/li><li>Opcja optymalizacji mobilnej dla r\u00f3\u017cnych urz\u0105dze\u0144.<\/li><\/ul><p><a href=\"#demo\">Wi\u0119cej funkcji w naszym edytorze<\/a><\/p><\/div><div class=\"application-platform-content-item-installation application-platform-content-item\" id=\"installation\" data-nav-section=\"installation\"><h2>Jak mog\u0119 doda\u0107 kana\u0142 Instagram do mojej strony internetowej Cornerstone? <\/h2> <p>Wystarczy post\u0119powa\u0107 zgodnie z poni\u017cszymi wskaz\u00f3wkami, aby rozpocz\u0105\u0107 korzystanie z narz\u0119dzia. <\/p> <ol><li><b>Wykonaj bezp\u0142atn\u0105 wersj\u0119 demonstracyjn\u0105 i rozpocznij budowanie w\u0142asnego instrumentu. <\/b><br> Wybierz preferowany wygl\u0105d i parametry wid\u017cetu i zastosuj poprawki. <\/li> <li><b>Odbierz sw\u00f3j osobisty kod, kt\u00f3ry pojawi si\u0119 w oknie aplikacji Elfsight. <\/b><br> Zaraz po utworzeniu narz\u0119dzia skopiuj ekskluzywny kod z wy\u015bwietlonego okna i zachowaj go do p\u00f3\u017aniejszego wykorzystania. <\/li> <li><b>Wyra\u017a ch\u0119\u0107 korzystania z wtyczki w witrynie Cornerstone. <\/b><br> Wklej zapisany wcze\u015bniej kod na swoj\u0105 stron\u0119 g\u0142\u00f3wn\u0105 i zastosuj zmiany. <\/li> <li><b>Gotowe! Integracja zosta\u0142a pomy\u015blnie przeprowadzona. <\/b><br> Odwied\u017a swoj\u0105 witryn\u0119, aby zobaczy\u0107 dzia\u0142anie wtyczki. <\/li><\/ol> <p>Je\u015bli masz pytania lub masz problemy, skontaktuj si\u0119 z naszym dzia\u0142em obs\u0142ugi klienta. Nasi konsultanci pragn\u0105 rozwi\u0105za\u0107 wszystkie problemy, jakie mo\u017cesz mie\u0107 z produktem. <\/p> <\/div>","protected":false},"excerpt":{"rendered":"","protected":false},"author":9,"featured_media":0,"parent":614,"menu_order":0,"comment_status":"closed","ping_status":"closed","template":"templates\/template-application-platform.php","meta":{"publish_to_discourse":"","publish_post_category":"","wpdc_auto_publish_overridden":"","wpdc_topic_tags":"","wpdc_pin_topic":"","wpdc_pin_until":"","discourse_post_id":"","discourse_permalink":"","wpdc_publishing_response":"","wpdc_publishing_error":"","footnotes":""},"class_list":["post-5520","page","type-page","status-publish","hentry"],"yoast_head":"<!-- This site is optimized with the Yoast SEO plugin v25.3.1 - https:\/\/yoast.com\/wordpress\/plugins\/seo\/ -->\n<title>Rozszerzenie Cornerstone kana\u0142u Instagram \u2013 InstaShow<\/title>\n<meta name=\"description\" content=\"Specjalna wersja InstaShow - jednego z najlepszych kana\u0142\u00f3w Instagram dla stron internetowych z wbudowanym narz\u0119dziem Cornerstone Page Builder. Wysoko oceniane przed\u0142u\u017cenie kamienia w\u0119gielnego.\" \/>\n<meta name=\"robots\" content=\"index, follow, max-snippet:-1, max-image-preview:large, max-video-preview:-1\" \/>\n<link rel=\"canonical\" href=\"https:\/\/elfsight.com\/pl\/instagram-feed-instashow\/cornerstone\/\" \/>\n<meta property=\"og:locale\" content=\"pl_PL\" \/>\n<meta property=\"og:type\" content=\"article\" \/>\n<meta property=\"og:title\" content=\"Rozszerzenie Cornerstone kana\u0142u Instagram \u2013 InstaShow\" \/>\n<meta property=\"og:description\" content=\"Specjalna wersja InstaShow - jednego z najlepszych kana\u0142\u00f3w Instagram dla stron internetowych z wbudowanym narz\u0119dziem Cornerstone Page Builder. Wysoko oceniane przed\u0142u\u017cenie kamienia w\u0119gielnego.\" \/>\n<meta property=\"og:url\" content=\"https:\/\/elfsight.com\/pl\/instagram-feed-instashow\/cornerstone\/\" \/>\n<meta property=\"og:site_name\" content=\"Elfsight PL\" \/>\n<meta property=\"article:modified_time\" content=\"2024-11-14T12:51:45+00:00\" \/>\n<meta name=\"twitter:card\" content=\"summary_large_image\" \/>\n<meta name=\"twitter:label1\" content=\"Szacowany czas czytania\" \/>\n\t<meta name=\"twitter:data1\" content=\"2 minuty\" \/>\n<!-- \/ Yoast SEO plugin. -->","yoast_head_json":{"title":"Rozszerzenie Cornerstone kana\u0142u Instagram \u2013 InstaShow","description":"Specjalna wersja InstaShow - jednego z najlepszych kana\u0142\u00f3w Instagram dla stron internetowych z wbudowanym narz\u0119dziem Cornerstone Page Builder. Wysoko oceniane przed\u0142u\u017cenie kamienia w\u0119gielnego.","robots":{"index":"index","follow":"follow","max-snippet":"max-snippet:-1","max-image-preview":"max-image-preview:large","max-video-preview":"max-video-preview:-1"},"canonical":"https:\/\/elfsight.com\/pl\/instagram-feed-instashow\/cornerstone\/","og_locale":"pl_PL","og_type":"article","og_title":"Rozszerzenie Cornerstone kana\u0142u Instagram \u2013 InstaShow","og_description":"Specjalna wersja InstaShow - jednego z najlepszych kana\u0142\u00f3w Instagram dla stron internetowych z wbudowanym narz\u0119dziem Cornerstone Page Builder. Wysoko oceniane przed\u0142u\u017cenie kamienia w\u0119gielnego.","og_url":"https:\/\/elfsight.com\/pl\/instagram-feed-instashow\/cornerstone\/","og_site_name":"Elfsight PL","article_modified_time":"2024-11-14T12:51:45+00:00","twitter_card":"summary_large_image","twitter_misc":{"Szacowany czas czytania":"2 minuty"},"schema":{"@context":"https:\/\/schema.org","@graph":[{"@type":"WebPage","@id":"https:\/\/elfsight.com\/pl\/instagram-feed-instashow\/cornerstone\/","url":"https:\/\/elfsight.com\/pl\/instagram-feed-instashow\/cornerstone\/","name":"Rozszerzenie Cornerstone kana\u0142u Instagram \u2013 InstaShow","isPartOf":{"@id":"https:\/\/elfsight.com\/pl\/#website"},"datePublished":"2024-05-03T06:39:47+00:00","dateModified":"2024-11-14T12:51:45+00:00","description":"Specjalna wersja InstaShow - jednego z najlepszych kana\u0142\u00f3w Instagram dla stron internetowych z wbudowanym narz\u0119dziem Cornerstone Page Builder. Wysoko oceniane przed\u0142u\u017cenie kamienia w\u0119gielnego.","breadcrumb":{"@id":"https:\/\/elfsight.com\/pl\/instagram-feed-instashow\/cornerstone\/#breadcrumb"},"inLanguage":"pl-PL","potentialAction":[{"@type":"ReadAction","target":["https:\/\/elfsight.com\/pl\/instagram-feed-instashow\/cornerstone\/"]}]},{"@type":"BreadcrumbList","@id":"https:\/\/elfsight.com\/pl\/instagram-feed-instashow\/cornerstone\/#breadcrumb","itemListElement":[{"@type":"ListItem","position":1,"name":"Home","item":"https:\/\/elfsight.com\/pl\/"},{"@type":"ListItem","position":2,"name":"Instagram Feed","item":"https:\/\/elfsight.com\/pl\/instagram-feed-instashow\/"},{"@type":"ListItem","position":3,"name":"InstaShow Cornerstone"}]},{"@type":"WebSite","@id":"https:\/\/elfsight.com\/pl\/#website","url":"https:\/\/elfsight.com\/pl\/","name":"Elfsight PL","description":"Just another Elfsight Sites site","potentialAction":[{"@type":"SearchAction","target":{"@type":"EntryPoint","urlTemplate":"https:\/\/elfsight.com\/pl\/?s={search_term_string}"},"query-input":{"@type":"PropertyValueSpecification","valueRequired":true,"valueName":"search_term_string"}}],"inLanguage":"pl-PL"}]}},"meta_box":{"industry":"","seo_heading":"","heading":"","description":"","cta_heading":"","cta_description":"","application":"594","h1":"Rozszerzenie kana\u0142u Instagram dla Cornerstone","h1_caption":"Zaprezentuj kana\u0142 ze zdj\u0119ciami i filmami na Instagramie, aby zaanga\u017cowa\u0107 u\u017cytkownik\u00f3w w witrynie","application_category":[],"applications_title":"","applications_request_title":"","applications_request_button_text":"","hero_text":"","hero_video":"","hero_video_schema_markup":"","selling_points_title":"","selling_points_caption":"","selling_points":[],"selling_points_cta_text":"","features_title":"","features":"","ed_cta_examples_text":"","ed_cta_examples_hidden":"","ed_cta_demo_text":"","ed_cta_demo_hidden":"","why_caption":"","why_editor_title":"","why_editor_text":"","why_team_title":"","why_team_text":"","why_service_title":"","why_service_text":"","template_catalog_visible":"","template_catalog_title":"","template_catalog_text":"","template_catalog_categories_visible":"","demo_title":"Tw\u00f3rz kana\u0142 na Instagramie za darmo!","demo_caption":"Pobierz sw\u00f3j kana\u0142 Instagram dla witryny BigCommerce, korzystaj\u0105c z naszej bezp\u0142atnej wersji demonstracyjnej.","default_faq_hidden":"","app_template_category":[],"platform":"445","template_public_id":"","codecanyon_url":"","codecanyon_item_id":"","codecanyon_price":"","pricing_caption":"","pricing_elfsight_apps_hide_column":"","pricing_elfsight_apps_url":"","pricing_codecanyon_price_caption":"","integration_category":[],"integration_request_title":"","integration_request_cta":"","integration_platform":"","integrations":[],"platform_category":[],"video_schema_markup":"","price":"od 0 USD \/ miesi\u0105c","trial":"","benefits":[{"text":"Bezp\u0142atna us\u0142uga monta\u017cu"},{"text":"Wsparcie premium"},{"text":"14-dniowa gwarancja zwrotu pieni\u0119dzy"}],"button_url":"#demo","button_target_blank":"","button_nofollow":"","attributes":[{"name":"Instaluje"},{"name":"Czu\u0142y"},{"name":"Kompatybilne przegl\u0105darki"}],"tags":[],"tags_disable_links":"","hide_more_platforms":"","video_object":"","demo_hide_cta":"","demo_hide_cloud_options":"","pricing_title":"","pricing":[{"pricing_icon":"cloud","pricing_title":"Elfsight Apps","pricing_title_caption":"Wersja wieloplatformowa, kt\u00f3ra dzia\u0142a na ka\u017cdej stronie internetowej","pricing_price":"od 0 USD \/ miesi\u0105c","pricing_price_caption":"zacznij od bezp\u0142atnego planu","pricing_benefits":[{"text":"Nielimitowane strony internetowe"},{"text":"Wsparcie premium"},{"text":"Bezp\u0142atna us\u0142uga monta\u017cu"},{"text":"Oferta specjalna na wiele aplikacji"}],"pricing_button_text":"Dodaj do witryny","pricing_button_url":"#demo"}],"related_apps_title":"","related_apps_hidden":"","author":"","image":[],"title":"","job":"","social_networks":[]},"_links":{"self":[{"href":"https:\/\/elfsight.com\/pl\/wp-json\/wp\/v2\/pages\/5520","targetHints":{"allow":["GET"]}}],"collection":[{"href":"https:\/\/elfsight.com\/pl\/wp-json\/wp\/v2\/pages"}],"about":[{"href":"https:\/\/elfsight.com\/pl\/wp-json\/wp\/v2\/types\/page"}],"author":[{"embeddable":true,"href":"https:\/\/elfsight.com\/pl\/wp-json\/wp\/v2\/users\/9"}],"replies":[{"embeddable":true,"href":"https:\/\/elfsight.com\/pl\/wp-json\/wp\/v2\/comments?post=5520"}],"version-history":[{"count":1,"href":"https:\/\/elfsight.com\/pl\/wp-json\/wp\/v2\/pages\/5520\/revisions"}],"predecessor-version":[{"id":5524,"href":"https:\/\/elfsight.com\/pl\/wp-json\/wp\/v2\/pages\/5520\/revisions\/5524"}],"up":[{"embeddable":true,"href":"https:\/\/elfsight.com\/pl\/wp-json\/wp\/v2\/pages\/614"}],"wp:attachment":[{"href":"https:\/\/elfsight.com\/pl\/wp-json\/wp\/v2\/media?parent=5520"}],"curies":[{"name":"wp","href":"https:\/\/api.w.org\/{rel}","templated":true}]}}