{"id":5519,"date":"2024-05-03T06:39:46","date_gmt":"2024-05-03T06:39:46","guid":{"rendered":"https:\/\/elfsight.com\/pl\/?page_id=5519"},"modified":"2024-09-13T13:35:15","modified_gmt":"2024-09-13T13:35:15","slug":"lightspeed","status":"publish","type":"page","link":"https:\/\/elfsight.com\/pl\/instagram-feed-instashow\/lightspeed\/","title":{"rendered":"InstaShow Lightspeed"},"content":{"rendered":"<div class=\"application-platform-content-item-description application-platform-content-item\" id=\"description\" data-nav-section=\"description\"> <h2>Opis<\/h2><p>InstaShow to responsywna wtyczka do Instagrama, kt\u00f3ra pozwala generowa\u0107 wspania\u0142e galerie ze zdj\u0119\u0107 i film\u00f3w na Instagramie. Niesko\u0144czona ilo\u015b\u0107 wariant\u00f3w dostosowywania Twojej osobistej strony: wszelkiego rodzaju \u017ar\u00f3d\u0142a, sortowanie post\u00f3w, ponad 60 konfigurowalnych opcji i 10 wariant\u00f3w uk\u0142adu oraz 100% dostosowania do wszystkich rozdzielczo\u015bci. U\u017cyj w pe\u0142ni responsywnej i u\u017cytecznej wtyczki, aby w mgnieniu oka przyci\u0105gn\u0105\u0107 u\u017cytkownik\u00f3w do swojej witryny. <\/p><div class=\"faq\" data-component=\"FAQ\"> <div class=\"faq-item\">\r\n\t\t\t\t\t<div class=\"faq-item-question\">\r\n\t\t\t\t\t\t<h3 class=\"faq-item-question-text\">Czy widget jest kompatybilny ze smartfonami? <\/h3>\r\n\r\n\t\t\t\t\t\t<div class=\"faq-item-question-icon\"><\/div>\r\n\t\t\t\t\t<\/div>\r\n\r\n\t\t\t\t\t<div class=\"faq-item-answer\">\r\n\t\t\t\t\t\t<div class=\"faq-item-answer-text\"><p>Pewnie! Twoi u\u017cytkownicy uzyskaj\u0105 niesamowite wra\u017cenia bez wzgl\u0119du na rodzaj narz\u0119dzia, z kt\u00f3rego korzystaj\u0105 \u2013 od komputera stacjonarnego po smartfon. <\/p><\/div>\r\n\t\t\t\t\t<\/div>\r\n\t\t\t\t<\/div><div class=\"faq-item\">\r\n\t\t\t\t\t<div class=\"faq-item-question\">\r\n\t\t\t\t\t\t<h3 class=\"faq-item-question-text\">Czy mog\u0119 pracowa\u0107 z wtyczk\u0105 za darmo? <\/h3>\r\n\r\n\t\t\t\t\t\t<div class=\"faq-item-question-icon\"><\/div>\r\n\t\t\t\t\t<\/div>\r\n\r\n\t\t\t\t\t<div class=\"faq-item-answer\">\r\n\t\t\t\t\t\t<div class=\"faq-item-answer-text\"><p>Tak, sugerujemy r\u00f3\u017cne plany cenowe, z kt\u00f3rych jeden jest bezp\u0142atny. Je\u015bli chcesz mie\u0107 szerszy zestaw funkcji, mo\u017cesz w dowolnym momencie uaktualni\u0107 sw\u00f3j plan. <\/p><\/div>\r\n\t\t\t\t\t<\/div>\r\n\t\t\t\t<\/div><div class=\"faq-item\">\r\n\t\t\t\t\t<div class=\"faq-item-question\">\r\n\t\t\t\t\t\t<h3 class=\"faq-item-question-text\">Czy Tw\u00f3j widget pasuje do motywu zastosowanego przez moj\u0105 witryn\u0119?<\/h3>\r\n\r\n\t\t\t\t\t\t<div class=\"faq-item-question-icon\"><\/div>\r\n\t\t\t\t\t<\/div>\r\n\r\n\t\t\t\t\t<div class=\"faq-item-answer\">\r\n\t\t\t\t\t\t<div class=\"faq-item-answer-text\"><p>Oczywi\u015bcie! Narz\u0119dzie jest ca\u0142kowicie kompatybilne z motywami i narz\u0119dziami do tworzenia stron internetowych, kt\u00f3re spe\u0142niaj\u0105 standardowe wymagania Lightspeed. A je\u015bli nie korzystasz z WordPressa, pomo\u017cemy Ci.<\/p><\/div>\r\n\t\t\t\t\t<\/div>\r\n\t\t\t\t<\/div><\/div><\/div><div class=\"application-platform-content-item-features application-platform-content-item\" id=\"features\" data-nav-section=\"features\"><h2>Funkcje<\/h2> <p>Aby uzyska\u0107 jasny pogl\u0105d na <a href=\"https:\/\/elfsight.com\/blog\/how-to-embed-instagram-feed-on-website\/\">Kana\u0142 na Instagramie<\/a>, Lightspeed , mo\u017cesz przestudiowa\u0107 list\u0119 g\u0142\u00f3wnych cech. Sprawiaj\u0105, \u017ce aplikacja jest dla Ciebie naprawd\u0119 skuteczna:<\/p><ul><li><b>Wzmocnij indeks transakcji<\/b><br>Zaprezentuj swoje towary lub us\u0142ugi za pomoc\u0105 zdj\u0119\u0107 z Instagrama za pomoc\u0105 hashtag\u00f3w, lokalizacji, konta lub poprzez konkretny adres URL, aby zwi\u0119kszy\u0107 wyniki swojej witryny. <\/li> <li><b>Maksymalna liczba obserwuj\u0105cych na Instagramie<\/b><br>Wy\u015bwietlaj specjalne przyciski z wezwaniem, aby uzyska\u0107 subskrypcj\u0119 i zwi\u0119kszy\u0107 liczb\u0119 fan\u00f3w swojej strony na Instagramie. <\/li> <li><b>Zaanga\u017cuj wi\u0119ksz\u0105 liczb\u0119 odwiedzaj\u0105cych<\/b><br>Wy\u015bwietlaj na swojej stronie zdj\u0119cia z Instagrama za pomoc\u0105 wtyczki Elfsight, a przyci\u0105gn\u0105 wi\u0119cej czytelnik\u00f3w i sprawi\u0105, \u017ce b\u0119d\u0105 sp\u0119dza\u0107 wi\u0119cej czasu na stronie . <\/li><\/ul><p><a href=\"#demo\">Poznaj pe\u0142n\u0105 funkcjonalno\u015b\u0107 w wersji demonstracyjnej<\/a><\/p><\/div><div class=\"application-platform-content-item-installation application-platform-content-item\" id=\"installation\" data-nav-section=\"installation\"><h2> Jak doda\u0107 kana\u0142 Instagram do mojej witryny Lightspeed? <\/h2> <p>Wystarczy post\u0119powa\u0107 zgodnie z poni\u017cszymi wskaz\u00f3wkami, aby osadzi\u0107 wid\u017cet. <\/p> <ol><li><b>Skorzystaj z naszej bezp\u0142atnej wersji demonstracyjnej i zacznij tworzy\u0107 swoj\u0105 unikaln\u0105 wtyczk\u0119. <\/b><br> Okre\u015bl po\u017c\u0105dany wygl\u0105d i opcje narz\u0119dzia oraz zapisz poprawki. <\/li> <li><b>Skopiuj sw\u00f3j indywidualny kod wy\u015bwietlany w specjalnym formularzu w aplikacjach Elfsight. <\/b><br> Po zako\u0144czeniu dostosowywania osobistego wid\u017cetu skopiuj indywidualny kod w wy\u015bwietlonym oknie i zachowaj go do dalszego wykorzystania. <\/li> <li><b>Rozpocznij korzystanie z wid\u017cetu w witrynie Lightspeed. <\/b><br> Umie\u015b\u0107 ostatnio skopiowany kod na swojej stronie internetowej i zapisz ulepszenia. <\/li> <li><b>Konfiguracja zosta\u0142a pomy\u015blnie uko\u0144czona. <\/b><br> Odwied\u017a swoj\u0105 stron\u0119 internetow\u0105, aby sprawdzi\u0107, jak dzia\u0142a wtyczka. <\/li><\/ol> <p>Je\u015bli masz pytania lub masz pewne komplikacje, napisz do naszego zespo\u0142u pomocy technicznej. Nasi konsultanci z przyjemno\u015bci\u0105 odpowiedz\u0105 na wszystkie Twoje pytania dotycz\u0105ce widgetu. <\/p> <\/div>","protected":false},"excerpt":{"rendered":"","protected":false},"author":9,"featured_media":0,"parent":614,"menu_order":0,"comment_status":"closed","ping_status":"closed","template":"templates\/template-application-platform.php","meta":{"publish_to_discourse":"","publish_post_category":"","wpdc_auto_publish_overridden":"","wpdc_topic_tags":"","wpdc_pin_topic":"","wpdc_pin_until":"","discourse_post_id":"","discourse_permalink":"","wpdc_publishing_response":"","wpdc_publishing_error":"","footnotes":""},"class_list":["post-5519","page","type-page","status-publish","hentry"],"yoast_head":"<!-- This site is optimized with the Yoast SEO plugin v25.3.1 - https:\/\/yoast.com\/wordpress\/plugins\/seo\/ -->\n<title>Kana\u0142 Lightspeed na Instagramie \u2014 InstaShow<\/title>\n<meta name=\"description\" content=\"U\u017cyj kana\u0142u Lightspeed na Instagramie, aby tworzy\u0107 wspania\u0142e galerie zdj\u0119\u0107 na Instagramie bezpo\u015brednio w swoim sklepie Lightspeed i b\u0142yskawicznie przyci\u0105ga\u0107 odbiorc\u00f3w!\" \/>\n<meta name=\"robots\" content=\"index, follow, max-snippet:-1, max-image-preview:large, max-video-preview:-1\" \/>\n<link rel=\"canonical\" href=\"https:\/\/elfsight.com\/pl\/instagram-feed-instashow\/lightspeed\/\" \/>\n<meta property=\"og:locale\" content=\"pl_PL\" \/>\n<meta property=\"og:type\" content=\"article\" \/>\n<meta property=\"og:title\" content=\"Kana\u0142 Lightspeed na Instagramie \u2014 InstaShow\" \/>\n<meta property=\"og:description\" content=\"U\u017cyj kana\u0142u Lightspeed na Instagramie, aby tworzy\u0107 wspania\u0142e galerie zdj\u0119\u0107 na Instagramie bezpo\u015brednio w swoim sklepie Lightspeed i b\u0142yskawicznie przyci\u0105ga\u0107 odbiorc\u00f3w!\" \/>\n<meta property=\"og:url\" content=\"https:\/\/elfsight.com\/pl\/instagram-feed-instashow\/lightspeed\/\" \/>\n<meta property=\"og:site_name\" content=\"Elfsight PL\" \/>\n<meta property=\"article:modified_time\" content=\"2024-09-13T13:35:15+00:00\" \/>\n<meta name=\"twitter:card\" content=\"summary_large_image\" \/>\n<meta name=\"twitter:label1\" content=\"Szacowany czas czytania\" \/>\n\t<meta name=\"twitter:data1\" content=\"3 minuty\" \/>\n<!-- \/ Yoast SEO plugin. -->","yoast_head_json":{"title":"Kana\u0142 Lightspeed na Instagramie \u2014 InstaShow","description":"U\u017cyj kana\u0142u Lightspeed na Instagramie, aby tworzy\u0107 wspania\u0142e galerie zdj\u0119\u0107 na Instagramie bezpo\u015brednio w swoim sklepie Lightspeed i b\u0142yskawicznie przyci\u0105ga\u0107 odbiorc\u00f3w!","robots":{"index":"index","follow":"follow","max-snippet":"max-snippet:-1","max-image-preview":"max-image-preview:large","max-video-preview":"max-video-preview:-1"},"canonical":"https:\/\/elfsight.com\/pl\/instagram-feed-instashow\/lightspeed\/","og_locale":"pl_PL","og_type":"article","og_title":"Kana\u0142 Lightspeed na Instagramie \u2014 InstaShow","og_description":"U\u017cyj kana\u0142u Lightspeed na Instagramie, aby tworzy\u0107 wspania\u0142e galerie zdj\u0119\u0107 na Instagramie bezpo\u015brednio w swoim sklepie Lightspeed i b\u0142yskawicznie przyci\u0105ga\u0107 odbiorc\u00f3w!","og_url":"https:\/\/elfsight.com\/pl\/instagram-feed-instashow\/lightspeed\/","og_site_name":"Elfsight PL","article_modified_time":"2024-09-13T13:35:15+00:00","twitter_card":"summary_large_image","twitter_misc":{"Szacowany czas czytania":"3 minuty"},"schema":{"@context":"https:\/\/schema.org","@graph":[{"@type":"WebPage","@id":"https:\/\/elfsight.com\/pl\/instagram-feed-instashow\/lightspeed\/","url":"https:\/\/elfsight.com\/pl\/instagram-feed-instashow\/lightspeed\/","name":"Kana\u0142 Lightspeed na Instagramie \u2014 InstaShow","isPartOf":{"@id":"https:\/\/elfsight.com\/pl\/#website"},"datePublished":"2024-05-03T06:39:46+00:00","dateModified":"2024-09-13T13:35:15+00:00","description":"U\u017cyj kana\u0142u Lightspeed na Instagramie, aby tworzy\u0107 wspania\u0142e galerie zdj\u0119\u0107 na Instagramie bezpo\u015brednio w swoim sklepie Lightspeed i b\u0142yskawicznie przyci\u0105ga\u0107 odbiorc\u00f3w!","breadcrumb":{"@id":"https:\/\/elfsight.com\/pl\/instagram-feed-instashow\/lightspeed\/#breadcrumb"},"inLanguage":"pl-PL","potentialAction":[{"@type":"ReadAction","target":["https:\/\/elfsight.com\/pl\/instagram-feed-instashow\/lightspeed\/"]}]},{"@type":"BreadcrumbList","@id":"https:\/\/elfsight.com\/pl\/instagram-feed-instashow\/lightspeed\/#breadcrumb","itemListElement":[{"@type":"ListItem","position":1,"name":"Home","item":"https:\/\/elfsight.com\/pl\/"},{"@type":"ListItem","position":2,"name":"Instagram Feed","item":"https:\/\/elfsight.com\/pl\/instagram-feed-instashow\/"},{"@type":"ListItem","position":3,"name":"InstaShow Lightspeed"}]},{"@type":"WebSite","@id":"https:\/\/elfsight.com\/pl\/#website","url":"https:\/\/elfsight.com\/pl\/","name":"Elfsight PL","description":"Just another Elfsight Sites site","potentialAction":[{"@type":"SearchAction","target":{"@type":"EntryPoint","urlTemplate":"https:\/\/elfsight.com\/pl\/?s={search_term_string}"},"query-input":{"@type":"PropertyValueSpecification","valueRequired":true,"valueName":"search_term_string"}}],"inLanguage":"pl-PL"}]}},"meta_box":{"industry":"","seo_heading":"","heading":"","description":"","cta_heading":"","cta_description":"","application":"594","h1":"Aplikacja Instagram Feed dla Lightspeed","h1_caption":"Wy\u015bwietlaj zdj\u0119cia i filmy na Instagramie, aby zamieni\u0107 odwiedzaj\u0105cych Twoj\u0105 witryn\u0119 w obserwuj\u0105cych","application_category":[],"applications_title":"","applications_request_title":"","applications_request_button_text":"","hero_text":"","hero_video":"","hero_video_schema_markup":"","selling_points_title":"","selling_points_caption":"","selling_points":[],"selling_points_cta_text":"","features_title":"","features":"","ed_cta_examples_text":"","ed_cta_examples_hidden":"","ed_cta_demo_text":"","ed_cta_demo_hidden":"","why_caption":"","why_editor_title":"","why_editor_text":"","why_team_title":"","why_team_text":"","why_service_title":"","why_service_text":"","template_catalog_visible":"","template_catalog_title":"","template_catalog_text":"","template_catalog_categories_visible":"","demo_title":"Zaprojektuj kana\u0142 na Instagramie za darmo!","demo_caption":"Przetestuj sw\u00f3j kana\u0142 na Instagramie dla witryny Lightspeed, korzystaj\u0105c z naszego szybkiego, bezp\u0142atnego edytora.","default_faq_hidden":"","app_template_category":[],"platform":"88","template_public_id":"","codecanyon_url":"","codecanyon_item_id":"","codecanyon_price":"","pricing_caption":"","pricing_elfsight_apps_hide_column":"","pricing_elfsight_apps_url":"","pricing_codecanyon_price_caption":"","integration_category":[],"integration_request_title":"","integration_request_cta":"","integration_platform":"","integrations":[],"platform_category":[],"video_schema_markup":"","price":"od 0 USD \/ miesi\u0105c","trial":"","benefits":[{"text":"Bezp\u0142atna us\u0142uga monta\u017cu"},{"text":"Wsparcie premium"},{"text":"14-dniowa gwarancja zwrotu pieni\u0119dzy"}],"button_url":"#demo","button_target_blank":"","button_nofollow":"","attributes":[{"name":"Instaluje"},{"name":"Czu\u0142y"},{"name":"Kompatybilne przegl\u0105darki"}],"tags":[],"tags_disable_links":"","hide_more_platforms":"","video_object":"","demo_hide_cta":"","demo_hide_cloud_options":"","pricing_title":"","pricing":[{"pricing_icon":"platform","pricing_title":"Lightspeed app","pricing_title_caption":"Dzia\u0142a na ka\u017cdej stronie internetowej Lightspeed","pricing_price":"od 0 USD \/ miesi\u0105c","pricing_price_caption":"Zacznij od 14-dniowego okresu pr\u00f3bnego","pricing_benefits":[{"text":"Natywna aplikacja Lightspeed"},{"text":"Jedna p\u0142atno\u015b\u0107 za Twoj\u0105 witryn\u0119 i aplikacj\u0119"},{"text":"Skonfiguruj aplikacj\u0119 bezpo\u015brednio na swojej stronie internetowej"},{"text":"W pe\u0142ni konfigurowalny, aby spe\u0142ni\u0107 Twoje potrzeby"}],"pricing_button_text":"Dodaj do witryny","pricing_button_url":"#demo"}],"related_apps_title":"","related_apps_hidden":"","author":"","image":[],"title":"","job":"","social_networks":[]},"_links":{"self":[{"href":"https:\/\/elfsight.com\/pl\/wp-json\/wp\/v2\/pages\/5519","targetHints":{"allow":["GET"]}}],"collection":[{"href":"https:\/\/elfsight.com\/pl\/wp-json\/wp\/v2\/pages"}],"about":[{"href":"https:\/\/elfsight.com\/pl\/wp-json\/wp\/v2\/types\/page"}],"author":[{"embeddable":true,"href":"https:\/\/elfsight.com\/pl\/wp-json\/wp\/v2\/users\/9"}],"replies":[{"embeddable":true,"href":"https:\/\/elfsight.com\/pl\/wp-json\/wp\/v2\/comments?post=5519"}],"version-history":[{"count":1,"href":"https:\/\/elfsight.com\/pl\/wp-json\/wp\/v2\/pages\/5519\/revisions"}],"predecessor-version":[{"id":5523,"href":"https:\/\/elfsight.com\/pl\/wp-json\/wp\/v2\/pages\/5519\/revisions\/5523"}],"up":[{"embeddable":true,"href":"https:\/\/elfsight.com\/pl\/wp-json\/wp\/v2\/pages\/614"}],"wp:attachment":[{"href":"https:\/\/elfsight.com\/pl\/wp-json\/wp\/v2\/media?parent=5519"}],"curies":[{"name":"wp","href":"https:\/\/api.w.org\/{rel}","templated":true}]}}