{"id":5518,"date":"2024-05-03T06:39:45","date_gmt":"2024-05-03T06:39:45","guid":{"rendered":"https:\/\/elfsight.com\/pl\/?page_id=5518"},"modified":"2024-11-14T12:51:45","modified_gmt":"2024-11-14T12:51:45","slug":"weebly","status":"publish","type":"page","link":"https:\/\/elfsight.com\/pl\/instagram-feed-instashow\/weebly\/","title":{"rendered":"Instagram Feed &#8211; Weebly"},"content":{"rendered":"<div class=\"application-platform-content-item-description application-platform-content-item\" id=\"description\" data-nav-section=\"description\"><h2>Umie\u015b\u0107 Instagram na Weebly za pomoc\u0105 wid\u017cetu Elfsight<\/h2><p>InstaShow to wydajny wid\u017cet na Instagramie, kt\u00f3ry umo\u017cliwia tworzenie fascynuj\u0105cych galerii ze zdj\u0119\u0107 na Instagramie i filmy. Nieograniczone mo\u017cliwo\u015bci dostosowywania swojego kana\u0142u: dost\u0119pne wszystkie typy \u017ar\u00f3de\u0142, filtr tre\u015bci, ponad 50 regulowanych ustawie\u0144 i 10 schemat\u00f3w projektowania oraz ca\u0142kowicie responsywny dla r\u00f3\u017cnych rozmiar\u00f3w ekran\u00f3w.<\/p><p><b>U\u017cyj w pe\u0142ni responsywnego i praktycznego widget, kt\u00f3ry b\u0142yskawicznie przyci\u0105gnie u\u017cytkownik\u00f3w Twojej witryny.<\/b><\/p><ul><li><b>Zwi\u0119ksz liczb\u0119 transakcji<\/b>.<br>Zaprezentuj swoje produkty lub us\u0142ugi za pomoc\u0105 zdj\u0119\u0107 z Instagram za pomoc\u0105 hashtag\u00f3w, lokalizacji, strony lub potrzebnego adresu URL, aby zwi\u0119kszy\u0107 wydajno\u015b\u0107 swojej witryny.<\/li><li><b>Promuj sw\u00f3j profil na Instagramie<\/b>.<br>Reklamuj swoje konto na Instagramie za po\u015brednictwem witryny, pozw\u00f3l wi\u0119kszej liczbie odwiedzaj\u0105cych pozna\u0107 Ci\u0119 i zosta\u0107 Twoimi subskrybentami.<\/li><li><b>Zwi\u0119ksz zaanga\u017cowanie odwiedzaj\u0105cych witryn\u0119<\/b>.<br>Przyci\u0105gaj odwiedzaj\u0105cych fajnymi obrazami z Instagrama i pozw\u00f3l im mie\u0107 wi\u0119cej wspania\u0142ych wy\u015bwietle\u0144, aby nawi\u0105za\u0107 intensywn\u0105 interakcj\u0119.<\/li><\/ul><\/div><div class=\"application-platform-content-item-features application-platform-content-item\" id=\"features\" data-nav-section=\"features\"><h2>G\u0142\u00f3wne cechy wid\u017cetu Kana\u0142 na Instagramie<\/h2><p>Najwa\u017cniejsze cechy narz\u0119dzia Elfsight , kt\u00f3re przekszta\u0142caj\u0105 go w najlepszy widget Weebly do wy\u015bwietlania tre\u015bci z Instagrama w serwisie:<\/p><ul><li>Zastosuj filtr tylko do wy\u015bwietlania z wybranego \u017ar\u00f3d\u0142a<\/li><li>Regulowana liczba kolumn i wierszy<\/li><li>Licz\u0105 si\u0119 polubienia i komentarze<\/li><li>13 gotowych do u\u017cycia schemat\u00f3w kolor\u00f3w<\/li><li>Obs\u0142ugiwane jest 27 popularnych j\u0119zyk\u00f3w<\/li><li>Mo\u017cliwo\u015b\u0107 osadzania kana\u0142u Instagram na Weebly w kilka sekund<\/li><\/ul><p><a href=\"#demo\">Wi\u0119cej funkcji w wersji demonstracyjnej Elfsight<\/a><\/p><\/div><div class=\"application-platform-content-item-installation application-platform-content-item\" id=\"installation\" data-nav-section=\"installation\"><h2> Jak doda\u0107 kana\u0142 Instagram do witryny Weebly<\/h2><div class=\"video-container\"><iframe src=\"https:\/\/www.youtube.com\/embed\/Gkk9bMFbisg\" width=\"720\" height=\"405\" frameborder=\"0\" allowfullscreen=\"allowfullscreen\"><\/iframe><\/div><p>Sprawd\u017a nasz\u0105 zwi\u0119z\u0142\u0105 instrukcj\u0119 dotycz\u0105c\u0105 integracji i projektowania wid\u017cetu. Przybli\u017cony czas instalacji wynosi oko\u0142o 90 sekund, a ponadto nie jest wymagana wiedza w zakresie programowania.<\/p><ol><li><b>Skorzystaj z naszego bezp\u0142atnego edytora i zacznij tworzy\u0107 niestandardow\u0105 aplikacj\u0119.<\/b><br> Okre\u015bl niestandardowy projekt i specyfikacje aplikacji oraz zapisz wszystkie zmiany.<\/li><li><b>Odbierz sw\u00f3j indywidualny kod ujawniony w specjalnym formularzu w aplikacjach Elfsight. <\/b><br>Po zako\u0144czeniu konfigurowania aplikacji skopiuj kod osobisty w wy\u015bwietlonym oknie i zapisz go do dalszego wykorzystania.<\/li><li><b>Rozpocznij korzystanie z aplikacji w witrynie Weebly. <\/b><br>Wstaw ostatnio zapisany kod w swojej witrynie i zastosuj zmiany.<\/li><li><b>Gotowe! Osadzanie zosta\u0142o pomy\u015blnie wykonane.<\/b><br>Otw\u00f3rz swoj\u0105 stron\u0119 internetow\u0105, aby zobaczy\u0107, jak dzia\u0142a aplikacja.<\/li><\/ol><p>Masz pytania dotycz\u0105ce osadzania wid\u017cetu w kodzie i jego dostosowywania? Skontaktuj si\u0119 z naszym wsparciem, ch\u0119tnie dodadz\u0105 bezp\u0142atnie kana\u0142 Instagram do Weebly.<\/p><\/div><div class=\"faq\" data-component=\"FAQ\"><div class=\"faq-item\">\r\n\t\t\t\t\t<div class=\"faq-item-question\">\r\n\t\t\t\t\t\t<h3 class=\"faq-item-question-text\">Jak osadzi\u0107 Bezp\u0142atny kana\u0142 Instagram w Weebly?<\/h3>\r\n\r\n\t\t\t\t\t\t<div class=\"faq-item-question-icon\"><\/div>\r\n\t\t\t\t\t<\/div>\r\n\r\n\t\t\t\t\t<div class=\"faq-item-answer\">\r\n\t\t\t\t\t\t<div class=\"faq-item-answer-text\"><ol><p>Dodanie kana\u0142u Instagram w witrynie Weebly to doskona\u0142y spos\u00f3b na wy\u015bwietlenie najnowszych post\u00f3w i zwi\u0119kszenie zaanga\u017cowania odwiedzaj\u0105cych.<\/p><ol><li>Aby <a href=\"https:\/\/elfsight.com\/blog\/how-to-embed-instagram-feed-on-website\/\">umie\u015b\u0107 kana\u0142 na Instagramie<\/a> bezp\u0142atnie w Weebly, przejd\u017a do witryny Elfsight i zarejestruj si\u0119 darmowe konto.<\/li><li>Wykorzystaj w pe\u0142ni darmowy widget Instagrama, dostosowuj\u0105c jego wygl\u0105d i ustawienia do uk\u0142adu Twojej witryny Weebly.<\/li><li>Po bezp\u0142atnym spersonalizowaniu swojego kana\u0142u na Instagramie skopiuj indywidualny kod do osadzenia i wklej go do kodu HTML swojej witryny Weebly w miejscu, w kt\u00f3rym chcesz umie\u015bci\u0107 kana\u0142.<\/li><\/ol><p>W\u0142\u0105czaj\u0105c kana\u0142 Instagram do swojej witryny Weebly, powi\u0119kszysz jej wygl\u0105d atrakcyjno\u015b\u0107 i zach\u0119canie do ci\u0105g\u0142ego zaanga\u017cowania odwiedzaj\u0105cych. Ciesz si\u0119 zaletami wid\u017cetu Elfsight na Instagramie, nie wydaj\u0105c ani grosza!<\/p><\/ol><\/div>\r\n\t\t\t\t\t<\/div>\r\n\t\t\t\t<\/div><\/div>","protected":false},"excerpt":{"rendered":"","protected":false},"author":9,"featured_media":0,"parent":614,"menu_order":0,"comment_status":"closed","ping_status":"closed","template":"templates\/template-application-platform.php","meta":{"publish_to_discourse":"","publish_post_category":"","wpdc_auto_publish_overridden":"","wpdc_topic_tags":"","wpdc_pin_topic":"","wpdc_pin_until":"","discourse_post_id":"","discourse_permalink":"","wpdc_publishing_response":"","wpdc_publishing_error":"","footnotes":""},"class_list":["post-5518","page","type-page","status-publish","hentry"],"yoast_head":"<!-- This site is optimized with the Yoast SEO plugin v25.3.1 - https:\/\/yoast.com\/wordpress\/plugins\/seo\/ -->\n<title>Osad\u017a recenzje Google na WordPressie - dodaj Instagram do strony internetowej za darmo!<\/title>\n<meta name=\"description\" content=\"Utw\u00f3rz ju\u017c teraz sw\u00f3j premium widget na Instagramie dla witryny Weebly! Stw\u00f3rz indywidualny kana\u0142 na Instagramie w Elfsight w zaledwie 1 minut\u0119.\" \/>\n<meta name=\"robots\" content=\"index, follow, max-snippet:-1, max-image-preview:large, max-video-preview:-1\" \/>\n<link rel=\"canonical\" href=\"https:\/\/elfsight.com\/pl\/instagram-feed-instashow\/weebly\/\" \/>\n<meta property=\"og:locale\" content=\"pl_PL\" \/>\n<meta property=\"og:type\" content=\"article\" \/>\n<meta property=\"og:title\" content=\"Osad\u017a recenzje Google na WordPressie - dodaj Instagram do strony internetowej za darmo!\" \/>\n<meta property=\"og:description\" content=\"Utw\u00f3rz ju\u017c teraz sw\u00f3j premium widget na Instagramie dla witryny Weebly! Stw\u00f3rz indywidualny kana\u0142 na Instagramie w Elfsight w zaledwie 1 minut\u0119.\" \/>\n<meta property=\"og:url\" content=\"https:\/\/elfsight.com\/pl\/instagram-feed-instashow\/weebly\/\" \/>\n<meta property=\"og:site_name\" content=\"Elfsight PL\" \/>\n<meta property=\"article:modified_time\" content=\"2024-11-14T12:51:45+00:00\" \/>\n<meta name=\"twitter:card\" content=\"summary_large_image\" \/>\n<meta name=\"twitter:label1\" content=\"Szacowany czas czytania\" \/>\n\t<meta name=\"twitter:data1\" content=\"3 minuty\" \/>\n<!-- \/ Yoast SEO plugin. -->","yoast_head_json":{"title":"Osad\u017a recenzje Google na WordPressie - dodaj Instagram do strony internetowej za darmo!","description":"Utw\u00f3rz ju\u017c teraz sw\u00f3j premium widget na Instagramie dla witryny Weebly! Stw\u00f3rz indywidualny kana\u0142 na Instagramie w Elfsight w zaledwie 1 minut\u0119.","robots":{"index":"index","follow":"follow","max-snippet":"max-snippet:-1","max-image-preview":"max-image-preview:large","max-video-preview":"max-video-preview:-1"},"canonical":"https:\/\/elfsight.com\/pl\/instagram-feed-instashow\/weebly\/","og_locale":"pl_PL","og_type":"article","og_title":"Osad\u017a recenzje Google na WordPressie - dodaj Instagram do strony internetowej za darmo!","og_description":"Utw\u00f3rz ju\u017c teraz sw\u00f3j premium widget na Instagramie dla witryny Weebly! Stw\u00f3rz indywidualny kana\u0142 na Instagramie w Elfsight w zaledwie 1 minut\u0119.","og_url":"https:\/\/elfsight.com\/pl\/instagram-feed-instashow\/weebly\/","og_site_name":"Elfsight PL","article_modified_time":"2024-11-14T12:51:45+00:00","twitter_card":"summary_large_image","twitter_misc":{"Szacowany czas czytania":"3 minuty"},"schema":{"@context":"https:\/\/schema.org","@graph":[{"@type":"WebPage","@id":"https:\/\/elfsight.com\/pl\/instagram-feed-instashow\/weebly\/","url":"https:\/\/elfsight.com\/pl\/instagram-feed-instashow\/weebly\/","name":"Osad\u017a recenzje Google na WordPressie - dodaj Instagram do strony internetowej za darmo!","isPartOf":{"@id":"https:\/\/elfsight.com\/pl\/#website"},"datePublished":"2024-05-03T06:39:45+00:00","dateModified":"2024-11-14T12:51:45+00:00","description":"Utw\u00f3rz ju\u017c teraz sw\u00f3j premium widget na Instagramie dla witryny Weebly! Stw\u00f3rz indywidualny kana\u0142 na Instagramie w Elfsight w zaledwie 1 minut\u0119.","breadcrumb":{"@id":"https:\/\/elfsight.com\/pl\/instagram-feed-instashow\/weebly\/#breadcrumb"},"inLanguage":"pl-PL","potentialAction":[{"@type":"ReadAction","target":["https:\/\/elfsight.com\/pl\/instagram-feed-instashow\/weebly\/"]}]},{"@type":"BreadcrumbList","@id":"https:\/\/elfsight.com\/pl\/instagram-feed-instashow\/weebly\/#breadcrumb","itemListElement":[{"@type":"ListItem","position":1,"name":"Home","item":"https:\/\/elfsight.com\/pl\/"},{"@type":"ListItem","position":2,"name":"Instagram Feed","item":"https:\/\/elfsight.com\/pl\/instagram-feed-instashow\/"},{"@type":"ListItem","position":3,"name":"Instagram Feed &#8211; Weebly"}]},{"@type":"WebSite","@id":"https:\/\/elfsight.com\/pl\/#website","url":"https:\/\/elfsight.com\/pl\/","name":"Elfsight PL","description":"Just another Elfsight Sites site","potentialAction":[{"@type":"SearchAction","target":{"@type":"EntryPoint","urlTemplate":"https:\/\/elfsight.com\/pl\/?s={search_term_string}"},"query-input":{"@type":"PropertyValueSpecification","valueRequired":true,"valueName":"search_term_string"}}],"inLanguage":"pl-PL"}]}},"meta_box":{"industry":"","seo_heading":"","heading":"","description":"","cta_heading":"","cta_description":"","application":"594","h1":"Wid\u017cet kana\u0142u Instagram dla Weebly","h1_caption":"Dodawaj posty ze swojego konta na Instagramie lub za pomoc\u0105 hashtagu, zapewniaj\u0105c najlepszy spos\u00f3b na \u0142atwe zaprezentowanie dynamicznego kana\u0142u Instagram w Twojej witrynie w witrynie Weebly.","application_category":[],"applications_title":"","applications_request_title":"","applications_request_button_text":"","hero_text":"","hero_video":"","hero_video_schema_markup":"","selling_points_title":"","selling_points_caption":"","selling_points":[],"selling_points_cta_text":"","features_title":"","features":"","ed_cta_examples_text":"","ed_cta_examples_hidden":"","ed_cta_demo_text":"","ed_cta_demo_hidden":"","why_caption":"","why_editor_title":"","why_editor_text":"","why_team_title":"","why_team_text":"","why_service_title":"","why_service_text":"","template_catalog_visible":"","template_catalog_title":"","template_catalog_text":"","template_catalog_categories_visible":"","demo_title":"Utw\u00f3rz aplikacj\u0119 do obs\u0142ugi kana\u0142\u00f3w na Instagramie","demo_caption":"Skonfiguruj sw\u00f3j kana\u0142 na Instagramie i dodaj go do swojej witryny Weebly za darmo!","default_faq_hidden":"","app_template_category":[],"platform":"132","template_public_id":"","codecanyon_url":"","codecanyon_item_id":"","codecanyon_price":"","pricing_caption":"","pricing_elfsight_apps_hide_column":"","pricing_elfsight_apps_url":"","pricing_codecanyon_price_caption":"","integration_category":[],"integration_request_title":"","integration_request_cta":"","integration_platform":"","integrations":[],"platform_category":[],"video_schema_markup":"","price":"od 0 USD \/ miesi\u0105c","trial":"","benefits":[{"text":"Bezp\u0142atna us\u0142uga monta\u017cu"},{"text":"Wsparcie premium"},{"text":"14-dniowa gwarancja zwrotu pieni\u0119dzy"}],"button_url":"#demo","button_target_blank":"","button_nofollow":"","attributes":[{"name":"Instaluje"},{"name":"Czu\u0142y"},{"name":"Kompatybilne przegl\u0105darki"}],"tags":[],"tags_disable_links":"","hide_more_platforms":"","video_object":"","demo_hide_cta":"","demo_hide_cloud_options":"","pricing_title":"","pricing":[{"pricing_icon":"cloud","pricing_title":"Elfsight Apps","pricing_title_caption":"Wersja wieloplatformowa dzia\u0142aj\u0105ca na dowolnej stronie internetowej (w tym Weebly)","pricing_price":"od 0 USD \/ miesi\u0105c","pricing_price_caption":"zacznij od bezp\u0142atnego planu","pricing_benefits":[{"text":"Nielimitowane strony internetowe"},{"text":"Wsparcie premium"},{"text":"Bezp\u0142atna us\u0142uga monta\u017cu"},{"text":"100% konfigurowalny"}],"pricing_button_text":"Dodaj do witryny","pricing_button_url":"#demo"}],"related_apps_title":"","related_apps_hidden":"","author":"","image":[],"title":"","job":"","social_networks":[]},"_links":{"self":[{"href":"https:\/\/elfsight.com\/pl\/wp-json\/wp\/v2\/pages\/5518","targetHints":{"allow":["GET"]}}],"collection":[{"href":"https:\/\/elfsight.com\/pl\/wp-json\/wp\/v2\/pages"}],"about":[{"href":"https:\/\/elfsight.com\/pl\/wp-json\/wp\/v2\/types\/page"}],"author":[{"embeddable":true,"href":"https:\/\/elfsight.com\/pl\/wp-json\/wp\/v2\/users\/9"}],"replies":[{"embeddable":true,"href":"https:\/\/elfsight.com\/pl\/wp-json\/wp\/v2\/comments?post=5518"}],"version-history":[{"count":2,"href":"https:\/\/elfsight.com\/pl\/wp-json\/wp\/v2\/pages\/5518\/revisions"}],"predecessor-version":[{"id":7852,"href":"https:\/\/elfsight.com\/pl\/wp-json\/wp\/v2\/pages\/5518\/revisions\/7852"}],"up":[{"embeddable":true,"href":"https:\/\/elfsight.com\/pl\/wp-json\/wp\/v2\/pages\/614"}],"wp:attachment":[{"href":"https:\/\/elfsight.com\/pl\/wp-json\/wp\/v2\/media?parent=5518"}],"curies":[{"name":"wp","href":"https:\/\/api.w.org\/{rel}","templated":true}]}}