{"id":5517,"date":"2024-05-03T06:39:44","date_gmt":"2024-05-03T06:39:44","guid":{"rendered":"https:\/\/elfsight.com\/pl\/?page_id=5517"},"modified":"2024-11-14T12:51:45","modified_gmt":"2024-11-14T12:51:45","slug":"wix","status":"publish","type":"page","link":"https:\/\/elfsight.com\/pl\/instagram-feed-instashow\/wix\/","title":{"rendered":"Instagram Feed &#8211; Wix"},"content":{"rendered":"\n<div class=\"application-platform-content-item-description application-platform-content-item\" id=\"description\" data-nav-section=\"description\">\n<h2>Osad\u017a Instagram na Wix za pomoc\u0105 wid\u017cetu Elfsight<\/h2>\n<p>InstaShow to najlepsza wtyczka Instagram dla Wix, kt\u00f3ra umo\u017cliwia tworzenie wspania\u0142ych galerii ze zdj\u0119\u0107 i klip\u00f3w wideo na Instagramie. Po dodaniu kana\u0142u Instagram do Wix mo\u017cesz ulepszy\u0107 swoj\u0105 witryn\u0119 pod k\u0105tem jej interaktywno\u015bci. Oferuje ogromn\u0105 liczb\u0119 mo\u017cliwo\u015bci dostosowywania: wszelkiego rodzaju \u017ar\u00f3d\u0142a, filtry post\u00f3w, ponad 70 parametr\u00f3w adaptacyjnych, 10 wariant\u00f3w uk\u0142adu i w pe\u0142ni responsywny interfejs, kt\u00f3ry pasuje do wszystkich rozmiar\u00f3w ekranu.<\/p>\n<p><b>Dodaj Instagram Feed do swojej witryny, zwi\u0119ksz zaanga\u017cowanie i zwi\u0119ksz czas, jaki u\u017cytkownicy sp\u0119dzaj\u0105 na Twoich stronach.<\/b><\/p>\n<\/div>\n\n<div class=\"faq\" data-component=\"FAQ\">\n<div class=\"faq-item\">\r\n\t\t\t\t\t<div class=\"faq-item-question\">\r\n\t\t\t\t\t\t<h3 class=\"faq-item-question-text\">Czy s\u0105 jakie\u015b inne narz\u0119dzia dla Wix, kt\u00f3rych mog\u0119 u\u017cywa\u0107 na mojej stronie internetowej?<\/h3>\r\n\r\n\t\t\t\t\t\t<div class=\"faq-item-question-icon\"><\/div>\r\n\t\t\t\t\t<\/div>\r\n\r\n\t\t\t\t\t<div class=\"faq-item-answer\">\r\n\t\t\t\t\t\t<div class=\"faq-item-answer-text\">\n<p>Mo\u017cesz swobodnie testowa\u0107 wiele narz\u0119dzi do r\u00f3\u017cnych cel\u00f3w w swojej witrynie, niezale\u017cnie od rodzaju biznesu. Mo\u017cesz zacz\u0105\u0107 od tych wid\u017cet\u00f3w: <a href=\"https:\/\/elfsight.com\/pdf-embed-widget\/wix\/\">PDF Embed<\/a>, <a href=\"https:\/\/elfsight.com\/instagram-feed-instashow\/wix\/\">Kana\u0142 na Instagramie<\/a>, <a href=\"https:\/\/elfsight.com\/google-reviews-widget\/wix\/\">Opinie Google<\/a>, <a href=\"https:\/\/elfsight.com\/whatsapp-chat-widget\/wix\/\">Czat WhatsApp<\/a>, <a href=\"https:\/\/elfsight.com\/popup-widget\/wix\/\">Wyskakuj\u0105ce okienko<\/a>.<\/p>\n<\/div>\r\n\t\t\t\t\t<\/div>\r\n\t\t\t\t<\/div>\n\n<div class=\"faq-item\">\r\n\t\t\t\t\t<div class=\"faq-item-question\">\r\n\t\t\t\t\t\t<h3 class=\"faq-item-question-text\">Jak bezp\u0142atnie osadzi\u0107 kana\u0142 Instagram na Wix?<\/h3>\r\n\r\n\t\t\t\t\t\t<div class=\"faq-item-question-icon\"><\/div>\r\n\t\t\t\t\t<\/div>\r\n\r\n\t\t\t\t\t<div class=\"faq-item-answer\">\r\n\t\t\t\t\t\t<div class=\"faq-item-answer-text\">\n<p>Wdro\u017cenie <a href=\"https:\/\/elfsight.com\/blog\/how-to-embed-instagram-feed-on-website\/\">kana\u0142u Instagram<\/a> na Twojej witrynie Wix to \u015bwietny spos\u00f3b na wyr\u00f3\u017cnienie Twoich najnowszych post\u00f3w i zwi\u0119kszenie zaanga\u017cowania u\u017cytkownik\u00f3w.<\/p>\n<ol>\n  <li>Aby bezp\u0142atnie osadzi\u0107 kana\u0142 Elfsight Instagram Feed na Wix, przejd\u017a do witryny Elfsight i utw\u00f3rz darmowe konto.<\/li>\n  <li>Korzystaj z darmowego wid\u017cetu Instagram, dostosowuj\u0105c jego wygl\u0105d i ustawienia tak, aby pasowa\u0142y do stylu Twojej witryny Wix.<\/li>\n  <li>Po spersonalizowaniu kana\u0142u na Instagramie skopiuj unikalny kod i wklej go do kodu HTML swojej witryny Wix w miejscu, gdzie chcesz, aby kana\u0142 by\u0142 wy\u015bwietlany.<\/li>\n<\/ol>\n<p>Dodaj\u0105c kana\u0142 Instagram do swojej witryny Wix, wzmocnisz jej wizualny urok i pobudzisz wi\u0119ksz\u0105 interakcj\u0119 u\u017cytkownik\u00f3w. Korzystaj z zalet wid\u017cetu Elfsight Instagram bez dodatkowych koszt\u00f3w!<\/p>\n<\/div>\r\n\t\t\t\t\t<\/div>\r\n\t\t\t\t<\/div>\n<\/div>\n\n<ul>\n  <li><b>Uzyskaj wy\u017csz\u0105 sprzeda\u017c dzi\u0119ki najmodniejszym zdj\u0119ciom<\/b>. <br>Wykorzystaj stylowe zdj\u0119cia z Instagrama, aby promowa\u0107 swoje oferty lub us\u0142ugi i zwi\u0119kszy\u0107 przychody na swojej stronie.<\/li>\n  <li><b>Wi\u0119cej obserwuj\u0105cych na Instagramie<\/b>.<br>Umie\u015b\u0107 dodatkowe przyciski, kt\u00f3re umo\u017cliwi\u0105 u\u017cytkownikom subskrybowanie Twojego konta i zwi\u0119ksz liczb\u0119 obserwuj\u0105cych na Instagramie.<\/li>\n  <li><b>Uzyskaj wy\u017cszy poziom zaanga\u017cowania u\u017cytkownik\u00f3w<\/b>.<br>Inspiruj odwiedzaj\u0105cych eleganckimi zdj\u0119ciami z Instagrama i zwi\u0119ksz ich zaanga\u017cowanie w Twojej witrynie.<\/li>\n<\/ul>\n\n<div class=\"application-platform-content-item-features application-platform-content-item\" id=\"features\" data-nav-section=\"features\">\n<h2>G\u0142\u00f3wne funkcje wid\u017cetu Kana\u0142 na Instagramie<\/h2>\n<p>Wid\u017cet Instagram zosta\u0142 zaprojektowany tak, aby doskonale dzia\u0142a\u0142 na ka\u017cdej stronie Wix. Dzi\u0119ki przydatnym funkcjom pomo\u017ce Ci osi\u0105gn\u0105\u0107 Twoje cele biznesowe. Wybierz najlepsze opcje dla swojego kana\u0142u na Instagramie, aby stworzy\u0107 indywidualny wid\u017cet, kt\u00f3ry odpowiada Twoim potrzebom i pasuje do wygl\u0105du Twojej witryny.<\/p>\n<p>Najwa\u017cniejsze cechy wtyczki Elfsight:<\/p>\n<ul>\n  <li>U\u017cyj filtra \u201eWyklucz\u201d, aby ograniczy\u0107 liczb\u0119 \u017ar\u00f3de\u0142;<\/li>\n  <li>2 szablony post\u00f3w: kafelkowy i klasyczny;<\/li>\n  <li>Strza\u0142ki, przeci\u0105ganie i nawigacja po slajdach;<\/li>\n  <li>Konfigurowalne kolory t\u0142a, tekstu, przycisk\u00f3w i innych element\u00f3w;<\/li>\n  <li>Elastyczna szeroko\u015b\u0107 wid\u017cetu.<\/li>\n<\/ul>\n<p><a href=\"#demo\">Wi\u0119cej funkcji w Elfsight demo<\/a><\/p>\n<\/div>\n\n<div class=\"application-platform-content-item-installation application-platform-content-item\" id=\"installation\" data-nav-section=\"installation\">\n<h2>Jak doda\u0107 aplikacj\u0119 Instagram do witryny Wix<\/h2>\n<div class=\"video-container\">\n  <iframe width=\"720\" height=\"405\" src=\"https:\/\/www.youtube.com\/embed\/aZaeM2UfTSU\" frameborder=\"0\" allowfullscreen=\"\"><\/iframe>\n<\/div>\n<p>Sprawd\u017a nasz kr\u00f3tki przewodnik na temat integracji i generowania wtyczki. Potrzebujesz tylko 2 minut, aby <a href=\"https:\/\/elfsight.com\/blog\/how-to-add-instagram-feed-to-wix-website\/\">doda\u0107 kana\u0142 Instagram do Wix<\/a>, a dodatkowo nie musisz posiada\u0107 umiej\u0119tno\u015bci kodowania.<\/p>\n<ol>\n  <li><b>Kup widget na rynku Wix<\/b>.<br><a href=\"https:\/\/www.wix.com\/app-market\/instagram-pro\/overview\" target=\"_blank\" rel=\"noopener noreferrer\">Otw\u00f3rz stron\u0119<\/a> z kana\u0142em Instagram i kliknij przycisk \u201eDodaj do witryny\u201d.<\/li>\n  <li><b>Wstaw wid\u017cet na stron\u0119<\/b>.<br>W wyskakuj\u0105cym powiadomieniu kliknij \u201eOtw\u00f3rz edytor\u201d i dodaj wid\u017cet na swojej stronie.<\/li>\n  <li><b>Skonfiguruj sw\u00f3j Instagram<\/b>.<br>Ustaw wymagane parametry projektu i dodaj tre\u015bci do wy\u015bwietlania. Mo\u017cesz wprowadzi\u0107 zmiany lub stworzy\u0107 indywidualny kana\u0142.<\/li>\n  <li><b>Gotowe!<\/b><br>Wid\u017cet zosta\u0142 pomy\u015blnie osadzony na Twojej stronie. Odwied\u017a witryn\u0119 Wix, aby wy\u015bwietli\u0107 sw\u00f3j kana\u0142 na Instagramie!<\/li>\n<\/ol>\n<p>Masz pytania dotycz\u0105ce osadzania kana\u0142u na Instagramie w Wix? Skontaktuj si\u0119 z naszym zespo\u0142em wsparcia Elfsight, kt\u00f3ry pomo\u017ce Ci dostosowa\u0107 i osadzi\u0107 wid\u017cet na Twojej stronie.<\/p>\n<\/div>\n\n","protected":false},"excerpt":{"rendered":"Uzyskaj wy\u017csz\u0105 sprzeda\u017c dzi\u0119ki najmodniejszym zdj\u0119ciom. Wykorzystaj stylowe zdj\u0119cia z Instagrama, aby promowa\u0107 swoje oferty lub us\u0142ugi i zwi\u0119kszy\u0107 przychody na swojej stronie. Wi\u0119cej obserwuj\u0105cych na Instagramie.Umie\u015b\u0107 dodatkowe przyciski, kt\u00f3re umo\u017cliwi\u0105 u\u017cytkownikom subskrybowanie Twojego konta i zwi\u0119ksz liczb\u0119 obserwuj\u0105cych na Instagramie. Uzyskaj wy\u017cszy poziom zaanga\u017cowania u\u017cytkownik\u00f3w.Inspiruj odwiedzaj\u0105cych eleganckimi zdj\u0119ciami z&#8230;","protected":false},"author":9,"featured_media":0,"parent":614,"menu_order":0,"comment_status":"closed","ping_status":"closed","template":"templates\/template-application-platform.php","meta":{"publish_to_discourse":"","publish_post_category":"","wpdc_auto_publish_overridden":"","wpdc_topic_tags":"","wpdc_pin_topic":"","wpdc_pin_until":"","discourse_post_id":"","discourse_permalink":"","wpdc_publishing_response":"","wpdc_publishing_error":"","footnotes":""},"class_list":["post-5517","page","type-page","status-publish","hentry"],"yoast_head":"<!-- This site is optimized with the Yoast SEO plugin v25.3.1 - https:\/\/yoast.com\/wordpress\/plugins\/seo\/ -->\n<title>Aplikacja Wix Instagram Feed \u2014 dodaj Instagram do Wix [2025]<\/title>\n<meta name=\"description\" content=\"Jak bezp\u0142atnie doda\u0107 kana\u0142 Instagram do witryny Wix? U\u017cyj wid\u017cetu Instagram, aby osadza\u0107 obrazy i filmy na swojej stronie Wix!\" \/>\n<meta name=\"robots\" content=\"index, follow, max-snippet:-1, max-image-preview:large, max-video-preview:-1\" \/>\n<link rel=\"canonical\" href=\"https:\/\/elfsight.com\/pl\/instagram-feed-instashow\/wix\/\" \/>\n<meta property=\"og:locale\" content=\"pl_PL\" \/>\n<meta property=\"og:type\" content=\"article\" \/>\n<meta property=\"og:title\" content=\"Aplikacja Wix Instagram Feed \u2014 dodaj Instagram do Wix [2025]\" \/>\n<meta property=\"og:description\" content=\"Jak bezp\u0142atnie doda\u0107 kana\u0142 Instagram do witryny Wix? U\u017cyj wid\u017cetu Instagram, aby osadza\u0107 obrazy i filmy na swojej stronie Wix!\" \/>\n<meta property=\"og:url\" content=\"https:\/\/elfsight.com\/pl\/instagram-feed-instashow\/wix\/\" \/>\n<meta property=\"og:site_name\" content=\"Elfsight PL\" \/>\n<meta property=\"article:modified_time\" content=\"2024-11-14T12:51:45+00:00\" \/>\n<meta name=\"twitter:card\" content=\"summary_large_image\" \/>\n<meta name=\"twitter:label1\" content=\"Szacowany czas czytania\" \/>\n\t<meta name=\"twitter:data1\" content=\"4 minuty\" \/>\n<!-- \/ Yoast SEO plugin. -->","yoast_head_json":{"title":"Aplikacja Wix Instagram Feed \u2014 dodaj Instagram do Wix [2025]","description":"Jak bezp\u0142atnie doda\u0107 kana\u0142 Instagram do witryny Wix? U\u017cyj wid\u017cetu Instagram, aby osadza\u0107 obrazy i filmy na swojej stronie Wix!","robots":{"index":"index","follow":"follow","max-snippet":"max-snippet:-1","max-image-preview":"max-image-preview:large","max-video-preview":"max-video-preview:-1"},"canonical":"https:\/\/elfsight.com\/pl\/instagram-feed-instashow\/wix\/","og_locale":"pl_PL","og_type":"article","og_title":"Aplikacja Wix Instagram Feed \u2014 dodaj Instagram do Wix [2025]","og_description":"Jak bezp\u0142atnie doda\u0107 kana\u0142 Instagram do witryny Wix? U\u017cyj wid\u017cetu Instagram, aby osadza\u0107 obrazy i filmy na swojej stronie Wix!","og_url":"https:\/\/elfsight.com\/pl\/instagram-feed-instashow\/wix\/","og_site_name":"Elfsight PL","article_modified_time":"2024-11-14T12:51:45+00:00","twitter_card":"summary_large_image","twitter_misc":{"Szacowany czas czytania":"4 minuty"},"schema":{"@context":"https:\/\/schema.org","@graph":[{"@type":"WebPage","@id":"https:\/\/elfsight.com\/pl\/instagram-feed-instashow\/wix\/","url":"https:\/\/elfsight.com\/pl\/instagram-feed-instashow\/wix\/","name":"Aplikacja Wix Instagram Feed \u2014 dodaj Instagram do Wix [2025]","isPartOf":{"@id":"https:\/\/elfsight.com\/pl\/#website"},"datePublished":"2024-05-03T06:39:44+00:00","dateModified":"2024-11-14T12:51:45+00:00","description":"Jak bezp\u0142atnie doda\u0107 kana\u0142 Instagram do witryny Wix? U\u017cyj wid\u017cetu Instagram, aby osadza\u0107 obrazy i filmy na swojej stronie Wix!","breadcrumb":{"@id":"https:\/\/elfsight.com\/pl\/instagram-feed-instashow\/wix\/#breadcrumb"},"inLanguage":"pl-PL","potentialAction":[{"@type":"ReadAction","target":["https:\/\/elfsight.com\/pl\/instagram-feed-instashow\/wix\/"]}]},{"@type":"BreadcrumbList","@id":"https:\/\/elfsight.com\/pl\/instagram-feed-instashow\/wix\/#breadcrumb","itemListElement":[{"@type":"ListItem","position":1,"name":"Home","item":"https:\/\/elfsight.com\/pl\/"},{"@type":"ListItem","position":2,"name":"Instagram Feed","item":"https:\/\/elfsight.com\/pl\/instagram-feed-instashow\/"},{"@type":"ListItem","position":3,"name":"Instagram Feed &#8211; Wix"}]},{"@type":"WebSite","@id":"https:\/\/elfsight.com\/pl\/#website","url":"https:\/\/elfsight.com\/pl\/","name":"Elfsight PL","description":"Just another Elfsight Sites site","potentialAction":[{"@type":"SearchAction","target":{"@type":"EntryPoint","urlTemplate":"https:\/\/elfsight.com\/pl\/?s={search_term_string}"},"query-input":{"@type":"PropertyValueSpecification","valueRequired":true,"valueName":"search_term_string"}}],"inLanguage":"pl-PL"}]}},"meta_box":{"industry":"","seo_heading":"","heading":"","description":"","cta_heading":"","cta_description":"","application":"594","h1":"Aplikacja Instagram Feed dla Wix","h1_caption":"Dodawaj posty ze swojego konta na Instagramie lub za pomoc\u0105 hashtagu, zapewniaj\u0105c najlepszy spos\u00f3b na bezproblemowe zaprezentowanie dynamicznego kana\u0142u Instagram na Twojej stronie internetowej na Twojej stronie Wix.","application_category":[],"applications_title":"","applications_request_title":"","applications_request_button_text":"","hero_text":"","hero_video":"","hero_video_schema_markup":"","selling_points_title":"","selling_points_caption":"","selling_points":[],"selling_points_cta_text":"","features_title":"","features":"","ed_cta_examples_text":"","ed_cta_examples_hidden":"","ed_cta_demo_text":"","ed_cta_demo_hidden":"","why_caption":"","why_editor_title":"","why_editor_text":"","why_team_title":"","why_team_text":"","why_service_title":"","why_service_text":"","template_catalog_visible":"0","template_catalog_title":"","template_catalog_text":"","template_catalog_categories_visible":"","demo_title":"Utw\u00f3rz aplikacj\u0119 do obs\u0142ugi kana\u0142\u00f3w na Instagramie","demo_caption":"Skonfiguruj sw\u00f3j kana\u0142 na Instagramie i dodaj go do swojej witryny Wix za darmo!","default_faq_hidden":"","app_template_category":[],"platform":"30","template_public_id":"","codecanyon_url":"","codecanyon_item_id":"","codecanyon_price":"","pricing_caption":"","pricing_elfsight_apps_hide_column":"","pricing_elfsight_apps_url":"","pricing_codecanyon_price_caption":"","integration_category":[],"integration_request_title":"","integration_request_cta":"","integration_platform":"","integrations":[],"platform_category":[],"video_schema_markup":"","price":"od 0 USD \/ miesi\u0105c","trial":"","benefits":[{"text":"Bezp\u0142atna pomoc w instalacji"},{"text":"Profesjonalna obs\u0142uga klienta"},{"text":"14-dniowa gwarancja zwrotu pieni\u0119dzy"}],"button_url":"#demo","button_target_blank":"0","button_nofollow":"0","attributes":[{"name":"Instaluje","content":"100,000 - 500,000"},{"name":"Czu\u0142y","content":"Tak"},{"name":"Kompatybilne przegl\u0105darki","content":"IE11, Firefox, Safari, Opera, Chrome, Edge"}],"tags":[],"tags_disable_links":"0","hide_more_platforms":"","video_object":"","demo_hide_cta":"0","demo_hide_cloud_options":"0","pricing_title":"","pricing":[{"pricing_icon":"platform","pricing_title":"Elfsight Apps","pricing_title_caption":"Niezale\u017cne od platformy rozwi\u0105zanie cyfrowe, kt\u00f3re dzia\u0142a na ka\u017cdej stronie internetowej","pricing_price":"od 0 USD \/ miesi\u0105c","pricing_price_caption":"zacznij od bezp\u0142atnego planu","pricing_benefits":[{"text":"Nielimitowane domeny"},{"text":"Najwy\u017csza obs\u0142uga klienta"},{"text":"Bezp\u0142atna pomoc w monta\u017cu"},{"text":"Oferta specjalna na wiele aplikacji"}],"pricing_button_text":"Dodaj do witryny","pricing_button_url":"#demo"}],"related_apps_title":"","related_apps_hidden":"0","author":"","image":[],"title":"","job":"","social_networks":[]},"_links":{"self":[{"href":"https:\/\/elfsight.com\/pl\/wp-json\/wp\/v2\/pages\/5517","targetHints":{"allow":["GET"]}}],"collection":[{"href":"https:\/\/elfsight.com\/pl\/wp-json\/wp\/v2\/pages"}],"about":[{"href":"https:\/\/elfsight.com\/pl\/wp-json\/wp\/v2\/types\/page"}],"author":[{"embeddable":true,"href":"https:\/\/elfsight.com\/pl\/wp-json\/wp\/v2\/users\/9"}],"replies":[{"embeddable":true,"href":"https:\/\/elfsight.com\/pl\/wp-json\/wp\/v2\/comments?post=5517"}],"version-history":[{"count":3,"href":"https:\/\/elfsight.com\/pl\/wp-json\/wp\/v2\/pages\/5517\/revisions"}],"predecessor-version":[{"id":8164,"href":"https:\/\/elfsight.com\/pl\/wp-json\/wp\/v2\/pages\/5517\/revisions\/8164"}],"up":[{"embeddable":true,"href":"https:\/\/elfsight.com\/pl\/wp-json\/wp\/v2\/pages\/614"}],"wp:attachment":[{"href":"https:\/\/elfsight.com\/pl\/wp-json\/wp\/v2\/media?parent=5517"}],"curies":[{"name":"wp","href":"https:\/\/api.w.org\/{rel}","templated":true}]}}